{"id":995,"date":"2025-03-31T07:15:47","date_gmt":"2025-03-31T00:15:47","guid":{"rendered":"https:\/\/htiscientific.vn\/?post_type=product&#038;p=995"},"modified":"2025-05-19T13:49:20","modified_gmt":"2025-05-19T06:49:20","slug":"tu-chong-chay","status":"publish","type":"product","link":"https:\/\/htiscientific.vn\/en\/product\/tu-chong-chay\/","title":{"rendered":"Flammable Safety Cabinet"},"content":{"rendered":"<p><strong>TH\u00d4NG TIN S\u1ea2N PH\u1ea8M<\/strong><\/p>\n<ul>\n<li>H\u00e3ng s\u1ea3n xu\u1ea5t: Ecosafe<\/li>\n<li>Xu\u1ea5t x\u1ee9: Ph\u00e1p<\/li>\n<\/ul>\n<p><strong>TH\u00d4NG S\u1ed0 K\u1ef8 THU\u1eacT<\/strong><\/p>\n<ul>\n<li>Tu\u00e2n th\u1ee7 ti\u00eau chu\u1ea9n FM v\u00e0 NFPA-OSHA, kh\u1ea3 n\u0103ng ch\u1ed1ng ch\u00e1y trong 10 ph\u00fat<\/li>\n<li>T\u00f9y ch\u1ecdn t\u1ee7 c\u00f3 b\u00ecnh ch\u1ed1ng ch\u00e1y (t\u1ef1 \u0111\u1ed9ng khi nhi\u1ec7t \u0111\u1ed9 tr\u00ean 65 oC) ho\u1eb7c kh\u00f4ng<\/li>\n<li>T\u00f9y ch\u1ecdn nhi\u1ec1u k\u00edch th\u01b0\u1edbc, t\u00f9y theo nhu c\u1ea7u<\/li>\n<\/ul>","protected":false},"excerpt":{"rendered":"<p>C\u00e1c s\u1ea3n ph\u1ea9m d\u1ec5 ch\u00e1y c\u1ea7n \u0111\u01b0\u1ee3c b\u1ea3o qu\u1ea3n trong <strong>t\u1ee7 an to\u00e0n<\/strong>. Nh\u1eefng t\u1ee7 n\u00e0y \u0111\u01b0\u1ee3c thi\u1ebft k\u1ebf v\u1edbi <strong>c\u00e1c k\u1ec7 ch\u1ee9a v\u00e0 khay h\u1ee9ng tr\u00e0n<\/strong>, gi\u00fap thu gom r\u00f2 r\u1ec9 h\u00f3a ch\u1ea5t n\u1ebfu x\u1ea3y ra. Ngo\u00e0i ra, t\u1ee7 c\u00f2n \u0111\u01b0\u1ee3c trang b\u1ecb <strong>h\u1ec7 th\u1ed1ng kh\u00f3a an to\u00e0n b\u1eb1ng ch\u00eca<\/strong>, \u0111\u1ea3m b\u1ea3o ki\u1ec3m so\u00e1t truy c\u1eadp hi\u1ec7u qu\u1ea3.<\/p>","protected":false},"featured_media":996,"template":"","meta":{"inline_featured_image":false},"product_brand":[52],"product_cat":[86],"product_tag":[],"class_list":{"0":"post-995","1":"product","2":"type-product","3":"status-publish","4":"has-post-thumbnail","6":"product_brand-ecosafe","7":"product_cat-tu-chong-chay","9":"first","10":"instock","11":"featured","12":"shipping-taxable","13":"product-type-simple"},"yoast_head":"<!-- This site is optimized with the Yoast SEO plugin v24.7 - https:\/\/yoast.com\/wordpress\/plugins\/seo\/ -->\n<title>T\u1ee7 ch\u1ed1ng ch\u00e1y - HTI Scientific<\/title>\n<meta name=\"description\" content=\"C\u00e1c s\u1ea3n ph\u1ea9m d\u1ec5 ch\u00e1y c\u1ea7n \u0111\u01b0\u1ee3c b\u1ea3o qu\u1ea3n trong t\u1ee7 an to\u00e0n. Nh\u1eefng t\u1ee7 n\u00e0y \u0111\u01b0\u1ee3c thi\u1ebft k\u1ebf v\u1edbi c\u00e1c k\u1ec7 ch\u1ee9a v\u00e0 khay h\u1ee9ng tr\u00e0n, gi\u00fap thu gom r\u00f2 r\u1ec9 h\u00f3a ch\u1ea5t n\u1ebfu x\u1ea3y ra\" \/>\n<meta name=\"robots\" content=\"index, follow, max-snippet:-1, max-image-preview:large, max-video-preview:-1\" \/>\n<link rel=\"canonical\" href=\"https:\/\/htiscientific.vn\/en\/product\/tu-chong-chay\/\" \/>\n<meta property=\"og:locale\" content=\"en_US\" \/>\n<meta property=\"og:type\" content=\"article\" \/>\n<meta property=\"og:title\" content=\"T\u1ee7 ch\u1ed1ng ch\u00e1y - HTI Scientific\" \/>\n<meta property=\"og:description\" content=\"C\u00e1c s\u1ea3n ph\u1ea9m d\u1ec5 ch\u00e1y c\u1ea7n \u0111\u01b0\u1ee3c b\u1ea3o qu\u1ea3n trong t\u1ee7 an to\u00e0n. Nh\u1eefng t\u1ee7 n\u00e0y \u0111\u01b0\u1ee3c thi\u1ebft k\u1ebf v\u1edbi c\u00e1c k\u1ec7 ch\u1ee9a v\u00e0 khay h\u1ee9ng tr\u00e0n, gi\u00fap thu gom r\u00f2 r\u1ec9 h\u00f3a ch\u1ea5t n\u1ebfu x\u1ea3y ra\" \/>\n<meta property=\"og:url\" content=\"https:\/\/htiscientific.vn\/en\/product\/tu-chong-chay\/\" \/>\n<meta property=\"og:site_name\" content=\"HTI Scientific\" \/>\n<meta property=\"article:publisher\" content=\"https:\/\/www.facebook.com\/htiscientific.vn\" \/>\n<meta property=\"article:modified_time\" content=\"2025-05-19T06:49:20+00:00\" \/>\n<meta property=\"og:image\" content=\"https:\/\/htiscientific.vn\/wp-content\/uploads\/2025\/03\/tu-an-toan-chong-chay-ecosafe-1.jpg\" \/>\n\t<meta property=\"og:image:width\" content=\"683\" \/>\n\t<meta property=\"og:image:height\" content=\"683\" \/>\n\t<meta property=\"og:image:type\" content=\"image\/jpeg\" \/>\n<meta name=\"twitter:card\" content=\"summary_large_image\" \/>\n<meta name=\"twitter:label1\" content=\"Est. reading time\" \/>\n\t<meta name=\"twitter:data1\" content=\"1 minute\" \/>\n<script type=\"application\/ld+json\" class=\"yoast-schema-graph\">{\"@context\":\"https:\/\/schema.org\",\"@graph\":[{\"@type\":\"WebPage\",\"@id\":\"https:\/\/htiscientific.vn\/san-pham\/tu-chong-chay\/\",\"url\":\"https:\/\/htiscientific.vn\/san-pham\/tu-chong-chay\/\",\"name\":\"T\u1ee7 ch\u1ed1ng ch\u00e1y - HTI Scientific\",\"isPartOf\":{\"@id\":\"https:\/\/htiscientific.vn\/#website\"},\"primaryImageOfPage\":{\"@id\":\"https:\/\/htiscientific.vn\/san-pham\/tu-chong-chay\/#primaryimage\"},\"image\":{\"@id\":\"https:\/\/htiscientific.vn\/san-pham\/tu-chong-chay\/#primaryimage\"},\"thumbnailUrl\":\"https:\/\/htiscientific.vn\/wp-content\/uploads\/2025\/03\/tu-an-toan-chong-chay-ecosafe-1.jpg\",\"datePublished\":\"2025-03-31T00:15:47+00:00\",\"dateModified\":\"2025-05-19T06:49:20+00:00\",\"description\":\"C\u00e1c s\u1ea3n ph\u1ea9m d\u1ec5 ch\u00e1y c\u1ea7n \u0111\u01b0\u1ee3c b\u1ea3o qu\u1ea3n trong t\u1ee7 an to\u00e0n. Nh\u1eefng t\u1ee7 n\u00e0y \u0111\u01b0\u1ee3c thi\u1ebft k\u1ebf v\u1edbi c\u00e1c k\u1ec7 ch\u1ee9a v\u00e0 khay h\u1ee9ng tr\u00e0n, gi\u00fap thu gom r\u00f2 r\u1ec9 h\u00f3a ch\u1ea5t n\u1ebfu x\u1ea3y ra\",\"breadcrumb\":{\"@id\":\"https:\/\/htiscientific.vn\/san-pham\/tu-chong-chay\/#breadcrumb\"},\"inLanguage\":\"en-US\",\"potentialAction\":[{\"@type\":\"ReadAction\",\"target\":[\"https:\/\/htiscientific.vn\/san-pham\/tu-chong-chay\/\"]}]},{\"@type\":\"ImageObject\",\"inLanguage\":\"en-US\",\"@id\":\"https:\/\/htiscientific.vn\/san-pham\/tu-chong-chay\/#primaryimage\",\"url\":\"https:\/\/htiscientific.vn\/wp-content\/uploads\/2025\/03\/tu-an-toan-chong-chay-ecosafe-1.jpg\",\"contentUrl\":\"https:\/\/htiscientific.vn\/wp-content\/uploads\/2025\/03\/tu-an-toan-chong-chay-ecosafe-1.jpg\",\"width\":683,\"height\":683,\"caption\":\"t\u1ee7 ch\u1ed1ng ch\u00e1y\"},{\"@type\":\"BreadcrumbList\",\"@id\":\"https:\/\/htiscientific.vn\/san-pham\/tu-chong-chay\/#breadcrumb\",\"itemListElement\":[{\"@type\":\"ListItem\",\"position\":1,\"name\":\"Trang ch\u1ee7\",\"item\":\"https:\/\/htiscientific.vn\/\"},{\"@type\":\"ListItem\",\"position\":2,\"name\":\"C\u1eeda h\u00e0ng\",\"item\":\"https:\/\/htiscientific.vn\/cua-hang\/\"},{\"@type\":\"ListItem\",\"position\":3,\"name\":\"C\u00f4ng ngh\u1ec7 sinh h\u1ecdc \/ Y d\u01b0\u1ee3c\",\"item\":\"https:\/\/htiscientific.vn\/danh-muc-san-pham\/cong-nghe-sinh-hoc-y-duoc\/\"},{\"@type\":\"ListItem\",\"position\":4,\"name\":\"T\u1ee7 ch\u1ed1ng ch\u00e1y\",\"item\":\"https:\/\/htiscientific.vn\/danh-muc-san-pham\/cong-nghe-sinh-hoc-y-duoc\/tu-chong-chay\/\"},{\"@type\":\"ListItem\",\"position\":5,\"name\":\"T\u1ee7 ch\u1ed1ng ch\u00e1y\"}]},{\"@type\":\"WebSite\",\"@id\":\"https:\/\/htiscientific.vn\/#website\",\"url\":\"https:\/\/htiscientific.vn\/\",\"name\":\"HTI Scientific\",\"description\":\"HTI Scientific\",\"publisher\":{\"@id\":\"https:\/\/htiscientific.vn\/#organization\"},\"potentialAction\":[{\"@type\":\"SearchAction\",\"target\":{\"@type\":\"EntryPoint\",\"urlTemplate\":\"https:\/\/htiscientific.vn\/?s={search_term_string}\"},\"query-input\":{\"@type\":\"PropertyValueSpecification\",\"valueRequired\":true,\"valueName\":\"search_term_string\"}}],\"inLanguage\":\"en-US\"},{\"@type\":\"Organization\",\"@id\":\"https:\/\/htiscientific.vn\/#organization\",\"name\":\"HTI Scientific\",\"alternateName\":\"HTI Scientific\",\"url\":\"https:\/\/htiscientific.vn\/\",\"logo\":{\"@type\":\"ImageObject\",\"inLanguage\":\"en-US\",\"@id\":\"https:\/\/htiscientific.vn\/#\/schema\/logo\/image\/\",\"url\":\"https:\/\/htiscientific.vn\/wp-content\/uploads\/2025\/03\/ava-hti-copy.jpg\",\"contentUrl\":\"https:\/\/htiscientific.vn\/wp-content\/uploads\/2025\/03\/ava-hti-copy.jpg\",\"width\":700,\"height\":450,\"caption\":\"HTI Scientific\"},\"image\":{\"@id\":\"https:\/\/htiscientific.vn\/#\/schema\/logo\/image\/\"},\"sameAs\":[\"https:\/\/www.facebook.com\/htiscientific.vn\"]}]}<\/script>\n<!-- \/ Yoast SEO plugin. -->","yoast_head_json":{"title":"T\u1ee7 ch\u1ed1ng ch\u00e1y - HTI Scientific","description":"C\u00e1c s\u1ea3n ph\u1ea9m d\u1ec5 ch\u00e1y c\u1ea7n \u0111\u01b0\u1ee3c b\u1ea3o qu\u1ea3n trong t\u1ee7 an to\u00e0n. Nh\u1eefng t\u1ee7 n\u00e0y \u0111\u01b0\u1ee3c thi\u1ebft k\u1ebf v\u1edbi c\u00e1c k\u1ec7 ch\u1ee9a v\u00e0 khay h\u1ee9ng tr\u00e0n, gi\u00fap thu gom r\u00f2 r\u1ec9 h\u00f3a ch\u1ea5t n\u1ebfu x\u1ea3y ra","robots":{"index":"index","follow":"follow","max-snippet":"max-snippet:-1","max-image-preview":"max-image-preview:large","max-video-preview":"max-video-preview:-1"},"canonical":"https:\/\/htiscientific.vn\/en\/product\/tu-chong-chay\/","og_locale":"en_US","og_type":"article","og_title":"T\u1ee7 ch\u1ed1ng ch\u00e1y - HTI Scientific","og_description":"C\u00e1c s\u1ea3n ph\u1ea9m d\u1ec5 ch\u00e1y c\u1ea7n \u0111\u01b0\u1ee3c b\u1ea3o qu\u1ea3n trong t\u1ee7 an to\u00e0n. Nh\u1eefng t\u1ee7 n\u00e0y \u0111\u01b0\u1ee3c thi\u1ebft k\u1ebf v\u1edbi c\u00e1c k\u1ec7 ch\u1ee9a v\u00e0 khay h\u1ee9ng tr\u00e0n, gi\u00fap thu gom r\u00f2 r\u1ec9 h\u00f3a ch\u1ea5t n\u1ebfu x\u1ea3y ra","og_url":"https:\/\/htiscientific.vn\/en\/product\/tu-chong-chay\/","og_site_name":"HTI Scientific","article_publisher":"https:\/\/www.facebook.com\/htiscientific.vn","article_modified_time":"2025-05-19T06:49:20+00:00","og_image":[{"width":683,"height":683,"url":"https:\/\/htiscientific.vn\/wp-content\/uploads\/2025\/03\/tu-an-toan-chong-chay-ecosafe-1.jpg","type":"image\/jpeg"}],"twitter_card":"summary_large_image","twitter_misc":{"Est. reading time":"1 minute"},"schema":{"@context":"https:\/\/schema.org","@graph":[{"@type":"WebPage","@id":"https:\/\/htiscientific.vn\/san-pham\/tu-chong-chay\/","url":"https:\/\/htiscientific.vn\/san-pham\/tu-chong-chay\/","name":"T\u1ee7 ch\u1ed1ng ch\u00e1y - HTI Scientific","isPartOf":{"@id":"https:\/\/htiscientific.vn\/#website"},"primaryImageOfPage":{"@id":"https:\/\/htiscientific.vn\/san-pham\/tu-chong-chay\/#primaryimage"},"image":{"@id":"https:\/\/htiscientific.vn\/san-pham\/tu-chong-chay\/#primaryimage"},"thumbnailUrl":"https:\/\/htiscientific.vn\/wp-content\/uploads\/2025\/03\/tu-an-toan-chong-chay-ecosafe-1.jpg","datePublished":"2025-03-31T00:15:47+00:00","dateModified":"2025-05-19T06:49:20+00:00","description":"C\u00e1c s\u1ea3n ph\u1ea9m d\u1ec5 ch\u00e1y c\u1ea7n \u0111\u01b0\u1ee3c b\u1ea3o qu\u1ea3n trong t\u1ee7 an to\u00e0n. Nh\u1eefng t\u1ee7 n\u00e0y \u0111\u01b0\u1ee3c thi\u1ebft k\u1ebf v\u1edbi c\u00e1c k\u1ec7 ch\u1ee9a v\u00e0 khay h\u1ee9ng tr\u00e0n, gi\u00fap thu gom r\u00f2 r\u1ec9 h\u00f3a ch\u1ea5t n\u1ebfu x\u1ea3y ra","breadcrumb":{"@id":"https:\/\/htiscientific.vn\/san-pham\/tu-chong-chay\/#breadcrumb"},"inLanguage":"en-US","potentialAction":[{"@type":"ReadAction","target":["https:\/\/htiscientific.vn\/san-pham\/tu-chong-chay\/"]}]},{"@type":"ImageObject","inLanguage":"en-US","@id":"https:\/\/htiscientific.vn\/san-pham\/tu-chong-chay\/#primaryimage","url":"https:\/\/htiscientific.vn\/wp-content\/uploads\/2025\/03\/tu-an-toan-chong-chay-ecosafe-1.jpg","contentUrl":"https:\/\/htiscientific.vn\/wp-content\/uploads\/2025\/03\/tu-an-toan-chong-chay-ecosafe-1.jpg","width":683,"height":683,"caption":"t\u1ee7 ch\u1ed1ng ch\u00e1y"},{"@type":"BreadcrumbList","@id":"https:\/\/htiscientific.vn\/san-pham\/tu-chong-chay\/#breadcrumb","itemListElement":[{"@type":"ListItem","position":1,"name":"Trang ch\u1ee7","item":"https:\/\/htiscientific.vn\/"},{"@type":"ListItem","position":2,"name":"C\u1eeda h\u00e0ng","item":"https:\/\/htiscientific.vn\/cua-hang\/"},{"@type":"ListItem","position":3,"name":"C\u00f4ng ngh\u1ec7 sinh h\u1ecdc \/ Y d\u01b0\u1ee3c","item":"https:\/\/htiscientific.vn\/danh-muc-san-pham\/cong-nghe-sinh-hoc-y-duoc\/"},{"@type":"ListItem","position":4,"name":"T\u1ee7 ch\u1ed1ng ch\u00e1y","item":"https:\/\/htiscientific.vn\/danh-muc-san-pham\/cong-nghe-sinh-hoc-y-duoc\/tu-chong-chay\/"},{"@type":"ListItem","position":5,"name":"T\u1ee7 ch\u1ed1ng ch\u00e1y"}]},{"@type":"WebSite","@id":"https:\/\/htiscientific.vn\/#website","url":"https:\/\/htiscientific.vn\/","name":"HTI Scientific","description":"HTI Scientific","publisher":{"@id":"https:\/\/htiscientific.vn\/#organization"},"potentialAction":[{"@type":"SearchAction","target":{"@type":"EntryPoint","urlTemplate":"https:\/\/htiscientific.vn\/?s={search_term_string}"},"query-input":{"@type":"PropertyValueSpecification","valueRequired":true,"valueName":"search_term_string"}}],"inLanguage":"en-US"},{"@type":"Organization","@id":"https:\/\/htiscientific.vn\/#organization","name":"HTI Scientific","alternateName":"HTI Scientific","url":"https:\/\/htiscientific.vn\/","logo":{"@type":"ImageObject","inLanguage":"en-US","@id":"https:\/\/htiscientific.vn\/#\/schema\/logo\/image\/","url":"https:\/\/htiscientific.vn\/wp-content\/uploads\/2025\/03\/ava-hti-copy.jpg","contentUrl":"https:\/\/htiscientific.vn\/wp-content\/uploads\/2025\/03\/ava-hti-copy.jpg","width":700,"height":450,"caption":"HTI Scientific"},"image":{"@id":"https:\/\/htiscientific.vn\/#\/schema\/logo\/image\/"},"sameAs":["https:\/\/www.facebook.com\/htiscientific.vn"]}]}},"_links":{"self":[{"href":"https:\/\/htiscientific.vn\/en\/wp-json\/wp\/v2\/product\/995","targetHints":{"allow":["GET"]}}],"collection":[{"href":"https:\/\/htiscientific.vn\/en\/wp-json\/wp\/v2\/product"}],"about":[{"href":"https:\/\/htiscientific.vn\/en\/wp-json\/wp\/v2\/types\/product"}],"wp:featuredmedia":[{"embeddable":true,"href":"https:\/\/htiscientific.vn\/en\/wp-json\/wp\/v2\/media\/996"}],"wp:attachment":[{"href":"https:\/\/htiscientific.vn\/en\/wp-json\/wp\/v2\/media?parent=995"}],"wp:term":[{"taxonomy":"product_brand","embeddable":true,"href":"https:\/\/htiscientific.vn\/en\/wp-json\/wp\/v2\/product_brand?post=995"},{"taxonomy":"product_cat","embeddable":true,"href":"https:\/\/htiscientific.vn\/en\/wp-json\/wp\/v2\/product_cat?post=995"},{"taxonomy":"product_tag","embeddable":true,"href":"https:\/\/htiscientific.vn\/en\/wp-json\/wp\/v2\/product_tag?post=995"}],"curies":[{"name":"wp","href":"https:\/\/api.w.org\/{rel}","templated":true}]}}