{"id":993,"date":"2025-03-31T07:13:56","date_gmt":"2025-03-31T00:13:56","guid":{"rendered":"https:\/\/htiscientific.vn\/?post_type=product&#038;p=993"},"modified":"2025-05-19T13:49:24","modified_gmt":"2025-05-19T06:49:24","slug":"tu-hut-khi-doc-khong-ong-dan","status":"publish","type":"product","link":"https:\/\/htiscientific.vn\/en\/product\/tu-hut-khi-doc-khong-ong-dan\/","title":{"rendered":"T\u1ee7 h\u00fat kh\u00ed \u0111\u1ed9c kh\u00f4ng \u1ed1ng d\u1eabn"},"content":{"rendered":"<p><strong><span style=\"color: #333333;\">TH\u00d4NG TIN S\u1ea2N PH\u1ea8M<\/span><\/strong><\/p>\n<ul>\n<li><span style=\"color: #333333;\">H\u00e3ng s\u1ea3n xu\u1ea5t: Ecosafe<\/span><\/li>\n<li><span style=\"color: #333333;\">Xu\u1ea5t x\u1ee9: Ph\u00e1p<\/span><\/li>\n<\/ul>\n<p><strong><span style=\"color: #333333;\">TH\u00d4NG S\u1ed0 K\u1ef8 THU\u1eacT<\/span><\/strong><\/p>\n<ul>\n<li><span style=\"color: #333333;\">T\u1ee7 h\u00fat kh\u00ed \u0111\u1ed9c kh\u00f4ng \u1ed1ng d\u1eabn<\/span><\/li>\n<li><span style=\"color: #333333;\">\u0110\u1ea1t ti\u00eau chu\u1ea9n NF X 15-211<\/span><\/li>\n<li><span style=\"color: #333333;\">H\u01a1i v\u00e0 b\u1ee5i \u0111\u1ed9c h\u1ea1i \u0111\u01b0\u1ee3c h\u00fat v\u00e0 l\u1ecdc th\u00f4ng qua b\u1ed9 l\u1ecdc than ho\u1ea1t t\u00ednh, gi\u00fap lo\u1ea1i b\u1ecf h\u01a1i \u0111\u1ed9c hi\u1ec7u qu\u1ea3<\/span><\/li>\n<li><span style=\"color: #333333;\">T\u1ee7 c\u00f3 4 k\u00edch th\u01b0\u1edbc: 600, 900, 1500 v\u00e0 1800 mm, ph\u00f9 h\u1ee3p v\u1edbi nhi\u1ec1u lo\u1ea1i b\u00e0n th\u00ed nghi\u1ec7m<\/span><\/li>\n<li><span style=\"color: #333333;\">Cung c\u1ea5p bao g\u1ed3m \u0111\u1ea7y \u0111\u1ee7 qu\u1ea1t, b\u1ed9 l\u1ecdc, c\u1eeda thao t\u00e1c v\u00e0 c\u00e1c y\u00eau c\u1ea7u k\u1ef9 thu\u1eadt kh\u00e1c (n\u1ebfu c\u00f3)<\/span><\/li>\n<\/ul>","protected":false},"excerpt":{"rendered":"<p><span style=\"color: #333333;\">Khi thao t\u00e1c v\u1edbi h\u00f3a ch\u1ea5t, s\u1ee9c kh\u1ecfe c\u1ee7a b\u1ea1n c\u00f3 th\u1ec3 b\u1ecb \u0111e d\u1ecda do s\u1ef1 ph\u00e1t t\u00e1n c\u1ee7a h\u01a1i v\u00e0 b\u1ee5i \u0111\u1ed9c h\u1ea1i. \u0110\u1ec3 b\u1ea3o v\u1ec7 b\u1ea3n th\u00e2n v\u00e0 m\u00f4i tr\u01b0\u1eddng xung quanh, b\u1ea1n n\u00ean x\u1eed l\u00fd h\u00f3a ch\u1ea5t trong <strong>t\u1ee7 h\u00fat kh\u00ed \u0111\u1ed9c kh\u00f4ng \u1ed1ng d\u1eabn<\/strong> \u0111\u01b0\u1ee3c trang b\u1ecb <strong>b\u1ed9 l\u1ecdc ph\u00e2n t\u1eed<\/strong> (b\u1ed9 l\u1ecdc than ho\u1ea1t t\u00ednh), <strong>b\u1ed9 l\u1ecdc HEPA<\/strong>, ho\u1eb7c <strong>k\u1ebft h\u1ee3p c\u1ea3 hai<\/strong><strong>.<\/strong><\/span><\/p>","protected":false},"featured_media":994,"template":"","meta":{"inline_featured_image":false},"product_brand":[52],"product_cat":[85],"product_tag":[],"class_list":{"0":"post-993","1":"product","2":"type-product","3":"status-publish","4":"has-post-thumbnail","6":"product_brand-ecosafe","7":"product_cat-tu-hut-khi-doc","9":"first","10":"instock","11":"featured","12":"shipping-taxable","13":"product-type-simple"},"yoast_head":"<!-- This site is optimized with the Yoast SEO plugin v24.7 - https:\/\/yoast.com\/wordpress\/plugins\/seo\/ -->\n<title>T\u1ee7 h\u00fat kh\u00ed \u0111\u1ed9c kh\u00f4ng \u1ed1ng d\u1eabn - HTI Scientific<\/title>\n<meta name=\"description\" content=\"Khi thao t\u00e1c v\u1edbi h\u00f3a ch\u1ea5t, s\u1ee9c kh\u1ecfe c\u1ee7a b\u1ea1n c\u00f3 th\u1ec3 b\u1ecb \u0111e d\u1ecda do s\u1ef1 ph\u00e1t t\u00e1n c\u1ee7a h\u01a1i v\u00e0 b\u1ee5i \u0111\u1ed9c h\u1ea1i. \u0110\u1ec3 b\u1ea3o v\u1ec7 b\u1ea3n th\u00e2n v\u00e0 m\u00f4i tr\u01b0\u1eddng xung quanh\" \/>\n<meta name=\"robots\" content=\"index, follow, max-snippet:-1, max-image-preview:large, max-video-preview:-1\" \/>\n<link rel=\"canonical\" href=\"https:\/\/htiscientific.vn\/en\/product\/tu-hut-khi-doc-khong-ong-dan\/\" \/>\n<meta property=\"og:locale\" content=\"en_US\" \/>\n<meta property=\"og:type\" content=\"article\" \/>\n<meta property=\"og:title\" content=\"T\u1ee7 h\u00fat kh\u00ed \u0111\u1ed9c kh\u00f4ng \u1ed1ng d\u1eabn - HTI Scientific\" \/>\n<meta property=\"og:description\" content=\"Khi thao t\u00e1c v\u1edbi h\u00f3a ch\u1ea5t, s\u1ee9c kh\u1ecfe c\u1ee7a b\u1ea1n c\u00f3 th\u1ec3 b\u1ecb \u0111e d\u1ecda do s\u1ef1 ph\u00e1t t\u00e1n c\u1ee7a h\u01a1i v\u00e0 b\u1ee5i \u0111\u1ed9c h\u1ea1i. \u0110\u1ec3 b\u1ea3o v\u1ec7 b\u1ea3n th\u00e2n v\u00e0 m\u00f4i tr\u01b0\u1eddng xung quanh\" \/>\n<meta property=\"og:url\" content=\"https:\/\/htiscientific.vn\/en\/product\/tu-hut-khi-doc-khong-ong-dan\/\" \/>\n<meta property=\"og:site_name\" content=\"HTI Scientific\" \/>\n<meta property=\"article:publisher\" content=\"https:\/\/www.facebook.com\/htiscientific.vn\" \/>\n<meta property=\"article:modified_time\" content=\"2025-05-19T06:49:24+00:00\" \/>\n<meta property=\"og:image\" content=\"https:\/\/htiscientific.vn\/wp-content\/uploads\/2025\/03\/tu-hit-khi-doc-khong-ong-dan-ecosafe.jpg\" \/>\n\t<meta property=\"og:image:width\" content=\"1094\" \/>\n\t<meta property=\"og:image:height\" content=\"956\" \/>\n\t<meta property=\"og:image:type\" content=\"image\/jpeg\" \/>\n<meta name=\"twitter:card\" content=\"summary_large_image\" \/>\n<meta name=\"twitter:label1\" content=\"Est. reading time\" \/>\n\t<meta name=\"twitter:data1\" content=\"1 minute\" \/>\n<script type=\"application\/ld+json\" class=\"yoast-schema-graph\">{\"@context\":\"https:\/\/schema.org\",\"@graph\":[{\"@type\":\"WebPage\",\"@id\":\"https:\/\/htiscientific.vn\/san-pham\/tu-hut-khi-doc-khong-ong-dan\/\",\"url\":\"https:\/\/htiscientific.vn\/san-pham\/tu-hut-khi-doc-khong-ong-dan\/\",\"name\":\"T\u1ee7 h\u00fat kh\u00ed \u0111\u1ed9c kh\u00f4ng \u1ed1ng d\u1eabn - HTI Scientific\",\"isPartOf\":{\"@id\":\"https:\/\/htiscientific.vn\/#website\"},\"primaryImageOfPage\":{\"@id\":\"https:\/\/htiscientific.vn\/san-pham\/tu-hut-khi-doc-khong-ong-dan\/#primaryimage\"},\"image\":{\"@id\":\"https:\/\/htiscientific.vn\/san-pham\/tu-hut-khi-doc-khong-ong-dan\/#primaryimage\"},\"thumbnailUrl\":\"https:\/\/htiscientific.vn\/wp-content\/uploads\/2025\/03\/tu-hit-khi-doc-khong-ong-dan-ecosafe.jpg\",\"datePublished\":\"2025-03-31T00:13:56+00:00\",\"dateModified\":\"2025-05-19T06:49:24+00:00\",\"description\":\"Khi thao t\u00e1c v\u1edbi h\u00f3a ch\u1ea5t, s\u1ee9c kh\u1ecfe c\u1ee7a b\u1ea1n c\u00f3 th\u1ec3 b\u1ecb \u0111e d\u1ecda do s\u1ef1 ph\u00e1t t\u00e1n c\u1ee7a h\u01a1i v\u00e0 b\u1ee5i \u0111\u1ed9c h\u1ea1i. \u0110\u1ec3 b\u1ea3o v\u1ec7 b\u1ea3n th\u00e2n v\u00e0 m\u00f4i tr\u01b0\u1eddng xung quanh\",\"breadcrumb\":{\"@id\":\"https:\/\/htiscientific.vn\/san-pham\/tu-hut-khi-doc-khong-ong-dan\/#breadcrumb\"},\"inLanguage\":\"en-US\",\"potentialAction\":[{\"@type\":\"ReadAction\",\"target\":[\"https:\/\/htiscientific.vn\/san-pham\/tu-hut-khi-doc-khong-ong-dan\/\"]}]},{\"@type\":\"ImageObject\",\"inLanguage\":\"en-US\",\"@id\":\"https:\/\/htiscientific.vn\/san-pham\/tu-hut-khi-doc-khong-ong-dan\/#primaryimage\",\"url\":\"https:\/\/htiscientific.vn\/wp-content\/uploads\/2025\/03\/tu-hit-khi-doc-khong-ong-dan-ecosafe.jpg\",\"contentUrl\":\"https:\/\/htiscientific.vn\/wp-content\/uploads\/2025\/03\/tu-hit-khi-doc-khong-ong-dan-ecosafe.jpg\",\"width\":1094,\"height\":956,\"caption\":\"T\u1ee7 h\u00fat kh\u00ed \u0111\u1ed9c\"},{\"@type\":\"BreadcrumbList\",\"@id\":\"https:\/\/htiscientific.vn\/san-pham\/tu-hut-khi-doc-khong-ong-dan\/#breadcrumb\",\"itemListElement\":[{\"@type\":\"ListItem\",\"position\":1,\"name\":\"Trang ch\u1ee7\",\"item\":\"https:\/\/htiscientific.vn\/\"},{\"@type\":\"ListItem\",\"position\":2,\"name\":\"C\u1eeda h\u00e0ng\",\"item\":\"https:\/\/htiscientific.vn\/cua-hang\/\"},{\"@type\":\"ListItem\",\"position\":3,\"name\":\"C\u00f4ng ngh\u1ec7 sinh h\u1ecdc \/ Y d\u01b0\u1ee3c\",\"item\":\"https:\/\/htiscientific.vn\/danh-muc-san-pham\/cong-nghe-sinh-hoc-y-duoc\/\"},{\"@type\":\"ListItem\",\"position\":4,\"name\":\"T\u1ee7 h\u00fat kh\u00ed \u0111\u1ed9c\",\"item\":\"https:\/\/htiscientific.vn\/danh-muc-san-pham\/cong-nghe-sinh-hoc-y-duoc\/tu-hut-khi-doc\/\"},{\"@type\":\"ListItem\",\"position\":5,\"name\":\"T\u1ee7 h\u00fat kh\u00ed \u0111\u1ed9c kh\u00f4ng \u1ed1ng d\u1eabn\"}]},{\"@type\":\"WebSite\",\"@id\":\"https:\/\/htiscientific.vn\/#website\",\"url\":\"https:\/\/htiscientific.vn\/\",\"name\":\"HTI Scientific\",\"description\":\"HTI Scientific\",\"publisher\":{\"@id\":\"https:\/\/htiscientific.vn\/#organization\"},\"potentialAction\":[{\"@type\":\"SearchAction\",\"target\":{\"@type\":\"EntryPoint\",\"urlTemplate\":\"https:\/\/htiscientific.vn\/?s={search_term_string}\"},\"query-input\":{\"@type\":\"PropertyValueSpecification\",\"valueRequired\":true,\"valueName\":\"search_term_string\"}}],\"inLanguage\":\"en-US\"},{\"@type\":\"Organization\",\"@id\":\"https:\/\/htiscientific.vn\/#organization\",\"name\":\"HTI Scientific\",\"alternateName\":\"HTI Scientific\",\"url\":\"https:\/\/htiscientific.vn\/\",\"logo\":{\"@type\":\"ImageObject\",\"inLanguage\":\"en-US\",\"@id\":\"https:\/\/htiscientific.vn\/#\/schema\/logo\/image\/\",\"url\":\"https:\/\/htiscientific.vn\/wp-content\/uploads\/2025\/03\/ava-hti-copy.jpg\",\"contentUrl\":\"https:\/\/htiscientific.vn\/wp-content\/uploads\/2025\/03\/ava-hti-copy.jpg\",\"width\":700,\"height\":450,\"caption\":\"HTI Scientific\"},\"image\":{\"@id\":\"https:\/\/htiscientific.vn\/#\/schema\/logo\/image\/\"},\"sameAs\":[\"https:\/\/www.facebook.com\/htiscientific.vn\"]}]}<\/script>\n<!-- \/ Yoast SEO plugin. -->","yoast_head_json":{"title":"T\u1ee7 h\u00fat kh\u00ed \u0111\u1ed9c kh\u00f4ng \u1ed1ng d\u1eabn - HTI Scientific","description":"Khi thao t\u00e1c v\u1edbi h\u00f3a ch\u1ea5t, s\u1ee9c kh\u1ecfe c\u1ee7a b\u1ea1n c\u00f3 th\u1ec3 b\u1ecb \u0111e d\u1ecda do s\u1ef1 ph\u00e1t t\u00e1n c\u1ee7a h\u01a1i v\u00e0 b\u1ee5i \u0111\u1ed9c h\u1ea1i. \u0110\u1ec3 b\u1ea3o v\u1ec7 b\u1ea3n th\u00e2n v\u00e0 m\u00f4i tr\u01b0\u1eddng xung quanh","robots":{"index":"index","follow":"follow","max-snippet":"max-snippet:-1","max-image-preview":"max-image-preview:large","max-video-preview":"max-video-preview:-1"},"canonical":"https:\/\/htiscientific.vn\/en\/product\/tu-hut-khi-doc-khong-ong-dan\/","og_locale":"en_US","og_type":"article","og_title":"T\u1ee7 h\u00fat kh\u00ed \u0111\u1ed9c kh\u00f4ng \u1ed1ng d\u1eabn - HTI Scientific","og_description":"Khi thao t\u00e1c v\u1edbi h\u00f3a ch\u1ea5t, s\u1ee9c kh\u1ecfe c\u1ee7a b\u1ea1n c\u00f3 th\u1ec3 b\u1ecb \u0111e d\u1ecda do s\u1ef1 ph\u00e1t t\u00e1n c\u1ee7a h\u01a1i v\u00e0 b\u1ee5i \u0111\u1ed9c h\u1ea1i. \u0110\u1ec3 b\u1ea3o v\u1ec7 b\u1ea3n th\u00e2n v\u00e0 m\u00f4i tr\u01b0\u1eddng xung quanh","og_url":"https:\/\/htiscientific.vn\/en\/product\/tu-hut-khi-doc-khong-ong-dan\/","og_site_name":"HTI Scientific","article_publisher":"https:\/\/www.facebook.com\/htiscientific.vn","article_modified_time":"2025-05-19T06:49:24+00:00","og_image":[{"width":1094,"height":956,"url":"https:\/\/htiscientific.vn\/wp-content\/uploads\/2025\/03\/tu-hit-khi-doc-khong-ong-dan-ecosafe.jpg","type":"image\/jpeg"}],"twitter_card":"summary_large_image","twitter_misc":{"Est. reading time":"1 minute"},"schema":{"@context":"https:\/\/schema.org","@graph":[{"@type":"WebPage","@id":"https:\/\/htiscientific.vn\/san-pham\/tu-hut-khi-doc-khong-ong-dan\/","url":"https:\/\/htiscientific.vn\/san-pham\/tu-hut-khi-doc-khong-ong-dan\/","name":"T\u1ee7 h\u00fat kh\u00ed \u0111\u1ed9c kh\u00f4ng \u1ed1ng d\u1eabn - HTI Scientific","isPartOf":{"@id":"https:\/\/htiscientific.vn\/#website"},"primaryImageOfPage":{"@id":"https:\/\/htiscientific.vn\/san-pham\/tu-hut-khi-doc-khong-ong-dan\/#primaryimage"},"image":{"@id":"https:\/\/htiscientific.vn\/san-pham\/tu-hut-khi-doc-khong-ong-dan\/#primaryimage"},"thumbnailUrl":"https:\/\/htiscientific.vn\/wp-content\/uploads\/2025\/03\/tu-hit-khi-doc-khong-ong-dan-ecosafe.jpg","datePublished":"2025-03-31T00:13:56+00:00","dateModified":"2025-05-19T06:49:24+00:00","description":"Khi thao t\u00e1c v\u1edbi h\u00f3a ch\u1ea5t, s\u1ee9c kh\u1ecfe c\u1ee7a b\u1ea1n c\u00f3 th\u1ec3 b\u1ecb \u0111e d\u1ecda do s\u1ef1 ph\u00e1t t\u00e1n c\u1ee7a h\u01a1i v\u00e0 b\u1ee5i \u0111\u1ed9c h\u1ea1i. \u0110\u1ec3 b\u1ea3o v\u1ec7 b\u1ea3n th\u00e2n v\u00e0 m\u00f4i tr\u01b0\u1eddng xung quanh","breadcrumb":{"@id":"https:\/\/htiscientific.vn\/san-pham\/tu-hut-khi-doc-khong-ong-dan\/#breadcrumb"},"inLanguage":"en-US","potentialAction":[{"@type":"ReadAction","target":["https:\/\/htiscientific.vn\/san-pham\/tu-hut-khi-doc-khong-ong-dan\/"]}]},{"@type":"ImageObject","inLanguage":"en-US","@id":"https:\/\/htiscientific.vn\/san-pham\/tu-hut-khi-doc-khong-ong-dan\/#primaryimage","url":"https:\/\/htiscientific.vn\/wp-content\/uploads\/2025\/03\/tu-hit-khi-doc-khong-ong-dan-ecosafe.jpg","contentUrl":"https:\/\/htiscientific.vn\/wp-content\/uploads\/2025\/03\/tu-hit-khi-doc-khong-ong-dan-ecosafe.jpg","width":1094,"height":956,"caption":"T\u1ee7 h\u00fat kh\u00ed \u0111\u1ed9c"},{"@type":"BreadcrumbList","@id":"https:\/\/htiscientific.vn\/san-pham\/tu-hut-khi-doc-khong-ong-dan\/#breadcrumb","itemListElement":[{"@type":"ListItem","position":1,"name":"Trang ch\u1ee7","item":"https:\/\/htiscientific.vn\/"},{"@type":"ListItem","position":2,"name":"C\u1eeda h\u00e0ng","item":"https:\/\/htiscientific.vn\/cua-hang\/"},{"@type":"ListItem","position":3,"name":"C\u00f4ng ngh\u1ec7 sinh h\u1ecdc \/ Y d\u01b0\u1ee3c","item":"https:\/\/htiscientific.vn\/danh-muc-san-pham\/cong-nghe-sinh-hoc-y-duoc\/"},{"@type":"ListItem","position":4,"name":"T\u1ee7 h\u00fat kh\u00ed \u0111\u1ed9c","item":"https:\/\/htiscientific.vn\/danh-muc-san-pham\/cong-nghe-sinh-hoc-y-duoc\/tu-hut-khi-doc\/"},{"@type":"ListItem","position":5,"name":"T\u1ee7 h\u00fat kh\u00ed \u0111\u1ed9c kh\u00f4ng \u1ed1ng d\u1eabn"}]},{"@type":"WebSite","@id":"https:\/\/htiscientific.vn\/#website","url":"https:\/\/htiscientific.vn\/","name":"HTI Scientific","description":"HTI Scientific","publisher":{"@id":"https:\/\/htiscientific.vn\/#organization"},"potentialAction":[{"@type":"SearchAction","target":{"@type":"EntryPoint","urlTemplate":"https:\/\/htiscientific.vn\/?s={search_term_string}"},"query-input":{"@type":"PropertyValueSpecification","valueRequired":true,"valueName":"search_term_string"}}],"inLanguage":"en-US"},{"@type":"Organization","@id":"https:\/\/htiscientific.vn\/#organization","name":"HTI Scientific","alternateName":"HTI Scientific","url":"https:\/\/htiscientific.vn\/","logo":{"@type":"ImageObject","inLanguage":"en-US","@id":"https:\/\/htiscientific.vn\/#\/schema\/logo\/image\/","url":"https:\/\/htiscientific.vn\/wp-content\/uploads\/2025\/03\/ava-hti-copy.jpg","contentUrl":"https:\/\/htiscientific.vn\/wp-content\/uploads\/2025\/03\/ava-hti-copy.jpg","width":700,"height":450,"caption":"HTI Scientific"},"image":{"@id":"https:\/\/htiscientific.vn\/#\/schema\/logo\/image\/"},"sameAs":["https:\/\/www.facebook.com\/htiscientific.vn"]}]}},"_links":{"self":[{"href":"https:\/\/htiscientific.vn\/en\/wp-json\/wp\/v2\/product\/993","targetHints":{"allow":["GET"]}}],"collection":[{"href":"https:\/\/htiscientific.vn\/en\/wp-json\/wp\/v2\/product"}],"about":[{"href":"https:\/\/htiscientific.vn\/en\/wp-json\/wp\/v2\/types\/product"}],"wp:featuredmedia":[{"embeddable":true,"href":"https:\/\/htiscientific.vn\/en\/wp-json\/wp\/v2\/media\/994"}],"wp:attachment":[{"href":"https:\/\/htiscientific.vn\/en\/wp-json\/wp\/v2\/media?parent=993"}],"wp:term":[{"taxonomy":"product_brand","embeddable":true,"href":"https:\/\/htiscientific.vn\/en\/wp-json\/wp\/v2\/product_brand?post=993"},{"taxonomy":"product_cat","embeddable":true,"href":"https:\/\/htiscientific.vn\/en\/wp-json\/wp\/v2\/product_cat?post=993"},{"taxonomy":"product_tag","embeddable":true,"href":"https:\/\/htiscientific.vn\/en\/wp-json\/wp\/v2\/product_tag?post=993"}],"curies":[{"name":"wp","href":"https:\/\/api.w.org\/{rel}","templated":true}]}}