{"id":986,"date":"2025-03-30T12:01:09","date_gmt":"2025-03-30T05:01:09","guid":{"rendered":"https:\/\/htiscientific.vn\/?post_type=product&#038;p=986"},"modified":"2025-05-12T15:36:56","modified_gmt":"2025-05-12T08:36:56","slug":"may-nhuom-tieu-ban-tu-dong","status":"publish","type":"product","link":"https:\/\/htiscientific.vn\/en\/product\/may-nhuom-tieu-ban-tu-dong\/","title":{"rendered":"M\u00e1y nhu\u1ed9m ti\u00eau b\u1ea3n t\u1ef1 \u0111\u1ed9ng"},"content":{"rendered":"<p><span style=\"color: #333333;\"><strong>TH\u00d4NG TIN S\u1ea2N PH\u1ea8M<\/strong><\/span><\/p>\n<ul>\n<li><span style=\"color: #333333;\">Model: AMSS330<\/span><\/li>\n<li><span style=\"color: #333333;\">H\u00e3ng s\u1ea3n xu\u1ea5t: <a href=\"https:\/\/www.amos-scientific.com\/\" target=\"_blank\" rel=\"noopener\">Amos Scientific<\/a><\/span><\/li>\n<li><span style=\"color: #333333;\">Xu\u1ea5t x\u1ee9: \u00dac<\/span><\/li>\n<\/ul>\n<p><strong><span style=\"color: #333333;\">TH\u00d4NG S\u1ed0 K\u1ef8 THU\u1eacT<\/span><\/strong><\/p>\n<ul>\n<li><span style=\"color: #333333;\">Dung t\u00edch l\u1edbn, c\u00f3 th\u1ec3 x\u1eed l\u00fd 360 lam k\u00ednh c\u00f9ng l\u00fac.<\/span><\/li>\n<li><span style=\"color: #333333;\">H\u1ed7 tr\u1ee3 l\u00ean \u0111\u1ebfn 15 ch\u01b0\u01a1ng tr\u00ecnh nhu\u1ed9m, t\u01b0\u01a1ng th\u00edch v\u1edbi H&amp;E, PAP v\u00e0 nhi\u1ec1u ph\u01b0\u01a1ng ph\u00e1p nhu\u1ed9m kh\u00e1c.<\/span><\/li>\n<li><span style=\"color: #333333;\">M\u00e0n h\u00ecnh c\u1ea3m \u1ee9ng tr\u1ef1c quan, d\u1ec5 d\u00e0ng l\u1eadp tr\u00ecnh, v\u1eadn h\u00e0nh v\u00e0 gi\u00e1m s\u00e1t quy tr\u00ecnh.<\/span><\/li>\n<li><span style=\"color: #333333;\">Thi\u1ebft k\u1ebf b\u1ec3 th\u1ea5p v\u00e0 s\u00e2u, gi\u00fap ng\u0103n ng\u1eeba t\u00ecnh tr\u1ea1ng c\u1ea1n thu\u1ed1c th\u1eed.<\/span><\/li>\n<li><span style=\"color: #333333;\">B\u1ed9 l\u1ecdc than ho\u1ea1t t\u00ednh, gi\u1ea3m thi\u1ec3u \u00f4 nhi\u1ec5m do bay h\u01a1i h\u00f3a ch\u1ea5t.<\/span><\/li>\n<li><span style=\"color: #333333;\">C\u1ea5u tr\u00fac \u0111\u00e1y tr\u00f2n k\u1ebft h\u1ee3p rung \u0111\u1ed9ng, h\u1ea1n ch\u1ebf t\u1ed1i \u0111a l\u01b0\u1ee3ng thu\u1ed1c th\u1eed c\u00f2n s\u00f3t l\u1ea1i khi chuy\u1ec3n sang b\u1ec3 ti\u1ebfp theo.<\/span><\/li>\n<li><span style=\"color: #333333;\">H\u1ec7 th\u1ed1ng khu\u1ea5y \u0111\u1ed9c \u0111\u00e1o, \u0111\u1ed3ng th\u1eddi khu\u1ea5y to\u00e0n b\u1ed9 gi\u1ecf \u0111\u1ef1ng lam k\u00ednh, \u0111\u1ea3m b\u1ea3o thu\u1ed1c nhu\u1ed9m ph\u00e2n b\u1ed1 \u0111\u1ed3ng \u0111\u1ec1u.<\/span><\/li>\n<\/ul>","protected":false},"excerpt":{"rendered":"<p><span style=\"color: #333333;\">M\u00e1y nhu\u1ed9m ti\u00eau b\u1ea3n t\u1ef1 \u0111\u1ed9ng mang \u0111\u1ebfn b\u01b0\u1edbc \u0111\u1ed9t ph\u00e1 trong quy tr\u00ecnh nhu\u1ed9m m\u1eabu, cho ph\u00e9p x\u1eed l\u00fd nhi\u1ec1u lam k\u00ednh c\u00f9ng l\u00fac v\u1edbi \u0111\u1ed9 ch\u00ednh x\u00e1c cao. Thi\u1ebft b\u1ecb n\u00e0y gi\u00fap t\u1ef1 \u0111\u1ed9ng h\u00f3a quy tr\u00ecnh, \u0111\u1ea3m b\u1ea3o k\u1ebft qu\u1ea3 nhu\u1ed9m \u0111\u1ed3ng nh\u1ea5t, ch\u1ea5t l\u01b0\u1ee3ng cao, t\u1eeb \u0111\u00f3 t\u0103ng t\u1ed1c \u0111\u1ed9 ch\u1ea9n \u0111o\u00e1n v\u00e0 n\u00e2ng cao n\u0103ng su\u1ea5t ph\u00f2ng th\u00ed nghi\u1ec7m.<\/span><\/p>","protected":false},"featured_media":987,"template":"","meta":{"inline_featured_image":false},"product_brand":[46],"product_cat":[72,74],"product_tag":[],"class_list":{"0":"post-986","1":"product","2":"type-product","3":"status-publish","4":"has-post-thumbnail","6":"product_brand-amos-scientific","7":"product_cat-giai-phau-benh-phap-y","8":"product_cat-may-nhuom-tieu-ban","10":"first","11":"instock","12":"featured","13":"shipping-taxable","14":"product-type-simple"},"yoast_head":"<!-- This site is optimized with the Yoast SEO plugin v24.7 - https:\/\/yoast.com\/wordpress\/plugins\/seo\/ -->\n<title>M\u00e1y nhu\u1ed9m ti\u00eau b\u1ea3n t\u1ef1 \u0111\u1ed9ng - HTI Scientific<\/title>\n<meta name=\"description\" content=\"M\u00e1y nhu\u1ed9m ti\u00eau b\u1ea3n t\u1ef1 \u0111\u1ed9ng gi\u00fap t\u1ef1 \u0111\u1ed9ng h\u00f3a quy tr\u00ecnh, \u0111\u1ea3m b\u1ea3o k\u1ebft qu\u1ea3 nhu\u1ed9m \u0111\u1ed3ng nh\u1ea5t, ch\u1ea5t l\u01b0\u1ee3ng cao, t\u1eeb \u0111\u00f3 t\u0103ng t\u1ed1c \u0111\u1ed9 ch\u1ea9n \u0111o\u00e1n v\u00e0 n\u00e2ng cao n\u0103ng\" \/>\n<meta name=\"robots\" content=\"index, follow, max-snippet:-1, max-image-preview:large, max-video-preview:-1\" \/>\n<link rel=\"canonical\" href=\"https:\/\/htiscientific.vn\/en\/product\/may-nhuom-tieu-ban-tu-dong\/\" \/>\n<meta property=\"og:locale\" content=\"en_US\" \/>\n<meta property=\"og:type\" content=\"article\" \/>\n<meta property=\"og:title\" content=\"M\u00e1y nhu\u1ed9m ti\u00eau b\u1ea3n t\u1ef1 \u0111\u1ed9ng - HTI Scientific\" \/>\n<meta property=\"og:description\" content=\"M\u00e1y nhu\u1ed9m ti\u00eau b\u1ea3n t\u1ef1 \u0111\u1ed9ng gi\u00fap t\u1ef1 \u0111\u1ed9ng h\u00f3a quy tr\u00ecnh, \u0111\u1ea3m b\u1ea3o k\u1ebft qu\u1ea3 nhu\u1ed9m \u0111\u1ed3ng nh\u1ea5t, ch\u1ea5t l\u01b0\u1ee3ng cao, t\u1eeb \u0111\u00f3 t\u0103ng t\u1ed1c \u0111\u1ed9 ch\u1ea9n \u0111o\u00e1n v\u00e0 n\u00e2ng cao n\u0103ng\" \/>\n<meta property=\"og:url\" content=\"https:\/\/htiscientific.vn\/en\/product\/may-nhuom-tieu-ban-tu-dong\/\" \/>\n<meta property=\"og:site_name\" content=\"HTI Scientific\" \/>\n<meta property=\"article:publisher\" content=\"https:\/\/www.facebook.com\/htiscientific.vn\" \/>\n<meta property=\"article:modified_time\" content=\"2025-05-12T08:36:56+00:00\" \/>\n<meta property=\"og:image\" content=\"https:\/\/htiscientific.vn\/wp-content\/uploads\/2025\/03\/may-nhuom-tieu-ban-tu-dong-amos-amss-330-1.jpg\" \/>\n\t<meta property=\"og:image:width\" content=\"598\" \/>\n\t<meta property=\"og:image:height\" content=\"449\" \/>\n\t<meta property=\"og:image:type\" content=\"image\/jpeg\" \/>\n<meta name=\"twitter:card\" content=\"summary_large_image\" \/>\n<meta name=\"twitter:label1\" content=\"Est. reading time\" \/>\n\t<meta name=\"twitter:data1\" content=\"1 minute\" \/>\n<script type=\"application\/ld+json\" class=\"yoast-schema-graph\">{\"@context\":\"https:\/\/schema.org\",\"@graph\":[{\"@type\":\"WebPage\",\"@id\":\"https:\/\/htiscientific.vn\/san-pham\/may-nhuom-tieu-ban-tu-dong\/\",\"url\":\"https:\/\/htiscientific.vn\/san-pham\/may-nhuom-tieu-ban-tu-dong\/\",\"name\":\"M\u00e1y nhu\u1ed9m ti\u00eau b\u1ea3n t\u1ef1 \u0111\u1ed9ng - HTI Scientific\",\"isPartOf\":{\"@id\":\"https:\/\/htiscientific.vn\/#website\"},\"primaryImageOfPage\":{\"@id\":\"https:\/\/htiscientific.vn\/san-pham\/may-nhuom-tieu-ban-tu-dong\/#primaryimage\"},\"image\":{\"@id\":\"https:\/\/htiscientific.vn\/san-pham\/may-nhuom-tieu-ban-tu-dong\/#primaryimage\"},\"thumbnailUrl\":\"https:\/\/htiscientific.vn\/wp-content\/uploads\/2025\/03\/may-nhuom-tieu-ban-tu-dong-amos-amss-330-1.jpg\",\"datePublished\":\"2025-03-30T05:01:09+00:00\",\"dateModified\":\"2025-05-12T08:36:56+00:00\",\"description\":\"M\u00e1y nhu\u1ed9m ti\u00eau b\u1ea3n t\u1ef1 \u0111\u1ed9ng gi\u00fap t\u1ef1 \u0111\u1ed9ng h\u00f3a quy tr\u00ecnh, \u0111\u1ea3m b\u1ea3o k\u1ebft qu\u1ea3 nhu\u1ed9m \u0111\u1ed3ng nh\u1ea5t, ch\u1ea5t l\u01b0\u1ee3ng cao, t\u1eeb \u0111\u00f3 t\u0103ng t\u1ed1c \u0111\u1ed9 ch\u1ea9n \u0111o\u00e1n v\u00e0 n\u00e2ng cao n\u0103ng\",\"breadcrumb\":{\"@id\":\"https:\/\/htiscientific.vn\/san-pham\/may-nhuom-tieu-ban-tu-dong\/#breadcrumb\"},\"inLanguage\":\"en-US\",\"potentialAction\":[{\"@type\":\"ReadAction\",\"target\":[\"https:\/\/htiscientific.vn\/san-pham\/may-nhuom-tieu-ban-tu-dong\/\"]}]},{\"@type\":\"ImageObject\",\"inLanguage\":\"en-US\",\"@id\":\"https:\/\/htiscientific.vn\/san-pham\/may-nhuom-tieu-ban-tu-dong\/#primaryimage\",\"url\":\"https:\/\/htiscientific.vn\/wp-content\/uploads\/2025\/03\/may-nhuom-tieu-ban-tu-dong-amos-amss-330-1.jpg\",\"contentUrl\":\"https:\/\/htiscientific.vn\/wp-content\/uploads\/2025\/03\/may-nhuom-tieu-ban-tu-dong-amos-amss-330-1.jpg\",\"width\":598,\"height\":449,\"caption\":\"M\u00e1y nhu\u1ed9m ti\u00eau b\u1ea3n t\u1ef1 \u0111\u1ed9ng\"},{\"@type\":\"BreadcrumbList\",\"@id\":\"https:\/\/htiscientific.vn\/san-pham\/may-nhuom-tieu-ban-tu-dong\/#breadcrumb\",\"itemListElement\":[{\"@type\":\"ListItem\",\"position\":1,\"name\":\"Trang ch\u1ee7\",\"item\":\"https:\/\/htiscientific.vn\/\"},{\"@type\":\"ListItem\",\"position\":2,\"name\":\"C\u1eeda h\u00e0ng\",\"item\":\"https:\/\/htiscientific.vn\/cua-hang\/\"},{\"@type\":\"ListItem\",\"position\":3,\"name\":\"Gi\u1ea3i ph\u1eabu b\u1ec7nh \/ Ph\u00e1p y\",\"item\":\"https:\/\/htiscientific.vn\/danh-muc-san-pham\/giai-phau-benh-phap-y\/\"},{\"@type\":\"ListItem\",\"position\":4,\"name\":\"M\u00e1y nhu\u1ed9m ti\u00eau b\u1ea3n\",\"item\":\"https:\/\/htiscientific.vn\/danh-muc-san-pham\/giai-phau-benh-phap-y\/may-nhuom-tieu-ban\/\"},{\"@type\":\"ListItem\",\"position\":5,\"name\":\"M\u00e1y nhu\u1ed9m ti\u00eau b\u1ea3n t\u1ef1 \u0111\u1ed9ng\"}]},{\"@type\":\"WebSite\",\"@id\":\"https:\/\/htiscientific.vn\/#website\",\"url\":\"https:\/\/htiscientific.vn\/\",\"name\":\"HTI Scientific\",\"description\":\"HTI Scientific\",\"publisher\":{\"@id\":\"https:\/\/htiscientific.vn\/#organization\"},\"potentialAction\":[{\"@type\":\"SearchAction\",\"target\":{\"@type\":\"EntryPoint\",\"urlTemplate\":\"https:\/\/htiscientific.vn\/?s={search_term_string}\"},\"query-input\":{\"@type\":\"PropertyValueSpecification\",\"valueRequired\":true,\"valueName\":\"search_term_string\"}}],\"inLanguage\":\"en-US\"},{\"@type\":\"Organization\",\"@id\":\"https:\/\/htiscientific.vn\/#organization\",\"name\":\"HTI Scientific\",\"alternateName\":\"HTI Scientific\",\"url\":\"https:\/\/htiscientific.vn\/\",\"logo\":{\"@type\":\"ImageObject\",\"inLanguage\":\"en-US\",\"@id\":\"https:\/\/htiscientific.vn\/#\/schema\/logo\/image\/\",\"url\":\"https:\/\/htiscientific.vn\/wp-content\/uploads\/2025\/03\/ava-hti-copy.jpg\",\"contentUrl\":\"https:\/\/htiscientific.vn\/wp-content\/uploads\/2025\/03\/ava-hti-copy.jpg\",\"width\":700,\"height\":450,\"caption\":\"HTI Scientific\"},\"image\":{\"@id\":\"https:\/\/htiscientific.vn\/#\/schema\/logo\/image\/\"},\"sameAs\":[\"https:\/\/www.facebook.com\/htiscientific.vn\"]}]}<\/script>\n<!-- \/ Yoast SEO plugin. -->","yoast_head_json":{"title":"M\u00e1y nhu\u1ed9m ti\u00eau b\u1ea3n t\u1ef1 \u0111\u1ed9ng - HTI Scientific","description":"M\u00e1y nhu\u1ed9m ti\u00eau b\u1ea3n t\u1ef1 \u0111\u1ed9ng gi\u00fap t\u1ef1 \u0111\u1ed9ng h\u00f3a quy tr\u00ecnh, \u0111\u1ea3m b\u1ea3o k\u1ebft qu\u1ea3 nhu\u1ed9m \u0111\u1ed3ng nh\u1ea5t, ch\u1ea5t l\u01b0\u1ee3ng cao, t\u1eeb \u0111\u00f3 t\u0103ng t\u1ed1c \u0111\u1ed9 ch\u1ea9n \u0111o\u00e1n v\u00e0 n\u00e2ng cao n\u0103ng","robots":{"index":"index","follow":"follow","max-snippet":"max-snippet:-1","max-image-preview":"max-image-preview:large","max-video-preview":"max-video-preview:-1"},"canonical":"https:\/\/htiscientific.vn\/en\/product\/may-nhuom-tieu-ban-tu-dong\/","og_locale":"en_US","og_type":"article","og_title":"M\u00e1y nhu\u1ed9m ti\u00eau b\u1ea3n t\u1ef1 \u0111\u1ed9ng - HTI Scientific","og_description":"M\u00e1y nhu\u1ed9m ti\u00eau b\u1ea3n t\u1ef1 \u0111\u1ed9ng gi\u00fap t\u1ef1 \u0111\u1ed9ng h\u00f3a quy tr\u00ecnh, \u0111\u1ea3m b\u1ea3o k\u1ebft qu\u1ea3 nhu\u1ed9m \u0111\u1ed3ng nh\u1ea5t, ch\u1ea5t l\u01b0\u1ee3ng cao, t\u1eeb \u0111\u00f3 t\u0103ng t\u1ed1c \u0111\u1ed9 ch\u1ea9n \u0111o\u00e1n v\u00e0 n\u00e2ng cao n\u0103ng","og_url":"https:\/\/htiscientific.vn\/en\/product\/may-nhuom-tieu-ban-tu-dong\/","og_site_name":"HTI Scientific","article_publisher":"https:\/\/www.facebook.com\/htiscientific.vn","article_modified_time":"2025-05-12T08:36:56+00:00","og_image":[{"width":598,"height":449,"url":"https:\/\/htiscientific.vn\/wp-content\/uploads\/2025\/03\/may-nhuom-tieu-ban-tu-dong-amos-amss-330-1.jpg","type":"image\/jpeg"}],"twitter_card":"summary_large_image","twitter_misc":{"Est. reading time":"1 minute"},"schema":{"@context":"https:\/\/schema.org","@graph":[{"@type":"WebPage","@id":"https:\/\/htiscientific.vn\/san-pham\/may-nhuom-tieu-ban-tu-dong\/","url":"https:\/\/htiscientific.vn\/san-pham\/may-nhuom-tieu-ban-tu-dong\/","name":"M\u00e1y nhu\u1ed9m ti\u00eau b\u1ea3n t\u1ef1 \u0111\u1ed9ng - HTI Scientific","isPartOf":{"@id":"https:\/\/htiscientific.vn\/#website"},"primaryImageOfPage":{"@id":"https:\/\/htiscientific.vn\/san-pham\/may-nhuom-tieu-ban-tu-dong\/#primaryimage"},"image":{"@id":"https:\/\/htiscientific.vn\/san-pham\/may-nhuom-tieu-ban-tu-dong\/#primaryimage"},"thumbnailUrl":"https:\/\/htiscientific.vn\/wp-content\/uploads\/2025\/03\/may-nhuom-tieu-ban-tu-dong-amos-amss-330-1.jpg","datePublished":"2025-03-30T05:01:09+00:00","dateModified":"2025-05-12T08:36:56+00:00","description":"M\u00e1y nhu\u1ed9m ti\u00eau b\u1ea3n t\u1ef1 \u0111\u1ed9ng gi\u00fap t\u1ef1 \u0111\u1ed9ng h\u00f3a quy tr\u00ecnh, \u0111\u1ea3m b\u1ea3o k\u1ebft qu\u1ea3 nhu\u1ed9m \u0111\u1ed3ng nh\u1ea5t, ch\u1ea5t l\u01b0\u1ee3ng cao, t\u1eeb \u0111\u00f3 t\u0103ng t\u1ed1c \u0111\u1ed9 ch\u1ea9n \u0111o\u00e1n v\u00e0 n\u00e2ng cao n\u0103ng","breadcrumb":{"@id":"https:\/\/htiscientific.vn\/san-pham\/may-nhuom-tieu-ban-tu-dong\/#breadcrumb"},"inLanguage":"en-US","potentialAction":[{"@type":"ReadAction","target":["https:\/\/htiscientific.vn\/san-pham\/may-nhuom-tieu-ban-tu-dong\/"]}]},{"@type":"ImageObject","inLanguage":"en-US","@id":"https:\/\/htiscientific.vn\/san-pham\/may-nhuom-tieu-ban-tu-dong\/#primaryimage","url":"https:\/\/htiscientific.vn\/wp-content\/uploads\/2025\/03\/may-nhuom-tieu-ban-tu-dong-amos-amss-330-1.jpg","contentUrl":"https:\/\/htiscientific.vn\/wp-content\/uploads\/2025\/03\/may-nhuom-tieu-ban-tu-dong-amos-amss-330-1.jpg","width":598,"height":449,"caption":"M\u00e1y nhu\u1ed9m ti\u00eau b\u1ea3n t\u1ef1 \u0111\u1ed9ng"},{"@type":"BreadcrumbList","@id":"https:\/\/htiscientific.vn\/san-pham\/may-nhuom-tieu-ban-tu-dong\/#breadcrumb","itemListElement":[{"@type":"ListItem","position":1,"name":"Trang ch\u1ee7","item":"https:\/\/htiscientific.vn\/"},{"@type":"ListItem","position":2,"name":"C\u1eeda h\u00e0ng","item":"https:\/\/htiscientific.vn\/cua-hang\/"},{"@type":"ListItem","position":3,"name":"Gi\u1ea3i ph\u1eabu b\u1ec7nh \/ Ph\u00e1p y","item":"https:\/\/htiscientific.vn\/danh-muc-san-pham\/giai-phau-benh-phap-y\/"},{"@type":"ListItem","position":4,"name":"M\u00e1y nhu\u1ed9m ti\u00eau b\u1ea3n","item":"https:\/\/htiscientific.vn\/danh-muc-san-pham\/giai-phau-benh-phap-y\/may-nhuom-tieu-ban\/"},{"@type":"ListItem","position":5,"name":"M\u00e1y nhu\u1ed9m ti\u00eau b\u1ea3n t\u1ef1 \u0111\u1ed9ng"}]},{"@type":"WebSite","@id":"https:\/\/htiscientific.vn\/#website","url":"https:\/\/htiscientific.vn\/","name":"HTI Scientific","description":"HTI Scientific","publisher":{"@id":"https:\/\/htiscientific.vn\/#organization"},"potentialAction":[{"@type":"SearchAction","target":{"@type":"EntryPoint","urlTemplate":"https:\/\/htiscientific.vn\/?s={search_term_string}"},"query-input":{"@type":"PropertyValueSpecification","valueRequired":true,"valueName":"search_term_string"}}],"inLanguage":"en-US"},{"@type":"Organization","@id":"https:\/\/htiscientific.vn\/#organization","name":"HTI Scientific","alternateName":"HTI Scientific","url":"https:\/\/htiscientific.vn\/","logo":{"@type":"ImageObject","inLanguage":"en-US","@id":"https:\/\/htiscientific.vn\/#\/schema\/logo\/image\/","url":"https:\/\/htiscientific.vn\/wp-content\/uploads\/2025\/03\/ava-hti-copy.jpg","contentUrl":"https:\/\/htiscientific.vn\/wp-content\/uploads\/2025\/03\/ava-hti-copy.jpg","width":700,"height":450,"caption":"HTI Scientific"},"image":{"@id":"https:\/\/htiscientific.vn\/#\/schema\/logo\/image\/"},"sameAs":["https:\/\/www.facebook.com\/htiscientific.vn"]}]}},"_links":{"self":[{"href":"https:\/\/htiscientific.vn\/en\/wp-json\/wp\/v2\/product\/986","targetHints":{"allow":["GET"]}}],"collection":[{"href":"https:\/\/htiscientific.vn\/en\/wp-json\/wp\/v2\/product"}],"about":[{"href":"https:\/\/htiscientific.vn\/en\/wp-json\/wp\/v2\/types\/product"}],"wp:featuredmedia":[{"embeddable":true,"href":"https:\/\/htiscientific.vn\/en\/wp-json\/wp\/v2\/media\/987"}],"wp:attachment":[{"href":"https:\/\/htiscientific.vn\/en\/wp-json\/wp\/v2\/media?parent=986"}],"wp:term":[{"taxonomy":"product_brand","embeddable":true,"href":"https:\/\/htiscientific.vn\/en\/wp-json\/wp\/v2\/product_brand?post=986"},{"taxonomy":"product_cat","embeddable":true,"href":"https:\/\/htiscientific.vn\/en\/wp-json\/wp\/v2\/product_cat?post=986"},{"taxonomy":"product_tag","embeddable":true,"href":"https:\/\/htiscientific.vn\/en\/wp-json\/wp\/v2\/product_tag?post=986"}],"curies":[{"name":"wp","href":"https:\/\/api.w.org\/{rel}","templated":true}]}}