{"id":983,"date":"2025-03-30T11:57:20","date_gmt":"2025-03-30T04:57:20","guid":{"rendered":"https:\/\/htiscientific.vn\/?post_type=product&#038;p=983"},"modified":"2025-07-10T09:25:29","modified_gmt":"2025-07-10T02:25:29","slug":"be-cang-mo","status":"publish","type":"product","link":"https:\/\/htiscientific.vn\/en\/product\/be-cang-mo\/","title":{"rendered":"B\u1ec3 c\u0103ng m\u00f4"},"content":{"rendered":"<p><span style=\"color: #333333;\"><strong>TH\u00d4NG TIN S\u1ea2N PH\u1ea8M<\/strong><\/span><\/p>\n<ul>\n<li><span style=\"color: #333333;\">Model: AWB 210<\/span><\/li>\n<li><span style=\"color: #333333;\">H\u00e3ng s\u1ea3n xu\u1ea5t:<a href=\"https:\/\/www.amos-scientific.com\/\" target=\"_blank\" rel=\"noopener\"> Amos Scientific<\/a><\/span><\/li>\n<li><span style=\"color: #333333;\">Xu\u1ea5t x\u1ee9: \u00dac<\/span><\/li>\n<\/ul>\n<p><strong><span style=\"color: #333333;\">TH\u00d4NG S\u1ed0 K\u1ef8 THU\u1eacT<\/span><\/strong><\/p>\n<ul>\n<li><span style=\"color: #333333;\">Nhi\u1ec7t \u0111\u1ed9 n\u01b0\u1edbc c\u00f3 th\u1ec3 \u0111i\u1ec1u ch\u1ec9nh theo nhu c\u1ea7u c\u1ee7a ng\u01b0\u1eddi d\u00f9ng.<\/span><\/li>\n<li><span style=\"color: #333333;\">M\u00e0n h\u00ecnh hi\u1ec3n th\u1ecb tr\u1ef1c quan, d\u1ec5 s\u1eed d\u1ee5ng v\u00e0 v\u1eadn h\u00e0nh \u0111\u00e1ng tin c\u1eady.<\/span><\/li>\n<li><span style=\"color: #333333;\">Thi\u1ebft b\u1ecb \u0111\u1ed9c l\u1eadp, c\u00f3 th\u1ec3 \u0111\u1eb7t g\u1ea7n m\u00e1y vi ph\u1eabu \u0111\u1ec3 thu\u1eadn ti\u1ec7n thao t\u00e1c.<\/span><\/li>\n<li><span style=\"color: #333333;\">Ph\u00f9 h\u1ee3p v\u1edbi m\u1ecdi ph\u00f2ng th\u00ed nghi\u1ec7m.<\/span><\/li>\n<li><span style=\"color: #333333;\">Dung t\u00edch: 2,3 L<\/span><\/li>\n<li><span style=\"color: #333333;\">D\u1ea3i nhi\u1ec7t \u0111\u1ed9: m\u00f4i tr\u01b0\u1eddng t\u1edbi 75<sup>o<\/sup>C<\/span><\/li>\n<\/ul>","protected":false},"excerpt":{"rendered":"<p><span style=\"color: #333333;\">B\u1ec3 c\u0103ng m\u00f4 b\u1ec7nh h\u1ecdc \u0111\u01b0\u1ee3c thi\u1ebft k\u1ebf v\u1edbi <strong>kh\u1ea3 n\u0103ng ki\u1ec3m so\u00e1t nhi\u1ec7t \u0111\u1ed9 ch\u00ednh x\u00e1c<\/strong><strong>,<\/strong> tr\u1edf th\u00e0nh c\u00f4ng c\u1ee5 kh\u00f4ng th\u1ec3 thi\u1ebfu trong c\u00e1c ph\u00f2ng th\u00ed nghi\u1ec7m m\u00f4 h\u1ecdc. Thi\u1ebft b\u1ecb \u0111\u1ea3m b\u1ea3o <strong>x\u1eed l\u00fd m\u1eabu ch\u00ednh x\u00e1c v\u00e0 lo\u1ea1i b\u1ecf paraffin hi\u1ec7u qu\u1ea3<\/strong><strong>,<\/strong> gi\u00fap t\u1ed1i \u01b0u h\u00f3a <strong>chu\u1ea9n b\u1ecb m\u00f4<\/strong> cho <strong>ph\u00e2n t\u00edch hi\u1ec3n vi v\u00e0 ch\u1ea9n \u0111o\u00e1n b\u1ec7nh l\u00fd<\/strong>.<\/span><\/p>","protected":false},"featured_media":984,"template":"","meta":{"inline_featured_image":false},"product_brand":[46],"product_cat":[72,76],"product_tag":[],"class_list":{"0":"post-983","1":"product","2":"type-product","3":"status-publish","4":"has-post-thumbnail","6":"product_brand-amos-scientific","7":"product_cat-giai-phau-benh-phap-y","8":"product_cat-may-xu-ly-mo","10":"first","11":"instock","12":"featured","13":"shipping-taxable","14":"product-type-simple"},"yoast_head":"<!-- This site is optimized with the Yoast SEO plugin v24.7 - https:\/\/yoast.com\/wordpress\/plugins\/seo\/ -->\n<title>B\u1ec3 c\u0103ng m\u00f4 - HTI Scientific<\/title>\n<meta name=\"description\" content=\"B\u1ec3 c\u0103ng m\u00f4 b\u1ec7nh h\u1ecdc \u0111\u01b0\u1ee3c thi\u1ebft k\u1ebf v\u1edbi kh\u1ea3 n\u0103ng ki\u1ec3m so\u00e1t nhi\u1ec7t \u0111\u1ed9 ch\u00ednh x\u00e1c, tr\u1edf th\u00e0nh c\u00f4ng c\u1ee5 kh\u00f4ng th\u1ec3 thi\u1ebfu trong c\u00e1c ph\u00f2ng th\u00ed nghi\u1ec7m m\u00f4 h\u1ecdc.\" \/>\n<meta name=\"robots\" content=\"index, follow, max-snippet:-1, max-image-preview:large, max-video-preview:-1\" \/>\n<link rel=\"canonical\" href=\"https:\/\/htiscientific.vn\/en\/product\/be-cang-mo\/\" \/>\n<meta property=\"og:locale\" content=\"en_US\" \/>\n<meta property=\"og:type\" content=\"article\" \/>\n<meta property=\"og:title\" content=\"B\u1ec3 c\u0103ng m\u00f4 - HTI Scientific\" \/>\n<meta property=\"og:description\" content=\"B\u1ec3 c\u0103ng m\u00f4 b\u1ec7nh h\u1ecdc \u0111\u01b0\u1ee3c thi\u1ebft k\u1ebf v\u1edbi kh\u1ea3 n\u0103ng ki\u1ec3m so\u00e1t nhi\u1ec7t \u0111\u1ed9 ch\u00ednh x\u00e1c, tr\u1edf th\u00e0nh c\u00f4ng c\u1ee5 kh\u00f4ng th\u1ec3 thi\u1ebfu trong c\u00e1c ph\u00f2ng th\u00ed nghi\u1ec7m m\u00f4 h\u1ecdc.\" \/>\n<meta property=\"og:url\" content=\"https:\/\/htiscientific.vn\/en\/product\/be-cang-mo\/\" \/>\n<meta property=\"og:site_name\" content=\"HTI Scientific\" \/>\n<meta property=\"article:publisher\" content=\"https:\/\/www.facebook.com\/htiscientific.vn\" \/>\n<meta property=\"article:modified_time\" content=\"2025-07-10T02:25:29+00:00\" \/>\n<meta property=\"og:image\" content=\"https:\/\/htiscientific.vn\/wp-content\/uploads\/2025\/03\/be-cang-mo-amos-awb-210-1.jpg\" \/>\n\t<meta property=\"og:image:width\" content=\"598\" \/>\n\t<meta property=\"og:image:height\" content=\"449\" \/>\n\t<meta property=\"og:image:type\" content=\"image\/jpeg\" \/>\n<meta name=\"twitter:card\" content=\"summary_large_image\" \/>\n<meta name=\"twitter:label1\" content=\"Est. reading time\" \/>\n\t<meta name=\"twitter:data1\" content=\"1 minute\" \/>\n<script type=\"application\/ld+json\" class=\"yoast-schema-graph\">{\"@context\":\"https:\/\/schema.org\",\"@graph\":[{\"@type\":\"WebPage\",\"@id\":\"https:\/\/htiscientific.vn\/san-pham\/be-cang-mo\/\",\"url\":\"https:\/\/htiscientific.vn\/san-pham\/be-cang-mo\/\",\"name\":\"B\u1ec3 c\u0103ng m\u00f4 - HTI Scientific\",\"isPartOf\":{\"@id\":\"https:\/\/htiscientific.vn\/#website\"},\"primaryImageOfPage\":{\"@id\":\"https:\/\/htiscientific.vn\/san-pham\/be-cang-mo\/#primaryimage\"},\"image\":{\"@id\":\"https:\/\/htiscientific.vn\/san-pham\/be-cang-mo\/#primaryimage\"},\"thumbnailUrl\":\"https:\/\/htiscientific.vn\/wp-content\/uploads\/2025\/03\/be-cang-mo-amos-awb-210-1.jpg\",\"datePublished\":\"2025-03-30T04:57:20+00:00\",\"dateModified\":\"2025-07-10T02:25:29+00:00\",\"description\":\"B\u1ec3 c\u0103ng m\u00f4 b\u1ec7nh h\u1ecdc \u0111\u01b0\u1ee3c thi\u1ebft k\u1ebf v\u1edbi kh\u1ea3 n\u0103ng ki\u1ec3m so\u00e1t nhi\u1ec7t \u0111\u1ed9 ch\u00ednh x\u00e1c, tr\u1edf th\u00e0nh c\u00f4ng c\u1ee5 kh\u00f4ng th\u1ec3 thi\u1ebfu trong c\u00e1c ph\u00f2ng th\u00ed nghi\u1ec7m m\u00f4 h\u1ecdc.\",\"breadcrumb\":{\"@id\":\"https:\/\/htiscientific.vn\/san-pham\/be-cang-mo\/#breadcrumb\"},\"inLanguage\":\"en-US\",\"potentialAction\":[{\"@type\":\"ReadAction\",\"target\":[\"https:\/\/htiscientific.vn\/san-pham\/be-cang-mo\/\"]}]},{\"@type\":\"ImageObject\",\"inLanguage\":\"en-US\",\"@id\":\"https:\/\/htiscientific.vn\/san-pham\/be-cang-mo\/#primaryimage\",\"url\":\"https:\/\/htiscientific.vn\/wp-content\/uploads\/2025\/03\/be-cang-mo-amos-awb-210-1.jpg\",\"contentUrl\":\"https:\/\/htiscientific.vn\/wp-content\/uploads\/2025\/03\/be-cang-mo-amos-awb-210-1.jpg\",\"width\":598,\"height\":449,\"caption\":\"B\u1ec3 c\u0103ng m\u00f4\"},{\"@type\":\"BreadcrumbList\",\"@id\":\"https:\/\/htiscientific.vn\/san-pham\/be-cang-mo\/#breadcrumb\",\"itemListElement\":[{\"@type\":\"ListItem\",\"position\":1,\"name\":\"Trang ch\u1ee7\",\"item\":\"https:\/\/htiscientific.vn\/\"},{\"@type\":\"ListItem\",\"position\":2,\"name\":\"C\u1eeda h\u00e0ng\",\"item\":\"https:\/\/htiscientific.vn\/cua-hang\/\"},{\"@type\":\"ListItem\",\"position\":3,\"name\":\"Gi\u1ea3i ph\u1eabu b\u1ec7nh \/ Ph\u00e1p y\",\"item\":\"https:\/\/htiscientific.vn\/danh-muc-san-pham\/giai-phau-benh-phap-y\/\"},{\"@type\":\"ListItem\",\"position\":4,\"name\":\"M\u00e1y x\u1eed l\u00fd m\u00f4\",\"item\":\"https:\/\/htiscientific.vn\/danh-muc-san-pham\/giai-phau-benh-phap-y\/may-xu-ly-mo\/\"},{\"@type\":\"ListItem\",\"position\":5,\"name\":\"B\u1ec3 c\u0103ng m\u00f4\"}]},{\"@type\":\"WebSite\",\"@id\":\"https:\/\/htiscientific.vn\/#website\",\"url\":\"https:\/\/htiscientific.vn\/\",\"name\":\"HTI Scientific\",\"description\":\"HTI Scientific\",\"publisher\":{\"@id\":\"https:\/\/htiscientific.vn\/#organization\"},\"potentialAction\":[{\"@type\":\"SearchAction\",\"target\":{\"@type\":\"EntryPoint\",\"urlTemplate\":\"https:\/\/htiscientific.vn\/?s={search_term_string}\"},\"query-input\":{\"@type\":\"PropertyValueSpecification\",\"valueRequired\":true,\"valueName\":\"search_term_string\"}}],\"inLanguage\":\"en-US\"},{\"@type\":\"Organization\",\"@id\":\"https:\/\/htiscientific.vn\/#organization\",\"name\":\"HTI Scientific\",\"alternateName\":\"HTI Scientific\",\"url\":\"https:\/\/htiscientific.vn\/\",\"logo\":{\"@type\":\"ImageObject\",\"inLanguage\":\"en-US\",\"@id\":\"https:\/\/htiscientific.vn\/#\/schema\/logo\/image\/\",\"url\":\"https:\/\/htiscientific.vn\/wp-content\/uploads\/2025\/03\/ava-hti-copy.jpg\",\"contentUrl\":\"https:\/\/htiscientific.vn\/wp-content\/uploads\/2025\/03\/ava-hti-copy.jpg\",\"width\":700,\"height\":450,\"caption\":\"HTI Scientific\"},\"image\":{\"@id\":\"https:\/\/htiscientific.vn\/#\/schema\/logo\/image\/\"},\"sameAs\":[\"https:\/\/www.facebook.com\/htiscientific.vn\"]}]}<\/script>\n<!-- \/ Yoast SEO plugin. -->","yoast_head_json":{"title":"B\u1ec3 c\u0103ng m\u00f4 - HTI Scientific","description":"B\u1ec3 c\u0103ng m\u00f4 b\u1ec7nh h\u1ecdc \u0111\u01b0\u1ee3c thi\u1ebft k\u1ebf v\u1edbi kh\u1ea3 n\u0103ng ki\u1ec3m so\u00e1t nhi\u1ec7t \u0111\u1ed9 ch\u00ednh x\u00e1c, tr\u1edf th\u00e0nh c\u00f4ng c\u1ee5 kh\u00f4ng th\u1ec3 thi\u1ebfu trong c\u00e1c ph\u00f2ng th\u00ed nghi\u1ec7m m\u00f4 h\u1ecdc.","robots":{"index":"index","follow":"follow","max-snippet":"max-snippet:-1","max-image-preview":"max-image-preview:large","max-video-preview":"max-video-preview:-1"},"canonical":"https:\/\/htiscientific.vn\/en\/product\/be-cang-mo\/","og_locale":"en_US","og_type":"article","og_title":"B\u1ec3 c\u0103ng m\u00f4 - HTI Scientific","og_description":"B\u1ec3 c\u0103ng m\u00f4 b\u1ec7nh h\u1ecdc \u0111\u01b0\u1ee3c thi\u1ebft k\u1ebf v\u1edbi kh\u1ea3 n\u0103ng ki\u1ec3m so\u00e1t nhi\u1ec7t \u0111\u1ed9 ch\u00ednh x\u00e1c, tr\u1edf th\u00e0nh c\u00f4ng c\u1ee5 kh\u00f4ng th\u1ec3 thi\u1ebfu trong c\u00e1c ph\u00f2ng th\u00ed nghi\u1ec7m m\u00f4 h\u1ecdc.","og_url":"https:\/\/htiscientific.vn\/en\/product\/be-cang-mo\/","og_site_name":"HTI Scientific","article_publisher":"https:\/\/www.facebook.com\/htiscientific.vn","article_modified_time":"2025-07-10T02:25:29+00:00","og_image":[{"width":598,"height":449,"url":"https:\/\/htiscientific.vn\/wp-content\/uploads\/2025\/03\/be-cang-mo-amos-awb-210-1.jpg","type":"image\/jpeg"}],"twitter_card":"summary_large_image","twitter_misc":{"Est. reading time":"1 minute"},"schema":{"@context":"https:\/\/schema.org","@graph":[{"@type":"WebPage","@id":"https:\/\/htiscientific.vn\/san-pham\/be-cang-mo\/","url":"https:\/\/htiscientific.vn\/san-pham\/be-cang-mo\/","name":"B\u1ec3 c\u0103ng m\u00f4 - HTI Scientific","isPartOf":{"@id":"https:\/\/htiscientific.vn\/#website"},"primaryImageOfPage":{"@id":"https:\/\/htiscientific.vn\/san-pham\/be-cang-mo\/#primaryimage"},"image":{"@id":"https:\/\/htiscientific.vn\/san-pham\/be-cang-mo\/#primaryimage"},"thumbnailUrl":"https:\/\/htiscientific.vn\/wp-content\/uploads\/2025\/03\/be-cang-mo-amos-awb-210-1.jpg","datePublished":"2025-03-30T04:57:20+00:00","dateModified":"2025-07-10T02:25:29+00:00","description":"B\u1ec3 c\u0103ng m\u00f4 b\u1ec7nh h\u1ecdc \u0111\u01b0\u1ee3c thi\u1ebft k\u1ebf v\u1edbi kh\u1ea3 n\u0103ng ki\u1ec3m so\u00e1t nhi\u1ec7t \u0111\u1ed9 ch\u00ednh x\u00e1c, tr\u1edf th\u00e0nh c\u00f4ng c\u1ee5 kh\u00f4ng th\u1ec3 thi\u1ebfu trong c\u00e1c ph\u00f2ng th\u00ed nghi\u1ec7m m\u00f4 h\u1ecdc.","breadcrumb":{"@id":"https:\/\/htiscientific.vn\/san-pham\/be-cang-mo\/#breadcrumb"},"inLanguage":"en-US","potentialAction":[{"@type":"ReadAction","target":["https:\/\/htiscientific.vn\/san-pham\/be-cang-mo\/"]}]},{"@type":"ImageObject","inLanguage":"en-US","@id":"https:\/\/htiscientific.vn\/san-pham\/be-cang-mo\/#primaryimage","url":"https:\/\/htiscientific.vn\/wp-content\/uploads\/2025\/03\/be-cang-mo-amos-awb-210-1.jpg","contentUrl":"https:\/\/htiscientific.vn\/wp-content\/uploads\/2025\/03\/be-cang-mo-amos-awb-210-1.jpg","width":598,"height":449,"caption":"B\u1ec3 c\u0103ng m\u00f4"},{"@type":"BreadcrumbList","@id":"https:\/\/htiscientific.vn\/san-pham\/be-cang-mo\/#breadcrumb","itemListElement":[{"@type":"ListItem","position":1,"name":"Trang ch\u1ee7","item":"https:\/\/htiscientific.vn\/"},{"@type":"ListItem","position":2,"name":"C\u1eeda h\u00e0ng","item":"https:\/\/htiscientific.vn\/cua-hang\/"},{"@type":"ListItem","position":3,"name":"Gi\u1ea3i ph\u1eabu b\u1ec7nh \/ Ph\u00e1p y","item":"https:\/\/htiscientific.vn\/danh-muc-san-pham\/giai-phau-benh-phap-y\/"},{"@type":"ListItem","position":4,"name":"M\u00e1y x\u1eed l\u00fd m\u00f4","item":"https:\/\/htiscientific.vn\/danh-muc-san-pham\/giai-phau-benh-phap-y\/may-xu-ly-mo\/"},{"@type":"ListItem","position":5,"name":"B\u1ec3 c\u0103ng m\u00f4"}]},{"@type":"WebSite","@id":"https:\/\/htiscientific.vn\/#website","url":"https:\/\/htiscientific.vn\/","name":"HTI Scientific","description":"HTI Scientific","publisher":{"@id":"https:\/\/htiscientific.vn\/#organization"},"potentialAction":[{"@type":"SearchAction","target":{"@type":"EntryPoint","urlTemplate":"https:\/\/htiscientific.vn\/?s={search_term_string}"},"query-input":{"@type":"PropertyValueSpecification","valueRequired":true,"valueName":"search_term_string"}}],"inLanguage":"en-US"},{"@type":"Organization","@id":"https:\/\/htiscientific.vn\/#organization","name":"HTI Scientific","alternateName":"HTI Scientific","url":"https:\/\/htiscientific.vn\/","logo":{"@type":"ImageObject","inLanguage":"en-US","@id":"https:\/\/htiscientific.vn\/#\/schema\/logo\/image\/","url":"https:\/\/htiscientific.vn\/wp-content\/uploads\/2025\/03\/ava-hti-copy.jpg","contentUrl":"https:\/\/htiscientific.vn\/wp-content\/uploads\/2025\/03\/ava-hti-copy.jpg","width":700,"height":450,"caption":"HTI Scientific"},"image":{"@id":"https:\/\/htiscientific.vn\/#\/schema\/logo\/image\/"},"sameAs":["https:\/\/www.facebook.com\/htiscientific.vn"]}]}},"_links":{"self":[{"href":"https:\/\/htiscientific.vn\/en\/wp-json\/wp\/v2\/product\/983","targetHints":{"allow":["GET"]}}],"collection":[{"href":"https:\/\/htiscientific.vn\/en\/wp-json\/wp\/v2\/product"}],"about":[{"href":"https:\/\/htiscientific.vn\/en\/wp-json\/wp\/v2\/types\/product"}],"wp:featuredmedia":[{"embeddable":true,"href":"https:\/\/htiscientific.vn\/en\/wp-json\/wp\/v2\/media\/984"}],"wp:attachment":[{"href":"https:\/\/htiscientific.vn\/en\/wp-json\/wp\/v2\/media?parent=983"}],"wp:term":[{"taxonomy":"product_brand","embeddable":true,"href":"https:\/\/htiscientific.vn\/en\/wp-json\/wp\/v2\/product_brand?post=983"},{"taxonomy":"product_cat","embeddable":true,"href":"https:\/\/htiscientific.vn\/en\/wp-json\/wp\/v2\/product_cat?post=983"},{"taxonomy":"product_tag","embeddable":true,"href":"https:\/\/htiscientific.vn\/en\/wp-json\/wp\/v2\/product_tag?post=983"}],"curies":[{"name":"wp","href":"https:\/\/api.w.org\/{rel}","templated":true}]}}