{"id":973,"date":"2025-03-30T11:48:00","date_gmt":"2025-03-30T04:48:00","guid":{"rendered":"https:\/\/htiscientific.vn\/?post_type=product&#038;p=973"},"modified":"2025-07-10T09:26:56","modified_gmt":"2025-07-10T02:26:56","slug":"may-xu-ly-mau-mo-chan-khong-avtp2500","status":"publish","type":"product","link":"https:\/\/htiscientific.vn\/en\/product\/may-xu-ly-mau-mo-chan-khong-avtp2500\/","title":{"rendered":"M\u00e1y x\u1eed l\u00fd m\u1eabu m\u00f4 ch\u00e2n kh\u00f4ng AVTP2500"},"content":{"rendered":"<p><strong>TH\u00d4NG TIN S\u1ea2N PH\u1ea8M<\/strong><\/p>\n<ul>\n<li>Model: AVTP2500<\/li>\n<li>H\u00e3ng s\u1ea3n xu\u1ea5t: <a href=\"https:\/\/www.amos-scientific.com\/\" target=\"_blank\" rel=\"noopener\">Amos Scientific\u00a0<\/a><\/li>\n<li>Xu\u1ea5t x\u1ee9: \u00dac<\/li>\n<\/ul>\n<p><strong>TH\u00d4NG S\u1ed0 K\u1ef8 THU\u1eacT<\/strong><\/p>\n<ul>\n<li>M\u00e0n h\u00ecnh c\u1ea3m \u1ee9ng m\u00e0u th\u00e2n thi\u1ec7n v\u1edbi ng\u01b0\u1eddi d\u00f9ng, d\u1ec5 s\u1eed d\u1ee5ng, hi\u1ec3n th\u1ecb bi\u1ec3u t\u01b0\u1ee3ng \u0111\u1ed3 h\u1ecda tr\u1ef1c quan.<\/li>\n<li>T\u00ecnh tr\u1ea1ng v\u1eadn h\u00e0nh hi\u1ec3n th\u1ecb r\u00f5 r\u00e0ng tr\u00ean m\u00e0n h\u00ecnh c\u1ea3m \u1ee9ng l\u1edbn, gi\u00fap ng\u01b0\u1eddi d\u00f9ng d\u1ec5 d\u00e0ng theo d\u00f5i.<\/li>\n<li>Ph\u1ea7n m\u1ec1m \u0111\u01a1n gi\u1ea3n h\u00f3a v\u1edbi h\u1ec7 th\u1ed1ng \u0111i\u1ec1u khi\u1ec3n th\u00f4ng minh, t\u1ed1i \u01b0u thao t\u00e1c.<\/li>\n<li>T\u1ef1 \u0111\u1ed9ng thay th\u1ebf thu\u1ed1c th\u1eed: Khi n\u1ed3ng \u0111\u1ed9 c\u1ed3n trong b\u1ec3 \u0111\u1ea7u ti\u00ean gi\u1ea3m d\u01b0\u1edbi m\u1ee9c y\u00eau c\u1ea7u sau s\u1ed1 l\u1ea7n s\u1eed d\u1ee5ng c\u00e0i \u0111\u1eb7t, h\u1ec7 th\u1ed1ng s\u1ebd th\u00f4ng b\u00e1o. Sau \u0111\u00f3, c\u1ed3n trong b\u1ec3 n\u00e0y s\u1ebd \u0111\u01b0\u1ee3c x\u1ea3, v\u00e0 thu\u1ed1c th\u1eed trong c\u00e1c b\u1ec3 kh\u00e1c s\u1ebd t\u1ef1 \u0111\u1ed9ng di chuy\u1ec3n tu\u1ea7n t\u1ef1, gi\u00fap ti\u1ebft ki\u1ec7m h\u00f3a ch\u1ea5t.<\/li>\n<li>L\u01b0u tr\u1eef h\u00e0ng tr\u0103m giao th\u1ee9c, \u0111\u00e1p \u1ee9ng nhu c\u1ea7u x\u1eed l\u00fd m\u00f4 kh\u00e1c nhau, cho ph\u00e9p t\u00f9y ch\u1ec9nh tr\u1ef1c ti\u1ebfp tr\u00ean giao di\u1ec7n.<\/li>\n<li>Hai lo\u1ea1i van ph\u00e2n ph\u1ed1i ri\u00eang bi\u1ec7t cho thu\u1ed1c th\u1eed v\u00e0 paraffin, \u0111\u1ea3m b\u1ea3o kh\u00f4ng b\u1ecb l\u1eabn l\u1ed9n, gi\u1ea3m thi\u1ec3u nguy c\u01a1 t\u1eafc \u1ed1ng \u1edf nhi\u1ec7t \u0111\u1ed9 m\u00f4i tr\u01b0\u1eddng.<\/li>\n<li>Ch\u1ee9c n\u0103ng b\u1ea3o v\u1ec7 khi m\u1ea5t \u0111i\u1ec7n, h\u1ed7 tr\u1ee3 k\u1ebft n\u1ed1i UPS b\u00ean ngo\u00e0i \u0111\u1ec3 ng\u0103n ng\u1eeba h\u01b0 h\u1ea1i m\u1eabu do m\u1ea5t \u0111i\u1ec7n \u0111\u1ed9t ng\u1ed9t. Khi ngu\u1ed3n \u0111i\u1ec7n \u0111\u01b0\u1ee3c kh\u00f4i ph\u1ee5c, ch\u01b0\u01a1ng tr\u00ecnh tr\u01b0\u1edbc \u0111\u00f3 s\u1ebd t\u1ef1 \u0111\u1ed9ng ti\u1ebfp t\u1ee5c v\u00e0 ho\u00e0n th\u00e0nh.<\/li>\n<li>Ki\u1ec3m tra t\u00ecnh tr\u1ea1ng k\u00edn kh\u00ed tr\u01b0\u1edbc khi ho\u1ea1t \u0111\u1ed9ng, ph\u00e1t hi\u1ec7n b\u1ea5t th\u01b0\u1eddng v\u00e0 c\u1ea3nh b\u00e1o ngay khi c\u00f3 l\u1ed7i.<\/li>\n<li>M\u1eabu m\u00f4 \u0111\u01b0\u1ee3c \u0111\u1eb7t trong b\u1ec3 s\u00e1p ch\u00e2n kh\u00f4ng, gi\u00fap lo\u1ea1i b\u1ecf nguy c\u01a1 nhi\u1ec5m b\u1ea9n kh\u00f4ng kh\u00ed v\u00e0 th\u1ef1c hi\u1ec7n s\u1ea5y kh\u00f4 trong m\u00f4i tr\u01b0\u1eddng ki\u1ec3m so\u00e1t.<\/li>\n<\/ul>","protected":false},"excerpt":{"rendered":"<p>M\u00e1y x\u1eed l\u00fd m\u00f4 ch\u00e2n kh\u00f4ng l\u00e0 c\u00f4ng c\u1ee5 thi\u1ebft y\u1ebfu gi\u00fap \u0111\u1ea9y nhanh v\u00e0 n\u00e2ng cao \u0111\u1ed9 ch\u00ednh x\u00e1c trong qu\u00e1 tr\u00ecnh x\u1eed l\u00fd m\u1eabu m\u00f4 b\u1ec7nh h\u1ecdc. C\u00f4ng ngh\u1ec7 h\u1ed7 tr\u1ee3 ch\u00e2n kh\u00f4ng gi\u00fap t\u0103ng t\u1ed1c \u0111\u1ed9 c\u1ed1 \u0111\u1ecbnh v\u00e0 kh\u1eed n\u01b0\u1edbc m\u00f4, t\u1ed1i \u01b0u hi\u1ec7u su\u1ea5t ph\u00f2ng th\u00ed nghi\u1ec7m trong khi v\u1eabn \u0111\u1ea3m b\u1ea3o ch\u1ea5t l\u01b0\u1ee3ng m\u1eabu.<\/p>","protected":false},"featured_media":974,"template":"","meta":{"inline_featured_image":false},"product_brand":[46],"product_cat":[72,76],"product_tag":[],"class_list":{"0":"post-973","1":"product","2":"type-product","3":"status-publish","4":"has-post-thumbnail","6":"product_brand-amos-scientific","7":"product_cat-giai-phau-benh-phap-y","8":"product_cat-may-xu-ly-mo","10":"first","11":"instock","12":"featured","13":"shipping-taxable","14":"product-type-simple"},"yoast_head":"<!-- This site is optimized with the Yoast SEO plugin v24.7 - https:\/\/yoast.com\/wordpress\/plugins\/seo\/ -->\n<title>M\u00e1y x\u1eed l\u00fd m\u1eabu m\u00f4 ch\u00e2n kh\u00f4ng AVTP2500 - HTI Scientific<\/title>\n<meta name=\"description\" content=\"M\u00e1y x\u1eed l\u00fd m\u00f4 ch\u00e2n kh\u00f4ng l\u00e0 c\u00f4ng c\u1ee5 thi\u1ebft y\u1ebfu gi\u00fap \u0111\u1ea9y nhanh v\u00e0 n\u00e2ng cao \u0111\u1ed9 ch\u00ednh x\u00e1c trong qu\u00e1 tr\u00ecnh x\u1eed l\u00fd m\u1eabu m\u00f4 b\u1ec7nh h\u1ecdc.\" \/>\n<meta name=\"robots\" content=\"index, follow, max-snippet:-1, max-image-preview:large, max-video-preview:-1\" \/>\n<link rel=\"canonical\" href=\"https:\/\/htiscientific.vn\/en\/product\/may-xu-ly-mau-mo-chan-khong-avtp2500\/\" \/>\n<meta property=\"og:locale\" content=\"en_US\" \/>\n<meta property=\"og:type\" content=\"article\" \/>\n<meta property=\"og:title\" content=\"M\u00e1y x\u1eed l\u00fd m\u1eabu m\u00f4 ch\u00e2n kh\u00f4ng AVTP2500 - HTI Scientific\" \/>\n<meta property=\"og:description\" content=\"M\u00e1y x\u1eed l\u00fd m\u00f4 ch\u00e2n kh\u00f4ng l\u00e0 c\u00f4ng c\u1ee5 thi\u1ebft y\u1ebfu gi\u00fap \u0111\u1ea9y nhanh v\u00e0 n\u00e2ng cao \u0111\u1ed9 ch\u00ednh x\u00e1c trong qu\u00e1 tr\u00ecnh x\u1eed l\u00fd m\u1eabu m\u00f4 b\u1ec7nh h\u1ecdc.\" \/>\n<meta property=\"og:url\" content=\"https:\/\/htiscientific.vn\/en\/product\/may-xu-ly-mau-mo-chan-khong-avtp2500\/\" \/>\n<meta property=\"og:site_name\" content=\"HTI Scientific\" \/>\n<meta property=\"article:publisher\" content=\"https:\/\/www.facebook.com\/htiscientific.vn\" \/>\n<meta property=\"article:modified_time\" content=\"2025-07-10T02:26:56+00:00\" \/>\n<meta property=\"og:image\" content=\"https:\/\/htiscientific.vn\/wp-content\/uploads\/2025\/03\/may-xu-ly-mau-mo-chan-khong-amos-avtp2500-1.jpg\" \/>\n\t<meta property=\"og:image:width\" content=\"330\" \/>\n\t<meta property=\"og:image:height\" content=\"420\" \/>\n\t<meta property=\"og:image:type\" content=\"image\/jpeg\" \/>\n<meta name=\"twitter:card\" content=\"summary_large_image\" \/>\n<meta name=\"twitter:label1\" content=\"Est. reading time\" \/>\n\t<meta name=\"twitter:data1\" content=\"2 minutes\" \/>\n<script type=\"application\/ld+json\" class=\"yoast-schema-graph\">{\"@context\":\"https:\/\/schema.org\",\"@graph\":[{\"@type\":\"WebPage\",\"@id\":\"https:\/\/htiscientific.vn\/san-pham\/may-xu-ly-mau-mo-chan-khong-avtp2500\/\",\"url\":\"https:\/\/htiscientific.vn\/san-pham\/may-xu-ly-mau-mo-chan-khong-avtp2500\/\",\"name\":\"M\u00e1y x\u1eed l\u00fd m\u1eabu m\u00f4 ch\u00e2n kh\u00f4ng AVTP2500 - HTI Scientific\",\"isPartOf\":{\"@id\":\"https:\/\/htiscientific.vn\/#website\"},\"primaryImageOfPage\":{\"@id\":\"https:\/\/htiscientific.vn\/san-pham\/may-xu-ly-mau-mo-chan-khong-avtp2500\/#primaryimage\"},\"image\":{\"@id\":\"https:\/\/htiscientific.vn\/san-pham\/may-xu-ly-mau-mo-chan-khong-avtp2500\/#primaryimage\"},\"thumbnailUrl\":\"https:\/\/htiscientific.vn\/wp-content\/uploads\/2025\/03\/may-xu-ly-mau-mo-chan-khong-amos-avtp2500-1.jpg\",\"datePublished\":\"2025-03-30T04:48:00+00:00\",\"dateModified\":\"2025-07-10T02:26:56+00:00\",\"description\":\"M\u00e1y x\u1eed l\u00fd m\u00f4 ch\u00e2n kh\u00f4ng l\u00e0 c\u00f4ng c\u1ee5 thi\u1ebft y\u1ebfu gi\u00fap \u0111\u1ea9y nhanh v\u00e0 n\u00e2ng cao \u0111\u1ed9 ch\u00ednh x\u00e1c trong qu\u00e1 tr\u00ecnh x\u1eed l\u00fd m\u1eabu m\u00f4 b\u1ec7nh h\u1ecdc.\",\"breadcrumb\":{\"@id\":\"https:\/\/htiscientific.vn\/san-pham\/may-xu-ly-mau-mo-chan-khong-avtp2500\/#breadcrumb\"},\"inLanguage\":\"en-US\",\"potentialAction\":[{\"@type\":\"ReadAction\",\"target\":[\"https:\/\/htiscientific.vn\/san-pham\/may-xu-ly-mau-mo-chan-khong-avtp2500\/\"]}]},{\"@type\":\"ImageObject\",\"inLanguage\":\"en-US\",\"@id\":\"https:\/\/htiscientific.vn\/san-pham\/may-xu-ly-mau-mo-chan-khong-avtp2500\/#primaryimage\",\"url\":\"https:\/\/htiscientific.vn\/wp-content\/uploads\/2025\/03\/may-xu-ly-mau-mo-chan-khong-amos-avtp2500-1.jpg\",\"contentUrl\":\"https:\/\/htiscientific.vn\/wp-content\/uploads\/2025\/03\/may-xu-ly-mau-mo-chan-khong-amos-avtp2500-1.jpg\",\"width\":330,\"height\":420,\"caption\":\"M\u00e1y x\u1eed l\u00fd m\u1eabu m\u00f4 ch\u00e2n kh\u00f4ng\"},{\"@type\":\"BreadcrumbList\",\"@id\":\"https:\/\/htiscientific.vn\/san-pham\/may-xu-ly-mau-mo-chan-khong-avtp2500\/#breadcrumb\",\"itemListElement\":[{\"@type\":\"ListItem\",\"position\":1,\"name\":\"Trang ch\u1ee7\",\"item\":\"https:\/\/htiscientific.vn\/\"},{\"@type\":\"ListItem\",\"position\":2,\"name\":\"C\u1eeda h\u00e0ng\",\"item\":\"https:\/\/htiscientific.vn\/cua-hang\/\"},{\"@type\":\"ListItem\",\"position\":3,\"name\":\"Gi\u1ea3i ph\u1eabu b\u1ec7nh \/ Ph\u00e1p y\",\"item\":\"https:\/\/htiscientific.vn\/danh-muc-san-pham\/giai-phau-benh-phap-y\/\"},{\"@type\":\"ListItem\",\"position\":4,\"name\":\"M\u00e1y x\u1eed l\u00fd m\u00f4\",\"item\":\"https:\/\/htiscientific.vn\/danh-muc-san-pham\/giai-phau-benh-phap-y\/may-xu-ly-mo\/\"},{\"@type\":\"ListItem\",\"position\":5,\"name\":\"M\u00e1y x\u1eed l\u00fd m\u1eabu m\u00f4 ch\u00e2n kh\u00f4ng AVTP2500\"}]},{\"@type\":\"WebSite\",\"@id\":\"https:\/\/htiscientific.vn\/#website\",\"url\":\"https:\/\/htiscientific.vn\/\",\"name\":\"HTI Scientific\",\"description\":\"HTI Scientific\",\"publisher\":{\"@id\":\"https:\/\/htiscientific.vn\/#organization\"},\"potentialAction\":[{\"@type\":\"SearchAction\",\"target\":{\"@type\":\"EntryPoint\",\"urlTemplate\":\"https:\/\/htiscientific.vn\/?s={search_term_string}\"},\"query-input\":{\"@type\":\"PropertyValueSpecification\",\"valueRequired\":true,\"valueName\":\"search_term_string\"}}],\"inLanguage\":\"en-US\"},{\"@type\":\"Organization\",\"@id\":\"https:\/\/htiscientific.vn\/#organization\",\"name\":\"HTI Scientific\",\"alternateName\":\"HTI Scientific\",\"url\":\"https:\/\/htiscientific.vn\/\",\"logo\":{\"@type\":\"ImageObject\",\"inLanguage\":\"en-US\",\"@id\":\"https:\/\/htiscientific.vn\/#\/schema\/logo\/image\/\",\"url\":\"https:\/\/htiscientific.vn\/wp-content\/uploads\/2025\/03\/ava-hti-copy.jpg\",\"contentUrl\":\"https:\/\/htiscientific.vn\/wp-content\/uploads\/2025\/03\/ava-hti-copy.jpg\",\"width\":700,\"height\":450,\"caption\":\"HTI Scientific\"},\"image\":{\"@id\":\"https:\/\/htiscientific.vn\/#\/schema\/logo\/image\/\"},\"sameAs\":[\"https:\/\/www.facebook.com\/htiscientific.vn\"]}]}<\/script>\n<!-- \/ Yoast SEO plugin. -->","yoast_head_json":{"title":"M\u00e1y x\u1eed l\u00fd m\u1eabu m\u00f4 ch\u00e2n kh\u00f4ng AVTP2500 - HTI Scientific","description":"M\u00e1y x\u1eed l\u00fd m\u00f4 ch\u00e2n kh\u00f4ng l\u00e0 c\u00f4ng c\u1ee5 thi\u1ebft y\u1ebfu gi\u00fap \u0111\u1ea9y nhanh v\u00e0 n\u00e2ng cao \u0111\u1ed9 ch\u00ednh x\u00e1c trong qu\u00e1 tr\u00ecnh x\u1eed l\u00fd m\u1eabu m\u00f4 b\u1ec7nh h\u1ecdc.","robots":{"index":"index","follow":"follow","max-snippet":"max-snippet:-1","max-image-preview":"max-image-preview:large","max-video-preview":"max-video-preview:-1"},"canonical":"https:\/\/htiscientific.vn\/en\/product\/may-xu-ly-mau-mo-chan-khong-avtp2500\/","og_locale":"en_US","og_type":"article","og_title":"M\u00e1y x\u1eed l\u00fd m\u1eabu m\u00f4 ch\u00e2n kh\u00f4ng AVTP2500 - HTI Scientific","og_description":"M\u00e1y x\u1eed l\u00fd m\u00f4 ch\u00e2n kh\u00f4ng l\u00e0 c\u00f4ng c\u1ee5 thi\u1ebft y\u1ebfu gi\u00fap \u0111\u1ea9y nhanh v\u00e0 n\u00e2ng cao \u0111\u1ed9 ch\u00ednh x\u00e1c trong qu\u00e1 tr\u00ecnh x\u1eed l\u00fd m\u1eabu m\u00f4 b\u1ec7nh h\u1ecdc.","og_url":"https:\/\/htiscientific.vn\/en\/product\/may-xu-ly-mau-mo-chan-khong-avtp2500\/","og_site_name":"HTI Scientific","article_publisher":"https:\/\/www.facebook.com\/htiscientific.vn","article_modified_time":"2025-07-10T02:26:56+00:00","og_image":[{"width":330,"height":420,"url":"https:\/\/htiscientific.vn\/wp-content\/uploads\/2025\/03\/may-xu-ly-mau-mo-chan-khong-amos-avtp2500-1.jpg","type":"image\/jpeg"}],"twitter_card":"summary_large_image","twitter_misc":{"Est. reading time":"2 minutes"},"schema":{"@context":"https:\/\/schema.org","@graph":[{"@type":"WebPage","@id":"https:\/\/htiscientific.vn\/san-pham\/may-xu-ly-mau-mo-chan-khong-avtp2500\/","url":"https:\/\/htiscientific.vn\/san-pham\/may-xu-ly-mau-mo-chan-khong-avtp2500\/","name":"M\u00e1y x\u1eed l\u00fd m\u1eabu m\u00f4 ch\u00e2n kh\u00f4ng AVTP2500 - HTI Scientific","isPartOf":{"@id":"https:\/\/htiscientific.vn\/#website"},"primaryImageOfPage":{"@id":"https:\/\/htiscientific.vn\/san-pham\/may-xu-ly-mau-mo-chan-khong-avtp2500\/#primaryimage"},"image":{"@id":"https:\/\/htiscientific.vn\/san-pham\/may-xu-ly-mau-mo-chan-khong-avtp2500\/#primaryimage"},"thumbnailUrl":"https:\/\/htiscientific.vn\/wp-content\/uploads\/2025\/03\/may-xu-ly-mau-mo-chan-khong-amos-avtp2500-1.jpg","datePublished":"2025-03-30T04:48:00+00:00","dateModified":"2025-07-10T02:26:56+00:00","description":"M\u00e1y x\u1eed l\u00fd m\u00f4 ch\u00e2n kh\u00f4ng l\u00e0 c\u00f4ng c\u1ee5 thi\u1ebft y\u1ebfu gi\u00fap \u0111\u1ea9y nhanh v\u00e0 n\u00e2ng cao \u0111\u1ed9 ch\u00ednh x\u00e1c trong qu\u00e1 tr\u00ecnh x\u1eed l\u00fd m\u1eabu m\u00f4 b\u1ec7nh h\u1ecdc.","breadcrumb":{"@id":"https:\/\/htiscientific.vn\/san-pham\/may-xu-ly-mau-mo-chan-khong-avtp2500\/#breadcrumb"},"inLanguage":"en-US","potentialAction":[{"@type":"ReadAction","target":["https:\/\/htiscientific.vn\/san-pham\/may-xu-ly-mau-mo-chan-khong-avtp2500\/"]}]},{"@type":"ImageObject","inLanguage":"en-US","@id":"https:\/\/htiscientific.vn\/san-pham\/may-xu-ly-mau-mo-chan-khong-avtp2500\/#primaryimage","url":"https:\/\/htiscientific.vn\/wp-content\/uploads\/2025\/03\/may-xu-ly-mau-mo-chan-khong-amos-avtp2500-1.jpg","contentUrl":"https:\/\/htiscientific.vn\/wp-content\/uploads\/2025\/03\/may-xu-ly-mau-mo-chan-khong-amos-avtp2500-1.jpg","width":330,"height":420,"caption":"M\u00e1y x\u1eed l\u00fd m\u1eabu m\u00f4 ch\u00e2n kh\u00f4ng"},{"@type":"BreadcrumbList","@id":"https:\/\/htiscientific.vn\/san-pham\/may-xu-ly-mau-mo-chan-khong-avtp2500\/#breadcrumb","itemListElement":[{"@type":"ListItem","position":1,"name":"Trang ch\u1ee7","item":"https:\/\/htiscientific.vn\/"},{"@type":"ListItem","position":2,"name":"C\u1eeda h\u00e0ng","item":"https:\/\/htiscientific.vn\/cua-hang\/"},{"@type":"ListItem","position":3,"name":"Gi\u1ea3i ph\u1eabu b\u1ec7nh \/ Ph\u00e1p y","item":"https:\/\/htiscientific.vn\/danh-muc-san-pham\/giai-phau-benh-phap-y\/"},{"@type":"ListItem","position":4,"name":"M\u00e1y x\u1eed l\u00fd m\u00f4","item":"https:\/\/htiscientific.vn\/danh-muc-san-pham\/giai-phau-benh-phap-y\/may-xu-ly-mo\/"},{"@type":"ListItem","position":5,"name":"M\u00e1y x\u1eed l\u00fd m\u1eabu m\u00f4 ch\u00e2n kh\u00f4ng AVTP2500"}]},{"@type":"WebSite","@id":"https:\/\/htiscientific.vn\/#website","url":"https:\/\/htiscientific.vn\/","name":"HTI Scientific","description":"HTI Scientific","publisher":{"@id":"https:\/\/htiscientific.vn\/#organization"},"potentialAction":[{"@type":"SearchAction","target":{"@type":"EntryPoint","urlTemplate":"https:\/\/htiscientific.vn\/?s={search_term_string}"},"query-input":{"@type":"PropertyValueSpecification","valueRequired":true,"valueName":"search_term_string"}}],"inLanguage":"en-US"},{"@type":"Organization","@id":"https:\/\/htiscientific.vn\/#organization","name":"HTI Scientific","alternateName":"HTI Scientific","url":"https:\/\/htiscientific.vn\/","logo":{"@type":"ImageObject","inLanguage":"en-US","@id":"https:\/\/htiscientific.vn\/#\/schema\/logo\/image\/","url":"https:\/\/htiscientific.vn\/wp-content\/uploads\/2025\/03\/ava-hti-copy.jpg","contentUrl":"https:\/\/htiscientific.vn\/wp-content\/uploads\/2025\/03\/ava-hti-copy.jpg","width":700,"height":450,"caption":"HTI Scientific"},"image":{"@id":"https:\/\/htiscientific.vn\/#\/schema\/logo\/image\/"},"sameAs":["https:\/\/www.facebook.com\/htiscientific.vn"]}]}},"_links":{"self":[{"href":"https:\/\/htiscientific.vn\/en\/wp-json\/wp\/v2\/product\/973","targetHints":{"allow":["GET"]}}],"collection":[{"href":"https:\/\/htiscientific.vn\/en\/wp-json\/wp\/v2\/product"}],"about":[{"href":"https:\/\/htiscientific.vn\/en\/wp-json\/wp\/v2\/types\/product"}],"wp:featuredmedia":[{"embeddable":true,"href":"https:\/\/htiscientific.vn\/en\/wp-json\/wp\/v2\/media\/974"}],"wp:attachment":[{"href":"https:\/\/htiscientific.vn\/en\/wp-json\/wp\/v2\/media?parent=973"}],"wp:term":[{"taxonomy":"product_brand","embeddable":true,"href":"https:\/\/htiscientific.vn\/en\/wp-json\/wp\/v2\/product_brand?post=973"},{"taxonomy":"product_cat","embeddable":true,"href":"https:\/\/htiscientific.vn\/en\/wp-json\/wp\/v2\/product_cat?post=973"},{"taxonomy":"product_tag","embeddable":true,"href":"https:\/\/htiscientific.vn\/en\/wp-json\/wp\/v2\/product_tag?post=973"}],"curies":[{"name":"wp","href":"https:\/\/api.w.org\/{rel}","templated":true}]}}