{"id":967,"date":"2025-03-30T11:11:47","date_gmt":"2025-03-30T04:11:47","guid":{"rendered":"https:\/\/htiscientific.vn\/?post_type=product&#038;p=967"},"modified":"2025-05-07T14:05:20","modified_gmt":"2025-05-07T07:05:20","slug":"may-chuyen-mau-atp200","status":"publish","type":"product","link":"https:\/\/htiscientific.vn\/en\/product\/may-chuyen-mau-atp200\/","title":{"rendered":"M\u00e1y chuy\u1ec3n m\u1eabu ATP200"},"content":{"rendered":"<p><strong><span style=\"color: #333333;\">TH\u00d4NG TIN S\u1ea2N PH\u1ea8M<\/span><\/strong><\/p>\n<ul>\n<li><span style=\"color: #333333;\">Model: ATP200<\/span><\/li>\n<li><span style=\"color: #333333;\">H\u00e3ng s\u1ea3n xu\u1ea5t: <a href=\"https:\/\/www.amos-scientific.com\/\" target=\"_blank\" rel=\"noopener\">Amos Scientific<\/a><\/span><\/li>\n<li><span style=\"color: #333333;\">Xu\u1ea5t x\u1ee9: \u00dac<\/span><\/li>\n<\/ul>\n<p><strong><span style=\"color: #333333;\">TH\u00d4NG S\u1ed0 K\u1ef8 THU\u1eacT<\/span><\/strong><\/p>\n<ul>\n<li><span style=\"color: #333333;\">Thi\u1ebft b\u1ecb ch\u1eafc ch\u1eafn, d\u1ec5 s\u1eed d\u1ee5ng, \u0111\u01b0\u1ee3c l\u1eafp \u0111\u1eb7t tr\u00ean khung kim lo\u1ea1i d\u1ea1ng \u1ed1ng c\u00f3 l\u1edbp ch\u1ed1ng g\u1ec9, ho\u00e0n thi\u1ec7n b\u1eb1ng nh\u1ef1a resin ch\u1ecbu l\u1ef1c cao.<\/span><\/li>\n<li><span style=\"color: #333333;\">B\u1ec1 m\u1eb7t ngo\u00e0i m\u00e0u tr\u1eafng, ch\u1ecbu \u0111\u01b0\u1ee3c m\u00f4i tr\u01b0\u1eddng ph\u00f2ng th\u00ed nghi\u1ec7m v\u00e0 h\u00f3a ch\u1ea5t nh\u01b0 xylen.<\/span><\/li>\n<li><span style=\"color: #333333;\">B\u1ea3ng \u0111i\u1ec1u khi\u1ec3n c\u1ea3m \u1ee9ng k\u1ef9 thu\u1eadt s\u1ed1 vi x\u1eed l\u00fd, cho ph\u00e9p ki\u1ec3m so\u00e1t c\u00e1c ch\u1ee9c n\u0103ng nh\u01b0 ng\u00e0y, gi\u1edd, n\u0103m v\u00e0 c\u00e0i \u0111\u1eb7t th\u00f4ng s\u1ed1 v\u1eadn h\u00e0nh.<\/span><\/li>\n<li><span style=\"color: #333333;\">L\u1eadp tr\u00ecnh 24 gi\u1edd\/ng\u00e0y, c\u00f3 th\u1ec3 c\u00e0i \u0111\u1eb7t ch\u1ebf \u0111\u1ed9 tr\u00ec ho\u00e3n th\u1eddi gian cho cu\u1ed1i tu\u1ea7n ho\u1eb7c ng\u00e0y l\u1ec5 d\u00e0i.<\/span><\/li>\n<li><span style=\"color: #333333;\">L\u1eadp tr\u00ecnh linh ho\u1ea1t, cho ph\u00e9p ch\u1ecdn kho\u1ea3ng th\u1eddi gian x\u1eed l\u00fd t\u00f9y theo nhu c\u1ea7u ng\u01b0\u1eddi v\u1eadn h\u00e0nh.<\/span><\/li>\n<li><span style=\"color: #333333;\">Ki\u1ec3m so\u00e1t th\u1eddi gian v\u00e0 t\u1ed1c \u0111\u1ed9 thay b\u1ec3, \u0111\u1ea3m b\u1ea3o tho\u00e1t ho\u00e0n to\u00e0n dung d\u1ecbch v\u00e0 h\u1ea1n ch\u1ebf t\u1ed1i \u0111a nhi\u1ec5m ch\u00e9o gi\u1eefa c\u00e1c b\u1ec3.<\/span><\/li>\n<li><span style=\"color: #333333;\">Pin t\u00edch h\u1ee3p v\u1edbi tu\u1ed5i th\u1ecd l\u00ean \u0111\u1ebfn 10 n\u0103m, gi\u00fap b\u1ea3o v\u1ec7 d\u1eef li\u1ec7u ngay c\u1ea3 khi m\u1ea5t \u0111i\u1ec7n.<\/span><\/li>\n<li><span style=\"color: #333333;\">C\u1ea3m bi\u1ebfn b\u1ea3o v\u1ec7 nhi\u1ec7t \u0111\u1ed9 cho t\u1eebng b\u1ec3 paraffin, v\u1edbi c\u1ea3nh b\u00e1o \u00e2m thanh v\u00e0 h\u00ecnh \u1ea3nh khi nhi\u1ec7t \u0111\u1ed9 v\u01b0\u1ee3t ho\u1eb7c th\u1ea5p h\u01a1n m\u1ee9c cho ph\u00e9p.<\/span><\/li>\n<li><span style=\"color: #333333;\">H\u1ec7 th\u1ed1ng b\u1ea3o v\u1ec7, ng\u0103n ch\u1eb7n xylen t\u1eeb b\u1ec3 cu\u1ed1i c\u00f9ng x\u00e2m nh\u1eadp v\u00e0o paraffin n\u1ebfu nhi\u1ec7t \u0111\u1ed9 kh\u00f4ng \u0111\u1ea1t ti\u00eau chu\u1ea9n c\u00e0i \u0111\u1eb7t.<\/span><\/li>\n<li><span style=\"color: #333333;\">Dung t\u00edch t\u1ed1i \u0111a 255 cassette nh\u1ef1a, khi s\u1eed d\u1ee5ng 03 gi\u1ecf (t\u00f9y ch\u1ecdn m\u1edf r\u1ed9ng).<\/span><\/li>\n<li><span style=\"color: #333333;\">H\u1ed7 tr\u1ee3 10 b\u1ec3 h\u00f3a ch\u1ea5t, v\u1edbi 2 ho\u1eb7c 3 b\u1ec3 paraffin t\u00f9y ch\u1ecdn, t\u1ed5ng c\u1ed9ng 12 b\u1ec3, dung t\u00edch 2.000 ml\/b\u1ec3.<\/span><\/li>\n<li><span style=\"color: #333333;\">B\u1ec3 ch\u1ee9a c\u00f3 n\u1eafp \u0111\u1eady k\u00edn, gi\u00fap gi\u1ea3m thi\u1ec3u \u00f4 nhi\u1ec5m m\u00f4i tr\u01b0\u1eddng.<\/span><\/li>\n<li><span style=\"color: #333333;\">H\u1ec7 th\u1ed1ng gia nhi\u1ec7t paraffin tr\u1ef1c ti\u1ebfp trong b\u1ec3, \u0111\u1ea3m b\u1ea3o ki\u1ec3m so\u00e1t nhi\u1ec7t \u0111\u1ed9 t\u1ed1i \u01b0u.<\/span><\/li>\n<\/ul>","protected":false},"excerpt":{"rendered":"<p><span style=\"color: #333333;\">Tr\u1ea3i nghi\u1ec7m quy tr\u00ecnh x\u1eed l\u00fd m\u00f4 m\u01b0\u1ee3t m\u00e0 v\u1edbi M\u00e1y chuy\u1ec3n m\u1eabu ATP200. Thi\u1ebft b\u1ecb ph\u00f2ng th\u00ed nghi\u1ec7m ti\u00ean ti\u1ebfn n\u00e0y t\u1ef1 \u0111\u1ed9ng h\u00f3a qu\u00e1 tr\u00ecnh c\u1ed1 \u0111\u1ecbnh v\u00e0 kh\u1eed n\u01b0\u1edbc m\u1eabu, gi\u00fap t\u1ed1i \u01b0u h\u00f3a hi\u1ec7u su\u1ea5t l\u00e0m vi\u1ec7c trong khi v\u1eabn \u0111\u1ea3m b\u1ea3o t\u00ednh to\u00e0n v\u1eb9n c\u1ee7a m\u1eabu, ph\u1ee5c v\u1ee5 ph\u00e2n t\u00edch m\u00f4 b\u1ec7nh h\u1ecdc ch\u00ednh x\u00e1c.<\/span><\/p>","protected":false},"featured_media":972,"template":"","meta":{"inline_featured_image":false},"product_brand":[46],"product_cat":[76],"product_tag":[],"class_list":{"0":"post-967","1":"product","2":"type-product","3":"status-publish","4":"has-post-thumbnail","6":"product_brand-amos-scientific","7":"product_cat-may-xu-ly-mo","9":"first","10":"instock","11":"featured","12":"shipping-taxable","13":"product-type-simple"},"yoast_head":"<!-- This site is optimized with the Yoast SEO plugin v24.7 - https:\/\/yoast.com\/wordpress\/plugins\/seo\/ -->\n<title>M\u00e1y chuy\u1ec3n m\u1eabu ATP200 - HTI Scientific<\/title>\n<meta name=\"description\" content=\"M\u00e1y chuy\u1ec3n m\u1eabu ATP200 ch\u1eafc ch\u1eafn, d\u1ec5 s\u1eed d\u1ee5ng, \u0111\u01b0\u1ee3c l\u1eafp \u0111\u1eb7t tr\u00ean khung kim lo\u1ea1i d\u1ea1ng \u1ed1ng c\u00f3 l\u1edbp ch\u1ed1ng g\u1ec9, ho\u00e0n thi\u1ec7n b\u1eb1ng nh\u1ef1a resin ch\u1ecbu l\u1ef1c cao.\" \/>\n<meta name=\"robots\" content=\"index, follow, max-snippet:-1, max-image-preview:large, max-video-preview:-1\" \/>\n<link rel=\"canonical\" href=\"https:\/\/htiscientific.vn\/en\/product\/may-chuyen-mau-atp200\/\" \/>\n<meta property=\"og:locale\" content=\"en_US\" \/>\n<meta property=\"og:type\" content=\"article\" \/>\n<meta property=\"og:title\" content=\"M\u00e1y chuy\u1ec3n m\u1eabu ATP200 - HTI Scientific\" \/>\n<meta property=\"og:description\" content=\"M\u00e1y chuy\u1ec3n m\u1eabu ATP200 ch\u1eafc ch\u1eafn, d\u1ec5 s\u1eed d\u1ee5ng, \u0111\u01b0\u1ee3c l\u1eafp \u0111\u1eb7t tr\u00ean khung kim lo\u1ea1i d\u1ea1ng \u1ed1ng c\u00f3 l\u1edbp ch\u1ed1ng g\u1ec9, ho\u00e0n thi\u1ec7n b\u1eb1ng nh\u1ef1a resin ch\u1ecbu l\u1ef1c cao.\" \/>\n<meta property=\"og:url\" content=\"https:\/\/htiscientific.vn\/en\/product\/may-chuyen-mau-atp200\/\" \/>\n<meta property=\"og:site_name\" content=\"HTI Scientific\" \/>\n<meta property=\"article:publisher\" content=\"https:\/\/www.facebook.com\/htiscientific.vn\" \/>\n<meta property=\"article:modified_time\" content=\"2025-05-07T07:05:20+00:00\" \/>\n<meta property=\"og:image\" content=\"https:\/\/htiscientific.vn\/wp-content\/uploads\/2025\/03\/may-chuyen-mau-amos-atp200-5.png\" \/>\n\t<meta property=\"og:image:width\" content=\"598\" \/>\n\t<meta property=\"og:image:height\" content=\"449\" \/>\n\t<meta property=\"og:image:type\" content=\"image\/png\" \/>\n<meta name=\"twitter:card\" content=\"summary_large_image\" \/>\n<meta name=\"twitter:label1\" content=\"Est. reading time\" \/>\n\t<meta name=\"twitter:data1\" content=\"2 minutes\" \/>\n<script type=\"application\/ld+json\" class=\"yoast-schema-graph\">{\"@context\":\"https:\/\/schema.org\",\"@graph\":[{\"@type\":\"WebPage\",\"@id\":\"https:\/\/htiscientific.vn\/san-pham\/may-chuyen-mau-atp200\/\",\"url\":\"https:\/\/htiscientific.vn\/san-pham\/may-chuyen-mau-atp200\/\",\"name\":\"M\u00e1y chuy\u1ec3n m\u1eabu ATP200 - HTI Scientific\",\"isPartOf\":{\"@id\":\"https:\/\/htiscientific.vn\/#website\"},\"primaryImageOfPage\":{\"@id\":\"https:\/\/htiscientific.vn\/san-pham\/may-chuyen-mau-atp200\/#primaryimage\"},\"image\":{\"@id\":\"https:\/\/htiscientific.vn\/san-pham\/may-chuyen-mau-atp200\/#primaryimage\"},\"thumbnailUrl\":\"https:\/\/htiscientific.vn\/wp-content\/uploads\/2025\/03\/may-chuyen-mau-amos-atp200-5.png\",\"datePublished\":\"2025-03-30T04:11:47+00:00\",\"dateModified\":\"2025-05-07T07:05:20+00:00\",\"description\":\"M\u00e1y chuy\u1ec3n m\u1eabu ATP200 ch\u1eafc ch\u1eafn, d\u1ec5 s\u1eed d\u1ee5ng, \u0111\u01b0\u1ee3c l\u1eafp \u0111\u1eb7t tr\u00ean khung kim lo\u1ea1i d\u1ea1ng \u1ed1ng c\u00f3 l\u1edbp ch\u1ed1ng g\u1ec9, ho\u00e0n thi\u1ec7n b\u1eb1ng nh\u1ef1a resin ch\u1ecbu l\u1ef1c cao.\",\"breadcrumb\":{\"@id\":\"https:\/\/htiscientific.vn\/san-pham\/may-chuyen-mau-atp200\/#breadcrumb\"},\"inLanguage\":\"en-US\",\"potentialAction\":[{\"@type\":\"ReadAction\",\"target\":[\"https:\/\/htiscientific.vn\/san-pham\/may-chuyen-mau-atp200\/\"]}]},{\"@type\":\"ImageObject\",\"inLanguage\":\"en-US\",\"@id\":\"https:\/\/htiscientific.vn\/san-pham\/may-chuyen-mau-atp200\/#primaryimage\",\"url\":\"https:\/\/htiscientific.vn\/wp-content\/uploads\/2025\/03\/may-chuyen-mau-amos-atp200-5.png\",\"contentUrl\":\"https:\/\/htiscientific.vn\/wp-content\/uploads\/2025\/03\/may-chuyen-mau-amos-atp200-5.png\",\"width\":598,\"height\":449,\"caption\":\"M\u00e1y chuy\u1ec3n m\u1eabu ATP200\"},{\"@type\":\"BreadcrumbList\",\"@id\":\"https:\/\/htiscientific.vn\/san-pham\/may-chuyen-mau-atp200\/#breadcrumb\",\"itemListElement\":[{\"@type\":\"ListItem\",\"position\":1,\"name\":\"Trang ch\u1ee7\",\"item\":\"https:\/\/htiscientific.vn\/\"},{\"@type\":\"ListItem\",\"position\":2,\"name\":\"C\u1eeda h\u00e0ng\",\"item\":\"https:\/\/htiscientific.vn\/cua-hang\/\"},{\"@type\":\"ListItem\",\"position\":3,\"name\":\"Gi\u1ea3i ph\u1eabu b\u1ec7nh \/ Ph\u00e1p y\",\"item\":\"https:\/\/htiscientific.vn\/danh-muc-san-pham\/giai-phau-benh-phap-y\/\"},{\"@type\":\"ListItem\",\"position\":4,\"name\":\"M\u00e1y x\u1eed l\u00fd m\u00f4\",\"item\":\"https:\/\/htiscientific.vn\/danh-muc-san-pham\/giai-phau-benh-phap-y\/may-xu-ly-mo\/\"},{\"@type\":\"ListItem\",\"position\":5,\"name\":\"M\u00e1y chuy\u1ec3n m\u1eabu ATP200\"}]},{\"@type\":\"WebSite\",\"@id\":\"https:\/\/htiscientific.vn\/#website\",\"url\":\"https:\/\/htiscientific.vn\/\",\"name\":\"HTI Scientific\",\"description\":\"HTI Scientific\",\"publisher\":{\"@id\":\"https:\/\/htiscientific.vn\/#organization\"},\"potentialAction\":[{\"@type\":\"SearchAction\",\"target\":{\"@type\":\"EntryPoint\",\"urlTemplate\":\"https:\/\/htiscientific.vn\/?s={search_term_string}\"},\"query-input\":{\"@type\":\"PropertyValueSpecification\",\"valueRequired\":true,\"valueName\":\"search_term_string\"}}],\"inLanguage\":\"en-US\"},{\"@type\":\"Organization\",\"@id\":\"https:\/\/htiscientific.vn\/#organization\",\"name\":\"HTI Scientific\",\"alternateName\":\"HTI Scientific\",\"url\":\"https:\/\/htiscientific.vn\/\",\"logo\":{\"@type\":\"ImageObject\",\"inLanguage\":\"en-US\",\"@id\":\"https:\/\/htiscientific.vn\/#\/schema\/logo\/image\/\",\"url\":\"https:\/\/htiscientific.vn\/wp-content\/uploads\/2025\/03\/ava-hti-copy.jpg\",\"contentUrl\":\"https:\/\/htiscientific.vn\/wp-content\/uploads\/2025\/03\/ava-hti-copy.jpg\",\"width\":700,\"height\":450,\"caption\":\"HTI Scientific\"},\"image\":{\"@id\":\"https:\/\/htiscientific.vn\/#\/schema\/logo\/image\/\"},\"sameAs\":[\"https:\/\/www.facebook.com\/htiscientific.vn\"]}]}<\/script>\n<!-- \/ Yoast SEO plugin. -->","yoast_head_json":{"title":"M\u00e1y chuy\u1ec3n m\u1eabu ATP200 - HTI Scientific","description":"M\u00e1y chuy\u1ec3n m\u1eabu ATP200 ch\u1eafc ch\u1eafn, d\u1ec5 s\u1eed d\u1ee5ng, \u0111\u01b0\u1ee3c l\u1eafp \u0111\u1eb7t tr\u00ean khung kim lo\u1ea1i d\u1ea1ng \u1ed1ng c\u00f3 l\u1edbp ch\u1ed1ng g\u1ec9, ho\u00e0n thi\u1ec7n b\u1eb1ng nh\u1ef1a resin ch\u1ecbu l\u1ef1c cao.","robots":{"index":"index","follow":"follow","max-snippet":"max-snippet:-1","max-image-preview":"max-image-preview:large","max-video-preview":"max-video-preview:-1"},"canonical":"https:\/\/htiscientific.vn\/en\/product\/may-chuyen-mau-atp200\/","og_locale":"en_US","og_type":"article","og_title":"M\u00e1y chuy\u1ec3n m\u1eabu ATP200 - HTI Scientific","og_description":"M\u00e1y chuy\u1ec3n m\u1eabu ATP200 ch\u1eafc ch\u1eafn, d\u1ec5 s\u1eed d\u1ee5ng, \u0111\u01b0\u1ee3c l\u1eafp \u0111\u1eb7t tr\u00ean khung kim lo\u1ea1i d\u1ea1ng \u1ed1ng c\u00f3 l\u1edbp ch\u1ed1ng g\u1ec9, ho\u00e0n thi\u1ec7n b\u1eb1ng nh\u1ef1a resin ch\u1ecbu l\u1ef1c cao.","og_url":"https:\/\/htiscientific.vn\/en\/product\/may-chuyen-mau-atp200\/","og_site_name":"HTI Scientific","article_publisher":"https:\/\/www.facebook.com\/htiscientific.vn","article_modified_time":"2025-05-07T07:05:20+00:00","og_image":[{"width":598,"height":449,"url":"https:\/\/htiscientific.vn\/wp-content\/uploads\/2025\/03\/may-chuyen-mau-amos-atp200-5.png","type":"image\/png"}],"twitter_card":"summary_large_image","twitter_misc":{"Est. reading time":"2 minutes"},"schema":{"@context":"https:\/\/schema.org","@graph":[{"@type":"WebPage","@id":"https:\/\/htiscientific.vn\/san-pham\/may-chuyen-mau-atp200\/","url":"https:\/\/htiscientific.vn\/san-pham\/may-chuyen-mau-atp200\/","name":"M\u00e1y chuy\u1ec3n m\u1eabu ATP200 - HTI Scientific","isPartOf":{"@id":"https:\/\/htiscientific.vn\/#website"},"primaryImageOfPage":{"@id":"https:\/\/htiscientific.vn\/san-pham\/may-chuyen-mau-atp200\/#primaryimage"},"image":{"@id":"https:\/\/htiscientific.vn\/san-pham\/may-chuyen-mau-atp200\/#primaryimage"},"thumbnailUrl":"https:\/\/htiscientific.vn\/wp-content\/uploads\/2025\/03\/may-chuyen-mau-amos-atp200-5.png","datePublished":"2025-03-30T04:11:47+00:00","dateModified":"2025-05-07T07:05:20+00:00","description":"M\u00e1y chuy\u1ec3n m\u1eabu ATP200 ch\u1eafc ch\u1eafn, d\u1ec5 s\u1eed d\u1ee5ng, \u0111\u01b0\u1ee3c l\u1eafp \u0111\u1eb7t tr\u00ean khung kim lo\u1ea1i d\u1ea1ng \u1ed1ng c\u00f3 l\u1edbp ch\u1ed1ng g\u1ec9, ho\u00e0n thi\u1ec7n b\u1eb1ng nh\u1ef1a resin ch\u1ecbu l\u1ef1c cao.","breadcrumb":{"@id":"https:\/\/htiscientific.vn\/san-pham\/may-chuyen-mau-atp200\/#breadcrumb"},"inLanguage":"en-US","potentialAction":[{"@type":"ReadAction","target":["https:\/\/htiscientific.vn\/san-pham\/may-chuyen-mau-atp200\/"]}]},{"@type":"ImageObject","inLanguage":"en-US","@id":"https:\/\/htiscientific.vn\/san-pham\/may-chuyen-mau-atp200\/#primaryimage","url":"https:\/\/htiscientific.vn\/wp-content\/uploads\/2025\/03\/may-chuyen-mau-amos-atp200-5.png","contentUrl":"https:\/\/htiscientific.vn\/wp-content\/uploads\/2025\/03\/may-chuyen-mau-amos-atp200-5.png","width":598,"height":449,"caption":"M\u00e1y chuy\u1ec3n m\u1eabu ATP200"},{"@type":"BreadcrumbList","@id":"https:\/\/htiscientific.vn\/san-pham\/may-chuyen-mau-atp200\/#breadcrumb","itemListElement":[{"@type":"ListItem","position":1,"name":"Trang ch\u1ee7","item":"https:\/\/htiscientific.vn\/"},{"@type":"ListItem","position":2,"name":"C\u1eeda h\u00e0ng","item":"https:\/\/htiscientific.vn\/cua-hang\/"},{"@type":"ListItem","position":3,"name":"Gi\u1ea3i ph\u1eabu b\u1ec7nh \/ Ph\u00e1p y","item":"https:\/\/htiscientific.vn\/danh-muc-san-pham\/giai-phau-benh-phap-y\/"},{"@type":"ListItem","position":4,"name":"M\u00e1y x\u1eed l\u00fd m\u00f4","item":"https:\/\/htiscientific.vn\/danh-muc-san-pham\/giai-phau-benh-phap-y\/may-xu-ly-mo\/"},{"@type":"ListItem","position":5,"name":"M\u00e1y chuy\u1ec3n m\u1eabu ATP200"}]},{"@type":"WebSite","@id":"https:\/\/htiscientific.vn\/#website","url":"https:\/\/htiscientific.vn\/","name":"HTI Scientific","description":"HTI Scientific","publisher":{"@id":"https:\/\/htiscientific.vn\/#organization"},"potentialAction":[{"@type":"SearchAction","target":{"@type":"EntryPoint","urlTemplate":"https:\/\/htiscientific.vn\/?s={search_term_string}"},"query-input":{"@type":"PropertyValueSpecification","valueRequired":true,"valueName":"search_term_string"}}],"inLanguage":"en-US"},{"@type":"Organization","@id":"https:\/\/htiscientific.vn\/#organization","name":"HTI Scientific","alternateName":"HTI Scientific","url":"https:\/\/htiscientific.vn\/","logo":{"@type":"ImageObject","inLanguage":"en-US","@id":"https:\/\/htiscientific.vn\/#\/schema\/logo\/image\/","url":"https:\/\/htiscientific.vn\/wp-content\/uploads\/2025\/03\/ava-hti-copy.jpg","contentUrl":"https:\/\/htiscientific.vn\/wp-content\/uploads\/2025\/03\/ava-hti-copy.jpg","width":700,"height":450,"caption":"HTI Scientific"},"image":{"@id":"https:\/\/htiscientific.vn\/#\/schema\/logo\/image\/"},"sameAs":["https:\/\/www.facebook.com\/htiscientific.vn"]}]}},"_links":{"self":[{"href":"https:\/\/htiscientific.vn\/en\/wp-json\/wp\/v2\/product\/967","targetHints":{"allow":["GET"]}}],"collection":[{"href":"https:\/\/htiscientific.vn\/en\/wp-json\/wp\/v2\/product"}],"about":[{"href":"https:\/\/htiscientific.vn\/en\/wp-json\/wp\/v2\/types\/product"}],"wp:featuredmedia":[{"embeddable":true,"href":"https:\/\/htiscientific.vn\/en\/wp-json\/wp\/v2\/media\/972"}],"wp:attachment":[{"href":"https:\/\/htiscientific.vn\/en\/wp-json\/wp\/v2\/media?parent=967"}],"wp:term":[{"taxonomy":"product_brand","embeddable":true,"href":"https:\/\/htiscientific.vn\/en\/wp-json\/wp\/v2\/product_brand?post=967"},{"taxonomy":"product_cat","embeddable":true,"href":"https:\/\/htiscientific.vn\/en\/wp-json\/wp\/v2\/product_cat?post=967"},{"taxonomy":"product_tag","embeddable":true,"href":"https:\/\/htiscientific.vn\/en\/wp-json\/wp\/v2\/product_tag?post=967"}],"curies":[{"name":"wp","href":"https:\/\/api.w.org\/{rel}","templated":true}]}}