{"id":959,"date":"2025-03-28T18:59:12","date_gmt":"2025-03-28T11:59:12","guid":{"rendered":"https:\/\/htiscientific.vn\/?post_type=product&#038;p=959"},"modified":"2025-07-10T09:30:29","modified_gmt":"2025-07-10T02:30:29","slug":"ban-phan-tich-mau-benh-pham-tst1200","status":"publish","type":"product","link":"https:\/\/htiscientific.vn\/en\/product\/ban-phan-tich-mau-benh-pham-tst1200\/","title":{"rendered":"B\u00e0n ph\u00e2n t\u00edch m\u1eabu b\u1ec7nh ph\u1ea9m TST1200"},"content":{"rendered":"<p>B\u00e0n ph\u00e2n t\u00edch m\u1eabu b\u1ec7nh ph\u1ea9m trong ph\u00f2ng th\u00ed nghi\u1ec7m ti\u00ean ti\u1ebfn, \u0111\u01b0\u1ee3c thi\u1ebft k\u1ebf \u0111\u1ec3 h\u1ed7 tr\u1ee3 ki\u1ec3m tra v\u00e0 c\u1eaft m\u1eabu m\u00f4 m\u1ed9t c\u00e1ch ch\u00ednh x\u00e1c. <strong>B\u00e0n ph\u00e2n t\u00edch m\u1eabu b\u1ec7nh ph\u1ea9m TST1200<\/strong> l\u00e0 b\u00e0n c\u1eaft m\u00f4 b\u1ec7nh h\u1ecdc v\u1edbi thi\u1ebft k\u1ebf v\u1edbi c\u00f4ng ngh\u1ec7 ti\u00ean ti\u1ebfn, gi\u00fap t\u1ed1i \u01b0u h\u00f3a quy tr\u00ecnh l\u00e0m vi\u1ec7c, n\u00e2ng cao \u0111\u1ed9 ch\u00ednh x\u00e1c trong ch\u1ea9n \u0111o\u00e1n m\u00f4 b\u1ec7nh h\u1ecdc.<\/p>\n<h4><strong>TH\u00d4NG TIN S\u1ea2N PH\u1ea8M<\/strong><\/h4>\n<ul>\n<li>Model: TST1200<\/li>\n<li>H\u00e3ng s\u1ea3n xu\u1ea5t: <a href=\"https:\/\/www.amos-scientific.com\/\" target=\"_blank\" rel=\"noopener\">Amos Scientific\u00a0<\/a><\/li>\n<li>Xu\u1ea5t x\u1ee9: \u00dac<\/li>\n<\/ul>\n<h4><strong>TH\u00d4NG S\u1ed0 K\u1ef8 THU\u1eacT<\/strong><\/h4>\n<ul>\n<li>V\u1ecf th\u00e9p kh\u00f4ng g\u1ec9<\/li>\n<li>H\u1ec7 th\u1ed1ng x\u1ea3<\/li>\n<li>H\u1ec7 th\u1ed1ng n\u01b0\u1edbc n\u00f3ng v\u00e0 l\u1ea1nh<\/li>\n<li>\u0110\u00e8n v\u00e0 \u0111\u00e8n kh\u1eed tr\u00f9ng kh\u00f4ng kh\u00ed<\/li>\n<li>M\u00e1y s\u1ea5y tay c\u1ea3m \u1ee9ng t\u1ef1 \u0111\u1ed9ng<\/li>\n<li>B\u00e0n th\u00e9p kh\u00f4ng g\u1ec9 \u0111\u01b0\u1ee3c trang b\u1ecb h\u1ec7 th\u1ed1ng phun ngang, b\u1ed3n r\u1eeda v\u00e0 v\u00f2i n\u01b0\u1edbc d\u1ea1ng \u1ed1ng l\u1ed3ng \u0111a n\u0103ng<\/li>\n<li>M\u00e1y nghi\u1ec1n<\/li>\n<li>K\u00edch th\u01b0\u1edbc: 1700 x 2000 x 800 mm<\/li>\n<\/ul>","protected":false},"excerpt":{"rendered":"<p>B\u00e0n thao t\u00e1c ph\u00f2ng th\u00ed nghi\u1ec7m ti\u00ean ti\u1ebfn, \u0111\u01b0\u1ee3c thi\u1ebft k\u1ebf \u0111\u1ec3 h\u1ed7 tr\u1ee3 ki\u1ec3m tra v\u00e0 c\u1eaft m\u1eabu m\u00f4 m\u1ed9t c\u00e1ch ch\u00ednh x\u00e1c. B\u00e0n ph\u00e2n t\u00edch m\u1eabu b\u1ec7nh ph\u1ea9m TST1200 l\u00e0 b\u00e0n c\u1eaft m\u00f4 b\u1ec7nh h\u1ecdc v\u1edbi thi\u1ebft k\u1ebf v\u1edbi c\u00f4ng ngh\u1ec7 ti\u00ean ti\u1ebfn, gi\u00fap t\u1ed1i \u01b0u h\u00f3a quy tr\u00ecnh l\u00e0m vi\u1ec7c, n\u00e2ng cao \u0111\u1ed9 ch\u00ednh x\u00e1c trong ch\u1ea9n \u0111o\u00e1n m\u00f4 b\u1ec7nh h\u1ecdc.<\/p>","protected":false},"featured_media":963,"template":"","meta":{"inline_featured_image":false},"product_brand":[46],"product_cat":[72,76],"product_tag":[],"class_list":{"0":"post-959","1":"product","2":"type-product","3":"status-publish","4":"has-post-thumbnail","6":"product_brand-amos-scientific","7":"product_cat-giai-phau-benh-phap-y","8":"product_cat-may-xu-ly-mo","10":"first","11":"instock","12":"featured","13":"shipping-taxable","14":"product-type-simple"},"yoast_head":"<!-- This site is optimized with the Yoast SEO plugin v24.7 - https:\/\/yoast.com\/wordpress\/plugins\/seo\/ -->\n<title>B\u00e0n ph\u00e2n t\u00edch m\u1eabu b\u1ec7nh ph\u1ea9m TST1200 - HTI Scientific<\/title>\n<meta name=\"description\" content=\"B\u00e0n ph\u00e2n t\u00edch m\u1eabu b\u1ec7nh ph\u1ea9m TST1200 l\u00e0 b\u00e0n c\u1eaft m\u00f4 b\u1ec7nh h\u1ecdc v\u1edbi thi\u1ebft k\u1ebf v\u1edbi c\u00f4ng ngh\u1ec7 ti\u00ean ti\u1ebfn, gi\u00fap t\u1ed1i \u01b0u h\u00f3a quy tr\u00ecnh l\u00e0m vi\u1ec7c, n\u00e2ng cao \u0111\u1ed9\" \/>\n<meta name=\"robots\" content=\"index, follow, max-snippet:-1, max-image-preview:large, max-video-preview:-1\" \/>\n<link rel=\"canonical\" href=\"https:\/\/htiscientific.vn\/en\/product\/ban-phan-tich-mau-benh-pham-tst1200\/\" \/>\n<meta property=\"og:locale\" content=\"en_US\" \/>\n<meta property=\"og:type\" content=\"article\" \/>\n<meta property=\"og:title\" content=\"B\u00e0n ph\u00e2n t\u00edch m\u1eabu b\u1ec7nh ph\u1ea9m TST1200 - HTI Scientific\" \/>\n<meta property=\"og:description\" content=\"B\u00e0n ph\u00e2n t\u00edch m\u1eabu b\u1ec7nh ph\u1ea9m TST1200 l\u00e0 b\u00e0n c\u1eaft m\u00f4 b\u1ec7nh h\u1ecdc v\u1edbi thi\u1ebft k\u1ebf v\u1edbi c\u00f4ng ngh\u1ec7 ti\u00ean ti\u1ebfn, gi\u00fap t\u1ed1i \u01b0u h\u00f3a quy tr\u00ecnh l\u00e0m vi\u1ec7c, n\u00e2ng cao \u0111\u1ed9\" \/>\n<meta property=\"og:url\" content=\"https:\/\/htiscientific.vn\/en\/product\/ban-phan-tich-mau-benh-pham-tst1200\/\" \/>\n<meta property=\"og:site_name\" content=\"HTI Scientific\" \/>\n<meta property=\"article:publisher\" content=\"https:\/\/www.facebook.com\/htiscientific.vn\" \/>\n<meta property=\"article:modified_time\" content=\"2025-07-10T02:30:29+00:00\" \/>\n<meta property=\"og:image\" content=\"https:\/\/htiscientific.vn\/wp-content\/uploads\/2025\/03\/ban-phan-tich-mau-benh-pham-amos-tst1200-4.jpg\" \/>\n\t<meta property=\"og:image:width\" content=\"598\" \/>\n\t<meta property=\"og:image:height\" content=\"449\" \/>\n\t<meta property=\"og:image:type\" content=\"image\/jpeg\" \/>\n<meta name=\"twitter:card\" content=\"summary_large_image\" \/>\n<meta name=\"twitter:label1\" content=\"Est. reading time\" \/>\n\t<meta name=\"twitter:data1\" content=\"1 minute\" \/>\n<script type=\"application\/ld+json\" class=\"yoast-schema-graph\">{\"@context\":\"https:\/\/schema.org\",\"@graph\":[{\"@type\":\"WebPage\",\"@id\":\"https:\/\/htiscientific.vn\/san-pham\/ban-phan-tich-mau-benh-pham-tst1200\/\",\"url\":\"https:\/\/htiscientific.vn\/san-pham\/ban-phan-tich-mau-benh-pham-tst1200\/\",\"name\":\"B\u00e0n ph\u00e2n t\u00edch m\u1eabu b\u1ec7nh ph\u1ea9m TST1200 - HTI Scientific\",\"isPartOf\":{\"@id\":\"https:\/\/htiscientific.vn\/#website\"},\"primaryImageOfPage\":{\"@id\":\"https:\/\/htiscientific.vn\/san-pham\/ban-phan-tich-mau-benh-pham-tst1200\/#primaryimage\"},\"image\":{\"@id\":\"https:\/\/htiscientific.vn\/san-pham\/ban-phan-tich-mau-benh-pham-tst1200\/#primaryimage\"},\"thumbnailUrl\":\"https:\/\/htiscientific.vn\/wp-content\/uploads\/2025\/03\/ban-phan-tich-mau-benh-pham-amos-tst1200-4.jpg\",\"datePublished\":\"2025-03-28T11:59:12+00:00\",\"dateModified\":\"2025-07-10T02:30:29+00:00\",\"description\":\"B\u00e0n ph\u00e2n t\u00edch m\u1eabu b\u1ec7nh ph\u1ea9m TST1200 l\u00e0 b\u00e0n c\u1eaft m\u00f4 b\u1ec7nh h\u1ecdc v\u1edbi thi\u1ebft k\u1ebf v\u1edbi c\u00f4ng ngh\u1ec7 ti\u00ean ti\u1ebfn, gi\u00fap t\u1ed1i \u01b0u h\u00f3a quy tr\u00ecnh l\u00e0m vi\u1ec7c, n\u00e2ng cao \u0111\u1ed9\",\"breadcrumb\":{\"@id\":\"https:\/\/htiscientific.vn\/san-pham\/ban-phan-tich-mau-benh-pham-tst1200\/#breadcrumb\"},\"inLanguage\":\"en-US\",\"potentialAction\":[{\"@type\":\"ReadAction\",\"target\":[\"https:\/\/htiscientific.vn\/san-pham\/ban-phan-tich-mau-benh-pham-tst1200\/\"]}]},{\"@type\":\"ImageObject\",\"inLanguage\":\"en-US\",\"@id\":\"https:\/\/htiscientific.vn\/san-pham\/ban-phan-tich-mau-benh-pham-tst1200\/#primaryimage\",\"url\":\"https:\/\/htiscientific.vn\/wp-content\/uploads\/2025\/03\/ban-phan-tich-mau-benh-pham-amos-tst1200-4.jpg\",\"contentUrl\":\"https:\/\/htiscientific.vn\/wp-content\/uploads\/2025\/03\/ban-phan-tich-mau-benh-pham-amos-tst1200-4.jpg\",\"width\":598,\"height\":449,\"caption\":\"Ban-phan-tich-mau-benh-pham-amos-tst1200-4\"},{\"@type\":\"BreadcrumbList\",\"@id\":\"https:\/\/htiscientific.vn\/san-pham\/ban-phan-tich-mau-benh-pham-tst1200\/#breadcrumb\",\"itemListElement\":[{\"@type\":\"ListItem\",\"position\":1,\"name\":\"Trang ch\u1ee7\",\"item\":\"https:\/\/htiscientific.vn\/\"},{\"@type\":\"ListItem\",\"position\":2,\"name\":\"C\u1eeda h\u00e0ng\",\"item\":\"https:\/\/htiscientific.vn\/cua-hang\/\"},{\"@type\":\"ListItem\",\"position\":3,\"name\":\"Gi\u1ea3i ph\u1eabu b\u1ec7nh \/ Ph\u00e1p y\",\"item\":\"https:\/\/htiscientific.vn\/danh-muc-san-pham\/giai-phau-benh-phap-y\/\"},{\"@type\":\"ListItem\",\"position\":4,\"name\":\"M\u00e1y x\u1eed l\u00fd m\u00f4\",\"item\":\"https:\/\/htiscientific.vn\/danh-muc-san-pham\/giai-phau-benh-phap-y\/may-xu-ly-mo\/\"},{\"@type\":\"ListItem\",\"position\":5,\"name\":\"B\u00e0n ph\u00e2n t\u00edch m\u1eabu b\u1ec7nh ph\u1ea9m TST1200\"}]},{\"@type\":\"WebSite\",\"@id\":\"https:\/\/htiscientific.vn\/#website\",\"url\":\"https:\/\/htiscientific.vn\/\",\"name\":\"HTI Scientific\",\"description\":\"HTI Scientific\",\"publisher\":{\"@id\":\"https:\/\/htiscientific.vn\/#organization\"},\"potentialAction\":[{\"@type\":\"SearchAction\",\"target\":{\"@type\":\"EntryPoint\",\"urlTemplate\":\"https:\/\/htiscientific.vn\/?s={search_term_string}\"},\"query-input\":{\"@type\":\"PropertyValueSpecification\",\"valueRequired\":true,\"valueName\":\"search_term_string\"}}],\"inLanguage\":\"en-US\"},{\"@type\":\"Organization\",\"@id\":\"https:\/\/htiscientific.vn\/#organization\",\"name\":\"HTI Scientific\",\"alternateName\":\"HTI Scientific\",\"url\":\"https:\/\/htiscientific.vn\/\",\"logo\":{\"@type\":\"ImageObject\",\"inLanguage\":\"en-US\",\"@id\":\"https:\/\/htiscientific.vn\/#\/schema\/logo\/image\/\",\"url\":\"https:\/\/htiscientific.vn\/wp-content\/uploads\/2025\/03\/ava-hti-copy.jpg\",\"contentUrl\":\"https:\/\/htiscientific.vn\/wp-content\/uploads\/2025\/03\/ava-hti-copy.jpg\",\"width\":700,\"height\":450,\"caption\":\"HTI Scientific\"},\"image\":{\"@id\":\"https:\/\/htiscientific.vn\/#\/schema\/logo\/image\/\"},\"sameAs\":[\"https:\/\/www.facebook.com\/htiscientific.vn\"]}]}<\/script>\n<!-- \/ Yoast SEO plugin. -->","yoast_head_json":{"title":"B\u00e0n ph\u00e2n t\u00edch m\u1eabu b\u1ec7nh ph\u1ea9m TST1200 - HTI Scientific","description":"B\u00e0n ph\u00e2n t\u00edch m\u1eabu b\u1ec7nh ph\u1ea9m TST1200 l\u00e0 b\u00e0n c\u1eaft m\u00f4 b\u1ec7nh h\u1ecdc v\u1edbi thi\u1ebft k\u1ebf v\u1edbi c\u00f4ng ngh\u1ec7 ti\u00ean ti\u1ebfn, gi\u00fap t\u1ed1i \u01b0u h\u00f3a quy tr\u00ecnh l\u00e0m vi\u1ec7c, n\u00e2ng cao \u0111\u1ed9","robots":{"index":"index","follow":"follow","max-snippet":"max-snippet:-1","max-image-preview":"max-image-preview:large","max-video-preview":"max-video-preview:-1"},"canonical":"https:\/\/htiscientific.vn\/en\/product\/ban-phan-tich-mau-benh-pham-tst1200\/","og_locale":"en_US","og_type":"article","og_title":"B\u00e0n ph\u00e2n t\u00edch m\u1eabu b\u1ec7nh ph\u1ea9m TST1200 - HTI Scientific","og_description":"B\u00e0n ph\u00e2n t\u00edch m\u1eabu b\u1ec7nh ph\u1ea9m TST1200 l\u00e0 b\u00e0n c\u1eaft m\u00f4 b\u1ec7nh h\u1ecdc v\u1edbi thi\u1ebft k\u1ebf v\u1edbi c\u00f4ng ngh\u1ec7 ti\u00ean ti\u1ebfn, gi\u00fap t\u1ed1i \u01b0u h\u00f3a quy tr\u00ecnh l\u00e0m vi\u1ec7c, n\u00e2ng cao \u0111\u1ed9","og_url":"https:\/\/htiscientific.vn\/en\/product\/ban-phan-tich-mau-benh-pham-tst1200\/","og_site_name":"HTI Scientific","article_publisher":"https:\/\/www.facebook.com\/htiscientific.vn","article_modified_time":"2025-07-10T02:30:29+00:00","og_image":[{"width":598,"height":449,"url":"https:\/\/htiscientific.vn\/wp-content\/uploads\/2025\/03\/ban-phan-tich-mau-benh-pham-amos-tst1200-4.jpg","type":"image\/jpeg"}],"twitter_card":"summary_large_image","twitter_misc":{"Est. reading time":"1 minute"},"schema":{"@context":"https:\/\/schema.org","@graph":[{"@type":"WebPage","@id":"https:\/\/htiscientific.vn\/san-pham\/ban-phan-tich-mau-benh-pham-tst1200\/","url":"https:\/\/htiscientific.vn\/san-pham\/ban-phan-tich-mau-benh-pham-tst1200\/","name":"B\u00e0n ph\u00e2n t\u00edch m\u1eabu b\u1ec7nh ph\u1ea9m TST1200 - HTI Scientific","isPartOf":{"@id":"https:\/\/htiscientific.vn\/#website"},"primaryImageOfPage":{"@id":"https:\/\/htiscientific.vn\/san-pham\/ban-phan-tich-mau-benh-pham-tst1200\/#primaryimage"},"image":{"@id":"https:\/\/htiscientific.vn\/san-pham\/ban-phan-tich-mau-benh-pham-tst1200\/#primaryimage"},"thumbnailUrl":"https:\/\/htiscientific.vn\/wp-content\/uploads\/2025\/03\/ban-phan-tich-mau-benh-pham-amos-tst1200-4.jpg","datePublished":"2025-03-28T11:59:12+00:00","dateModified":"2025-07-10T02:30:29+00:00","description":"B\u00e0n ph\u00e2n t\u00edch m\u1eabu b\u1ec7nh ph\u1ea9m TST1200 l\u00e0 b\u00e0n c\u1eaft m\u00f4 b\u1ec7nh h\u1ecdc v\u1edbi thi\u1ebft k\u1ebf v\u1edbi c\u00f4ng ngh\u1ec7 ti\u00ean ti\u1ebfn, gi\u00fap t\u1ed1i \u01b0u h\u00f3a quy tr\u00ecnh l\u00e0m vi\u1ec7c, n\u00e2ng cao \u0111\u1ed9","breadcrumb":{"@id":"https:\/\/htiscientific.vn\/san-pham\/ban-phan-tich-mau-benh-pham-tst1200\/#breadcrumb"},"inLanguage":"en-US","potentialAction":[{"@type":"ReadAction","target":["https:\/\/htiscientific.vn\/san-pham\/ban-phan-tich-mau-benh-pham-tst1200\/"]}]},{"@type":"ImageObject","inLanguage":"en-US","@id":"https:\/\/htiscientific.vn\/san-pham\/ban-phan-tich-mau-benh-pham-tst1200\/#primaryimage","url":"https:\/\/htiscientific.vn\/wp-content\/uploads\/2025\/03\/ban-phan-tich-mau-benh-pham-amos-tst1200-4.jpg","contentUrl":"https:\/\/htiscientific.vn\/wp-content\/uploads\/2025\/03\/ban-phan-tich-mau-benh-pham-amos-tst1200-4.jpg","width":598,"height":449,"caption":"Ban-phan-tich-mau-benh-pham-amos-tst1200-4"},{"@type":"BreadcrumbList","@id":"https:\/\/htiscientific.vn\/san-pham\/ban-phan-tich-mau-benh-pham-tst1200\/#breadcrumb","itemListElement":[{"@type":"ListItem","position":1,"name":"Trang ch\u1ee7","item":"https:\/\/htiscientific.vn\/"},{"@type":"ListItem","position":2,"name":"C\u1eeda h\u00e0ng","item":"https:\/\/htiscientific.vn\/cua-hang\/"},{"@type":"ListItem","position":3,"name":"Gi\u1ea3i ph\u1eabu b\u1ec7nh \/ Ph\u00e1p y","item":"https:\/\/htiscientific.vn\/danh-muc-san-pham\/giai-phau-benh-phap-y\/"},{"@type":"ListItem","position":4,"name":"M\u00e1y x\u1eed l\u00fd m\u00f4","item":"https:\/\/htiscientific.vn\/danh-muc-san-pham\/giai-phau-benh-phap-y\/may-xu-ly-mo\/"},{"@type":"ListItem","position":5,"name":"B\u00e0n ph\u00e2n t\u00edch m\u1eabu b\u1ec7nh ph\u1ea9m TST1200"}]},{"@type":"WebSite","@id":"https:\/\/htiscientific.vn\/#website","url":"https:\/\/htiscientific.vn\/","name":"HTI Scientific","description":"HTI Scientific","publisher":{"@id":"https:\/\/htiscientific.vn\/#organization"},"potentialAction":[{"@type":"SearchAction","target":{"@type":"EntryPoint","urlTemplate":"https:\/\/htiscientific.vn\/?s={search_term_string}"},"query-input":{"@type":"PropertyValueSpecification","valueRequired":true,"valueName":"search_term_string"}}],"inLanguage":"en-US"},{"@type":"Organization","@id":"https:\/\/htiscientific.vn\/#organization","name":"HTI Scientific","alternateName":"HTI Scientific","url":"https:\/\/htiscientific.vn\/","logo":{"@type":"ImageObject","inLanguage":"en-US","@id":"https:\/\/htiscientific.vn\/#\/schema\/logo\/image\/","url":"https:\/\/htiscientific.vn\/wp-content\/uploads\/2025\/03\/ava-hti-copy.jpg","contentUrl":"https:\/\/htiscientific.vn\/wp-content\/uploads\/2025\/03\/ava-hti-copy.jpg","width":700,"height":450,"caption":"HTI Scientific"},"image":{"@id":"https:\/\/htiscientific.vn\/#\/schema\/logo\/image\/"},"sameAs":["https:\/\/www.facebook.com\/htiscientific.vn"]}]}},"_links":{"self":[{"href":"https:\/\/htiscientific.vn\/en\/wp-json\/wp\/v2\/product\/959","targetHints":{"allow":["GET"]}}],"collection":[{"href":"https:\/\/htiscientific.vn\/en\/wp-json\/wp\/v2\/product"}],"about":[{"href":"https:\/\/htiscientific.vn\/en\/wp-json\/wp\/v2\/types\/product"}],"wp:featuredmedia":[{"embeddable":true,"href":"https:\/\/htiscientific.vn\/en\/wp-json\/wp\/v2\/media\/963"}],"wp:attachment":[{"href":"https:\/\/htiscientific.vn\/en\/wp-json\/wp\/v2\/media?parent=959"}],"wp:term":[{"taxonomy":"product_brand","embeddable":true,"href":"https:\/\/htiscientific.vn\/en\/wp-json\/wp\/v2\/product_brand?post=959"},{"taxonomy":"product_cat","embeddable":true,"href":"https:\/\/htiscientific.vn\/en\/wp-json\/wp\/v2\/product_cat?post=959"},{"taxonomy":"product_tag","embeddable":true,"href":"https:\/\/htiscientific.vn\/en\/wp-json\/wp\/v2\/product_tag?post=959"}],"curies":[{"name":"wp","href":"https:\/\/api.w.org\/{rel}","templated":true}]}}