{"id":958,"date":"2025-03-28T18:51:39","date_gmt":"2025-03-28T11:51:39","guid":{"rendered":"https:\/\/htiscientific.vn\/?post_type=product&#038;p=958"},"modified":"2025-05-07T17:28:49","modified_gmt":"2025-05-07T10:28:49","slug":"may-cat-tieu-ban-lanh-tu-dong-ast580","status":"publish","type":"product","link":"https:\/\/htiscientific.vn\/en\/product\/may-cat-tieu-ban-lanh-tu-dong-ast580\/","title":{"rendered":"M\u00e1y c\u1eaft ti\u00eau b\u1ea3n l\u1ea1nh, t\u1ef1 \u0111\u1ed9ng AST580"},"content":{"rendered":"<p>N\u00e2ng t\u1ea7m hi\u1ec7u su\u1ea5t c\u1eaft m\u00f4 \u0111\u00f4ng l\u1ea1nh v\u1edbi M\u00e1y vi ph\u1eabu l\u1ea1nh t\u1ef1 \u0111\u1ed9ng ho\u00e0n to\u00e0n, \u0111\u01b0\u1ee3c trang b\u1ecb giao di\u1ec7n m\u00e0n h\u00ecnh c\u1ea3m \u1ee9ng tr\u1ef1c quan. C\u00f4ng ngh\u1ec7 t\u1ef1 \u0111\u1ed9ng h\u00f3a ti\u00ean ti\u1ebfn c\u00f9ng \u0111\u1ed9 ch\u00ednh x\u00e1c cao \u0111\u1ea3m b\u1ea3o chu\u1ea9n b\u1ecb m\u1eabu nhanh ch\u00f3ng, \u0111\u00e1ng tin c\u1eady, h\u1ed7 tr\u1ee3 ch\u1ea9n \u0111o\u00e1n ch\u00ednh x\u00e1c v\u00e0 nghi\u00ean c\u1ee9u chuy\u00ean s\u00e2u<\/p>\n<p><strong>TH\u00d4NG TIN S\u1ea2N PH\u1ea8M<\/strong><\/p>\n<ul>\n<li>Model: AST580<\/li>\n<li>H\u00e3ng s\u1ea3n xu\u1ea5t: <a href=\"https:\/\/www.amos-scientific.com\/\" target=\"_blank\" rel=\"noopener\">Amos Scientific<\/a><\/li>\n<li>Xu\u1ea5t x\u1ee9: \u00dac<\/li>\n<\/ul>\n<p><strong>TH\u00d4NG S\u1ed0 K\u1ef8 THU\u1eacT<\/strong><\/p>\n<ul>\n<li>Ch\u1ee9c n\u0103ng r\u00fat l\u00f9i t\u1ef1 \u0111\u1ed9ng, gi\u00fap ng\u0103n ng\u1eeba m\u1eabu b\u1ecb h\u01b0 h\u1ea1i do l\u01b0\u1ee1i dao.<\/li>\n<li>T\u00ednh to\u00e1n t\u1ed5ng \u0111\u1ed9 d\u00e0y l\u00e1t c\u1eaft \u0111\u1ec3 ki\u1ec3m so\u00e1t ch\u00ednh x\u00e1c quy tr\u00ecnh c\u1eaft m\u1eabu.<\/li>\n<li>H\u1ec7 th\u1ed1ng l\u00e0m l\u1ea1nh nhi\u1ec7t \u0111\u1ed9 th\u1ea5p, s\u1eed d\u1ee5ng m\u00f4i ch\u1ea5t l\u00e0m l\u1ea1nh th\u00e2n thi\u1ec7n v\u1edbi m\u00f4i tr\u01b0\u1eddng R404.<\/li>\n<li>Kh\u1eed tr\u00f9ng b\u1eb1ng tia UV trong 30 ph\u00fat m\u1ed7i l\u1ea7n, \u0111\u1ea3m b\u1ea3o m\u00f4i tr\u01b0\u1eddng l\u00e0m vi\u1ec7c v\u00f4 tr\u00f9ng.<\/li>\n<li>B\u1ed9 k\u1eb9p m\u1eabu Peltier c\u00f3 th\u1ec3 b\u1eadt\/t\u1eaft th\u1ee7 c\u00f4ng \u0111\u1ec3 \u0111i\u1ec1u ch\u1ec9nh linh ho\u1ea1t theo nhu c\u1ea7u s\u1eed d\u1ee5ng.<\/li>\n<li>Hai ch\u1ebf \u0111\u1ed9 r\u00e3 \u0111\u00f4ng: T\u1ef1 \u0111\u1ed9ng v\u00e0 th\u1ee7 c\u00f4ng, gi\u00fap lo\u1ea1i b\u1ecf b\u0103ng \u0111\u00e1 hi\u1ec7u qu\u1ea3.<\/li>\n<li>Ch\u1ee9c n\u0103ng d\u1eebng kh\u1ea9n c\u1ea5p: Nh\u1ea5n n\u00fat \u0111\u1ecf \u0111\u1ec3 ng\u1eebng ho\u1ea1t \u0111\u1ed9ng ngay l\u1eadp t\u1ee9c trong tr\u01b0\u1eddng h\u1ee3p kh\u1ea9n c\u1ea5p.<\/li>\n<li>B\u1ed9 ph\u1eadn c\u01a1 kh\u00ed ch\u00ednh x\u00e1c cao \u0111\u01b0\u1ee3c \u0111\u1eb7t b\u00ean ngo\u00e0i bu\u1ed3ng l\u1ea1nh, gi\u00fap ng\u0103n ch\u1eb7n \u1ea3nh h\u01b0\u1edfng t\u1eeb s\u1ef1 gi\u00e3n n\u1edf\/n\u00e9n do nhi\u1ec7t \u0111\u1ed9, \u0111\u1ed3ng th\u1eddi gi\u1ea3m thi\u1ec3u y\u00eau c\u1ea7u b\u1ea3o tr\u00ec.<\/li>\n<li>Giao di\u1ec7n tr\u00ed tu\u1ec7 nh\u00e2n t\u1ea1o, d\u1ec5 h\u1ecdc v\u00e0 thao t\u00e1c.<\/li>\n<li>M\u00e0n h\u00ecnh c\u1ea3m \u1ee9ng hi\u1ec3n th\u1ecb \u0111\u1ea7y \u0111\u1ee7 th\u00f4ng tin nh\u01b0 \u0111\u1ed9 d\u00e0y l\u00e1t c\u1eaft, t\u1ed5ng \u0111\u1ed9 d\u00e0y, th\u1eddi gian \u0111i\u1ec1u khi\u1ec3n, nhi\u1ec7t \u0111\u1ed9, ch\u1ebf \u0111\u1ed9 b\u1eadt\/t\u1eaft v\u00e0 nhi\u1ec1u th\u00f4ng s\u1ed1 kh\u00e1c.<\/li>\n<li>Ch\u1ee9c n\u0103ng ng\u1ee7: Khi k\u00edch ho\u1ea1t, nhi\u1ec7t \u0111\u1ed9 trong bu\u1ed3ng l\u1ea1nh \u0111\u01b0\u1ee3c duy tr\u00ec \u1edf -1\u2103 \u0111\u1ebfn -10\u2103; khi t\u1eaft ch\u1ebf \u0111\u1ed9 n\u00e0y, nhi\u1ec7t \u0111\u1ed9 s\u1ebd tr\u1edf l\u1ea1i m\u1ee9c l\u00e0m vi\u1ec7c trong v\u00f2ng 30 ph\u00fat.<\/li>\n<li>B\u1ea3ng \u0111i\u1ec1u khi\u1ec3n c\u00f3 ch\u1ee9c n\u0103ng kh\u00f3a, gi\u00fap tr\u00e1nh thao t\u00e1c nh\u1ea7m l\u1eabn.<\/li>\n<li>Ch\u1ee9c n\u0103ng kh\u00f3a b\u00e1nh \u0111\u00e0, t\u0103ng c\u01b0\u1eddng \u0111\u1ed9 an to\u00e0n khi v\u1eadn h\u00e0nh.<\/li>\n<li>K\u1ec7 \u0111\u00f4ng r\u1ed9ng r\u00e3i, c\u00f3 th\u1ec3 ch\u1ee9a 17 cassette m\u1eabu c\u00f9ng l\u00fac, trong \u0111\u00f3 2 v\u1ecb tr\u00ed \u0111\u01b0\u1ee3c trang b\u1ecb h\u1ec7 th\u1ed1ng l\u00e0m l\u1ea1nh Peltier, \u0111\u00e1p \u1ee9ng y\u00eau c\u1ea7u nhi\u1ec7t \u0111\u1ed9 kh\u00e1c nhau.<\/li>\n<\/ul>","protected":false},"excerpt":{"rendered":"<p>N\u00e2ng t\u1ea7m hi\u1ec7u su\u1ea5t c\u1eaft m\u00f4 \u0111\u00f4ng l\u1ea1nh v\u1edbi m\u00e1y vi ph\u1eabu l\u1ea1nh t\u1ef1 \u0111\u1ed9ng ho\u00e0n to\u00e0n, \u0111\u01b0\u1ee3c trang b\u1ecb giao di\u1ec7n m\u00e0n h\u00ecnh c\u1ea3m \u1ee9ng tr\u1ef1c quan. C\u00f4ng ngh\u1ec7 t\u1ef1 \u0111\u1ed9ng h\u00f3a ti\u00ean ti\u1ebfn c\u00f9ng \u0111\u1ed9 ch\u00ednh x\u00e1c cao \u0111\u1ea3m b\u1ea3o chu\u1ea9n b\u1ecb m\u1eabu nhanh ch\u00f3ng, \u0111\u00e1ng tin c\u1eady, h\u1ed7 tr\u1ee3 ch\u1ea9n \u0111o\u00e1n ch\u00ednh x\u00e1c v\u00e0 nghi\u00ean c\u1ee9u chuy\u00ean s\u00e2u<\/p>","protected":false},"featured_media":949,"template":"","meta":{"inline_featured_image":false},"product_brand":[46],"product_cat":[72,73],"product_tag":[],"class_list":{"0":"post-958","1":"product","2":"type-product","3":"status-publish","4":"has-post-thumbnail","6":"product_brand-amos-scientific","7":"product_cat-giai-phau-benh-phap-y","8":"product_cat-may-cat-tieu-ban","10":"first","11":"instock","12":"featured","13":"shipping-taxable","14":"product-type-simple"},"yoast_head":"<!-- This site is optimized with the Yoast SEO plugin v24.7 - https:\/\/yoast.com\/wordpress\/plugins\/seo\/ -->\n<title>M\u00e1y c\u1eaft ti\u00eau b\u1ea3n l\u1ea1nh, t\u1ef1 \u0111\u1ed9ng AST580 - HTI Scientific<\/title>\n<meta name=\"description\" content=\"M\u00e1y c\u1eaft ti\u00eau b\u1ea3n l\u1ea1nh t\u1ef1 \u0111\u1ed9ng ho\u00e0n to\u00e0n, \u0111\u01b0\u1ee3c trang b\u1ecb giao di\u1ec7n m\u00e0n h\u00ecnh c\u1ea3m \u1ee9ng tr\u1ef1c quan. C\u00f4ng ngh\u1ec7 t\u1ef1 \u0111\u1ed9ng h\u00f3a ti\u00ean ti\u1ebfn c\u00f9ng \u0111\u1ed9 ch\u00ednh x\u00e1c cao\" \/>\n<meta name=\"robots\" content=\"index, follow, max-snippet:-1, max-image-preview:large, max-video-preview:-1\" \/>\n<link rel=\"canonical\" href=\"https:\/\/htiscientific.vn\/en\/product\/may-cat-tieu-ban-lanh-tu-dong-ast580\/\" \/>\n<meta property=\"og:locale\" content=\"en_US\" \/>\n<meta property=\"og:type\" content=\"article\" \/>\n<meta property=\"og:title\" content=\"M\u00e1y c\u1eaft ti\u00eau b\u1ea3n l\u1ea1nh, t\u1ef1 \u0111\u1ed9ng AST580 - HTI Scientific\" \/>\n<meta property=\"og:description\" content=\"M\u00e1y c\u1eaft ti\u00eau b\u1ea3n l\u1ea1nh t\u1ef1 \u0111\u1ed9ng ho\u00e0n to\u00e0n, \u0111\u01b0\u1ee3c trang b\u1ecb giao di\u1ec7n m\u00e0n h\u00ecnh c\u1ea3m \u1ee9ng tr\u1ef1c quan. C\u00f4ng ngh\u1ec7 t\u1ef1 \u0111\u1ed9ng h\u00f3a ti\u00ean ti\u1ebfn c\u00f9ng \u0111\u1ed9 ch\u00ednh x\u00e1c cao\" \/>\n<meta property=\"og:url\" content=\"https:\/\/htiscientific.vn\/en\/product\/may-cat-tieu-ban-lanh-tu-dong-ast580\/\" \/>\n<meta property=\"og:site_name\" content=\"HTI Scientific\" \/>\n<meta property=\"article:publisher\" content=\"https:\/\/www.facebook.com\/htiscientific.vn\" \/>\n<meta property=\"article:modified_time\" content=\"2025-05-07T10:28:49+00:00\" \/>\n<meta property=\"og:image\" content=\"https:\/\/htiscientific.vn\/wp-content\/uploads\/2025\/03\/may-cat-tieu-ban-lanh-tu-dong-amos-ast580-1.jpg\" \/>\n\t<meta property=\"og:image:width\" content=\"598\" \/>\n\t<meta property=\"og:image:height\" content=\"449\" \/>\n\t<meta property=\"og:image:type\" content=\"image\/jpeg\" \/>\n<meta name=\"twitter:card\" content=\"summary_large_image\" \/>\n<meta name=\"twitter:label1\" content=\"Est. reading time\" \/>\n\t<meta name=\"twitter:data1\" content=\"3 minutes\" \/>\n<script type=\"application\/ld+json\" class=\"yoast-schema-graph\">{\"@context\":\"https:\/\/schema.org\",\"@graph\":[{\"@type\":\"WebPage\",\"@id\":\"https:\/\/htiscientific.vn\/san-pham\/may-cat-tieu-ban-lanh-tu-dong-ast580\/\",\"url\":\"https:\/\/htiscientific.vn\/san-pham\/may-cat-tieu-ban-lanh-tu-dong-ast580\/\",\"name\":\"M\u00e1y c\u1eaft ti\u00eau b\u1ea3n l\u1ea1nh, t\u1ef1 \u0111\u1ed9ng AST580 - HTI Scientific\",\"isPartOf\":{\"@id\":\"https:\/\/htiscientific.vn\/#website\"},\"primaryImageOfPage\":{\"@id\":\"https:\/\/htiscientific.vn\/san-pham\/may-cat-tieu-ban-lanh-tu-dong-ast580\/#primaryimage\"},\"image\":{\"@id\":\"https:\/\/htiscientific.vn\/san-pham\/may-cat-tieu-ban-lanh-tu-dong-ast580\/#primaryimage\"},\"thumbnailUrl\":\"https:\/\/htiscientific.vn\/wp-content\/uploads\/2025\/03\/may-cat-tieu-ban-lanh-tu-dong-amos-ast580-1.jpg\",\"datePublished\":\"2025-03-28T11:51:39+00:00\",\"dateModified\":\"2025-05-07T10:28:49+00:00\",\"description\":\"M\u00e1y c\u1eaft ti\u00eau b\u1ea3n l\u1ea1nh t\u1ef1 \u0111\u1ed9ng ho\u00e0n to\u00e0n, \u0111\u01b0\u1ee3c trang b\u1ecb giao di\u1ec7n m\u00e0n h\u00ecnh c\u1ea3m \u1ee9ng tr\u1ef1c quan. C\u00f4ng ngh\u1ec7 t\u1ef1 \u0111\u1ed9ng h\u00f3a ti\u00ean ti\u1ebfn c\u00f9ng \u0111\u1ed9 ch\u00ednh x\u00e1c cao\",\"breadcrumb\":{\"@id\":\"https:\/\/htiscientific.vn\/san-pham\/may-cat-tieu-ban-lanh-tu-dong-ast580\/#breadcrumb\"},\"inLanguage\":\"en-US\",\"potentialAction\":[{\"@type\":\"ReadAction\",\"target\":[\"https:\/\/htiscientific.vn\/san-pham\/may-cat-tieu-ban-lanh-tu-dong-ast580\/\"]}]},{\"@type\":\"ImageObject\",\"inLanguage\":\"en-US\",\"@id\":\"https:\/\/htiscientific.vn\/san-pham\/may-cat-tieu-ban-lanh-tu-dong-ast580\/#primaryimage\",\"url\":\"https:\/\/htiscientific.vn\/wp-content\/uploads\/2025\/03\/may-cat-tieu-ban-lanh-tu-dong-amos-ast580-1.jpg\",\"contentUrl\":\"https:\/\/htiscientific.vn\/wp-content\/uploads\/2025\/03\/may-cat-tieu-ban-lanh-tu-dong-amos-ast580-1.jpg\",\"width\":598,\"height\":449,\"caption\":\"May-cat-tieu-ban-lanh-tu-dong-amos-ast580-1\"},{\"@type\":\"BreadcrumbList\",\"@id\":\"https:\/\/htiscientific.vn\/san-pham\/may-cat-tieu-ban-lanh-tu-dong-ast580\/#breadcrumb\",\"itemListElement\":[{\"@type\":\"ListItem\",\"position\":1,\"name\":\"Trang ch\u1ee7\",\"item\":\"https:\/\/htiscientific.vn\/\"},{\"@type\":\"ListItem\",\"position\":2,\"name\":\"C\u1eeda h\u00e0ng\",\"item\":\"https:\/\/htiscientific.vn\/cua-hang\/\"},{\"@type\":\"ListItem\",\"position\":3,\"name\":\"Gi\u1ea3i ph\u1eabu b\u1ec7nh \/ Ph\u00e1p y\",\"item\":\"https:\/\/htiscientific.vn\/danh-muc-san-pham\/giai-phau-benh-phap-y\/\"},{\"@type\":\"ListItem\",\"position\":4,\"name\":\"M\u00e1y c\u1eaft ti\u00eau b\u1ea3n l\u1ea1nh, t\u1ef1 \u0111\u1ed9ng AST580\"}]},{\"@type\":\"WebSite\",\"@id\":\"https:\/\/htiscientific.vn\/#website\",\"url\":\"https:\/\/htiscientific.vn\/\",\"name\":\"HTI Scientific\",\"description\":\"HTI Scientific\",\"publisher\":{\"@id\":\"https:\/\/htiscientific.vn\/#organization\"},\"potentialAction\":[{\"@type\":\"SearchAction\",\"target\":{\"@type\":\"EntryPoint\",\"urlTemplate\":\"https:\/\/htiscientific.vn\/?s={search_term_string}\"},\"query-input\":{\"@type\":\"PropertyValueSpecification\",\"valueRequired\":true,\"valueName\":\"search_term_string\"}}],\"inLanguage\":\"en-US\"},{\"@type\":\"Organization\",\"@id\":\"https:\/\/htiscientific.vn\/#organization\",\"name\":\"HTI Scientific\",\"alternateName\":\"HTI Scientific\",\"url\":\"https:\/\/htiscientific.vn\/\",\"logo\":{\"@type\":\"ImageObject\",\"inLanguage\":\"en-US\",\"@id\":\"https:\/\/htiscientific.vn\/#\/schema\/logo\/image\/\",\"url\":\"https:\/\/htiscientific.vn\/wp-content\/uploads\/2025\/03\/ava-hti-copy.jpg\",\"contentUrl\":\"https:\/\/htiscientific.vn\/wp-content\/uploads\/2025\/03\/ava-hti-copy.jpg\",\"width\":700,\"height\":450,\"caption\":\"HTI Scientific\"},\"image\":{\"@id\":\"https:\/\/htiscientific.vn\/#\/schema\/logo\/image\/\"},\"sameAs\":[\"https:\/\/www.facebook.com\/htiscientific.vn\"]}]}<\/script>\n<!-- \/ Yoast SEO plugin. -->","yoast_head_json":{"title":"M\u00e1y c\u1eaft ti\u00eau b\u1ea3n l\u1ea1nh, t\u1ef1 \u0111\u1ed9ng AST580 - HTI Scientific","description":"M\u00e1y c\u1eaft ti\u00eau b\u1ea3n l\u1ea1nh t\u1ef1 \u0111\u1ed9ng ho\u00e0n to\u00e0n, \u0111\u01b0\u1ee3c trang b\u1ecb giao di\u1ec7n m\u00e0n h\u00ecnh c\u1ea3m \u1ee9ng tr\u1ef1c quan. C\u00f4ng ngh\u1ec7 t\u1ef1 \u0111\u1ed9ng h\u00f3a ti\u00ean ti\u1ebfn c\u00f9ng \u0111\u1ed9 ch\u00ednh x\u00e1c cao","robots":{"index":"index","follow":"follow","max-snippet":"max-snippet:-1","max-image-preview":"max-image-preview:large","max-video-preview":"max-video-preview:-1"},"canonical":"https:\/\/htiscientific.vn\/en\/product\/may-cat-tieu-ban-lanh-tu-dong-ast580\/","og_locale":"en_US","og_type":"article","og_title":"M\u00e1y c\u1eaft ti\u00eau b\u1ea3n l\u1ea1nh, t\u1ef1 \u0111\u1ed9ng AST580 - HTI Scientific","og_description":"M\u00e1y c\u1eaft ti\u00eau b\u1ea3n l\u1ea1nh t\u1ef1 \u0111\u1ed9ng ho\u00e0n to\u00e0n, \u0111\u01b0\u1ee3c trang b\u1ecb giao di\u1ec7n m\u00e0n h\u00ecnh c\u1ea3m \u1ee9ng tr\u1ef1c quan. C\u00f4ng ngh\u1ec7 t\u1ef1 \u0111\u1ed9ng h\u00f3a ti\u00ean ti\u1ebfn c\u00f9ng \u0111\u1ed9 ch\u00ednh x\u00e1c cao","og_url":"https:\/\/htiscientific.vn\/en\/product\/may-cat-tieu-ban-lanh-tu-dong-ast580\/","og_site_name":"HTI Scientific","article_publisher":"https:\/\/www.facebook.com\/htiscientific.vn","article_modified_time":"2025-05-07T10:28:49+00:00","og_image":[{"width":598,"height":449,"url":"https:\/\/htiscientific.vn\/wp-content\/uploads\/2025\/03\/may-cat-tieu-ban-lanh-tu-dong-amos-ast580-1.jpg","type":"image\/jpeg"}],"twitter_card":"summary_large_image","twitter_misc":{"Est. reading time":"3 minutes"},"schema":{"@context":"https:\/\/schema.org","@graph":[{"@type":"WebPage","@id":"https:\/\/htiscientific.vn\/san-pham\/may-cat-tieu-ban-lanh-tu-dong-ast580\/","url":"https:\/\/htiscientific.vn\/san-pham\/may-cat-tieu-ban-lanh-tu-dong-ast580\/","name":"M\u00e1y c\u1eaft ti\u00eau b\u1ea3n l\u1ea1nh, t\u1ef1 \u0111\u1ed9ng AST580 - HTI Scientific","isPartOf":{"@id":"https:\/\/htiscientific.vn\/#website"},"primaryImageOfPage":{"@id":"https:\/\/htiscientific.vn\/san-pham\/may-cat-tieu-ban-lanh-tu-dong-ast580\/#primaryimage"},"image":{"@id":"https:\/\/htiscientific.vn\/san-pham\/may-cat-tieu-ban-lanh-tu-dong-ast580\/#primaryimage"},"thumbnailUrl":"https:\/\/htiscientific.vn\/wp-content\/uploads\/2025\/03\/may-cat-tieu-ban-lanh-tu-dong-amos-ast580-1.jpg","datePublished":"2025-03-28T11:51:39+00:00","dateModified":"2025-05-07T10:28:49+00:00","description":"M\u00e1y c\u1eaft ti\u00eau b\u1ea3n l\u1ea1nh t\u1ef1 \u0111\u1ed9ng ho\u00e0n to\u00e0n, \u0111\u01b0\u1ee3c trang b\u1ecb giao di\u1ec7n m\u00e0n h\u00ecnh c\u1ea3m \u1ee9ng tr\u1ef1c quan. C\u00f4ng ngh\u1ec7 t\u1ef1 \u0111\u1ed9ng h\u00f3a ti\u00ean ti\u1ebfn c\u00f9ng \u0111\u1ed9 ch\u00ednh x\u00e1c cao","breadcrumb":{"@id":"https:\/\/htiscientific.vn\/san-pham\/may-cat-tieu-ban-lanh-tu-dong-ast580\/#breadcrumb"},"inLanguage":"en-US","potentialAction":[{"@type":"ReadAction","target":["https:\/\/htiscientific.vn\/san-pham\/may-cat-tieu-ban-lanh-tu-dong-ast580\/"]}]},{"@type":"ImageObject","inLanguage":"en-US","@id":"https:\/\/htiscientific.vn\/san-pham\/may-cat-tieu-ban-lanh-tu-dong-ast580\/#primaryimage","url":"https:\/\/htiscientific.vn\/wp-content\/uploads\/2025\/03\/may-cat-tieu-ban-lanh-tu-dong-amos-ast580-1.jpg","contentUrl":"https:\/\/htiscientific.vn\/wp-content\/uploads\/2025\/03\/may-cat-tieu-ban-lanh-tu-dong-amos-ast580-1.jpg","width":598,"height":449,"caption":"May-cat-tieu-ban-lanh-tu-dong-amos-ast580-1"},{"@type":"BreadcrumbList","@id":"https:\/\/htiscientific.vn\/san-pham\/may-cat-tieu-ban-lanh-tu-dong-ast580\/#breadcrumb","itemListElement":[{"@type":"ListItem","position":1,"name":"Trang ch\u1ee7","item":"https:\/\/htiscientific.vn\/"},{"@type":"ListItem","position":2,"name":"C\u1eeda h\u00e0ng","item":"https:\/\/htiscientific.vn\/cua-hang\/"},{"@type":"ListItem","position":3,"name":"Gi\u1ea3i ph\u1eabu b\u1ec7nh \/ Ph\u00e1p y","item":"https:\/\/htiscientific.vn\/danh-muc-san-pham\/giai-phau-benh-phap-y\/"},{"@type":"ListItem","position":4,"name":"M\u00e1y c\u1eaft ti\u00eau b\u1ea3n l\u1ea1nh, t\u1ef1 \u0111\u1ed9ng AST580"}]},{"@type":"WebSite","@id":"https:\/\/htiscientific.vn\/#website","url":"https:\/\/htiscientific.vn\/","name":"HTI Scientific","description":"HTI Scientific","publisher":{"@id":"https:\/\/htiscientific.vn\/#organization"},"potentialAction":[{"@type":"SearchAction","target":{"@type":"EntryPoint","urlTemplate":"https:\/\/htiscientific.vn\/?s={search_term_string}"},"query-input":{"@type":"PropertyValueSpecification","valueRequired":true,"valueName":"search_term_string"}}],"inLanguage":"en-US"},{"@type":"Organization","@id":"https:\/\/htiscientific.vn\/#organization","name":"HTI Scientific","alternateName":"HTI Scientific","url":"https:\/\/htiscientific.vn\/","logo":{"@type":"ImageObject","inLanguage":"en-US","@id":"https:\/\/htiscientific.vn\/#\/schema\/logo\/image\/","url":"https:\/\/htiscientific.vn\/wp-content\/uploads\/2025\/03\/ava-hti-copy.jpg","contentUrl":"https:\/\/htiscientific.vn\/wp-content\/uploads\/2025\/03\/ava-hti-copy.jpg","width":700,"height":450,"caption":"HTI Scientific"},"image":{"@id":"https:\/\/htiscientific.vn\/#\/schema\/logo\/image\/"},"sameAs":["https:\/\/www.facebook.com\/htiscientific.vn"]}]}},"_links":{"self":[{"href":"https:\/\/htiscientific.vn\/en\/wp-json\/wp\/v2\/product\/958","targetHints":{"allow":["GET"]}}],"collection":[{"href":"https:\/\/htiscientific.vn\/en\/wp-json\/wp\/v2\/product"}],"about":[{"href":"https:\/\/htiscientific.vn\/en\/wp-json\/wp\/v2\/types\/product"}],"wp:featuredmedia":[{"embeddable":true,"href":"https:\/\/htiscientific.vn\/en\/wp-json\/wp\/v2\/media\/949"}],"wp:attachment":[{"href":"https:\/\/htiscientific.vn\/en\/wp-json\/wp\/v2\/media?parent=958"}],"wp:term":[{"taxonomy":"product_brand","embeddable":true,"href":"https:\/\/htiscientific.vn\/en\/wp-json\/wp\/v2\/product_brand?post=958"},{"taxonomy":"product_cat","embeddable":true,"href":"https:\/\/htiscientific.vn\/en\/wp-json\/wp\/v2\/product_cat?post=958"},{"taxonomy":"product_tag","embeddable":true,"href":"https:\/\/htiscientific.vn\/en\/wp-json\/wp\/v2\/product_tag?post=958"}],"curies":[{"name":"wp","href":"https:\/\/api.w.org\/{rel}","templated":true}]}}