{"id":948,"date":"2025-03-28T18:47:16","date_gmt":"2025-03-28T11:47:16","guid":{"rendered":"https:\/\/htiscientific.vn\/?post_type=product&#038;p=948"},"modified":"2025-05-19T11:17:16","modified_gmt":"2025-05-19T04:17:16","slug":"may-cat-tieu-ban-lanh-ban-tu-dong-ast500","status":"publish","type":"product","link":"https:\/\/htiscientific.vn\/en\/product\/may-cat-tieu-ban-lanh-ban-tu-dong-ast500\/","title":{"rendered":"M\u00e1y c\u1eaft ti\u00eau b\u1ea3n l\u1ea1nh, b\u00e1n t\u1ef1 \u0111\u1ed9ng AST500"},"content":{"rendered":"<p><span style=\"color: #333333;\">M\u00e1y vi ph\u1eabu l\u1ea1nh b\u00e1n t\u1ef1 \u0111\u1ed9ng, m\u1ed9t c\u00f4ng c\u1ee5 ti\u00ean ti\u1ebfn d\u00e0nh cho c\u1eaft m\u00f4 \u0111\u00f4ng l\u1ea1nh. K\u1ebft h\u1ee3p gi\u1eefa \u0111\u1ed9 ch\u00ednh x\u00e1c cao v\u00e0 thao t\u00e1c d\u1ec5 d\u00e0ng, thi\u1ebft b\u1ecb gi\u00fap \u0111\u01a1n gi\u1ea3n h\u00f3a quy tr\u00ecnh, t\u1ea1o ra l\u00e1t c\u1eaft \u0111\u1ed3ng nh\u1ea5t, ch\u1ea5t l\u01b0\u1ee3ng cao, l\u00fd t\u01b0\u1edfng cho ch\u1ea9n \u0111o\u00e1n b\u1ec7nh l\u00fd nhanh v\u00e0 nghi\u00ean c\u1ee9u khoa h\u1ecdc.<\/span><\/p>\n<p><strong><span style=\"color: #333333;\">TH\u00d4NG TIN S\u1ea2N PH\u1ea8M<\/span><\/strong><\/p>\n<ul>\n<li><span style=\"color: #333333;\">Model: AST500<\/span><\/li>\n<li><span style=\"color: #333333;\">H\u00e3ng s\u1ea3n xu\u1ea5t: <a href=\"https:\/\/www.amos-scientific.com\/\" target=\"_blank\" rel=\"noopener\">Amos Scientific\u00a0<\/a><\/span><\/li>\n<li><span style=\"color: #333333;\">Xu\u1ea5t x\u1ee9: \u00dac<\/span><\/li>\n<\/ul>\n<p><strong><span style=\"color: #333333;\">TH\u00d4NG S\u1ed0 K\u1ef8 THU\u1eacT<\/span><\/strong><\/p>\n<ul>\n<li><span style=\"color: #333333;\">Nhi\u1ec7t \u0111\u1ed9 t\u1ed1i thi\u1ec3u bu\u1ed3ng \u0111\u00f4ng: -35\u2103 \u00b12\u2103<\/span><\/li>\n<li><span style=\"color: #333333;\">Nhi\u1ec7t \u0111\u1ed9 t\u1ed1i thi\u1ec3u k\u1ec7 \u0111\u00f4ng: -45\u2103 \u00b15\u2103<\/span><\/li>\n<li><span style=\"color: #333333;\">Nhi\u1ec7t \u0111\u1ed9 th\u1ea5p nh\u1ea5t c\u1ee7a b\u1ed9 Peltier tr\u00ean k\u1ec7 \u0111\u00f4ng: -55\u2103 \u00b15\u2103<\/span><\/li>\n<li><span style=\"color: #333333;\">Nhi\u1ec7t \u0111\u1ed9 th\u1ea5p nh\u1ea5t c\u1ee7a b\u1ed9 Peltier tr\u00ean k\u1eb9p m\u1eabu: -50\u2103 \u00b15\u2103 (th\u1eddi gian ho\u1ea1t \u0111\u1ed9ng c\u1ee7a Peltier: 15 ph\u00fat)<\/span><\/li>\n<li><span style=\"color: #333333;\">K\u00edch th\u01b0\u1edbc m\u1eabu t\u1ed1i \u0111a: 35\u00d735mm<\/span><\/li>\n<li><span style=\"color: #333333;\">H\u00e0nh tr\u00ecnh d\u1ecdc c\u1ee7a m\u1eabu: 48 \u00b11mm<\/span><\/li>\n<li><span style=\"color: #333333;\">H\u00e0nh tr\u00ecnh ngang c\u1ee7a m\u1eabu: 15 \u00b10.2mm<\/span><\/li>\n<li><span style=\"color: #333333;\">T\u1ed1c \u0111\u1ed9 ti\u1ebfn m\u1eabu th\u00f4: 300\u03bcm\/s (ch\u1eadm) ho\u1eb7c 900\u03bcm\/s (nhanh)<\/span><\/li>\n<li><span style=\"color: #333333;\">Ph\u1ea1m vi \u0111\u1ed9 d\u00e0y l\u00e1t c\u1eaft:<\/span><\/li>\n<\/ul>\n<ul>\n<li style=\"list-style-type: none;\">\n<ul style=\"list-style-type: circle;\">\n<li><span style=\"color: #333333;\">0\u03bcm\uff5e100\u03bcm (c\u00f3 th\u1ec3 \u0111i\u1ec1u ch\u1ec9nh)<\/span><\/li>\n<li><span style=\"color: #333333;\">0\u03bcm\uff5e3\u03bcm: b\u01b0\u1edbc nh\u1ea3y 0.5\u03bcm<\/span><\/li>\n<li><span style=\"color: #333333;\">3\u03bcm\uff5e10\u03bcm: b\u01b0\u1edbc nh\u1ea3y 1\u03bcm<\/span><\/li>\n<li><span style=\"color: #333333;\">10\u03bcm\uff5e20\u03bcm: b\u01b0\u1edbc nh\u1ea3y 2\u03bcm<\/span><\/li>\n<li><span style=\"color: #333333;\">20\u03bcm\uff5e100\u03bcm: b\u01b0\u1edbc nh\u1ea3y 5\u03bcm<\/span><\/li>\n<\/ul>\n<\/li>\n<\/ul>\n<ul style=\"list-style-type: disc;\">\n<li><span style=\"color: #333333;\">Ph\u1ea1m vi \u0111\u1ed9 d\u00e0y x\u00e9n m\u1eabu<\/span><\/li>\n<\/ul>\n<ul>\n<li style=\"list-style-type: none;\">\n<ul style=\"list-style-type: circle;\">\n<li><span style=\"color: #333333;\">10\u03bcm\uff5e600\u03bcm (c\u00f3 th\u1ec3 \u0111i\u1ec1u ch\u1ec9nh)<\/span><\/li>\n<li><span style=\"color: #333333;\">10\u03bcm\uff5e50\u03bcm: b\u01b0\u1edbc nh\u1ea3y 5\u03bcm<\/span><\/li>\n<li><span style=\"color: #333333;\">50\u03bcm\uff5e100\u03bcm: b\u01b0\u1edbc nh\u1ea3y 10\u03bcm<\/span><\/li>\n<li><span style=\"color: #333333;\">100\u03bcm\uff5e600\u03bcm: b\u01b0\u1edbc nh\u1ea3y 50\u03bcm<\/span><\/li>\n<\/ul>\n<\/li>\n<\/ul>\n<p>&nbsp;<\/p>","protected":false},"excerpt":{"rendered":"<p><span style=\"color: #333333;\">M\u00e1y vi ph\u1eabu l\u1ea1nh b\u00e1n t\u1ef1 \u0111\u1ed9ng, m\u1ed9t c\u00f4ng c\u1ee5 ti\u00ean ti\u1ebfn d\u00e0nh cho c\u1eaft m\u00f4 \u0111\u00f4ng l\u1ea1nh. K\u1ebft h\u1ee3p gi\u1eefa \u0111\u1ed9 ch\u00ednh x\u00e1c cao v\u00e0 thao t\u00e1c d\u1ec5 d\u00e0ng, thi\u1ebft b\u1ecb gi\u00fap \u0111\u01a1n gi\u1ea3n h\u00f3a quy tr\u00ecnh, t\u1ea1o ra l\u00e1t c\u1eaft \u0111\u1ed3ng nh\u1ea5t, ch\u1ea5t l\u01b0\u1ee3ng cao, l\u00fd t\u01b0\u1edfng cho ch\u1ea9n \u0111o\u00e1n b\u1ec7nh l\u00fd nhanh v\u00e0 nghi\u00ean c\u1ee9u khoa h\u1ecdc.<\/span><\/p>","protected":false},"featured_media":956,"template":"","meta":{"inline_featured_image":false},"product_brand":[46],"product_cat":[72,73],"product_tag":[],"class_list":{"0":"post-948","1":"product","2":"type-product","3":"status-publish","4":"has-post-thumbnail","6":"product_brand-amos-scientific","7":"product_cat-giai-phau-benh-phap-y","8":"product_cat-may-cat-tieu-ban","10":"first","11":"instock","12":"shipping-taxable","13":"product-type-simple"},"yoast_head":"<!-- This site is optimized with the Yoast SEO plugin v24.7 - https:\/\/yoast.com\/wordpress\/plugins\/seo\/ -->\n<title>M\u00e1y c\u1eaft ti\u00eau b\u1ea3n l\u1ea1nh, b\u00e1n t\u1ef1 \u0111\u1ed9ng AST500 - HTI Scientific<\/title>\n<meta name=\"description\" content=\"M\u00e1y c\u1eaft ti\u00eau b\u1ea3n l\u1ea1nh b\u00e1n t\u1ef1 \u0111\u1ed9ng, m\u1ed9t c\u00f4ng c\u1ee5 ti\u00ean ti\u1ebfn d\u00e0nh cho c\u1eaft m\u00f4 \u0111\u00f4ng l\u1ea1nh. K\u1ebft h\u1ee3p gi\u1eefa \u0111\u1ed9 ch\u00ednh x\u00e1c cao v\u00e0 thao t\u00e1c d\u1ec5 d\u00e0ng,\" \/>\n<meta name=\"robots\" content=\"index, follow, max-snippet:-1, max-image-preview:large, max-video-preview:-1\" \/>\n<link rel=\"canonical\" href=\"https:\/\/htiscientific.vn\/en\/product\/may-cat-tieu-ban-lanh-ban-tu-dong-ast500\/\" \/>\n<meta property=\"og:locale\" content=\"en_US\" \/>\n<meta property=\"og:type\" content=\"article\" \/>\n<meta property=\"og:title\" content=\"M\u00e1y c\u1eaft ti\u00eau b\u1ea3n l\u1ea1nh, b\u00e1n t\u1ef1 \u0111\u1ed9ng AST500 - HTI Scientific\" \/>\n<meta property=\"og:description\" content=\"M\u00e1y c\u1eaft ti\u00eau b\u1ea3n l\u1ea1nh b\u00e1n t\u1ef1 \u0111\u1ed9ng, m\u1ed9t c\u00f4ng c\u1ee5 ti\u00ean ti\u1ebfn d\u00e0nh cho c\u1eaft m\u00f4 \u0111\u00f4ng l\u1ea1nh. K\u1ebft h\u1ee3p gi\u1eefa \u0111\u1ed9 ch\u00ednh x\u00e1c cao v\u00e0 thao t\u00e1c d\u1ec5 d\u00e0ng,\" \/>\n<meta property=\"og:url\" content=\"https:\/\/htiscientific.vn\/en\/product\/may-cat-tieu-ban-lanh-ban-tu-dong-ast500\/\" \/>\n<meta property=\"og:site_name\" content=\"HTI Scientific\" \/>\n<meta property=\"article:publisher\" content=\"https:\/\/www.facebook.com\/htiscientific.vn\" \/>\n<meta property=\"article:modified_time\" content=\"2025-05-19T04:17:16+00:00\" \/>\n<meta property=\"og:image\" content=\"https:\/\/htiscientific.vn\/wp-content\/uploads\/2025\/03\/may-cat-tieu-ban-lanh-ban-tu-dong-amos-ast500-2.jpg\" \/>\n\t<meta property=\"og:image:width\" content=\"598\" \/>\n\t<meta property=\"og:image:height\" content=\"449\" \/>\n\t<meta property=\"og:image:type\" content=\"image\/jpeg\" \/>\n<meta name=\"twitter:card\" content=\"summary_large_image\" \/>\n<meta name=\"twitter:label1\" content=\"Est. reading time\" \/>\n\t<meta name=\"twitter:data1\" content=\"2 minutes\" \/>\n<script type=\"application\/ld+json\" class=\"yoast-schema-graph\">{\"@context\":\"https:\/\/schema.org\",\"@graph\":[{\"@type\":\"WebPage\",\"@id\":\"https:\/\/htiscientific.vn\/san-pham\/may-cat-tieu-ban-lanh-ban-tu-dong-ast500\/\",\"url\":\"https:\/\/htiscientific.vn\/san-pham\/may-cat-tieu-ban-lanh-ban-tu-dong-ast500\/\",\"name\":\"M\u00e1y c\u1eaft ti\u00eau b\u1ea3n l\u1ea1nh, b\u00e1n t\u1ef1 \u0111\u1ed9ng AST500 - HTI Scientific\",\"isPartOf\":{\"@id\":\"https:\/\/htiscientific.vn\/#website\"},\"primaryImageOfPage\":{\"@id\":\"https:\/\/htiscientific.vn\/san-pham\/may-cat-tieu-ban-lanh-ban-tu-dong-ast500\/#primaryimage\"},\"image\":{\"@id\":\"https:\/\/htiscientific.vn\/san-pham\/may-cat-tieu-ban-lanh-ban-tu-dong-ast500\/#primaryimage\"},\"thumbnailUrl\":\"https:\/\/htiscientific.vn\/wp-content\/uploads\/2025\/03\/may-cat-tieu-ban-lanh-ban-tu-dong-amos-ast500-2.jpg\",\"datePublished\":\"2025-03-28T11:47:16+00:00\",\"dateModified\":\"2025-05-19T04:17:16+00:00\",\"description\":\"M\u00e1y c\u1eaft ti\u00eau b\u1ea3n l\u1ea1nh b\u00e1n t\u1ef1 \u0111\u1ed9ng, m\u1ed9t c\u00f4ng c\u1ee5 ti\u00ean ti\u1ebfn d\u00e0nh cho c\u1eaft m\u00f4 \u0111\u00f4ng l\u1ea1nh. K\u1ebft h\u1ee3p gi\u1eefa \u0111\u1ed9 ch\u00ednh x\u00e1c cao v\u00e0 thao t\u00e1c d\u1ec5 d\u00e0ng,\",\"breadcrumb\":{\"@id\":\"https:\/\/htiscientific.vn\/san-pham\/may-cat-tieu-ban-lanh-ban-tu-dong-ast500\/#breadcrumb\"},\"inLanguage\":\"en-US\",\"potentialAction\":[{\"@type\":\"ReadAction\",\"target\":[\"https:\/\/htiscientific.vn\/san-pham\/may-cat-tieu-ban-lanh-ban-tu-dong-ast500\/\"]}]},{\"@type\":\"ImageObject\",\"inLanguage\":\"en-US\",\"@id\":\"https:\/\/htiscientific.vn\/san-pham\/may-cat-tieu-ban-lanh-ban-tu-dong-ast500\/#primaryimage\",\"url\":\"https:\/\/htiscientific.vn\/wp-content\/uploads\/2025\/03\/may-cat-tieu-ban-lanh-ban-tu-dong-amos-ast500-2.jpg\",\"contentUrl\":\"https:\/\/htiscientific.vn\/wp-content\/uploads\/2025\/03\/may-cat-tieu-ban-lanh-ban-tu-dong-amos-ast500-2.jpg\",\"width\":598,\"height\":449,\"caption\":\"May-cat-tieu-ban-lanh-ban-tu-dong-amos-ast500-3\"},{\"@type\":\"BreadcrumbList\",\"@id\":\"https:\/\/htiscientific.vn\/san-pham\/may-cat-tieu-ban-lanh-ban-tu-dong-ast500\/#breadcrumb\",\"itemListElement\":[{\"@type\":\"ListItem\",\"position\":1,\"name\":\"Trang ch\u1ee7\",\"item\":\"https:\/\/htiscientific.vn\/\"},{\"@type\":\"ListItem\",\"position\":2,\"name\":\"C\u1eeda h\u00e0ng\",\"item\":\"https:\/\/htiscientific.vn\/cua-hang\/\"},{\"@type\":\"ListItem\",\"position\":3,\"name\":\"Gi\u1ea3i ph\u1eabu b\u1ec7nh \/ Ph\u00e1p y\",\"item\":\"https:\/\/htiscientific.vn\/danh-muc-san-pham\/giai-phau-benh-phap-y\/\"},{\"@type\":\"ListItem\",\"position\":4,\"name\":\"M\u00e1y c\u1eaft ti\u00eau b\u1ea3n l\u1ea1nh, b\u00e1n t\u1ef1 \u0111\u1ed9ng AST500\"}]},{\"@type\":\"WebSite\",\"@id\":\"https:\/\/htiscientific.vn\/#website\",\"url\":\"https:\/\/htiscientific.vn\/\",\"name\":\"HTI Scientific\",\"description\":\"HTI Scientific\",\"publisher\":{\"@id\":\"https:\/\/htiscientific.vn\/#organization\"},\"potentialAction\":[{\"@type\":\"SearchAction\",\"target\":{\"@type\":\"EntryPoint\",\"urlTemplate\":\"https:\/\/htiscientific.vn\/?s={search_term_string}\"},\"query-input\":{\"@type\":\"PropertyValueSpecification\",\"valueRequired\":true,\"valueName\":\"search_term_string\"}}],\"inLanguage\":\"en-US\"},{\"@type\":\"Organization\",\"@id\":\"https:\/\/htiscientific.vn\/#organization\",\"name\":\"HTI Scientific\",\"alternateName\":\"HTI Scientific\",\"url\":\"https:\/\/htiscientific.vn\/\",\"logo\":{\"@type\":\"ImageObject\",\"inLanguage\":\"en-US\",\"@id\":\"https:\/\/htiscientific.vn\/#\/schema\/logo\/image\/\",\"url\":\"https:\/\/htiscientific.vn\/wp-content\/uploads\/2025\/03\/ava-hti-copy.jpg\",\"contentUrl\":\"https:\/\/htiscientific.vn\/wp-content\/uploads\/2025\/03\/ava-hti-copy.jpg\",\"width\":700,\"height\":450,\"caption\":\"HTI Scientific\"},\"image\":{\"@id\":\"https:\/\/htiscientific.vn\/#\/schema\/logo\/image\/\"},\"sameAs\":[\"https:\/\/www.facebook.com\/htiscientific.vn\"]}]}<\/script>\n<!-- \/ Yoast SEO plugin. -->","yoast_head_json":{"title":"M\u00e1y c\u1eaft ti\u00eau b\u1ea3n l\u1ea1nh, b\u00e1n t\u1ef1 \u0111\u1ed9ng AST500 - HTI Scientific","description":"M\u00e1y c\u1eaft ti\u00eau b\u1ea3n l\u1ea1nh b\u00e1n t\u1ef1 \u0111\u1ed9ng, m\u1ed9t c\u00f4ng c\u1ee5 ti\u00ean ti\u1ebfn d\u00e0nh cho c\u1eaft m\u00f4 \u0111\u00f4ng l\u1ea1nh. K\u1ebft h\u1ee3p gi\u1eefa \u0111\u1ed9 ch\u00ednh x\u00e1c cao v\u00e0 thao t\u00e1c d\u1ec5 d\u00e0ng,","robots":{"index":"index","follow":"follow","max-snippet":"max-snippet:-1","max-image-preview":"max-image-preview:large","max-video-preview":"max-video-preview:-1"},"canonical":"https:\/\/htiscientific.vn\/en\/product\/may-cat-tieu-ban-lanh-ban-tu-dong-ast500\/","og_locale":"en_US","og_type":"article","og_title":"M\u00e1y c\u1eaft ti\u00eau b\u1ea3n l\u1ea1nh, b\u00e1n t\u1ef1 \u0111\u1ed9ng AST500 - HTI Scientific","og_description":"M\u00e1y c\u1eaft ti\u00eau b\u1ea3n l\u1ea1nh b\u00e1n t\u1ef1 \u0111\u1ed9ng, m\u1ed9t c\u00f4ng c\u1ee5 ti\u00ean ti\u1ebfn d\u00e0nh cho c\u1eaft m\u00f4 \u0111\u00f4ng l\u1ea1nh. K\u1ebft h\u1ee3p gi\u1eefa \u0111\u1ed9 ch\u00ednh x\u00e1c cao v\u00e0 thao t\u00e1c d\u1ec5 d\u00e0ng,","og_url":"https:\/\/htiscientific.vn\/en\/product\/may-cat-tieu-ban-lanh-ban-tu-dong-ast500\/","og_site_name":"HTI Scientific","article_publisher":"https:\/\/www.facebook.com\/htiscientific.vn","article_modified_time":"2025-05-19T04:17:16+00:00","og_image":[{"width":598,"height":449,"url":"https:\/\/htiscientific.vn\/wp-content\/uploads\/2025\/03\/may-cat-tieu-ban-lanh-ban-tu-dong-amos-ast500-2.jpg","type":"image\/jpeg"}],"twitter_card":"summary_large_image","twitter_misc":{"Est. reading time":"2 minutes"},"schema":{"@context":"https:\/\/schema.org","@graph":[{"@type":"WebPage","@id":"https:\/\/htiscientific.vn\/san-pham\/may-cat-tieu-ban-lanh-ban-tu-dong-ast500\/","url":"https:\/\/htiscientific.vn\/san-pham\/may-cat-tieu-ban-lanh-ban-tu-dong-ast500\/","name":"M\u00e1y c\u1eaft ti\u00eau b\u1ea3n l\u1ea1nh, b\u00e1n t\u1ef1 \u0111\u1ed9ng AST500 - HTI Scientific","isPartOf":{"@id":"https:\/\/htiscientific.vn\/#website"},"primaryImageOfPage":{"@id":"https:\/\/htiscientific.vn\/san-pham\/may-cat-tieu-ban-lanh-ban-tu-dong-ast500\/#primaryimage"},"image":{"@id":"https:\/\/htiscientific.vn\/san-pham\/may-cat-tieu-ban-lanh-ban-tu-dong-ast500\/#primaryimage"},"thumbnailUrl":"https:\/\/htiscientific.vn\/wp-content\/uploads\/2025\/03\/may-cat-tieu-ban-lanh-ban-tu-dong-amos-ast500-2.jpg","datePublished":"2025-03-28T11:47:16+00:00","dateModified":"2025-05-19T04:17:16+00:00","description":"M\u00e1y c\u1eaft ti\u00eau b\u1ea3n l\u1ea1nh b\u00e1n t\u1ef1 \u0111\u1ed9ng, m\u1ed9t c\u00f4ng c\u1ee5 ti\u00ean ti\u1ebfn d\u00e0nh cho c\u1eaft m\u00f4 \u0111\u00f4ng l\u1ea1nh. K\u1ebft h\u1ee3p gi\u1eefa \u0111\u1ed9 ch\u00ednh x\u00e1c cao v\u00e0 thao t\u00e1c d\u1ec5 d\u00e0ng,","breadcrumb":{"@id":"https:\/\/htiscientific.vn\/san-pham\/may-cat-tieu-ban-lanh-ban-tu-dong-ast500\/#breadcrumb"},"inLanguage":"en-US","potentialAction":[{"@type":"ReadAction","target":["https:\/\/htiscientific.vn\/san-pham\/may-cat-tieu-ban-lanh-ban-tu-dong-ast500\/"]}]},{"@type":"ImageObject","inLanguage":"en-US","@id":"https:\/\/htiscientific.vn\/san-pham\/may-cat-tieu-ban-lanh-ban-tu-dong-ast500\/#primaryimage","url":"https:\/\/htiscientific.vn\/wp-content\/uploads\/2025\/03\/may-cat-tieu-ban-lanh-ban-tu-dong-amos-ast500-2.jpg","contentUrl":"https:\/\/htiscientific.vn\/wp-content\/uploads\/2025\/03\/may-cat-tieu-ban-lanh-ban-tu-dong-amos-ast500-2.jpg","width":598,"height":449,"caption":"May-cat-tieu-ban-lanh-ban-tu-dong-amos-ast500-3"},{"@type":"BreadcrumbList","@id":"https:\/\/htiscientific.vn\/san-pham\/may-cat-tieu-ban-lanh-ban-tu-dong-ast500\/#breadcrumb","itemListElement":[{"@type":"ListItem","position":1,"name":"Trang ch\u1ee7","item":"https:\/\/htiscientific.vn\/"},{"@type":"ListItem","position":2,"name":"C\u1eeda h\u00e0ng","item":"https:\/\/htiscientific.vn\/cua-hang\/"},{"@type":"ListItem","position":3,"name":"Gi\u1ea3i ph\u1eabu b\u1ec7nh \/ Ph\u00e1p y","item":"https:\/\/htiscientific.vn\/danh-muc-san-pham\/giai-phau-benh-phap-y\/"},{"@type":"ListItem","position":4,"name":"M\u00e1y c\u1eaft ti\u00eau b\u1ea3n l\u1ea1nh, b\u00e1n t\u1ef1 \u0111\u1ed9ng AST500"}]},{"@type":"WebSite","@id":"https:\/\/htiscientific.vn\/#website","url":"https:\/\/htiscientific.vn\/","name":"HTI Scientific","description":"HTI Scientific","publisher":{"@id":"https:\/\/htiscientific.vn\/#organization"},"potentialAction":[{"@type":"SearchAction","target":{"@type":"EntryPoint","urlTemplate":"https:\/\/htiscientific.vn\/?s={search_term_string}"},"query-input":{"@type":"PropertyValueSpecification","valueRequired":true,"valueName":"search_term_string"}}],"inLanguage":"en-US"},{"@type":"Organization","@id":"https:\/\/htiscientific.vn\/#organization","name":"HTI Scientific","alternateName":"HTI Scientific","url":"https:\/\/htiscientific.vn\/","logo":{"@type":"ImageObject","inLanguage":"en-US","@id":"https:\/\/htiscientific.vn\/#\/schema\/logo\/image\/","url":"https:\/\/htiscientific.vn\/wp-content\/uploads\/2025\/03\/ava-hti-copy.jpg","contentUrl":"https:\/\/htiscientific.vn\/wp-content\/uploads\/2025\/03\/ava-hti-copy.jpg","width":700,"height":450,"caption":"HTI Scientific"},"image":{"@id":"https:\/\/htiscientific.vn\/#\/schema\/logo\/image\/"},"sameAs":["https:\/\/www.facebook.com\/htiscientific.vn"]}]}},"_links":{"self":[{"href":"https:\/\/htiscientific.vn\/en\/wp-json\/wp\/v2\/product\/948","targetHints":{"allow":["GET"]}}],"collection":[{"href":"https:\/\/htiscientific.vn\/en\/wp-json\/wp\/v2\/product"}],"about":[{"href":"https:\/\/htiscientific.vn\/en\/wp-json\/wp\/v2\/types\/product"}],"wp:featuredmedia":[{"embeddable":true,"href":"https:\/\/htiscientific.vn\/en\/wp-json\/wp\/v2\/media\/956"}],"wp:attachment":[{"href":"https:\/\/htiscientific.vn\/en\/wp-json\/wp\/v2\/media?parent=948"}],"wp:term":[{"taxonomy":"product_brand","embeddable":true,"href":"https:\/\/htiscientific.vn\/en\/wp-json\/wp\/v2\/product_brand?post=948"},{"taxonomy":"product_cat","embeddable":true,"href":"https:\/\/htiscientific.vn\/en\/wp-json\/wp\/v2\/product_cat?post=948"},{"taxonomy":"product_tag","embeddable":true,"href":"https:\/\/htiscientific.vn\/en\/wp-json\/wp\/v2\/product_tag?post=948"}],"curies":[{"name":"wp","href":"https:\/\/api.w.org\/{rel}","templated":true}]}}