{"id":943,"date":"2025-03-28T18:39:38","date_gmt":"2025-03-28T11:39:38","guid":{"rendered":"https:\/\/htiscientific.vn\/?post_type=product&#038;p=943"},"modified":"2025-05-07T17:29:35","modified_gmt":"2025-05-07T10:29:35","slug":"may-cat-tieu-ban-tu-dong-aem480","status":"publish","type":"product","link":"https:\/\/htiscientific.vn\/en\/product\/may-cat-tieu-ban-tu-dong-aem480\/","title":{"rendered":"M\u00e1y c\u1eaft ti\u00eau b\u1ea3n t\u1ef1 \u0111\u1ed9ng AEM480"},"content":{"rendered":"<p><strong>TH\u00d4NG TIN S\u1ea2N PH\u1ea8M<\/strong><\/p>\n<ul>\n<li>Model: AEM480<\/li>\n<li>H\u00e3ng s\u1ea3n xu\u1ea5t: <a href=\"https:\/\/www.amos-scientific.com\/\" target=\"_blank\" rel=\"noopener\">Amos Scientific PTY.LTD<\/a><\/li>\n<li>Xu\u1ea5t x\u1ee9: \u00dac<\/li>\n<\/ul>\n<p><strong>TH\u00d4NG S\u1ed0 K\u1ef8 THU\u1eacT<\/strong><\/p>\n<ul>\n<li>V\u1ecf m\u00e1y \u0111\u01b0\u1ee3c l\u00e0m t\u1eeb nh\u1ef1a ABS ch\u1ed1ng ch\u00e1y, thi\u1ebft k\u1ebf kh\u00ed \u0111\u1ed9ng h\u1ecdc hi\u1ec7n \u0111\u1ea1i<\/li>\n<li>Khay ch\u1ee9a r\u00e1c r\u1ed9ng r\u00e3i v\u00e0 ti\u1ec7n l\u1ee3i, gi\u00fap duy tr\u00ec m\u00f4i tr\u01b0\u1eddng l\u00e0m vi\u1ec7c s\u1ea1ch s\u1ebd.<\/li>\n<li>Gi\u00e1 k\u1eb9p m\u1eabu \u0111a n\u0103ng v\u00e0 thao t\u00e1c nhanh, t\u01b0\u01a1ng th\u00edch v\u1edbi c\u00e1c cassette \u0111\u00fac m\u1eabu ti\u00eau chu\u1ea9n qu\u1ed1c t\u1ebf.<\/li>\n<li>B\u1ea3ng \u0111i\u1ec1u khi\u1ec3n t\u00e1ch r\u1eddi, gi\u00fap thao t\u00e1c d\u1ec5 d\u00e0ng v\u00e0 thu\u1eadn ti\u1ec7n h\u01a1n.<\/li>\n<li>Ba ch\u1ebf \u0111\u1ed9 c\u1eaft t\u1ef1 \u0111\u1ed9ng: Li\u00ean t\u1ee5c (Cont), \u0110\u01a1n l\u1ebb (Single) v\u00e0 B\u01b0\u1edbc (Step), cho ph\u00e9p ng\u01b0\u1eddi d\u00f9ng l\u1ef1a ch\u1ecdn ph\u00f9 h\u1ee3p v\u1edbi nhu c\u1ea7u<\/li>\n<li>Ch\u1ee9c n\u0103ng ghi nh\u1edb ti\u1ebfn m\u1eabu th\u00f4 v\u00e0 t\u1ef1 \u0111\u1ed9ng n\u1ea1p l\u1ea1i, gi\u00fap t\u0103ng \u0111\u00e1ng k\u1ec3 hi\u1ec7u su\u1ea5t c\u1eaft m\u1eabu<\/li>\n<\/ul>","protected":false},"excerpt":{"rendered":"<p>C\u1ea3i ti\u1ebfn quy tr\u00ecnh l\u00e0m vi\u1ec7c v\u1edbi <strong>M\u00e1y vi ph\u1eabu quay t\u1ef1 \u0111\u1ed9ng ho\u00e0n to\u00e0n<\/strong><strong>,<\/strong> \u0111i k\u00e8m <strong>b\u1ea3ng \u0111i\u1ec1u khi\u1ec3n ri\u00eang bi\u1ec7t<\/strong>. Thi\u1ebft b\u1ecb ti\u00ean ti\u1ebfn n\u00e0y mang \u0111\u1ebfn <strong>kh\u1ea3 n\u0103ng c\u1eaft m\u1eabu m\u00f4 ch\u00ednh x\u00e1c v\u00e0 d\u1ec5 d\u00e0ng<\/strong>, n\u00e2ng cao hi\u1ec7u su\u1ea5t l\u00e0m vi\u1ec7c v\u00e0 \u0111\u1ea3m b\u1ea3o <strong>ch\u1ea5t l\u01b0\u1ee3ng m\u1eabu v\u01b0\u1ee3t tr\u1ed9i<\/strong> cho c\u00e1c x\u00e9t nghi\u1ec7m m\u00f4 b\u1ec7nh h\u1ecdc ch\u00ednh x\u00e1c.<\/p>","protected":false},"featured_media":944,"template":"","meta":{"inline_featured_image":false},"product_brand":[46],"product_cat":[72,73],"product_tag":[],"class_list":{"0":"post-943","1":"product","2":"type-product","3":"status-publish","4":"has-post-thumbnail","6":"product_brand-amos-scientific","7":"product_cat-giai-phau-benh-phap-y","8":"product_cat-may-cat-tieu-ban","10":"first","11":"instock","12":"shipping-taxable","13":"product-type-simple"},"yoast_head":"<!-- This site is optimized with the Yoast SEO plugin v24.7 - https:\/\/yoast.com\/wordpress\/plugins\/seo\/ -->\n<title>M\u00e1y c\u1eaft ti\u00eau b\u1ea3n t\u1ef1 \u0111\u1ed9ng AEM480 - HTI Scientific<\/title>\n<meta name=\"description\" content=\"M\u00e1y c\u1eaft ti\u00eau b\u1ea3n t\u1ef1 \u0111\u1ed9ng AEM480 v\u1edbi v\u1ecf m\u00e1y \u0111\u01b0\u1ee3c l\u00e0m t\u1eeb nh\u1ef1a ABS ch\u1ed1ng ch\u00e1y, thi\u1ebft k\u1ebf kh\u00ed \u0111\u1ed9ng h\u1ecdc hi\u1ec7n \u0111\u1ea1i, gi\u00e1 k\u1eb9p m\u1eabu \u0111a n\u0103ng v\u00e0 thao t\u00e1c nhanh,\" \/>\n<meta name=\"robots\" content=\"index, follow, max-snippet:-1, max-image-preview:large, max-video-preview:-1\" \/>\n<link rel=\"canonical\" href=\"https:\/\/htiscientific.vn\/en\/product\/may-cat-tieu-ban-tu-dong-aem480\/\" \/>\n<meta property=\"og:locale\" content=\"en_US\" \/>\n<meta property=\"og:type\" content=\"article\" \/>\n<meta property=\"og:title\" content=\"M\u00e1y c\u1eaft ti\u00eau b\u1ea3n t\u1ef1 \u0111\u1ed9ng AEM480 - HTI Scientific\" \/>\n<meta property=\"og:description\" content=\"M\u00e1y c\u1eaft ti\u00eau b\u1ea3n t\u1ef1 \u0111\u1ed9ng AEM480 v\u1edbi v\u1ecf m\u00e1y \u0111\u01b0\u1ee3c l\u00e0m t\u1eeb nh\u1ef1a ABS ch\u1ed1ng ch\u00e1y, thi\u1ebft k\u1ebf kh\u00ed \u0111\u1ed9ng h\u1ecdc hi\u1ec7n \u0111\u1ea1i, gi\u00e1 k\u1eb9p m\u1eabu \u0111a n\u0103ng v\u00e0 thao t\u00e1c nhanh,\" \/>\n<meta property=\"og:url\" content=\"https:\/\/htiscientific.vn\/en\/product\/may-cat-tieu-ban-tu-dong-aem480\/\" \/>\n<meta property=\"og:site_name\" content=\"HTI Scientific\" \/>\n<meta property=\"article:publisher\" content=\"https:\/\/www.facebook.com\/htiscientific.vn\" \/>\n<meta property=\"article:modified_time\" content=\"2025-05-07T10:29:35+00:00\" \/>\n<meta property=\"og:image\" content=\"https:\/\/htiscientific.vn\/wp-content\/uploads\/2025\/03\/may-cat-tieu-ban-tu-dong-amos-aem-480-1.jpg\" \/>\n\t<meta property=\"og:image:width\" content=\"598\" \/>\n\t<meta property=\"og:image:height\" content=\"449\" \/>\n\t<meta property=\"og:image:type\" content=\"image\/jpeg\" \/>\n<meta name=\"twitter:card\" content=\"summary_large_image\" \/>\n<meta name=\"twitter:label1\" content=\"Est. reading time\" \/>\n\t<meta name=\"twitter:data1\" content=\"1 minute\" \/>\n<script type=\"application\/ld+json\" class=\"yoast-schema-graph\">{\"@context\":\"https:\/\/schema.org\",\"@graph\":[{\"@type\":\"WebPage\",\"@id\":\"https:\/\/htiscientific.vn\/san-pham\/may-cat-tieu-ban-tu-dong-aem480\/\",\"url\":\"https:\/\/htiscientific.vn\/san-pham\/may-cat-tieu-ban-tu-dong-aem480\/\",\"name\":\"M\u00e1y c\u1eaft ti\u00eau b\u1ea3n t\u1ef1 \u0111\u1ed9ng AEM480 - HTI Scientific\",\"isPartOf\":{\"@id\":\"https:\/\/htiscientific.vn\/#website\"},\"primaryImageOfPage\":{\"@id\":\"https:\/\/htiscientific.vn\/san-pham\/may-cat-tieu-ban-tu-dong-aem480\/#primaryimage\"},\"image\":{\"@id\":\"https:\/\/htiscientific.vn\/san-pham\/may-cat-tieu-ban-tu-dong-aem480\/#primaryimage\"},\"thumbnailUrl\":\"https:\/\/htiscientific.vn\/wp-content\/uploads\/2025\/03\/may-cat-tieu-ban-tu-dong-amos-aem-480-1.jpg\",\"datePublished\":\"2025-03-28T11:39:38+00:00\",\"dateModified\":\"2025-05-07T10:29:35+00:00\",\"description\":\"M\u00e1y c\u1eaft ti\u00eau b\u1ea3n t\u1ef1 \u0111\u1ed9ng AEM480 v\u1edbi v\u1ecf m\u00e1y \u0111\u01b0\u1ee3c l\u00e0m t\u1eeb nh\u1ef1a ABS ch\u1ed1ng ch\u00e1y, thi\u1ebft k\u1ebf kh\u00ed \u0111\u1ed9ng h\u1ecdc hi\u1ec7n \u0111\u1ea1i, gi\u00e1 k\u1eb9p m\u1eabu \u0111a n\u0103ng v\u00e0 thao t\u00e1c nhanh,\",\"breadcrumb\":{\"@id\":\"https:\/\/htiscientific.vn\/san-pham\/may-cat-tieu-ban-tu-dong-aem480\/#breadcrumb\"},\"inLanguage\":\"en-US\",\"potentialAction\":[{\"@type\":\"ReadAction\",\"target\":[\"https:\/\/htiscientific.vn\/san-pham\/may-cat-tieu-ban-tu-dong-aem480\/\"]}]},{\"@type\":\"ImageObject\",\"inLanguage\":\"en-US\",\"@id\":\"https:\/\/htiscientific.vn\/san-pham\/may-cat-tieu-ban-tu-dong-aem480\/#primaryimage\",\"url\":\"https:\/\/htiscientific.vn\/wp-content\/uploads\/2025\/03\/may-cat-tieu-ban-tu-dong-amos-aem-480-1.jpg\",\"contentUrl\":\"https:\/\/htiscientific.vn\/wp-content\/uploads\/2025\/03\/may-cat-tieu-ban-tu-dong-amos-aem-480-1.jpg\",\"width\":598,\"height\":449,\"caption\":\"May-cat-tieu-ban-tu-dong-amos-aem-480-1\"},{\"@type\":\"BreadcrumbList\",\"@id\":\"https:\/\/htiscientific.vn\/san-pham\/may-cat-tieu-ban-tu-dong-aem480\/#breadcrumb\",\"itemListElement\":[{\"@type\":\"ListItem\",\"position\":1,\"name\":\"Trang ch\u1ee7\",\"item\":\"https:\/\/htiscientific.vn\/\"},{\"@type\":\"ListItem\",\"position\":2,\"name\":\"C\u1eeda h\u00e0ng\",\"item\":\"https:\/\/htiscientific.vn\/cua-hang\/\"},{\"@type\":\"ListItem\",\"position\":3,\"name\":\"Gi\u1ea3i ph\u1eabu b\u1ec7nh \/ Ph\u00e1p y\",\"item\":\"https:\/\/htiscientific.vn\/danh-muc-san-pham\/giai-phau-benh-phap-y\/\"},{\"@type\":\"ListItem\",\"position\":4,\"name\":\"M\u00e1y c\u1eaft ti\u00eau b\u1ea3n t\u1ef1 \u0111\u1ed9ng AEM480\"}]},{\"@type\":\"WebSite\",\"@id\":\"https:\/\/htiscientific.vn\/#website\",\"url\":\"https:\/\/htiscientific.vn\/\",\"name\":\"HTI Scientific\",\"description\":\"HTI Scientific\",\"publisher\":{\"@id\":\"https:\/\/htiscientific.vn\/#organization\"},\"potentialAction\":[{\"@type\":\"SearchAction\",\"target\":{\"@type\":\"EntryPoint\",\"urlTemplate\":\"https:\/\/htiscientific.vn\/?s={search_term_string}\"},\"query-input\":{\"@type\":\"PropertyValueSpecification\",\"valueRequired\":true,\"valueName\":\"search_term_string\"}}],\"inLanguage\":\"en-US\"},{\"@type\":\"Organization\",\"@id\":\"https:\/\/htiscientific.vn\/#organization\",\"name\":\"HTI Scientific\",\"alternateName\":\"HTI Scientific\",\"url\":\"https:\/\/htiscientific.vn\/\",\"logo\":{\"@type\":\"ImageObject\",\"inLanguage\":\"en-US\",\"@id\":\"https:\/\/htiscientific.vn\/#\/schema\/logo\/image\/\",\"url\":\"https:\/\/htiscientific.vn\/wp-content\/uploads\/2025\/03\/ava-hti-copy.jpg\",\"contentUrl\":\"https:\/\/htiscientific.vn\/wp-content\/uploads\/2025\/03\/ava-hti-copy.jpg\",\"width\":700,\"height\":450,\"caption\":\"HTI Scientific\"},\"image\":{\"@id\":\"https:\/\/htiscientific.vn\/#\/schema\/logo\/image\/\"},\"sameAs\":[\"https:\/\/www.facebook.com\/htiscientific.vn\"]}]}<\/script>\n<!-- \/ Yoast SEO plugin. -->","yoast_head_json":{"title":"M\u00e1y c\u1eaft ti\u00eau b\u1ea3n t\u1ef1 \u0111\u1ed9ng AEM480 - HTI Scientific","description":"M\u00e1y c\u1eaft ti\u00eau b\u1ea3n t\u1ef1 \u0111\u1ed9ng AEM480 v\u1edbi v\u1ecf m\u00e1y \u0111\u01b0\u1ee3c l\u00e0m t\u1eeb nh\u1ef1a ABS ch\u1ed1ng ch\u00e1y, thi\u1ebft k\u1ebf kh\u00ed \u0111\u1ed9ng h\u1ecdc hi\u1ec7n \u0111\u1ea1i, gi\u00e1 k\u1eb9p m\u1eabu \u0111a n\u0103ng v\u00e0 thao t\u00e1c nhanh,","robots":{"index":"index","follow":"follow","max-snippet":"max-snippet:-1","max-image-preview":"max-image-preview:large","max-video-preview":"max-video-preview:-1"},"canonical":"https:\/\/htiscientific.vn\/en\/product\/may-cat-tieu-ban-tu-dong-aem480\/","og_locale":"en_US","og_type":"article","og_title":"M\u00e1y c\u1eaft ti\u00eau b\u1ea3n t\u1ef1 \u0111\u1ed9ng AEM480 - HTI Scientific","og_description":"M\u00e1y c\u1eaft ti\u00eau b\u1ea3n t\u1ef1 \u0111\u1ed9ng AEM480 v\u1edbi v\u1ecf m\u00e1y \u0111\u01b0\u1ee3c l\u00e0m t\u1eeb nh\u1ef1a ABS ch\u1ed1ng ch\u00e1y, thi\u1ebft k\u1ebf kh\u00ed \u0111\u1ed9ng h\u1ecdc hi\u1ec7n \u0111\u1ea1i, gi\u00e1 k\u1eb9p m\u1eabu \u0111a n\u0103ng v\u00e0 thao t\u00e1c nhanh,","og_url":"https:\/\/htiscientific.vn\/en\/product\/may-cat-tieu-ban-tu-dong-aem480\/","og_site_name":"HTI Scientific","article_publisher":"https:\/\/www.facebook.com\/htiscientific.vn","article_modified_time":"2025-05-07T10:29:35+00:00","og_image":[{"width":598,"height":449,"url":"https:\/\/htiscientific.vn\/wp-content\/uploads\/2025\/03\/may-cat-tieu-ban-tu-dong-amos-aem-480-1.jpg","type":"image\/jpeg"}],"twitter_card":"summary_large_image","twitter_misc":{"Est. reading time":"1 minute"},"schema":{"@context":"https:\/\/schema.org","@graph":[{"@type":"WebPage","@id":"https:\/\/htiscientific.vn\/san-pham\/may-cat-tieu-ban-tu-dong-aem480\/","url":"https:\/\/htiscientific.vn\/san-pham\/may-cat-tieu-ban-tu-dong-aem480\/","name":"M\u00e1y c\u1eaft ti\u00eau b\u1ea3n t\u1ef1 \u0111\u1ed9ng AEM480 - HTI Scientific","isPartOf":{"@id":"https:\/\/htiscientific.vn\/#website"},"primaryImageOfPage":{"@id":"https:\/\/htiscientific.vn\/san-pham\/may-cat-tieu-ban-tu-dong-aem480\/#primaryimage"},"image":{"@id":"https:\/\/htiscientific.vn\/san-pham\/may-cat-tieu-ban-tu-dong-aem480\/#primaryimage"},"thumbnailUrl":"https:\/\/htiscientific.vn\/wp-content\/uploads\/2025\/03\/may-cat-tieu-ban-tu-dong-amos-aem-480-1.jpg","datePublished":"2025-03-28T11:39:38+00:00","dateModified":"2025-05-07T10:29:35+00:00","description":"M\u00e1y c\u1eaft ti\u00eau b\u1ea3n t\u1ef1 \u0111\u1ed9ng AEM480 v\u1edbi v\u1ecf m\u00e1y \u0111\u01b0\u1ee3c l\u00e0m t\u1eeb nh\u1ef1a ABS ch\u1ed1ng ch\u00e1y, thi\u1ebft k\u1ebf kh\u00ed \u0111\u1ed9ng h\u1ecdc hi\u1ec7n \u0111\u1ea1i, gi\u00e1 k\u1eb9p m\u1eabu \u0111a n\u0103ng v\u00e0 thao t\u00e1c nhanh,","breadcrumb":{"@id":"https:\/\/htiscientific.vn\/san-pham\/may-cat-tieu-ban-tu-dong-aem480\/#breadcrumb"},"inLanguage":"en-US","potentialAction":[{"@type":"ReadAction","target":["https:\/\/htiscientific.vn\/san-pham\/may-cat-tieu-ban-tu-dong-aem480\/"]}]},{"@type":"ImageObject","inLanguage":"en-US","@id":"https:\/\/htiscientific.vn\/san-pham\/may-cat-tieu-ban-tu-dong-aem480\/#primaryimage","url":"https:\/\/htiscientific.vn\/wp-content\/uploads\/2025\/03\/may-cat-tieu-ban-tu-dong-amos-aem-480-1.jpg","contentUrl":"https:\/\/htiscientific.vn\/wp-content\/uploads\/2025\/03\/may-cat-tieu-ban-tu-dong-amos-aem-480-1.jpg","width":598,"height":449,"caption":"May-cat-tieu-ban-tu-dong-amos-aem-480-1"},{"@type":"BreadcrumbList","@id":"https:\/\/htiscientific.vn\/san-pham\/may-cat-tieu-ban-tu-dong-aem480\/#breadcrumb","itemListElement":[{"@type":"ListItem","position":1,"name":"Trang ch\u1ee7","item":"https:\/\/htiscientific.vn\/"},{"@type":"ListItem","position":2,"name":"C\u1eeda h\u00e0ng","item":"https:\/\/htiscientific.vn\/cua-hang\/"},{"@type":"ListItem","position":3,"name":"Gi\u1ea3i ph\u1eabu b\u1ec7nh \/ Ph\u00e1p y","item":"https:\/\/htiscientific.vn\/danh-muc-san-pham\/giai-phau-benh-phap-y\/"},{"@type":"ListItem","position":4,"name":"M\u00e1y c\u1eaft ti\u00eau b\u1ea3n t\u1ef1 \u0111\u1ed9ng AEM480"}]},{"@type":"WebSite","@id":"https:\/\/htiscientific.vn\/#website","url":"https:\/\/htiscientific.vn\/","name":"HTI Scientific","description":"HTI Scientific","publisher":{"@id":"https:\/\/htiscientific.vn\/#organization"},"potentialAction":[{"@type":"SearchAction","target":{"@type":"EntryPoint","urlTemplate":"https:\/\/htiscientific.vn\/?s={search_term_string}"},"query-input":{"@type":"PropertyValueSpecification","valueRequired":true,"valueName":"search_term_string"}}],"inLanguage":"en-US"},{"@type":"Organization","@id":"https:\/\/htiscientific.vn\/#organization","name":"HTI Scientific","alternateName":"HTI Scientific","url":"https:\/\/htiscientific.vn\/","logo":{"@type":"ImageObject","inLanguage":"en-US","@id":"https:\/\/htiscientific.vn\/#\/schema\/logo\/image\/","url":"https:\/\/htiscientific.vn\/wp-content\/uploads\/2025\/03\/ava-hti-copy.jpg","contentUrl":"https:\/\/htiscientific.vn\/wp-content\/uploads\/2025\/03\/ava-hti-copy.jpg","width":700,"height":450,"caption":"HTI Scientific"},"image":{"@id":"https:\/\/htiscientific.vn\/#\/schema\/logo\/image\/"},"sameAs":["https:\/\/www.facebook.com\/htiscientific.vn"]}]}},"_links":{"self":[{"href":"https:\/\/htiscientific.vn\/en\/wp-json\/wp\/v2\/product\/943","targetHints":{"allow":["GET"]}}],"collection":[{"href":"https:\/\/htiscientific.vn\/en\/wp-json\/wp\/v2\/product"}],"about":[{"href":"https:\/\/htiscientific.vn\/en\/wp-json\/wp\/v2\/types\/product"}],"wp:featuredmedia":[{"embeddable":true,"href":"https:\/\/htiscientific.vn\/en\/wp-json\/wp\/v2\/media\/944"}],"wp:attachment":[{"href":"https:\/\/htiscientific.vn\/en\/wp-json\/wp\/v2\/media?parent=943"}],"wp:term":[{"taxonomy":"product_brand","embeddable":true,"href":"https:\/\/htiscientific.vn\/en\/wp-json\/wp\/v2\/product_brand?post=943"},{"taxonomy":"product_cat","embeddable":true,"href":"https:\/\/htiscientific.vn\/en\/wp-json\/wp\/v2\/product_cat?post=943"},{"taxonomy":"product_tag","embeddable":true,"href":"https:\/\/htiscientific.vn\/en\/wp-json\/wp\/v2\/product_tag?post=943"}],"curies":[{"name":"wp","href":"https:\/\/api.w.org\/{rel}","templated":true}]}}