{"id":935,"date":"2025-03-27T17:23:45","date_gmt":"2025-03-27T10:23:45","guid":{"rendered":"https:\/\/htiscientific.vn\/?post_type=product&#038;p=935"},"modified":"2025-05-07T17:28:33","modified_gmt":"2025-05-07T10:28:33","slug":"may-cat-tieu-ban-ban-tu-dong-aem460","status":"publish","type":"product","link":"https:\/\/htiscientific.vn\/en\/product\/may-cat-tieu-ban-ban-tu-dong-aem460\/","title":{"rendered":"M\u00e1y c\u1eaft ti\u00eau b\u1ea3n b\u00e1n t\u1ef1 \u0111\u1ed9ng AEM460"},"content":{"rendered":"<p><span style=\"color: #333333;\">M\u00e1y vi ph\u1eabu quay b\u00e1n t\u1ef1 \u0111\u1ed9ng v\u1edbi b\u1ea3ng \u0111i\u1ec1u khi\u1ec3n ri\u00eang bi\u1ec7t mang \u0111\u1ebfn thi\u1ebft k\u1ebf c\u00f4ng th\u00e1i h\u1ecdc v\u00e0 giao di\u1ec7n tr\u1ef1c quan, gi\u00fap thao t\u00e1c c\u1eaft m\u00f4 d\u1ec5 d\u00e0ng. Thi\u1ebft b\u1ecb \u0111\u1ea3m b\u1ea3o \u0111\u1ed9 ch\u00ednh x\u00e1c cao v\u00e0 ch\u1ea5t l\u01b0\u1ee3ng m\u1eabu \u0111\u1ed3ng nh\u1ea5t, h\u1ed7 tr\u1ee3 ch\u1ea9n \u0111o\u00e1n ch\u00ednh x\u00e1c v\u00e0 \u0111\u00e1ng tin c\u1eady.<\/span><\/p>\n<p><span style=\"color: #333333;\"><strong>TH\u00d4NG TIN S\u1ea2N PH\u1ea8M<\/strong><\/span><\/p>\n<ul>\n<li><span style=\"color: #333333;\">Model: AEM460<\/span><\/li>\n<li><span style=\"color: #333333;\">H\u00e3ng s\u1ea3n xu\u1ea5t: <a href=\"https:\/\/www.amos-scientific.com\/\" target=\"_blank\" rel=\"noopener\">Amos Scientific<\/a><\/span><\/li>\n<li><span style=\"color: #333333;\">Xu\u1ea5t x\u1ee9: \u00dac<\/span><\/li>\n<\/ul>\n<p><span style=\"color: #333333;\"><strong>TH\u00d4NG S\u1ed0 K\u1ef8 THU\u1eacT<\/strong><\/span><\/p>\n<ul>\n<li><span style=\"color: #333333;\">M\u00e0n h\u00ecnh hi\u1ec3n th\u1ecb \u0111a ch\u1ee9c n\u0103ng, theo d\u00f5i \u0111\u1ed9 d\u00e0y l\u00e1t c\u1eaft, ch\u1ebf \u0111\u1ed9 x\u00e9n m\u1eabu v\u00e0 b\u1ed9 \u0111\u1ebfm s\u1ed1 l\u00e1t c\u1eaft.<\/span><\/li>\n<li><span style=\"color: #333333;\">B\u1ea3ng \u0111i\u1ec1u khi\u1ec3n t\u00e1ch r\u1eddi, gi\u00fap thao t\u00e1c \u0111\u01a1n gi\u1ea3n v\u00e0 thu\u1eadn ti\u1ec7n h\u01a1n.<\/span><\/li>\n<li><span style=\"color: #333333;\">Khay ch\u1ee9a r\u00e1c r\u1ed9ng r\u00e3i c\u00f3 nam ch\u00e2m, gi\u00fap thu gom m\u1ea3nh v\u1ee5n hi\u1ec7u qu\u1ea3.<\/span><\/li>\n<li><span style=\"color: #333333;\">B\u00e1nh \u0111\u00e0 c\u00e2n b\u1eb1ng nh\u1eb9, thi\u1ebft k\u1ebf c\u00f4ng th\u00e1i h\u1ecdc, mang l\u1ea1i tr\u1ea3i nghi\u1ec7m v\u1eadn h\u00e0nh m\u01b0\u1ee3t m\u00e0.<\/span><\/li>\n<li><span style=\"color: #333333;\">K\u1eb9p gi\u1eef m\u1eabu c\u00f3 th\u1ec3 \u0111i\u1ec1u ch\u1ec9nh, gi\u00fap c\u0103n ch\u1ec9nh kh\u1ed1i m\u00f4 v\u00e0 l\u01b0\u1ee1i dao theo tr\u1ee5c X-Y d\u1ec5 d\u00e0ng.<\/span><\/li>\n<li><span style=\"color: #333333;\">Ch\u1ee9c n\u0103ng r\u00fat l\u00f9i t\u1ef1 \u0111\u1ed9ng, ng\u0103n m\u1eabu va ch\u1ea1m v\u00e0o l\u01b0\u1ee1i dao khi quay ng\u01b0\u1ee3c.<\/span><\/li>\n<li><span style=\"color: #333333;\">Gi\u00e1 gi\u1eef m\u1eabu \u0111a n\u0103ng, t\u01b0\u01a1ng th\u00edch v\u1edbi cassette \u0111\u00fac m\u1eabu ti\u00eau chu\u1ea9n qu\u1ed1c t\u1ebf.<\/span><\/li>\n<li><span style=\"color: #333333;\">B\u00e1nh \u0111\u00e0 c\u00f3 th\u1ec3 kh\u00f3a \u1edf b\u1ea5t k\u1ef3 v\u1ecb tr\u00ed n\u00e0o, b\u1ea3o v\u1ec7 m\u1eabu v\u00e0 n\u00e2ng cao \u0111\u1ed9 an to\u00e0n khi s\u1eed d\u1ee5ng.<\/span><\/li>\n<li><span style=\"color: #333333;\">Ch\u1ee9c n\u0103ng ghi nh\u1edb ti\u1ebfn m\u1eabu t\u1ef1 \u0111\u1ed9ng, c\u1ea3i thi\u1ec7n t\u1ed1c \u0111\u1ed9 x\u00e9n m\u1eabu v\u00e0 \u0111\u1ea3m b\u1ea3o ch\u1ea5t l\u01b0\u1ee3ng c\u1eaft \u0111\u1ed3ng nh\u1ea5t.<\/span><\/li>\n<\/ul>","protected":false},"excerpt":{"rendered":"<p style=\"text-align: justify;\"><span style=\"color: #333333;\">M\u00e1y vi ph\u1eabu quay b\u00e1n t\u1ef1 \u0111\u1ed9ng v\u1edbi b\u1ea3ng \u0111i\u1ec1u khi\u1ec3n ri\u00eang bi\u1ec7t mang \u0111\u1ebfn thi\u1ebft k\u1ebf c\u00f4ng th\u00e1i h\u1ecdc v\u00e0 giao di\u1ec7n tr\u1ef1c quan, gi\u00fap thao t\u00e1c c\u1eaft m\u00f4 d\u1ec5 d\u00e0ng. Thi\u1ebft b\u1ecb \u0111\u1ea3m b\u1ea3o \u0111\u1ed9 ch\u00ednh x\u00e1c cao v\u00e0 ch\u1ea5t l\u01b0\u1ee3ng m\u1eabu \u0111\u1ed3ng nh\u1ea5t, h\u1ed7 tr\u1ee3 ch\u1ea9n \u0111o\u00e1n ch\u00ednh x\u00e1c v\u00e0 \u0111\u00e1ng tin c\u1eady.<\/span><\/p>","protected":false},"featured_media":941,"template":"","meta":{"inline_featured_image":false},"product_brand":[46],"product_cat":[72,73,108],"product_tag":[],"class_list":{"0":"post-935","1":"product","2":"type-product","3":"status-publish","4":"has-post-thumbnail","6":"product_brand-amos-scientific","7":"product_cat-giai-phau-benh-phap-y","8":"product_cat-may-cat-tieu-ban","9":"product_cat-san-pham-noi-bat-trang-chu","11":"first","12":"instock","13":"featured","14":"shipping-taxable","15":"product-type-simple"},"yoast_head":"<!-- This site is optimized with the Yoast SEO plugin v24.7 - https:\/\/yoast.com\/wordpress\/plugins\/seo\/ -->\n<title>M\u00e1y c\u1eaft ti\u00eau b\u1ea3n b\u00e1n t\u1ef1 \u0111\u1ed9ng AEM460 - HTI Scientific<\/title>\n<meta name=\"description\" content=\"M\u00e1y c\u1eaft ti\u00eau b\u1ea3n b\u00e1n t\u1ef1 \u0111\u1ed9ng AEM460. Model: AEM460. H\u00e3ng s\u1ea3n xu\u1ea5t: Amos Scientific. Xu\u1ea5t x\u1ee9: \u00dac. Thi\u1ebft k\u1ebf c\u00f4ng th\u00e1i h\u1ecdc v\u00e0 giao di\u1ec7n tr\u1ef1c quan\" \/>\n<meta name=\"robots\" content=\"index, follow, max-snippet:-1, max-image-preview:large, max-video-preview:-1\" \/>\n<link rel=\"canonical\" href=\"https:\/\/htiscientific.vn\/en\/product\/may-cat-tieu-ban-ban-tu-dong-aem460\/\" \/>\n<meta property=\"og:locale\" content=\"en_US\" \/>\n<meta property=\"og:type\" content=\"article\" \/>\n<meta property=\"og:title\" content=\"M\u00e1y c\u1eaft ti\u00eau b\u1ea3n b\u00e1n t\u1ef1 \u0111\u1ed9ng AEM460 - HTI Scientific\" \/>\n<meta property=\"og:description\" content=\"M\u00e1y c\u1eaft ti\u00eau b\u1ea3n b\u00e1n t\u1ef1 \u0111\u1ed9ng AEM460. Model: AEM460. H\u00e3ng s\u1ea3n xu\u1ea5t: Amos Scientific. Xu\u1ea5t x\u1ee9: \u00dac. Thi\u1ebft k\u1ebf c\u00f4ng th\u00e1i h\u1ecdc v\u00e0 giao di\u1ec7n tr\u1ef1c quan\" \/>\n<meta property=\"og:url\" content=\"https:\/\/htiscientific.vn\/en\/product\/may-cat-tieu-ban-ban-tu-dong-aem460\/\" \/>\n<meta property=\"og:site_name\" content=\"HTI Scientific\" \/>\n<meta property=\"article:publisher\" content=\"https:\/\/www.facebook.com\/htiscientific.vn\" \/>\n<meta property=\"article:modified_time\" content=\"2025-05-07T10:28:33+00:00\" \/>\n<meta property=\"og:image\" content=\"https:\/\/htiscientific.vn\/wp-content\/uploads\/2025\/03\/may-cat-tieu-ban-ban-tu-dong-amos-aem-460-2.jpg\" \/>\n\t<meta property=\"og:image:width\" content=\"598\" \/>\n\t<meta property=\"og:image:height\" content=\"449\" \/>\n\t<meta property=\"og:image:type\" content=\"image\/jpeg\" \/>\n<meta name=\"twitter:card\" content=\"summary_large_image\" \/>\n<meta name=\"twitter:label1\" content=\"Est. reading time\" \/>\n\t<meta name=\"twitter:data1\" content=\"2 minutes\" \/>\n<script type=\"application\/ld+json\" class=\"yoast-schema-graph\">{\"@context\":\"https:\/\/schema.org\",\"@graph\":[{\"@type\":\"WebPage\",\"@id\":\"https:\/\/htiscientific.vn\/san-pham\/may-cat-tieu-ban-ban-tu-dong-aem460\/\",\"url\":\"https:\/\/htiscientific.vn\/san-pham\/may-cat-tieu-ban-ban-tu-dong-aem460\/\",\"name\":\"M\u00e1y c\u1eaft ti\u00eau b\u1ea3n b\u00e1n t\u1ef1 \u0111\u1ed9ng AEM460 - HTI Scientific\",\"isPartOf\":{\"@id\":\"https:\/\/htiscientific.vn\/#website\"},\"primaryImageOfPage\":{\"@id\":\"https:\/\/htiscientific.vn\/san-pham\/may-cat-tieu-ban-ban-tu-dong-aem460\/#primaryimage\"},\"image\":{\"@id\":\"https:\/\/htiscientific.vn\/san-pham\/may-cat-tieu-ban-ban-tu-dong-aem460\/#primaryimage\"},\"thumbnailUrl\":\"https:\/\/htiscientific.vn\/wp-content\/uploads\/2025\/03\/may-cat-tieu-ban-ban-tu-dong-amos-aem-460-2.jpg\",\"datePublished\":\"2025-03-27T10:23:45+00:00\",\"dateModified\":\"2025-05-07T10:28:33+00:00\",\"description\":\"M\u00e1y c\u1eaft ti\u00eau b\u1ea3n b\u00e1n t\u1ef1 \u0111\u1ed9ng AEM460. Model: AEM460. H\u00e3ng s\u1ea3n xu\u1ea5t: Amos Scientific. Xu\u1ea5t x\u1ee9: \u00dac. Thi\u1ebft k\u1ebf c\u00f4ng th\u00e1i h\u1ecdc v\u00e0 giao di\u1ec7n tr\u1ef1c quan\",\"breadcrumb\":{\"@id\":\"https:\/\/htiscientific.vn\/san-pham\/may-cat-tieu-ban-ban-tu-dong-aem460\/#breadcrumb\"},\"inLanguage\":\"en-US\",\"potentialAction\":[{\"@type\":\"ReadAction\",\"target\":[\"https:\/\/htiscientific.vn\/san-pham\/may-cat-tieu-ban-ban-tu-dong-aem460\/\"]}]},{\"@type\":\"ImageObject\",\"inLanguage\":\"en-US\",\"@id\":\"https:\/\/htiscientific.vn\/san-pham\/may-cat-tieu-ban-ban-tu-dong-aem460\/#primaryimage\",\"url\":\"https:\/\/htiscientific.vn\/wp-content\/uploads\/2025\/03\/may-cat-tieu-ban-ban-tu-dong-amos-aem-460-2.jpg\",\"contentUrl\":\"https:\/\/htiscientific.vn\/wp-content\/uploads\/2025\/03\/may-cat-tieu-ban-ban-tu-dong-amos-aem-460-2.jpg\",\"width\":598,\"height\":449,\"caption\":\"May-cat-tieu-ban-ban-tu-dong-amos-aem-460-2\"},{\"@type\":\"BreadcrumbList\",\"@id\":\"https:\/\/htiscientific.vn\/san-pham\/may-cat-tieu-ban-ban-tu-dong-aem460\/#breadcrumb\",\"itemListElement\":[{\"@type\":\"ListItem\",\"position\":1,\"name\":\"Trang ch\u1ee7\",\"item\":\"https:\/\/htiscientific.vn\/\"},{\"@type\":\"ListItem\",\"position\":2,\"name\":\"C\u1eeda h\u00e0ng\",\"item\":\"https:\/\/htiscientific.vn\/cua-hang\/\"},{\"@type\":\"ListItem\",\"position\":3,\"name\":\"Gi\u1ea3i ph\u1eabu b\u1ec7nh \/ Ph\u00e1p y\",\"item\":\"https:\/\/htiscientific.vn\/danh-muc-san-pham\/giai-phau-benh-phap-y\/\"},{\"@type\":\"ListItem\",\"position\":4,\"name\":\"M\u00e1y c\u1eaft ti\u00eau b\u1ea3n\",\"item\":\"https:\/\/htiscientific.vn\/danh-muc-san-pham\/giai-phau-benh-phap-y\/may-cat-tieu-ban\/\"},{\"@type\":\"ListItem\",\"position\":5,\"name\":\"M\u00e1y c\u1eaft ti\u00eau b\u1ea3n b\u00e1n t\u1ef1 \u0111\u1ed9ng AEM460\"}]},{\"@type\":\"WebSite\",\"@id\":\"https:\/\/htiscientific.vn\/#website\",\"url\":\"https:\/\/htiscientific.vn\/\",\"name\":\"HTI Scientific\",\"description\":\"HTI Scientific\",\"publisher\":{\"@id\":\"https:\/\/htiscientific.vn\/#organization\"},\"potentialAction\":[{\"@type\":\"SearchAction\",\"target\":{\"@type\":\"EntryPoint\",\"urlTemplate\":\"https:\/\/htiscientific.vn\/?s={search_term_string}\"},\"query-input\":{\"@type\":\"PropertyValueSpecification\",\"valueRequired\":true,\"valueName\":\"search_term_string\"}}],\"inLanguage\":\"en-US\"},{\"@type\":\"Organization\",\"@id\":\"https:\/\/htiscientific.vn\/#organization\",\"name\":\"HTI Scientific\",\"alternateName\":\"HTI Scientific\",\"url\":\"https:\/\/htiscientific.vn\/\",\"logo\":{\"@type\":\"ImageObject\",\"inLanguage\":\"en-US\",\"@id\":\"https:\/\/htiscientific.vn\/#\/schema\/logo\/image\/\",\"url\":\"https:\/\/htiscientific.vn\/wp-content\/uploads\/2025\/03\/ava-hti-copy.jpg\",\"contentUrl\":\"https:\/\/htiscientific.vn\/wp-content\/uploads\/2025\/03\/ava-hti-copy.jpg\",\"width\":700,\"height\":450,\"caption\":\"HTI Scientific\"},\"image\":{\"@id\":\"https:\/\/htiscientific.vn\/#\/schema\/logo\/image\/\"},\"sameAs\":[\"https:\/\/www.facebook.com\/htiscientific.vn\"]}]}<\/script>\n<!-- \/ Yoast SEO plugin. -->","yoast_head_json":{"title":"M\u00e1y c\u1eaft ti\u00eau b\u1ea3n b\u00e1n t\u1ef1 \u0111\u1ed9ng AEM460 - HTI Scientific","description":"M\u00e1y c\u1eaft ti\u00eau b\u1ea3n b\u00e1n t\u1ef1 \u0111\u1ed9ng AEM460. Model: AEM460. H\u00e3ng s\u1ea3n xu\u1ea5t: Amos Scientific. Xu\u1ea5t x\u1ee9: \u00dac. Thi\u1ebft k\u1ebf c\u00f4ng th\u00e1i h\u1ecdc v\u00e0 giao di\u1ec7n tr\u1ef1c quan","robots":{"index":"index","follow":"follow","max-snippet":"max-snippet:-1","max-image-preview":"max-image-preview:large","max-video-preview":"max-video-preview:-1"},"canonical":"https:\/\/htiscientific.vn\/en\/product\/may-cat-tieu-ban-ban-tu-dong-aem460\/","og_locale":"en_US","og_type":"article","og_title":"M\u00e1y c\u1eaft ti\u00eau b\u1ea3n b\u00e1n t\u1ef1 \u0111\u1ed9ng AEM460 - HTI Scientific","og_description":"M\u00e1y c\u1eaft ti\u00eau b\u1ea3n b\u00e1n t\u1ef1 \u0111\u1ed9ng AEM460. Model: AEM460. H\u00e3ng s\u1ea3n xu\u1ea5t: Amos Scientific. Xu\u1ea5t x\u1ee9: \u00dac. Thi\u1ebft k\u1ebf c\u00f4ng th\u00e1i h\u1ecdc v\u00e0 giao di\u1ec7n tr\u1ef1c quan","og_url":"https:\/\/htiscientific.vn\/en\/product\/may-cat-tieu-ban-ban-tu-dong-aem460\/","og_site_name":"HTI Scientific","article_publisher":"https:\/\/www.facebook.com\/htiscientific.vn","article_modified_time":"2025-05-07T10:28:33+00:00","og_image":[{"width":598,"height":449,"url":"https:\/\/htiscientific.vn\/wp-content\/uploads\/2025\/03\/may-cat-tieu-ban-ban-tu-dong-amos-aem-460-2.jpg","type":"image\/jpeg"}],"twitter_card":"summary_large_image","twitter_misc":{"Est. reading time":"2 minutes"},"schema":{"@context":"https:\/\/schema.org","@graph":[{"@type":"WebPage","@id":"https:\/\/htiscientific.vn\/san-pham\/may-cat-tieu-ban-ban-tu-dong-aem460\/","url":"https:\/\/htiscientific.vn\/san-pham\/may-cat-tieu-ban-ban-tu-dong-aem460\/","name":"M\u00e1y c\u1eaft ti\u00eau b\u1ea3n b\u00e1n t\u1ef1 \u0111\u1ed9ng AEM460 - HTI Scientific","isPartOf":{"@id":"https:\/\/htiscientific.vn\/#website"},"primaryImageOfPage":{"@id":"https:\/\/htiscientific.vn\/san-pham\/may-cat-tieu-ban-ban-tu-dong-aem460\/#primaryimage"},"image":{"@id":"https:\/\/htiscientific.vn\/san-pham\/may-cat-tieu-ban-ban-tu-dong-aem460\/#primaryimage"},"thumbnailUrl":"https:\/\/htiscientific.vn\/wp-content\/uploads\/2025\/03\/may-cat-tieu-ban-ban-tu-dong-amos-aem-460-2.jpg","datePublished":"2025-03-27T10:23:45+00:00","dateModified":"2025-05-07T10:28:33+00:00","description":"M\u00e1y c\u1eaft ti\u00eau b\u1ea3n b\u00e1n t\u1ef1 \u0111\u1ed9ng AEM460. Model: AEM460. H\u00e3ng s\u1ea3n xu\u1ea5t: Amos Scientific. Xu\u1ea5t x\u1ee9: \u00dac. Thi\u1ebft k\u1ebf c\u00f4ng th\u00e1i h\u1ecdc v\u00e0 giao di\u1ec7n tr\u1ef1c quan","breadcrumb":{"@id":"https:\/\/htiscientific.vn\/san-pham\/may-cat-tieu-ban-ban-tu-dong-aem460\/#breadcrumb"},"inLanguage":"en-US","potentialAction":[{"@type":"ReadAction","target":["https:\/\/htiscientific.vn\/san-pham\/may-cat-tieu-ban-ban-tu-dong-aem460\/"]}]},{"@type":"ImageObject","inLanguage":"en-US","@id":"https:\/\/htiscientific.vn\/san-pham\/may-cat-tieu-ban-ban-tu-dong-aem460\/#primaryimage","url":"https:\/\/htiscientific.vn\/wp-content\/uploads\/2025\/03\/may-cat-tieu-ban-ban-tu-dong-amos-aem-460-2.jpg","contentUrl":"https:\/\/htiscientific.vn\/wp-content\/uploads\/2025\/03\/may-cat-tieu-ban-ban-tu-dong-amos-aem-460-2.jpg","width":598,"height":449,"caption":"May-cat-tieu-ban-ban-tu-dong-amos-aem-460-2"},{"@type":"BreadcrumbList","@id":"https:\/\/htiscientific.vn\/san-pham\/may-cat-tieu-ban-ban-tu-dong-aem460\/#breadcrumb","itemListElement":[{"@type":"ListItem","position":1,"name":"Trang ch\u1ee7","item":"https:\/\/htiscientific.vn\/"},{"@type":"ListItem","position":2,"name":"C\u1eeda h\u00e0ng","item":"https:\/\/htiscientific.vn\/cua-hang\/"},{"@type":"ListItem","position":3,"name":"Gi\u1ea3i ph\u1eabu b\u1ec7nh \/ Ph\u00e1p y","item":"https:\/\/htiscientific.vn\/danh-muc-san-pham\/giai-phau-benh-phap-y\/"},{"@type":"ListItem","position":4,"name":"M\u00e1y c\u1eaft ti\u00eau b\u1ea3n","item":"https:\/\/htiscientific.vn\/danh-muc-san-pham\/giai-phau-benh-phap-y\/may-cat-tieu-ban\/"},{"@type":"ListItem","position":5,"name":"M\u00e1y c\u1eaft ti\u00eau b\u1ea3n b\u00e1n t\u1ef1 \u0111\u1ed9ng AEM460"}]},{"@type":"WebSite","@id":"https:\/\/htiscientific.vn\/#website","url":"https:\/\/htiscientific.vn\/","name":"HTI Scientific","description":"HTI Scientific","publisher":{"@id":"https:\/\/htiscientific.vn\/#organization"},"potentialAction":[{"@type":"SearchAction","target":{"@type":"EntryPoint","urlTemplate":"https:\/\/htiscientific.vn\/?s={search_term_string}"},"query-input":{"@type":"PropertyValueSpecification","valueRequired":true,"valueName":"search_term_string"}}],"inLanguage":"en-US"},{"@type":"Organization","@id":"https:\/\/htiscientific.vn\/#organization","name":"HTI Scientific","alternateName":"HTI Scientific","url":"https:\/\/htiscientific.vn\/","logo":{"@type":"ImageObject","inLanguage":"en-US","@id":"https:\/\/htiscientific.vn\/#\/schema\/logo\/image\/","url":"https:\/\/htiscientific.vn\/wp-content\/uploads\/2025\/03\/ava-hti-copy.jpg","contentUrl":"https:\/\/htiscientific.vn\/wp-content\/uploads\/2025\/03\/ava-hti-copy.jpg","width":700,"height":450,"caption":"HTI Scientific"},"image":{"@id":"https:\/\/htiscientific.vn\/#\/schema\/logo\/image\/"},"sameAs":["https:\/\/www.facebook.com\/htiscientific.vn"]}]}},"_links":{"self":[{"href":"https:\/\/htiscientific.vn\/en\/wp-json\/wp\/v2\/product\/935","targetHints":{"allow":["GET"]}}],"collection":[{"href":"https:\/\/htiscientific.vn\/en\/wp-json\/wp\/v2\/product"}],"about":[{"href":"https:\/\/htiscientific.vn\/en\/wp-json\/wp\/v2\/types\/product"}],"wp:featuredmedia":[{"embeddable":true,"href":"https:\/\/htiscientific.vn\/en\/wp-json\/wp\/v2\/media\/941"}],"wp:attachment":[{"href":"https:\/\/htiscientific.vn\/en\/wp-json\/wp\/v2\/media?parent=935"}],"wp:term":[{"taxonomy":"product_brand","embeddable":true,"href":"https:\/\/htiscientific.vn\/en\/wp-json\/wp\/v2\/product_brand?post=935"},{"taxonomy":"product_cat","embeddable":true,"href":"https:\/\/htiscientific.vn\/en\/wp-json\/wp\/v2\/product_cat?post=935"},{"taxonomy":"product_tag","embeddable":true,"href":"https:\/\/htiscientific.vn\/en\/wp-json\/wp\/v2\/product_tag?post=935"}],"curies":[{"name":"wp","href":"https:\/\/api.w.org\/{rel}","templated":true}]}}