{"id":931,"date":"2025-03-27T17:03:10","date_gmt":"2025-03-27T10:03:10","guid":{"rendered":"https:\/\/htiscientific.vn\/?post_type=product&#038;p=931"},"modified":"2025-05-07T16:59:26","modified_gmt":"2025-05-07T09:59:26","slug":"he-thong-sac-ky-long-khoi-pho-ba-tang-tu-cuc-perkinelmer-qsight-triple-quad-lc-ms-ms","status":"publish","type":"product","link":"https:\/\/htiscientific.vn\/en\/product\/he-thong-sac-ky-long-khoi-pho-ba-tang-tu-cuc-perkinelmer-qsight-triple-quad-lc-ms-ms\/","title":{"rendered":"H\u1ec7 Th\u1ed1ng S\u1eafc K\u00fd L\u1ecfng Kh\u1ed1i Ph\u1ed5 Ba T\u1ea7ng T\u1ee9 C\u1ef1c PerkinElmer QSight Triple Quad LC\/MS\/MS"},"content":{"rendered":"<div class=\"acf-field\">\n<p style=\"text-align: justify;\"><span style=\"color: #000000;\"><a style=\"color: #000000;\" href=\"https:\/\/www.perkinelmer.com\/product\/qsight-110-single-source-system-bc003265\">H\u1ec7 th\u1ed1ng s\u1eafc k\u00fd l\u1ecfng kh\u1ed1i kh\u1ed5 ba t\u1ea7ng t\u1ee9 c\u1ef1c PerkinElmer QSight Triple Quad LC\/MS\/MS<\/a>\u00a0cung c\u1ea5p kh\u1ea3 n\u0103ng v\u00e0 \u0111\u1ed9 tin c\u1eady c\u1ea7n thi\u1ebft \u0111\u1ec3 ph\u00e2n t\u00edch c\u00e1c m\u1eabu th\u1ef1c ph\u1ea9m v\u00e0 m\u00f4i tr\u01b0\u1eddng ph\u1ee9c t\u1ea1p nh\u1ea5t. V\u1edbi \u0111\u1ed9 nh\u1ea1y v\u00e0 th\u00f4ng l\u01b0\u1ee3ng cao, c\u00e1c ph\u00f2ng th\u00ed nghi\u1ec7m c\u00f3 th\u1ec3 \u0111\u00e1p \u1ee9ng ngay c\u1ea3 nh\u1eefng y\u00eau c\u1ea7u quy \u0111\u1ecbnh nghi\u00eam ng\u1eb7t nh\u1ea5t m\u1ed9t c\u00e1ch nhanh ch\u00f3ng, d\u1ec5 d\u00e0ng v\u00e0 hi\u1ec7u qu\u1ea3.\u00a0<\/span><\/p>\n<p style=\"text-align: justify;\"><span style=\"color: #000000;\">H\u1ec7 th\u1ed1ng s\u1eafc k\u00fd l\u1ecfng kh\u1ed1i ph\u1ed5 ba t\u1ea7ng t\u1ee9 c\u1ef1c PerkinElmer QSight Triple Quad LC\/MS\/MS v\u1edbi c\u1ea5u h\u00ecnh ngu\u1ed3n k\u00e9p \u0111\u1ed9c \u0111\u00e1o cho ph\u00e9p c\u00e1c ph\u00f2ng th\u00ed nghi\u1ec7m c\u00f3 n\u0103ng su\u1ea5t cao thu th\u1eadp d\u1eef li\u1ec7u \u1edf hai ch\u1ebf \u0111\u1ed9 b\u1ed5 sung, t\u1ed1i \u0111a h\u00f3a k\u1ebft qu\u1ea3 \u0111\u1ea7u ra t\u1eeb m\u1ed9t l\u1ea7n b\u01a1m m\u1eabu.<\/span><\/p>\n<ul>\n<li><span style=\"color: #000000;\">\u0110\u1ed9 nh\u1ea1y \u0111\u1ea1t c\u00e1c quy \u0111\u1ecbnh kh\u1eaft khe nh\u1ea5t<\/span><\/li>\n<li><span style=\"color: #000000;\">D\u1ec5 s\u1eed d\u1ee5ng s\u1eb5n\u00a0 s\u00e0ng th\u1ef1c hi\u1ec7n c\u00e1c ph\u01b0\u01a1ng ph\u00e1p<\/span><\/li>\n<li><span style=\"color: #000000;\">C\u00f4ng ngh\u1ec7 d\u1ef1a tr\u00ean d\u00f2ng ch\u1ea3y \u0111\u01b0\u1ee3c c\u1ea5p b\u1eb1ng s\u00e1ng ch\u1ebf cho ph\u00e9p t\u0103ng n\u0103ng su\u1ea5t l\u00ean t\u1edbi 15%<\/span><\/li>\n<li><span style=\"color: #000000;\">Ngu\u1ed3n StayClean\u2122, thi\u1ebft k\u1ebf t\u1ef1 l\u00e0m s\u1ea1ch cho \u0111\u1ed9 nh\u1ea1y t\u1ed1i \u0111a v\u00e0 th\u1eddi gian ho\u1ea1t \u0111\u1ed9ng v\u01b0\u1ee3t tr\u1ed9i<\/span><\/li>\n<li><span style=\"color: #000000;\">Laminar Flow Ion Guide\u2122 \u0111\u1ec3 truy\u1ec1n ion kh\u00f4ng c\u1ea7n tr\u01b0\u1eddng hi\u1ec7u qu\u1ea3 cao, h\u1ea7u nh\u01b0 kh\u00f4ng y\u00eau c\u1ea7u b\u1ea3o tr\u00ec<\/span><\/li>\n<li><span style=\"color: #000000;\">C\u00f4ng ngh\u1ec7 ngu\u1ed3n k\u00e9p cung c\u1ea5p cho b\u1ea1n kh\u1ea3 n\u0103ng thi\u1ebft l\u1eadp ch\u1ebf \u0111\u1ed9 ESI ho\u1eb7c APCI, v\u1edbi hai \u0111\u1ea7u ngu\u1ed3n \u0111\u1ed9c l\u1eadp \u0111\u1ec3 gh\u00e9p k\u00eanh th\u1ef1c s\u1ef1<\/span><\/li>\n<li><span style=\"color: #000000;\">Ph\u1ea7n m\u1ec1m module Simplicity\u2122 3Q \u0111\u1ec3 thu th\u1eadp, \u0111\u1ecbnh l\u01b0\u1ee3ng v\u00e0 b\u00e1o c\u00e1o v\u1edbi c\u00e1c t\u00f9y ch\u1ecdn xem d\u1eef li\u1ec7u linh ho\u1ea1t v\u00e0 ch\u1ea9n \u0111o\u00e1n t\u1eeb xa m\u1ea1nh m\u1ebd<\/span><\/li>\n<li><span style=\"color: #000000;\">C\u00f3 c\u00e1c model kh\u00e1c nhau (QSight 110 LC\/MS\/MS, QSight 210 LC\/MS\/MS, QSight 220 LC\/MS\/MS, QSight 420 LC\/MS\/MS) gi\u1ea3i quy\u1ebft c\u00e1c m\u1ee9c hi\u1ec7u n\u0103ng v\u00e0 hi\u1ec7u qu\u1ea3 kh\u00e1c nhau theo y\u00eau c\u1ea7u ph\u00e2n t\u00edch c\u1ee7a c\u00e1c ph\u00f2ng th\u00ed nghi\u1ec7m kh\u00e1c nhau.<\/span><\/li>\n<li style=\"list-style-type: none;\"><\/li>\n<\/ul>\n<\/div>\n<div class=\"acf-field\">\n<h4 style=\"text-align: justify;\"><strong><span style=\"color: #000000;\">Specifications<\/span><\/strong><\/h4>\n<div class=\"pe_pdp_detatabl\" style=\"text-align: justify;\">\n<table id=\"pe_pdp_tab_det\" style=\"width: 300px;\">\n<tbody>\n<tr>\n<th><span style=\"color: #000000;\">Model\u00a0<\/span><\/th>\n<td><span style=\"color: #000000;\">QSight 110 LC\/MS\/MS<\/span><\/td>\n<\/tr>\n<\/tbody>\n<\/table>\n<\/div>\n<p style=\"text-align: justify;\"><span style=\"color: #000000;\"><a style=\"color: #000000;\" href=\"https:\/\/perkinelmervietnam.vn\/gioi-thieu-hti-scientific\/\">HTI Scientific<\/a>\u00a0hi\u1ec7n l\u00e0 nh\u00e0 ph\u00e2n ph\u1ed1i ch\u00ednh th\u1ee9c c\u00e1c s\u1ea3n ph\u1ea9m c\u1ee7a PerkinElmer t\u1ea1i Vi\u1ec7t Nam\u00a0<\/span><\/p>\n<p style=\"text-align: justify;\"><span style=\"color: #000000;\"><strong>Li\u00ean h\u1ec7:\u00a0<\/strong><\/span><\/p>\n<ul>\n<li><span style=\"color: #000000;\">H\u00e0 N\u1ed9i: T\u1ea7ng 10 \u2013 VP2, T\u00f2a nh\u00e0 Sun Square, 21 L\u00ea \u0110\u1ee9c Th\u1ecd, Qu\u1eadn Nam T\u1eeb Li\u00eam, H\u00e0 N\u1ed9i<\/span><\/li>\n<li><span style=\"color: #000000;\">\u0110\u00e0 N\u1eb5ng: T\u1ea7ng 5, T\u00f2a nh\u00e0 Vietnam Innovation Hub, 179 Tr\u1ea7n H\u01b0ng \u0110\u1ea1o, Ph\u01b0\u1eddng An H\u1ea3i B\u1eafc, Qu\u1eadn S\u01a1n Tr\u00e0, \u0110\u00e0 N\u1eb5ng<\/span><\/li>\n<li><span style=\"color: #000000;\">H\u1ed3 Ch\u00ed Minh: 203A V\u00f5 Th\u1ecb S\u00e1u, Ph\u01b0\u1eddng V\u00f5 Th\u1ecb S\u00e1u, Qu\u1eadn 3, H\u1ed3 Ch\u00ed Minh<\/span><\/li>\n<li><span style=\"color: #000000;\">Hotline HN: 090.224.5757 \/\u00a0Hotline HCM: 090.324.5757<\/span><\/li>\n<li><span style=\"color: #000000;\">Email: sales@htigroup.vn<\/span><\/li>\n<li style=\"list-style-type: none;\"><\/li>\n<\/ul>\n<\/div>","protected":false},"excerpt":{"rendered":"<p style=\"text-align: justify;\"><span style=\"color: #000000;\">H\u01a1n bao gi\u1edd h\u1ebft, c\u00e1c ph\u00f2ng th\u00ed nghi\u1ec7m ph\u00e2n t\u00edch m\u1eabu th\u1ef1c ph\u1ea9m v\u00e0 m\u00f4i tr\u01b0\u1eddng \u0111ang ph\u1ea3i \u0111\u1ed1i m\u1eb7t v\u1edbi nh\u1eefng th\u00e1ch th\u1ee9c ng\u00e0y c\u00e0ng t\u0103ng v\u1edbi c\u00e1c quy \u0111\u1ecbnh ch\u1eb7t ch\u1ebd h\u01a1n \u0111\u00f2i h\u1ecfi gi\u1edbi h\u1ea1n ph\u00e1t hi\u1ec7n th\u1ea5p h\u01a1n v\u00e0 m\u1ee9c n\u0103ng su\u1ea5t cao h\u01a1n. Ho\u1ea1t \u0111\u1ed9ng trong ph\u00f2ng th\u00ed nghi\u1ec7m c\u1ea7n \u0111\u01b0\u1ee3c t\u1ed1i \u01b0u h\u00f3a m\u00e0 kh\u00f4ng \u1ea3nh h\u01b0\u1edfng \u0111\u1ebfn \u0111\u1ed9 tin c\u1eady v\u00e0 \u0111\u1ed9 ch\u00ednh x\u00e1c c\u1ee7a ph\u00e2n t\u00edch.<\/span><\/p>\n<p style=\"text-align: justify;\"><span style=\"color: #000000;\">V\u1edbi H\u1ec7 th\u1ed1ng s\u1eafc k\u00fd l\u1ecfng kh\u1ed1i ph\u1ed5 ba t\u1ea7ng t\u1ee9 c\u1ef1c PerkinElmer QSight Triple Quad LC\/MS\/MS, c\u00e1c ph\u00f2ng th\u00ed nghi\u1ec7m c\u00f3 th\u1ec3 ki\u1ec3m tra nh\u1eefng m\u1eabu kh\u00f3 nh\u1ea5t v\u1edbi th\u1eddi gian ho\u1ea1t \u0111\u1ed9ng v\u00e0 \u0111\u1ed9 tin c\u1eady t\u1ed1i \u0111a. C\u1ea5u h\u00ecnh ngu\u1ed3n k\u00e9p \u0111\u1ed9c \u0111\u00e1o cho ph\u00e9p c\u00e1c ph\u00f2ng th\u00ed nghi\u1ec7m c\u00f3 n\u0103ng su\u1ea5t cao thu th\u1eadp d\u1eef li\u1ec7u \u1edf hai ch\u1ebf \u0111\u1ed9 b\u1ed5 sung, t\u1ed1i \u0111a h\u00f3a k\u1ebft qu\u1ea3 \u0111\u1ea7u ra t\u1eeb m\u1ed9t l\u1ea7n b\u01a1m m\u1eabu. K\u1ebft h\u1ee3p v\u1edbi c\u00f4ng ngh\u1ec7 StayClean\u2122 gi\u00fap gi\u1ea3m \u0111\u00e1ng k\u1ec3 vi\u1ec7c v\u1ec7 sinh v\u00e0 b\u1ea3o tr\u00ec ngu\u1ed3n, mang l\u1ea1i n\u0103ng su\u1ea5t cao h\u01a1n v\u00e0 ROI cao h\u01a1n. Ch\u1ea1y tr\u00ean Ph\u1ea7n m\u1ec1m PerkinElmer Simplicity\u2122 3Q, PerkinElmer QSight Triple Quad LC\/MS\/MS r\u1ea5t d\u1ec5 h\u1ecdc v\u00e0 s\u1eed d\u1ee5ng, \u0111\u1ed3ng th\u1eddi l\u00e0 gi\u1ea3i ph\u00e1p ho\u00e0n ch\u1ec9nh gi\u00fap \u0111\u01a1n gi\u1ea3n h\u00f3a quy tr\u00ecnh l\u00e0m vi\u1ec7c, t\u1eeb ph\u00e1t tri\u1ec3n ph\u01b0\u01a1ng ph\u00e1p \u0111\u00e3 \u0111\u01b0\u1ee3c ki\u1ec3m \u0111\u1ecbnh \u0111\u1ebfn b\u00e1o c\u00e1o d\u1eef li\u1ec7u.<\/span><\/p>","protected":false},"featured_media":932,"template":"","meta":{"inline_featured_image":false},"product_brand":[29],"product_cat":[16,71],"product_tag":[],"class_list":{"0":"post-931","1":"product","2":"type-product","3":"status-publish","4":"has-post-thumbnail","6":"product_brand-perkinelmer","7":"product_cat-sac-ky","8":"product_cat-sac-ky-long-khoi-pho-lc-ms","10":"first","11":"instock","12":"featured","13":"shipping-taxable","14":"product-type-simple"},"yoast_head":"<!-- This site is optimized with the Yoast SEO plugin v24.7 - https:\/\/yoast.com\/wordpress\/plugins\/seo\/ -->\n<title>H\u1ec7 Th\u1ed1ng S\u1eafc K\u00fd L\u1ecfng Kh\u1ed1i Ph\u1ed5 Ba T\u1ea7ng T\u1ee9 C\u1ef1c PerkinElmer QSight Triple Quad LC\/MS\/MS - HTI Scientific<\/title>\n<meta name=\"robots\" content=\"index, follow, max-snippet:-1, max-image-preview:large, max-video-preview:-1\" \/>\n<link rel=\"canonical\" href=\"https:\/\/htiscientific.vn\/en\/product\/he-thong-sac-ky-long-khoi-pho-ba-tang-tu-cuc-perkinelmer-qsight-triple-quad-lc-ms-ms\/\" \/>\n<meta property=\"og:locale\" content=\"en_US\" \/>\n<meta property=\"og:type\" content=\"article\" \/>\n<meta property=\"og:title\" content=\"H\u1ec7 Th\u1ed1ng S\u1eafc K\u00fd L\u1ecfng Kh\u1ed1i Ph\u1ed5 Ba T\u1ea7ng T\u1ee9 C\u1ef1c PerkinElmer QSight Triple Quad LC\/MS\/MS - HTI Scientific\" \/>\n<meta property=\"og:description\" content=\"H\u01a1n bao gi\u1edd h\u1ebft, c\u00e1c ph\u00f2ng th\u00ed nghi\u1ec7m ph\u00e2n t\u00edch m\u1eabu th\u1ef1c ph\u1ea9m v\u00e0 m\u00f4i tr\u01b0\u1eddng \u0111ang ph\u1ea3i \u0111\u1ed1i m\u1eb7t v\u1edbi nh\u1eefng th\u00e1ch th\u1ee9c ng\u00e0y c\u00e0ng t\u0103ng v\u1edbi c\u00e1c quy \u0111\u1ecbnh ch\u1eb7t ch\u1ebd h\u01a1n \u0111\u00f2i h\u1ecfi gi\u1edbi h\u1ea1n ph\u00e1t hi\u1ec7n th\u1ea5p h\u01a1n v\u00e0 m\u1ee9c n\u0103ng su\u1ea5t cao h\u01a1n. Ho\u1ea1t \u0111\u1ed9ng trong ph\u00f2ng th\u00ed nghi\u1ec7m c\u1ea7n \u0111\u01b0\u1ee3c t\u1ed1i \u01b0u h\u00f3a m\u00e0 kh\u00f4ng \u1ea3nh h\u01b0\u1edfng \u0111\u1ebfn \u0111\u1ed9 tin c\u1eady v\u00e0 \u0111\u1ed9 ch\u00ednh x\u00e1c c\u1ee7a ph\u00e2n t\u00edch. V\u1edbi H\u1ec7 th\u1ed1ng s\u1eafc k\u00fd l\u1ecfng kh\u1ed1i ph\u1ed5 ba t\u1ea7ng t\u1ee9 c\u1ef1c PerkinElmer QSight Triple Quad LC\/MS\/MS, c\u00e1c ph\u00f2ng th\u00ed nghi\u1ec7m c\u00f3 th\u1ec3 ki\u1ec3m tra nh\u1eefng m\u1eabu kh\u00f3 nh\u1ea5t v\u1edbi th\u1eddi gian ho\u1ea1t \u0111\u1ed9ng v\u00e0 \u0111\u1ed9 tin c\u1eady t\u1ed1i \u0111a. C\u1ea5u h\u00ecnh ngu\u1ed3n k\u00e9p \u0111\u1ed9c \u0111\u00e1o cho ph\u00e9p c\u00e1c ph\u00f2ng th\u00ed nghi\u1ec7m c\u00f3 n\u0103ng su\u1ea5t cao thu th\u1eadp d\u1eef li\u1ec7u \u1edf hai ch\u1ebf \u0111\u1ed9 b\u1ed5 sung, t\u1ed1i \u0111a h\u00f3a k\u1ebft qu\u1ea3 \u0111\u1ea7u ra t\u1eeb m\u1ed9t l\u1ea7n b\u01a1m m\u1eabu. K\u1ebft h\u1ee3p v\u1edbi c\u00f4ng ngh\u1ec7 StayClean\u2122 gi\u00fap gi\u1ea3m \u0111\u00e1ng k\u1ec3 vi\u1ec7c v\u1ec7 sinh v\u00e0 b\u1ea3o tr\u00ec ngu\u1ed3n, mang l\u1ea1i n\u0103ng su\u1ea5t cao h\u01a1n v\u00e0 ROI cao h\u01a1n. Ch\u1ea1y tr\u00ean Ph\u1ea7n m\u1ec1m PerkinElmer Simplicity\u2122 3Q, PerkinElmer QSight Triple Quad LC\/MS\/MS r\u1ea5t d\u1ec5 h\u1ecdc v\u00e0 s\u1eed d\u1ee5ng, \u0111\u1ed3ng th\u1eddi l\u00e0 gi\u1ea3i ph\u00e1p ho\u00e0n ch\u1ec9nh gi\u00fap \u0111\u01a1n gi\u1ea3n h\u00f3a quy tr\u00ecnh l\u00e0m vi\u1ec7c, t\u1eeb ph\u00e1t tri\u1ec3n ph\u01b0\u01a1ng ph\u00e1p \u0111\u00e3 \u0111\u01b0\u1ee3c ki\u1ec3m \u0111\u1ecbnh \u0111\u1ebfn b\u00e1o c\u00e1o d\u1eef li\u1ec7u.\" \/>\n<meta property=\"og:url\" content=\"https:\/\/htiscientific.vn\/en\/product\/he-thong-sac-ky-long-khoi-pho-ba-tang-tu-cuc-perkinelmer-qsight-triple-quad-lc-ms-ms\/\" \/>\n<meta property=\"og:site_name\" content=\"HTI Scientific\" \/>\n<meta property=\"article:publisher\" content=\"https:\/\/www.facebook.com\/htiscientific.vn\" \/>\n<meta property=\"article:modified_time\" content=\"2025-05-07T09:59:26+00:00\" \/>\n<meta property=\"og:image\" content=\"https:\/\/htiscientific.vn\/wp-content\/uploads\/2025\/03\/qsight-lcmsms-700x700-1.jpg\" \/>\n\t<meta property=\"og:image:width\" content=\"700\" \/>\n\t<meta property=\"og:image:height\" content=\"700\" \/>\n\t<meta property=\"og:image:type\" content=\"image\/jpeg\" \/>\n<meta name=\"twitter:card\" content=\"summary_large_image\" \/>\n<meta name=\"twitter:label1\" content=\"Est. reading time\" \/>\n\t<meta name=\"twitter:data1\" content=\"3 minutes\" \/>\n<script type=\"application\/ld+json\" class=\"yoast-schema-graph\">{\"@context\":\"https:\/\/schema.org\",\"@graph\":[{\"@type\":\"WebPage\",\"@id\":\"https:\/\/htiscientific.vn\/san-pham\/he-thong-sac-ky-long-khoi-pho-ba-tang-tu-cuc-perkinelmer-qsight-triple-quad-lc-ms-ms\/\",\"url\":\"https:\/\/htiscientific.vn\/san-pham\/he-thong-sac-ky-long-khoi-pho-ba-tang-tu-cuc-perkinelmer-qsight-triple-quad-lc-ms-ms\/\",\"name\":\"H\u1ec7 Th\u1ed1ng S\u1eafc K\u00fd L\u1ecfng Kh\u1ed1i Ph\u1ed5 Ba T\u1ea7ng T\u1ee9 C\u1ef1c PerkinElmer QSight Triple Quad LC\/MS\/MS - HTI Scientific\",\"isPartOf\":{\"@id\":\"https:\/\/htiscientific.vn\/#website\"},\"primaryImageOfPage\":{\"@id\":\"https:\/\/htiscientific.vn\/san-pham\/he-thong-sac-ky-long-khoi-pho-ba-tang-tu-cuc-perkinelmer-qsight-triple-quad-lc-ms-ms\/#primaryimage\"},\"image\":{\"@id\":\"https:\/\/htiscientific.vn\/san-pham\/he-thong-sac-ky-long-khoi-pho-ba-tang-tu-cuc-perkinelmer-qsight-triple-quad-lc-ms-ms\/#primaryimage\"},\"thumbnailUrl\":\"https:\/\/htiscientific.vn\/wp-content\/uploads\/2025\/03\/qsight-lcmsms-700x700-1.jpg\",\"datePublished\":\"2025-03-27T10:03:10+00:00\",\"dateModified\":\"2025-05-07T09:59:26+00:00\",\"breadcrumb\":{\"@id\":\"https:\/\/htiscientific.vn\/san-pham\/he-thong-sac-ky-long-khoi-pho-ba-tang-tu-cuc-perkinelmer-qsight-triple-quad-lc-ms-ms\/#breadcrumb\"},\"inLanguage\":\"en-US\",\"potentialAction\":[{\"@type\":\"ReadAction\",\"target\":[\"https:\/\/htiscientific.vn\/san-pham\/he-thong-sac-ky-long-khoi-pho-ba-tang-tu-cuc-perkinelmer-qsight-triple-quad-lc-ms-ms\/\"]}]},{\"@type\":\"ImageObject\",\"inLanguage\":\"en-US\",\"@id\":\"https:\/\/htiscientific.vn\/san-pham\/he-thong-sac-ky-long-khoi-pho-ba-tang-tu-cuc-perkinelmer-qsight-triple-quad-lc-ms-ms\/#primaryimage\",\"url\":\"https:\/\/htiscientific.vn\/wp-content\/uploads\/2025\/03\/qsight-lcmsms-700x700-1.jpg\",\"contentUrl\":\"https:\/\/htiscientific.vn\/wp-content\/uploads\/2025\/03\/qsight-lcmsms-700x700-1.jpg\",\"width\":700,\"height\":700},{\"@type\":\"BreadcrumbList\",\"@id\":\"https:\/\/htiscientific.vn\/san-pham\/he-thong-sac-ky-long-khoi-pho-ba-tang-tu-cuc-perkinelmer-qsight-triple-quad-lc-ms-ms\/#breadcrumb\",\"itemListElement\":[{\"@type\":\"ListItem\",\"position\":1,\"name\":\"Trang ch\u1ee7\",\"item\":\"https:\/\/htiscientific.vn\/\"},{\"@type\":\"ListItem\",\"position\":2,\"name\":\"C\u1eeda h\u00e0ng\",\"item\":\"https:\/\/htiscientific.vn\/cua-hang\/\"},{\"@type\":\"ListItem\",\"position\":3,\"name\":\"S\u1eafc ky\u0301\",\"item\":\"https:\/\/htiscientific.vn\/danh-muc-san-pham\/sac-ky\/\"},{\"@type\":\"ListItem\",\"position\":4,\"name\":\"S\u1eafc k\u00fd l\u1ecfng kh\u1ed1i ph\u1ed5 LC-MS\",\"item\":\"https:\/\/htiscientific.vn\/danh-muc-san-pham\/sac-ky\/sac-ky-long-khoi-pho-lc-ms\/\"},{\"@type\":\"ListItem\",\"position\":5,\"name\":\"H\u1ec7 Th\u1ed1ng S\u1eafc K\u00fd L\u1ecfng Kh\u1ed1i Ph\u1ed5 Ba T\u1ea7ng T\u1ee9 C\u1ef1c PerkinElmer QSight Triple Quad LC\/MS\/MS\"}]},{\"@type\":\"WebSite\",\"@id\":\"https:\/\/htiscientific.vn\/#website\",\"url\":\"https:\/\/htiscientific.vn\/\",\"name\":\"HTI Scientific\",\"description\":\"HTI Scientific\",\"publisher\":{\"@id\":\"https:\/\/htiscientific.vn\/#organization\"},\"potentialAction\":[{\"@type\":\"SearchAction\",\"target\":{\"@type\":\"EntryPoint\",\"urlTemplate\":\"https:\/\/htiscientific.vn\/?s={search_term_string}\"},\"query-input\":{\"@type\":\"PropertyValueSpecification\",\"valueRequired\":true,\"valueName\":\"search_term_string\"}}],\"inLanguage\":\"en-US\"},{\"@type\":\"Organization\",\"@id\":\"https:\/\/htiscientific.vn\/#organization\",\"name\":\"HTI Scientific\",\"alternateName\":\"HTI Scientific\",\"url\":\"https:\/\/htiscientific.vn\/\",\"logo\":{\"@type\":\"ImageObject\",\"inLanguage\":\"en-US\",\"@id\":\"https:\/\/htiscientific.vn\/#\/schema\/logo\/image\/\",\"url\":\"https:\/\/htiscientific.vn\/wp-content\/uploads\/2025\/03\/ava-hti-copy.jpg\",\"contentUrl\":\"https:\/\/htiscientific.vn\/wp-content\/uploads\/2025\/03\/ava-hti-copy.jpg\",\"width\":700,\"height\":450,\"caption\":\"HTI Scientific\"},\"image\":{\"@id\":\"https:\/\/htiscientific.vn\/#\/schema\/logo\/image\/\"},\"sameAs\":[\"https:\/\/www.facebook.com\/htiscientific.vn\"]}]}<\/script>\n<!-- \/ Yoast SEO plugin. -->","yoast_head_json":{"title":"H\u1ec7 Th\u1ed1ng S\u1eafc K\u00fd L\u1ecfng Kh\u1ed1i Ph\u1ed5 Ba T\u1ea7ng T\u1ee9 C\u1ef1c PerkinElmer QSight Triple Quad LC\/MS\/MS - HTI Scientific","robots":{"index":"index","follow":"follow","max-snippet":"max-snippet:-1","max-image-preview":"max-image-preview:large","max-video-preview":"max-video-preview:-1"},"canonical":"https:\/\/htiscientific.vn\/en\/product\/he-thong-sac-ky-long-khoi-pho-ba-tang-tu-cuc-perkinelmer-qsight-triple-quad-lc-ms-ms\/","og_locale":"en_US","og_type":"article","og_title":"H\u1ec7 Th\u1ed1ng S\u1eafc K\u00fd L\u1ecfng Kh\u1ed1i Ph\u1ed5 Ba T\u1ea7ng T\u1ee9 C\u1ef1c PerkinElmer QSight Triple Quad LC\/MS\/MS - HTI Scientific","og_description":"H\u01a1n bao gi\u1edd h\u1ebft, c\u00e1c ph\u00f2ng th\u00ed nghi\u1ec7m ph\u00e2n t\u00edch m\u1eabu th\u1ef1c ph\u1ea9m v\u00e0 m\u00f4i tr\u01b0\u1eddng \u0111ang ph\u1ea3i \u0111\u1ed1i m\u1eb7t v\u1edbi nh\u1eefng th\u00e1ch th\u1ee9c ng\u00e0y c\u00e0ng t\u0103ng v\u1edbi c\u00e1c quy \u0111\u1ecbnh ch\u1eb7t ch\u1ebd h\u01a1n \u0111\u00f2i h\u1ecfi gi\u1edbi h\u1ea1n ph\u00e1t hi\u1ec7n th\u1ea5p h\u01a1n v\u00e0 m\u1ee9c n\u0103ng su\u1ea5t cao h\u01a1n. Ho\u1ea1t \u0111\u1ed9ng trong ph\u00f2ng th\u00ed nghi\u1ec7m c\u1ea7n \u0111\u01b0\u1ee3c t\u1ed1i \u01b0u h\u00f3a m\u00e0 kh\u00f4ng \u1ea3nh h\u01b0\u1edfng \u0111\u1ebfn \u0111\u1ed9 tin c\u1eady v\u00e0 \u0111\u1ed9 ch\u00ednh x\u00e1c c\u1ee7a ph\u00e2n t\u00edch. V\u1edbi H\u1ec7 th\u1ed1ng s\u1eafc k\u00fd l\u1ecfng kh\u1ed1i ph\u1ed5 ba t\u1ea7ng t\u1ee9 c\u1ef1c PerkinElmer QSight Triple Quad LC\/MS\/MS, c\u00e1c ph\u00f2ng th\u00ed nghi\u1ec7m c\u00f3 th\u1ec3 ki\u1ec3m tra nh\u1eefng m\u1eabu kh\u00f3 nh\u1ea5t v\u1edbi th\u1eddi gian ho\u1ea1t \u0111\u1ed9ng v\u00e0 \u0111\u1ed9 tin c\u1eady t\u1ed1i \u0111a. C\u1ea5u h\u00ecnh ngu\u1ed3n k\u00e9p \u0111\u1ed9c \u0111\u00e1o cho ph\u00e9p c\u00e1c ph\u00f2ng th\u00ed nghi\u1ec7m c\u00f3 n\u0103ng su\u1ea5t cao thu th\u1eadp d\u1eef li\u1ec7u \u1edf hai ch\u1ebf \u0111\u1ed9 b\u1ed5 sung, t\u1ed1i \u0111a h\u00f3a k\u1ebft qu\u1ea3 \u0111\u1ea7u ra t\u1eeb m\u1ed9t l\u1ea7n b\u01a1m m\u1eabu. K\u1ebft h\u1ee3p v\u1edbi c\u00f4ng ngh\u1ec7 StayClean\u2122 gi\u00fap gi\u1ea3m \u0111\u00e1ng k\u1ec3 vi\u1ec7c v\u1ec7 sinh v\u00e0 b\u1ea3o tr\u00ec ngu\u1ed3n, mang l\u1ea1i n\u0103ng su\u1ea5t cao h\u01a1n v\u00e0 ROI cao h\u01a1n. Ch\u1ea1y tr\u00ean Ph\u1ea7n m\u1ec1m PerkinElmer Simplicity\u2122 3Q, PerkinElmer QSight Triple Quad LC\/MS\/MS r\u1ea5t d\u1ec5 h\u1ecdc v\u00e0 s\u1eed d\u1ee5ng, \u0111\u1ed3ng th\u1eddi l\u00e0 gi\u1ea3i ph\u00e1p ho\u00e0n ch\u1ec9nh gi\u00fap \u0111\u01a1n gi\u1ea3n h\u00f3a quy tr\u00ecnh l\u00e0m vi\u1ec7c, t\u1eeb ph\u00e1t tri\u1ec3n ph\u01b0\u01a1ng ph\u00e1p \u0111\u00e3 \u0111\u01b0\u1ee3c ki\u1ec3m \u0111\u1ecbnh \u0111\u1ebfn b\u00e1o c\u00e1o d\u1eef li\u1ec7u.","og_url":"https:\/\/htiscientific.vn\/en\/product\/he-thong-sac-ky-long-khoi-pho-ba-tang-tu-cuc-perkinelmer-qsight-triple-quad-lc-ms-ms\/","og_site_name":"HTI Scientific","article_publisher":"https:\/\/www.facebook.com\/htiscientific.vn","article_modified_time":"2025-05-07T09:59:26+00:00","og_image":[{"width":700,"height":700,"url":"https:\/\/htiscientific.vn\/wp-content\/uploads\/2025\/03\/qsight-lcmsms-700x700-1.jpg","type":"image\/jpeg"}],"twitter_card":"summary_large_image","twitter_misc":{"Est. reading time":"3 minutes"},"schema":{"@context":"https:\/\/schema.org","@graph":[{"@type":"WebPage","@id":"https:\/\/htiscientific.vn\/san-pham\/he-thong-sac-ky-long-khoi-pho-ba-tang-tu-cuc-perkinelmer-qsight-triple-quad-lc-ms-ms\/","url":"https:\/\/htiscientific.vn\/san-pham\/he-thong-sac-ky-long-khoi-pho-ba-tang-tu-cuc-perkinelmer-qsight-triple-quad-lc-ms-ms\/","name":"H\u1ec7 Th\u1ed1ng S\u1eafc K\u00fd L\u1ecfng Kh\u1ed1i Ph\u1ed5 Ba T\u1ea7ng T\u1ee9 C\u1ef1c PerkinElmer QSight Triple Quad LC\/MS\/MS - HTI Scientific","isPartOf":{"@id":"https:\/\/htiscientific.vn\/#website"},"primaryImageOfPage":{"@id":"https:\/\/htiscientific.vn\/san-pham\/he-thong-sac-ky-long-khoi-pho-ba-tang-tu-cuc-perkinelmer-qsight-triple-quad-lc-ms-ms\/#primaryimage"},"image":{"@id":"https:\/\/htiscientific.vn\/san-pham\/he-thong-sac-ky-long-khoi-pho-ba-tang-tu-cuc-perkinelmer-qsight-triple-quad-lc-ms-ms\/#primaryimage"},"thumbnailUrl":"https:\/\/htiscientific.vn\/wp-content\/uploads\/2025\/03\/qsight-lcmsms-700x700-1.jpg","datePublished":"2025-03-27T10:03:10+00:00","dateModified":"2025-05-07T09:59:26+00:00","breadcrumb":{"@id":"https:\/\/htiscientific.vn\/san-pham\/he-thong-sac-ky-long-khoi-pho-ba-tang-tu-cuc-perkinelmer-qsight-triple-quad-lc-ms-ms\/#breadcrumb"},"inLanguage":"en-US","potentialAction":[{"@type":"ReadAction","target":["https:\/\/htiscientific.vn\/san-pham\/he-thong-sac-ky-long-khoi-pho-ba-tang-tu-cuc-perkinelmer-qsight-triple-quad-lc-ms-ms\/"]}]},{"@type":"ImageObject","inLanguage":"en-US","@id":"https:\/\/htiscientific.vn\/san-pham\/he-thong-sac-ky-long-khoi-pho-ba-tang-tu-cuc-perkinelmer-qsight-triple-quad-lc-ms-ms\/#primaryimage","url":"https:\/\/htiscientific.vn\/wp-content\/uploads\/2025\/03\/qsight-lcmsms-700x700-1.jpg","contentUrl":"https:\/\/htiscientific.vn\/wp-content\/uploads\/2025\/03\/qsight-lcmsms-700x700-1.jpg","width":700,"height":700},{"@type":"BreadcrumbList","@id":"https:\/\/htiscientific.vn\/san-pham\/he-thong-sac-ky-long-khoi-pho-ba-tang-tu-cuc-perkinelmer-qsight-triple-quad-lc-ms-ms\/#breadcrumb","itemListElement":[{"@type":"ListItem","position":1,"name":"Trang ch\u1ee7","item":"https:\/\/htiscientific.vn\/"},{"@type":"ListItem","position":2,"name":"C\u1eeda h\u00e0ng","item":"https:\/\/htiscientific.vn\/cua-hang\/"},{"@type":"ListItem","position":3,"name":"S\u1eafc ky\u0301","item":"https:\/\/htiscientific.vn\/danh-muc-san-pham\/sac-ky\/"},{"@type":"ListItem","position":4,"name":"S\u1eafc k\u00fd l\u1ecfng kh\u1ed1i ph\u1ed5 LC-MS","item":"https:\/\/htiscientific.vn\/danh-muc-san-pham\/sac-ky\/sac-ky-long-khoi-pho-lc-ms\/"},{"@type":"ListItem","position":5,"name":"H\u1ec7 Th\u1ed1ng S\u1eafc K\u00fd L\u1ecfng Kh\u1ed1i Ph\u1ed5 Ba T\u1ea7ng T\u1ee9 C\u1ef1c PerkinElmer QSight Triple Quad LC\/MS\/MS"}]},{"@type":"WebSite","@id":"https:\/\/htiscientific.vn\/#website","url":"https:\/\/htiscientific.vn\/","name":"HTI Scientific","description":"HTI Scientific","publisher":{"@id":"https:\/\/htiscientific.vn\/#organization"},"potentialAction":[{"@type":"SearchAction","target":{"@type":"EntryPoint","urlTemplate":"https:\/\/htiscientific.vn\/?s={search_term_string}"},"query-input":{"@type":"PropertyValueSpecification","valueRequired":true,"valueName":"search_term_string"}}],"inLanguage":"en-US"},{"@type":"Organization","@id":"https:\/\/htiscientific.vn\/#organization","name":"HTI Scientific","alternateName":"HTI Scientific","url":"https:\/\/htiscientific.vn\/","logo":{"@type":"ImageObject","inLanguage":"en-US","@id":"https:\/\/htiscientific.vn\/#\/schema\/logo\/image\/","url":"https:\/\/htiscientific.vn\/wp-content\/uploads\/2025\/03\/ava-hti-copy.jpg","contentUrl":"https:\/\/htiscientific.vn\/wp-content\/uploads\/2025\/03\/ava-hti-copy.jpg","width":700,"height":450,"caption":"HTI Scientific"},"image":{"@id":"https:\/\/htiscientific.vn\/#\/schema\/logo\/image\/"},"sameAs":["https:\/\/www.facebook.com\/htiscientific.vn"]}]}},"_links":{"self":[{"href":"https:\/\/htiscientific.vn\/en\/wp-json\/wp\/v2\/product\/931","targetHints":{"allow":["GET"]}}],"collection":[{"href":"https:\/\/htiscientific.vn\/en\/wp-json\/wp\/v2\/product"}],"about":[{"href":"https:\/\/htiscientific.vn\/en\/wp-json\/wp\/v2\/types\/product"}],"wp:featuredmedia":[{"embeddable":true,"href":"https:\/\/htiscientific.vn\/en\/wp-json\/wp\/v2\/media\/932"}],"wp:attachment":[{"href":"https:\/\/htiscientific.vn\/en\/wp-json\/wp\/v2\/media?parent=931"}],"wp:term":[{"taxonomy":"product_brand","embeddable":true,"href":"https:\/\/htiscientific.vn\/en\/wp-json\/wp\/v2\/product_brand?post=931"},{"taxonomy":"product_cat","embeddable":true,"href":"https:\/\/htiscientific.vn\/en\/wp-json\/wp\/v2\/product_cat?post=931"},{"taxonomy":"product_tag","embeddable":true,"href":"https:\/\/htiscientific.vn\/en\/wp-json\/wp\/v2\/product_tag?post=931"}],"curies":[{"name":"wp","href":"https:\/\/api.w.org\/{rel}","templated":true}]}}