{"id":929,"date":"2025-03-27T16:40:29","date_gmt":"2025-03-27T09:40:29","guid":{"rendered":"https:\/\/htiscientific.vn\/?post_type=product&#038;p=929"},"modified":"2025-05-07T14:05:53","modified_gmt":"2025-05-07T07:05:53","slug":"bo-phan-phoi-dung-moi-qsight-lx50","status":"publish","type":"product","link":"https:\/\/htiscientific.vn\/en\/product\/bo-phan-phoi-dung-moi-qsight-lx50\/","title":{"rendered":"B\u1ed9 ph\u00e2n ph\u1ed1i dung m\u00f4i QSight LX50"},"content":{"rendered":"<p style=\"text-align: justify;\"><span style=\"color: #000000;\">\u0110\u1ed1i v\u1edbi QSight triple quad LC\/MS\/MS, ch\u00fang t\u00f4i \u0111\u00e3 k\u1ebft h\u1ee3p m\u00e1y\u00a0kh\u1ed1i ph\u1ed5\u00a0linh ho\u1ea1t nh\u1ea5t trong c\u00e1c ng\u00e0nh v\u1edbi\u00a0<a style=\"color: #000000;\" href=\"https:\/\/www.perkinelmer.com\/Product\/qsight-lx50-solvent-delivery-module-n2991000\">b\u1ed9 ph\u00e2n ph\u1ed1i dung m\u00f4i QSight LX50<\/a>\u00a0UHPLC c\u00f3 kh\u1ea3 n\u0103ng t\u01b0\u01a1ng \u0111\u01b0\u01a1ng, cung c\u1ea5p t\u1ea5t c\u1ea3 \u0111\u1ed9 nh\u1ea1y v\u00e0 \u0111\u1ed9 \u0111\u1eb7c hi\u1ec7u m\u00e0 b\u1ea1n c\u1ea7n cho c\u00e1c \u1ee9ng d\u1ee5ng \u0111\u00f2i h\u1ecfi kh\u1eaft khe nh\u01b0 d\u01b0 l\u01b0\u1ee3ng thu\u1ed1c tr\u1eeb s\u00e2u hay ph\u00e2n t\u00edch th\u00e0nh ph\u1ea7n dinh d\u01b0\u1ee1ng. V\u1edbi thi\u1ebft k\u1ebf ch\u1eafc ch\u1eafn v\u00e0 kh\u1ea3 n\u0103ng\u00a0lo\u1ea1i b\u1ecf nhi\u1ec5m ch\u00e9o, h\u1ec7 th\u1ed1ng n\u00e0y ho\u00e0n h\u1ea3o cho nhi\u1ec1u \u1ee9ng d\u1ee5ng kh\u00e1c trong l\u0129nh v\u1ef1c th\u1ef1c ph\u1ea9m v\u00e0 m\u00f4i tr\u01b0\u1eddng.<\/span><\/p>\n<p style=\"text-align: justify;\"><span style=\"color: #000000;\"><a style=\"color: #000000;\" href=\"https:\/\/perkinelmervietnam.vn\/gioi-thieu-hti-scientific\/\">HTI Scientific<\/a>\u00a0hi\u1ec7n l\u00e0 nh\u00e0 ph\u00e2n ph\u1ed1i ch\u00ednh th\u1ee9c c\u00e1c s\u1ea3n ph\u1ea9m c\u1ee7a PerkinElmer t\u1ea1i Vi\u1ec7t Nam\u00a0<\/span><\/p>\n<p style=\"text-align: justify;\"><span style=\"color: #000000;\"><strong>Li\u00ean h\u1ec7:\u00a0<\/strong><\/span><\/p>\n<ul>\n<li><span style=\"color: #000000;\">H\u00e0 N\u1ed9i: T\u1ea7ng 10 \u2013 VP2, T\u00f2a nh\u00e0 Sun Square, 21 L\u00ea \u0110\u1ee9c Th\u1ecd, Qu\u1eadn Nam T\u1eeb Li\u00eam, H\u00e0 N\u1ed9i<\/span><\/li>\n<li><span style=\"color: #000000;\">\u0110\u00e0 N\u1eb5ng: T\u1ea7ng 5, T\u00f2a nh\u00e0 Vietnam Innovation Hub, 179 Tr\u1ea7n H\u01b0ng \u0110\u1ea1o, Ph\u01b0\u1eddng An H\u1ea3i B\u1eafc, Qu\u1eadn S\u01a1n Tr\u00e0, \u0110\u00e0 N\u1eb5ng<\/span><\/li>\n<li><span style=\"color: #000000;\">H\u1ed3 Ch\u00ed Minh: 203A V\u00f5 Th\u1ecb S\u00e1u, Ph\u01b0\u1eddng V\u00f5 Th\u1ecb S\u00e1u, Qu\u1eadn 3, H\u1ed3 Ch\u00ed Minh<\/span><\/li>\n<li><span style=\"color: #000000;\">Hotline HN: 090.224.5757 \/\u00a0Hotline HCM: 090.324.5757<\/span><\/li>\n<li><span style=\"color: #000000;\">Email: sales@htigroup.vn<\/span><\/li>\n<li style=\"list-style-type: none;\"><\/li>\n<\/ul>","protected":false},"excerpt":{"rendered":"<p style=\"text-align: justify;\"><span style=\"color: #000000;\">B\u1ed9 ph\u00e2n ph\u1ed1i dung m\u00f4i QSight LX50 UHPLC t\u00edch h\u1ee3p li\u1ec1n m\u1ea1ch v\u1edbi QSight Triple Quad LC\/MS\/MS v\u00e0 ph\u1ea7n m\u1ec1m Simplicity\u2122 mang l\u1ea1i m\u1ee9c hi\u1ec7u su\u1ea5t cao nh\u1ea5t t\u1eeb \u200b\u200bvi\u1ec7c x\u1eed l\u00fd m\u1eabu cho \u0111\u1ebfn thu th\u1eadp v\u00e0 b\u00e1o c\u00e1o d\u1eef li\u1ec7u. H\u1ec7 th\u1ed1ng n\u00e0y bao g\u1ed3m ba c\u00f4ng ngh\u1ec7 ch\u00ednh gi\u00fap t\u1ed1i \u01b0u h\u00f3a quy tr\u00ecnh l\u00e0m vi\u1ec7c v\u00e0 mang l\u1ea1i n\u0103ng su\u1ea5t cao.<\/span><\/p>","protected":false},"featured_media":930,"template":"","meta":{"inline_featured_image":false},"product_brand":[29],"product_cat":[16,71],"product_tag":[],"class_list":{"0":"post-929","1":"product","2":"type-product","3":"status-publish","4":"has-post-thumbnail","6":"product_brand-perkinelmer","7":"product_cat-sac-ky","8":"product_cat-sac-ky-long-khoi-pho-lc-ms","10":"first","11":"instock","12":"featured","13":"shipping-taxable","14":"product-type-simple"},"yoast_head":"<!-- This site is optimized with the Yoast SEO plugin v24.7 - https:\/\/yoast.com\/wordpress\/plugins\/seo\/ -->\n<title>B\u1ed9 ph\u00e2n ph\u1ed1i dung m\u00f4i QSight LX50 - HTI Scientific<\/title>\n<meta name=\"robots\" content=\"index, follow, max-snippet:-1, max-image-preview:large, max-video-preview:-1\" \/>\n<link rel=\"canonical\" href=\"https:\/\/htiscientific.vn\/en\/product\/bo-phan-phoi-dung-moi-qsight-lx50\/\" \/>\n<meta property=\"og:locale\" content=\"en_US\" \/>\n<meta property=\"og:type\" content=\"article\" \/>\n<meta property=\"og:title\" content=\"B\u1ed9 ph\u00e2n ph\u1ed1i dung m\u00f4i QSight LX50 - HTI Scientific\" \/>\n<meta property=\"og:description\" content=\"B\u1ed9 ph\u00e2n ph\u1ed1i dung m\u00f4i QSight LX50 UHPLC t\u00edch h\u1ee3p li\u1ec1n m\u1ea1ch v\u1edbi QSight Triple Quad LC\/MS\/MS v\u00e0 ph\u1ea7n m\u1ec1m Simplicity\u2122 mang l\u1ea1i m\u1ee9c hi\u1ec7u su\u1ea5t cao nh\u1ea5t t\u1eeb \u200b\u200bvi\u1ec7c x\u1eed l\u00fd m\u1eabu cho \u0111\u1ebfn thu th\u1eadp v\u00e0 b\u00e1o c\u00e1o d\u1eef li\u1ec7u. H\u1ec7 th\u1ed1ng n\u00e0y bao g\u1ed3m ba c\u00f4ng ngh\u1ec7 ch\u00ednh gi\u00fap t\u1ed1i \u01b0u h\u00f3a quy tr\u00ecnh l\u00e0m vi\u1ec7c v\u00e0 mang l\u1ea1i n\u0103ng su\u1ea5t cao.\" \/>\n<meta property=\"og:url\" content=\"https:\/\/htiscientific.vn\/en\/product\/bo-phan-phoi-dung-moi-qsight-lx50\/\" \/>\n<meta property=\"og:site_name\" content=\"HTI Scientific\" \/>\n<meta property=\"article:publisher\" content=\"https:\/\/www.facebook.com\/htiscientific.vn\" \/>\n<meta property=\"article:modified_time\" content=\"2025-05-07T07:05:53+00:00\" \/>\n<meta property=\"og:image\" content=\"https:\/\/htiscientific.vn\/wp-content\/uploads\/2025\/03\/qsight-lx50-solvent-delivery-module.jpg\" \/>\n\t<meta property=\"og:image:width\" content=\"512\" \/>\n\t<meta property=\"og:image:height\" content=\"288\" \/>\n\t<meta property=\"og:image:type\" content=\"image\/jpeg\" \/>\n<meta name=\"twitter:card\" content=\"summary_large_image\" \/>\n<meta name=\"twitter:label1\" content=\"Est. reading time\" \/>\n\t<meta name=\"twitter:data1\" content=\"2 minutes\" \/>\n<script type=\"application\/ld+json\" class=\"yoast-schema-graph\">{\"@context\":\"https:\/\/schema.org\",\"@graph\":[{\"@type\":\"WebPage\",\"@id\":\"https:\/\/htiscientific.vn\/san-pham\/bo-phan-phoi-dung-moi-qsight-lx50\/\",\"url\":\"https:\/\/htiscientific.vn\/san-pham\/bo-phan-phoi-dung-moi-qsight-lx50\/\",\"name\":\"B\u1ed9 ph\u00e2n ph\u1ed1i dung m\u00f4i QSight LX50 - HTI Scientific\",\"isPartOf\":{\"@id\":\"https:\/\/htiscientific.vn\/#website\"},\"primaryImageOfPage\":{\"@id\":\"https:\/\/htiscientific.vn\/san-pham\/bo-phan-phoi-dung-moi-qsight-lx50\/#primaryimage\"},\"image\":{\"@id\":\"https:\/\/htiscientific.vn\/san-pham\/bo-phan-phoi-dung-moi-qsight-lx50\/#primaryimage\"},\"thumbnailUrl\":\"https:\/\/htiscientific.vn\/wp-content\/uploads\/2025\/03\/qsight-lx50-solvent-delivery-module.jpg\",\"datePublished\":\"2025-03-27T09:40:29+00:00\",\"dateModified\":\"2025-05-07T07:05:53+00:00\",\"breadcrumb\":{\"@id\":\"https:\/\/htiscientific.vn\/san-pham\/bo-phan-phoi-dung-moi-qsight-lx50\/#breadcrumb\"},\"inLanguage\":\"en-US\",\"potentialAction\":[{\"@type\":\"ReadAction\",\"target\":[\"https:\/\/htiscientific.vn\/san-pham\/bo-phan-phoi-dung-moi-qsight-lx50\/\"]}]},{\"@type\":\"ImageObject\",\"inLanguage\":\"en-US\",\"@id\":\"https:\/\/htiscientific.vn\/san-pham\/bo-phan-phoi-dung-moi-qsight-lx50\/#primaryimage\",\"url\":\"https:\/\/htiscientific.vn\/wp-content\/uploads\/2025\/03\/qsight-lx50-solvent-delivery-module.jpg\",\"contentUrl\":\"https:\/\/htiscientific.vn\/wp-content\/uploads\/2025\/03\/qsight-lx50-solvent-delivery-module.jpg\",\"width\":512,\"height\":288},{\"@type\":\"BreadcrumbList\",\"@id\":\"https:\/\/htiscientific.vn\/san-pham\/bo-phan-phoi-dung-moi-qsight-lx50\/#breadcrumb\",\"itemListElement\":[{\"@type\":\"ListItem\",\"position\":1,\"name\":\"Trang ch\u1ee7\",\"item\":\"https:\/\/htiscientific.vn\/\"},{\"@type\":\"ListItem\",\"position\":2,\"name\":\"C\u1eeda h\u00e0ng\",\"item\":\"https:\/\/htiscientific.vn\/cua-hang\/\"},{\"@type\":\"ListItem\",\"position\":3,\"name\":\"S\u1eafc ky\u0301\",\"item\":\"https:\/\/htiscientific.vn\/danh-muc-san-pham\/sac-ky\/\"},{\"@type\":\"ListItem\",\"position\":4,\"name\":\"S\u1eafc k\u00fd l\u1ecfng kh\u1ed1i ph\u1ed5 LC-MS\",\"item\":\"https:\/\/htiscientific.vn\/danh-muc-san-pham\/sac-ky\/sac-ky-long-khoi-pho-lc-ms\/\"},{\"@type\":\"ListItem\",\"position\":5,\"name\":\"B\u1ed9 ph\u00e2n ph\u1ed1i dung m\u00f4i QSight LX50\"}]},{\"@type\":\"WebSite\",\"@id\":\"https:\/\/htiscientific.vn\/#website\",\"url\":\"https:\/\/htiscientific.vn\/\",\"name\":\"HTI Scientific\",\"description\":\"HTI Scientific\",\"publisher\":{\"@id\":\"https:\/\/htiscientific.vn\/#organization\"},\"potentialAction\":[{\"@type\":\"SearchAction\",\"target\":{\"@type\":\"EntryPoint\",\"urlTemplate\":\"https:\/\/htiscientific.vn\/?s={search_term_string}\"},\"query-input\":{\"@type\":\"PropertyValueSpecification\",\"valueRequired\":true,\"valueName\":\"search_term_string\"}}],\"inLanguage\":\"en-US\"},{\"@type\":\"Organization\",\"@id\":\"https:\/\/htiscientific.vn\/#organization\",\"name\":\"HTI Scientific\",\"alternateName\":\"HTI Scientific\",\"url\":\"https:\/\/htiscientific.vn\/\",\"logo\":{\"@type\":\"ImageObject\",\"inLanguage\":\"en-US\",\"@id\":\"https:\/\/htiscientific.vn\/#\/schema\/logo\/image\/\",\"url\":\"https:\/\/htiscientific.vn\/wp-content\/uploads\/2025\/03\/ava-hti-copy.jpg\",\"contentUrl\":\"https:\/\/htiscientific.vn\/wp-content\/uploads\/2025\/03\/ava-hti-copy.jpg\",\"width\":700,\"height\":450,\"caption\":\"HTI Scientific\"},\"image\":{\"@id\":\"https:\/\/htiscientific.vn\/#\/schema\/logo\/image\/\"},\"sameAs\":[\"https:\/\/www.facebook.com\/htiscientific.vn\"]}]}<\/script>\n<!-- \/ Yoast SEO plugin. -->","yoast_head_json":{"title":"B\u1ed9 ph\u00e2n ph\u1ed1i dung m\u00f4i QSight LX50 - HTI Scientific","robots":{"index":"index","follow":"follow","max-snippet":"max-snippet:-1","max-image-preview":"max-image-preview:large","max-video-preview":"max-video-preview:-1"},"canonical":"https:\/\/htiscientific.vn\/en\/product\/bo-phan-phoi-dung-moi-qsight-lx50\/","og_locale":"en_US","og_type":"article","og_title":"B\u1ed9 ph\u00e2n ph\u1ed1i dung m\u00f4i QSight LX50 - HTI Scientific","og_description":"B\u1ed9 ph\u00e2n ph\u1ed1i dung m\u00f4i QSight LX50 UHPLC t\u00edch h\u1ee3p li\u1ec1n m\u1ea1ch v\u1edbi QSight Triple Quad LC\/MS\/MS v\u00e0 ph\u1ea7n m\u1ec1m Simplicity\u2122 mang l\u1ea1i m\u1ee9c hi\u1ec7u su\u1ea5t cao nh\u1ea5t t\u1eeb \u200b\u200bvi\u1ec7c x\u1eed l\u00fd m\u1eabu cho \u0111\u1ebfn thu th\u1eadp v\u00e0 b\u00e1o c\u00e1o d\u1eef li\u1ec7u. H\u1ec7 th\u1ed1ng n\u00e0y bao g\u1ed3m ba c\u00f4ng ngh\u1ec7 ch\u00ednh gi\u00fap t\u1ed1i \u01b0u h\u00f3a quy tr\u00ecnh l\u00e0m vi\u1ec7c v\u00e0 mang l\u1ea1i n\u0103ng su\u1ea5t cao.","og_url":"https:\/\/htiscientific.vn\/en\/product\/bo-phan-phoi-dung-moi-qsight-lx50\/","og_site_name":"HTI Scientific","article_publisher":"https:\/\/www.facebook.com\/htiscientific.vn","article_modified_time":"2025-05-07T07:05:53+00:00","og_image":[{"width":512,"height":288,"url":"https:\/\/htiscientific.vn\/wp-content\/uploads\/2025\/03\/qsight-lx50-solvent-delivery-module.jpg","type":"image\/jpeg"}],"twitter_card":"summary_large_image","twitter_misc":{"Est. reading time":"2 minutes"},"schema":{"@context":"https:\/\/schema.org","@graph":[{"@type":"WebPage","@id":"https:\/\/htiscientific.vn\/san-pham\/bo-phan-phoi-dung-moi-qsight-lx50\/","url":"https:\/\/htiscientific.vn\/san-pham\/bo-phan-phoi-dung-moi-qsight-lx50\/","name":"B\u1ed9 ph\u00e2n ph\u1ed1i dung m\u00f4i QSight LX50 - HTI Scientific","isPartOf":{"@id":"https:\/\/htiscientific.vn\/#website"},"primaryImageOfPage":{"@id":"https:\/\/htiscientific.vn\/san-pham\/bo-phan-phoi-dung-moi-qsight-lx50\/#primaryimage"},"image":{"@id":"https:\/\/htiscientific.vn\/san-pham\/bo-phan-phoi-dung-moi-qsight-lx50\/#primaryimage"},"thumbnailUrl":"https:\/\/htiscientific.vn\/wp-content\/uploads\/2025\/03\/qsight-lx50-solvent-delivery-module.jpg","datePublished":"2025-03-27T09:40:29+00:00","dateModified":"2025-05-07T07:05:53+00:00","breadcrumb":{"@id":"https:\/\/htiscientific.vn\/san-pham\/bo-phan-phoi-dung-moi-qsight-lx50\/#breadcrumb"},"inLanguage":"en-US","potentialAction":[{"@type":"ReadAction","target":["https:\/\/htiscientific.vn\/san-pham\/bo-phan-phoi-dung-moi-qsight-lx50\/"]}]},{"@type":"ImageObject","inLanguage":"en-US","@id":"https:\/\/htiscientific.vn\/san-pham\/bo-phan-phoi-dung-moi-qsight-lx50\/#primaryimage","url":"https:\/\/htiscientific.vn\/wp-content\/uploads\/2025\/03\/qsight-lx50-solvent-delivery-module.jpg","contentUrl":"https:\/\/htiscientific.vn\/wp-content\/uploads\/2025\/03\/qsight-lx50-solvent-delivery-module.jpg","width":512,"height":288},{"@type":"BreadcrumbList","@id":"https:\/\/htiscientific.vn\/san-pham\/bo-phan-phoi-dung-moi-qsight-lx50\/#breadcrumb","itemListElement":[{"@type":"ListItem","position":1,"name":"Trang ch\u1ee7","item":"https:\/\/htiscientific.vn\/"},{"@type":"ListItem","position":2,"name":"C\u1eeda h\u00e0ng","item":"https:\/\/htiscientific.vn\/cua-hang\/"},{"@type":"ListItem","position":3,"name":"S\u1eafc ky\u0301","item":"https:\/\/htiscientific.vn\/danh-muc-san-pham\/sac-ky\/"},{"@type":"ListItem","position":4,"name":"S\u1eafc k\u00fd l\u1ecfng kh\u1ed1i ph\u1ed5 LC-MS","item":"https:\/\/htiscientific.vn\/danh-muc-san-pham\/sac-ky\/sac-ky-long-khoi-pho-lc-ms\/"},{"@type":"ListItem","position":5,"name":"B\u1ed9 ph\u00e2n ph\u1ed1i dung m\u00f4i QSight LX50"}]},{"@type":"WebSite","@id":"https:\/\/htiscientific.vn\/#website","url":"https:\/\/htiscientific.vn\/","name":"HTI Scientific","description":"HTI Scientific","publisher":{"@id":"https:\/\/htiscientific.vn\/#organization"},"potentialAction":[{"@type":"SearchAction","target":{"@type":"EntryPoint","urlTemplate":"https:\/\/htiscientific.vn\/?s={search_term_string}"},"query-input":{"@type":"PropertyValueSpecification","valueRequired":true,"valueName":"search_term_string"}}],"inLanguage":"en-US"},{"@type":"Organization","@id":"https:\/\/htiscientific.vn\/#organization","name":"HTI Scientific","alternateName":"HTI Scientific","url":"https:\/\/htiscientific.vn\/","logo":{"@type":"ImageObject","inLanguage":"en-US","@id":"https:\/\/htiscientific.vn\/#\/schema\/logo\/image\/","url":"https:\/\/htiscientific.vn\/wp-content\/uploads\/2025\/03\/ava-hti-copy.jpg","contentUrl":"https:\/\/htiscientific.vn\/wp-content\/uploads\/2025\/03\/ava-hti-copy.jpg","width":700,"height":450,"caption":"HTI Scientific"},"image":{"@id":"https:\/\/htiscientific.vn\/#\/schema\/logo\/image\/"},"sameAs":["https:\/\/www.facebook.com\/htiscientific.vn"]}]}},"_links":{"self":[{"href":"https:\/\/htiscientific.vn\/en\/wp-json\/wp\/v2\/product\/929","targetHints":{"allow":["GET"]}}],"collection":[{"href":"https:\/\/htiscientific.vn\/en\/wp-json\/wp\/v2\/product"}],"about":[{"href":"https:\/\/htiscientific.vn\/en\/wp-json\/wp\/v2\/types\/product"}],"wp:featuredmedia":[{"embeddable":true,"href":"https:\/\/htiscientific.vn\/en\/wp-json\/wp\/v2\/media\/930"}],"wp:attachment":[{"href":"https:\/\/htiscientific.vn\/en\/wp-json\/wp\/v2\/media?parent=929"}],"wp:term":[{"taxonomy":"product_brand","embeddable":true,"href":"https:\/\/htiscientific.vn\/en\/wp-json\/wp\/v2\/product_brand?post=929"},{"taxonomy":"product_cat","embeddable":true,"href":"https:\/\/htiscientific.vn\/en\/wp-json\/wp\/v2\/product_cat?post=929"},{"taxonomy":"product_tag","embeddable":true,"href":"https:\/\/htiscientific.vn\/en\/wp-json\/wp\/v2\/product_tag?post=929"}],"curies":[{"name":"wp","href":"https:\/\/api.w.org\/{rel}","templated":true}]}}