{"id":924,"date":"2025-03-27T16:35:19","date_gmt":"2025-03-27T09:35:19","guid":{"rendered":"https:\/\/htiscientific.vn\/?post_type=product&#038;p=924"},"modified":"2025-05-07T16:59:20","modified_gmt":"2025-05-07T09:59:20","slug":"bo-lay-mau-tu-dong-khong-gian-hoi-hs-2400-m","status":"publish","type":"product","link":"https:\/\/htiscientific.vn\/en\/product\/bo-lay-mau-tu-dong-khong-gian-hoi-hs-2400-m\/","title":{"rendered":"B\u1ed9 l\u1ea5y m\u1eabu t\u1ef1 \u0111\u1ed9ng kh\u00f4ng gian h\u01a1i HS 2400 M"},"content":{"rendered":"<p style=\"text-align: justify;\"><span style=\"color: #000000;\">B\u1ed9 l\u1ea5y m\u1eabu t\u1ef1 \u0111\u1ed9ng Headspace HS 2400 M s\u1eed d\u1ee5ng m\u1ed9t lo\u1ea1t c\u00e1c c\u00f4ng ngh\u1ec7 \u0111\u00e3 \u0111\u01b0\u1ee3c ch\u1ee9ng minh \u0111\u1ec3 \u0111\u1ea3m b\u1ea3o \u0111\u1ed9 ch\u00ednh x\u00e1c v\u01b0\u1ee3t tr\u1ed9i cho m\u1ecdi \u1ee9ng d\u1ee5ng. K\u1ebft qu\u1ea3 v\u01b0\u1ee3t tr\u1ed9i cho m\u1ed7i m\u1eabu trong m\u1ed7i l\u1ea7n ch\u1ea1y.<\/span><\/p>\n<p style=\"text-align: justify;\"><span style=\"color: #000000;\"><strong>T\u00ednh n\u0103ng ch\u00ednh:<\/strong><\/span><\/p>\n<ul>\n<li><span style=\"color: #000000;\">Th\u00f4ng tin c\u00f3 th\u1ec3 truy c\u1eadp d\u1ec5 d\u00e0ng tr\u00ean m\u00e0n h\u00ecnh c\u1ea3m \u1ee9ng v\u00e0 giao di\u1ec7n tr\u00ecnh duy\u1ec7t c\u1ee7a thi\u1ebft b\u1ecb GC 2400<\/span><\/li>\n<li><span style=\"color: #000000;\">H\u1ed7 tr\u1ee3 l\u1ecd 10 v\u00e0 20ml<\/span><\/li>\n<li><span style=\"color: #000000;\">L\u00ean \u0111\u1ebfn 40 l\u1ecd v\u1edbi l\u00f2 gia nhi\u1ec7t 12 v\u1ecb tr\u00ed \u0111i\u1ec1u ch\u1ec9nh nhi\u1ec7t \u0111\u1ed9 ch\u1ed3ng l\u00ean nhau<\/span><\/li>\n<li><span style=\"color: #000000;\">Ph\u1ea7n m\u1ec1m PerkinElmer SimplicityChrom CDS<\/span><\/li>\n<li><span style=\"color: #000000;\">Ph\u1ea7n m\u1ec1m \u0111i\u1ec1u khi\u1ec3n Waters Empower\u2122 CDS<\/span><\/li>\n<li style=\"list-style-type: none;\"><\/li>\n<\/ul>\n<p style=\"text-align: justify;\"><span style=\"color: #000000;\"><strong>C\u00f4ng ngh\u1ec7 c\u00e2n b\u1eb1ng \u00e1p su\u1ea5t<\/strong><\/span><\/p>\n<p style=\"text-align: justify;\"><span style=\"color: #000000;\">L\u1ea5y m\u1eabu d\u1ef1a tr\u00ean th\u1eddi gian c\u00e2n b\u1eb1ng \u00e1p su\u1ea5t tr\u00e1nh s\u1eed d\u1ee5ng van nhi\u1ec1u c\u1ed5ng, gi\u1ea3m thi\u1ec3u s\u1ed1 l\u01b0\u1ee3ng th\u00e0nh ph\u1ea7n ti\u1ebfp x\u00fac v\u1edbi m\u1eabu. S\u1ef1 bi\u1ebfn d\u1ea1ng Peak do h\u1ea5p ph\u1ee5, \u0111\u1ed9 l\u1eb7p l\u1ea1i h\u1ea1n ch\u1ebf v\u00e0 th\u1ec3 t\u00edch ch\u1ebft h\u1ea7u nh\u01b0 b\u1ecb lo\u1ea1i b\u1ecf. Vi\u1ec7c nhi\u1ec5m ch\u00e9o c\u0169ng \u0111\u01b0\u1ee3c tr\u00e1nh, cho ph\u00e9p \u0111\u1ed9 ch\u00ednh x\u00e1c th\u1ef1c s\u1ef1 m\u00e0 kh\u00f4ng c\u1ea7n ph\u1ea3i ch\u1ea1y m\u1eabu tr\u1eafng \u0111\u1ec3 l\u00e0m s\u1ea1ch h\u1ec7 th\u1ed1ng. Ngo\u00e0i ra, l\u1ea5y m\u1eabu c\u00e2n b\u1eb1ng \u00e1p su\u1ea5t cho ph\u00e9p s\u1eed d\u1ee5ng c\u00e1c th\u1ec3 t\u00edch n\u1ea1p kh\u00e1c nhau trong c\u00f9ng m\u1ed9t tr\u00ecnh t\u1ef1. M\u1ed9t s\u1ef1 h\u1ed7 tr\u1ee3 l\u00fd t\u01b0\u1edfng \u0111\u1ec3 \u0111\u1ea9y nhanh qu\u00e1 tr\u00ecnh ph\u00e1t tri\u1ec3n ph\u01b0\u01a1ng ph\u00e1p.<\/span><\/p>","protected":false},"excerpt":{"rendered":"<p style=\"text-align: justify;\"><span style=\"color: #000000;\">B\u1eb1ng c\u00e1ch \u0111\u01b0\u1ee3c t\u00edch h\u1ee3p ho\u00e0n to\u00e0n v\u00e0o quy tr\u00ecnh l\u00e0m vi\u1ec7c GC, b\u1ed9 l\u1ea5y m\u1eabu HS 2400 M l\u00e0m vi\u1ec7c tr\u1ef1c ti\u1ebfp v\u1edbi h\u1ec7 th\u1ed1ng GC PerkinElmer GC 2400\u2122. C\u00f4ng ngh\u1ec7 t\u00edch h\u1ee3p cho ph\u00e9p ng\u01b0\u1eddi d\u00f9ng truy c\u1eadp th\u00f4ng tin tr\u1ea1ng th\u00e1i tr\u1ef1c ti\u1ebfp t\u1eeb b\u1ed9 l\u1ea5y m\u1eabu headspace tr\u00ean m\u00e0n h\u00ecnh c\u1ea3m \u1ee9ng c\u00f3 th\u1ec3 th\u00e1o r\u1eddi c\u1ee7a GC, trong hay ngo\u00e0i ph\u00f2ng th\u00ed nghi\u1ec7m<\/span><\/p>\n<p style=\"text-align: justify;\"><span style=\"color: #000000;\">Giao di\u1ec7n tr\u1ef1c quan k\u1ebft h\u1ee3p v\u1edbi Ph\u1ea7n m\u1ec1m PerkinElmer SimplicityChrom\u2122 CDS gi\u1ea3i quy\u1ebft nhu c\u1ea7u c\u1ee7a c\u00e1c ph\u00f2ng th\u00ed nghi\u1ec7m v\u1ec1 quy tr\u00ecnh l\u00e0m vi\u1ec7c GC ki\u1ec3m so\u00e1t b\u1eb1ng ph\u1ea7n m\u1ec1m \u0111\u01a1n gi\u1ea3n h\u00f3a,d\u1ec5 d\u00e0ng s\u1eed d\u1ee5ng v\u1edbi m\u1ecdi ng\u01b0\u1eddi d\u00f9ng. \u0110\u01b0\u1ee3c h\u1ed7 tr\u1ee3 b\u1edfi c\u00f4ng ngh\u1ec7 c\u00e2n b\u1eb1ng \u00e1p su\u1ea5t \u0111\u1ed9c quy\u1ec1n, b\u1ed9 l\u1ea5y m\u1eabu t\u1ef1 \u0111\u1ed9ng HS 2400 M gi\u00fap gi\u1ea3m \u0111\u00e1ng k\u1ec3 c\u00e1c th\u00e1ch th\u1ee9c v\u1ec1 nhi\u1ec5m b\u1ea9n m\u1eabu \u0111\u1ed3ng th\u1eddi t\u1ed1i \u0111a h\u00f3a ho\u1ea1t \u0111\u1ed9ng v\u00e0 n\u0103ng su\u1ea5t c\u1ee7a ph\u00f2ng th\u00ed nghi\u1ec7m v\u1edbi th\u00f4ng tin m\u1ecdi l\u00fac, m\u1ecdi n\u01a1i khi c\u1ea7n \u0111\u01b0a ra quy\u1ebft \u0111\u1ecbnh.<\/span><\/p>","protected":false},"featured_media":927,"template":"","meta":{"inline_featured_image":false},"product_brand":[29],"product_cat":[16,68],"product_tag":[],"class_list":{"0":"post-924","1":"product","2":"type-product","3":"status-publish","4":"has-post-thumbnail","6":"product_brand-perkinelmer","7":"product_cat-sac-ky","8":"product_cat-sac-ky-khi-gc","10":"first","11":"instock","12":"shipping-taxable","13":"product-type-simple"},"yoast_head":"<!-- This site is optimized with the Yoast SEO plugin v24.7 - https:\/\/yoast.com\/wordpress\/plugins\/seo\/ -->\n<title>B\u1ed9 l\u1ea5y m\u1eabu t\u1ef1 \u0111\u1ed9ng kh\u00f4ng gian h\u01a1i HS 2400 M - HTI Scientific<\/title>\n<meta name=\"robots\" content=\"index, follow, max-snippet:-1, max-image-preview:large, max-video-preview:-1\" \/>\n<link rel=\"canonical\" href=\"https:\/\/htiscientific.vn\/en\/product\/bo-lay-mau-tu-dong-khong-gian-hoi-hs-2400-m\/\" \/>\n<meta property=\"og:locale\" content=\"en_US\" \/>\n<meta property=\"og:type\" content=\"article\" \/>\n<meta property=\"og:title\" content=\"B\u1ed9 l\u1ea5y m\u1eabu t\u1ef1 \u0111\u1ed9ng kh\u00f4ng gian h\u01a1i HS 2400 M - HTI Scientific\" \/>\n<meta property=\"og:description\" content=\"B\u1eb1ng c\u00e1ch \u0111\u01b0\u1ee3c t\u00edch h\u1ee3p ho\u00e0n to\u00e0n v\u00e0o quy tr\u00ecnh l\u00e0m vi\u1ec7c GC, b\u1ed9 l\u1ea5y m\u1eabu HS 2400 M l\u00e0m vi\u1ec7c tr\u1ef1c ti\u1ebfp v\u1edbi h\u1ec7 th\u1ed1ng GC PerkinElmer GC 2400\u2122. C\u00f4ng ngh\u1ec7 t\u00edch h\u1ee3p cho ph\u00e9p ng\u01b0\u1eddi d\u00f9ng truy c\u1eadp th\u00f4ng tin tr\u1ea1ng th\u00e1i tr\u1ef1c ti\u1ebfp t\u1eeb b\u1ed9 l\u1ea5y m\u1eabu headspace tr\u00ean m\u00e0n h\u00ecnh c\u1ea3m \u1ee9ng c\u00f3 th\u1ec3 th\u00e1o r\u1eddi c\u1ee7a GC, trong hay ngo\u00e0i ph\u00f2ng th\u00ed nghi\u1ec7m Giao di\u1ec7n tr\u1ef1c quan k\u1ebft h\u1ee3p v\u1edbi Ph\u1ea7n m\u1ec1m PerkinElmer SimplicityChrom\u2122 CDS gi\u1ea3i quy\u1ebft nhu c\u1ea7u c\u1ee7a c\u00e1c ph\u00f2ng th\u00ed nghi\u1ec7m v\u1ec1 quy tr\u00ecnh l\u00e0m vi\u1ec7c GC ki\u1ec3m so\u00e1t b\u1eb1ng ph\u1ea7n m\u1ec1m \u0111\u01a1n gi\u1ea3n h\u00f3a,d\u1ec5 d\u00e0ng s\u1eed d\u1ee5ng v\u1edbi m\u1ecdi ng\u01b0\u1eddi d\u00f9ng. \u0110\u01b0\u1ee3c h\u1ed7 tr\u1ee3 b\u1edfi c\u00f4ng ngh\u1ec7 c\u00e2n b\u1eb1ng \u00e1p su\u1ea5t \u0111\u1ed9c quy\u1ec1n, b\u1ed9 l\u1ea5y m\u1eabu t\u1ef1 \u0111\u1ed9ng HS 2400 M gi\u00fap gi\u1ea3m \u0111\u00e1ng k\u1ec3 c\u00e1c th\u00e1ch th\u1ee9c v\u1ec1 nhi\u1ec5m b\u1ea9n m\u1eabu \u0111\u1ed3ng th\u1eddi t\u1ed1i \u0111a h\u00f3a ho\u1ea1t \u0111\u1ed9ng v\u00e0 n\u0103ng su\u1ea5t c\u1ee7a ph\u00f2ng th\u00ed nghi\u1ec7m v\u1edbi th\u00f4ng tin m\u1ecdi l\u00fac, m\u1ecdi n\u01a1i khi c\u1ea7n \u0111\u01b0a ra quy\u1ebft \u0111\u1ecbnh.\" \/>\n<meta property=\"og:url\" content=\"https:\/\/htiscientific.vn\/en\/product\/bo-lay-mau-tu-dong-khong-gian-hoi-hs-2400-m\/\" \/>\n<meta property=\"og:site_name\" content=\"HTI Scientific\" \/>\n<meta property=\"article:publisher\" content=\"https:\/\/www.facebook.com\/htiscientific.vn\" \/>\n<meta property=\"article:modified_time\" content=\"2025-05-07T09:59:20+00:00\" \/>\n<meta property=\"og:image\" content=\"https:\/\/htiscientific.vn\/wp-content\/uploads\/2025\/03\/hs-24001-1000x1000-01.jpg\" \/>\n\t<meta property=\"og:image:width\" content=\"2084\" \/>\n\t<meta property=\"og:image:height\" content=\"2084\" \/>\n\t<meta property=\"og:image:type\" content=\"image\/jpeg\" \/>\n<meta name=\"twitter:card\" content=\"summary_large_image\" \/>\n<meta name=\"twitter:label1\" content=\"Est. reading time\" \/>\n\t<meta name=\"twitter:data1\" content=\"2 minutes\" \/>\n<script type=\"application\/ld+json\" class=\"yoast-schema-graph\">{\"@context\":\"https:\/\/schema.org\",\"@graph\":[{\"@type\":\"WebPage\",\"@id\":\"https:\/\/htiscientific.vn\/san-pham\/bo-lay-mau-tu-dong-khong-gian-hoi-hs-2400-m\/\",\"url\":\"https:\/\/htiscientific.vn\/san-pham\/bo-lay-mau-tu-dong-khong-gian-hoi-hs-2400-m\/\",\"name\":\"B\u1ed9 l\u1ea5y m\u1eabu t\u1ef1 \u0111\u1ed9ng kh\u00f4ng gian h\u01a1i HS 2400 M - HTI Scientific\",\"isPartOf\":{\"@id\":\"https:\/\/htiscientific.vn\/#website\"},\"primaryImageOfPage\":{\"@id\":\"https:\/\/htiscientific.vn\/san-pham\/bo-lay-mau-tu-dong-khong-gian-hoi-hs-2400-m\/#primaryimage\"},\"image\":{\"@id\":\"https:\/\/htiscientific.vn\/san-pham\/bo-lay-mau-tu-dong-khong-gian-hoi-hs-2400-m\/#primaryimage\"},\"thumbnailUrl\":\"https:\/\/htiscientific.vn\/wp-content\/uploads\/2025\/03\/hs-24001-1000x1000-01.jpg\",\"datePublished\":\"2025-03-27T09:35:19+00:00\",\"dateModified\":\"2025-05-07T09:59:20+00:00\",\"breadcrumb\":{\"@id\":\"https:\/\/htiscientific.vn\/san-pham\/bo-lay-mau-tu-dong-khong-gian-hoi-hs-2400-m\/#breadcrumb\"},\"inLanguage\":\"en-US\",\"potentialAction\":[{\"@type\":\"ReadAction\",\"target\":[\"https:\/\/htiscientific.vn\/san-pham\/bo-lay-mau-tu-dong-khong-gian-hoi-hs-2400-m\/\"]}]},{\"@type\":\"ImageObject\",\"inLanguage\":\"en-US\",\"@id\":\"https:\/\/htiscientific.vn\/san-pham\/bo-lay-mau-tu-dong-khong-gian-hoi-hs-2400-m\/#primaryimage\",\"url\":\"https:\/\/htiscientific.vn\/wp-content\/uploads\/2025\/03\/hs-24001-1000x1000-01.jpg\",\"contentUrl\":\"https:\/\/htiscientific.vn\/wp-content\/uploads\/2025\/03\/hs-24001-1000x1000-01.jpg\",\"width\":2084,\"height\":2084},{\"@type\":\"BreadcrumbList\",\"@id\":\"https:\/\/htiscientific.vn\/san-pham\/bo-lay-mau-tu-dong-khong-gian-hoi-hs-2400-m\/#breadcrumb\",\"itemListElement\":[{\"@type\":\"ListItem\",\"position\":1,\"name\":\"Trang ch\u1ee7\",\"item\":\"https:\/\/htiscientific.vn\/\"},{\"@type\":\"ListItem\",\"position\":2,\"name\":\"C\u1eeda h\u00e0ng\",\"item\":\"https:\/\/htiscientific.vn\/cua-hang\/\"},{\"@type\":\"ListItem\",\"position\":3,\"name\":\"S\u1eafc ky\u0301\",\"item\":\"https:\/\/htiscientific.vn\/danh-muc-san-pham\/sac-ky\/\"},{\"@type\":\"ListItem\",\"position\":4,\"name\":\"S\u1eafc k\u00fd kh\u00ed GC\",\"item\":\"https:\/\/htiscientific.vn\/danh-muc-san-pham\/sac-ky\/sac-ky-khi-gc\/\"},{\"@type\":\"ListItem\",\"position\":5,\"name\":\"B\u1ed9 l\u1ea5y m\u1eabu t\u1ef1 \u0111\u1ed9ng kh\u00f4ng gian h\u01a1i HS 2400 M\"}]},{\"@type\":\"WebSite\",\"@id\":\"https:\/\/htiscientific.vn\/#website\",\"url\":\"https:\/\/htiscientific.vn\/\",\"name\":\"HTI Scientific\",\"description\":\"HTI Scientific\",\"publisher\":{\"@id\":\"https:\/\/htiscientific.vn\/#organization\"},\"potentialAction\":[{\"@type\":\"SearchAction\",\"target\":{\"@type\":\"EntryPoint\",\"urlTemplate\":\"https:\/\/htiscientific.vn\/?s={search_term_string}\"},\"query-input\":{\"@type\":\"PropertyValueSpecification\",\"valueRequired\":true,\"valueName\":\"search_term_string\"}}],\"inLanguage\":\"en-US\"},{\"@type\":\"Organization\",\"@id\":\"https:\/\/htiscientific.vn\/#organization\",\"name\":\"HTI Scientific\",\"alternateName\":\"HTI Scientific\",\"url\":\"https:\/\/htiscientific.vn\/\",\"logo\":{\"@type\":\"ImageObject\",\"inLanguage\":\"en-US\",\"@id\":\"https:\/\/htiscientific.vn\/#\/schema\/logo\/image\/\",\"url\":\"https:\/\/htiscientific.vn\/wp-content\/uploads\/2025\/03\/ava-hti-copy.jpg\",\"contentUrl\":\"https:\/\/htiscientific.vn\/wp-content\/uploads\/2025\/03\/ava-hti-copy.jpg\",\"width\":700,\"height\":450,\"caption\":\"HTI Scientific\"},\"image\":{\"@id\":\"https:\/\/htiscientific.vn\/#\/schema\/logo\/image\/\"},\"sameAs\":[\"https:\/\/www.facebook.com\/htiscientific.vn\"]}]}<\/script>\n<!-- \/ Yoast SEO plugin. -->","yoast_head_json":{"title":"B\u1ed9 l\u1ea5y m\u1eabu t\u1ef1 \u0111\u1ed9ng kh\u00f4ng gian h\u01a1i HS 2400 M - HTI Scientific","robots":{"index":"index","follow":"follow","max-snippet":"max-snippet:-1","max-image-preview":"max-image-preview:large","max-video-preview":"max-video-preview:-1"},"canonical":"https:\/\/htiscientific.vn\/en\/product\/bo-lay-mau-tu-dong-khong-gian-hoi-hs-2400-m\/","og_locale":"en_US","og_type":"article","og_title":"B\u1ed9 l\u1ea5y m\u1eabu t\u1ef1 \u0111\u1ed9ng kh\u00f4ng gian h\u01a1i HS 2400 M - HTI Scientific","og_description":"B\u1eb1ng c\u00e1ch \u0111\u01b0\u1ee3c t\u00edch h\u1ee3p ho\u00e0n to\u00e0n v\u00e0o quy tr\u00ecnh l\u00e0m vi\u1ec7c GC, b\u1ed9 l\u1ea5y m\u1eabu HS 2400 M l\u00e0m vi\u1ec7c tr\u1ef1c ti\u1ebfp v\u1edbi h\u1ec7 th\u1ed1ng GC PerkinElmer GC 2400\u2122. C\u00f4ng ngh\u1ec7 t\u00edch h\u1ee3p cho ph\u00e9p ng\u01b0\u1eddi d\u00f9ng truy c\u1eadp th\u00f4ng tin tr\u1ea1ng th\u00e1i tr\u1ef1c ti\u1ebfp t\u1eeb b\u1ed9 l\u1ea5y m\u1eabu headspace tr\u00ean m\u00e0n h\u00ecnh c\u1ea3m \u1ee9ng c\u00f3 th\u1ec3 th\u00e1o r\u1eddi c\u1ee7a GC, trong hay ngo\u00e0i ph\u00f2ng th\u00ed nghi\u1ec7m Giao di\u1ec7n tr\u1ef1c quan k\u1ebft h\u1ee3p v\u1edbi Ph\u1ea7n m\u1ec1m PerkinElmer SimplicityChrom\u2122 CDS gi\u1ea3i quy\u1ebft nhu c\u1ea7u c\u1ee7a c\u00e1c ph\u00f2ng th\u00ed nghi\u1ec7m v\u1ec1 quy tr\u00ecnh l\u00e0m vi\u1ec7c GC ki\u1ec3m so\u00e1t b\u1eb1ng ph\u1ea7n m\u1ec1m \u0111\u01a1n gi\u1ea3n h\u00f3a,d\u1ec5 d\u00e0ng s\u1eed d\u1ee5ng v\u1edbi m\u1ecdi ng\u01b0\u1eddi d\u00f9ng. \u0110\u01b0\u1ee3c h\u1ed7 tr\u1ee3 b\u1edfi c\u00f4ng ngh\u1ec7 c\u00e2n b\u1eb1ng \u00e1p su\u1ea5t \u0111\u1ed9c quy\u1ec1n, b\u1ed9 l\u1ea5y m\u1eabu t\u1ef1 \u0111\u1ed9ng HS 2400 M gi\u00fap gi\u1ea3m \u0111\u00e1ng k\u1ec3 c\u00e1c th\u00e1ch th\u1ee9c v\u1ec1 nhi\u1ec5m b\u1ea9n m\u1eabu \u0111\u1ed3ng th\u1eddi t\u1ed1i \u0111a h\u00f3a ho\u1ea1t \u0111\u1ed9ng v\u00e0 n\u0103ng su\u1ea5t c\u1ee7a ph\u00f2ng th\u00ed nghi\u1ec7m v\u1edbi th\u00f4ng tin m\u1ecdi l\u00fac, m\u1ecdi n\u01a1i khi c\u1ea7n \u0111\u01b0a ra quy\u1ebft \u0111\u1ecbnh.","og_url":"https:\/\/htiscientific.vn\/en\/product\/bo-lay-mau-tu-dong-khong-gian-hoi-hs-2400-m\/","og_site_name":"HTI Scientific","article_publisher":"https:\/\/www.facebook.com\/htiscientific.vn","article_modified_time":"2025-05-07T09:59:20+00:00","og_image":[{"width":2084,"height":2084,"url":"https:\/\/htiscientific.vn\/wp-content\/uploads\/2025\/03\/hs-24001-1000x1000-01.jpg","type":"image\/jpeg"}],"twitter_card":"summary_large_image","twitter_misc":{"Est. reading time":"2 minutes"},"schema":{"@context":"https:\/\/schema.org","@graph":[{"@type":"WebPage","@id":"https:\/\/htiscientific.vn\/san-pham\/bo-lay-mau-tu-dong-khong-gian-hoi-hs-2400-m\/","url":"https:\/\/htiscientific.vn\/san-pham\/bo-lay-mau-tu-dong-khong-gian-hoi-hs-2400-m\/","name":"B\u1ed9 l\u1ea5y m\u1eabu t\u1ef1 \u0111\u1ed9ng kh\u00f4ng gian h\u01a1i HS 2400 M - HTI Scientific","isPartOf":{"@id":"https:\/\/htiscientific.vn\/#website"},"primaryImageOfPage":{"@id":"https:\/\/htiscientific.vn\/san-pham\/bo-lay-mau-tu-dong-khong-gian-hoi-hs-2400-m\/#primaryimage"},"image":{"@id":"https:\/\/htiscientific.vn\/san-pham\/bo-lay-mau-tu-dong-khong-gian-hoi-hs-2400-m\/#primaryimage"},"thumbnailUrl":"https:\/\/htiscientific.vn\/wp-content\/uploads\/2025\/03\/hs-24001-1000x1000-01.jpg","datePublished":"2025-03-27T09:35:19+00:00","dateModified":"2025-05-07T09:59:20+00:00","breadcrumb":{"@id":"https:\/\/htiscientific.vn\/san-pham\/bo-lay-mau-tu-dong-khong-gian-hoi-hs-2400-m\/#breadcrumb"},"inLanguage":"en-US","potentialAction":[{"@type":"ReadAction","target":["https:\/\/htiscientific.vn\/san-pham\/bo-lay-mau-tu-dong-khong-gian-hoi-hs-2400-m\/"]}]},{"@type":"ImageObject","inLanguage":"en-US","@id":"https:\/\/htiscientific.vn\/san-pham\/bo-lay-mau-tu-dong-khong-gian-hoi-hs-2400-m\/#primaryimage","url":"https:\/\/htiscientific.vn\/wp-content\/uploads\/2025\/03\/hs-24001-1000x1000-01.jpg","contentUrl":"https:\/\/htiscientific.vn\/wp-content\/uploads\/2025\/03\/hs-24001-1000x1000-01.jpg","width":2084,"height":2084},{"@type":"BreadcrumbList","@id":"https:\/\/htiscientific.vn\/san-pham\/bo-lay-mau-tu-dong-khong-gian-hoi-hs-2400-m\/#breadcrumb","itemListElement":[{"@type":"ListItem","position":1,"name":"Trang ch\u1ee7","item":"https:\/\/htiscientific.vn\/"},{"@type":"ListItem","position":2,"name":"C\u1eeda h\u00e0ng","item":"https:\/\/htiscientific.vn\/cua-hang\/"},{"@type":"ListItem","position":3,"name":"S\u1eafc ky\u0301","item":"https:\/\/htiscientific.vn\/danh-muc-san-pham\/sac-ky\/"},{"@type":"ListItem","position":4,"name":"S\u1eafc k\u00fd kh\u00ed GC","item":"https:\/\/htiscientific.vn\/danh-muc-san-pham\/sac-ky\/sac-ky-khi-gc\/"},{"@type":"ListItem","position":5,"name":"B\u1ed9 l\u1ea5y m\u1eabu t\u1ef1 \u0111\u1ed9ng kh\u00f4ng gian h\u01a1i HS 2400 M"}]},{"@type":"WebSite","@id":"https:\/\/htiscientific.vn\/#website","url":"https:\/\/htiscientific.vn\/","name":"HTI Scientific","description":"HTI Scientific","publisher":{"@id":"https:\/\/htiscientific.vn\/#organization"},"potentialAction":[{"@type":"SearchAction","target":{"@type":"EntryPoint","urlTemplate":"https:\/\/htiscientific.vn\/?s={search_term_string}"},"query-input":{"@type":"PropertyValueSpecification","valueRequired":true,"valueName":"search_term_string"}}],"inLanguage":"en-US"},{"@type":"Organization","@id":"https:\/\/htiscientific.vn\/#organization","name":"HTI Scientific","alternateName":"HTI Scientific","url":"https:\/\/htiscientific.vn\/","logo":{"@type":"ImageObject","inLanguage":"en-US","@id":"https:\/\/htiscientific.vn\/#\/schema\/logo\/image\/","url":"https:\/\/htiscientific.vn\/wp-content\/uploads\/2025\/03\/ava-hti-copy.jpg","contentUrl":"https:\/\/htiscientific.vn\/wp-content\/uploads\/2025\/03\/ava-hti-copy.jpg","width":700,"height":450,"caption":"HTI Scientific"},"image":{"@id":"https:\/\/htiscientific.vn\/#\/schema\/logo\/image\/"},"sameAs":["https:\/\/www.facebook.com\/htiscientific.vn"]}]}},"_links":{"self":[{"href":"https:\/\/htiscientific.vn\/en\/wp-json\/wp\/v2\/product\/924","targetHints":{"allow":["GET"]}}],"collection":[{"href":"https:\/\/htiscientific.vn\/en\/wp-json\/wp\/v2\/product"}],"about":[{"href":"https:\/\/htiscientific.vn\/en\/wp-json\/wp\/v2\/types\/product"}],"wp:featuredmedia":[{"embeddable":true,"href":"https:\/\/htiscientific.vn\/en\/wp-json\/wp\/v2\/media\/927"}],"wp:attachment":[{"href":"https:\/\/htiscientific.vn\/en\/wp-json\/wp\/v2\/media?parent=924"}],"wp:term":[{"taxonomy":"product_brand","embeddable":true,"href":"https:\/\/htiscientific.vn\/en\/wp-json\/wp\/v2\/product_brand?post=924"},{"taxonomy":"product_cat","embeddable":true,"href":"https:\/\/htiscientific.vn\/en\/wp-json\/wp\/v2\/product_cat?post=924"},{"taxonomy":"product_tag","embeddable":true,"href":"https:\/\/htiscientific.vn\/en\/wp-json\/wp\/v2\/product_tag?post=924"}],"curies":[{"name":"wp","href":"https:\/\/api.w.org\/{rel}","templated":true}]}}