{"id":918,"date":"2025-03-27T16:32:25","date_gmt":"2025-03-27T09:32:25","guid":{"rendered":"https:\/\/htiscientific.vn\/?post_type=product&#038;p=918"},"modified":"2025-03-27T16:32:25","modified_gmt":"2025-03-27T09:32:25","slug":"he-thong-sac-ky-khi-gc-2400-2","status":"publish","type":"product","link":"https:\/\/htiscientific.vn\/en\/product\/he-thong-sac-ky-khi-gc-2400-2\/","title":{"rendered":"H\u1ec7 th\u1ed1ng s\u1eafc k\u00fd kh\u00ed GC 2400"},"content":{"rendered":"<p style=\"text-align: justify;\"><span style=\"color: #000000;\"><a style=\"color: #000000;\" href=\"https:\/\/www.perkinelmer.com\/product\/top-level-gc2400-n6400000\">H\u1ec7 th\u1ed1ng s\u1eafc k\u00fd kh\u00ed GC 2400<\/a>\u00a0c\u1ea3i ti\u1ebfn cho ph\u00e9p kh\u00e1ch h\u00e0ng \u0111\u1ea1t \u0111\u01b0\u1ee3c m\u1ee9c hi\u1ec7u qu\u1ea3 ch\u01b0a t\u1eebng c\u00f3. \u0110\u01b0\u1ee3c thi\u1ebft k\u1ebf \u0111\u1ec3 gi\u1ea3i quy\u1ebft c\u00f4ng su\u1ea5t c\u1ee7a ph\u00f2ng th\u00ed nghi\u1ec7m ph\u00e2n t\u00edch hi\u1ec7n \u0111\u1ea1i, H\u1ec7 th\u1ed1ng GC 2400 cung c\u1ea5p m\u00e0n h\u00ecnh c\u1ea3m \u1ee9ng c\u00f3 th\u1ec3 th\u00e1o r\u1eddi k\u1ebft h\u1ee3p v\u1edbi kh\u1ea3 n\u0103ng l\u1ea5y m\u1eabu th\u00f4ng minh \u0111\u1ec3 \u0111\u01b0a ra quy\u1ebft \u0111\u1ecbnh nhanh h\u01a1n, trong v\u00e0 ngo\u00e0i ph\u00f2ng th\u00ed nghi\u1ec7m.<\/span><\/p>\n<p style=\"text-align: justify;\"><span style=\"color: #000000;\">Giao di\u1ec7n ng\u01b0\u1eddi d\u00f9ng m\u1edbi \u0111\u1ed1i chi\u1ebfu v\u00e0 cung c\u1ea5p th\u00f4ng tin tr\u1ef1c ti\u1ebfp tr\u00ean c\u00e1c ph\u1ee5 ki\u1ec7n GC \u0111\u01b0\u1ee3c c\u1ea5u h\u00ecnh kh\u00e1c nhau nh\u01b0 B\u1ed9 l\u1ea5y m\u1eabu kh\u00f4ng gian h\u01a1i PerkinElmer HS 2400\u2122 M b\u1eb1ng m\u1ed9t m\u00e0n h\u00ecnh duy nh\u1ea5t. \u0110\u01b0\u1ee3c qu\u1ea3n l\u00fd b\u1edfi Ph\u1ea7n m\u1ec1m H\u1ec7 th\u1ed1ng d\u1eef li\u1ec7u s\u1eafc k\u00fd (CDS) PerkinElmer SimplicityChrom\u2122, H\u1ec7 th\u1ed1ng GC 2400 tr\u1edf th\u00e0nh m\u1ed9t ph\u1ea7n kh\u00f4ng th\u1ec3 thi\u1ebfu trong quy tr\u00ecnh GC to\u00e0n di\u1ec7n.<\/span><\/p>\n<p style=\"text-align: justify;\"><span style=\"color: #000000;\">Cho d\u00f9 l\u00e0 \u1ee9ng d\u1ee5ng trong ng\u00e0nh c\u00f4ng nghi\u1ec7p, m\u00f4i tr\u01b0\u1eddng, d\u01b0\u1ee3c ph\u1ea9m hay th\u1ef1c ph\u1ea9m v\u00e0 \u0111\u1ed3 u\u1ed1ng, H\u1ec7 th\u1ed1ng s\u1eafc k\u00fd kh\u00ed GC 2400 c\u00f3 th\u1ec3 gi\u00fap c\u00e1c ph\u00f2ng th\u00ed nghi\u1ec7m v\u01b0\u1ee3t m\u1ee5c ti\u00eau v\u1ec1 n\u0103ng su\u1ea5t v\u00e0 hi\u1ec7u su\u1ea5t, mang l\u1ea1i k\u1ebft qu\u1ea3 ch\u00ednh x\u00e1c.<\/span><\/p>\n<p style=\"text-align: justify;\"><span style=\"color: #000000;\"><strong>T\u00ednh n\u0103ng ch\u00ednh:<\/strong><\/span><\/p>\n<ul>\n<li><span style=\"color: #000000;\">M\u00e0n h\u00ecnh c\u1ea3m \u1ee9ng c\u00f3 th\u1ebb th\u00e1o r\u1eddi \u0111\u1ec3 th\u00f4ng b\u00e1o tr\u1ea1ng th\u00e1i theo th\u1eddi gian th\u1ef1c<\/span><\/li>\n<li><span style=\"color: #000000;\">\u0110\u00e8n LED v\u00e0 \u00e2m thanh c\u00f3 th\u1ec3 l\u1eadp tr\u00ecnh \u0111\u1ec3 \u0111\u00e1nh gi\u00e1 ngay tr\u1ea1ng th\u00e1i h\u1ec7 th\u1ed1ng<\/span><\/li>\n<li><span style=\"color: #000000;\">Kh\u1ea3 n\u0103ng l\u1ea5y m\u1eabu th\u00f4ng minh cho ph\u00e9p th\u00edch \u1ee9ng v\u1edbi nhu c\u1ea7u th\u00f4ng l\u01b0\u1ee3ng m\u1eabu<\/span><\/li>\n<li><span style=\"color: #000000;\">Ng\u01b0\u1eddi d\u00f9ng c\u00f3 th\u1ec3 thay th\u1ebf \u0111\u1ea7u d\u00f2 \u0111\u1ec3 cho ph\u00e9p \u1ee9ng d\u1ee5ng linh ho\u1ea1t<\/span><\/li>\n<li><span style=\"color: #000000;\">C\u1ea3m bi\u1ebfn hydro \u0111\u1ea3m b\u1ea3o an to\u00e0n v\u00e0 b\u1ec1n v\u1eefng<\/span><\/li>\n<li style=\"list-style-type: none;\"><\/li>\n<\/ul>\n<p style=\"text-align: justify;\"><span style=\"color: #000000;\"><strong>M\u00e1y l\u1ea5y m\u1eabu ch\u1ea5t l\u1ecfng PerkinElmer AS\u2122 2400:<\/strong><\/span><\/p>\n<ul>\n<li><span style=\"color: #000000;\">C\u00e1c lo\u1ea1i \u1ed1ng ti\u00eam t\u1eeb 0,5 uL \u0111\u1ebfn 50 uL \u2013<\/span><\/li>\n<li><span style=\"color: #000000;\">T\u00f9y ch\u1ecdn khay nh\u1ecf (20 l\u1ecd) v\u00e0 khay l\u1edbn (144 l\u1ecd) \u0111\u1ec3 \u0111\u1ea1t n\u0103ng su\u1ea5t t\u1ed1i \u0111a<\/span><\/li>\n<li><span style=\"color: #000000;\">C\u1eafm l\u00e0 ch\u1ea1y th\u00fac \u0111\u1ea9y th\u1eddi gian ho\u1ea1t \u0111\u1ed9ng v\u00e0 ph\u00e1t tri\u1ec3n theo nhu c\u1ea7u v\u1ec1 n\u0103ng su\u1ea5t c\u1ee7a ph\u00f2ng th\u00ed nghi\u1ec7m<\/span><\/li>\n<li style=\"list-style-type: none;\"><\/li>\n<\/ul>\n<p style=\"text-align: justify;\"><span style=\"color: #000000;\"><strong>\u0110\u1ea7u d\u00f2 GC 2400<\/strong><\/span><\/p>\n<p style=\"text-align: justify;\"><span style=\"color: #000000;\">H\u1ec7 th\u1ed1ng GC 2400 c\u00f3 th\u1ec3 h\u1ed7 tr\u1ee3 ba \u0111\u1ea7u d\u00f2 v\u1edbi \u0111\u1ea7u d\u00f2 kh\u1ed1i ph\u1ed5. \u0110\u1ea7u d\u00f2 c\u00f3 th\u1ec3 d\u1ec5 d\u00e0ng thay th\u1ebf cho nhau v\u00e0 c\u00f3 th\u1ec3 t\u1ef1 c\u1ea5u h\u00ecnh:<\/span><\/p>\n<ul>\n<li><span style=\"color: #000000;\">\u0110\u1ea7u d\u00f2 ion h\u00f3a ng\u1ecdn l\u1eeda (FID)<\/span><\/li>\n<li><span style=\"color: #000000;\">\u0110\u1ea7u d\u00f2 c\u1ed9ng k\u1ebft \u0111i\u1ec7n t\u1eed (ECD)<\/span><\/li>\n<li><span style=\"color: #000000;\"><a style=\"color: #000000;\" href=\"https:\/\/perkinelmervietnam.vn\/product\/gc-2400-system-3\/\">\u0110\u1ea7u d\u00f2 kh\u1ed1i ph\u1ed5 t\u1ee9 c\u1ef1c \u0111\u01a1n (MS 2400 SQ)<\/a><\/span><\/li>\n<li style=\"list-style-type: none;\"><\/li>\n<\/ul>","protected":false},"excerpt":{"rendered":"<p style=\"text-align: justify;\"><span style=\"color: #000000;\">H\u1ec7 th\u1ed1ng s\u1eafc k\u00fd kh\u00ed GC 2400 \u0111\u01b0\u1ee3c thi\u1ebft k\u1ebf \u0111\u1ec3 gi\u1ea3i quy\u1ebft nhu c\u1ea7u \u0111i\u1ec1u khi\u1ec3n t\u1eeb xa, v\u1eadn h\u00e0nh \u0111\u01a1n gi\u1ea3n v\u00e0 b\u1ec1n v\u1eefng c\u1ee7a c\u00e1c ph\u00f2ng th\u00ed nghi\u1ec7m ph\u00e2n t\u00edch. H\u1ec7 th\u1ed1ng PerkinElmer GC 2400\u2122 cung c\u1ea5p tr\u1ea3i nghi\u1ec7m ng\u01b0\u1eddi d\u00f9ng c\u1ea3i ti\u1ebfn v\u1edbi th\u00f4ng tin m\u1ecdi l\u00fac, m\u1ecdi n\u01a1i \u0111\u1ec3 \u0111\u01b0a ra quy\u1ebft \u0111\u1ecbnh nhanh v\u00e0 hi\u1ec7u qu\u1ea3 c\u0169ng nh\u01b0 kh\u1ea3 n\u0103ng h\u1ec7 th\u1ed1ng ti\u00ean ti\u1ebfn nh\u1eb1m \u0111\u1ea1t n\u0103ng su\u1ea5t t\u1ed1i \u0111a, nh\u1edd v\u00e0o vi\u1ec7c gi\u1ea3m chi ph\u00ed \u00e1p d\u1ee5ng c\u00f4ng ngh\u1ec7 v\u00e0 c\u00e1c<a style=\"color: #000000;\" href=\"https:\/\/perkinelmervietnam.vn\/product\/gc-2400-system-3\/\">\u00a0t\u00ednh n\u0103ng h\u1ed7 tr\u1ee3 t\u00ednh b\u00ean v\u1eefng.<\/a><\/span><\/p>","protected":false},"featured_media":919,"template":"","meta":{"inline_featured_image":false},"product_brand":[29],"product_cat":[16,68],"product_tag":[],"class_list":{"0":"post-918","1":"product","2":"type-product","3":"status-publish","4":"has-post-thumbnail","6":"product_brand-perkinelmer","7":"product_cat-sac-ky","8":"product_cat-sac-ky-khi-gc","10":"first","11":"instock","12":"shipping-taxable","13":"product-type-simple"},"yoast_head":"<!-- This site is optimized with the Yoast SEO plugin v24.7 - https:\/\/yoast.com\/wordpress\/plugins\/seo\/ -->\n<title>H\u1ec7 th\u1ed1ng s\u1eafc k\u00fd kh\u00ed GC 2400 - HTI Scientific<\/title>\n<meta name=\"robots\" content=\"index, follow, max-snippet:-1, max-image-preview:large, max-video-preview:-1\" \/>\n<link rel=\"canonical\" href=\"https:\/\/htiscientific.vn\/en\/product\/he-thong-sac-ky-khi-gc-2400-2\/\" \/>\n<meta property=\"og:locale\" content=\"en_US\" \/>\n<meta property=\"og:type\" content=\"article\" \/>\n<meta property=\"og:title\" content=\"H\u1ec7 th\u1ed1ng s\u1eafc k\u00fd kh\u00ed GC 2400 - HTI Scientific\" \/>\n<meta property=\"og:description\" content=\"H\u1ec7 th\u1ed1ng s\u1eafc k\u00fd kh\u00ed GC 2400 \u0111\u01b0\u1ee3c thi\u1ebft k\u1ebf \u0111\u1ec3 gi\u1ea3i quy\u1ebft nhu c\u1ea7u \u0111i\u1ec1u khi\u1ec3n t\u1eeb xa, v\u1eadn h\u00e0nh \u0111\u01a1n gi\u1ea3n v\u00e0 b\u1ec1n v\u1eefng c\u1ee7a c\u00e1c ph\u00f2ng th\u00ed nghi\u1ec7m ph\u00e2n t\u00edch. H\u1ec7 th\u1ed1ng PerkinElmer GC 2400\u2122 cung c\u1ea5p tr\u1ea3i nghi\u1ec7m ng\u01b0\u1eddi d\u00f9ng c\u1ea3i ti\u1ebfn v\u1edbi th\u00f4ng tin m\u1ecdi l\u00fac, m\u1ecdi n\u01a1i \u0111\u1ec3 \u0111\u01b0a ra quy\u1ebft \u0111\u1ecbnh nhanh v\u00e0 hi\u1ec7u qu\u1ea3 c\u0169ng nh\u01b0 kh\u1ea3 n\u0103ng h\u1ec7 th\u1ed1ng ti\u00ean ti\u1ebfn nh\u1eb1m \u0111\u1ea1t n\u0103ng su\u1ea5t t\u1ed1i \u0111a, nh\u1edd v\u00e0o vi\u1ec7c gi\u1ea3m chi ph\u00ed \u00e1p d\u1ee5ng c\u00f4ng ngh\u1ec7 v\u00e0 c\u00e1c\u00a0t\u00ednh n\u0103ng h\u1ed7 tr\u1ee3 t\u00ednh b\u00ean v\u1eefng.\" \/>\n<meta property=\"og:url\" content=\"https:\/\/htiscientific.vn\/en\/product\/he-thong-sac-ky-khi-gc-2400-2\/\" \/>\n<meta property=\"og:site_name\" content=\"HTI Scientific\" \/>\n<meta property=\"article:publisher\" content=\"https:\/\/www.facebook.com\/htiscientific.vn\" \/>\n<meta property=\"og:image\" content=\"https:\/\/htiscientific.vn\/wp-content\/uploads\/2025\/03\/gc-2400-1000x1000-1.png\" \/>\n\t<meta property=\"og:image:width\" content=\"1000\" \/>\n\t<meta property=\"og:image:height\" content=\"1000\" \/>\n\t<meta property=\"og:image:type\" content=\"image\/png\" \/>\n<meta name=\"twitter:card\" content=\"summary_large_image\" \/>\n<meta name=\"twitter:label1\" content=\"Est. reading time\" \/>\n\t<meta name=\"twitter:data1\" content=\"3 minutes\" \/>\n<script type=\"application\/ld+json\" class=\"yoast-schema-graph\">{\"@context\":\"https:\/\/schema.org\",\"@graph\":[{\"@type\":\"WebPage\",\"@id\":\"https:\/\/htiscientific.vn\/san-pham\/he-thong-sac-ky-khi-gc-2400-2\/\",\"url\":\"https:\/\/htiscientific.vn\/san-pham\/he-thong-sac-ky-khi-gc-2400-2\/\",\"name\":\"H\u1ec7 th\u1ed1ng s\u1eafc k\u00fd kh\u00ed GC 2400 - HTI Scientific\",\"isPartOf\":{\"@id\":\"https:\/\/htiscientific.vn\/#website\"},\"primaryImageOfPage\":{\"@id\":\"https:\/\/htiscientific.vn\/san-pham\/he-thong-sac-ky-khi-gc-2400-2\/#primaryimage\"},\"image\":{\"@id\":\"https:\/\/htiscientific.vn\/san-pham\/he-thong-sac-ky-khi-gc-2400-2\/#primaryimage\"},\"thumbnailUrl\":\"https:\/\/htiscientific.vn\/wp-content\/uploads\/2025\/03\/gc-2400-1000x1000-1.png\",\"datePublished\":\"2025-03-27T09:32:25+00:00\",\"breadcrumb\":{\"@id\":\"https:\/\/htiscientific.vn\/san-pham\/he-thong-sac-ky-khi-gc-2400-2\/#breadcrumb\"},\"inLanguage\":\"en-US\",\"potentialAction\":[{\"@type\":\"ReadAction\",\"target\":[\"https:\/\/htiscientific.vn\/san-pham\/he-thong-sac-ky-khi-gc-2400-2\/\"]}]},{\"@type\":\"ImageObject\",\"inLanguage\":\"en-US\",\"@id\":\"https:\/\/htiscientific.vn\/san-pham\/he-thong-sac-ky-khi-gc-2400-2\/#primaryimage\",\"url\":\"https:\/\/htiscientific.vn\/wp-content\/uploads\/2025\/03\/gc-2400-1000x1000-1.png\",\"contentUrl\":\"https:\/\/htiscientific.vn\/wp-content\/uploads\/2025\/03\/gc-2400-1000x1000-1.png\",\"width\":1000,\"height\":1000},{\"@type\":\"BreadcrumbList\",\"@id\":\"https:\/\/htiscientific.vn\/san-pham\/he-thong-sac-ky-khi-gc-2400-2\/#breadcrumb\",\"itemListElement\":[{\"@type\":\"ListItem\",\"position\":1,\"name\":\"Trang ch\u1ee7\",\"item\":\"https:\/\/htiscientific.vn\/\"},{\"@type\":\"ListItem\",\"position\":2,\"name\":\"C\u1eeda h\u00e0ng\",\"item\":\"https:\/\/htiscientific.vn\/cua-hang\/\"},{\"@type\":\"ListItem\",\"position\":3,\"name\":\"S\u1eafc ky\u0301\",\"item\":\"https:\/\/htiscientific.vn\/danh-muc-san-pham\/sac-ky\/\"},{\"@type\":\"ListItem\",\"position\":4,\"name\":\"S\u1eafc k\u00fd kh\u00ed GC\",\"item\":\"https:\/\/htiscientific.vn\/danh-muc-san-pham\/sac-ky\/sac-ky-khi-gc\/\"},{\"@type\":\"ListItem\",\"position\":5,\"name\":\"H\u1ec7 th\u1ed1ng s\u1eafc k\u00fd kh\u00ed GC 2400\"}]},{\"@type\":\"WebSite\",\"@id\":\"https:\/\/htiscientific.vn\/#website\",\"url\":\"https:\/\/htiscientific.vn\/\",\"name\":\"HTI Scientific\",\"description\":\"HTI Scientific\",\"publisher\":{\"@id\":\"https:\/\/htiscientific.vn\/#organization\"},\"potentialAction\":[{\"@type\":\"SearchAction\",\"target\":{\"@type\":\"EntryPoint\",\"urlTemplate\":\"https:\/\/htiscientific.vn\/?s={search_term_string}\"},\"query-input\":{\"@type\":\"PropertyValueSpecification\",\"valueRequired\":true,\"valueName\":\"search_term_string\"}}],\"inLanguage\":\"en-US\"},{\"@type\":\"Organization\",\"@id\":\"https:\/\/htiscientific.vn\/#organization\",\"name\":\"HTI Scientific\",\"alternateName\":\"HTI Scientific\",\"url\":\"https:\/\/htiscientific.vn\/\",\"logo\":{\"@type\":\"ImageObject\",\"inLanguage\":\"en-US\",\"@id\":\"https:\/\/htiscientific.vn\/#\/schema\/logo\/image\/\",\"url\":\"https:\/\/htiscientific.vn\/wp-content\/uploads\/2025\/03\/ava-hti-copy.jpg\",\"contentUrl\":\"https:\/\/htiscientific.vn\/wp-content\/uploads\/2025\/03\/ava-hti-copy.jpg\",\"width\":700,\"height\":450,\"caption\":\"HTI Scientific\"},\"image\":{\"@id\":\"https:\/\/htiscientific.vn\/#\/schema\/logo\/image\/\"},\"sameAs\":[\"https:\/\/www.facebook.com\/htiscientific.vn\"]}]}<\/script>\n<!-- \/ Yoast SEO plugin. -->","yoast_head_json":{"title":"H\u1ec7 th\u1ed1ng s\u1eafc k\u00fd kh\u00ed GC 2400 - HTI Scientific","robots":{"index":"index","follow":"follow","max-snippet":"max-snippet:-1","max-image-preview":"max-image-preview:large","max-video-preview":"max-video-preview:-1"},"canonical":"https:\/\/htiscientific.vn\/en\/product\/he-thong-sac-ky-khi-gc-2400-2\/","og_locale":"en_US","og_type":"article","og_title":"H\u1ec7 th\u1ed1ng s\u1eafc k\u00fd kh\u00ed GC 2400 - HTI Scientific","og_description":"H\u1ec7 th\u1ed1ng s\u1eafc k\u00fd kh\u00ed GC 2400 \u0111\u01b0\u1ee3c thi\u1ebft k\u1ebf \u0111\u1ec3 gi\u1ea3i quy\u1ebft nhu c\u1ea7u \u0111i\u1ec1u khi\u1ec3n t\u1eeb xa, v\u1eadn h\u00e0nh \u0111\u01a1n gi\u1ea3n v\u00e0 b\u1ec1n v\u1eefng c\u1ee7a c\u00e1c ph\u00f2ng th\u00ed nghi\u1ec7m ph\u00e2n t\u00edch. H\u1ec7 th\u1ed1ng PerkinElmer GC 2400\u2122 cung c\u1ea5p tr\u1ea3i nghi\u1ec7m ng\u01b0\u1eddi d\u00f9ng c\u1ea3i ti\u1ebfn v\u1edbi th\u00f4ng tin m\u1ecdi l\u00fac, m\u1ecdi n\u01a1i \u0111\u1ec3 \u0111\u01b0a ra quy\u1ebft \u0111\u1ecbnh nhanh v\u00e0 hi\u1ec7u qu\u1ea3 c\u0169ng nh\u01b0 kh\u1ea3 n\u0103ng h\u1ec7 th\u1ed1ng ti\u00ean ti\u1ebfn nh\u1eb1m \u0111\u1ea1t n\u0103ng su\u1ea5t t\u1ed1i \u0111a, nh\u1edd v\u00e0o vi\u1ec7c gi\u1ea3m chi ph\u00ed \u00e1p d\u1ee5ng c\u00f4ng ngh\u1ec7 v\u00e0 c\u00e1c\u00a0t\u00ednh n\u0103ng h\u1ed7 tr\u1ee3 t\u00ednh b\u00ean v\u1eefng.","og_url":"https:\/\/htiscientific.vn\/en\/product\/he-thong-sac-ky-khi-gc-2400-2\/","og_site_name":"HTI Scientific","article_publisher":"https:\/\/www.facebook.com\/htiscientific.vn","og_image":[{"width":1000,"height":1000,"url":"https:\/\/htiscientific.vn\/wp-content\/uploads\/2025\/03\/gc-2400-1000x1000-1.png","type":"image\/png"}],"twitter_card":"summary_large_image","twitter_misc":{"Est. reading time":"3 minutes"},"schema":{"@context":"https:\/\/schema.org","@graph":[{"@type":"WebPage","@id":"https:\/\/htiscientific.vn\/san-pham\/he-thong-sac-ky-khi-gc-2400-2\/","url":"https:\/\/htiscientific.vn\/san-pham\/he-thong-sac-ky-khi-gc-2400-2\/","name":"H\u1ec7 th\u1ed1ng s\u1eafc k\u00fd kh\u00ed GC 2400 - HTI Scientific","isPartOf":{"@id":"https:\/\/htiscientific.vn\/#website"},"primaryImageOfPage":{"@id":"https:\/\/htiscientific.vn\/san-pham\/he-thong-sac-ky-khi-gc-2400-2\/#primaryimage"},"image":{"@id":"https:\/\/htiscientific.vn\/san-pham\/he-thong-sac-ky-khi-gc-2400-2\/#primaryimage"},"thumbnailUrl":"https:\/\/htiscientific.vn\/wp-content\/uploads\/2025\/03\/gc-2400-1000x1000-1.png","datePublished":"2025-03-27T09:32:25+00:00","breadcrumb":{"@id":"https:\/\/htiscientific.vn\/san-pham\/he-thong-sac-ky-khi-gc-2400-2\/#breadcrumb"},"inLanguage":"en-US","potentialAction":[{"@type":"ReadAction","target":["https:\/\/htiscientific.vn\/san-pham\/he-thong-sac-ky-khi-gc-2400-2\/"]}]},{"@type":"ImageObject","inLanguage":"en-US","@id":"https:\/\/htiscientific.vn\/san-pham\/he-thong-sac-ky-khi-gc-2400-2\/#primaryimage","url":"https:\/\/htiscientific.vn\/wp-content\/uploads\/2025\/03\/gc-2400-1000x1000-1.png","contentUrl":"https:\/\/htiscientific.vn\/wp-content\/uploads\/2025\/03\/gc-2400-1000x1000-1.png","width":1000,"height":1000},{"@type":"BreadcrumbList","@id":"https:\/\/htiscientific.vn\/san-pham\/he-thong-sac-ky-khi-gc-2400-2\/#breadcrumb","itemListElement":[{"@type":"ListItem","position":1,"name":"Trang ch\u1ee7","item":"https:\/\/htiscientific.vn\/"},{"@type":"ListItem","position":2,"name":"C\u1eeda h\u00e0ng","item":"https:\/\/htiscientific.vn\/cua-hang\/"},{"@type":"ListItem","position":3,"name":"S\u1eafc ky\u0301","item":"https:\/\/htiscientific.vn\/danh-muc-san-pham\/sac-ky\/"},{"@type":"ListItem","position":4,"name":"S\u1eafc k\u00fd kh\u00ed GC","item":"https:\/\/htiscientific.vn\/danh-muc-san-pham\/sac-ky\/sac-ky-khi-gc\/"},{"@type":"ListItem","position":5,"name":"H\u1ec7 th\u1ed1ng s\u1eafc k\u00fd kh\u00ed GC 2400"}]},{"@type":"WebSite","@id":"https:\/\/htiscientific.vn\/#website","url":"https:\/\/htiscientific.vn\/","name":"HTI Scientific","description":"HTI Scientific","publisher":{"@id":"https:\/\/htiscientific.vn\/#organization"},"potentialAction":[{"@type":"SearchAction","target":{"@type":"EntryPoint","urlTemplate":"https:\/\/htiscientific.vn\/?s={search_term_string}"},"query-input":{"@type":"PropertyValueSpecification","valueRequired":true,"valueName":"search_term_string"}}],"inLanguage":"en-US"},{"@type":"Organization","@id":"https:\/\/htiscientific.vn\/#organization","name":"HTI Scientific","alternateName":"HTI Scientific","url":"https:\/\/htiscientific.vn\/","logo":{"@type":"ImageObject","inLanguage":"en-US","@id":"https:\/\/htiscientific.vn\/#\/schema\/logo\/image\/","url":"https:\/\/htiscientific.vn\/wp-content\/uploads\/2025\/03\/ava-hti-copy.jpg","contentUrl":"https:\/\/htiscientific.vn\/wp-content\/uploads\/2025\/03\/ava-hti-copy.jpg","width":700,"height":450,"caption":"HTI Scientific"},"image":{"@id":"https:\/\/htiscientific.vn\/#\/schema\/logo\/image\/"},"sameAs":["https:\/\/www.facebook.com\/htiscientific.vn"]}]}},"_links":{"self":[{"href":"https:\/\/htiscientific.vn\/en\/wp-json\/wp\/v2\/product\/918","targetHints":{"allow":["GET"]}}],"collection":[{"href":"https:\/\/htiscientific.vn\/en\/wp-json\/wp\/v2\/product"}],"about":[{"href":"https:\/\/htiscientific.vn\/en\/wp-json\/wp\/v2\/types\/product"}],"wp:featuredmedia":[{"embeddable":true,"href":"https:\/\/htiscientific.vn\/en\/wp-json\/wp\/v2\/media\/919"}],"wp:attachment":[{"href":"https:\/\/htiscientific.vn\/en\/wp-json\/wp\/v2\/media?parent=918"}],"wp:term":[{"taxonomy":"product_brand","embeddable":true,"href":"https:\/\/htiscientific.vn\/en\/wp-json\/wp\/v2\/product_brand?post=918"},{"taxonomy":"product_cat","embeddable":true,"href":"https:\/\/htiscientific.vn\/en\/wp-json\/wp\/v2\/product_cat?post=918"},{"taxonomy":"product_tag","embeddable":true,"href":"https:\/\/htiscientific.vn\/en\/wp-json\/wp\/v2\/product_tag?post=918"}],"curies":[{"name":"wp","href":"https:\/\/api.w.org\/{rel}","templated":true}]}}