{"id":912,"date":"2025-03-27T16:18:57","date_gmt":"2025-03-27T09:18:57","guid":{"rendered":"https:\/\/htiscientific.vn\/?post_type=product&#038;p=912"},"modified":"2025-05-07T14:06:03","modified_gmt":"2025-05-07T07:06:03","slug":"may-quang-pho-tu-ngoai-kha-kien-lambda-1050-uv-vis-nir","status":"publish","type":"product","link":"https:\/\/htiscientific.vn\/en\/product\/may-quang-pho-tu-ngoai-kha-kien-lambda-1050-uv-vis-nir\/","title":{"rendered":"M\u00e1y quang ph\u1ed5 t\u1eed ngo\u1ea1i kh\u1ea3 ki\u1ebfn LAMBDA 1050+ UV\/VIS\/NIR"},"content":{"rendered":"<div class=\"acf-field\">\n<p class=\"pe_pdp_det_first\" style=\"text-align: justify;\"><span style=\"color: #000000;\"><a style=\"color: #000000;\" href=\"https:\/\/www.perkinelmer.com\/Product\/lambda-1050-2d-base-inst-no-sw-l6020055\">M\u00e1y quang ph\u1ed5 t\u1eed ngo\u1ea1i kh\u1ea3 ki\u1ebfn LAMBDA 1050+<\/a>\u00a0hi\u1ec7u su\u1ea5t cao mang \u0111\u1ebfn s\u1ef1 linh ho\u1ea1t ch\u01b0a t\u1eebng c\u00f3 b\u1eb1ng c\u00e1ch cho b\u1ea1n l\u1ef1a ch\u1ecdn c\u1ea5u h\u00ecnh h\u1ec7 th\u1ed1ng ph\u00f9 h\u1ee3p v\u1edbi nhu c\u1ea7u c\u1ee7a m\u00ecnh. T\u1eeb vi\u1ec7c l\u1ef1a ch\u1ecdn m\u00e1y d\u00f2 \u0111\u1ebfn c\u00e1c ph\u1ee5 ki\u1ec7n mang \u0111\u1ebfn ph\u01b0\u01a1ng ph\u00e1p l\u1ea5y m\u1eabu thu\u1eadn ti\u1ec7n v\u00e0 linh ho\u1ea1t nh\u1ea5t so v\u1edbi b\u1ea5t k\u1ef3\u00a0<a style=\"color: #000000;\" href=\"https:\/\/perkinelmervietnam.vn\/product-category\/quang-pho-phan-tu\/quang-pho-tia-cuc-tim-uv\/\">h\u1ec7 th\u1ed1ng UV\/VIS\/NIR<\/a>\u00a0n\u00e0o hi\u1ec7n c\u00f3.<\/span><\/p>\n<p style=\"text-align: justify;\"><span style=\"color: #000000;\"><strong>Ki\u1ec3m so\u00e1t m\u1eabu t\u1ed1t h\u01a1n<\/strong><\/span><\/p>\n<p style=\"text-align: justify;\"><span style=\"color: #000000;\">LAMBDA 1050+ \u0111\u01b0\u1ee3c thi\u1ebft k\u1ebf v\u1edbi nhi\u1ec1u t\u00ednh n\u0103ng v\u00e0 ph\u1ee5 ki\u1ec7n \u0111\u1ec3 ki\u1ec3m so\u00e1t m\u1eabu v\u00e0 \u0111\u1ea3m b\u1ea3o ch\u1ea5t l\u01b0\u1ee3ng d\u1eef li\u1ec7u c\u1ee7a b\u1ea1n, bao g\u1ed3m:<\/span><\/p>\n<ul>\n<li><span style=\"color: #000000;\">D\u1ec5 d\u00e0ng l\u1eafp \u0111\u1eb7t module qu\u1ea3 c\u1ea7u t\u00edch ph\u00e2n \u0111\u1ec3 \u0111o ch\u1ebf \u0111\u1ed9 khu\u1ebfch t\u00e1n v\u00e0 ph\u1ea3n x\u1ea1. C\u00f3 s\u1eb5n c\u00e1c qu\u1ea3 c\u1ea7u \u0111\u01b0\u1eddng k\u00ednh 100 v\u00e0 150 mm, v\u1edbi kh\u1ea3 n\u0103ng ph\u1ea3n x\u1ea1 8\u00b0 \u0111\u01b0\u1ee3c g\u1eafn \u1edf trung t\u00e2m.<\/span><\/li>\n<li><span style=\"color: #000000;\">Module \u0111o ch\u1ebf \u0111\u1ed9 ph\u1ea3n x\u1ea1 \u0111a n\u0103ng v\u1edbi b\u1ed9 \u0111\u00f4i c\u1ea3m bi\u1ebfn Si v\u00e0 InGaAs cho ph\u00e9p \u0111i\u1ec1u ch\u1ec9nh g\u00f3c t\u1ef1 \u0111\u1ed9ng, ch\u00ednh x\u00e1c v\u00e0 \u0111\u1ed9 t\u00e1i l\u1eb7p cao.<\/span><\/li>\n<li><span style=\"color: #000000;\">Ch\u1ebf \u0111\u1ed9 suy gi\u1ea3m t\u00edn hi\u1ec7u do thi\u1ebft b\u1ecb n\u1ed9i b\u1ed9 ki\u1ec3m so\u00e1t t\u1eeb 1 \u0111\u1ebfn 0,1%, cho c\u00e1c ph\u00e9p \u0111o c\u00f3 \u0111\u1ed9 h\u1ea5p th\u1ee5 cao<\/span><\/li>\n<li style=\"list-style-type: none;\"><\/li>\n<\/ul>\n<p style=\"text-align: justify;\"><span style=\"color: #000000;\"><strong>N\u0103ng su\u1ea5t cao h\u01a1n<\/strong><\/span><\/p>\n<ul>\n<li><span style=\"color: #000000;\">K\u1ebft qu\u1ea3 nhanh h\u01a1n \u2013 V\u1edbi \u0111\u1ed9 nh\u1ea1y cao, LAMBDA 1050+ m\u1edbi c\u00f3 th\u1ec3 qu\u00e9t nhanh h\u01a1n bao gi\u1edd h\u1ebft m\u00e0 kh\u00f4ng l\u00e0m gi\u1ea3m ch\u1ea5t l\u01b0\u1ee3ng d\u1eef li\u1ec7u \u2013 Qu\u00e9t \u0111\u01a1n gi\u1ea3n nhanh h\u01a1n t\u1edbi 2,25 l\u1ea7n v\u00e0 t\u1ed1c \u0111\u1ed9 qu\u00e9t to\u00e0n b\u1ed9 nhanh h\u01a1n 40% so v\u1edbi c\u00e1c phi\u00ean b\u1ea3n c\u0169<\/span><\/li>\n<li><span style=\"color: #000000;\">\u0110\u1ed9 nh\u1ea1y cao h\u01a1n \u2013 G\u01b0\u01a1ng \u0111\u00f4i cung c\u1ea5p t\u00edn hi\u1ec7u t\u1ed1t h\u01a1n \u0111\u1ec3 c\u00f3 \u0111\u1ed9 nh\u1ea1y cao h\u01a1n nh\u1eb1m m\u00f4 t\u1ea3 ch\u00ednh x\u00e1c c\u00e1c m\u1eabu c\u1ee7a b\u1ea1n<\/span><\/li>\n<li><span style=\"color: #000000;\">Gi\u1ea3m th\u1eddi gian thi\u1ebft l\u1eadp \u2013 V\u1edbi th\u1eddi gian thi\u1ebft l\u1eadp thi\u1ebft b\u1ecb v\u00e0 thi\u1ebft l\u1eadp l\u1ea5y m\u1eabu th\u1ea5p nh\u1ea5t trong ng\u00e0nh, LAMBDA 1050+ ho\u1ea1t \u0111\u1ed9ng nhanh h\u01a1n bao gi\u1edd h\u1ebft.\u00a0<\/span><\/li>\n<li style=\"list-style-type: none;\"><\/li>\n<\/ul>\n<p style=\"text-align: justify;\"><span style=\"color: #000000;\"><strong>Ph\u1ea7n m\u1ec1m<\/strong><\/span><\/p>\n<p style=\"text-align: justify;\"><span style=\"color: #000000;\">G\u00f3p ph\u1ea7n t\u1ea1o n\u00ean s\u1ee9c m\u1ea1nh c\u1ee7a UV\/VIS\/NIR LAMBDA 1050+ l\u00e0 ph\u1ea7n m\u1ec1m UV WinLab \u0111\u01b0\u1ee3c thi\u1ebft k\u1ebf \u0111\u1ec3 v\u1eadn h\u00e0nh \u0111\u01a1n gi\u1ea3n v\u00e0 c\u00f3 kh\u1ea3 n\u0103ng gi\u1ea3i quy\u1ebft c\u00e1c ph\u00e2n t\u00edch kh\u00f3 kh\u0103n nh\u1ea5t. Ph\u1ea7n m\u1ec1m Advanced Security\u2122 (ES) UV WinLab c\u1ee7a ch\u00fang t\u00f4i \u0111\u01b0\u1ee3c thi\u1ebft k\u1ebf cho c\u00e1c ph\u00f2ng th\u00ed nghi\u1ec7m d\u01b0\u1ee3c ph\u1ea9m, s\u1ea3n xu\u1ea5t, c\u00f4ng nghi\u1ec7p, th\u1ef1c ph\u1ea9m ho\u1eb7c trong nh\u1eefng m\u00f4i tr\u01b0\u1eddng \u0111\u01b0\u1ee3c qu\u1ea3n l\u00fd y\u00eau c\u1ea7u tu\u00e2n th\u1ee7 c\u00e1c quy \u0111\u1ecbnh 21 CFR Ph\u1ea7n 11 c\u1ee7a FDA Hoa K\u1ef3.<\/span><\/p>\n<\/div>\n<div class=\"acf-field\">\n<h4 style=\"text-align: justify;\"><span style=\"color: #000000;\"><strong>Specifications<\/strong><\/span><\/h4>\n<div class=\"pe_pdp_detatabl\">\n<table id=\"pe_pdp_tab_det\">\n<tbody>\n<tr style=\"text-align: justify;\">\n<th><span style=\"color: #000000;\">Ti\u00eau chu\u1ea9n 21 CFR Ph\u1ea7n 11<\/span><\/th>\n<td><span style=\"color: #000000;\">Yes<\/span><\/td>\n<\/tr>\n<tr style=\"text-align: justify;\">\n<th><span style=\"color: #000000;\">Height<\/span><\/th>\n<td><span style=\"color: #000000;\">30.0 cm<\/span><\/td>\n<\/tr>\n<tr style=\"text-align: justify;\">\n<th><span style=\"color: #000000;\">Giao di\u1ec7n<\/span><\/th>\n<td><span style=\"color: #000000;\">Tungsten-halogen v\u00e0 Deuterium<\/span><\/td>\n<\/tr>\n<tr style=\"text-align: justify;\">\n<th><span style=\"color: #000000;\">Nhi\u1ec7t \u0111\u1ed9 t\u1ed1i \u0111a<\/span><\/th>\n<td><span style=\"color: #000000;\">35 \u00b0C<\/span><\/td>\n<\/tr>\n<tr style=\"text-align: justify;\">\n<th><span style=\"color: #000000;\">Nhi\u1ec7t \u0111\u1ed9 t\u1ed1i thi\u1ec3u<\/span><\/th>\n<td><span style=\"color: #000000;\">15 \u00b0C<\/span><\/td>\n<\/tr>\n<tr style=\"text-align: justify;\">\n<th><span style=\"color: #000000;\">T\u00ean model<\/span><\/th>\n<td><span style=\"color: #000000;\">LAMBDA 1050+<\/span><\/td>\n<\/tr>\n<tr style=\"text-align: justify;\">\n<th><span style=\"color: #000000;\">Kho\u1ea3ng ho\u1ea1t \u0111\u1ed9ng<\/span><\/th>\n<td><span style=\"color: #000000;\">175 \u2013 3300 nm<\/span><\/td>\n<\/tr>\n<tr style=\"text-align: justify;\">\n<th><span style=\"color: #000000;\">Kh\u1ea3 n\u0103ng di \u0111\u1ed9ng<\/span><\/th>\n<td><span style=\"color: #000000;\">Kh\u00f4ng<\/span><\/td>\n<\/tr>\n<tr style=\"text-align: justify;\">\n<th><span style=\"color: #000000;\">T\u00ean nh\u00e3n s\u1ea3n ph\u1ea9m<\/span><\/th>\n<td><span style=\"color: #000000;\">LAMBDA<\/span><\/td>\n<\/tr>\n<tr style=\"text-align: justify;\">\n<th><span style=\"color: #000000;\">L\u0129nh v\u1ef1c nghi\u00ean c\u1ee9u<\/span><\/th>\n<td><span style=\"color: #000000;\">Th\u1ef1c ph\u1ea9m &amp; N\u00f4ng nghi\u1ec7p<\/span><\/td>\n<\/tr>\n<tr>\n<th style=\"text-align: justify;\"><span style=\"color: #000000;\">Warranty<\/span><\/th>\n<td style=\"text-align: justify;\"><span style=\"color: #000000;\">1 year<\/span><\/td>\n<\/tr>\n<\/tbody>\n<\/table>\n<\/div>\n<\/div>","protected":false},"excerpt":{"rendered":"<p style=\"text-align: justify;\"><span style=\"color: #000000;\">M\u00e1y quang ph\u1ed5 t\u1eed ngo\u1ea1i kh\u1ea3 ki\u1ebfn LAMBDA 1050+ UV\/Vis\/NIR PerkinElmer \u0111\u01b0\u1ee3c thi\u1ebft k\u1ebf \u0111\u1ec3 mang l\u1ea1i hi\u1ec7u su\u1ea5t v\u00e0 t\u00ednh linh ho\u1ea1t cao nh\u1ea5t \u0111\u1ec3 ph\u00e2n t\u00edch nhi\u1ec1u lo\u1ea1i m\u1eabu, bao g\u1ed3m ph\u00e2n t\u00edch l\u1edbp ph\u1ee7, k\u00ednh hi\u1ec7u su\u1ea5t cao, n\u0103ng l\u01b0\u1ee3ng m\u1eb7t tr\u1eddi c\u0169ng nh\u01b0 c\u00e1c v\u1eadt li\u1ec7u v\u00e0 linh ki\u1ec7n ti\u00ean ti\u1ebfn trong c\u1ea3 nghi\u00ean c\u1ee9u v\u00e0 s\u1ea3n xu\u1ea5t. LAMBDA 1050+ \u0111\u00e1p \u1ee9ng v\u00e0 c\u00f3 th\u1ec3 v\u01b0\u1ee3t c\u00e1c ti\u00eau chu\u1ea9n ng\u00e0nh v\u1ec1 hi\u1ec7u su\u1ea5t c\u1ef1c cao, t\u00ednh linh ho\u1ea1t v\u00e0 ti\u1ec7n l\u1ee3i. Th\u1ebf h\u1ec7 m\u1edbi nh\u1ea5t c\u1ee7a m\u00e1y quang ph\u1ed5 LAMBDA 1050+ \u0111\u01b0\u1ee3c thi\u1ebft k\u1ebf \u0111\u1ec3 mang l\u1ea1i t\u1ed1c \u0111\u1ed9 qu\u00e9t nhanh h\u01a1n, thi\u1ebft l\u1eadp thi\u1ebft b\u1ecb v\u00e0 th\u1eddi gian ph\u1ea3n h\u1ed3i t\u1ed1t h\u01a1n bao gi\u1edd h\u1ebft \u0111\u1ec3 t\u1ed1i \u0111a h\u00f3a n\u0103ng su\u1ea5t cho ph\u00f2ng th\u00ed nghi\u1ec7m c\u1ee7a b\u1ea1n.<\/span><\/p>","protected":false},"featured_media":915,"template":"","meta":{"inline_featured_image":false},"product_brand":[29],"product_cat":[63,65],"product_tag":[],"class_list":{"0":"post-912","1":"product","2":"type-product","3":"status-publish","4":"has-post-thumbnail","6":"product_brand-perkinelmer","7":"product_cat-quang-pho-phan-tu","8":"product_cat-quang-pho-tu-ngoai-kha-kien-uv-vis","10":"first","11":"instock","12":"featured","13":"shipping-taxable","14":"product-type-simple"},"yoast_head":"<!-- This site is optimized with the Yoast SEO plugin v24.7 - https:\/\/yoast.com\/wordpress\/plugins\/seo\/ -->\n<title>M\u00e1y quang ph\u1ed5 t\u1eed ngo\u1ea1i kh\u1ea3 ki\u1ebfn LAMBDA 1050+ UV\/VIS\/NIR - HTI Scientific<\/title>\n<meta name=\"robots\" content=\"index, follow, max-snippet:-1, max-image-preview:large, max-video-preview:-1\" \/>\n<link rel=\"canonical\" href=\"https:\/\/htiscientific.vn\/en\/product\/may-quang-pho-tu-ngoai-kha-kien-lambda-1050-uv-vis-nir\/\" \/>\n<meta property=\"og:locale\" content=\"en_US\" \/>\n<meta property=\"og:type\" content=\"article\" \/>\n<meta property=\"og:title\" content=\"M\u00e1y quang ph\u1ed5 t\u1eed ngo\u1ea1i kh\u1ea3 ki\u1ebfn LAMBDA 1050+ UV\/VIS\/NIR - HTI Scientific\" \/>\n<meta property=\"og:description\" content=\"M\u00e1y quang ph\u1ed5 t\u1eed ngo\u1ea1i kh\u1ea3 ki\u1ebfn LAMBDA 1050+ UV\/Vis\/NIR PerkinElmer \u0111\u01b0\u1ee3c thi\u1ebft k\u1ebf \u0111\u1ec3 mang l\u1ea1i hi\u1ec7u su\u1ea5t v\u00e0 t\u00ednh linh ho\u1ea1t cao nh\u1ea5t \u0111\u1ec3 ph\u00e2n t\u00edch nhi\u1ec1u lo\u1ea1i m\u1eabu, bao g\u1ed3m ph\u00e2n t\u00edch l\u1edbp ph\u1ee7, k\u00ednh hi\u1ec7u su\u1ea5t cao, n\u0103ng l\u01b0\u1ee3ng m\u1eb7t tr\u1eddi c\u0169ng nh\u01b0 c\u00e1c v\u1eadt li\u1ec7u v\u00e0 linh ki\u1ec7n ti\u00ean ti\u1ebfn trong c\u1ea3 nghi\u00ean c\u1ee9u v\u00e0 s\u1ea3n xu\u1ea5t. LAMBDA 1050+ \u0111\u00e1p \u1ee9ng v\u00e0 c\u00f3 th\u1ec3 v\u01b0\u1ee3t c\u00e1c ti\u00eau chu\u1ea9n ng\u00e0nh v\u1ec1 hi\u1ec7u su\u1ea5t c\u1ef1c cao, t\u00ednh linh ho\u1ea1t v\u00e0 ti\u1ec7n l\u1ee3i. Th\u1ebf h\u1ec7 m\u1edbi nh\u1ea5t c\u1ee7a m\u00e1y quang ph\u1ed5 LAMBDA 1050+ \u0111\u01b0\u1ee3c thi\u1ebft k\u1ebf \u0111\u1ec3 mang l\u1ea1i t\u1ed1c \u0111\u1ed9 qu\u00e9t nhanh h\u01a1n, thi\u1ebft l\u1eadp thi\u1ebft b\u1ecb v\u00e0 th\u1eddi gian ph\u1ea3n h\u1ed3i t\u1ed1t h\u01a1n bao gi\u1edd h\u1ebft \u0111\u1ec3 t\u1ed1i \u0111a h\u00f3a n\u0103ng su\u1ea5t cho ph\u00f2ng th\u00ed nghi\u1ec7m c\u1ee7a b\u1ea1n.\" \/>\n<meta property=\"og:url\" content=\"https:\/\/htiscientific.vn\/en\/product\/may-quang-pho-tu-ngoai-kha-kien-lambda-1050-uv-vis-nir\/\" \/>\n<meta property=\"og:site_name\" content=\"HTI Scientific\" \/>\n<meta property=\"article:publisher\" content=\"https:\/\/www.facebook.com\/htiscientific.vn\" \/>\n<meta property=\"article:modified_time\" content=\"2025-05-07T07:06:03+00:00\" \/>\n<meta property=\"og:image\" content=\"https:\/\/htiscientific.vn\/wp-content\/uploads\/2025\/03\/700x700-lambda-spectrophotometers.png\" \/>\n\t<meta property=\"og:image:width\" content=\"700\" \/>\n\t<meta property=\"og:image:height\" content=\"700\" \/>\n\t<meta property=\"og:image:type\" content=\"image\/png\" \/>\n<meta name=\"twitter:card\" content=\"summary_large_image\" \/>\n<meta name=\"twitter:label1\" content=\"Est. reading time\" \/>\n\t<meta name=\"twitter:data1\" content=\"3 minutes\" \/>\n<script type=\"application\/ld+json\" class=\"yoast-schema-graph\">{\"@context\":\"https:\/\/schema.org\",\"@graph\":[{\"@type\":\"WebPage\",\"@id\":\"https:\/\/htiscientific.vn\/san-pham\/may-quang-pho-tu-ngoai-kha-kien-lambda-1050-uv-vis-nir\/\",\"url\":\"https:\/\/htiscientific.vn\/san-pham\/may-quang-pho-tu-ngoai-kha-kien-lambda-1050-uv-vis-nir\/\",\"name\":\"M\u00e1y quang ph\u1ed5 t\u1eed ngo\u1ea1i kh\u1ea3 ki\u1ebfn LAMBDA 1050+ UV\/VIS\/NIR - HTI Scientific\",\"isPartOf\":{\"@id\":\"https:\/\/htiscientific.vn\/#website\"},\"primaryImageOfPage\":{\"@id\":\"https:\/\/htiscientific.vn\/san-pham\/may-quang-pho-tu-ngoai-kha-kien-lambda-1050-uv-vis-nir\/#primaryimage\"},\"image\":{\"@id\":\"https:\/\/htiscientific.vn\/san-pham\/may-quang-pho-tu-ngoai-kha-kien-lambda-1050-uv-vis-nir\/#primaryimage\"},\"thumbnailUrl\":\"https:\/\/htiscientific.vn\/wp-content\/uploads\/2025\/03\/700x700-lambda-spectrophotometers.png\",\"datePublished\":\"2025-03-27T09:18:57+00:00\",\"dateModified\":\"2025-05-07T07:06:03+00:00\",\"breadcrumb\":{\"@id\":\"https:\/\/htiscientific.vn\/san-pham\/may-quang-pho-tu-ngoai-kha-kien-lambda-1050-uv-vis-nir\/#breadcrumb\"},\"inLanguage\":\"en-US\",\"potentialAction\":[{\"@type\":\"ReadAction\",\"target\":[\"https:\/\/htiscientific.vn\/san-pham\/may-quang-pho-tu-ngoai-kha-kien-lambda-1050-uv-vis-nir\/\"]}]},{\"@type\":\"ImageObject\",\"inLanguage\":\"en-US\",\"@id\":\"https:\/\/htiscientific.vn\/san-pham\/may-quang-pho-tu-ngoai-kha-kien-lambda-1050-uv-vis-nir\/#primaryimage\",\"url\":\"https:\/\/htiscientific.vn\/wp-content\/uploads\/2025\/03\/700x700-lambda-spectrophotometers.png\",\"contentUrl\":\"https:\/\/htiscientific.vn\/wp-content\/uploads\/2025\/03\/700x700-lambda-spectrophotometers.png\",\"width\":700,\"height\":700},{\"@type\":\"BreadcrumbList\",\"@id\":\"https:\/\/htiscientific.vn\/san-pham\/may-quang-pho-tu-ngoai-kha-kien-lambda-1050-uv-vis-nir\/#breadcrumb\",\"itemListElement\":[{\"@type\":\"ListItem\",\"position\":1,\"name\":\"Trang ch\u1ee7\",\"item\":\"https:\/\/htiscientific.vn\/\"},{\"@type\":\"ListItem\",\"position\":2,\"name\":\"C\u1eeda h\u00e0ng\",\"item\":\"https:\/\/htiscientific.vn\/cua-hang\/\"},{\"@type\":\"ListItem\",\"position\":3,\"name\":\"Quang ph\u1ed5 ph\u00e2n t\u1eed\",\"item\":\"https:\/\/htiscientific.vn\/danh-muc-san-pham\/quang-pho-phan-tu\/\"},{\"@type\":\"ListItem\",\"position\":4,\"name\":\"Quang ph\u1ed5 t\u1eed ngo\u1ea1i kh\u1ea3 ki\u1ebfn UV-VIS\",\"item\":\"https:\/\/htiscientific.vn\/danh-muc-san-pham\/quang-pho-phan-tu\/quang-pho-tu-ngoai-kha-kien-uv-vis\/\"},{\"@type\":\"ListItem\",\"position\":5,\"name\":\"M\u00e1y quang ph\u1ed5 t\u1eed ngo\u1ea1i kh\u1ea3 ki\u1ebfn LAMBDA 1050+ UV\/VIS\/NIR\"}]},{\"@type\":\"WebSite\",\"@id\":\"https:\/\/htiscientific.vn\/#website\",\"url\":\"https:\/\/htiscientific.vn\/\",\"name\":\"HTI Scientific\",\"description\":\"HTI Scientific\",\"publisher\":{\"@id\":\"https:\/\/htiscientific.vn\/#organization\"},\"potentialAction\":[{\"@type\":\"SearchAction\",\"target\":{\"@type\":\"EntryPoint\",\"urlTemplate\":\"https:\/\/htiscientific.vn\/?s={search_term_string}\"},\"query-input\":{\"@type\":\"PropertyValueSpecification\",\"valueRequired\":true,\"valueName\":\"search_term_string\"}}],\"inLanguage\":\"en-US\"},{\"@type\":\"Organization\",\"@id\":\"https:\/\/htiscientific.vn\/#organization\",\"name\":\"HTI Scientific\",\"alternateName\":\"HTI Scientific\",\"url\":\"https:\/\/htiscientific.vn\/\",\"logo\":{\"@type\":\"ImageObject\",\"inLanguage\":\"en-US\",\"@id\":\"https:\/\/htiscientific.vn\/#\/schema\/logo\/image\/\",\"url\":\"https:\/\/htiscientific.vn\/wp-content\/uploads\/2025\/03\/ava-hti-copy.jpg\",\"contentUrl\":\"https:\/\/htiscientific.vn\/wp-content\/uploads\/2025\/03\/ava-hti-copy.jpg\",\"width\":700,\"height\":450,\"caption\":\"HTI Scientific\"},\"image\":{\"@id\":\"https:\/\/htiscientific.vn\/#\/schema\/logo\/image\/\"},\"sameAs\":[\"https:\/\/www.facebook.com\/htiscientific.vn\"]}]}<\/script>\n<!-- \/ Yoast SEO plugin. -->","yoast_head_json":{"title":"M\u00e1y quang ph\u1ed5 t\u1eed ngo\u1ea1i kh\u1ea3 ki\u1ebfn LAMBDA 1050+ UV\/VIS\/NIR - HTI Scientific","robots":{"index":"index","follow":"follow","max-snippet":"max-snippet:-1","max-image-preview":"max-image-preview:large","max-video-preview":"max-video-preview:-1"},"canonical":"https:\/\/htiscientific.vn\/en\/product\/may-quang-pho-tu-ngoai-kha-kien-lambda-1050-uv-vis-nir\/","og_locale":"en_US","og_type":"article","og_title":"M\u00e1y quang ph\u1ed5 t\u1eed ngo\u1ea1i kh\u1ea3 ki\u1ebfn LAMBDA 1050+ UV\/VIS\/NIR - HTI Scientific","og_description":"M\u00e1y quang ph\u1ed5 t\u1eed ngo\u1ea1i kh\u1ea3 ki\u1ebfn LAMBDA 1050+ UV\/Vis\/NIR PerkinElmer \u0111\u01b0\u1ee3c thi\u1ebft k\u1ebf \u0111\u1ec3 mang l\u1ea1i hi\u1ec7u su\u1ea5t v\u00e0 t\u00ednh linh ho\u1ea1t cao nh\u1ea5t \u0111\u1ec3 ph\u00e2n t\u00edch nhi\u1ec1u lo\u1ea1i m\u1eabu, bao g\u1ed3m ph\u00e2n t\u00edch l\u1edbp ph\u1ee7, k\u00ednh hi\u1ec7u su\u1ea5t cao, n\u0103ng l\u01b0\u1ee3ng m\u1eb7t tr\u1eddi c\u0169ng nh\u01b0 c\u00e1c v\u1eadt li\u1ec7u v\u00e0 linh ki\u1ec7n ti\u00ean ti\u1ebfn trong c\u1ea3 nghi\u00ean c\u1ee9u v\u00e0 s\u1ea3n xu\u1ea5t. LAMBDA 1050+ \u0111\u00e1p \u1ee9ng v\u00e0 c\u00f3 th\u1ec3 v\u01b0\u1ee3t c\u00e1c ti\u00eau chu\u1ea9n ng\u00e0nh v\u1ec1 hi\u1ec7u su\u1ea5t c\u1ef1c cao, t\u00ednh linh ho\u1ea1t v\u00e0 ti\u1ec7n l\u1ee3i. Th\u1ebf h\u1ec7 m\u1edbi nh\u1ea5t c\u1ee7a m\u00e1y quang ph\u1ed5 LAMBDA 1050+ \u0111\u01b0\u1ee3c thi\u1ebft k\u1ebf \u0111\u1ec3 mang l\u1ea1i t\u1ed1c \u0111\u1ed9 qu\u00e9t nhanh h\u01a1n, thi\u1ebft l\u1eadp thi\u1ebft b\u1ecb v\u00e0 th\u1eddi gian ph\u1ea3n h\u1ed3i t\u1ed1t h\u01a1n bao gi\u1edd h\u1ebft \u0111\u1ec3 t\u1ed1i \u0111a h\u00f3a n\u0103ng su\u1ea5t cho ph\u00f2ng th\u00ed nghi\u1ec7m c\u1ee7a b\u1ea1n.","og_url":"https:\/\/htiscientific.vn\/en\/product\/may-quang-pho-tu-ngoai-kha-kien-lambda-1050-uv-vis-nir\/","og_site_name":"HTI Scientific","article_publisher":"https:\/\/www.facebook.com\/htiscientific.vn","article_modified_time":"2025-05-07T07:06:03+00:00","og_image":[{"width":700,"height":700,"url":"https:\/\/htiscientific.vn\/wp-content\/uploads\/2025\/03\/700x700-lambda-spectrophotometers.png","type":"image\/png"}],"twitter_card":"summary_large_image","twitter_misc":{"Est. reading time":"3 minutes"},"schema":{"@context":"https:\/\/schema.org","@graph":[{"@type":"WebPage","@id":"https:\/\/htiscientific.vn\/san-pham\/may-quang-pho-tu-ngoai-kha-kien-lambda-1050-uv-vis-nir\/","url":"https:\/\/htiscientific.vn\/san-pham\/may-quang-pho-tu-ngoai-kha-kien-lambda-1050-uv-vis-nir\/","name":"M\u00e1y quang ph\u1ed5 t\u1eed ngo\u1ea1i kh\u1ea3 ki\u1ebfn LAMBDA 1050+ UV\/VIS\/NIR - HTI Scientific","isPartOf":{"@id":"https:\/\/htiscientific.vn\/#website"},"primaryImageOfPage":{"@id":"https:\/\/htiscientific.vn\/san-pham\/may-quang-pho-tu-ngoai-kha-kien-lambda-1050-uv-vis-nir\/#primaryimage"},"image":{"@id":"https:\/\/htiscientific.vn\/san-pham\/may-quang-pho-tu-ngoai-kha-kien-lambda-1050-uv-vis-nir\/#primaryimage"},"thumbnailUrl":"https:\/\/htiscientific.vn\/wp-content\/uploads\/2025\/03\/700x700-lambda-spectrophotometers.png","datePublished":"2025-03-27T09:18:57+00:00","dateModified":"2025-05-07T07:06:03+00:00","breadcrumb":{"@id":"https:\/\/htiscientific.vn\/san-pham\/may-quang-pho-tu-ngoai-kha-kien-lambda-1050-uv-vis-nir\/#breadcrumb"},"inLanguage":"en-US","potentialAction":[{"@type":"ReadAction","target":["https:\/\/htiscientific.vn\/san-pham\/may-quang-pho-tu-ngoai-kha-kien-lambda-1050-uv-vis-nir\/"]}]},{"@type":"ImageObject","inLanguage":"en-US","@id":"https:\/\/htiscientific.vn\/san-pham\/may-quang-pho-tu-ngoai-kha-kien-lambda-1050-uv-vis-nir\/#primaryimage","url":"https:\/\/htiscientific.vn\/wp-content\/uploads\/2025\/03\/700x700-lambda-spectrophotometers.png","contentUrl":"https:\/\/htiscientific.vn\/wp-content\/uploads\/2025\/03\/700x700-lambda-spectrophotometers.png","width":700,"height":700},{"@type":"BreadcrumbList","@id":"https:\/\/htiscientific.vn\/san-pham\/may-quang-pho-tu-ngoai-kha-kien-lambda-1050-uv-vis-nir\/#breadcrumb","itemListElement":[{"@type":"ListItem","position":1,"name":"Trang ch\u1ee7","item":"https:\/\/htiscientific.vn\/"},{"@type":"ListItem","position":2,"name":"C\u1eeda h\u00e0ng","item":"https:\/\/htiscientific.vn\/cua-hang\/"},{"@type":"ListItem","position":3,"name":"Quang ph\u1ed5 ph\u00e2n t\u1eed","item":"https:\/\/htiscientific.vn\/danh-muc-san-pham\/quang-pho-phan-tu\/"},{"@type":"ListItem","position":4,"name":"Quang ph\u1ed5 t\u1eed ngo\u1ea1i kh\u1ea3 ki\u1ebfn UV-VIS","item":"https:\/\/htiscientific.vn\/danh-muc-san-pham\/quang-pho-phan-tu\/quang-pho-tu-ngoai-kha-kien-uv-vis\/"},{"@type":"ListItem","position":5,"name":"M\u00e1y quang ph\u1ed5 t\u1eed ngo\u1ea1i kh\u1ea3 ki\u1ebfn LAMBDA 1050+ UV\/VIS\/NIR"}]},{"@type":"WebSite","@id":"https:\/\/htiscientific.vn\/#website","url":"https:\/\/htiscientific.vn\/","name":"HTI Scientific","description":"HTI Scientific","publisher":{"@id":"https:\/\/htiscientific.vn\/#organization"},"potentialAction":[{"@type":"SearchAction","target":{"@type":"EntryPoint","urlTemplate":"https:\/\/htiscientific.vn\/?s={search_term_string}"},"query-input":{"@type":"PropertyValueSpecification","valueRequired":true,"valueName":"search_term_string"}}],"inLanguage":"en-US"},{"@type":"Organization","@id":"https:\/\/htiscientific.vn\/#organization","name":"HTI Scientific","alternateName":"HTI Scientific","url":"https:\/\/htiscientific.vn\/","logo":{"@type":"ImageObject","inLanguage":"en-US","@id":"https:\/\/htiscientific.vn\/#\/schema\/logo\/image\/","url":"https:\/\/htiscientific.vn\/wp-content\/uploads\/2025\/03\/ava-hti-copy.jpg","contentUrl":"https:\/\/htiscientific.vn\/wp-content\/uploads\/2025\/03\/ava-hti-copy.jpg","width":700,"height":450,"caption":"HTI Scientific"},"image":{"@id":"https:\/\/htiscientific.vn\/#\/schema\/logo\/image\/"},"sameAs":["https:\/\/www.facebook.com\/htiscientific.vn"]}]}},"_links":{"self":[{"href":"https:\/\/htiscientific.vn\/en\/wp-json\/wp\/v2\/product\/912","targetHints":{"allow":["GET"]}}],"collection":[{"href":"https:\/\/htiscientific.vn\/en\/wp-json\/wp\/v2\/product"}],"about":[{"href":"https:\/\/htiscientific.vn\/en\/wp-json\/wp\/v2\/types\/product"}],"wp:featuredmedia":[{"embeddable":true,"href":"https:\/\/htiscientific.vn\/en\/wp-json\/wp\/v2\/media\/915"}],"wp:attachment":[{"href":"https:\/\/htiscientific.vn\/en\/wp-json\/wp\/v2\/media?parent=912"}],"wp:term":[{"taxonomy":"product_brand","embeddable":true,"href":"https:\/\/htiscientific.vn\/en\/wp-json\/wp\/v2\/product_brand?post=912"},{"taxonomy":"product_cat","embeddable":true,"href":"https:\/\/htiscientific.vn\/en\/wp-json\/wp\/v2\/product_cat?post=912"},{"taxonomy":"product_tag","embeddable":true,"href":"https:\/\/htiscientific.vn\/en\/wp-json\/wp\/v2\/product_tag?post=912"}],"curies":[{"name":"wp","href":"https:\/\/api.w.org\/{rel}","templated":true}]}}