{"id":910,"date":"2025-03-27T16:15:10","date_gmt":"2025-03-27T09:15:10","guid":{"rendered":"https:\/\/htiscientific.vn\/?post_type=product&#038;p=910"},"modified":"2025-03-27T16:15:39","modified_gmt":"2025-03-27T09:15:39","slug":"may-quang-pho-tu-ngoai-kha-kien-lambda-465-uv-vis","status":"publish","type":"product","link":"https:\/\/htiscientific.vn\/en\/product\/may-quang-pho-tu-ngoai-kha-kien-lambda-465-uv-vis\/","title":{"rendered":"M\u00e1y quang ph\u1ed5 t\u1eed ngo\u1ea1i kh\u1ea3 ki\u1ebfn LAMBDA 465 UV-VIS"},"content":{"rendered":"<div class=\"acf-field\">\n<p style=\"text-align: justify;\"><span style=\"color: #000000;\">M\u1ea3ng photodiode c\u1ef1c nhanh, hi\u1ec7u su\u1ea5t cao, \u0111\u00e1ng tin c\u1eady UV Vis<\/span><\/p>\n<p style=\"text-align: justify;\"><span style=\"color: #000000;\">C\u00f4ng ngh\u1ec7 \u0111\u1ea7u d\u00f2 PDA cho ph\u00e9p thu \u0111\u01b0\u1ee3c to\u00e0n ph\u1ed5 \u2013 t\u1eeb 1100 nm \u0111\u1ebfn 190 nm \u2013 ch\u1ec9 trong 20 mili gi\u00e2y. Ngo\u00e0i ra, h\u1ec7 th\u1ed1ng\u00a0<a style=\"color: #000000;\" href=\"https:\/\/www.perkinelmer.com\/Product\/lambda-465-spectrophotometer-uv-lab-n4100030\">m\u00e1y quang ph\u1ed5 t\u1eed ngo\u1ea1i kh\u1ea3 ki\u1ebfn LAMBDA 465 UV-VIS<\/a>\u00a0c\u00f3 \u0111\u1ed9 ph\u00e2n gi\u1ea3i quang h\u1ecdc 1nm, cho ph\u00e9p \u0111\u00e1p \u1ee9ng y\u00eau c\u1ea7u c\u1ee7a m\u1ed9t s\u1ed1 d\u01b0\u1ee3c \u0111i\u1ec3n. V\u1edbi ph\u1ea7n m\u1ec1m tu\u00e2n th\u1ee7 21 CFR ph\u1ea7n 11, \u0111\u00e2y l\u00e0 gi\u1ea3i ph\u00e1p l\u00fd t\u01b0\u1edfng cho qu\u00e1 tr\u00ecnh h\u00f2a tan, c\u00e1c qu\u00e1 tr\u00ecnh c\u00f3 \u0111\u1ed9ng h\u1ecdc ph\u1ea3n \u1ee9ng nhanh v\u00e0 c\u00e1c \u1ee9ng d\u1ee5ng kh\u00e1c c\u1ea7n qu\u00e9t \u1edf t\u1ed1c \u0111\u1ed9 v\u00e0 \u0111\u1ed9 ph\u00e2n gi\u1ea3i cao \u2013 \u0111\u1ed3ng th\u1eddi n\u00f3 c\u0169ng ho\u00e0n h\u1ea3o cho vi\u1ec7c ph\u00e1t tri\u1ec3n ph\u01b0\u01a1ng ph\u00e1p v\u00e0 ph\u00e2n t\u00edch m\u1eabu.<\/span><\/p>\n<p style=\"text-align: justify;\"><span style=\"color: #000000;\">\u0110\u1ec3 linh ho\u1ea1t trong vi\u1ec7c \u0111o m\u1eabu v\u1edbi \u0111\u1ed9 ph\u00e2n gi\u1ea3i cao v\u00e0 nhi\u1ec5u th\u1ea5p, h\u1ec7 th\u1ed1ng s\u1eed d\u1ee5ng 2 ch\u00f9m tia (vonfram v\u00e0 deuterium) trong c\u1ea5u h\u00ecnh \u0111o truy\u1ec1n qua, cung c\u1ea5p m\u1ee9c truy\u1ec1n n\u0103ng l\u01b0\u1ee3ng cao nh\u1ea5t c\u00f3 th\u1ec3 \u2013 m\u1ed9t y\u1ebfu t\u1ed1 quan tr\u1ecdng c\u1ea7n c\u00e2n nh\u1eafc khi s\u1eed d\u1ee5ng c\u00e1c ph\u1ee5 ki\u1ec7n \u1ea3nh h\u01b0\u1edfng \u0111\u1ebfn m\u1ee9c truy\u1ec1n n\u0103ng l\u01b0\u1ee3ng.<\/span><\/p>\n<\/div>\n<div class=\"acf-field\">\n<h4 style=\"text-align: justify;\"><span style=\"color: #000000;\"><strong>Specifications<\/strong><\/span><\/h4>\n<div class=\"pe_pdp_detatabl\">\n<table id=\"pe_pdp_tab_det\" style=\"width: 500px;\">\n<tbody>\n<tr style=\"text-align: justify;\">\n<th><span style=\"color: #000000;\">Ti\u00eau chu\u1ea9n 21 CFR Ph\u1ea7n\u00a0 11<\/span><\/th>\n<td><span style=\"color: #000000;\">Yes<\/span><\/td>\n<\/tr>\n<tr style=\"text-align: justify;\">\n<th><span style=\"color: #000000;\">Height<\/span><\/th>\n<td><span style=\"color: #000000;\">23.0 cm<\/span><\/td>\n<\/tr>\n<tr style=\"text-align: justify;\">\n<th><span style=\"color: #000000;\">Giao di\u1ec7n<\/span><\/th>\n<td><span style=\"color: #000000;\">Tungsten-halogen v\u00e0 Deuterium<\/span><\/td>\n<\/tr>\n<tr style=\"text-align: justify;\">\n<th><span style=\"color: #000000;\">Nhi\u1ec7t \u0111\u1ed9 t\u1ed1i \u0111a<\/span><\/th>\n<td><span style=\"color: #000000;\">35 \u00b0C<\/span><\/td>\n<\/tr>\n<tr style=\"text-align: justify;\">\n<th><span style=\"color: #000000;\">Nhi\u1ec7t \u0111\u1ed9 t\u1ed1i thi\u1ec3u<\/span><\/th>\n<td><span style=\"color: #000000;\">15 \u00b0C<\/span><\/td>\n<\/tr>\n<tr style=\"text-align: justify;\">\n<th><span style=\"color: #000000;\">T\u00ean model<\/span><\/th>\n<td><span style=\"color: #000000;\">LAMBDA 465<\/span><\/td>\n<\/tr>\n<tr style=\"text-align: justify;\">\n<th><span style=\"color: #000000;\">Kho\u1ea3ng ho\u1ea1t \u0111\u1ed9ng<\/span><\/th>\n<td><span style=\"color: #000000;\">190 \u2013 1100 nm<\/span><\/td>\n<\/tr>\n<tr style=\"text-align: justify;\">\n<th><span style=\"color: #000000;\">Kh\u1ea3 n\u0103ng di \u0111\u1ed9ng<\/span><\/th>\n<td><span style=\"color: #000000;\">Kh\u00f4ng<\/span><\/td>\n<\/tr>\n<tr style=\"text-align: justify;\">\n<th><span style=\"color: #000000;\">T\u00ean nh\u00e3n s\u1ea3n ph\u1ea9m<\/span><\/th>\n<td><span style=\"color: #000000;\">LAMBDA<\/span><\/td>\n<\/tr>\n<tr style=\"text-align: justify;\">\n<th><span style=\"color: #000000;\">L\u0129nh v\u1ef1c nghi\u00ean c\u1ee9u<\/span><\/th>\n<td><span style=\"color: #000000;\">Food &amp; Agriculture<\/span><\/td>\n<\/tr>\n<tr style=\"text-align: justify;\">\n<th><span style=\"color: #000000;\">Warranty<\/span><\/th>\n<td><span style=\"color: #000000;\">1 year<\/span><\/td>\n<\/tr>\n<tr style=\"text-align: justify;\">\n<th><span style=\"color: #000000;\">Kho\u1ea3ng b\u01b0\u1edbc s\u00f3ng<\/span><\/th>\n<td><span style=\"color: #000000;\">190 \u2013 1100 nm<\/span><\/td>\n<\/tr>\n<tr style=\"text-align: justify;\">\n<th><span style=\"color: #000000;\">Weight<\/span><\/th>\n<td><span style=\"color: #000000;\">16.0 kg<\/span><\/td>\n<\/tr>\n<tr>\n<th style=\"text-align: justify;\"><span style=\"color: #000000;\">Width<\/span><\/th>\n<td style=\"text-align: justify;\"><span style=\"color: #000000;\">45.0 cm<\/span><\/td>\n<\/tr>\n<\/tbody>\n<\/table>\n<\/div>\n<\/div>","protected":false},"excerpt":{"rendered":"<p style=\"text-align: justify;\"><span style=\"color: #000000;\">\u0110\u01b0\u1ee3c thi\u1ebft k\u1ebf \u0111\u1eb7c bi\u1ec7t cho nghi\u00ean c\u1ee9u chuy\u00ean s\u00e2u c\u0169ng nh\u01b0 c\u00e1c \u1ee9ng d\u1ee5ng th\u00f4ng th\u01b0\u1eddng v\u00e0 n\u0103ng su\u1ea5t cao, m\u00e1y quang ph\u1ed5 t\u1eed ngo\u1ea1i kh\u1ea3 ki\u1ebfn LAMBDA 465 UV-Vis v\u1edbi \u0111\u1ea7u d\u00f2 PDA c\u1ea3i ti\u1ebfn mang l\u1ea1i \u0111\u1ed9 tin c\u1eady t\u1ed1i \u0111a \u2013 \u0111\u1ec3 b\u1ea1n ho\u00e0n to\u00e0n y\u00ean t\u00e2m v\u1edbi k\u1ebft qu\u1ea3 c\u1ee7a m\u00ecnh.<\/span><\/p>","protected":false},"featured_media":911,"template":"","meta":{"inline_featured_image":false},"product_brand":[29],"product_cat":[63,65],"product_tag":[],"class_list":{"0":"post-910","1":"product","2":"type-product","3":"status-publish","4":"has-post-thumbnail","6":"product_brand-perkinelmer","7":"product_cat-quang-pho-phan-tu","8":"product_cat-quang-pho-tu-ngoai-kha-kien-uv-vis","10":"first","11":"instock","12":"shipping-taxable","13":"product-type-simple"},"yoast_head":"<!-- This site is optimized with the Yoast SEO plugin v24.7 - https:\/\/yoast.com\/wordpress\/plugins\/seo\/ -->\n<title>M\u00e1y quang ph\u1ed5 t\u1eed ngo\u1ea1i kh\u1ea3 ki\u1ebfn LAMBDA 465 UV-VIS - HTI Scientific<\/title>\n<meta name=\"robots\" content=\"index, follow, max-snippet:-1, max-image-preview:large, max-video-preview:-1\" \/>\n<link rel=\"canonical\" href=\"https:\/\/htiscientific.vn\/en\/product\/may-quang-pho-tu-ngoai-kha-kien-lambda-465-uv-vis\/\" \/>\n<meta property=\"og:locale\" content=\"en_US\" \/>\n<meta property=\"og:type\" content=\"article\" \/>\n<meta property=\"og:title\" content=\"M\u00e1y quang ph\u1ed5 t\u1eed ngo\u1ea1i kh\u1ea3 ki\u1ebfn LAMBDA 465 UV-VIS - HTI Scientific\" \/>\n<meta property=\"og:description\" content=\"\u0110\u01b0\u1ee3c thi\u1ebft k\u1ebf \u0111\u1eb7c bi\u1ec7t cho nghi\u00ean c\u1ee9u chuy\u00ean s\u00e2u c\u0169ng nh\u01b0 c\u00e1c \u1ee9ng d\u1ee5ng th\u00f4ng th\u01b0\u1eddng v\u00e0 n\u0103ng su\u1ea5t cao, m\u00e1y quang ph\u1ed5 t\u1eed ngo\u1ea1i kh\u1ea3 ki\u1ebfn LAMBDA 465 UV-Vis v\u1edbi \u0111\u1ea7u d\u00f2 PDA c\u1ea3i ti\u1ebfn mang l\u1ea1i \u0111\u1ed9 tin c\u1eady t\u1ed1i \u0111a \u2013 \u0111\u1ec3 b\u1ea1n ho\u00e0n to\u00e0n y\u00ean t\u00e2m v\u1edbi k\u1ebft qu\u1ea3 c\u1ee7a m\u00ecnh.\" \/>\n<meta property=\"og:url\" content=\"https:\/\/htiscientific.vn\/en\/product\/may-quang-pho-tu-ngoai-kha-kien-lambda-465-uv-vis\/\" \/>\n<meta property=\"og:site_name\" content=\"HTI Scientific\" \/>\n<meta property=\"article:publisher\" content=\"https:\/\/www.facebook.com\/htiscientific.vn\" \/>\n<meta property=\"article:modified_time\" content=\"2025-03-27T09:15:39+00:00\" \/>\n<meta property=\"og:image\" content=\"https:\/\/htiscientific.vn\/wp-content\/uploads\/2025\/03\/pe-lambda-465-left-320px.png\" \/>\n\t<meta property=\"og:image:width\" content=\"320\" \/>\n\t<meta property=\"og:image:height\" content=\"320\" \/>\n\t<meta property=\"og:image:type\" content=\"image\/png\" \/>\n<meta name=\"twitter:card\" content=\"summary_large_image\" \/>\n<meta name=\"twitter:label1\" content=\"Est. reading time\" \/>\n\t<meta name=\"twitter:data1\" content=\"2 minutes\" \/>\n<script type=\"application\/ld+json\" class=\"yoast-schema-graph\">{\"@context\":\"https:\/\/schema.org\",\"@graph\":[{\"@type\":\"WebPage\",\"@id\":\"https:\/\/htiscientific.vn\/san-pham\/may-quang-pho-tu-ngoai-kha-kien-lambda-465-uv-vis\/\",\"url\":\"https:\/\/htiscientific.vn\/san-pham\/may-quang-pho-tu-ngoai-kha-kien-lambda-465-uv-vis\/\",\"name\":\"M\u00e1y quang ph\u1ed5 t\u1eed ngo\u1ea1i kh\u1ea3 ki\u1ebfn LAMBDA 465 UV-VIS - HTI Scientific\",\"isPartOf\":{\"@id\":\"https:\/\/htiscientific.vn\/#website\"},\"primaryImageOfPage\":{\"@id\":\"https:\/\/htiscientific.vn\/san-pham\/may-quang-pho-tu-ngoai-kha-kien-lambda-465-uv-vis\/#primaryimage\"},\"image\":{\"@id\":\"https:\/\/htiscientific.vn\/san-pham\/may-quang-pho-tu-ngoai-kha-kien-lambda-465-uv-vis\/#primaryimage\"},\"thumbnailUrl\":\"https:\/\/htiscientific.vn\/wp-content\/uploads\/2025\/03\/pe-lambda-465-left-320px.png\",\"datePublished\":\"2025-03-27T09:15:10+00:00\",\"dateModified\":\"2025-03-27T09:15:39+00:00\",\"breadcrumb\":{\"@id\":\"https:\/\/htiscientific.vn\/san-pham\/may-quang-pho-tu-ngoai-kha-kien-lambda-465-uv-vis\/#breadcrumb\"},\"inLanguage\":\"en-US\",\"potentialAction\":[{\"@type\":\"ReadAction\",\"target\":[\"https:\/\/htiscientific.vn\/san-pham\/may-quang-pho-tu-ngoai-kha-kien-lambda-465-uv-vis\/\"]}]},{\"@type\":\"ImageObject\",\"inLanguage\":\"en-US\",\"@id\":\"https:\/\/htiscientific.vn\/san-pham\/may-quang-pho-tu-ngoai-kha-kien-lambda-465-uv-vis\/#primaryimage\",\"url\":\"https:\/\/htiscientific.vn\/wp-content\/uploads\/2025\/03\/pe-lambda-465-left-320px.png\",\"contentUrl\":\"https:\/\/htiscientific.vn\/wp-content\/uploads\/2025\/03\/pe-lambda-465-left-320px.png\",\"width\":320,\"height\":320},{\"@type\":\"BreadcrumbList\",\"@id\":\"https:\/\/htiscientific.vn\/san-pham\/may-quang-pho-tu-ngoai-kha-kien-lambda-465-uv-vis\/#breadcrumb\",\"itemListElement\":[{\"@type\":\"ListItem\",\"position\":1,\"name\":\"Trang ch\u1ee7\",\"item\":\"https:\/\/htiscientific.vn\/\"},{\"@type\":\"ListItem\",\"position\":2,\"name\":\"C\u1eeda h\u00e0ng\",\"item\":\"https:\/\/htiscientific.vn\/cua-hang\/\"},{\"@type\":\"ListItem\",\"position\":3,\"name\":\"Quang ph\u1ed5 ph\u00e2n t\u1eed\",\"item\":\"https:\/\/htiscientific.vn\/danh-muc-san-pham\/quang-pho-phan-tu\/\"},{\"@type\":\"ListItem\",\"position\":4,\"name\":\"Quang ph\u1ed5 t\u1eed ngo\u1ea1i kh\u1ea3 ki\u1ebfn UV-VIS\",\"item\":\"https:\/\/htiscientific.vn\/danh-muc-san-pham\/quang-pho-phan-tu\/quang-pho-tu-ngoai-kha-kien-uv-vis\/\"},{\"@type\":\"ListItem\",\"position\":5,\"name\":\"M\u00e1y quang ph\u1ed5 t\u1eed ngo\u1ea1i kh\u1ea3 ki\u1ebfn LAMBDA 465 UV-VIS\"}]},{\"@type\":\"WebSite\",\"@id\":\"https:\/\/htiscientific.vn\/#website\",\"url\":\"https:\/\/htiscientific.vn\/\",\"name\":\"HTI Scientific\",\"description\":\"HTI Scientific\",\"publisher\":{\"@id\":\"https:\/\/htiscientific.vn\/#organization\"},\"potentialAction\":[{\"@type\":\"SearchAction\",\"target\":{\"@type\":\"EntryPoint\",\"urlTemplate\":\"https:\/\/htiscientific.vn\/?s={search_term_string}\"},\"query-input\":{\"@type\":\"PropertyValueSpecification\",\"valueRequired\":true,\"valueName\":\"search_term_string\"}}],\"inLanguage\":\"en-US\"},{\"@type\":\"Organization\",\"@id\":\"https:\/\/htiscientific.vn\/#organization\",\"name\":\"HTI Scientific\",\"alternateName\":\"HTI Scientific\",\"url\":\"https:\/\/htiscientific.vn\/\",\"logo\":{\"@type\":\"ImageObject\",\"inLanguage\":\"en-US\",\"@id\":\"https:\/\/htiscientific.vn\/#\/schema\/logo\/image\/\",\"url\":\"https:\/\/htiscientific.vn\/wp-content\/uploads\/2025\/03\/ava-hti-copy.jpg\",\"contentUrl\":\"https:\/\/htiscientific.vn\/wp-content\/uploads\/2025\/03\/ava-hti-copy.jpg\",\"width\":700,\"height\":450,\"caption\":\"HTI Scientific\"},\"image\":{\"@id\":\"https:\/\/htiscientific.vn\/#\/schema\/logo\/image\/\"},\"sameAs\":[\"https:\/\/www.facebook.com\/htiscientific.vn\"]}]}<\/script>\n<!-- \/ Yoast SEO plugin. -->","yoast_head_json":{"title":"M\u00e1y quang ph\u1ed5 t\u1eed ngo\u1ea1i kh\u1ea3 ki\u1ebfn LAMBDA 465 UV-VIS - HTI Scientific","robots":{"index":"index","follow":"follow","max-snippet":"max-snippet:-1","max-image-preview":"max-image-preview:large","max-video-preview":"max-video-preview:-1"},"canonical":"https:\/\/htiscientific.vn\/en\/product\/may-quang-pho-tu-ngoai-kha-kien-lambda-465-uv-vis\/","og_locale":"en_US","og_type":"article","og_title":"M\u00e1y quang ph\u1ed5 t\u1eed ngo\u1ea1i kh\u1ea3 ki\u1ebfn LAMBDA 465 UV-VIS - HTI Scientific","og_description":"\u0110\u01b0\u1ee3c thi\u1ebft k\u1ebf \u0111\u1eb7c bi\u1ec7t cho nghi\u00ean c\u1ee9u chuy\u00ean s\u00e2u c\u0169ng nh\u01b0 c\u00e1c \u1ee9ng d\u1ee5ng th\u00f4ng th\u01b0\u1eddng v\u00e0 n\u0103ng su\u1ea5t cao, m\u00e1y quang ph\u1ed5 t\u1eed ngo\u1ea1i kh\u1ea3 ki\u1ebfn LAMBDA 465 UV-Vis v\u1edbi \u0111\u1ea7u d\u00f2 PDA c\u1ea3i ti\u1ebfn mang l\u1ea1i \u0111\u1ed9 tin c\u1eady t\u1ed1i \u0111a \u2013 \u0111\u1ec3 b\u1ea1n ho\u00e0n to\u00e0n y\u00ean t\u00e2m v\u1edbi k\u1ebft qu\u1ea3 c\u1ee7a m\u00ecnh.","og_url":"https:\/\/htiscientific.vn\/en\/product\/may-quang-pho-tu-ngoai-kha-kien-lambda-465-uv-vis\/","og_site_name":"HTI Scientific","article_publisher":"https:\/\/www.facebook.com\/htiscientific.vn","article_modified_time":"2025-03-27T09:15:39+00:00","og_image":[{"width":320,"height":320,"url":"https:\/\/htiscientific.vn\/wp-content\/uploads\/2025\/03\/pe-lambda-465-left-320px.png","type":"image\/png"}],"twitter_card":"summary_large_image","twitter_misc":{"Est. reading time":"2 minutes"},"schema":{"@context":"https:\/\/schema.org","@graph":[{"@type":"WebPage","@id":"https:\/\/htiscientific.vn\/san-pham\/may-quang-pho-tu-ngoai-kha-kien-lambda-465-uv-vis\/","url":"https:\/\/htiscientific.vn\/san-pham\/may-quang-pho-tu-ngoai-kha-kien-lambda-465-uv-vis\/","name":"M\u00e1y quang ph\u1ed5 t\u1eed ngo\u1ea1i kh\u1ea3 ki\u1ebfn LAMBDA 465 UV-VIS - HTI Scientific","isPartOf":{"@id":"https:\/\/htiscientific.vn\/#website"},"primaryImageOfPage":{"@id":"https:\/\/htiscientific.vn\/san-pham\/may-quang-pho-tu-ngoai-kha-kien-lambda-465-uv-vis\/#primaryimage"},"image":{"@id":"https:\/\/htiscientific.vn\/san-pham\/may-quang-pho-tu-ngoai-kha-kien-lambda-465-uv-vis\/#primaryimage"},"thumbnailUrl":"https:\/\/htiscientific.vn\/wp-content\/uploads\/2025\/03\/pe-lambda-465-left-320px.png","datePublished":"2025-03-27T09:15:10+00:00","dateModified":"2025-03-27T09:15:39+00:00","breadcrumb":{"@id":"https:\/\/htiscientific.vn\/san-pham\/may-quang-pho-tu-ngoai-kha-kien-lambda-465-uv-vis\/#breadcrumb"},"inLanguage":"en-US","potentialAction":[{"@type":"ReadAction","target":["https:\/\/htiscientific.vn\/san-pham\/may-quang-pho-tu-ngoai-kha-kien-lambda-465-uv-vis\/"]}]},{"@type":"ImageObject","inLanguage":"en-US","@id":"https:\/\/htiscientific.vn\/san-pham\/may-quang-pho-tu-ngoai-kha-kien-lambda-465-uv-vis\/#primaryimage","url":"https:\/\/htiscientific.vn\/wp-content\/uploads\/2025\/03\/pe-lambda-465-left-320px.png","contentUrl":"https:\/\/htiscientific.vn\/wp-content\/uploads\/2025\/03\/pe-lambda-465-left-320px.png","width":320,"height":320},{"@type":"BreadcrumbList","@id":"https:\/\/htiscientific.vn\/san-pham\/may-quang-pho-tu-ngoai-kha-kien-lambda-465-uv-vis\/#breadcrumb","itemListElement":[{"@type":"ListItem","position":1,"name":"Trang ch\u1ee7","item":"https:\/\/htiscientific.vn\/"},{"@type":"ListItem","position":2,"name":"C\u1eeda h\u00e0ng","item":"https:\/\/htiscientific.vn\/cua-hang\/"},{"@type":"ListItem","position":3,"name":"Quang ph\u1ed5 ph\u00e2n t\u1eed","item":"https:\/\/htiscientific.vn\/danh-muc-san-pham\/quang-pho-phan-tu\/"},{"@type":"ListItem","position":4,"name":"Quang ph\u1ed5 t\u1eed ngo\u1ea1i kh\u1ea3 ki\u1ebfn UV-VIS","item":"https:\/\/htiscientific.vn\/danh-muc-san-pham\/quang-pho-phan-tu\/quang-pho-tu-ngoai-kha-kien-uv-vis\/"},{"@type":"ListItem","position":5,"name":"M\u00e1y quang ph\u1ed5 t\u1eed ngo\u1ea1i kh\u1ea3 ki\u1ebfn LAMBDA 465 UV-VIS"}]},{"@type":"WebSite","@id":"https:\/\/htiscientific.vn\/#website","url":"https:\/\/htiscientific.vn\/","name":"HTI Scientific","description":"HTI Scientific","publisher":{"@id":"https:\/\/htiscientific.vn\/#organization"},"potentialAction":[{"@type":"SearchAction","target":{"@type":"EntryPoint","urlTemplate":"https:\/\/htiscientific.vn\/?s={search_term_string}"},"query-input":{"@type":"PropertyValueSpecification","valueRequired":true,"valueName":"search_term_string"}}],"inLanguage":"en-US"},{"@type":"Organization","@id":"https:\/\/htiscientific.vn\/#organization","name":"HTI Scientific","alternateName":"HTI Scientific","url":"https:\/\/htiscientific.vn\/","logo":{"@type":"ImageObject","inLanguage":"en-US","@id":"https:\/\/htiscientific.vn\/#\/schema\/logo\/image\/","url":"https:\/\/htiscientific.vn\/wp-content\/uploads\/2025\/03\/ava-hti-copy.jpg","contentUrl":"https:\/\/htiscientific.vn\/wp-content\/uploads\/2025\/03\/ava-hti-copy.jpg","width":700,"height":450,"caption":"HTI Scientific"},"image":{"@id":"https:\/\/htiscientific.vn\/#\/schema\/logo\/image\/"},"sameAs":["https:\/\/www.facebook.com\/htiscientific.vn"]}]}},"_links":{"self":[{"href":"https:\/\/htiscientific.vn\/en\/wp-json\/wp\/v2\/product\/910","targetHints":{"allow":["GET"]}}],"collection":[{"href":"https:\/\/htiscientific.vn\/en\/wp-json\/wp\/v2\/product"}],"about":[{"href":"https:\/\/htiscientific.vn\/en\/wp-json\/wp\/v2\/types\/product"}],"wp:featuredmedia":[{"embeddable":true,"href":"https:\/\/htiscientific.vn\/en\/wp-json\/wp\/v2\/media\/911"}],"wp:attachment":[{"href":"https:\/\/htiscientific.vn\/en\/wp-json\/wp\/v2\/media?parent=910"}],"wp:term":[{"taxonomy":"product_brand","embeddable":true,"href":"https:\/\/htiscientific.vn\/en\/wp-json\/wp\/v2\/product_brand?post=910"},{"taxonomy":"product_cat","embeddable":true,"href":"https:\/\/htiscientific.vn\/en\/wp-json\/wp\/v2\/product_cat?post=910"},{"taxonomy":"product_tag","embeddable":true,"href":"https:\/\/htiscientific.vn\/en\/wp-json\/wp\/v2\/product_tag?post=910"}],"curies":[{"name":"wp","href":"https:\/\/api.w.org\/{rel}","templated":true}]}}