{"id":908,"date":"2025-03-27T16:12:51","date_gmt":"2025-03-27T09:12:51","guid":{"rendered":"https:\/\/htiscientific.vn\/?post_type=product&#038;p=908"},"modified":"2025-03-27T16:12:51","modified_gmt":"2025-03-27T09:12:51","slug":"may-quang-pho-tu-ngoai-kha-kien-lambda-265-uv-vis","status":"publish","type":"product","link":"https:\/\/htiscientific.vn\/en\/product\/may-quang-pho-tu-ngoai-kha-kien-lambda-265-uv-vis\/","title":{"rendered":"M\u00e1y quang ph\u1ed5 t\u1eed ngo\u1ea1i kh\u1ea3 ki\u1ebfn LAMBDA 265 UV-VIS"},"content":{"rendered":"<div class=\"acf-field\">\n<p style=\"text-align: justify;\"><span style=\"color: #000000;\">M\u1ea3ng photodiode UV\/VIS nhanh, d\u1ec5 s\u1eed d\u1ee5ng, gi\u00e1 c\u1ea3 ph\u1ea3i ch\u0103ng<\/span><\/p>\n<p style=\"text-align: justify;\"><span style=\"color: #000000;\">\u0110\u1ea7u d\u00f2 d\u00e3y \u0111i-\u1ed1t quang (PDA) c\u1ee7a n\u00f3 cho ph\u00e9p thu \u0111\u01b0\u1ee3c d\u1eef li\u1ec7u \u0111\u1ed3ng th\u1eddi tr\u00ean to\u00e0n b\u1ed9 d\u1ea3i b\u01b0\u1edbc s\u00f3ng \u2013 t\u1eeb 190nm \u0111\u1ebfn 1100nm. Trong v\u00e0i gi\u00e2y, qu\u00e1 tr\u00ecnh x\u1eed l\u00fd c\u1ee7a b\u1ea1n s\u1ebd ho\u00e0n t\u1ea5t. Ngo\u00e0i ra, thi\u1ebft k\u1ebf m\u00f4-\u0111un m\u1ea1nh m\u1ebd c\u1ee7a\u00a0<a style=\"color: #000000;\" href=\"https:\/\/www.perkinelmer.com\/product\/lambda-265-spectrophotometer-uv-lab-n4100010\">m\u00e1y quang ph\u1ed5 t\u1eed ngo\u1ea1i kh\u1ea3 ki\u1ebfn LAMBDA 265<\/a>, kh\u00f4ng c\u00f3 b\u1ed9 ph\u1eadn chuy\u1ec3n \u0111\u1ed9ng, l\u00fd t\u01b0\u1edfng cho m\u1ecdi ph\u00f2ng th\u00ed nghi\u1ec7m. \u0110\u00e8n flash Xenon n\u0103ng l\u01b0\u1ee3ng cao ch\u1ec9 ho\u1ea1t \u0111\u1ed9ng khi thu \u0111\u01b0\u1ee3c quang ph\u1ed5 v\u00e0 mang l\u1ea1i nhi\u1ec1u n\u0103m ho\u1ea1t \u0111\u1ed9ng kh\u00f4ng c\u1ea7n lo l\u1eafng c\u0169ng nh\u01b0 chi ph\u00ed s\u1edf h\u1eefu th\u1ea5p. V\u00e0 k\u00edch th\u01b0\u1edbc nh\u1ecf g\u1ecdn c\u1ee7a h\u1ec7 th\u1ed1ng gi\u00fap b\u1ea1n d\u1ec5 d\u00e0ng di chuy\u1ec3n v\u00e0 s\u1eafp \u0111\u1eb7t.<\/span><\/p>\n<\/div>\n<div class=\"acf-field\">\n<h4 style=\"text-align: justify;\"><span style=\"color: #000000;\"><strong>Specifications<\/strong><\/span><\/h4>\n<div class=\"pe_pdp_detatabl\">\n<table id=\"pe_pdp_tab_det\" style=\"width: 500px;\">\n<tbody>\n<tr style=\"text-align: justify;\">\n<th><span style=\"color: #000000;\">Height<\/span><\/th>\n<td><span style=\"color: #000000;\">11.0 cm<\/span><\/td>\n<\/tr>\n<tr style=\"text-align: justify;\">\n<th><span style=\"color: #000000;\">Giao di\u1ec7n<\/span><\/th>\n<td><span style=\"color: #000000;\">Xenon Flash<\/span><\/td>\n<\/tr>\n<tr style=\"text-align: justify;\">\n<th><span style=\"color: #000000;\">Nhi\u1ec7t \u0111\u1ed9 t\u1ed1i \u0111a<\/span><\/th>\n<td><span style=\"color: #000000;\">35 \u00b0C<\/span><\/td>\n<\/tr>\n<tr style=\"text-align: justify;\">\n<th><span style=\"color: #000000;\">Nhi\u1ec7t \u0111\u1ed9 t\u1ed1i thi\u1ec3u<\/span><\/th>\n<td><span style=\"color: #000000;\">15 \u00b0C<\/span><\/td>\n<\/tr>\n<tr style=\"text-align: justify;\">\n<th><span style=\"color: #000000;\">T\u00ean model<\/span><\/th>\n<td><span style=\"color: #000000;\">LAMBDA 265<\/span><\/td>\n<\/tr>\n<tr style=\"text-align: justify;\">\n<th><span style=\"color: #000000;\">Kho\u1ea3ng ho\u1ea1t \u0111\u1ed9ng<\/span><\/th>\n<td><span style=\"color: #000000;\">190 \u2013 1100 nm<\/span><\/td>\n<\/tr>\n<tr style=\"text-align: justify;\">\n<th><span style=\"color: #000000;\">Kh\u1ea3 n\u0103ng di \u0111\u1ed9ng<\/span><\/th>\n<td><span style=\"color: #000000;\">No<\/span><\/td>\n<\/tr>\n<tr style=\"text-align: justify;\">\n<th><span style=\"color: #000000;\">T\u1ec5n nh\u00e3n s\u1ea3n ph\u1ea9m<\/span><\/th>\n<td><span style=\"color: #000000;\">LAMBDA<\/span><\/td>\n<\/tr>\n<tr style=\"text-align: justify;\">\n<th><span style=\"color: #000000;\">L\u0129nh v\u1ef1c nghi\u00ean c\u1ee9u<\/span><\/th>\n<td><span style=\"color: #000000;\">Th\u1ef1c ph\u1ea9m &amp; N\u00f4ng nghi\u1ec7p<\/span><\/td>\n<\/tr>\n<tr style=\"text-align: justify;\">\n<th><span style=\"color: #000000;\">Warranty<\/span><\/th>\n<td><span style=\"color: #000000;\">1 year<\/span><\/td>\n<\/tr>\n<tr style=\"text-align: justify;\">\n<th><span style=\"color: #000000;\">Weight<\/span><\/th>\n<td><span style=\"color: #000000;\">6.6 kg<\/span><\/td>\n<\/tr>\n<tr>\n<th style=\"text-align: justify;\"><span style=\"color: #000000;\">Chi\u1ec1u s\u00e2u<\/span><\/th>\n<td style=\"text-align: justify;\"><span style=\"color: #000000;\">32.0 cm<\/span><\/td>\n<\/tr>\n<\/tbody>\n<\/table>\n<\/div>\n<\/div>","protected":false},"excerpt":{"rendered":"<p><span style=\"color: #000000;\">V\u1edbi kh\u1ea3 n\u0103ng thu th\u1eadp d\u1eef li\u1ec7u c\u1ef1c nhanh v\u00e0 \u0111\u1ed9 tin c\u1eady t\u1ed1i \u0111a, M\u00e1y quang ph\u1ed5 t\u1eed ngo\u1ea1i kh\u1ea3 ki\u1ebfn LAMBDA 265 UV-VIS l\u00e0 h\u1ec7 th\u1ed1ng l\u00fd t\u01b0\u1edfng cho nhi\u1ec1u \u1ee9ng d\u1ee5ng R&amp;D v\u00e0 QA\/QC, \u0111\u1ed3ng th\u1eddi thi\u1ebft k\u1ebf nh\u1ecf g\u1ecdn, chi\u1ebfm \u00edt kh\u00f4ng gian.<\/span><\/p>","protected":false},"featured_media":909,"template":"","meta":{"inline_featured_image":false},"product_brand":[29],"product_cat":[63,65],"product_tag":[],"class_list":{"0":"post-908","1":"product","2":"type-product","3":"status-publish","4":"has-post-thumbnail","6":"product_brand-perkinelmer","7":"product_cat-quang-pho-phan-tu","8":"product_cat-quang-pho-tu-ngoai-kha-kien-uv-vis","10":"first","11":"instock","12":"shipping-taxable","13":"product-type-simple"},"yoast_head":"<!-- This site is optimized with the Yoast SEO plugin v24.7 - https:\/\/yoast.com\/wordpress\/plugins\/seo\/ -->\n<title>M\u00e1y quang ph\u1ed5 t\u1eed ngo\u1ea1i kh\u1ea3 ki\u1ebfn LAMBDA 265 UV-VIS - HTI Scientific<\/title>\n<meta name=\"robots\" content=\"index, follow, max-snippet:-1, max-image-preview:large, max-video-preview:-1\" \/>\n<link rel=\"canonical\" href=\"https:\/\/htiscientific.vn\/en\/product\/may-quang-pho-tu-ngoai-kha-kien-lambda-265-uv-vis\/\" \/>\n<meta property=\"og:locale\" content=\"en_US\" \/>\n<meta property=\"og:type\" content=\"article\" \/>\n<meta property=\"og:title\" content=\"M\u00e1y quang ph\u1ed5 t\u1eed ngo\u1ea1i kh\u1ea3 ki\u1ebfn LAMBDA 265 UV-VIS - HTI Scientific\" \/>\n<meta property=\"og:description\" content=\"V\u1edbi kh\u1ea3 n\u0103ng thu th\u1eadp d\u1eef li\u1ec7u c\u1ef1c nhanh v\u00e0 \u0111\u1ed9 tin c\u1eady t\u1ed1i \u0111a, M\u00e1y quang ph\u1ed5 t\u1eed ngo\u1ea1i kh\u1ea3 ki\u1ebfn LAMBDA 265 UV-VIS l\u00e0 h\u1ec7 th\u1ed1ng l\u00fd t\u01b0\u1edfng cho nhi\u1ec1u \u1ee9ng d\u1ee5ng R&amp;D v\u00e0 QA\/QC, \u0111\u1ed3ng th\u1eddi thi\u1ebft k\u1ebf nh\u1ecf g\u1ecdn, chi\u1ebfm \u00edt kh\u00f4ng gian.\" \/>\n<meta property=\"og:url\" content=\"https:\/\/htiscientific.vn\/en\/product\/may-quang-pho-tu-ngoai-kha-kien-lambda-265-uv-vis\/\" \/>\n<meta property=\"og:site_name\" content=\"HTI Scientific\" \/>\n<meta property=\"article:publisher\" content=\"https:\/\/www.facebook.com\/htiscientific.vn\" \/>\n<meta property=\"og:image\" content=\"https:\/\/htiscientific.vn\/wp-content\/uploads\/2025\/03\/pe-lambda-265-320px.png\" \/>\n\t<meta property=\"og:image:width\" content=\"320\" \/>\n\t<meta property=\"og:image:height\" content=\"320\" \/>\n\t<meta property=\"og:image:type\" content=\"image\/png\" \/>\n<meta name=\"twitter:card\" content=\"summary_large_image\" \/>\n<meta name=\"twitter:label1\" content=\"Est. reading time\" \/>\n\t<meta name=\"twitter:data1\" content=\"2 minutes\" \/>\n<script type=\"application\/ld+json\" class=\"yoast-schema-graph\">{\"@context\":\"https:\/\/schema.org\",\"@graph\":[{\"@type\":\"WebPage\",\"@id\":\"https:\/\/htiscientific.vn\/san-pham\/may-quang-pho-tu-ngoai-kha-kien-lambda-265-uv-vis\/\",\"url\":\"https:\/\/htiscientific.vn\/san-pham\/may-quang-pho-tu-ngoai-kha-kien-lambda-265-uv-vis\/\",\"name\":\"M\u00e1y quang ph\u1ed5 t\u1eed ngo\u1ea1i kh\u1ea3 ki\u1ebfn LAMBDA 265 UV-VIS - HTI Scientific\",\"isPartOf\":{\"@id\":\"https:\/\/htiscientific.vn\/#website\"},\"primaryImageOfPage\":{\"@id\":\"https:\/\/htiscientific.vn\/san-pham\/may-quang-pho-tu-ngoai-kha-kien-lambda-265-uv-vis\/#primaryimage\"},\"image\":{\"@id\":\"https:\/\/htiscientific.vn\/san-pham\/may-quang-pho-tu-ngoai-kha-kien-lambda-265-uv-vis\/#primaryimage\"},\"thumbnailUrl\":\"https:\/\/htiscientific.vn\/wp-content\/uploads\/2025\/03\/pe-lambda-265-320px.png\",\"datePublished\":\"2025-03-27T09:12:51+00:00\",\"breadcrumb\":{\"@id\":\"https:\/\/htiscientific.vn\/san-pham\/may-quang-pho-tu-ngoai-kha-kien-lambda-265-uv-vis\/#breadcrumb\"},\"inLanguage\":\"en-US\",\"potentialAction\":[{\"@type\":\"ReadAction\",\"target\":[\"https:\/\/htiscientific.vn\/san-pham\/may-quang-pho-tu-ngoai-kha-kien-lambda-265-uv-vis\/\"]}]},{\"@type\":\"ImageObject\",\"inLanguage\":\"en-US\",\"@id\":\"https:\/\/htiscientific.vn\/san-pham\/may-quang-pho-tu-ngoai-kha-kien-lambda-265-uv-vis\/#primaryimage\",\"url\":\"https:\/\/htiscientific.vn\/wp-content\/uploads\/2025\/03\/pe-lambda-265-320px.png\",\"contentUrl\":\"https:\/\/htiscientific.vn\/wp-content\/uploads\/2025\/03\/pe-lambda-265-320px.png\",\"width\":320,\"height\":320},{\"@type\":\"BreadcrumbList\",\"@id\":\"https:\/\/htiscientific.vn\/san-pham\/may-quang-pho-tu-ngoai-kha-kien-lambda-265-uv-vis\/#breadcrumb\",\"itemListElement\":[{\"@type\":\"ListItem\",\"position\":1,\"name\":\"Trang ch\u1ee7\",\"item\":\"https:\/\/htiscientific.vn\/\"},{\"@type\":\"ListItem\",\"position\":2,\"name\":\"C\u1eeda h\u00e0ng\",\"item\":\"https:\/\/htiscientific.vn\/cua-hang\/\"},{\"@type\":\"ListItem\",\"position\":3,\"name\":\"Quang ph\u1ed5 ph\u00e2n t\u1eed\",\"item\":\"https:\/\/htiscientific.vn\/danh-muc-san-pham\/quang-pho-phan-tu\/\"},{\"@type\":\"ListItem\",\"position\":4,\"name\":\"Quang ph\u1ed5 t\u1eed ngo\u1ea1i kh\u1ea3 ki\u1ebfn UV-VIS\",\"item\":\"https:\/\/htiscientific.vn\/danh-muc-san-pham\/quang-pho-phan-tu\/quang-pho-tu-ngoai-kha-kien-uv-vis\/\"},{\"@type\":\"ListItem\",\"position\":5,\"name\":\"M\u00e1y quang ph\u1ed5 t\u1eed ngo\u1ea1i kh\u1ea3 ki\u1ebfn LAMBDA 265 UV-VIS\"}]},{\"@type\":\"WebSite\",\"@id\":\"https:\/\/htiscientific.vn\/#website\",\"url\":\"https:\/\/htiscientific.vn\/\",\"name\":\"HTI Scientific\",\"description\":\"HTI Scientific\",\"publisher\":{\"@id\":\"https:\/\/htiscientific.vn\/#organization\"},\"potentialAction\":[{\"@type\":\"SearchAction\",\"target\":{\"@type\":\"EntryPoint\",\"urlTemplate\":\"https:\/\/htiscientific.vn\/?s={search_term_string}\"},\"query-input\":{\"@type\":\"PropertyValueSpecification\",\"valueRequired\":true,\"valueName\":\"search_term_string\"}}],\"inLanguage\":\"en-US\"},{\"@type\":\"Organization\",\"@id\":\"https:\/\/htiscientific.vn\/#organization\",\"name\":\"HTI Scientific\",\"alternateName\":\"HTI Scientific\",\"url\":\"https:\/\/htiscientific.vn\/\",\"logo\":{\"@type\":\"ImageObject\",\"inLanguage\":\"en-US\",\"@id\":\"https:\/\/htiscientific.vn\/#\/schema\/logo\/image\/\",\"url\":\"https:\/\/htiscientific.vn\/wp-content\/uploads\/2025\/03\/ava-hti-copy.jpg\",\"contentUrl\":\"https:\/\/htiscientific.vn\/wp-content\/uploads\/2025\/03\/ava-hti-copy.jpg\",\"width\":700,\"height\":450,\"caption\":\"HTI Scientific\"},\"image\":{\"@id\":\"https:\/\/htiscientific.vn\/#\/schema\/logo\/image\/\"},\"sameAs\":[\"https:\/\/www.facebook.com\/htiscientific.vn\"]}]}<\/script>\n<!-- \/ Yoast SEO plugin. -->","yoast_head_json":{"title":"M\u00e1y quang ph\u1ed5 t\u1eed ngo\u1ea1i kh\u1ea3 ki\u1ebfn LAMBDA 265 UV-VIS - HTI Scientific","robots":{"index":"index","follow":"follow","max-snippet":"max-snippet:-1","max-image-preview":"max-image-preview:large","max-video-preview":"max-video-preview:-1"},"canonical":"https:\/\/htiscientific.vn\/en\/product\/may-quang-pho-tu-ngoai-kha-kien-lambda-265-uv-vis\/","og_locale":"en_US","og_type":"article","og_title":"M\u00e1y quang ph\u1ed5 t\u1eed ngo\u1ea1i kh\u1ea3 ki\u1ebfn LAMBDA 265 UV-VIS - HTI Scientific","og_description":"V\u1edbi kh\u1ea3 n\u0103ng thu th\u1eadp d\u1eef li\u1ec7u c\u1ef1c nhanh v\u00e0 \u0111\u1ed9 tin c\u1eady t\u1ed1i \u0111a, M\u00e1y quang ph\u1ed5 t\u1eed ngo\u1ea1i kh\u1ea3 ki\u1ebfn LAMBDA 265 UV-VIS l\u00e0 h\u1ec7 th\u1ed1ng l\u00fd t\u01b0\u1edfng cho nhi\u1ec1u \u1ee9ng d\u1ee5ng R&amp;D v\u00e0 QA\/QC, \u0111\u1ed3ng th\u1eddi thi\u1ebft k\u1ebf nh\u1ecf g\u1ecdn, chi\u1ebfm \u00edt kh\u00f4ng gian.","og_url":"https:\/\/htiscientific.vn\/en\/product\/may-quang-pho-tu-ngoai-kha-kien-lambda-265-uv-vis\/","og_site_name":"HTI Scientific","article_publisher":"https:\/\/www.facebook.com\/htiscientific.vn","og_image":[{"width":320,"height":320,"url":"https:\/\/htiscientific.vn\/wp-content\/uploads\/2025\/03\/pe-lambda-265-320px.png","type":"image\/png"}],"twitter_card":"summary_large_image","twitter_misc":{"Est. reading time":"2 minutes"},"schema":{"@context":"https:\/\/schema.org","@graph":[{"@type":"WebPage","@id":"https:\/\/htiscientific.vn\/san-pham\/may-quang-pho-tu-ngoai-kha-kien-lambda-265-uv-vis\/","url":"https:\/\/htiscientific.vn\/san-pham\/may-quang-pho-tu-ngoai-kha-kien-lambda-265-uv-vis\/","name":"M\u00e1y quang ph\u1ed5 t\u1eed ngo\u1ea1i kh\u1ea3 ki\u1ebfn LAMBDA 265 UV-VIS - HTI Scientific","isPartOf":{"@id":"https:\/\/htiscientific.vn\/#website"},"primaryImageOfPage":{"@id":"https:\/\/htiscientific.vn\/san-pham\/may-quang-pho-tu-ngoai-kha-kien-lambda-265-uv-vis\/#primaryimage"},"image":{"@id":"https:\/\/htiscientific.vn\/san-pham\/may-quang-pho-tu-ngoai-kha-kien-lambda-265-uv-vis\/#primaryimage"},"thumbnailUrl":"https:\/\/htiscientific.vn\/wp-content\/uploads\/2025\/03\/pe-lambda-265-320px.png","datePublished":"2025-03-27T09:12:51+00:00","breadcrumb":{"@id":"https:\/\/htiscientific.vn\/san-pham\/may-quang-pho-tu-ngoai-kha-kien-lambda-265-uv-vis\/#breadcrumb"},"inLanguage":"en-US","potentialAction":[{"@type":"ReadAction","target":["https:\/\/htiscientific.vn\/san-pham\/may-quang-pho-tu-ngoai-kha-kien-lambda-265-uv-vis\/"]}]},{"@type":"ImageObject","inLanguage":"en-US","@id":"https:\/\/htiscientific.vn\/san-pham\/may-quang-pho-tu-ngoai-kha-kien-lambda-265-uv-vis\/#primaryimage","url":"https:\/\/htiscientific.vn\/wp-content\/uploads\/2025\/03\/pe-lambda-265-320px.png","contentUrl":"https:\/\/htiscientific.vn\/wp-content\/uploads\/2025\/03\/pe-lambda-265-320px.png","width":320,"height":320},{"@type":"BreadcrumbList","@id":"https:\/\/htiscientific.vn\/san-pham\/may-quang-pho-tu-ngoai-kha-kien-lambda-265-uv-vis\/#breadcrumb","itemListElement":[{"@type":"ListItem","position":1,"name":"Trang ch\u1ee7","item":"https:\/\/htiscientific.vn\/"},{"@type":"ListItem","position":2,"name":"C\u1eeda h\u00e0ng","item":"https:\/\/htiscientific.vn\/cua-hang\/"},{"@type":"ListItem","position":3,"name":"Quang ph\u1ed5 ph\u00e2n t\u1eed","item":"https:\/\/htiscientific.vn\/danh-muc-san-pham\/quang-pho-phan-tu\/"},{"@type":"ListItem","position":4,"name":"Quang ph\u1ed5 t\u1eed ngo\u1ea1i kh\u1ea3 ki\u1ebfn UV-VIS","item":"https:\/\/htiscientific.vn\/danh-muc-san-pham\/quang-pho-phan-tu\/quang-pho-tu-ngoai-kha-kien-uv-vis\/"},{"@type":"ListItem","position":5,"name":"M\u00e1y quang ph\u1ed5 t\u1eed ngo\u1ea1i kh\u1ea3 ki\u1ebfn LAMBDA 265 UV-VIS"}]},{"@type":"WebSite","@id":"https:\/\/htiscientific.vn\/#website","url":"https:\/\/htiscientific.vn\/","name":"HTI Scientific","description":"HTI Scientific","publisher":{"@id":"https:\/\/htiscientific.vn\/#organization"},"potentialAction":[{"@type":"SearchAction","target":{"@type":"EntryPoint","urlTemplate":"https:\/\/htiscientific.vn\/?s={search_term_string}"},"query-input":{"@type":"PropertyValueSpecification","valueRequired":true,"valueName":"search_term_string"}}],"inLanguage":"en-US"},{"@type":"Organization","@id":"https:\/\/htiscientific.vn\/#organization","name":"HTI Scientific","alternateName":"HTI Scientific","url":"https:\/\/htiscientific.vn\/","logo":{"@type":"ImageObject","inLanguage":"en-US","@id":"https:\/\/htiscientific.vn\/#\/schema\/logo\/image\/","url":"https:\/\/htiscientific.vn\/wp-content\/uploads\/2025\/03\/ava-hti-copy.jpg","contentUrl":"https:\/\/htiscientific.vn\/wp-content\/uploads\/2025\/03\/ava-hti-copy.jpg","width":700,"height":450,"caption":"HTI Scientific"},"image":{"@id":"https:\/\/htiscientific.vn\/#\/schema\/logo\/image\/"},"sameAs":["https:\/\/www.facebook.com\/htiscientific.vn"]}]}},"_links":{"self":[{"href":"https:\/\/htiscientific.vn\/en\/wp-json\/wp\/v2\/product\/908","targetHints":{"allow":["GET"]}}],"collection":[{"href":"https:\/\/htiscientific.vn\/en\/wp-json\/wp\/v2\/product"}],"about":[{"href":"https:\/\/htiscientific.vn\/en\/wp-json\/wp\/v2\/types\/product"}],"wp:featuredmedia":[{"embeddable":true,"href":"https:\/\/htiscientific.vn\/en\/wp-json\/wp\/v2\/media\/909"}],"wp:attachment":[{"href":"https:\/\/htiscientific.vn\/en\/wp-json\/wp\/v2\/media?parent=908"}],"wp:term":[{"taxonomy":"product_brand","embeddable":true,"href":"https:\/\/htiscientific.vn\/en\/wp-json\/wp\/v2\/product_brand?post=908"},{"taxonomy":"product_cat","embeddable":true,"href":"https:\/\/htiscientific.vn\/en\/wp-json\/wp\/v2\/product_cat?post=908"},{"taxonomy":"product_tag","embeddable":true,"href":"https:\/\/htiscientific.vn\/en\/wp-json\/wp\/v2\/product_tag?post=908"}],"curies":[{"name":"wp","href":"https:\/\/api.w.org\/{rel}","templated":true}]}}