{"id":906,"date":"2025-03-27T16:05:53","date_gmt":"2025-03-27T09:05:53","guid":{"rendered":"https:\/\/htiscientific.vn\/?post_type=product&#038;p=906"},"modified":"2025-03-27T16:10:38","modified_gmt":"2025-03-27T09:10:38","slug":"phan-mem-spectrum-10-std","status":"publish","type":"product","link":"https:\/\/htiscientific.vn\/en\/product\/phan-mem-spectrum-10-std\/","title":{"rendered":"Ph\u1ea7n m\u1ec1m Spectrum 10 STD"},"content":{"rendered":"<div class=\"acf-field\">\n<p style=\"text-align: justify;\"><span style=\"color: #000000;\">PerkinElmer Spectrum\u2122 10 l\u00e0 n\u1ec1n t\u1ea3ng ph\u1ea7n m\u1ec1m quang ph\u1ed5 h\u1ed3ng ngo\u1ea1i d\u00e0nh cho c\u00e1c thi\u1ebft b\u1ecb PerkinElmer Spectrum Two v\u00e0 Frontier, c\u00f3 hai c\u1ea5u h\u00ecnh:<\/span><\/p>\n<ul>\n<li><span style=\"color: #000000;\"><a style=\"color: #000000;\" href=\"https:\/\/www.perkinelmer.com\/Product\/software-kit-spectrum-10-lx108873\">Spectrum 10 STD<\/a>\u00a0\u2013 Ti\u00eau chu\u1ea9n<\/span><\/li>\n<li><span style=\"color: #000000;\">Spectrum 10 ES \u2013 T\u0103ng c\u01b0\u1eddng b\u1ea3o m\u1eadt \u0111\u1ec3 tu\u00e2n th\u1ee7 quy \u0111\u1ecbnh<\/span><\/li>\n<li style=\"list-style-type: none;\"><\/li>\n<\/ul>\n<p style=\"text-align: justify;\"><span style=\"color: #000000;\">C\u00e1c g\u00f3i ph\u1ea7n m\u1ec1m Spectrum 10 bao g\u1ed3m \u0111i\u1ec1u khi\u1ec3n thi\u1ebft b\u1ecb, chuy\u1ec3n \u0111\u1ed5i c\u00e1c \u0111\u1ecbnh d\u1ea1ng d\u1eef li\u1ec7u v\u00e0 m\u00f4-\u0111un thi\u1ebft k\u1ebf b\u00e1o c\u00e1o v\u1edbi nhi\u1ec1u m\u1eabu linh ho\u1ea1t. Macro, tr\u00ecnh ch\u1ec9nh s\u1eeda ph\u01b0\u01a1ng tr\u00ecnh, t\u00ecm ki\u1ebfm ph\u1ed5 v\u00e0 x\u00e2y d\u1ef1ng ph\u01b0\u01a1ng ph\u00e1p \u0111\u1ecbnh l\u01b0\u1ee3ng theo \u0111\u1ecbnh lu\u1eadt Beer. C\u00e1c g\u00f3i ph\u1ea7n m\u1ec1m b\u1ed5 sung (nh\u01b0 Adulterant Screen v\u00e0 Spectrum Touch) v\u00e0 nhi\u1ec1u gi\u1ea5y ph\u00e9p ng\u01b0\u1eddi d\u00f9ng cho Spectrum 10 STD \u0111\u1ec1u c\u00f3 s\u1eb5n.<\/span><\/p>\n<p style=\"text-align: justify;\"><span style=\"color: #000000;\">\u0110\u01b0\u1ee3c thi\u1ebft k\u1ebf cho c\u00e1c ph\u00f2ng th\u00ed nghi\u1ec7m quy m\u00f4 c\u00f4ng nghi\u1ec7p v\u00e0 nghi\u00ean c\u1ee9u v\u1edbi s\u1ed1 l\u01b0\u1ee3ng m\u1eabu l\u1edbn, \u0111\u00f2i h\u1ecfi ho\u1ea1t \u0111\u1ed9ng hi\u1ec7u qu\u1ea3 v\u00e0 kh\u1ea3 n\u0103ng \u0111o nhi\u1ec1u d\u1ea1ng m\u1eabu, g\u00f3i to\u00e0n di\u1ec7n n\u00e0y \u0111\u1eb7t ra ti\u00eau chu\u1ea9n cho ph\u1ea7n m\u1ec1m FT-IR v\u1ec1 t\u00ednh \u0111\u01a1n gi\u1ea3n v\u00e0 hi\u1ec7u qu\u1ea3 trong vi\u1ec7c thu th\u1eadp, x\u1eed l\u00fd v\u00e0 \u0111\u01b0a ra k\u1ebft qu\u1ea3. Giao di\u1ec7n v\u1edbi thi\u1ebft k\u1ebf \u0111\u1eb7c bi\u1ec7t c\u1ee7a ph\u1ea7n m\u1ec1m k\u1ebft h\u1ee3p kh\u1ea3 n\u0103ng m\u1ea1nh m\u1ebd trong vi\u1ec7c qu\u1ea3n l\u00fd d\u1eef li\u1ec7u v\u00e0 k\u1ebft qu\u1ea3 ch\u1ec9 v\u1edbi m\u1ed9t c\u00fa nh\u1ea5p chu\u1ed9t. Kh\u00f4ng gi\u1ed1ng nh\u01b0 c\u00e1c g\u00f3i kh\u00e1c, Spectrum 10 cung c\u1ea5p kh\u1ea3 n\u0103ng s\u1eed d\u1ee5ng t\u1eeb c\u01a1 b\u1ea3n \u0111\u1ebfn n\u00e2ng cao, khi\u1ebfn n\u00f3 tr\u1edf th\u00e0nh ph\u1ea7n m\u1ec1m l\u00fd t\u01b0\u1edfng cho c\u1ea3 ng\u01b0\u1eddi m\u1edbi b\u1eaft \u0111\u1ea7u v\u00e0 ng\u01b0\u1eddi nghi\u00ean c\u1ee9u quang ph\u1ed5 chuy\u00ean s\u00e2u.<\/span><\/p>\n<p style=\"text-align: justify;\"><span style=\"color: #000000;\"><strong>C\u00e1c t\u00ednh n\u0103ng ch\u00ednh:<\/strong><\/span><\/p>\n<ul>\n<li><span style=\"color: #000000;\">C\u00e1c ph\u1ee5 ki\u1ec7n t\u1ef1 \u0111\u1ed9ng nh\u1eadn c\u1ea5u h\u00ecnh<\/span><\/li>\n<li><span style=\"color: #000000;\">T\u00f9y ch\u1ec9nh kh\u00f4ng gian l\u00e0m vi\u1ec7c (ch\u1ee9c n\u0103ng c\u1ee7a ng\u01b0\u1eddi v\u1eadn h\u00e0nh, giao di\u1ec7n ph\u1ea7n m\u1ec1m v\u00e0 b\u00e1o c\u00e1o)<\/span><\/li>\n<li><span style=\"color: #000000;\">T\u00ednh n\u0103ng kh\u1edbp ph\u1ed5 \u0111a th\u00e0nh ph\u1ea7n<\/span><\/li>\n<li><span style=\"color: #000000;\">X\u1eed l\u00fd d\u1eef li\u1ec7u to\u00e0n di\u1ec7n \u0111\u1ec3 \u0111\u00e1p \u1ee9ng m\u1ecdi nhu c\u1ea7u \u1ee9ng d\u1ee5ng<\/span><\/li>\n<li><span style=\"color: #000000;\">X\u00e1c th\u1ef1c m\u1eabu<\/span><\/li>\n<li><span style=\"color: #000000;\">S\u00e0ng l\u1ecdc ch\u1ea5t pha tr\u1ed9n<\/span><\/li>\n<li><span style=\"color: #000000;\">X\u00e1c \u0111\u1ecbnh c\u00e1c h\u1ee3p ch\u1ea5t ch\u01b0a bi\u1ebft<\/span><\/li>\n<li><span style=\"color: #000000;\">Ph\u00e2n t\u00edch \u0111\u1ecbnh l\u01b0\u1ee3ng hi\u1ec7u su\u1ea5t cao<\/span><\/li>\n<li style=\"list-style-type: none;\"><\/li>\n<\/ul>\n<p style=\"text-align: justify;\"><span style=\"color: #000000;\"><strong>T\u1ef1 \u0111\u1ed9ng c\u1ea5u h\u00ecnh ph\u1ee5 ki\u1ec7n<\/strong><\/span><\/p>\n<p style=\"text-align: justify;\"><span style=\"color: #000000;\">T\u00ednh n\u0103ng plug and play c\u1ee7a ph\u1ea7n m\u1ec1m cho ph\u00e9p nh\u1eadn d\u1ea1ng c\u00e1c ph\u1ee5 ki\u1ec7n l\u1ea5y m\u1eabu th\u00f4ng minh. Khi c\u00e1c ph\u1ee5 ki\u1ec7n th\u00f4ng minh PerkinElmer \u0111\u01b0\u1ee3c thay \u0111\u1ed5i ho\u1eb7c th\u00eam v\u00e0o m\u00e1y ch\u00ednh, ph\u1ea7n m\u1ec1m s\u1ebd t\u1ef1 \u0111\u1ed9ng c\u1ea5u h\u00ecnh l\u1ea1i FT-IR \u0111\u1ec3 ph\u00f9 h\u1ee3p v\u1edbi ph\u1ee5 ki\u1ec7n m\u1edbi. Nhi\u1ec1u ch\u1ec9 b\u00e1o tr\u1ea1ng th\u00e1i \u0111\u1ed3 h\u1ecda tr\u1ef1c ti\u1ebfp th\u00f4ng minh nh\u01b0 x\u00e1c nh\u1eadn ngay l\u1eadp t\u1ee9c lo\u1ea1i ph\u1ee5 ki\u1ec7n v\u1ec1 c\u00e1c c\u00e0i \u0111\u1eb7t ch\u00ednh x\u00e1c cho ph\u00e9p b\u1ea1n nhanh ch\u00f3ng ti\u1ebfp t\u1ee5c \u0111o l\u01b0\u1eddng<\/span><\/p>\n<p style=\"text-align: justify;\"><span style=\"color: #000000;\"><strong>X\u00e1c th\u1ef1c m\u1eabu<\/strong><\/span><\/p>\n<p style=\"text-align: justify;\"><span style=\"color: #000000;\">X\u00e1c th\u1ef1c m\u1eabu c\u1ee7a c\u00e1c v\u1eadt li\u1ec7u tham chi\u1ebfu \u0111\u01b0\u1ee3c th\u1ef1c hi\u1ec7n b\u1eb1ng ph\u1ea7n m\u1ec1m COMPARETM r\u1ea5t ph\u1ed5 bi\u1ebfn v\u00e0 \u0111\u01b0\u1ee3c \u01b0a chu\u1ed9ng, bao g\u1ed3m c\u00e1c b\u1ed9 l\u1ecdc d\u1eef li\u1ec7u chuy\u00ean bi\u1ec7t \u0111\u1ec3 gi\u1ea3m thi\u1ec3u t\u00e1c \u0111\u1ed9ng c\u1ee7a c\u00e1c ph\u1ee5 ki\u1ec7n l\u1ea5y m\u1eabu v\u00e0 ph\u00e2n b\u1ed1 nhi\u1ec5u FT-IR \u0111\u1ec3 c\u1ea3i thi\u1ec7n \u0111\u1ed9 ch\u00ednh x\u00e1c v\u00e0 \u0111\u1ed9 tin c\u1eady c\u1ee7a k\u1ebft qu\u1ea3. Ngo\u00e0i ra, l\u1ec7nh x\u00e1c th\u1ef1c c\u00f3 th\u1ec3 \u0111\u01b0\u1ee3c s\u1eed d\u1ee5ng khi c\u1ea7n m\u00f4 h\u00ecnh h\u00f3a s\u1ef1 bi\u1ebfn \u0111\u1ed5i c\u1ee7a m\u1eabu v\u1eadt li\u1ec7u tham chi\u1ebfu b\u1eb1ng c\u00e1c ph\u01b0\u01a1ng ph\u00e1p SIMCA (Soft Independent Modelling by Class Analogy) \u0111\u01b0\u1ee3c ph\u00e1t tri\u1ec3n trong ph\u1ea7n m\u1ec1m x\u00e1c th\u1ef1c v\u1eadt li\u1ec7u PerkinElmer AssureID.<\/span><\/p>\n<p style=\"text-align: justify;\"><span style=\"color: #000000;\"><strong>B\u1ea3ng m\u1eabu chi ti\u1ebft<\/strong><\/span><\/p>\n<p style=\"text-align: justify;\"><span style=\"color: #000000;\">Cho ph\u00e9p nh\u1eadp nhi\u1ec1u th\u00f4ng tin m\u1eabu tr\u01b0\u1edbc khi qu\u00e9t v\u00e0 \u0111\u1eb7c bi\u1ec7t ti\u1ec7n l\u1ee3i khi s\u1eed d\u1ee5ng v\u1edbi n\u00fat \u2018Go\u2019 c\u1ee7a thi\u1ebft b\u1ecb tr\u00ean Frontier ho\u1eb7c k\u1ebft h\u1ee3p PC\/m\u00e3 v\u1ea1ch m\u00e0n h\u00ecnh c\u1ea3m \u1ee9ng v\u1edbi Spectrum Two.<\/span><\/p>\n<p style=\"text-align: justify;\"><span style=\"color: #000000;\">C\u00f3 th\u1ec3 bao g\u1ed3m c\u00e1c tr\u01b0\u1eddng nh\u1eadp d\u1eef li\u1ec7u t\u00f9y ch\u1ec9nh \u0111\u1ec3 y\u00eau c\u1ea7u nh\u1eadp th\u00f4ng tin b\u1ed5 sung tr\u01b0\u1edbc khi cho ph\u00e9p qu\u00e9t v\u00e0 d\u1eef li\u1ec7u b\u1ed5 sung c\u00f3 th\u1ec3 l\u00e0 v\u0103n b\u1ea3n, s\u1ed1 (v\u00ed d\u1ee5: th\u00f4ng tin n\u1ed3ng \u0111\u1ed9) ho\u1eb7c th\u1eadm ch\u00ed l\u00e0 d\u1eef li\u1ec7u \u0111\u1ed3 h\u1ecda cho ph\u00e9p d\u1eef li\u1ec7u quang ph\u1ed5 \u0111\u01b0\u1ee3c g\u1eafn th\u1ebb v\u0129nh vi\u1ec5n v\u1edbi th\u00f4ng tin nh\u01b0 c\u1ea5u tr\u00fac h\u00f3a h\u1ecdc v\u00e0 c\u00e1c h\u00ecnh \u1ea3nh c\u00f3 li\u00ean quan kh\u00e1c. Ngo\u00e0i ra, trong qu\u00e1 tr\u00ecnh x\u00e2y d\u1ef1ng ph\u01b0\u01a1ng ph\u00e1p \u0111\u1ecbnh l\u01b0\u1ee3ng, n\u1ed3ng \u0111\u1ed9 th\u00e0nh ph\u1ea7n \u0111\u01b0\u1ee3c nh\u1eadp v\u00e0o B\u1ea3ng m\u1eabu \u0111\u01b0\u1ee3c gi\u1eef l\u1ea1i c\u00f9ng v\u1edbi d\u1eef li\u1ec7u quang ph\u1ed5 v\u00e0 c\u00f3 th\u1ec3 \u0111\u01b0\u1ee3c chuy\u1ec3n tr\u1ef1c ti\u1ebfp \u0111\u1ebfn ph\u1ea7n m\u1ec1m ph\u00e1t tri\u1ec3n ph\u01b0\u01a1ng ph\u00e1p Quant. \u0110i\u1ec1u n\u00e0y tr\u00e1nh \u0111\u01b0\u1ee3c l\u1ed7i phi\u00ean m\u00e3 v\u00e0 ti\u1ebft ki\u1ec7m th\u1eddi gian trong qu\u00e1 tr\u00ecnh ph\u00e1t tri\u1ec3n ph\u01b0\u01a1ng ph\u00e1p.<\/span><\/p>\n<p style=\"text-align: justify;\"><span style=\"color: #000000;\">Gi\u1ea5y ph\u00e9p ng\u01b0\u1eddi d\u00f9ng b\u1ed5 sung<\/span><\/p>\n<p style=\"text-align: justify;\"><span style=\"color: #000000;\">Gi\u1ea5y ph\u00e9p nhi\u1ec1u ng\u01b0\u1eddi d\u00f9ng c\u0169ng c\u00f3 s\u1eb5n v\u00e0 \u0111\u01b0\u1ee3c y\u00eau c\u1ea7u n\u1ebfu ph\u1ea7n m\u1ec1m \u0111\u01b0\u1ee3c c\u00e0i \u0111\u1eb7t tr\u00ean nhi\u1ec1u PC t\u1ea1i c\u00f9ng m\u1ed9t trang web.<\/span><\/p>\n<\/div>\n<div class=\"acf-field\">\n<h4 style=\"text-align: justify;\"><span style=\"color: #000000;\"><strong>Specifications<\/strong><\/span><\/h4>\n<div class=\"pe_pdp_detatabl\" style=\"text-align: justify;\">\n<table id=\"pe_pdp_tab_det\" style=\"width: 300px;\">\n<tbody>\n<tr>\n<th><span style=\"color: #000000;\">T\u00ean s\u1ea3n ph\u1ea9m<\/span><\/th>\n<td><span style=\"color: #000000;\">Spectrum 10 STD<\/span><\/td>\n<\/tr>\n<\/tbody>\n<\/table>\n<p><span style=\"color: #000000;\">\u00a0\u00a0<\/span><\/p>\n<\/div>\n<div>\n<p style=\"text-align: justify;\"><span style=\"color: #000000;\"><a style=\"color: #000000;\" href=\"https:\/\/perkinelmervietnam.vn\/gioi-thieu-hti-scientific\/\">HTI Scientific<\/a>\u00a0hi\u1ec7n l\u00e0 nh\u00e0 ph\u00e2n ph\u1ed1i ch\u00ednh th\u1ee9c c\u00e1c s\u1ea3n ph\u1ea9m c\u1ee7a PerkinElmer t\u1ea1i Vi\u1ec7t Nam\u00a0<\/span><\/p>\n<p style=\"text-align: justify;\"><span style=\"color: #000000;\"><strong>Li\u00ean h\u1ec7:\u00a0<\/strong><\/span><\/p>\n<ul>\n<li><span style=\"color: #000000;\">H\u00e0 N\u1ed9i: T\u1ea7ng 10 \u2013 VP2, T\u00f2a nh\u00e0 Sun Square, 21 L\u00ea \u0110\u1ee9c Th\u1ecd, Qu\u1eadn Nam T\u1eeb Li\u00eam, H\u00e0 N\u1ed9i<\/span><\/li>\n<li><span style=\"color: #000000;\">\u0110\u00e0 N\u1eb5ng: T\u1ea7ng 5, T\u00f2a nh\u00e0 Vietnam Innovation Hub, 179 Tr\u1ea7n H\u01b0ng \u0110\u1ea1o, Ph\u01b0\u1eddng An H\u1ea3i B\u1eafc, Qu\u1eadn S\u01a1n Tr\u00e0, \u0110\u00e0 N\u1eb5ng<\/span><\/li>\n<li><span style=\"color: #000000;\">H\u1ed3 Ch\u00ed Minh: 203A V\u00f5 Th\u1ecb S\u00e1u, Ph\u01b0\u1eddng V\u00f5 Th\u1ecb S\u00e1u, Qu\u1eadn 3, H\u1ed3 Ch\u00ed Minh<\/span><\/li>\n<li><span style=\"color: #000000;\">Hotline HN: 090.224.5757 \/\u00a0Hotline HCM: 090.324.5757<\/span><\/li>\n<li><span style=\"color: #000000;\">Email: sales@htigroup.vn<\/span><\/li>\n<li style=\"list-style-type: none;\"><\/li>\n<\/ul>\n<\/div>\n<\/div>","protected":false},"excerpt":{"rendered":"<p><span style=\"color: #000000;\">Ph\u1ea7n m\u1ec1m Spectrum 10 \u0111\u01b0\u1ee3c thi\u1ebft k\u1ebf cho d\u00f2ng m\u00e1y quang ph\u1ed5 FT-IR th\u1ebf h\u1ec7 m\u1edbi nh\u1ea5t c\u1ee7a PerkinElmer. G\u00f3i ph\u1ea7n m\u1ec1m to\u00e0n di\u1ec7n n\u00e0y \u0111\u1eb7t ra ti\u00eau chu\u1ea9n trong ph\u1ea7n m\u1ec1m FTIR v\u1ec1 t\u00ednh \u0111\u01a1n gi\u1ea3n v\u00e0 hi\u1ec7u qu\u1ea3 trong vi\u1ec7c thu th\u1eadp, x\u1eed l\u00fd v\u00e0 tr\u1ea3 k\u1ebft qu\u1ea3 d\u1eef li\u1ec7u. Giao di\u1ec7n c\u1ee7a ph\u1ea7n m\u1ec1m v\u1edbi kh\u1ea3 n\u0103ng truy c\u1eadp 1 c\u00fa nh\u1ea5p chu\u1ed9t truy c\u1eadp v\u00e0o c\u00e1c ch\u1ee9c n\u0103ng ph\u1ed5 bi\u1ebfn v\u1edbi t\u00ednh n\u0103ng qu\u1ea3n l\u00fd k\u1ebft qu\u1ea3 v\u00e0 d\u1eef li\u1ec7u m\u1ea1nh m\u1ebd. C\u00e1c g\u00f3i ph\u1ea7n m\u1ec1m b\u1ed5 sung c\u00f3 s\u1eb5n.<\/span><\/p>","protected":false},"featured_media":907,"template":"","meta":{"inline_featured_image":false},"product_brand":[29],"product_cat":[64,63],"product_tag":[],"class_list":{"0":"post-906","1":"product","2":"type-product","3":"status-publish","4":"has-post-thumbnail","6":"product_brand-perkinelmer","7":"product_cat-quang-pho-hong-ngoai-ftir","8":"product_cat-quang-pho-phan-tu","10":"first","11":"instock","12":"shipping-taxable","13":"product-type-simple"},"yoast_head":"<!-- This site is optimized with the Yoast SEO plugin v24.7 - https:\/\/yoast.com\/wordpress\/plugins\/seo\/ -->\n<title>Ph\u1ea7n m\u1ec1m Spectrum 10 STD - HTI Scientific<\/title>\n<meta name=\"robots\" content=\"index, follow, max-snippet:-1, max-image-preview:large, max-video-preview:-1\" \/>\n<link rel=\"canonical\" href=\"https:\/\/htiscientific.vn\/en\/product\/phan-mem-spectrum-10-std\/\" \/>\n<meta property=\"og:locale\" content=\"en_US\" \/>\n<meta property=\"og:type\" content=\"article\" \/>\n<meta property=\"og:title\" content=\"Ph\u1ea7n m\u1ec1m Spectrum 10 STD - HTI Scientific\" \/>\n<meta property=\"og:description\" content=\"Ph\u1ea7n m\u1ec1m Spectrum 10 \u0111\u01b0\u1ee3c thi\u1ebft k\u1ebf cho d\u00f2ng m\u00e1y quang ph\u1ed5 FT-IR th\u1ebf h\u1ec7 m\u1edbi nh\u1ea5t c\u1ee7a PerkinElmer. G\u00f3i ph\u1ea7n m\u1ec1m to\u00e0n di\u1ec7n n\u00e0y \u0111\u1eb7t ra ti\u00eau chu\u1ea9n trong ph\u1ea7n m\u1ec1m FTIR v\u1ec1 t\u00ednh \u0111\u01a1n gi\u1ea3n v\u00e0 hi\u1ec7u qu\u1ea3 trong vi\u1ec7c thu th\u1eadp, x\u1eed l\u00fd v\u00e0 tr\u1ea3 k\u1ebft qu\u1ea3 d\u1eef li\u1ec7u. Giao di\u1ec7n c\u1ee7a ph\u1ea7n m\u1ec1m v\u1edbi kh\u1ea3 n\u0103ng truy c\u1eadp 1 c\u00fa nh\u1ea5p chu\u1ed9t truy c\u1eadp v\u00e0o c\u00e1c ch\u1ee9c n\u0103ng ph\u1ed5 bi\u1ebfn v\u1edbi t\u00ednh n\u0103ng qu\u1ea3n l\u00fd k\u1ebft qu\u1ea3 v\u00e0 d\u1eef li\u1ec7u m\u1ea1nh m\u1ebd. C\u00e1c g\u00f3i ph\u1ea7n m\u1ec1m b\u1ed5 sung c\u00f3 s\u1eb5n.\" \/>\n<meta property=\"og:url\" content=\"https:\/\/htiscientific.vn\/en\/product\/phan-mem-spectrum-10-std\/\" \/>\n<meta property=\"og:site_name\" content=\"HTI Scientific\" \/>\n<meta property=\"article:publisher\" content=\"https:\/\/www.facebook.com\/htiscientific.vn\" \/>\n<meta property=\"article:modified_time\" content=\"2025-03-27T09:10:38+00:00\" \/>\n<meta property=\"og:image\" content=\"https:\/\/htiscientific.vn\/wp-content\/uploads\/2025\/03\/spectrum-10.jpg\" \/>\n\t<meta property=\"og:image:width\" content=\"393\" \/>\n\t<meta property=\"og:image:height\" content=\"325\" \/>\n\t<meta property=\"og:image:type\" content=\"image\/jpeg\" \/>\n<meta name=\"twitter:card\" content=\"summary_large_image\" \/>\n<meta name=\"twitter:label1\" content=\"Est. reading time\" \/>\n\t<meta name=\"twitter:data1\" content=\"5 minutes\" \/>\n<script type=\"application\/ld+json\" class=\"yoast-schema-graph\">{\"@context\":\"https:\/\/schema.org\",\"@graph\":[{\"@type\":\"WebPage\",\"@id\":\"https:\/\/htiscientific.vn\/san-pham\/phan-mem-spectrum-10-std\/\",\"url\":\"https:\/\/htiscientific.vn\/san-pham\/phan-mem-spectrum-10-std\/\",\"name\":\"Ph\u1ea7n m\u1ec1m Spectrum 10 STD - HTI Scientific\",\"isPartOf\":{\"@id\":\"https:\/\/htiscientific.vn\/#website\"},\"primaryImageOfPage\":{\"@id\":\"https:\/\/htiscientific.vn\/san-pham\/phan-mem-spectrum-10-std\/#primaryimage\"},\"image\":{\"@id\":\"https:\/\/htiscientific.vn\/san-pham\/phan-mem-spectrum-10-std\/#primaryimage\"},\"thumbnailUrl\":\"https:\/\/htiscientific.vn\/wp-content\/uploads\/2025\/03\/spectrum-10.jpg\",\"datePublished\":\"2025-03-27T09:05:53+00:00\",\"dateModified\":\"2025-03-27T09:10:38+00:00\",\"breadcrumb\":{\"@id\":\"https:\/\/htiscientific.vn\/san-pham\/phan-mem-spectrum-10-std\/#breadcrumb\"},\"inLanguage\":\"en-US\",\"potentialAction\":[{\"@type\":\"ReadAction\",\"target\":[\"https:\/\/htiscientific.vn\/san-pham\/phan-mem-spectrum-10-std\/\"]}]},{\"@type\":\"ImageObject\",\"inLanguage\":\"en-US\",\"@id\":\"https:\/\/htiscientific.vn\/san-pham\/phan-mem-spectrum-10-std\/#primaryimage\",\"url\":\"https:\/\/htiscientific.vn\/wp-content\/uploads\/2025\/03\/spectrum-10.jpg\",\"contentUrl\":\"https:\/\/htiscientific.vn\/wp-content\/uploads\/2025\/03\/spectrum-10.jpg\",\"width\":393,\"height\":325},{\"@type\":\"BreadcrumbList\",\"@id\":\"https:\/\/htiscientific.vn\/san-pham\/phan-mem-spectrum-10-std\/#breadcrumb\",\"itemListElement\":[{\"@type\":\"ListItem\",\"position\":1,\"name\":\"Trang ch\u1ee7\",\"item\":\"https:\/\/htiscientific.vn\/\"},{\"@type\":\"ListItem\",\"position\":2,\"name\":\"C\u1eeda h\u00e0ng\",\"item\":\"https:\/\/htiscientific.vn\/cua-hang\/\"},{\"@type\":\"ListItem\",\"position\":3,\"name\":\"Quang ph\u1ed5 ph\u00e2n t\u1eed\",\"item\":\"https:\/\/htiscientific.vn\/danh-muc-san-pham\/quang-pho-phan-tu\/\"},{\"@type\":\"ListItem\",\"position\":4,\"name\":\"Quang ph\u1ed5 h\u1ed3ng ngo\u1ea1i FTIR\",\"item\":\"https:\/\/htiscientific.vn\/danh-muc-san-pham\/quang-pho-phan-tu\/quang-pho-hong-ngoai-ftir\/\"},{\"@type\":\"ListItem\",\"position\":5,\"name\":\"Ph\u1ea7n m\u1ec1m Spectrum 10 STD\"}]},{\"@type\":\"WebSite\",\"@id\":\"https:\/\/htiscientific.vn\/#website\",\"url\":\"https:\/\/htiscientific.vn\/\",\"name\":\"HTI Scientific\",\"description\":\"HTI Scientific\",\"publisher\":{\"@id\":\"https:\/\/htiscientific.vn\/#organization\"},\"potentialAction\":[{\"@type\":\"SearchAction\",\"target\":{\"@type\":\"EntryPoint\",\"urlTemplate\":\"https:\/\/htiscientific.vn\/?s={search_term_string}\"},\"query-input\":{\"@type\":\"PropertyValueSpecification\",\"valueRequired\":true,\"valueName\":\"search_term_string\"}}],\"inLanguage\":\"en-US\"},{\"@type\":\"Organization\",\"@id\":\"https:\/\/htiscientific.vn\/#organization\",\"name\":\"HTI Scientific\",\"alternateName\":\"HTI Scientific\",\"url\":\"https:\/\/htiscientific.vn\/\",\"logo\":{\"@type\":\"ImageObject\",\"inLanguage\":\"en-US\",\"@id\":\"https:\/\/htiscientific.vn\/#\/schema\/logo\/image\/\",\"url\":\"https:\/\/htiscientific.vn\/wp-content\/uploads\/2025\/03\/ava-hti-copy.jpg\",\"contentUrl\":\"https:\/\/htiscientific.vn\/wp-content\/uploads\/2025\/03\/ava-hti-copy.jpg\",\"width\":700,\"height\":450,\"caption\":\"HTI Scientific\"},\"image\":{\"@id\":\"https:\/\/htiscientific.vn\/#\/schema\/logo\/image\/\"},\"sameAs\":[\"https:\/\/www.facebook.com\/htiscientific.vn\"]}]}<\/script>\n<!-- \/ Yoast SEO plugin. -->","yoast_head_json":{"title":"Ph\u1ea7n m\u1ec1m Spectrum 10 STD - HTI Scientific","robots":{"index":"index","follow":"follow","max-snippet":"max-snippet:-1","max-image-preview":"max-image-preview:large","max-video-preview":"max-video-preview:-1"},"canonical":"https:\/\/htiscientific.vn\/en\/product\/phan-mem-spectrum-10-std\/","og_locale":"en_US","og_type":"article","og_title":"Ph\u1ea7n m\u1ec1m Spectrum 10 STD - HTI Scientific","og_description":"Ph\u1ea7n m\u1ec1m Spectrum 10 \u0111\u01b0\u1ee3c thi\u1ebft k\u1ebf cho d\u00f2ng m\u00e1y quang ph\u1ed5 FT-IR th\u1ebf h\u1ec7 m\u1edbi nh\u1ea5t c\u1ee7a PerkinElmer. G\u00f3i ph\u1ea7n m\u1ec1m to\u00e0n di\u1ec7n n\u00e0y \u0111\u1eb7t ra ti\u00eau chu\u1ea9n trong ph\u1ea7n m\u1ec1m FTIR v\u1ec1 t\u00ednh \u0111\u01a1n gi\u1ea3n v\u00e0 hi\u1ec7u qu\u1ea3 trong vi\u1ec7c thu th\u1eadp, x\u1eed l\u00fd v\u00e0 tr\u1ea3 k\u1ebft qu\u1ea3 d\u1eef li\u1ec7u. Giao di\u1ec7n c\u1ee7a ph\u1ea7n m\u1ec1m v\u1edbi kh\u1ea3 n\u0103ng truy c\u1eadp 1 c\u00fa nh\u1ea5p chu\u1ed9t truy c\u1eadp v\u00e0o c\u00e1c ch\u1ee9c n\u0103ng ph\u1ed5 bi\u1ebfn v\u1edbi t\u00ednh n\u0103ng qu\u1ea3n l\u00fd k\u1ebft qu\u1ea3 v\u00e0 d\u1eef li\u1ec7u m\u1ea1nh m\u1ebd. C\u00e1c g\u00f3i ph\u1ea7n m\u1ec1m b\u1ed5 sung c\u00f3 s\u1eb5n.","og_url":"https:\/\/htiscientific.vn\/en\/product\/phan-mem-spectrum-10-std\/","og_site_name":"HTI Scientific","article_publisher":"https:\/\/www.facebook.com\/htiscientific.vn","article_modified_time":"2025-03-27T09:10:38+00:00","og_image":[{"width":393,"height":325,"url":"https:\/\/htiscientific.vn\/wp-content\/uploads\/2025\/03\/spectrum-10.jpg","type":"image\/jpeg"}],"twitter_card":"summary_large_image","twitter_misc":{"Est. reading time":"5 minutes"},"schema":{"@context":"https:\/\/schema.org","@graph":[{"@type":"WebPage","@id":"https:\/\/htiscientific.vn\/san-pham\/phan-mem-spectrum-10-std\/","url":"https:\/\/htiscientific.vn\/san-pham\/phan-mem-spectrum-10-std\/","name":"Ph\u1ea7n m\u1ec1m Spectrum 10 STD - HTI Scientific","isPartOf":{"@id":"https:\/\/htiscientific.vn\/#website"},"primaryImageOfPage":{"@id":"https:\/\/htiscientific.vn\/san-pham\/phan-mem-spectrum-10-std\/#primaryimage"},"image":{"@id":"https:\/\/htiscientific.vn\/san-pham\/phan-mem-spectrum-10-std\/#primaryimage"},"thumbnailUrl":"https:\/\/htiscientific.vn\/wp-content\/uploads\/2025\/03\/spectrum-10.jpg","datePublished":"2025-03-27T09:05:53+00:00","dateModified":"2025-03-27T09:10:38+00:00","breadcrumb":{"@id":"https:\/\/htiscientific.vn\/san-pham\/phan-mem-spectrum-10-std\/#breadcrumb"},"inLanguage":"en-US","potentialAction":[{"@type":"ReadAction","target":["https:\/\/htiscientific.vn\/san-pham\/phan-mem-spectrum-10-std\/"]}]},{"@type":"ImageObject","inLanguage":"en-US","@id":"https:\/\/htiscientific.vn\/san-pham\/phan-mem-spectrum-10-std\/#primaryimage","url":"https:\/\/htiscientific.vn\/wp-content\/uploads\/2025\/03\/spectrum-10.jpg","contentUrl":"https:\/\/htiscientific.vn\/wp-content\/uploads\/2025\/03\/spectrum-10.jpg","width":393,"height":325},{"@type":"BreadcrumbList","@id":"https:\/\/htiscientific.vn\/san-pham\/phan-mem-spectrum-10-std\/#breadcrumb","itemListElement":[{"@type":"ListItem","position":1,"name":"Trang ch\u1ee7","item":"https:\/\/htiscientific.vn\/"},{"@type":"ListItem","position":2,"name":"C\u1eeda h\u00e0ng","item":"https:\/\/htiscientific.vn\/cua-hang\/"},{"@type":"ListItem","position":3,"name":"Quang ph\u1ed5 ph\u00e2n t\u1eed","item":"https:\/\/htiscientific.vn\/danh-muc-san-pham\/quang-pho-phan-tu\/"},{"@type":"ListItem","position":4,"name":"Quang ph\u1ed5 h\u1ed3ng ngo\u1ea1i FTIR","item":"https:\/\/htiscientific.vn\/danh-muc-san-pham\/quang-pho-phan-tu\/quang-pho-hong-ngoai-ftir\/"},{"@type":"ListItem","position":5,"name":"Ph\u1ea7n m\u1ec1m Spectrum 10 STD"}]},{"@type":"WebSite","@id":"https:\/\/htiscientific.vn\/#website","url":"https:\/\/htiscientific.vn\/","name":"HTI Scientific","description":"HTI Scientific","publisher":{"@id":"https:\/\/htiscientific.vn\/#organization"},"potentialAction":[{"@type":"SearchAction","target":{"@type":"EntryPoint","urlTemplate":"https:\/\/htiscientific.vn\/?s={search_term_string}"},"query-input":{"@type":"PropertyValueSpecification","valueRequired":true,"valueName":"search_term_string"}}],"inLanguage":"en-US"},{"@type":"Organization","@id":"https:\/\/htiscientific.vn\/#organization","name":"HTI Scientific","alternateName":"HTI Scientific","url":"https:\/\/htiscientific.vn\/","logo":{"@type":"ImageObject","inLanguage":"en-US","@id":"https:\/\/htiscientific.vn\/#\/schema\/logo\/image\/","url":"https:\/\/htiscientific.vn\/wp-content\/uploads\/2025\/03\/ava-hti-copy.jpg","contentUrl":"https:\/\/htiscientific.vn\/wp-content\/uploads\/2025\/03\/ava-hti-copy.jpg","width":700,"height":450,"caption":"HTI Scientific"},"image":{"@id":"https:\/\/htiscientific.vn\/#\/schema\/logo\/image\/"},"sameAs":["https:\/\/www.facebook.com\/htiscientific.vn"]}]}},"_links":{"self":[{"href":"https:\/\/htiscientific.vn\/en\/wp-json\/wp\/v2\/product\/906","targetHints":{"allow":["GET"]}}],"collection":[{"href":"https:\/\/htiscientific.vn\/en\/wp-json\/wp\/v2\/product"}],"about":[{"href":"https:\/\/htiscientific.vn\/en\/wp-json\/wp\/v2\/types\/product"}],"wp:featuredmedia":[{"embeddable":true,"href":"https:\/\/htiscientific.vn\/en\/wp-json\/wp\/v2\/media\/907"}],"wp:attachment":[{"href":"https:\/\/htiscientific.vn\/en\/wp-json\/wp\/v2\/media?parent=906"}],"wp:term":[{"taxonomy":"product_brand","embeddable":true,"href":"https:\/\/htiscientific.vn\/en\/wp-json\/wp\/v2\/product_brand?post=906"},{"taxonomy":"product_cat","embeddable":true,"href":"https:\/\/htiscientific.vn\/en\/wp-json\/wp\/v2\/product_cat?post=906"},{"taxonomy":"product_tag","embeddable":true,"href":"https:\/\/htiscientific.vn\/en\/wp-json\/wp\/v2\/product_tag?post=906"}],"curies":[{"name":"wp","href":"https:\/\/api.w.org\/{rel}","templated":true}]}}