{"id":902,"date":"2025-03-27T16:03:07","date_gmt":"2025-03-27T09:03:07","guid":{"rendered":"https:\/\/htiscientific.vn\/?post_type=product&#038;p=902"},"modified":"2025-05-13T15:34:46","modified_gmt":"2025-05-13T08:34:46","slug":"may-quang-pho-hong-ngoai-ftir-spectrum-3","status":"publish","type":"product","link":"https:\/\/htiscientific.vn\/en\/product\/may-quang-pho-hong-ngoai-ftir-spectrum-3\/","title":{"rendered":"M\u00e1y quang ph\u1ed5 h\u1ed3ng ngo\u1ea1i FTIR Spectrum 3"},"content":{"rendered":"<div class=\"acf-field\">\n<p style=\"text-align: justify;\"><span style=\"color: #000000;\"><a style=\"color: #000000;\" href=\"https:\/\/www.perkinelmer.com\/product\/spectrum-3-nir-mir-fir-std-dtc-fir-dtgs-l1280127\">M\u00e1y quang ph\u1ed5 h\u1ed3ng ngo\u1ea1i FTIR Spectrum 3<\/a>\u00a0\u0111\u01b0\u1ee3c trang b\u1ecb m\u1ed9t lo\u1ea1t c\u1ea3i ti\u1ebfn n\u00e2ng cao \u0111\u01b0\u1ee3c thi\u1ebft k\u1ebf \u0111\u1ec3 mang l\u1ea1i hi\u1ec7u su\u1ea5t v\u01b0\u1ee3t tr\u1ed9i v\u00e0 t\u00ednh linh ho\u1ea1t t\u1eeb c\u1ea7u h\u00ecnh m\u00e1y.<\/span><\/p>\n<p style=\"text-align: justify;\"><span style=\"color: #000000;\"><strong>Hi\u1ec7u su\u1ea5t:<\/strong><\/span><\/p>\n<ul>\n<li><span style=\"color: #000000;\">T\u1ef7 l\u1ec7\u00a0 S\/N v\u00e0 hi\u1ec7u su\u1ea5t truy\u1ec1n quang v\u01b0\u1ee3t tr\u1ed9i<\/span><\/li>\n<li><span style=\"color: #000000;\">\u0110\u1ed9 t\u00e1i l\u1eb7p d\u1eef li\u1ec7u ph\u1ed5 cao v\u1edbi \u0111\u1ed9 nhi\u1ec5u th\u1ea5p<\/span><\/li>\n<li><span style=\"color: #000000;\">\u0110\u1ed9 nh\u1ea1y t\u1ed1t nh\u1ea5t trong d\u00f2ng s\u1ea3n ph\u1ea9m, ngay c\u1ea3 khi s\u1eed d\u1ee5ng m\u00e1y d\u00f2 nhi\u1ec7t \u0111\u1ed9 ph\u00f2ng<\/span><\/li>\n<li><span style=\"color: #000000;\">\u0110\u1eb7c tr\u01b0ng cho ph\u1ea3n \u1ee9ng nhanh v\u1edbi t\u1ed1c \u0111\u1ed9 qu\u00e9t l\u00ean t\u1edbi 100 l\u1ea7n qu\u00e9t\/gi\u00e2y<\/span><\/li>\n<li><span style=\"color: #000000;\">T\u1ed1i \u01b0u h\u00f3a \u0111\u1ed9 nh\u1ea1y v\u00e0 hi\u1ec7u su\u1ea5t ph\u00e2n gi\u1ea3i quang ph\u1ed5<\/span><\/li>\n<li style=\"list-style-type: none;\"><\/li>\n<\/ul>\n<p style=\"text-align: justify;\"><strong><span style=\"color: #000000;\">T\u00ednh linh ho\u1ea1t:<\/span><\/strong><\/p>\n<ul>\n<li><span style=\"color: #000000;\">T\u1ed1i \u0111a h\u00f3a th\u1eddi gian ho\u1ea1t \u0111\u1ed9ng c\u1ee7a thi\u1ebft b\u1ecb v\u1edbi nhi\u1ec1u ph\u1ee5 ki\u1ec7n c\u00f3 th\u1ec3 thay th\u1ebf nhanh ch\u00f3ng<\/span><\/li>\n<li><span style=\"color: #000000;\">H\u1ec7 th\u1ed1ng gh\u00e9p n\u1ed1i li\u00ean h\u1ee3p TG-IR \u0111\u01b0\u1ee3c \u0111\u01a1n gi\u1ea3n h\u00f3a t\u1eeb c\u00f9ng m\u1ed9t nh\u00e0 cung c\u1ea5p.<\/span><\/li>\n<li><span style=\"color: #000000;\">K\u1ebft n\u1ed1i t\u1eeb m\u1ecdi thi\u1ebft b\u1ecb, m\u1ecdi n\u01a1i, m\u1ecdi l\u00fac v\u1edbi k\u1ebft n\u00f3i \u0111\u00e1m m\u00e2y<\/span><\/li>\n<li><span style=\"color: #000000;\">Th\u1ef1c hi\u1ec7n c\u00e1c ph\u00e2n t\u00edch \u0111\u1ecbnh k\u1ef3 nhanh h\u01a1n v\u1edbi SmartPanel ngay tr\u00ean thi\u1ebft b\u1ecb<\/span><\/li>\n<li><span style=\"color: #000000;\">C\u00f3 th\u1ec3 n\u00e2ng c\u1ea5p gh\u00e9p n\u1ed1i v\u1edbi k\u00ednh hi\u1ec3n vi v\u1edbi kh\u1ea3 n\u0103ng ch\u1ee5p \u1ea3nh h\u1ed3ng ngo\u1ea1i<\/span><\/li>\n<li style=\"list-style-type: none;\"><\/li>\n<\/ul>\n<p style=\"text-align: justify;\"><span style=\"color: #000000;\">Spectrum 3 l\u00e0 m\u1ed9t gi\u1ea3i ph\u00e1p ho\u00e0n ch\u1ec9nh v\u1edbi t\u00ednh linh ho\u1ea1t v\u00e0 linh ho\u1ea1t \u0111\u1ec3 x\u1eed l\u00fd m\u1ecdi lo\u1ea1i m\u1eabu cho c\u00e1c \u1ee9ng d\u1ee5ng:<\/span><\/p>\n<ul>\n<li><span style=\"color: #000000;\">D\u01b0\u1ee3c ph\u1ea9m v\u00e0 th\u1ef1c ph\u1ea9m ch\u1ee9c n\u0103ng<\/span><\/li>\n<li><span style=\"color: #000000;\">H\u00f3a ch\u1ea5t v\u00e0 v\u1eadt li\u1ec7u<\/span><\/li>\n<li><span style=\"color: #000000;\">Polyme\u00a0<\/span><\/li>\n<li><span style=\"color: #000000;\">H\u1ecdc vi\u1ec7n<\/span><\/li>\n<li style=\"list-style-type: none;\"><\/li>\n<\/ul>\n<\/div>\n<div class=\"acf-field\">\n<h4 style=\"text-align: justify;\"><span style=\"color: #000000;\"><strong>Specifications<\/strong><\/span><\/h4>\n<div class=\"pe_pdp_detatabl\">\n<table id=\"pe_pdp_tab_det\" style=\"width: 600px;\">\n<tbody>\n<tr style=\"text-align: justify;\">\n<th><span style=\"color: #000000;\">21 CFR Part 11 Compatible<\/span><\/th>\n<td><span style=\"color: #000000;\">Yes<\/span><\/td>\n<\/tr>\n<tr style=\"text-align: justify;\">\n<th><span style=\"color: #000000;\">T\u00ean s\u1ea3n ph\u1ea9m<\/span><\/th>\n<td><span style=\"color: #000000;\">Spectrum 3 Tri-Range FT-IR Spectrometer<\/span><\/td>\n<\/tr>\n<tr style=\"text-align: justify;\">\n<th><span style=\"color: #000000;\">L\u0129nh v\u1ef1c nghi\u00ean c\u1ee9u<\/span><\/th>\n<td><span style=\"color: #000000;\">Th\u1ef1c ph\u1ea9m &amp; N\u00f4ng nghi\u1ec7p<\/span><\/td>\n<\/tr>\n<tr>\n<th style=\"text-align: justify;\"><span style=\"color: #000000;\">Kho\u1ea3ng b\u01b0\u1edbc s\u00f3ng<\/span><\/th>\n<td style=\"text-align: justify;\"><span style=\"color: #000000;\">11,000 \u2013 30 cm-1<\/span><\/td>\n<\/tr>\n<\/tbody>\n<\/table>\n<\/div>\n<\/div>","protected":false},"excerpt":{"rendered":"<p><span style=\"color: #000000;\">M\u00e1y quang ph\u1ed5 FTIR PerkinElmer Spectrum 3 mang \u0111\u1ebfn kh\u1ea3 n\u0103ng l\u1ea5y m\u1eabu linh ho\u1ea1t v\u00e0 hi\u1ec7u su\u1ea5t trong c\u00e1c ph\u1ea1m vi h\u1ed3ng ngo\u1ea1i trung, g\u1ea7n v\u00e0 xa th\u00f4ng qua m\u1ed9t thi\u1ebft b\u1ecb duy nh\u1ea5t nh\u1eb1m th\u00fac \u0111\u1ea9y nghi\u00ean c\u1ee9u v\u00e0 ph\u00e1t tri\u1ec3n s\u1ea3n ph\u1ea9m m\u1edbi trong h\u1ecdc vi\u1ec7n, h\u00f3a ch\u1ea5t, polyme v\u00e0 d\u01b0\u1ee3c ph\u1ea9m. N\u1ec1n t\u1ea3ng c\u00f3 c\u1ea5u h\u00ecnh cao mang l\u1ea1i kh\u1ea3 n\u0103ng v\u1eadn h\u00e0nh \u0111\u00e1ng tin c\u1eady, nh\u1ea5t qu\u00e1n v\u00e0 kh\u00f4ng g\u1eb7p s\u1ef1 c\u1ed1 qua nhi\u1ec1u n\u0103m s\u1eed d\u1ee5ng.<\/span><\/p>","protected":false},"featured_media":904,"template":"","meta":{"inline_featured_image":false},"product_brand":[29],"product_cat":[64,63],"product_tag":[],"class_list":{"0":"post-902","1":"product","2":"type-product","3":"status-publish","4":"has-post-thumbnail","6":"product_brand-perkinelmer","7":"product_cat-quang-pho-hong-ngoai-ftir","8":"product_cat-quang-pho-phan-tu","10":"first","11":"instock","12":"shipping-taxable","13":"product-type-simple"},"yoast_head":"<!-- This site is optimized with the Yoast SEO plugin v24.7 - https:\/\/yoast.com\/wordpress\/plugins\/seo\/ -->\n<title>M\u00e1y quang ph\u1ed5 h\u1ed3ng ngo\u1ea1i FTIR Spectrum 3 - HTI Scientific<\/title>\n<meta name=\"robots\" content=\"index, follow, max-snippet:-1, max-image-preview:large, max-video-preview:-1\" \/>\n<link rel=\"canonical\" href=\"https:\/\/htiscientific.vn\/en\/product\/may-quang-pho-hong-ngoai-ftir-spectrum-3\/\" \/>\n<meta property=\"og:locale\" content=\"en_US\" \/>\n<meta property=\"og:type\" content=\"article\" \/>\n<meta property=\"og:title\" content=\"M\u00e1y quang ph\u1ed5 h\u1ed3ng ngo\u1ea1i FTIR Spectrum 3 - HTI Scientific\" \/>\n<meta property=\"og:description\" content=\"M\u00e1y quang ph\u1ed5 FTIR PerkinElmer Spectrum 3 mang \u0111\u1ebfn kh\u1ea3 n\u0103ng l\u1ea5y m\u1eabu linh ho\u1ea1t v\u00e0 hi\u1ec7u su\u1ea5t trong c\u00e1c ph\u1ea1m vi h\u1ed3ng ngo\u1ea1i trung, g\u1ea7n v\u00e0 xa th\u00f4ng qua m\u1ed9t thi\u1ebft b\u1ecb duy nh\u1ea5t nh\u1eb1m th\u00fac \u0111\u1ea9y nghi\u00ean c\u1ee9u v\u00e0 ph\u00e1t tri\u1ec3n s\u1ea3n ph\u1ea9m m\u1edbi trong h\u1ecdc vi\u1ec7n, h\u00f3a ch\u1ea5t, polyme v\u00e0 d\u01b0\u1ee3c ph\u1ea9m. N\u1ec1n t\u1ea3ng c\u00f3 c\u1ea5u h\u00ecnh cao mang l\u1ea1i kh\u1ea3 n\u0103ng v\u1eadn h\u00e0nh \u0111\u00e1ng tin c\u1eady, nh\u1ea5t qu\u00e1n v\u00e0 kh\u00f4ng g\u1eb7p s\u1ef1 c\u1ed1 qua nhi\u1ec1u n\u0103m s\u1eed d\u1ee5ng.\" \/>\n<meta property=\"og:url\" content=\"https:\/\/htiscientific.vn\/en\/product\/may-quang-pho-hong-ngoai-ftir-spectrum-3\/\" \/>\n<meta property=\"og:site_name\" content=\"HTI Scientific\" \/>\n<meta property=\"article:publisher\" content=\"https:\/\/www.facebook.com\/htiscientific.vn\" \/>\n<meta property=\"article:modified_time\" content=\"2025-05-13T08:34:46+00:00\" \/>\n<meta property=\"og:image\" content=\"https:\/\/htiscientific.vn\/wp-content\/uploads\/2025\/03\/spectrum-31.jpg\" \/>\n\t<meta property=\"og:image:width\" content=\"1000\" \/>\n\t<meta property=\"og:image:height\" content=\"1000\" \/>\n\t<meta property=\"og:image:type\" content=\"image\/jpeg\" \/>\n<meta name=\"twitter:card\" content=\"summary_large_image\" \/>\n<meta name=\"twitter:label1\" content=\"Est. reading time\" \/>\n\t<meta name=\"twitter:data1\" content=\"2 minutes\" \/>\n<script type=\"application\/ld+json\" class=\"yoast-schema-graph\">{\"@context\":\"https:\/\/schema.org\",\"@graph\":[{\"@type\":\"WebPage\",\"@id\":\"https:\/\/htiscientific.vn\/san-pham\/may-quang-pho-hong-ngoai-ftir-spectrum-3\/\",\"url\":\"https:\/\/htiscientific.vn\/san-pham\/may-quang-pho-hong-ngoai-ftir-spectrum-3\/\",\"name\":\"M\u00e1y quang ph\u1ed5 h\u1ed3ng ngo\u1ea1i FTIR Spectrum 3 - HTI Scientific\",\"isPartOf\":{\"@id\":\"https:\/\/htiscientific.vn\/#website\"},\"primaryImageOfPage\":{\"@id\":\"https:\/\/htiscientific.vn\/san-pham\/may-quang-pho-hong-ngoai-ftir-spectrum-3\/#primaryimage\"},\"image\":{\"@id\":\"https:\/\/htiscientific.vn\/san-pham\/may-quang-pho-hong-ngoai-ftir-spectrum-3\/#primaryimage\"},\"thumbnailUrl\":\"https:\/\/htiscientific.vn\/wp-content\/uploads\/2025\/03\/spectrum-31.jpg\",\"datePublished\":\"2025-03-27T09:03:07+00:00\",\"dateModified\":\"2025-05-13T08:34:46+00:00\",\"breadcrumb\":{\"@id\":\"https:\/\/htiscientific.vn\/san-pham\/may-quang-pho-hong-ngoai-ftir-spectrum-3\/#breadcrumb\"},\"inLanguage\":\"en-US\",\"potentialAction\":[{\"@type\":\"ReadAction\",\"target\":[\"https:\/\/htiscientific.vn\/san-pham\/may-quang-pho-hong-ngoai-ftir-spectrum-3\/\"]}]},{\"@type\":\"ImageObject\",\"inLanguage\":\"en-US\",\"@id\":\"https:\/\/htiscientific.vn\/san-pham\/may-quang-pho-hong-ngoai-ftir-spectrum-3\/#primaryimage\",\"url\":\"https:\/\/htiscientific.vn\/wp-content\/uploads\/2025\/03\/spectrum-31.jpg\",\"contentUrl\":\"https:\/\/htiscientific.vn\/wp-content\/uploads\/2025\/03\/spectrum-31.jpg\",\"width\":1000,\"height\":1000},{\"@type\":\"BreadcrumbList\",\"@id\":\"https:\/\/htiscientific.vn\/san-pham\/may-quang-pho-hong-ngoai-ftir-spectrum-3\/#breadcrumb\",\"itemListElement\":[{\"@type\":\"ListItem\",\"position\":1,\"name\":\"Trang ch\u1ee7\",\"item\":\"https:\/\/htiscientific.vn\/\"},{\"@type\":\"ListItem\",\"position\":2,\"name\":\"C\u1eeda h\u00e0ng\",\"item\":\"https:\/\/htiscientific.vn\/cua-hang\/\"},{\"@type\":\"ListItem\",\"position\":3,\"name\":\"Quang ph\u1ed5 ph\u00e2n t\u1eed\",\"item\":\"https:\/\/htiscientific.vn\/danh-muc-san-pham\/quang-pho-phan-tu\/\"},{\"@type\":\"ListItem\",\"position\":4,\"name\":\"Quang ph\u1ed5 h\u1ed3ng ngo\u1ea1i FTIR\",\"item\":\"https:\/\/htiscientific.vn\/danh-muc-san-pham\/quang-pho-phan-tu\/quang-pho-hong-ngoai-ftir\/\"},{\"@type\":\"ListItem\",\"position\":5,\"name\":\"M\u00e1y quang ph\u1ed5 h\u1ed3ng ngo\u1ea1i FTIR Spectrum 3\"}]},{\"@type\":\"WebSite\",\"@id\":\"https:\/\/htiscientific.vn\/#website\",\"url\":\"https:\/\/htiscientific.vn\/\",\"name\":\"HTI Scientific\",\"description\":\"HTI Scientific\",\"publisher\":{\"@id\":\"https:\/\/htiscientific.vn\/#organization\"},\"potentialAction\":[{\"@type\":\"SearchAction\",\"target\":{\"@type\":\"EntryPoint\",\"urlTemplate\":\"https:\/\/htiscientific.vn\/?s={search_term_string}\"},\"query-input\":{\"@type\":\"PropertyValueSpecification\",\"valueRequired\":true,\"valueName\":\"search_term_string\"}}],\"inLanguage\":\"en-US\"},{\"@type\":\"Organization\",\"@id\":\"https:\/\/htiscientific.vn\/#organization\",\"name\":\"HTI Scientific\",\"alternateName\":\"HTI Scientific\",\"url\":\"https:\/\/htiscientific.vn\/\",\"logo\":{\"@type\":\"ImageObject\",\"inLanguage\":\"en-US\",\"@id\":\"https:\/\/htiscientific.vn\/#\/schema\/logo\/image\/\",\"url\":\"https:\/\/htiscientific.vn\/wp-content\/uploads\/2025\/03\/ava-hti-copy.jpg\",\"contentUrl\":\"https:\/\/htiscientific.vn\/wp-content\/uploads\/2025\/03\/ava-hti-copy.jpg\",\"width\":700,\"height\":450,\"caption\":\"HTI Scientific\"},\"image\":{\"@id\":\"https:\/\/htiscientific.vn\/#\/schema\/logo\/image\/\"},\"sameAs\":[\"https:\/\/www.facebook.com\/htiscientific.vn\"]}]}<\/script>\n<!-- \/ Yoast SEO plugin. -->","yoast_head_json":{"title":"M\u00e1y quang ph\u1ed5 h\u1ed3ng ngo\u1ea1i FTIR Spectrum 3 - HTI Scientific","robots":{"index":"index","follow":"follow","max-snippet":"max-snippet:-1","max-image-preview":"max-image-preview:large","max-video-preview":"max-video-preview:-1"},"canonical":"https:\/\/htiscientific.vn\/en\/product\/may-quang-pho-hong-ngoai-ftir-spectrum-3\/","og_locale":"en_US","og_type":"article","og_title":"M\u00e1y quang ph\u1ed5 h\u1ed3ng ngo\u1ea1i FTIR Spectrum 3 - HTI Scientific","og_description":"M\u00e1y quang ph\u1ed5 FTIR PerkinElmer Spectrum 3 mang \u0111\u1ebfn kh\u1ea3 n\u0103ng l\u1ea5y m\u1eabu linh ho\u1ea1t v\u00e0 hi\u1ec7u su\u1ea5t trong c\u00e1c ph\u1ea1m vi h\u1ed3ng ngo\u1ea1i trung, g\u1ea7n v\u00e0 xa th\u00f4ng qua m\u1ed9t thi\u1ebft b\u1ecb duy nh\u1ea5t nh\u1eb1m th\u00fac \u0111\u1ea9y nghi\u00ean c\u1ee9u v\u00e0 ph\u00e1t tri\u1ec3n s\u1ea3n ph\u1ea9m m\u1edbi trong h\u1ecdc vi\u1ec7n, h\u00f3a ch\u1ea5t, polyme v\u00e0 d\u01b0\u1ee3c ph\u1ea9m. N\u1ec1n t\u1ea3ng c\u00f3 c\u1ea5u h\u00ecnh cao mang l\u1ea1i kh\u1ea3 n\u0103ng v\u1eadn h\u00e0nh \u0111\u00e1ng tin c\u1eady, nh\u1ea5t qu\u00e1n v\u00e0 kh\u00f4ng g\u1eb7p s\u1ef1 c\u1ed1 qua nhi\u1ec1u n\u0103m s\u1eed d\u1ee5ng.","og_url":"https:\/\/htiscientific.vn\/en\/product\/may-quang-pho-hong-ngoai-ftir-spectrum-3\/","og_site_name":"HTI Scientific","article_publisher":"https:\/\/www.facebook.com\/htiscientific.vn","article_modified_time":"2025-05-13T08:34:46+00:00","og_image":[{"width":1000,"height":1000,"url":"https:\/\/htiscientific.vn\/wp-content\/uploads\/2025\/03\/spectrum-31.jpg","type":"image\/jpeg"}],"twitter_card":"summary_large_image","twitter_misc":{"Est. reading time":"2 minutes"},"schema":{"@context":"https:\/\/schema.org","@graph":[{"@type":"WebPage","@id":"https:\/\/htiscientific.vn\/san-pham\/may-quang-pho-hong-ngoai-ftir-spectrum-3\/","url":"https:\/\/htiscientific.vn\/san-pham\/may-quang-pho-hong-ngoai-ftir-spectrum-3\/","name":"M\u00e1y quang ph\u1ed5 h\u1ed3ng ngo\u1ea1i FTIR Spectrum 3 - HTI Scientific","isPartOf":{"@id":"https:\/\/htiscientific.vn\/#website"},"primaryImageOfPage":{"@id":"https:\/\/htiscientific.vn\/san-pham\/may-quang-pho-hong-ngoai-ftir-spectrum-3\/#primaryimage"},"image":{"@id":"https:\/\/htiscientific.vn\/san-pham\/may-quang-pho-hong-ngoai-ftir-spectrum-3\/#primaryimage"},"thumbnailUrl":"https:\/\/htiscientific.vn\/wp-content\/uploads\/2025\/03\/spectrum-31.jpg","datePublished":"2025-03-27T09:03:07+00:00","dateModified":"2025-05-13T08:34:46+00:00","breadcrumb":{"@id":"https:\/\/htiscientific.vn\/san-pham\/may-quang-pho-hong-ngoai-ftir-spectrum-3\/#breadcrumb"},"inLanguage":"en-US","potentialAction":[{"@type":"ReadAction","target":["https:\/\/htiscientific.vn\/san-pham\/may-quang-pho-hong-ngoai-ftir-spectrum-3\/"]}]},{"@type":"ImageObject","inLanguage":"en-US","@id":"https:\/\/htiscientific.vn\/san-pham\/may-quang-pho-hong-ngoai-ftir-spectrum-3\/#primaryimage","url":"https:\/\/htiscientific.vn\/wp-content\/uploads\/2025\/03\/spectrum-31.jpg","contentUrl":"https:\/\/htiscientific.vn\/wp-content\/uploads\/2025\/03\/spectrum-31.jpg","width":1000,"height":1000},{"@type":"BreadcrumbList","@id":"https:\/\/htiscientific.vn\/san-pham\/may-quang-pho-hong-ngoai-ftir-spectrum-3\/#breadcrumb","itemListElement":[{"@type":"ListItem","position":1,"name":"Trang ch\u1ee7","item":"https:\/\/htiscientific.vn\/"},{"@type":"ListItem","position":2,"name":"C\u1eeda h\u00e0ng","item":"https:\/\/htiscientific.vn\/cua-hang\/"},{"@type":"ListItem","position":3,"name":"Quang ph\u1ed5 ph\u00e2n t\u1eed","item":"https:\/\/htiscientific.vn\/danh-muc-san-pham\/quang-pho-phan-tu\/"},{"@type":"ListItem","position":4,"name":"Quang ph\u1ed5 h\u1ed3ng ngo\u1ea1i FTIR","item":"https:\/\/htiscientific.vn\/danh-muc-san-pham\/quang-pho-phan-tu\/quang-pho-hong-ngoai-ftir\/"},{"@type":"ListItem","position":5,"name":"M\u00e1y quang ph\u1ed5 h\u1ed3ng ngo\u1ea1i FTIR Spectrum 3"}]},{"@type":"WebSite","@id":"https:\/\/htiscientific.vn\/#website","url":"https:\/\/htiscientific.vn\/","name":"HTI Scientific","description":"HTI Scientific","publisher":{"@id":"https:\/\/htiscientific.vn\/#organization"},"potentialAction":[{"@type":"SearchAction","target":{"@type":"EntryPoint","urlTemplate":"https:\/\/htiscientific.vn\/?s={search_term_string}"},"query-input":{"@type":"PropertyValueSpecification","valueRequired":true,"valueName":"search_term_string"}}],"inLanguage":"en-US"},{"@type":"Organization","@id":"https:\/\/htiscientific.vn\/#organization","name":"HTI Scientific","alternateName":"HTI Scientific","url":"https:\/\/htiscientific.vn\/","logo":{"@type":"ImageObject","inLanguage":"en-US","@id":"https:\/\/htiscientific.vn\/#\/schema\/logo\/image\/","url":"https:\/\/htiscientific.vn\/wp-content\/uploads\/2025\/03\/ava-hti-copy.jpg","contentUrl":"https:\/\/htiscientific.vn\/wp-content\/uploads\/2025\/03\/ava-hti-copy.jpg","width":700,"height":450,"caption":"HTI Scientific"},"image":{"@id":"https:\/\/htiscientific.vn\/#\/schema\/logo\/image\/"},"sameAs":["https:\/\/www.facebook.com\/htiscientific.vn"]}]}},"_links":{"self":[{"href":"https:\/\/htiscientific.vn\/en\/wp-json\/wp\/v2\/product\/902","targetHints":{"allow":["GET"]}}],"collection":[{"href":"https:\/\/htiscientific.vn\/en\/wp-json\/wp\/v2\/product"}],"about":[{"href":"https:\/\/htiscientific.vn\/en\/wp-json\/wp\/v2\/types\/product"}],"wp:featuredmedia":[{"embeddable":true,"href":"https:\/\/htiscientific.vn\/en\/wp-json\/wp\/v2\/media\/904"}],"wp:attachment":[{"href":"https:\/\/htiscientific.vn\/en\/wp-json\/wp\/v2\/media?parent=902"}],"wp:term":[{"taxonomy":"product_brand","embeddable":true,"href":"https:\/\/htiscientific.vn\/en\/wp-json\/wp\/v2\/product_brand?post=902"},{"taxonomy":"product_cat","embeddable":true,"href":"https:\/\/htiscientific.vn\/en\/wp-json\/wp\/v2\/product_cat?post=902"},{"taxonomy":"product_tag","embeddable":true,"href":"https:\/\/htiscientific.vn\/en\/wp-json\/wp\/v2\/product_tag?post=902"}],"curies":[{"name":"wp","href":"https:\/\/api.w.org\/{rel}","templated":true}]}}