{"id":899,"date":"2025-03-27T15:58:29","date_gmt":"2025-03-27T08:58:29","guid":{"rendered":"https:\/\/htiscientific.vn\/?post_type=product&#038;p=899"},"modified":"2025-03-27T15:58:29","modified_gmt":"2025-03-27T08:58:29","slug":"may-quang-pho-phat-xa-cam-ung-plasma-avio-560-max","status":"publish","type":"product","link":"https:\/\/htiscientific.vn\/en\/product\/may-quang-pho-phat-xa-cam-ung-plasma-avio-560-max\/","title":{"rendered":"Avio\u2122 560 Max ICP-OES"},"content":{"rendered":"<div class=\"acf-field\">\n<p style=\"text-align: justify;\"><span style=\"color: #000000;\">From fast to faster\u00a0<a style=\"color: #000000;\" href=\"https:\/\/www.perkinelmer.com\/Product\/avio-560-max-hts-system-n0810003\">Avio\u2122 560 Max ICP-OES<\/a>\u00a0is\u00a0<a style=\"color: #000000;\" href=\"https:\/\/perkinelmervietnam.vn\/product-category\/phan-tich-nguyen-to\/quang-pho-phat-xa-cam-ung-plasma-icp-oes\/\">a<\/a>\u00a0compact inductively coupled plasma optical emission spectrometer, offering fully simultaneous multi-element analysis and featuring a built-in High-Throughput System (HTS) sample introduction module.<\/span><\/p>\n<p style=\"text-align: justify;\"><span style=\"color: #000000;\">Exclusive Features of the Avio 560 Max ICP-OES include:<\/span><\/p>\n<ul>\n<li><span style=\"color: #000000;\">Integrated High-Throughput System (HTS) module that reduces sample run times from 1.5 minutes to just 30 seconds, significantly increasing lab productivity.<\/span><\/li>\n<li><span style=\"color: #000000;\">Universal Data Acquisition feature in Syngistix\u2122 software (exclusive to Avio 550\/560 Max), enabling simultaneous collection of emission data for all available wavelengths without additional analysis time or storage requirements.<\/span><\/li>\n<li><span style=\"color: #000000;\">Vertical Torch Design, which creates a robust plasma capable of withstanding challenging and complex sample matrices, reducing the need for extensive sample preparation.<\/span><\/li>\n<li><span style=\"color: #000000;\">Dual View Capability, allowing optimization between axial and radial viewing modes, expanding the linear dynamic range and enabling measurement of both high- and low-concentration elements in a single run, at any wavelength.<\/span><\/li>\n<li><span style=\"color: #000000;\">Advanced Free-Form, Off-Axis Optical System, fully enclosed to enhance light collection, analytical accuracy, and measurement speed.<\/span><\/li>\n<li style=\"list-style-type: none;\"><\/li>\n<\/ul>\n<\/div>\n<div class=\"acf-field\">\n<p style=\"text-align: justify;\"><span style=\"color: #000000;\"><strong>Specifications<\/strong><\/span><\/p>\n<table id=\"pe_pdp_tab_det\" style=\"width: 500px;\">\n<tbody>\n<tr style=\"text-align: justify;\">\n<td><span style=\"color: #000000;\">FDA 21 CFR Part 11 Compliance<\/span><\/td>\n<td><span style=\"color: #000000;\">Yes<\/span><\/td>\n<\/tr>\n<tr style=\"text-align: justify;\">\n<td><span style=\"color: #000000;\">Warranty\u00a0<\/span><\/td>\n<td><span style=\"color: #000000;\">1 year<\/span><\/td>\n<\/tr>\n<tr style=\"text-align: justify;\">\n<td><span style=\"color: #000000;\">Height<\/span><\/td>\n<td><span style=\"color: #000000;\">87.0 cm<\/span><\/td>\n<\/tr>\n<tr style=\"text-align: justify;\">\n<td><span style=\"color: #000000;\">Width<\/span><\/td>\n<td><span style=\"color: #000000;\">76.0 cm<\/span><\/td>\n<\/tr>\n<tr style=\"text-align: justify;\">\n<td><span style=\"color: #000000;\">Chi\u1ec1u d\u00e0i<\/span><\/td>\n<td><span style=\"color: #000000;\">84.0cm<\/span><\/td>\n<\/tr>\n<tr>\n<td style=\"text-align: justify;\"><span style=\"color: #000000;\">N\u1eb7ng<\/span><\/td>\n<td style=\"text-align: justify;\"><span style=\"color: #000000;\">163.0 kg<\/span><\/td>\n<\/tr>\n<\/tbody>\n<\/table>\n<\/div>","protected":false},"excerpt":{"rendered":"<p style=\"text-align: justify;\"><span style=\"color: #000000;\">The Avio\u2122 560 Max Inductively Coupled Plasma Optical Emission Spectrometer (ICP-OES) is a compact, fully simultaneous system designed for high-throughput elemental analysis. It comes equipped with an integrated High-Throughput System (HTS) sample introduction module, enabling sample run times to be reduced from 1.5 minutes to just 30 seconds\u2014making it ideal for QA\/QC laboratories in manufacturing plants and high-volume commercial testing labs.\n\nIn addition to high sample throughput, the Avio 560 Max is engineered to handle highly concentrated and complex sample matrices without the need for dilution, ensuring exceptional productivity, performance, and faster return on investment.\n\nLast but not least, the Syngistix\u2122 for ICP software provides a smart, intuitive environment with real-time instrument monitoring. It allows for sample diagnostics, result review, and easy tracking of analytical progress, quality control, and internal standard performance\u2014ensuring reliable and accurate results.<\/span><\/p>","protected":false},"featured_media":900,"template":"","meta":{"inline_featured_image":false},"product_brand":[29],"product_cat":[59,62],"product_tag":[],"class_list":{"0":"post-899","1":"product","2":"type-product","3":"status-publish","4":"has-post-thumbnail","6":"product_brand-perkinelmer","7":"product_cat-quang-pho-nguyen-tu","8":"product_cat-quang-pho-phat-xa-cam-ung-plasma-icp-oes","10":"first","11":"instock","12":"shipping-taxable","13":"product-type-simple"},"yoast_head":"<!-- This site is optimized with the Yoast SEO plugin v24.7 - https:\/\/yoast.com\/wordpress\/plugins\/seo\/ -->\n<title>M\u00e1y quang ph\u1ed5 ph\u00e1t x\u1ea1 c\u1ea3m \u1ee9ng plasma Avio 560 Max - HTI Scientific<\/title>\n<meta name=\"robots\" content=\"index, follow, max-snippet:-1, max-image-preview:large, max-video-preview:-1\" \/>\n<link rel=\"canonical\" href=\"https:\/\/htiscientific.vn\/en\/product\/may-quang-pho-phat-xa-cam-ung-plasma-avio-560-max\/\" \/>\n<meta property=\"og:locale\" content=\"en_US\" \/>\n<meta property=\"og:type\" content=\"article\" \/>\n<meta property=\"og:title\" content=\"M\u00e1y quang ph\u1ed5 ph\u00e1t x\u1ea1 c\u1ea3m \u1ee9ng plasma Avio 560 Max - HTI Scientific\" \/>\n<meta property=\"og:description\" content=\"T\u1eeb nhanh \u0111\u1ebfn nhanh h\u01a1n, m\u00e1y quang ph\u1ed5 ph\u00e1t x\u1ea1 c\u1ea3m \u1ee9ng plasma Avio 560 Max l\u00e0 thi\u1ebft b\u1ecb ICP-OES nh\u1ecf g\u1ecdn, ph\u00e2n t\u00edch ho\u00e0n to\u00e0n \u0111\u1ed3ng th\u1eddi c\u00e1c nguy\u00ean t\u1ed1, t\u00edch h\u1ee3p s\u1eb5n module \u0111\u01b0a m\u1eabu n\u0103ng su\u1ea5t cao HTS. S\u1ef1 k\u1ebft h\u1ee3p n\u00e0y cho ph\u00e9p gi\u1ea3m th\u1eddi gian ch\u1ea1y m\u1eabu t\u1eeb 1,5 ph\u00fat xu\u1ed1ng c\u00f2n 30 gi\u00e2y, l\u00fd t\u01b0\u1edfng cho c\u00e1c ph\u00f2ng QA\/QC trong nh\u00e0 m\u00e1y s\u1ea3n xu\u1ea5t v\u00e0 c\u00e1c ph\u00f2ng th\u1eed nghi\u1ec7m th\u01b0\u01a1ng m\u1ea1i. Ngo\u00e0i kh\u1ea3 n\u0103ng ph\u00e2n t\u00edch s\u1ed1 l\u01b0\u1ee3ng m\u1eabu l\u1edbn, Avio 560 Max \u0111\u01b0\u1ee3c thi\u1ebft k\u1ebf \u0111\u1ec3 x\u1eed l\u00fd nh\u1eefng n\u1ec1n m\u1eabu n\u1ed3ng \u0111\u1ed9 cao, ph\u1ee9c t\u1ea1p nh\u1ea5t m\u00e0 kh\u00f4ng c\u1ea7n pha lo\u00e3ng, mang l\u1ea1i n\u0103ng su\u1ea5t, hi\u1ec7u su\u1ea5t v\u00e0 quay v\u00f2ng t\u00e1i \u0111\u1ea7u t\u01b0 nhanh h\u01a1n. Cu\u1ed1i c\u00f9ng nh\u01b0ng kh\u00f4ng k\u00e9m ph\u1ea7n quan tr\u1ecdng, ph\u1ea7n m\u1ec1m Syngistix\u2122 cho ICP cung c\u1ea5p m\u1ed9t m\u00f4i tr\u01b0\u1eddng tr\u1ef1c quan, th\u00f4ng minh v\u1edbi t\u00ednh n\u0103ng gi\u00e1m s\u00e1t thi\u1ebft b\u1ecb theo th\u1eddi gian th\u1ef1c, cho ph\u00e9p ch\u1ea9n \u0111o\u00e1n m\u1eabu c\u0169ng nh\u01b0 xem k\u1ebft qu\u1ea3 \u0111\u1ec3 d\u1ec5 d\u00e0ng theo d\u00f5i m\u1eabu ph\u00e2n t\u00edch, ki\u1ec3m so\u00e1t ch\u1ea5t l\u01b0\u1ee3ng v\u00e0 hi\u1ec7u n\u0103ng c\u1ee7a ch\u1ea5t n\u1ed9i chu\u1ea9n \u0111\u1ec3 \u0111\u1ea3m b\u1ea3o s\u1ef1 ch\u00ednh x\u00e1c.\" \/>\n<meta property=\"og:url\" content=\"https:\/\/htiscientific.vn\/en\/product\/may-quang-pho-phat-xa-cam-ung-plasma-avio-560-max\/\" \/>\n<meta property=\"og:site_name\" content=\"HTI Scientific\" \/>\n<meta property=\"article:publisher\" content=\"https:\/\/www.facebook.com\/htiscientific.vn\" \/>\n<meta property=\"og:image\" content=\"https:\/\/htiscientific.vn\/wp-content\/uploads\/2025\/03\/avio-560-max-icp-oes-right-elevated-1000x1000-1.jpg\" \/>\n\t<meta property=\"og:image:width\" content=\"1000\" \/>\n\t<meta property=\"og:image:height\" content=\"1000\" \/>\n\t<meta property=\"og:image:type\" content=\"image\/jpeg\" \/>\n<meta name=\"twitter:card\" content=\"summary_large_image\" \/>\n<meta name=\"twitter:label1\" content=\"Est. reading time\" \/>\n\t<meta name=\"twitter:data1\" content=\"2 minutes\" \/>\n<script type=\"application\/ld+json\" class=\"yoast-schema-graph\">{\"@context\":\"https:\/\/schema.org\",\"@graph\":[{\"@type\":\"WebPage\",\"@id\":\"https:\/\/htiscientific.vn\/san-pham\/may-quang-pho-phat-xa-cam-ung-plasma-avio-560-max\/\",\"url\":\"https:\/\/htiscientific.vn\/san-pham\/may-quang-pho-phat-xa-cam-ung-plasma-avio-560-max\/\",\"name\":\"M\u00e1y quang ph\u1ed5 ph\u00e1t x\u1ea1 c\u1ea3m \u1ee9ng plasma Avio 560 Max - HTI Scientific\",\"isPartOf\":{\"@id\":\"https:\/\/htiscientific.vn\/#website\"},\"primaryImageOfPage\":{\"@id\":\"https:\/\/htiscientific.vn\/san-pham\/may-quang-pho-phat-xa-cam-ung-plasma-avio-560-max\/#primaryimage\"},\"image\":{\"@id\":\"https:\/\/htiscientific.vn\/san-pham\/may-quang-pho-phat-xa-cam-ung-plasma-avio-560-max\/#primaryimage\"},\"thumbnailUrl\":\"https:\/\/htiscientific.vn\/wp-content\/uploads\/2025\/03\/avio-560-max-icp-oes-right-elevated-1000x1000-1.jpg\",\"datePublished\":\"2025-03-27T08:58:29+00:00\",\"breadcrumb\":{\"@id\":\"https:\/\/htiscientific.vn\/san-pham\/may-quang-pho-phat-xa-cam-ung-plasma-avio-560-max\/#breadcrumb\"},\"inLanguage\":\"en-US\",\"potentialAction\":[{\"@type\":\"ReadAction\",\"target\":[\"https:\/\/htiscientific.vn\/san-pham\/may-quang-pho-phat-xa-cam-ung-plasma-avio-560-max\/\"]}]},{\"@type\":\"ImageObject\",\"inLanguage\":\"en-US\",\"@id\":\"https:\/\/htiscientific.vn\/san-pham\/may-quang-pho-phat-xa-cam-ung-plasma-avio-560-max\/#primaryimage\",\"url\":\"https:\/\/htiscientific.vn\/wp-content\/uploads\/2025\/03\/avio-560-max-icp-oes-right-elevated-1000x1000-1.jpg\",\"contentUrl\":\"https:\/\/htiscientific.vn\/wp-content\/uploads\/2025\/03\/avio-560-max-icp-oes-right-elevated-1000x1000-1.jpg\",\"width\":1000,\"height\":1000},{\"@type\":\"BreadcrumbList\",\"@id\":\"https:\/\/htiscientific.vn\/san-pham\/may-quang-pho-phat-xa-cam-ung-plasma-avio-560-max\/#breadcrumb\",\"itemListElement\":[{\"@type\":\"ListItem\",\"position\":1,\"name\":\"Trang ch\u1ee7\",\"item\":\"https:\/\/htiscientific.vn\/\"},{\"@type\":\"ListItem\",\"position\":2,\"name\":\"C\u1eeda h\u00e0ng\",\"item\":\"https:\/\/htiscientific.vn\/cua-hang\/\"},{\"@type\":\"ListItem\",\"position\":3,\"name\":\"Quang ph\u1ed5 nguy\u00ean t\u1eed\",\"item\":\"https:\/\/htiscientific.vn\/danh-muc-san-pham\/quang-pho-nguyen-tu\/\"},{\"@type\":\"ListItem\",\"position\":4,\"name\":\"Quang ph\u1ed5 ph\u00e1t x\u1ea1 c\u1ea3m \u1ee9ng plasma ICP-OES\",\"item\":\"https:\/\/htiscientific.vn\/danh-muc-san-pham\/quang-pho-nguyen-tu\/quang-pho-phat-xa-cam-ung-plasma-icp-oes\/\"},{\"@type\":\"ListItem\",\"position\":5,\"name\":\"M\u00e1y quang ph\u1ed5 ph\u00e1t x\u1ea1 c\u1ea3m \u1ee9ng plasma Avio 560 Max\"}]},{\"@type\":\"WebSite\",\"@id\":\"https:\/\/htiscientific.vn\/#website\",\"url\":\"https:\/\/htiscientific.vn\/\",\"name\":\"HTI Scientific\",\"description\":\"HTI Scientific\",\"publisher\":{\"@id\":\"https:\/\/htiscientific.vn\/#organization\"},\"potentialAction\":[{\"@type\":\"SearchAction\",\"target\":{\"@type\":\"EntryPoint\",\"urlTemplate\":\"https:\/\/htiscientific.vn\/?s={search_term_string}\"},\"query-input\":{\"@type\":\"PropertyValueSpecification\",\"valueRequired\":true,\"valueName\":\"search_term_string\"}}],\"inLanguage\":\"en-US\"},{\"@type\":\"Organization\",\"@id\":\"https:\/\/htiscientific.vn\/#organization\",\"name\":\"HTI Scientific\",\"alternateName\":\"HTI Scientific\",\"url\":\"https:\/\/htiscientific.vn\/\",\"logo\":{\"@type\":\"ImageObject\",\"inLanguage\":\"en-US\",\"@id\":\"https:\/\/htiscientific.vn\/#\/schema\/logo\/image\/\",\"url\":\"https:\/\/htiscientific.vn\/wp-content\/uploads\/2025\/03\/ava-hti-copy.jpg\",\"contentUrl\":\"https:\/\/htiscientific.vn\/wp-content\/uploads\/2025\/03\/ava-hti-copy.jpg\",\"width\":700,\"height\":450,\"caption\":\"HTI Scientific\"},\"image\":{\"@id\":\"https:\/\/htiscientific.vn\/#\/schema\/logo\/image\/\"},\"sameAs\":[\"https:\/\/www.facebook.com\/htiscientific.vn\"]}]}<\/script>\n<!-- \/ Yoast SEO plugin. -->","yoast_head_json":{"title":"M\u00e1y quang ph\u1ed5 ph\u00e1t x\u1ea1 c\u1ea3m \u1ee9ng plasma Avio 560 Max - HTI Scientific","robots":{"index":"index","follow":"follow","max-snippet":"max-snippet:-1","max-image-preview":"max-image-preview:large","max-video-preview":"max-video-preview:-1"},"canonical":"https:\/\/htiscientific.vn\/en\/product\/may-quang-pho-phat-xa-cam-ung-plasma-avio-560-max\/","og_locale":"en_US","og_type":"article","og_title":"M\u00e1y quang ph\u1ed5 ph\u00e1t x\u1ea1 c\u1ea3m \u1ee9ng plasma Avio 560 Max - HTI Scientific","og_description":"T\u1eeb nhanh \u0111\u1ebfn nhanh h\u01a1n, m\u00e1y quang ph\u1ed5 ph\u00e1t x\u1ea1 c\u1ea3m \u1ee9ng plasma Avio 560 Max l\u00e0 thi\u1ebft b\u1ecb ICP-OES nh\u1ecf g\u1ecdn, ph\u00e2n t\u00edch ho\u00e0n to\u00e0n \u0111\u1ed3ng th\u1eddi c\u00e1c nguy\u00ean t\u1ed1, t\u00edch h\u1ee3p s\u1eb5n module \u0111\u01b0a m\u1eabu n\u0103ng su\u1ea5t cao HTS. S\u1ef1 k\u1ebft h\u1ee3p n\u00e0y cho ph\u00e9p gi\u1ea3m th\u1eddi gian ch\u1ea1y m\u1eabu t\u1eeb 1,5 ph\u00fat xu\u1ed1ng c\u00f2n 30 gi\u00e2y, l\u00fd t\u01b0\u1edfng cho c\u00e1c ph\u00f2ng QA\/QC trong nh\u00e0 m\u00e1y s\u1ea3n xu\u1ea5t v\u00e0 c\u00e1c ph\u00f2ng th\u1eed nghi\u1ec7m th\u01b0\u01a1ng m\u1ea1i. Ngo\u00e0i kh\u1ea3 n\u0103ng ph\u00e2n t\u00edch s\u1ed1 l\u01b0\u1ee3ng m\u1eabu l\u1edbn, Avio 560 Max \u0111\u01b0\u1ee3c thi\u1ebft k\u1ebf \u0111\u1ec3 x\u1eed l\u00fd nh\u1eefng n\u1ec1n m\u1eabu n\u1ed3ng \u0111\u1ed9 cao, ph\u1ee9c t\u1ea1p nh\u1ea5t m\u00e0 kh\u00f4ng c\u1ea7n pha lo\u00e3ng, mang l\u1ea1i n\u0103ng su\u1ea5t, hi\u1ec7u su\u1ea5t v\u00e0 quay v\u00f2ng t\u00e1i \u0111\u1ea7u t\u01b0 nhanh h\u01a1n. Cu\u1ed1i c\u00f9ng nh\u01b0ng kh\u00f4ng k\u00e9m ph\u1ea7n quan tr\u1ecdng, ph\u1ea7n m\u1ec1m Syngistix\u2122 cho ICP cung c\u1ea5p m\u1ed9t m\u00f4i tr\u01b0\u1eddng tr\u1ef1c quan, th\u00f4ng minh v\u1edbi t\u00ednh n\u0103ng gi\u00e1m s\u00e1t thi\u1ebft b\u1ecb theo th\u1eddi gian th\u1ef1c, cho ph\u00e9p ch\u1ea9n \u0111o\u00e1n m\u1eabu c\u0169ng nh\u01b0 xem k\u1ebft qu\u1ea3 \u0111\u1ec3 d\u1ec5 d\u00e0ng theo d\u00f5i m\u1eabu ph\u00e2n t\u00edch, ki\u1ec3m so\u00e1t ch\u1ea5t l\u01b0\u1ee3ng v\u00e0 hi\u1ec7u n\u0103ng c\u1ee7a ch\u1ea5t n\u1ed9i chu\u1ea9n \u0111\u1ec3 \u0111\u1ea3m b\u1ea3o s\u1ef1 ch\u00ednh x\u00e1c.","og_url":"https:\/\/htiscientific.vn\/en\/product\/may-quang-pho-phat-xa-cam-ung-plasma-avio-560-max\/","og_site_name":"HTI Scientific","article_publisher":"https:\/\/www.facebook.com\/htiscientific.vn","og_image":[{"width":1000,"height":1000,"url":"https:\/\/htiscientific.vn\/wp-content\/uploads\/2025\/03\/avio-560-max-icp-oes-right-elevated-1000x1000-1.jpg","type":"image\/jpeg"}],"twitter_card":"summary_large_image","twitter_misc":{"Est. reading time":"2 minutes"},"schema":{"@context":"https:\/\/schema.org","@graph":[{"@type":"WebPage","@id":"https:\/\/htiscientific.vn\/san-pham\/may-quang-pho-phat-xa-cam-ung-plasma-avio-560-max\/","url":"https:\/\/htiscientific.vn\/san-pham\/may-quang-pho-phat-xa-cam-ung-plasma-avio-560-max\/","name":"M\u00e1y quang ph\u1ed5 ph\u00e1t x\u1ea1 c\u1ea3m \u1ee9ng plasma Avio 560 Max - HTI Scientific","isPartOf":{"@id":"https:\/\/htiscientific.vn\/#website"},"primaryImageOfPage":{"@id":"https:\/\/htiscientific.vn\/san-pham\/may-quang-pho-phat-xa-cam-ung-plasma-avio-560-max\/#primaryimage"},"image":{"@id":"https:\/\/htiscientific.vn\/san-pham\/may-quang-pho-phat-xa-cam-ung-plasma-avio-560-max\/#primaryimage"},"thumbnailUrl":"https:\/\/htiscientific.vn\/wp-content\/uploads\/2025\/03\/avio-560-max-icp-oes-right-elevated-1000x1000-1.jpg","datePublished":"2025-03-27T08:58:29+00:00","breadcrumb":{"@id":"https:\/\/htiscientific.vn\/san-pham\/may-quang-pho-phat-xa-cam-ung-plasma-avio-560-max\/#breadcrumb"},"inLanguage":"en-US","potentialAction":[{"@type":"ReadAction","target":["https:\/\/htiscientific.vn\/san-pham\/may-quang-pho-phat-xa-cam-ung-plasma-avio-560-max\/"]}]},{"@type":"ImageObject","inLanguage":"en-US","@id":"https:\/\/htiscientific.vn\/san-pham\/may-quang-pho-phat-xa-cam-ung-plasma-avio-560-max\/#primaryimage","url":"https:\/\/htiscientific.vn\/wp-content\/uploads\/2025\/03\/avio-560-max-icp-oes-right-elevated-1000x1000-1.jpg","contentUrl":"https:\/\/htiscientific.vn\/wp-content\/uploads\/2025\/03\/avio-560-max-icp-oes-right-elevated-1000x1000-1.jpg","width":1000,"height":1000},{"@type":"BreadcrumbList","@id":"https:\/\/htiscientific.vn\/san-pham\/may-quang-pho-phat-xa-cam-ung-plasma-avio-560-max\/#breadcrumb","itemListElement":[{"@type":"ListItem","position":1,"name":"Trang ch\u1ee7","item":"https:\/\/htiscientific.vn\/"},{"@type":"ListItem","position":2,"name":"C\u1eeda h\u00e0ng","item":"https:\/\/htiscientific.vn\/cua-hang\/"},{"@type":"ListItem","position":3,"name":"Quang ph\u1ed5 nguy\u00ean t\u1eed","item":"https:\/\/htiscientific.vn\/danh-muc-san-pham\/quang-pho-nguyen-tu\/"},{"@type":"ListItem","position":4,"name":"Quang ph\u1ed5 ph\u00e1t x\u1ea1 c\u1ea3m \u1ee9ng plasma ICP-OES","item":"https:\/\/htiscientific.vn\/danh-muc-san-pham\/quang-pho-nguyen-tu\/quang-pho-phat-xa-cam-ung-plasma-icp-oes\/"},{"@type":"ListItem","position":5,"name":"M\u00e1y quang ph\u1ed5 ph\u00e1t x\u1ea1 c\u1ea3m \u1ee9ng plasma Avio 560 Max"}]},{"@type":"WebSite","@id":"https:\/\/htiscientific.vn\/#website","url":"https:\/\/htiscientific.vn\/","name":"HTI Scientific","description":"HTI Scientific","publisher":{"@id":"https:\/\/htiscientific.vn\/#organization"},"potentialAction":[{"@type":"SearchAction","target":{"@type":"EntryPoint","urlTemplate":"https:\/\/htiscientific.vn\/?s={search_term_string}"},"query-input":{"@type":"PropertyValueSpecification","valueRequired":true,"valueName":"search_term_string"}}],"inLanguage":"en-US"},{"@type":"Organization","@id":"https:\/\/htiscientific.vn\/#organization","name":"HTI Scientific","alternateName":"HTI Scientific","url":"https:\/\/htiscientific.vn\/","logo":{"@type":"ImageObject","inLanguage":"en-US","@id":"https:\/\/htiscientific.vn\/#\/schema\/logo\/image\/","url":"https:\/\/htiscientific.vn\/wp-content\/uploads\/2025\/03\/ava-hti-copy.jpg","contentUrl":"https:\/\/htiscientific.vn\/wp-content\/uploads\/2025\/03\/ava-hti-copy.jpg","width":700,"height":450,"caption":"HTI Scientific"},"image":{"@id":"https:\/\/htiscientific.vn\/#\/schema\/logo\/image\/"},"sameAs":["https:\/\/www.facebook.com\/htiscientific.vn"]}]}},"_links":{"self":[{"href":"https:\/\/htiscientific.vn\/en\/wp-json\/wp\/v2\/product\/899","targetHints":{"allow":["GET"]}}],"collection":[{"href":"https:\/\/htiscientific.vn\/en\/wp-json\/wp\/v2\/product"}],"about":[{"href":"https:\/\/htiscientific.vn\/en\/wp-json\/wp\/v2\/types\/product"}],"wp:featuredmedia":[{"embeddable":true,"href":"https:\/\/htiscientific.vn\/en\/wp-json\/wp\/v2\/media\/900"}],"wp:attachment":[{"href":"https:\/\/htiscientific.vn\/en\/wp-json\/wp\/v2\/media?parent=899"}],"wp:term":[{"taxonomy":"product_brand","embeddable":true,"href":"https:\/\/htiscientific.vn\/en\/wp-json\/wp\/v2\/product_brand?post=899"},{"taxonomy":"product_cat","embeddable":true,"href":"https:\/\/htiscientific.vn\/en\/wp-json\/wp\/v2\/product_cat?post=899"},{"taxonomy":"product_tag","embeddable":true,"href":"https:\/\/htiscientific.vn\/en\/wp-json\/wp\/v2\/product_tag?post=899"}],"curies":[{"name":"wp","href":"https:\/\/api.w.org\/{rel}","templated":true}]}}