{"id":897,"date":"2025-03-27T15:56:16","date_gmt":"2025-03-27T08:56:16","guid":{"rendered":"https:\/\/htiscientific.vn\/?post_type=product&#038;p=897"},"modified":"2025-05-07T16:59:36","modified_gmt":"2025-05-07T09:59:36","slug":"may-quang-pho-phat-xa-cam-ung-plasma-avio-550-max","status":"publish","type":"product","link":"https:\/\/htiscientific.vn\/en\/product\/may-quang-pho-phat-xa-cam-ung-plasma-avio-550-max\/","title":{"rendered":"Avio\u00ae 550 Max ICP-OES"},"content":{"rendered":"<div class=\"acf-field\">\n<p style=\"text-align: justify;\"><span style=\"color: #000000;\">Exclusive Features of the\u00a0<a style=\"color: #000000;\" href=\"https:\/\/www.perkinelmer.com\/Product\/avio-550-max-oils-n0810009\">Avio\u00ae 550 Max ICP-OES<\/a>\u00a0include:<\/span><\/p>\n<ul style=\"text-align: justify;\">\n<li><span style=\"color: #000000;\">Universal Data Acquisition in Syngistix\u2122 software, exclusive to the Avio 550\/560 Max, allows for simultaneous collection of all available wavelengths without requiring additional analysis time or storage space.<\/span><\/li>\n<li><span style=\"color: #000000;\">Vertical Torch Design, which creates a robust plasma capable of withstanding challenging and complex sample matrices, reducing the need for extensive sample preparation.<\/span><\/li>\n<li><span style=\"color: #000000;\">Dual View Capability, allowing optimization between axial and radial viewing modes, expanding the linear dynamic range and enabling measurement of both high- and low-concentration elements in a single run, at any wavelength.<\/span><\/li>\n<li><span style=\"color: #000000;\">Advanced Free-Form, Off-Axis Optical System, fully enclosed to enhance light collection, analytical accuracy, and measurement speed.<\/span><\/li>\n<\/ul>\n<p style=\"text-align: justify;\"><span style=\"color: #000000;\">The Avio 550 Max ICP-OES is available in three configurations, allowing users to choose the most appropriate setup for their specific applications. The Avio 550 Max Oils configuration is ideal for inorganic analysis in used oils, such as Caterpillar<sup>\u00ae<\/sup>\u00a0S.O.S.<sup>SM<\/sup>\u00a0Program and ASTM\u00ae<sup>\u00ae<\/sup>\u00a0methods D4951 and D5185.<\/span><\/p>\n<\/div>\n<div class=\"acf-field\">\n<p style=\"text-align: justify;\"><span style=\"color: #000000;\"><strong>Specifications<\/strong><\/span><\/p>\n<table id=\"pe_pdp_tab_det\" style=\"width: 500px;\">\n<tbody>\n<tr style=\"text-align: justify;\">\n<td><span style=\"color: #000000;\">FDA 21 CFR Part 11 Compliance<\/span><\/td>\n<td><span style=\"color: #000000;\">Yes<\/span><\/td>\n<\/tr>\n<tr style=\"text-align: justify;\">\n<td><span style=\"color: #000000;\">Sample<\/span><\/td>\n<td><span style=\"color: #000000;\">Avio 550 Max Oils<\/span><\/td>\n<\/tr>\n<tr style=\"text-align: justify;\">\n<td><span style=\"color: #000000;\">Warranty\u00a0<\/span><\/td>\n<td><span style=\"color: #000000;\">1 year<\/span><\/td>\n<\/tr>\n<tr style=\"text-align: justify;\">\n<td><span style=\"color: #000000;\">Height<\/span><\/td>\n<td><span style=\"color: #000000;\">87.0 cm<\/span><\/td>\n<\/tr>\n<tr style=\"text-align: justify;\">\n<td><span style=\"color: #000000;\">Width<\/span><\/td>\n<td><span style=\"color: #000000;\">76.0 cm<\/span><\/td>\n<\/tr>\n<tr style=\"text-align: justify;\">\n<td><span style=\"color: #000000;\">Chi\u1ec1u d\u00e0i<\/span><\/td>\n<td><span style=\"color: #000000;\">84.0cm<\/span><\/td>\n<\/tr>\n<tr>\n<td style=\"text-align: justify;\"><span style=\"color: #000000;\">Weight<\/span><\/td>\n<td style=\"text-align: justify;\"><span style=\"color: #000000;\">163.0 kg<\/span><\/td>\n<\/tr>\n<\/tbody>\n<\/table>\n<\/div>","protected":false},"excerpt":{"rendered":"<p style=\"text-align: justify;\"><span style=\"color: #000000;\">The Avio\u00ae 550 Max Inductively Coupled Plasma Optical Emission Spectrometer (ICP-OES)\u00a0<a style=\"color: #000000;\" href=\"https:\/\/perkinelmervietnam.vn\/product-category\/phan-tich-nguyen-to\/quang-pho-phat-xa-cam-ung-plasma-icp-oes\/\">a<\/a>\u00a0is a compact, fully simultaneous system ideal for laboratories that require high-throughput elemental analysis.\n\nFeaturing a vertical plasma design, the Avio 550 Max is engineered to handle highly concentrated and complex sample matrices without dilution, delivering exceptional productivity, performance, and faster return on investment.\n\nIn addition, the system is powered by Syngistix\u2122 for ICP software, which offers a smart, intuitive interface with real-time instrument monitoring. Users can perform sample diagnostics, view results, and track analysis workflows, ensuring consistent quality control and internal standard performance for accurate and reliable results.<\/span><\/p>","protected":false},"featured_media":898,"template":"","meta":{"inline_featured_image":false},"product_brand":[29],"product_cat":[59,62,108],"product_tag":[],"class_list":{"0":"post-897","1":"product","2":"type-product","3":"status-publish","4":"has-post-thumbnail","6":"product_brand-perkinelmer","7":"product_cat-quang-pho-nguyen-tu","8":"product_cat-quang-pho-phat-xa-cam-ung-plasma-icp-oes","9":"product_cat-san-pham-noi-bat-trang-chu","11":"first","12":"instock","13":"featured","14":"shipping-taxable","15":"product-type-simple"},"yoast_head":"<!-- This site is optimized with the Yoast SEO plugin v24.7 - https:\/\/yoast.com\/wordpress\/plugins\/seo\/ -->\n<title>M\u00e1y quang ph\u1ed5 ph\u00e1t x\u1ea1 c\u1ea3m \u1ee9ng plasma Avio 550 Max - HTI Scientific<\/title>\n<meta name=\"robots\" content=\"index, follow, max-snippet:-1, max-image-preview:large, max-video-preview:-1\" \/>\n<link rel=\"canonical\" href=\"https:\/\/htiscientific.vn\/en\/product\/may-quang-pho-phat-xa-cam-ung-plasma-avio-550-max\/\" \/>\n<meta property=\"og:locale\" content=\"en_US\" \/>\n<meta property=\"og:type\" content=\"article\" \/>\n<meta property=\"og:title\" content=\"M\u00e1y quang ph\u1ed5 ph\u00e1t x\u1ea1 c\u1ea3m \u1ee9ng plasma Avio 550 Max - HTI Scientific\" \/>\n<meta property=\"og:description\" content=\"M\u00e1y quang ph\u1ed5 ph\u00e1t x\u1ea1 c\u1ea3m \u1ee9ng plasma Avio\u00ae 550 Max l\u00e0\u00a0thi\u1ebft b\u1ecb ICP-OES\u00a0nh\u1ecf g\u1ecdn, ph\u00e2n t\u00edch ho\u00e0n to\u00e0n \u0111\u1ed3ng th\u1eddi c\u00e1c nguy\u00ean t\u1ed1, l\u00fd t\u01b0\u1edfng cho c\u00e1c ph\u00f2ng th\u00ed nghi\u1ec7m c\u1ea7n ph\u00e2n t\u00edch s\u1ed1 l\u01b0\u1ee3ng m\u1eabu l\u1edbn. H\u1ec7 th\u1ed1ng s\u1eed d\u1ee5ng plasma d\u1ecdc v\u00e0 \u0111\u01b0\u1ee3c thi\u1ebft k\u1ebf \u0111\u1ec3 x\u1eed l\u00fd nh\u1eefng n\u1ec1n m\u1eabu n\u1ed3ng \u0111\u1ed9 cao, ph\u1ee9c t\u1ea1p nh\u1ea5t m\u00e0 kh\u00f4ng c\u1ea7n pha lo\u00e3ng, mang l\u1ea1i n\u0103ng su\u1ea5t, hi\u1ec7u su\u1ea5t v\u00e0 quay v\u00f2ng t\u00e1i \u0111\u1ea7u t\u01b0 nhanh h\u01a1n. Ngo\u00e0i ra, ph\u1ea7n m\u1ec1m Syngistix\u2122 cho ICP cung c\u1ea5p m\u1ed9t m\u00f4i tr\u01b0\u1eddng tr\u1ef1c quan, th\u00f4ng minh v\u1edbi t\u00ednh n\u0103ng gi\u00e1m s\u00e1t thi\u1ebft b\u1ecb theo th\u1eddi gian th\u1ef1c, cho ph\u00e9p ch\u1ea9n \u0111o\u00e1n m\u1eabu c\u0169ng nh\u01b0 xem k\u1ebft qu\u1ea3 \u0111\u1ec3 d\u1ec5 d\u00e0ng theo d\u00f5i m\u1eabu ph\u00e2n t\u00edch, ki\u1ec3m so\u00e1t ch\u1ea5t l\u01b0\u1ee3ng v\u00e0 hi\u1ec7u n\u0103ng c\u1ee7a ch\u1ea5t n\u1ed9i chu\u1ea9n \u0111\u1ec3 \u0111\u1ea3m b\u1ea3o s\u1ef1 ch\u00ednh x\u00e1c.\" \/>\n<meta property=\"og:url\" content=\"https:\/\/htiscientific.vn\/en\/product\/may-quang-pho-phat-xa-cam-ung-plasma-avio-550-max\/\" \/>\n<meta property=\"og:site_name\" content=\"HTI Scientific\" \/>\n<meta property=\"article:publisher\" content=\"https:\/\/www.facebook.com\/htiscientific.vn\" \/>\n<meta property=\"article:modified_time\" content=\"2025-05-07T09:59:36+00:00\" \/>\n<meta property=\"og:image\" content=\"https:\/\/htiscientific.vn\/wp-content\/uploads\/2025\/03\/avio-550-max-icp-oes-front-elevated-1000x1000-2.jpg\" \/>\n\t<meta property=\"og:image:width\" content=\"1000\" \/>\n\t<meta property=\"og:image:height\" content=\"1000\" \/>\n\t<meta property=\"og:image:type\" content=\"image\/jpeg\" \/>\n<meta name=\"twitter:card\" content=\"summary_large_image\" \/>\n<meta name=\"twitter:label1\" content=\"Est. reading time\" \/>\n\t<meta name=\"twitter:data1\" content=\"2 minutes\" \/>\n<script type=\"application\/ld+json\" class=\"yoast-schema-graph\">{\"@context\":\"https:\/\/schema.org\",\"@graph\":[{\"@type\":\"WebPage\",\"@id\":\"https:\/\/htiscientific.vn\/san-pham\/may-quang-pho-phat-xa-cam-ung-plasma-avio-550-max\/\",\"url\":\"https:\/\/htiscientific.vn\/san-pham\/may-quang-pho-phat-xa-cam-ung-plasma-avio-550-max\/\",\"name\":\"M\u00e1y quang ph\u1ed5 ph\u00e1t x\u1ea1 c\u1ea3m \u1ee9ng plasma Avio 550 Max - HTI Scientific\",\"isPartOf\":{\"@id\":\"https:\/\/htiscientific.vn\/#website\"},\"primaryImageOfPage\":{\"@id\":\"https:\/\/htiscientific.vn\/san-pham\/may-quang-pho-phat-xa-cam-ung-plasma-avio-550-max\/#primaryimage\"},\"image\":{\"@id\":\"https:\/\/htiscientific.vn\/san-pham\/may-quang-pho-phat-xa-cam-ung-plasma-avio-550-max\/#primaryimage\"},\"thumbnailUrl\":\"https:\/\/htiscientific.vn\/wp-content\/uploads\/2025\/03\/avio-550-max-icp-oes-front-elevated-1000x1000-2.jpg\",\"datePublished\":\"2025-03-27T08:56:16+00:00\",\"dateModified\":\"2025-05-07T09:59:36+00:00\",\"breadcrumb\":{\"@id\":\"https:\/\/htiscientific.vn\/san-pham\/may-quang-pho-phat-xa-cam-ung-plasma-avio-550-max\/#breadcrumb\"},\"inLanguage\":\"en-US\",\"potentialAction\":[{\"@type\":\"ReadAction\",\"target\":[\"https:\/\/htiscientific.vn\/san-pham\/may-quang-pho-phat-xa-cam-ung-plasma-avio-550-max\/\"]}]},{\"@type\":\"ImageObject\",\"inLanguage\":\"en-US\",\"@id\":\"https:\/\/htiscientific.vn\/san-pham\/may-quang-pho-phat-xa-cam-ung-plasma-avio-550-max\/#primaryimage\",\"url\":\"https:\/\/htiscientific.vn\/wp-content\/uploads\/2025\/03\/avio-550-max-icp-oes-front-elevated-1000x1000-2.jpg\",\"contentUrl\":\"https:\/\/htiscientific.vn\/wp-content\/uploads\/2025\/03\/avio-550-max-icp-oes-front-elevated-1000x1000-2.jpg\",\"width\":1000,\"height\":1000},{\"@type\":\"BreadcrumbList\",\"@id\":\"https:\/\/htiscientific.vn\/san-pham\/may-quang-pho-phat-xa-cam-ung-plasma-avio-550-max\/#breadcrumb\",\"itemListElement\":[{\"@type\":\"ListItem\",\"position\":1,\"name\":\"Trang ch\u1ee7\",\"item\":\"https:\/\/htiscientific.vn\/\"},{\"@type\":\"ListItem\",\"position\":2,\"name\":\"C\u1eeda h\u00e0ng\",\"item\":\"https:\/\/htiscientific.vn\/cua-hang\/\"},{\"@type\":\"ListItem\",\"position\":3,\"name\":\"Quang ph\u1ed5 nguy\u00ean t\u1eed\",\"item\":\"https:\/\/htiscientific.vn\/danh-muc-san-pham\/quang-pho-nguyen-tu\/\"},{\"@type\":\"ListItem\",\"position\":4,\"name\":\"Quang ph\u1ed5 ph\u00e1t x\u1ea1 c\u1ea3m \u1ee9ng plasma ICP-OES\",\"item\":\"https:\/\/htiscientific.vn\/danh-muc-san-pham\/quang-pho-nguyen-tu\/quang-pho-phat-xa-cam-ung-plasma-icp-oes\/\"},{\"@type\":\"ListItem\",\"position\":5,\"name\":\"M\u00e1y quang ph\u1ed5 ph\u00e1t x\u1ea1 c\u1ea3m \u1ee9ng plasma Avio 550 Max\"}]},{\"@type\":\"WebSite\",\"@id\":\"https:\/\/htiscientific.vn\/#website\",\"url\":\"https:\/\/htiscientific.vn\/\",\"name\":\"HTI Scientific\",\"description\":\"HTI Scientific\",\"publisher\":{\"@id\":\"https:\/\/htiscientific.vn\/#organization\"},\"potentialAction\":[{\"@type\":\"SearchAction\",\"target\":{\"@type\":\"EntryPoint\",\"urlTemplate\":\"https:\/\/htiscientific.vn\/?s={search_term_string}\"},\"query-input\":{\"@type\":\"PropertyValueSpecification\",\"valueRequired\":true,\"valueName\":\"search_term_string\"}}],\"inLanguage\":\"en-US\"},{\"@type\":\"Organization\",\"@id\":\"https:\/\/htiscientific.vn\/#organization\",\"name\":\"HTI Scientific\",\"alternateName\":\"HTI Scientific\",\"url\":\"https:\/\/htiscientific.vn\/\",\"logo\":{\"@type\":\"ImageObject\",\"inLanguage\":\"en-US\",\"@id\":\"https:\/\/htiscientific.vn\/#\/schema\/logo\/image\/\",\"url\":\"https:\/\/htiscientific.vn\/wp-content\/uploads\/2025\/03\/ava-hti-copy.jpg\",\"contentUrl\":\"https:\/\/htiscientific.vn\/wp-content\/uploads\/2025\/03\/ava-hti-copy.jpg\",\"width\":700,\"height\":450,\"caption\":\"HTI Scientific\"},\"image\":{\"@id\":\"https:\/\/htiscientific.vn\/#\/schema\/logo\/image\/\"},\"sameAs\":[\"https:\/\/www.facebook.com\/htiscientific.vn\"]}]}<\/script>\n<!-- \/ Yoast SEO plugin. -->","yoast_head_json":{"title":"M\u00e1y quang ph\u1ed5 ph\u00e1t x\u1ea1 c\u1ea3m \u1ee9ng plasma Avio 550 Max - HTI Scientific","robots":{"index":"index","follow":"follow","max-snippet":"max-snippet:-1","max-image-preview":"max-image-preview:large","max-video-preview":"max-video-preview:-1"},"canonical":"https:\/\/htiscientific.vn\/en\/product\/may-quang-pho-phat-xa-cam-ung-plasma-avio-550-max\/","og_locale":"en_US","og_type":"article","og_title":"M\u00e1y quang ph\u1ed5 ph\u00e1t x\u1ea1 c\u1ea3m \u1ee9ng plasma Avio 550 Max - HTI Scientific","og_description":"M\u00e1y quang ph\u1ed5 ph\u00e1t x\u1ea1 c\u1ea3m \u1ee9ng plasma Avio\u00ae 550 Max l\u00e0\u00a0thi\u1ebft b\u1ecb ICP-OES\u00a0nh\u1ecf g\u1ecdn, ph\u00e2n t\u00edch ho\u00e0n to\u00e0n \u0111\u1ed3ng th\u1eddi c\u00e1c nguy\u00ean t\u1ed1, l\u00fd t\u01b0\u1edfng cho c\u00e1c ph\u00f2ng th\u00ed nghi\u1ec7m c\u1ea7n ph\u00e2n t\u00edch s\u1ed1 l\u01b0\u1ee3ng m\u1eabu l\u1edbn. H\u1ec7 th\u1ed1ng s\u1eed d\u1ee5ng plasma d\u1ecdc v\u00e0 \u0111\u01b0\u1ee3c thi\u1ebft k\u1ebf \u0111\u1ec3 x\u1eed l\u00fd nh\u1eefng n\u1ec1n m\u1eabu n\u1ed3ng \u0111\u1ed9 cao, ph\u1ee9c t\u1ea1p nh\u1ea5t m\u00e0 kh\u00f4ng c\u1ea7n pha lo\u00e3ng, mang l\u1ea1i n\u0103ng su\u1ea5t, hi\u1ec7u su\u1ea5t v\u00e0 quay v\u00f2ng t\u00e1i \u0111\u1ea7u t\u01b0 nhanh h\u01a1n. Ngo\u00e0i ra, ph\u1ea7n m\u1ec1m Syngistix\u2122 cho ICP cung c\u1ea5p m\u1ed9t m\u00f4i tr\u01b0\u1eddng tr\u1ef1c quan, th\u00f4ng minh v\u1edbi t\u00ednh n\u0103ng gi\u00e1m s\u00e1t thi\u1ebft b\u1ecb theo th\u1eddi gian th\u1ef1c, cho ph\u00e9p ch\u1ea9n \u0111o\u00e1n m\u1eabu c\u0169ng nh\u01b0 xem k\u1ebft qu\u1ea3 \u0111\u1ec3 d\u1ec5 d\u00e0ng theo d\u00f5i m\u1eabu ph\u00e2n t\u00edch, ki\u1ec3m so\u00e1t ch\u1ea5t l\u01b0\u1ee3ng v\u00e0 hi\u1ec7u n\u0103ng c\u1ee7a ch\u1ea5t n\u1ed9i chu\u1ea9n \u0111\u1ec3 \u0111\u1ea3m b\u1ea3o s\u1ef1 ch\u00ednh x\u00e1c.","og_url":"https:\/\/htiscientific.vn\/en\/product\/may-quang-pho-phat-xa-cam-ung-plasma-avio-550-max\/","og_site_name":"HTI Scientific","article_publisher":"https:\/\/www.facebook.com\/htiscientific.vn","article_modified_time":"2025-05-07T09:59:36+00:00","og_image":[{"width":1000,"height":1000,"url":"https:\/\/htiscientific.vn\/wp-content\/uploads\/2025\/03\/avio-550-max-icp-oes-front-elevated-1000x1000-2.jpg","type":"image\/jpeg"}],"twitter_card":"summary_large_image","twitter_misc":{"Est. reading time":"2 minutes"},"schema":{"@context":"https:\/\/schema.org","@graph":[{"@type":"WebPage","@id":"https:\/\/htiscientific.vn\/san-pham\/may-quang-pho-phat-xa-cam-ung-plasma-avio-550-max\/","url":"https:\/\/htiscientific.vn\/san-pham\/may-quang-pho-phat-xa-cam-ung-plasma-avio-550-max\/","name":"M\u00e1y quang ph\u1ed5 ph\u00e1t x\u1ea1 c\u1ea3m \u1ee9ng plasma Avio 550 Max - HTI Scientific","isPartOf":{"@id":"https:\/\/htiscientific.vn\/#website"},"primaryImageOfPage":{"@id":"https:\/\/htiscientific.vn\/san-pham\/may-quang-pho-phat-xa-cam-ung-plasma-avio-550-max\/#primaryimage"},"image":{"@id":"https:\/\/htiscientific.vn\/san-pham\/may-quang-pho-phat-xa-cam-ung-plasma-avio-550-max\/#primaryimage"},"thumbnailUrl":"https:\/\/htiscientific.vn\/wp-content\/uploads\/2025\/03\/avio-550-max-icp-oes-front-elevated-1000x1000-2.jpg","datePublished":"2025-03-27T08:56:16+00:00","dateModified":"2025-05-07T09:59:36+00:00","breadcrumb":{"@id":"https:\/\/htiscientific.vn\/san-pham\/may-quang-pho-phat-xa-cam-ung-plasma-avio-550-max\/#breadcrumb"},"inLanguage":"en-US","potentialAction":[{"@type":"ReadAction","target":["https:\/\/htiscientific.vn\/san-pham\/may-quang-pho-phat-xa-cam-ung-plasma-avio-550-max\/"]}]},{"@type":"ImageObject","inLanguage":"en-US","@id":"https:\/\/htiscientific.vn\/san-pham\/may-quang-pho-phat-xa-cam-ung-plasma-avio-550-max\/#primaryimage","url":"https:\/\/htiscientific.vn\/wp-content\/uploads\/2025\/03\/avio-550-max-icp-oes-front-elevated-1000x1000-2.jpg","contentUrl":"https:\/\/htiscientific.vn\/wp-content\/uploads\/2025\/03\/avio-550-max-icp-oes-front-elevated-1000x1000-2.jpg","width":1000,"height":1000},{"@type":"BreadcrumbList","@id":"https:\/\/htiscientific.vn\/san-pham\/may-quang-pho-phat-xa-cam-ung-plasma-avio-550-max\/#breadcrumb","itemListElement":[{"@type":"ListItem","position":1,"name":"Trang ch\u1ee7","item":"https:\/\/htiscientific.vn\/"},{"@type":"ListItem","position":2,"name":"C\u1eeda h\u00e0ng","item":"https:\/\/htiscientific.vn\/cua-hang\/"},{"@type":"ListItem","position":3,"name":"Quang ph\u1ed5 nguy\u00ean t\u1eed","item":"https:\/\/htiscientific.vn\/danh-muc-san-pham\/quang-pho-nguyen-tu\/"},{"@type":"ListItem","position":4,"name":"Quang ph\u1ed5 ph\u00e1t x\u1ea1 c\u1ea3m \u1ee9ng plasma ICP-OES","item":"https:\/\/htiscientific.vn\/danh-muc-san-pham\/quang-pho-nguyen-tu\/quang-pho-phat-xa-cam-ung-plasma-icp-oes\/"},{"@type":"ListItem","position":5,"name":"M\u00e1y quang ph\u1ed5 ph\u00e1t x\u1ea1 c\u1ea3m \u1ee9ng plasma Avio 550 Max"}]},{"@type":"WebSite","@id":"https:\/\/htiscientific.vn\/#website","url":"https:\/\/htiscientific.vn\/","name":"HTI Scientific","description":"HTI Scientific","publisher":{"@id":"https:\/\/htiscientific.vn\/#organization"},"potentialAction":[{"@type":"SearchAction","target":{"@type":"EntryPoint","urlTemplate":"https:\/\/htiscientific.vn\/?s={search_term_string}"},"query-input":{"@type":"PropertyValueSpecification","valueRequired":true,"valueName":"search_term_string"}}],"inLanguage":"en-US"},{"@type":"Organization","@id":"https:\/\/htiscientific.vn\/#organization","name":"HTI Scientific","alternateName":"HTI Scientific","url":"https:\/\/htiscientific.vn\/","logo":{"@type":"ImageObject","inLanguage":"en-US","@id":"https:\/\/htiscientific.vn\/#\/schema\/logo\/image\/","url":"https:\/\/htiscientific.vn\/wp-content\/uploads\/2025\/03\/ava-hti-copy.jpg","contentUrl":"https:\/\/htiscientific.vn\/wp-content\/uploads\/2025\/03\/ava-hti-copy.jpg","width":700,"height":450,"caption":"HTI Scientific"},"image":{"@id":"https:\/\/htiscientific.vn\/#\/schema\/logo\/image\/"},"sameAs":["https:\/\/www.facebook.com\/htiscientific.vn"]}]}},"_links":{"self":[{"href":"https:\/\/htiscientific.vn\/en\/wp-json\/wp\/v2\/product\/897","targetHints":{"allow":["GET"]}}],"collection":[{"href":"https:\/\/htiscientific.vn\/en\/wp-json\/wp\/v2\/product"}],"about":[{"href":"https:\/\/htiscientific.vn\/en\/wp-json\/wp\/v2\/types\/product"}],"wp:featuredmedia":[{"embeddable":true,"href":"https:\/\/htiscientific.vn\/en\/wp-json\/wp\/v2\/media\/898"}],"wp:attachment":[{"href":"https:\/\/htiscientific.vn\/en\/wp-json\/wp\/v2\/media?parent=897"}],"wp:term":[{"taxonomy":"product_brand","embeddable":true,"href":"https:\/\/htiscientific.vn\/en\/wp-json\/wp\/v2\/product_brand?post=897"},{"taxonomy":"product_cat","embeddable":true,"href":"https:\/\/htiscientific.vn\/en\/wp-json\/wp\/v2\/product_cat?post=897"},{"taxonomy":"product_tag","embeddable":true,"href":"https:\/\/htiscientific.vn\/en\/wp-json\/wp\/v2\/product_tag?post=897"}],"curies":[{"name":"wp","href":"https:\/\/api.w.org\/{rel}","templated":true}]}}