{"id":892,"date":"2025-03-27T15:49:36","date_gmt":"2025-03-27T08:49:36","guid":{"rendered":"https:\/\/htiscientific.vn\/?post_type=product&#038;p=892"},"modified":"2025-03-27T15:49:36","modified_gmt":"2025-03-27T08:49:36","slug":"he-thong-khoi-pho-plasma-cam-ung-nexion-5000","status":"publish","type":"product","link":"https:\/\/htiscientific.vn\/en\/product\/he-thong-khoi-pho-plasma-cam-ung-nexion-5000\/","title":{"rendered":"NexION\u2122 5000 ICP Mass Spectrometry System"},"content":{"rendered":"<div class=\"acf-field\">\n<p style=\"text-align: justify;\"><span style=\"color: #000000;\"><a style=\"color: #000000;\" href=\"https:\/\/www.perkinelmer.com\/product\/final-assy-nexion-5000-model-b-n8160009\">NexION\u2122 5000 Non-Cleanroom ICP Mass Spectrometry System<\/a>\u00a0was recommended for applications that do not require cleanroom environments but still demand the unprecedented sensitivity and interference removal capabilities of the NexION\u2122 5000 series, this system features a range of new and proprietary technologies that deliver exceptional detection limits, remarkable accuracy, outstanding repeatability, and long-term stability to meet your most demanding application needs:<\/span><\/p>\n<ul style=\"text-align: justify;\">\n<li><span style=\"color: #000000;\">The Industry\u2019s First Four-Quadrupole\u00a0<a style=\"color: #000000;\" href=\"https:\/\/perkinelmervietnam.vn\/product-category\/phan-tich-nguyen-to\/khoi-pho-plasma-cam-ung-icp-ms\/\">ICP-MS system<\/a><\/span>\n<ul>\n<li><span style=\"color: #000000;\">First Quadrupole (Q0): The ion guide quadrupole directs target ions into the first mass filter.<\/span><\/li>\n<li><span style=\"color: #000000;\">Second Quadrupole (Q1): A full-sized resolving quadrupole (&lt;0.7 amu mass resolution) that can operate as a mass filter or as an ion guide, channeling ions toward the reaction\/collision cell.<\/span><\/li>\n<li><span style=\"color: #000000;\">Third Quadrupole (Q2): A collision\/reaction quadrupole (Dynamic Bandpass Tuning-enhanced Universal Cell) that suppresses side reactions with residual reaction gases, improving interference removal.<\/span><\/li>\n<li><span style=\"color: #000000;\">Fourth Quadrupole (Q3): Another full-sized resolving quadrupole (&lt;0.7 amu mass resolution) functioning as either a mass filter or ion guide to direct ions toward the detector.<\/span><\/li>\n<\/ul>\n<\/li>\n<li><span style=\"color: #000000;\">T\u00ednh n\u0103ng m\u1edf r\u1ed9ng kho\u1ea3ng \u0111\u1ed9ng h\u1ecdc (EDR) gi\u00fap t\u0103ng d\u1ea3i \u0111\u1ed9ng h\u1ecdc tuy\u1ebfn t\u00ednh l\u00ean 10<sup>14<\/sup>allowing simultaneous analysis of high- and low-concentration samples in a single run\u2014reducing the need for reruns and increasing overall efficiency.<\/span><\/li>\n<li><span style=\"color: #000000;\">Minimal Maintenance \u2013 Maximum Uptime:<\/span>\n<ul>\n<li><span style=\"color: #000000;\">The combination of the Triple Cone Interface and Q0 ion guide means the downstream mass filtering system requires no routine maintenance, allowing for continuous operation and improved long-term stability.<\/span><\/li>\n<li><span style=\"color: #000000;\">M\u00e1y ph\u00e1t RF ch\u1ea1y t\u1ef1 do 34 MHz mang \u0111\u1ebfn tr\u1ea3i nghi\u1ec7m kh\u00f4ng g\u1eb7p s\u1ef1 c\u1ed1 cho ng\u01b0\u1eddi d\u00f9ng \u2013 plasma \u0111\u01b0\u1ee3c t\u1ea1o ra b\u1edfi cu\u1ed9n t\u1ea3i RF LumiCoil\u2122 \u0111\u1ed9c \u0111\u00e1o, \u0111\u01b0\u1ee3c l\u00e0m m\u00e1t b\u1eb1ng kh\u00f4ng kh\u00ed (kh\u00f4ng c\u1ea7n l\u00e0m m\u00e1t b\u1eb1ng n\u01b0\u1edbc ho\u1eb7c kh\u00ed), do \u0111\u00f3 kh\u00f4ng c\u1ea7n b\u1ea3o tr\u00ec, lo\u1ea1i b\u1ecf nhu c\u1ea7u thay th\u1ebfcu\u1ed9n d\u00e2y t\u1ea3i<\/span><\/li>\n<\/ul>\n<\/li>\n<li><span style=\"color: #000000;\">M\u00e0n h\u00ecnh hi\u1ec3n th\u1ecb tr\u1ea1ng th\u00e1i m\u00e1y gi\u00fap d\u1ec5 d\u00e0ng quan s\u00e1t tr\u1ea1ng th\u00e1i ph\u00e2n t\u00edch, t\u1ed1i \u01b0u h\u00f3a hi\u1ec7u qu\u1ea3<\/span><\/li>\n<li><span style=\"color: #000000;\">Ph\u1ea7n m\u1ec1m Syngistix\u2122 d\u00e0nh cho ICP-MS (phi\u00ean b\u1ea3n 3.0 tr\u1edf l\u00ean) k\u1ebft h\u1ee3p s\u1ee9c m\u1ea1nh c\u1ee7a h\u1ec7 quang ion ba t\u1ee9 c\u1ef1c v\u1edbi kh\u1ea3 n\u0103ng kh\u1edfi \u0111\u1ed9ng t\u1ef1 \u0111\u1ed9ng, t\u1ed1i \u01b0u h\u00f3a, ph\u00e2n t\u00edch theo nh\u00f3m m\u1eabu v\u00e0 t\u1eaft m\u00e1y, quy tr\u00ecnh l\u00e0m vi\u1ec7c th\u00e2n thi\u1ec7n v\u1edbi ng\u01b0\u1eddi d\u00f9ng, v\u00e0 nhi\u1ec1u t\u00ednh n\u0103ng kh\u00e1c trong m\u1ed9t giao di\u1ec7n ng\u01b0\u1eddi d\u00f9ng hi\u1ec7n \u0111\u1ea1i.<\/span><\/li>\n<\/ul>\n<\/div>\n<div class=\"acf-field\">\n<p style=\"text-align: justify;\"><span style=\"color: #000000;\"><strong>Specifications<\/strong><\/span><\/p>\n<table id=\"pe_pdp_tab_det\" style=\"width: 300px;\">\n<tbody>\n<tr style=\"text-align: justify;\">\n<td><span style=\"color: #000000;\">Height<\/span><\/td>\n<td><span style=\"color: #000000;\">85.0 cm<\/span><\/td>\n<\/tr>\n<tr style=\"text-align: justify;\">\n<td><span style=\"color: #000000;\">Chi\u1ec1u d\u00e0i<\/span><\/td>\n<td><span style=\"color: #000000;\">114.0 cm<\/span><\/td>\n<\/tr>\n<tr style=\"text-align: justify;\">\n<td><span style=\"color: #000000;\">Width<\/span><\/td>\n<td><span style=\"color: #000000;\">85.0cm<\/span><\/td>\n<\/tr>\n<tr>\n<td style=\"text-align: justify;\"><span style=\"color: #000000;\">Weight<\/span><\/td>\n<td style=\"text-align: justify;\"><span style=\"color: #000000;\">191.0 kg<\/span><\/td>\n<\/tr>\n<\/tbody>\n<\/table>\n<\/div>","protected":false},"excerpt":{"rendered":"<p style=\"text-align: justify;\"><span style=\"color: #000000;\">The NexION\u2122 5000 Multi-Quadrupole ICP-MS is the first in a new series of four-quadrupole instruments, innovatively designed to meet\u2014and exceed\u2014the rigorous demands of ultra-trace elemental analysis. With performance that surpasses traditional triple quadrupole systems, the NexION 5000 delivers exceptionally low background levels and outstanding detection limits\u2014critical for ensuring accurate results with excellent reproducibility.\n\nIn addition to its four-quadrupole configuration, the NexION 5000 provides superior interference removal, unmatched stability, and the ability to handle complex sample matrices with confidence\u2014delivering truly reliable performance.<\/span><\/p>\n<p style=\"text-align: justify;\"><span style=\"color: #000000;\">The NexION 5000 has also been recognized with three prestigious awards: The Wiley Analytical Science Award, the Analytical Scientist Innovation Award, the R&amp;D 100 Award.<\/span><\/p>","protected":false},"featured_media":894,"template":"","meta":{"inline_featured_image":false},"product_brand":[29],"product_cat":[61,59],"product_tag":[],"class_list":{"0":"post-892","1":"product","2":"type-product","3":"status-publish","4":"has-post-thumbnail","6":"product_brand-perkinelmer","7":"product_cat-khoi-pho-plasma-cam-ung-icp-ms","8":"product_cat-quang-pho-nguyen-tu","10":"first","11":"instock","12":"shipping-taxable","13":"product-type-simple"},"yoast_head":"<!-- This site is optimized with the Yoast SEO plugin v24.7 - https:\/\/yoast.com\/wordpress\/plugins\/seo\/ -->\n<title>H\u1ec7 th\u1ed1ng kh\u1ed1i ph\u1ed5 plasma c\u1ea3m \u1ee9ng NexION 5000 - HTI Scientific<\/title>\n<meta name=\"robots\" content=\"index, follow, max-snippet:-1, max-image-preview:large, max-video-preview:-1\" \/>\n<link rel=\"canonical\" href=\"https:\/\/htiscientific.vn\/en\/product\/he-thong-khoi-pho-plasma-cam-ung-nexion-5000\/\" \/>\n<meta property=\"og:locale\" content=\"en_US\" \/>\n<meta property=\"og:type\" content=\"article\" \/>\n<meta property=\"og:title\" content=\"H\u1ec7 th\u1ed1ng kh\u1ed1i ph\u1ed5 plasma c\u1ea3m \u1ee9ng NexION 5000 - HTI Scientific\" \/>\n<meta property=\"og:description\" content=\"H\u1ec7 th\u1ed1ng kh\u1ed1i ph\u1ed5 plasma c\u1ea3m \u1ee9ng NexION 5000 \u0111a t\u1ee9 c\u1ef1c ICP-MS l\u00e0 thi\u1ebft b\u1ecb \u0111\u1ea7u ti\u00ean trong d\u00f2ng s\u1ea3n ph\u1ea9m b\u1ed1n t\u1ee9 c\u1ef1c, \u0111\u01b0\u1ee3c thi\u1ebft k\u1ebf c\u1ea3i ti\u1ebfn \u0111\u1ec3 \u0111\u00e1p \u1ee9ng v\u00e0 v\u01b0\u1ee3t qua c\u00e1c y\u00eau c\u1ea7u kh\u1eaft kheo c\u1ee7a c\u00e1c \u1ee9ng d\u1ee5ng nguy\u00ean t\u1ed1 vi l\u01b0\u1ee3ng. ICP-MS c\u00f3 hi\u1ec7u su\u1ea5t v\u01b0\u1ee3t tr\u1ed9i so v\u1edbi b\u1ed9 ba t\u1ee9 c\u1ef1c truy\u1ec1n th\u1ed1ng, mang l\u1ea1i n\u1ed3ng \u0111\u1ed9 n\u1ec1n t\u01b0\u01a1ng \u0111\u01b0\u01a1ng \u0111\u1eb7c bi\u1ec7t th\u1ea5p v\u00e0 gi\u1edbi h\u1ea1n ph\u00e1t hi\u1ec7n v\u01b0\u1ee3t tr\u1ed9i, \u0111\u00e2y l\u00e0 ch\u00eca kh\u00f3a \u0111\u1ec3 \u0111\u1ea3m b\u1ea3o k\u1ebft qu\u1ea3 ch\u00ednh x\u00e1c, \u0111\u1ed9 l\u1eb7p cao. Ngo\u00e0i ra, NexION 5000 c\u00f2n mang l\u1ea1i kh\u1ea3 n\u0103ng lo\u1ea1i b\u1ecf nhi\u1ec5u v\u01b0\u1ee3t tr\u1ed9i, \u0111\u1ed9 \u1ed5n \u0111\u1ecbnh v\u01b0\u1ee3t tr\u1ed9i v\u00e0 x\u1eed l\u00fd c\u00e1c n\u1ec1n m\u1eabu ph\u1ee9c t\u1ea1p, mang l\u1ea1i hi\u1ec7u su\u1ea5t c\u00f3 th\u1ec3 tin c\u1eady. Ngo\u00e0i vi\u1ec7c s\u1edf h\u1eefu b\u1ed1n t\u1ee9 c\u1ef1c, NexION 5000 c\u00f2n nh\u1eadn ba gi\u1ea3i th\u01b0\u1edfng: Wiley Analytical Science Award, The Analytical Scientist Innovation Award, and R&amp;D 100 Award.\" \/>\n<meta property=\"og:url\" content=\"https:\/\/htiscientific.vn\/en\/product\/he-thong-khoi-pho-plasma-cam-ung-nexion-5000\/\" \/>\n<meta property=\"og:site_name\" content=\"HTI Scientific\" \/>\n<meta property=\"article:publisher\" content=\"https:\/\/www.facebook.com\/htiscientific.vn\" \/>\n<meta property=\"og:image\" content=\"https:\/\/htiscientific.vn\/wp-content\/uploads\/2025\/03\/nexion-5000-icp-ms-frontelevated.png\" \/>\n\t<meta property=\"og:image:width\" content=\"1000\" \/>\n\t<meta property=\"og:image:height\" content=\"1000\" \/>\n\t<meta property=\"og:image:type\" content=\"image\/png\" \/>\n<meta name=\"twitter:card\" content=\"summary_large_image\" \/>\n<meta name=\"twitter:label1\" content=\"Est. reading time\" \/>\n\t<meta name=\"twitter:data1\" content=\"3 minutes\" \/>\n<script type=\"application\/ld+json\" class=\"yoast-schema-graph\">{\"@context\":\"https:\/\/schema.org\",\"@graph\":[{\"@type\":\"WebPage\",\"@id\":\"https:\/\/htiscientific.vn\/san-pham\/he-thong-khoi-pho-plasma-cam-ung-nexion-5000\/\",\"url\":\"https:\/\/htiscientific.vn\/san-pham\/he-thong-khoi-pho-plasma-cam-ung-nexion-5000\/\",\"name\":\"H\u1ec7 th\u1ed1ng kh\u1ed1i ph\u1ed5 plasma c\u1ea3m \u1ee9ng NexION 5000 - HTI Scientific\",\"isPartOf\":{\"@id\":\"https:\/\/htiscientific.vn\/#website\"},\"primaryImageOfPage\":{\"@id\":\"https:\/\/htiscientific.vn\/san-pham\/he-thong-khoi-pho-plasma-cam-ung-nexion-5000\/#primaryimage\"},\"image\":{\"@id\":\"https:\/\/htiscientific.vn\/san-pham\/he-thong-khoi-pho-plasma-cam-ung-nexion-5000\/#primaryimage\"},\"thumbnailUrl\":\"https:\/\/htiscientific.vn\/wp-content\/uploads\/2025\/03\/nexion-5000-icp-ms-frontelevated.png\",\"datePublished\":\"2025-03-27T08:49:36+00:00\",\"breadcrumb\":{\"@id\":\"https:\/\/htiscientific.vn\/san-pham\/he-thong-khoi-pho-plasma-cam-ung-nexion-5000\/#breadcrumb\"},\"inLanguage\":\"en-US\",\"potentialAction\":[{\"@type\":\"ReadAction\",\"target\":[\"https:\/\/htiscientific.vn\/san-pham\/he-thong-khoi-pho-plasma-cam-ung-nexion-5000\/\"]}]},{\"@type\":\"ImageObject\",\"inLanguage\":\"en-US\",\"@id\":\"https:\/\/htiscientific.vn\/san-pham\/he-thong-khoi-pho-plasma-cam-ung-nexion-5000\/#primaryimage\",\"url\":\"https:\/\/htiscientific.vn\/wp-content\/uploads\/2025\/03\/nexion-5000-icp-ms-frontelevated.png\",\"contentUrl\":\"https:\/\/htiscientific.vn\/wp-content\/uploads\/2025\/03\/nexion-5000-icp-ms-frontelevated.png\",\"width\":1000,\"height\":1000},{\"@type\":\"BreadcrumbList\",\"@id\":\"https:\/\/htiscientific.vn\/san-pham\/he-thong-khoi-pho-plasma-cam-ung-nexion-5000\/#breadcrumb\",\"itemListElement\":[{\"@type\":\"ListItem\",\"position\":1,\"name\":\"Trang ch\u1ee7\",\"item\":\"https:\/\/htiscientific.vn\/\"},{\"@type\":\"ListItem\",\"position\":2,\"name\":\"C\u1eeda h\u00e0ng\",\"item\":\"https:\/\/htiscientific.vn\/cua-hang\/\"},{\"@type\":\"ListItem\",\"position\":3,\"name\":\"Quang ph\u1ed5 nguy\u00ean t\u1eed\",\"item\":\"https:\/\/htiscientific.vn\/danh-muc-san-pham\/quang-pho-nguyen-tu\/\"},{\"@type\":\"ListItem\",\"position\":4,\"name\":\"Kh\u1ed1i ph\u1ed5 plasma c\u1ea3m \u1ee9ng ICP-MS\",\"item\":\"https:\/\/htiscientific.vn\/danh-muc-san-pham\/quang-pho-nguyen-tu\/khoi-pho-plasma-cam-ung-icp-ms\/\"},{\"@type\":\"ListItem\",\"position\":5,\"name\":\"H\u1ec7 th\u1ed1ng kh\u1ed1i ph\u1ed5 plasma c\u1ea3m \u1ee9ng NexION 5000\"}]},{\"@type\":\"WebSite\",\"@id\":\"https:\/\/htiscientific.vn\/#website\",\"url\":\"https:\/\/htiscientific.vn\/\",\"name\":\"HTI Scientific\",\"description\":\"HTI Scientific\",\"publisher\":{\"@id\":\"https:\/\/htiscientific.vn\/#organization\"},\"potentialAction\":[{\"@type\":\"SearchAction\",\"target\":{\"@type\":\"EntryPoint\",\"urlTemplate\":\"https:\/\/htiscientific.vn\/?s={search_term_string}\"},\"query-input\":{\"@type\":\"PropertyValueSpecification\",\"valueRequired\":true,\"valueName\":\"search_term_string\"}}],\"inLanguage\":\"en-US\"},{\"@type\":\"Organization\",\"@id\":\"https:\/\/htiscientific.vn\/#organization\",\"name\":\"HTI Scientific\",\"alternateName\":\"HTI Scientific\",\"url\":\"https:\/\/htiscientific.vn\/\",\"logo\":{\"@type\":\"ImageObject\",\"inLanguage\":\"en-US\",\"@id\":\"https:\/\/htiscientific.vn\/#\/schema\/logo\/image\/\",\"url\":\"https:\/\/htiscientific.vn\/wp-content\/uploads\/2025\/03\/ava-hti-copy.jpg\",\"contentUrl\":\"https:\/\/htiscientific.vn\/wp-content\/uploads\/2025\/03\/ava-hti-copy.jpg\",\"width\":700,\"height\":450,\"caption\":\"HTI Scientific\"},\"image\":{\"@id\":\"https:\/\/htiscientific.vn\/#\/schema\/logo\/image\/\"},\"sameAs\":[\"https:\/\/www.facebook.com\/htiscientific.vn\"]}]}<\/script>\n<!-- \/ Yoast SEO plugin. -->","yoast_head_json":{"title":"H\u1ec7 th\u1ed1ng kh\u1ed1i ph\u1ed5 plasma c\u1ea3m \u1ee9ng NexION 5000 - HTI Scientific","robots":{"index":"index","follow":"follow","max-snippet":"max-snippet:-1","max-image-preview":"max-image-preview:large","max-video-preview":"max-video-preview:-1"},"canonical":"https:\/\/htiscientific.vn\/en\/product\/he-thong-khoi-pho-plasma-cam-ung-nexion-5000\/","og_locale":"en_US","og_type":"article","og_title":"H\u1ec7 th\u1ed1ng kh\u1ed1i ph\u1ed5 plasma c\u1ea3m \u1ee9ng NexION 5000 - HTI Scientific","og_description":"H\u1ec7 th\u1ed1ng kh\u1ed1i ph\u1ed5 plasma c\u1ea3m \u1ee9ng NexION 5000 \u0111a t\u1ee9 c\u1ef1c ICP-MS l\u00e0 thi\u1ebft b\u1ecb \u0111\u1ea7u ti\u00ean trong d\u00f2ng s\u1ea3n ph\u1ea9m b\u1ed1n t\u1ee9 c\u1ef1c, \u0111\u01b0\u1ee3c thi\u1ebft k\u1ebf c\u1ea3i ti\u1ebfn \u0111\u1ec3 \u0111\u00e1p \u1ee9ng v\u00e0 v\u01b0\u1ee3t qua c\u00e1c y\u00eau c\u1ea7u kh\u1eaft kheo c\u1ee7a c\u00e1c \u1ee9ng d\u1ee5ng nguy\u00ean t\u1ed1 vi l\u01b0\u1ee3ng. ICP-MS c\u00f3 hi\u1ec7u su\u1ea5t v\u01b0\u1ee3t tr\u1ed9i so v\u1edbi b\u1ed9 ba t\u1ee9 c\u1ef1c truy\u1ec1n th\u1ed1ng, mang l\u1ea1i n\u1ed3ng \u0111\u1ed9 n\u1ec1n t\u01b0\u01a1ng \u0111\u01b0\u01a1ng \u0111\u1eb7c bi\u1ec7t th\u1ea5p v\u00e0 gi\u1edbi h\u1ea1n ph\u00e1t hi\u1ec7n v\u01b0\u1ee3t tr\u1ed9i, \u0111\u00e2y l\u00e0 ch\u00eca kh\u00f3a \u0111\u1ec3 \u0111\u1ea3m b\u1ea3o k\u1ebft qu\u1ea3 ch\u00ednh x\u00e1c, \u0111\u1ed9 l\u1eb7p cao. Ngo\u00e0i ra, NexION 5000 c\u00f2n mang l\u1ea1i kh\u1ea3 n\u0103ng lo\u1ea1i b\u1ecf nhi\u1ec5u v\u01b0\u1ee3t tr\u1ed9i, \u0111\u1ed9 \u1ed5n \u0111\u1ecbnh v\u01b0\u1ee3t tr\u1ed9i v\u00e0 x\u1eed l\u00fd c\u00e1c n\u1ec1n m\u1eabu ph\u1ee9c t\u1ea1p, mang l\u1ea1i hi\u1ec7u su\u1ea5t c\u00f3 th\u1ec3 tin c\u1eady. Ngo\u00e0i vi\u1ec7c s\u1edf h\u1eefu b\u1ed1n t\u1ee9 c\u1ef1c, NexION 5000 c\u00f2n nh\u1eadn ba gi\u1ea3i th\u01b0\u1edfng: Wiley Analytical Science Award, The Analytical Scientist Innovation Award, and R&amp;D 100 Award.","og_url":"https:\/\/htiscientific.vn\/en\/product\/he-thong-khoi-pho-plasma-cam-ung-nexion-5000\/","og_site_name":"HTI Scientific","article_publisher":"https:\/\/www.facebook.com\/htiscientific.vn","og_image":[{"width":1000,"height":1000,"url":"https:\/\/htiscientific.vn\/wp-content\/uploads\/2025\/03\/nexion-5000-icp-ms-frontelevated.png","type":"image\/png"}],"twitter_card":"summary_large_image","twitter_misc":{"Est. reading time":"3 minutes"},"schema":{"@context":"https:\/\/schema.org","@graph":[{"@type":"WebPage","@id":"https:\/\/htiscientific.vn\/san-pham\/he-thong-khoi-pho-plasma-cam-ung-nexion-5000\/","url":"https:\/\/htiscientific.vn\/san-pham\/he-thong-khoi-pho-plasma-cam-ung-nexion-5000\/","name":"H\u1ec7 th\u1ed1ng kh\u1ed1i ph\u1ed5 plasma c\u1ea3m \u1ee9ng NexION 5000 - HTI Scientific","isPartOf":{"@id":"https:\/\/htiscientific.vn\/#website"},"primaryImageOfPage":{"@id":"https:\/\/htiscientific.vn\/san-pham\/he-thong-khoi-pho-plasma-cam-ung-nexion-5000\/#primaryimage"},"image":{"@id":"https:\/\/htiscientific.vn\/san-pham\/he-thong-khoi-pho-plasma-cam-ung-nexion-5000\/#primaryimage"},"thumbnailUrl":"https:\/\/htiscientific.vn\/wp-content\/uploads\/2025\/03\/nexion-5000-icp-ms-frontelevated.png","datePublished":"2025-03-27T08:49:36+00:00","breadcrumb":{"@id":"https:\/\/htiscientific.vn\/san-pham\/he-thong-khoi-pho-plasma-cam-ung-nexion-5000\/#breadcrumb"},"inLanguage":"en-US","potentialAction":[{"@type":"ReadAction","target":["https:\/\/htiscientific.vn\/san-pham\/he-thong-khoi-pho-plasma-cam-ung-nexion-5000\/"]}]},{"@type":"ImageObject","inLanguage":"en-US","@id":"https:\/\/htiscientific.vn\/san-pham\/he-thong-khoi-pho-plasma-cam-ung-nexion-5000\/#primaryimage","url":"https:\/\/htiscientific.vn\/wp-content\/uploads\/2025\/03\/nexion-5000-icp-ms-frontelevated.png","contentUrl":"https:\/\/htiscientific.vn\/wp-content\/uploads\/2025\/03\/nexion-5000-icp-ms-frontelevated.png","width":1000,"height":1000},{"@type":"BreadcrumbList","@id":"https:\/\/htiscientific.vn\/san-pham\/he-thong-khoi-pho-plasma-cam-ung-nexion-5000\/#breadcrumb","itemListElement":[{"@type":"ListItem","position":1,"name":"Trang ch\u1ee7","item":"https:\/\/htiscientific.vn\/"},{"@type":"ListItem","position":2,"name":"C\u1eeda h\u00e0ng","item":"https:\/\/htiscientific.vn\/cua-hang\/"},{"@type":"ListItem","position":3,"name":"Quang ph\u1ed5 nguy\u00ean t\u1eed","item":"https:\/\/htiscientific.vn\/danh-muc-san-pham\/quang-pho-nguyen-tu\/"},{"@type":"ListItem","position":4,"name":"Kh\u1ed1i ph\u1ed5 plasma c\u1ea3m \u1ee9ng ICP-MS","item":"https:\/\/htiscientific.vn\/danh-muc-san-pham\/quang-pho-nguyen-tu\/khoi-pho-plasma-cam-ung-icp-ms\/"},{"@type":"ListItem","position":5,"name":"H\u1ec7 th\u1ed1ng kh\u1ed1i ph\u1ed5 plasma c\u1ea3m \u1ee9ng NexION 5000"}]},{"@type":"WebSite","@id":"https:\/\/htiscientific.vn\/#website","url":"https:\/\/htiscientific.vn\/","name":"HTI Scientific","description":"HTI Scientific","publisher":{"@id":"https:\/\/htiscientific.vn\/#organization"},"potentialAction":[{"@type":"SearchAction","target":{"@type":"EntryPoint","urlTemplate":"https:\/\/htiscientific.vn\/?s={search_term_string}"},"query-input":{"@type":"PropertyValueSpecification","valueRequired":true,"valueName":"search_term_string"}}],"inLanguage":"en-US"},{"@type":"Organization","@id":"https:\/\/htiscientific.vn\/#organization","name":"HTI Scientific","alternateName":"HTI Scientific","url":"https:\/\/htiscientific.vn\/","logo":{"@type":"ImageObject","inLanguage":"en-US","@id":"https:\/\/htiscientific.vn\/#\/schema\/logo\/image\/","url":"https:\/\/htiscientific.vn\/wp-content\/uploads\/2025\/03\/ava-hti-copy.jpg","contentUrl":"https:\/\/htiscientific.vn\/wp-content\/uploads\/2025\/03\/ava-hti-copy.jpg","width":700,"height":450,"caption":"HTI Scientific"},"image":{"@id":"https:\/\/htiscientific.vn\/#\/schema\/logo\/image\/"},"sameAs":["https:\/\/www.facebook.com\/htiscientific.vn"]}]}},"_links":{"self":[{"href":"https:\/\/htiscientific.vn\/en\/wp-json\/wp\/v2\/product\/892","targetHints":{"allow":["GET"]}}],"collection":[{"href":"https:\/\/htiscientific.vn\/en\/wp-json\/wp\/v2\/product"}],"about":[{"href":"https:\/\/htiscientific.vn\/en\/wp-json\/wp\/v2\/types\/product"}],"wp:featuredmedia":[{"embeddable":true,"href":"https:\/\/htiscientific.vn\/en\/wp-json\/wp\/v2\/media\/894"}],"wp:attachment":[{"href":"https:\/\/htiscientific.vn\/en\/wp-json\/wp\/v2\/media?parent=892"}],"wp:term":[{"taxonomy":"product_brand","embeddable":true,"href":"https:\/\/htiscientific.vn\/en\/wp-json\/wp\/v2\/product_brand?post=892"},{"taxonomy":"product_cat","embeddable":true,"href":"https:\/\/htiscientific.vn\/en\/wp-json\/wp\/v2\/product_cat?post=892"},{"taxonomy":"product_tag","embeddable":true,"href":"https:\/\/htiscientific.vn\/en\/wp-json\/wp\/v2\/product_tag?post=892"}],"curies":[{"name":"wp","href":"https:\/\/api.w.org\/{rel}","templated":true}]}}