{"id":888,"date":"2025-03-27T15:47:29","date_gmt":"2025-03-27T08:47:29","guid":{"rendered":"https:\/\/htiscientific.vn\/?post_type=product&#038;p=888"},"modified":"2025-03-27T15:47:29","modified_gmt":"2025-03-27T08:47:29","slug":"he-thong-khoi-pho-plasma-cam-ung-nexion-2200","status":"publish","type":"product","link":"https:\/\/htiscientific.vn\/en\/product\/he-thong-khoi-pho-plasma-cam-ung-nexion-2200\/","title":{"rendered":"NexION\u2122 2200 ICP-MS System"},"content":{"rendered":"<div class=\"acf-field\">\n<p style=\"text-align: justify;\"><span style=\"color: #000000;\"><a style=\"color: #000000;\" href=\"https:\/\/www.perkinelmer.com\/Product\/nexion-2200-icp-ms-n8170012\">NexION\u2122 2200 ICP-MS System<\/a>\u00a0proudly features a unique combination of proprietary technologies:<\/span><\/p>\n<ul style=\"text-align: justify;\">\n<li><span style=\"color: #000000;\">The ion guide quadrupole (Q0) directs ions into the Universal Cell (Q1) under different voltage conditions, maximizing the sensitivity for target ions while minimizing unwanted mass interferences.<\/span><\/li>\n<li style=\"text-align: justify;\"><span style=\"color: #000000;\">The collision\/reaction quadrupole (Q1), also known as the Universal Cell, can utilize up to three different gases, with on-the-fly gas mixing capabilities for both Collision and Reaction modes. This uniquely designed cell is enhanced with Dynamic Bandpass Tuning, which helps prevent the formation of reaction byproducts that typically interfere with target analytes.<\/span><\/li>\n<li><span style=\"color: #000000;\">The transmission analyzer quadrupole (Q2), a full-sized quadrupole with &lt;0.7 amu mass resolution, functions either as a mass filter or an ion guide directing ions to the detector.<\/span><\/li>\n<li style=\"list-style-type: none;\"><\/li>\n<\/ul>\n<p style=\"text-align: justify;\"><span style=\"color: #000000;\">The second-generation Triple Cone Interface with patent-pending OmniRing\u2122 technology offers unmatched flexibility to accommodate a wide range of applications without the need for inserts or ion lenses,\u00a0<a style=\"color: #000000;\" href=\"https:\/\/perkinelmervietnam.vn\/product-category\/phan-tich-nguyen-to\/khoi-pho-plasma-cam-ung-icp-ms\/\">ICP-MS system<\/a>\u00a0unlike conventional commercial ICP-MS systems. It operates in three distinct modes.<\/span><\/p>\n<p style=\"text-align: justify;\"><span style=\"color: #000000;\">The proprietary Extended Dynamic Range (EDR) feature expands the system\u2019s linear dynamic range up to 10\u00b9\u2074,<sup>14<\/sup>allowing simultaneous analysis of high- and low-concentration samples in a single run\u2014reducing the need for reruns and increasing overall efficiency.<\/span><\/p>\n<p style=\"text-align: justify;\"><span style=\"color: #000000;\">The Advanced Matrix Simplification (AMS) system enables real-time, gas-phase sample dilution, enhancing throughput and eliminating cross-contamination. It supports dilution up to 200x and allows the analysis of samples with up to 35% total dissolved solids (TDS).<\/span><\/p>\n<p style=\"text-align: justify;\"><span style=\"color: #000000;\">A new free-running RF generator paired with the exclusive LumiCoil\u2122 RF load coil, designed specifically for ICP-MS, delivers precise impedance matching for even the most challenging sample matrices. This revolutionary setup ensures superior plasma power, along with exceptional performance stability, durability, and reliability.<\/span><\/p>\n<p style=\"text-align: justify;\"><span style=\"color: #000000;\">Minimal Maintenance \u2013 Maximum Uptime:<\/span><\/p>\n<ul style=\"text-align: justify;\">\n<li><span style=\"color: #000000;\">The combination of the Triple Cone Interface and Q0 ion guide means the downstream mass filtering system requires no routine maintenance, allowing for continuous operation and improved long-term stability.<\/span><\/li>\n<li style=\"text-align: justify;\"><span style=\"color: #000000;\">The 34 MHz free-running RF generator, coupled with the air-cooled LumiCoil\u2122, requires no water or gas cooling, thereby eliminating the need for coil replacement and reducing downtime.<\/span><\/li>\n<\/ul>\n<p style=\"text-align: justify;\"><span style=\"color: #000000;\">M\u00e0n h\u00ecnh LCD c\u1ea3m \u1ee9ng cho ph\u00e9p th\u1ef1c hi\u1ec7n c\u00e1c t\u00e1c v\u1ee5 quan tr\u1ecdng h\u00e0ng ng\u00e0y, bao g\u1ed3m ki\u1ec3m so\u00e1t ph\u1ea7n c\u1ee9ng, \u0111\u00e1nh gi\u00e1 k\u1ebft qu\u1ea3, chu\u1ea9n \u0111o\u00e1n th\u00f4ng s\u1ed1 thi\u1ebft b\u1ecb, ph\u00e2n t\u00edch, truy c\u1eadp c\u00e1c video \u0111\u00e0o t\u1ea1o,\u2026<\/span><\/p>\n<p style=\"text-align: justify;\"><span style=\"color: #000000;\">Ph\u1ea7n m\u1ec1m Syngistix\u2122 d\u00e0nh cho ICP-MS c\u00f3 giao di\u1ec7n ng\u01b0\u1eddi d\u00f9ng hi\u1ec7n \u0111\u1ea1i, tr\u1ef1c quan m\u00f4 ph\u1ecfng quy tr\u00ecnh l\u00e0m vi\u1ec7c h\u00e0ng ng\u00e0y v\u1edbi \u0111i\u1ec1u h\u01b0\u1edbng t\u1eeb tr\u00e1i sang ph\u1ea3i v\u00e0 tr\u1ea3i nghi\u1ec7m h\u1ee3p l\u00fd<\/span><\/p>\n<\/div>\n<div class=\"acf-field\">\n<p style=\"text-align: justify;\"><span style=\"color: #000000;\"><strong>Specifications<\/strong><\/span><\/p>\n<table id=\"pe_pdp_tab_det\" style=\"width: 300px;\">\n<tbody>\n<tr style=\"text-align: justify;\">\n<td><span style=\"color: #000000;\">Height<\/span><\/td>\n<td><span style=\"color: #000000;\">73.0 cm<\/span><\/td>\n<\/tr>\n<tr style=\"text-align: justify;\">\n<td><span style=\"color: #000000;\">Chi\u1ec1u d\u00e0i<\/span><\/td>\n<td><span style=\"color: #000000;\">81.0 cm<\/span><\/td>\n<\/tr>\n<tr style=\"text-align: justify;\">\n<td><span style=\"color: #000000;\">Width<\/span><\/td>\n<td><span style=\"color: #000000;\">72.0cm<\/span><\/td>\n<\/tr>\n<tr>\n<td style=\"text-align: justify;\"><span style=\"color: #000000;\">Weight<\/span><\/td>\n<td style=\"text-align: justify;\"><span style=\"color: #000000;\">150.0 kg<\/span><\/td>\n<\/tr>\n<\/tbody>\n<\/table>\n<\/div>","protected":false},"excerpt":{"rendered":"<p style=\"text-align: justify;\"><span style=\"color: #000000;\">For analytical laboratories conducting trace elemental analysis, the NexION\u2122 2200 ICP-MS is built on 40 years of ICP-MS innovation and a strong legacy of delivering instruments that are reliable, easy to use, low maintenance, and capable of providing exceptional performance, accuracy, and reproducibility.<\/span><\/p>\n<p style=\"text-align: justify;\"><span style=\"color: #000000;\">Its unique triple-quadrupole design, combined with both proven and next-generation technologies\u2014including the second-generation Triple Cone Interface with OmniRing\u2122\u2014delivers unmatched sensitivity, interference removal, and outstanding stability. The system is engineered to handle complex sample matrices, support high throughput and extended uptime, and ensure sustainability with low operating costs.<\/span><\/p>","protected":false},"featured_media":891,"template":"","meta":{"inline_featured_image":false},"product_brand":[29],"product_cat":[61,59],"product_tag":[],"class_list":{"0":"post-888","1":"product","2":"type-product","3":"status-publish","4":"has-post-thumbnail","6":"product_brand-perkinelmer","7":"product_cat-khoi-pho-plasma-cam-ung-icp-ms","8":"product_cat-quang-pho-nguyen-tu","10":"first","11":"instock","12":"shipping-taxable","13":"product-type-simple"},"yoast_head":"<!-- This site is optimized with the Yoast SEO plugin v24.7 - https:\/\/yoast.com\/wordpress\/plugins\/seo\/ -->\n<title>H\u1ec7 th\u1ed1ng kh\u1ed1i ph\u1ed5 plasma c\u1ea3m \u1ee9ng NexION 2200 - HTI Scientific<\/title>\n<meta name=\"robots\" content=\"index, follow, max-snippet:-1, max-image-preview:large, max-video-preview:-1\" \/>\n<link rel=\"canonical\" href=\"https:\/\/htiscientific.vn\/en\/product\/he-thong-khoi-pho-plasma-cam-ung-nexion-2200\/\" \/>\n<meta property=\"og:locale\" content=\"en_US\" \/>\n<meta property=\"og:type\" content=\"article\" \/>\n<meta property=\"og:title\" content=\"H\u1ec7 th\u1ed1ng kh\u1ed1i ph\u1ed5 plasma c\u1ea3m \u1ee9ng NexION 2200 - HTI Scientific\" \/>\n<meta property=\"og:description\" content=\"\u0110\u1ed1i v\u1edbi c\u00e1c ph\u00f2ng th\u00ed nghi\u1ec7m ph\u00e2n t\u00edch th\u1ef1c hi\u1ec7n c\u00e1c ph\u00e2n t\u00edch nguy\u00ean t\u1ed1 vi l\u01b0\u1ee3ng, h\u1ec7 th\u1ed1ng kh\u1ed1i ph\u1ed5 plasma c\u1ea3m \u1ee9ng NexION 2200 ICP-MS \u0111\u01b0\u1ee3c x\u00e2y d\u1ef1ng d\u1ef1a tr\u00ean l\u1ecbch s\u1eed 40 n\u0103m \u0111\u1ed5i m\u1edbi c\u1ee7a ICP-MS v\u00e0 truy\u1ec1n th\u1ed1ng m\u1ea1nh m\u1ebd v\u1ec1 thi\u1ebft b\u1ecb \u0111o \u0111\u00e1ng tin c\u1eady, d\u1ec5 s\u1eed d\u1ee5ng, \u00edt b\u1ea3o tr\u00ec, mang l\u1ea1i hi\u1ec7u qu\u1ea3, \u0111\u00f4 ch\u00ednh x\u00e1c v\u00e0 t\u00e1i l\u1eb7p v\u01b0\u1ee3t tr\u1ed9i. Thi\u1ebft k\u1ebf ba t\u1ee9 c\u1ef1c \u0111\u1ed9c \u0111\u00e1o, k\u1ebft h\u1ee3p v\u1edbi c\u00e1c c\u00f4ng ngh\u1ec7 m\u1edbi v\u00e0 \u0111\u00e3 \u0111\u01b0\u1ee3c ch\u1ee9ng minh, bao g\u1ed3m giao di\u1ec7n Triple cone th\u1ebf h\u1ec7 th\u1ee9 hai v\u1edbi OmniRing\u2122, k\u1ebft h\u1ee3p v\u1edbi nhau \u0111\u1ec3 mang l\u1ea1i \u0111\u1ed9 nh\u1ea1y v\u01b0\u1ee3t tr\u1ed9i, lo\u1ea1i b\u1ecf nhi\u1ec5u, \u0111\u1ed9 \u1ed5n \u0111\u1ecbnh tuy\u1ec7t v\u1eddi, x\u1eed l\u00fd c\u00e1c n\u1ec1n m\u1eabu ph\u1ee9c t\u1ea1p, th\u00f4ng l\u01b0\u1ee3ng cao\/th\u1eddi gian ho\u1ea1t \u0111\u1ed9ng l\u1edbn h\u01a1n c\u0169ng nh\u01b0 t\u00ednh b\u1ec1n v\u1eefng v\u00e0 chi ph\u00ed v\u1eadn h\u00e0nh th\u1ea5p.\" \/>\n<meta property=\"og:url\" content=\"https:\/\/htiscientific.vn\/en\/product\/he-thong-khoi-pho-plasma-cam-ung-nexion-2200\/\" \/>\n<meta property=\"og:site_name\" content=\"HTI Scientific\" \/>\n<meta property=\"article:publisher\" content=\"https:\/\/www.facebook.com\/htiscientific.vn\" \/>\n<meta property=\"og:image\" content=\"https:\/\/htiscientific.vn\/wp-content\/uploads\/2025\/03\/nexion-2200-icp-ms-front-elevated-1000.jpg\" \/>\n\t<meta property=\"og:image:width\" content=\"1000\" \/>\n\t<meta property=\"og:image:height\" content=\"1000\" \/>\n\t<meta property=\"og:image:type\" content=\"image\/jpeg\" \/>\n<meta name=\"twitter:card\" content=\"summary_large_image\" \/>\n<meta name=\"twitter:label1\" content=\"Est. reading time\" \/>\n\t<meta name=\"twitter:data1\" content=\"4 minutes\" \/>\n<script type=\"application\/ld+json\" class=\"yoast-schema-graph\">{\"@context\":\"https:\/\/schema.org\",\"@graph\":[{\"@type\":\"WebPage\",\"@id\":\"https:\/\/htiscientific.vn\/san-pham\/he-thong-khoi-pho-plasma-cam-ung-nexion-2200\/\",\"url\":\"https:\/\/htiscientific.vn\/san-pham\/he-thong-khoi-pho-plasma-cam-ung-nexion-2200\/\",\"name\":\"H\u1ec7 th\u1ed1ng kh\u1ed1i ph\u1ed5 plasma c\u1ea3m \u1ee9ng NexION 2200 - HTI Scientific\",\"isPartOf\":{\"@id\":\"https:\/\/htiscientific.vn\/#website\"},\"primaryImageOfPage\":{\"@id\":\"https:\/\/htiscientific.vn\/san-pham\/he-thong-khoi-pho-plasma-cam-ung-nexion-2200\/#primaryimage\"},\"image\":{\"@id\":\"https:\/\/htiscientific.vn\/san-pham\/he-thong-khoi-pho-plasma-cam-ung-nexion-2200\/#primaryimage\"},\"thumbnailUrl\":\"https:\/\/htiscientific.vn\/wp-content\/uploads\/2025\/03\/nexion-2200-icp-ms-front-elevated-1000.jpg\",\"datePublished\":\"2025-03-27T08:47:29+00:00\",\"breadcrumb\":{\"@id\":\"https:\/\/htiscientific.vn\/san-pham\/he-thong-khoi-pho-plasma-cam-ung-nexion-2200\/#breadcrumb\"},\"inLanguage\":\"en-US\",\"potentialAction\":[{\"@type\":\"ReadAction\",\"target\":[\"https:\/\/htiscientific.vn\/san-pham\/he-thong-khoi-pho-plasma-cam-ung-nexion-2200\/\"]}]},{\"@type\":\"ImageObject\",\"inLanguage\":\"en-US\",\"@id\":\"https:\/\/htiscientific.vn\/san-pham\/he-thong-khoi-pho-plasma-cam-ung-nexion-2200\/#primaryimage\",\"url\":\"https:\/\/htiscientific.vn\/wp-content\/uploads\/2025\/03\/nexion-2200-icp-ms-front-elevated-1000.jpg\",\"contentUrl\":\"https:\/\/htiscientific.vn\/wp-content\/uploads\/2025\/03\/nexion-2200-icp-ms-front-elevated-1000.jpg\",\"width\":1000,\"height\":1000},{\"@type\":\"BreadcrumbList\",\"@id\":\"https:\/\/htiscientific.vn\/san-pham\/he-thong-khoi-pho-plasma-cam-ung-nexion-2200\/#breadcrumb\",\"itemListElement\":[{\"@type\":\"ListItem\",\"position\":1,\"name\":\"Trang ch\u1ee7\",\"item\":\"https:\/\/htiscientific.vn\/\"},{\"@type\":\"ListItem\",\"position\":2,\"name\":\"C\u1eeda h\u00e0ng\",\"item\":\"https:\/\/htiscientific.vn\/cua-hang\/\"},{\"@type\":\"ListItem\",\"position\":3,\"name\":\"Quang ph\u1ed5 nguy\u00ean t\u1eed\",\"item\":\"https:\/\/htiscientific.vn\/danh-muc-san-pham\/quang-pho-nguyen-tu\/\"},{\"@type\":\"ListItem\",\"position\":4,\"name\":\"Kh\u1ed1i ph\u1ed5 plasma c\u1ea3m \u1ee9ng ICP-MS\",\"item\":\"https:\/\/htiscientific.vn\/danh-muc-san-pham\/quang-pho-nguyen-tu\/khoi-pho-plasma-cam-ung-icp-ms\/\"},{\"@type\":\"ListItem\",\"position\":5,\"name\":\"H\u1ec7 th\u1ed1ng kh\u1ed1i ph\u1ed5 plasma c\u1ea3m \u1ee9ng NexION 2200\"}]},{\"@type\":\"WebSite\",\"@id\":\"https:\/\/htiscientific.vn\/#website\",\"url\":\"https:\/\/htiscientific.vn\/\",\"name\":\"HTI Scientific\",\"description\":\"HTI Scientific\",\"publisher\":{\"@id\":\"https:\/\/htiscientific.vn\/#organization\"},\"potentialAction\":[{\"@type\":\"SearchAction\",\"target\":{\"@type\":\"EntryPoint\",\"urlTemplate\":\"https:\/\/htiscientific.vn\/?s={search_term_string}\"},\"query-input\":{\"@type\":\"PropertyValueSpecification\",\"valueRequired\":true,\"valueName\":\"search_term_string\"}}],\"inLanguage\":\"en-US\"},{\"@type\":\"Organization\",\"@id\":\"https:\/\/htiscientific.vn\/#organization\",\"name\":\"HTI Scientific\",\"alternateName\":\"HTI Scientific\",\"url\":\"https:\/\/htiscientific.vn\/\",\"logo\":{\"@type\":\"ImageObject\",\"inLanguage\":\"en-US\",\"@id\":\"https:\/\/htiscientific.vn\/#\/schema\/logo\/image\/\",\"url\":\"https:\/\/htiscientific.vn\/wp-content\/uploads\/2025\/03\/ava-hti-copy.jpg\",\"contentUrl\":\"https:\/\/htiscientific.vn\/wp-content\/uploads\/2025\/03\/ava-hti-copy.jpg\",\"width\":700,\"height\":450,\"caption\":\"HTI Scientific\"},\"image\":{\"@id\":\"https:\/\/htiscientific.vn\/#\/schema\/logo\/image\/\"},\"sameAs\":[\"https:\/\/www.facebook.com\/htiscientific.vn\"]}]}<\/script>\n<!-- \/ Yoast SEO plugin. -->","yoast_head_json":{"title":"H\u1ec7 th\u1ed1ng kh\u1ed1i ph\u1ed5 plasma c\u1ea3m \u1ee9ng NexION 2200 - HTI Scientific","robots":{"index":"index","follow":"follow","max-snippet":"max-snippet:-1","max-image-preview":"max-image-preview:large","max-video-preview":"max-video-preview:-1"},"canonical":"https:\/\/htiscientific.vn\/en\/product\/he-thong-khoi-pho-plasma-cam-ung-nexion-2200\/","og_locale":"en_US","og_type":"article","og_title":"H\u1ec7 th\u1ed1ng kh\u1ed1i ph\u1ed5 plasma c\u1ea3m \u1ee9ng NexION 2200 - HTI Scientific","og_description":"\u0110\u1ed1i v\u1edbi c\u00e1c ph\u00f2ng th\u00ed nghi\u1ec7m ph\u00e2n t\u00edch th\u1ef1c hi\u1ec7n c\u00e1c ph\u00e2n t\u00edch nguy\u00ean t\u1ed1 vi l\u01b0\u1ee3ng, h\u1ec7 th\u1ed1ng kh\u1ed1i ph\u1ed5 plasma c\u1ea3m \u1ee9ng NexION 2200 ICP-MS \u0111\u01b0\u1ee3c x\u00e2y d\u1ef1ng d\u1ef1a tr\u00ean l\u1ecbch s\u1eed 40 n\u0103m \u0111\u1ed5i m\u1edbi c\u1ee7a ICP-MS v\u00e0 truy\u1ec1n th\u1ed1ng m\u1ea1nh m\u1ebd v\u1ec1 thi\u1ebft b\u1ecb \u0111o \u0111\u00e1ng tin c\u1eady, d\u1ec5 s\u1eed d\u1ee5ng, \u00edt b\u1ea3o tr\u00ec, mang l\u1ea1i hi\u1ec7u qu\u1ea3, \u0111\u00f4 ch\u00ednh x\u00e1c v\u00e0 t\u00e1i l\u1eb7p v\u01b0\u1ee3t tr\u1ed9i. Thi\u1ebft k\u1ebf ba t\u1ee9 c\u1ef1c \u0111\u1ed9c \u0111\u00e1o, k\u1ebft h\u1ee3p v\u1edbi c\u00e1c c\u00f4ng ngh\u1ec7 m\u1edbi v\u00e0 \u0111\u00e3 \u0111\u01b0\u1ee3c ch\u1ee9ng minh, bao g\u1ed3m giao di\u1ec7n Triple cone th\u1ebf h\u1ec7 th\u1ee9 hai v\u1edbi OmniRing\u2122, k\u1ebft h\u1ee3p v\u1edbi nhau \u0111\u1ec3 mang l\u1ea1i \u0111\u1ed9 nh\u1ea1y v\u01b0\u1ee3t tr\u1ed9i, lo\u1ea1i b\u1ecf nhi\u1ec5u, \u0111\u1ed9 \u1ed5n \u0111\u1ecbnh tuy\u1ec7t v\u1eddi, x\u1eed l\u00fd c\u00e1c n\u1ec1n m\u1eabu ph\u1ee9c t\u1ea1p, th\u00f4ng l\u01b0\u1ee3ng cao\/th\u1eddi gian ho\u1ea1t \u0111\u1ed9ng l\u1edbn h\u01a1n c\u0169ng nh\u01b0 t\u00ednh b\u1ec1n v\u1eefng v\u00e0 chi ph\u00ed v\u1eadn h\u00e0nh th\u1ea5p.","og_url":"https:\/\/htiscientific.vn\/en\/product\/he-thong-khoi-pho-plasma-cam-ung-nexion-2200\/","og_site_name":"HTI Scientific","article_publisher":"https:\/\/www.facebook.com\/htiscientific.vn","og_image":[{"width":1000,"height":1000,"url":"https:\/\/htiscientific.vn\/wp-content\/uploads\/2025\/03\/nexion-2200-icp-ms-front-elevated-1000.jpg","type":"image\/jpeg"}],"twitter_card":"summary_large_image","twitter_misc":{"Est. reading time":"4 minutes"},"schema":{"@context":"https:\/\/schema.org","@graph":[{"@type":"WebPage","@id":"https:\/\/htiscientific.vn\/san-pham\/he-thong-khoi-pho-plasma-cam-ung-nexion-2200\/","url":"https:\/\/htiscientific.vn\/san-pham\/he-thong-khoi-pho-plasma-cam-ung-nexion-2200\/","name":"H\u1ec7 th\u1ed1ng kh\u1ed1i ph\u1ed5 plasma c\u1ea3m \u1ee9ng NexION 2200 - HTI Scientific","isPartOf":{"@id":"https:\/\/htiscientific.vn\/#website"},"primaryImageOfPage":{"@id":"https:\/\/htiscientific.vn\/san-pham\/he-thong-khoi-pho-plasma-cam-ung-nexion-2200\/#primaryimage"},"image":{"@id":"https:\/\/htiscientific.vn\/san-pham\/he-thong-khoi-pho-plasma-cam-ung-nexion-2200\/#primaryimage"},"thumbnailUrl":"https:\/\/htiscientific.vn\/wp-content\/uploads\/2025\/03\/nexion-2200-icp-ms-front-elevated-1000.jpg","datePublished":"2025-03-27T08:47:29+00:00","breadcrumb":{"@id":"https:\/\/htiscientific.vn\/san-pham\/he-thong-khoi-pho-plasma-cam-ung-nexion-2200\/#breadcrumb"},"inLanguage":"en-US","potentialAction":[{"@type":"ReadAction","target":["https:\/\/htiscientific.vn\/san-pham\/he-thong-khoi-pho-plasma-cam-ung-nexion-2200\/"]}]},{"@type":"ImageObject","inLanguage":"en-US","@id":"https:\/\/htiscientific.vn\/san-pham\/he-thong-khoi-pho-plasma-cam-ung-nexion-2200\/#primaryimage","url":"https:\/\/htiscientific.vn\/wp-content\/uploads\/2025\/03\/nexion-2200-icp-ms-front-elevated-1000.jpg","contentUrl":"https:\/\/htiscientific.vn\/wp-content\/uploads\/2025\/03\/nexion-2200-icp-ms-front-elevated-1000.jpg","width":1000,"height":1000},{"@type":"BreadcrumbList","@id":"https:\/\/htiscientific.vn\/san-pham\/he-thong-khoi-pho-plasma-cam-ung-nexion-2200\/#breadcrumb","itemListElement":[{"@type":"ListItem","position":1,"name":"Trang ch\u1ee7","item":"https:\/\/htiscientific.vn\/"},{"@type":"ListItem","position":2,"name":"C\u1eeda h\u00e0ng","item":"https:\/\/htiscientific.vn\/cua-hang\/"},{"@type":"ListItem","position":3,"name":"Quang ph\u1ed5 nguy\u00ean t\u1eed","item":"https:\/\/htiscientific.vn\/danh-muc-san-pham\/quang-pho-nguyen-tu\/"},{"@type":"ListItem","position":4,"name":"Kh\u1ed1i ph\u1ed5 plasma c\u1ea3m \u1ee9ng ICP-MS","item":"https:\/\/htiscientific.vn\/danh-muc-san-pham\/quang-pho-nguyen-tu\/khoi-pho-plasma-cam-ung-icp-ms\/"},{"@type":"ListItem","position":5,"name":"H\u1ec7 th\u1ed1ng kh\u1ed1i ph\u1ed5 plasma c\u1ea3m \u1ee9ng NexION 2200"}]},{"@type":"WebSite","@id":"https:\/\/htiscientific.vn\/#website","url":"https:\/\/htiscientific.vn\/","name":"HTI Scientific","description":"HTI Scientific","publisher":{"@id":"https:\/\/htiscientific.vn\/#organization"},"potentialAction":[{"@type":"SearchAction","target":{"@type":"EntryPoint","urlTemplate":"https:\/\/htiscientific.vn\/?s={search_term_string}"},"query-input":{"@type":"PropertyValueSpecification","valueRequired":true,"valueName":"search_term_string"}}],"inLanguage":"en-US"},{"@type":"Organization","@id":"https:\/\/htiscientific.vn\/#organization","name":"HTI Scientific","alternateName":"HTI Scientific","url":"https:\/\/htiscientific.vn\/","logo":{"@type":"ImageObject","inLanguage":"en-US","@id":"https:\/\/htiscientific.vn\/#\/schema\/logo\/image\/","url":"https:\/\/htiscientific.vn\/wp-content\/uploads\/2025\/03\/ava-hti-copy.jpg","contentUrl":"https:\/\/htiscientific.vn\/wp-content\/uploads\/2025\/03\/ava-hti-copy.jpg","width":700,"height":450,"caption":"HTI Scientific"},"image":{"@id":"https:\/\/htiscientific.vn\/#\/schema\/logo\/image\/"},"sameAs":["https:\/\/www.facebook.com\/htiscientific.vn"]}]}},"_links":{"self":[{"href":"https:\/\/htiscientific.vn\/en\/wp-json\/wp\/v2\/product\/888","targetHints":{"allow":["GET"]}}],"collection":[{"href":"https:\/\/htiscientific.vn\/en\/wp-json\/wp\/v2\/product"}],"about":[{"href":"https:\/\/htiscientific.vn\/en\/wp-json\/wp\/v2\/types\/product"}],"wp:featuredmedia":[{"embeddable":true,"href":"https:\/\/htiscientific.vn\/en\/wp-json\/wp\/v2\/media\/891"}],"wp:attachment":[{"href":"https:\/\/htiscientific.vn\/en\/wp-json\/wp\/v2\/media?parent=888"}],"wp:term":[{"taxonomy":"product_brand","embeddable":true,"href":"https:\/\/htiscientific.vn\/en\/wp-json\/wp\/v2\/product_brand?post=888"},{"taxonomy":"product_cat","embeddable":true,"href":"https:\/\/htiscientific.vn\/en\/wp-json\/wp\/v2\/product_cat?post=888"},{"taxonomy":"product_tag","embeddable":true,"href":"https:\/\/htiscientific.vn\/en\/wp-json\/wp\/v2\/product_tag?post=888"}],"curies":[{"name":"wp","href":"https:\/\/api.w.org\/{rel}","templated":true}]}}