{"id":884,"date":"2025-03-27T15:43:27","date_gmt":"2025-03-27T08:43:27","guid":{"rendered":"https:\/\/htiscientific.vn\/?post_type=product&#038;p=884"},"modified":"2025-05-07T16:59:44","modified_gmt":"2025-05-07T09:59:44","slug":"he-thong-khoi-pho-plasma-cam-ung-nexion-1100","status":"publish","type":"product","link":"https:\/\/htiscientific.vn\/en\/product\/he-thong-khoi-pho-plasma-cam-ung-nexion-1100\/","title":{"rendered":"H\u1ec7 th\u1ed1ng kh\u1ed1i ph\u1ed5 plasma c\u1ea3m \u1ee9ng NexION 1100"},"content":{"rendered":"<div class=\"acf-field\">\n<p style=\"text-align: justify;\"><span style=\"color: #000000;\"><a style=\"color: #000000;\" href=\"https:\/\/www.perkinelmer.com\/Product\/nexion-1100-icp-ms-n8170011\">H\u1ec7 th\u1ed1ng kh\u1ed1i ph\u1ed5 plasma c\u1ea3m \u1ee9ng NexION 1100<\/a>\u00a0is\u00a0<a style=\"color: #000000;\" href=\"https:\/\/perkinelmervietnam.vn\/product-category\/phan-tich-nguyen-to\/khoi-pho-plasma-cam-ung-icp-ms\/\">ICP-MS system<\/a>\u00a0c\u00f3 m\u1ed9t b\u1ed9 l\u1ecdc kh\u1ed1i v\u1edbi thi\u1ebft k\u1ebf 3 t\u1ee9 c\u1ef1c v\u00e0 m\u1ed9t k\u00eanh kh\u00ed, t\u1ef1 h\u00e0o c\u00f3 s\u1ef1 k\u1ebft h\u1ee3p \u0111\u1ed9c \u0111\u00e1o c\u1ee7a c\u00e1c c\u00f4ng ngh\u1ec7 \u0111\u1ed9c quy\u1ec1n:<\/span><\/p>\n<ul style=\"text-align: justify;\">\n<li><span style=\"color: #000000;\">Thi\u1ebft k\u1ebf ba t\u1ee9 c\u1ef1c \u0111\u1ed9c quy\u1ec1n cung c\u1ea5p ba giai \u0111o\u1ea1n ph\u00e2n gi\u1ea3i kh\u1ed1i:<\/span>\n<ul>\n<li><span style=\"color: #000000;\">B\u1ed9 t\u1ee9 c\u1ef1c l\u00e0m l\u1ec7ch h\u01b0\u1edbng ion (Q0) h\u01b0\u1edbng c\u00e1c ion \u0111\u1ebfn bu\u1ed3ng va ch\u1ea1m\/ph\u1ea3n \u1ee9ng \u0111a n\u0103ng (Q1) b\u1eb1ng c\u00e1ch \u00e1p c\u00e1c \u0111i\u1ec7n th\u1ebf thay \u0111\u1ed5i, gi\u00fap t\u1ed1i \u0111a h\u00f3a \u0111\u1ed9 nh\u1ea1y c\u1ee7a ion m\u1ee5c ti\u00eau v\u00e0 lo\u1ea1i c\u00e1c s\u1ed1 kh\u1ed1i kh\u00f4ng mong mu\u1ed1n.<\/span><\/li>\n<li><span style=\"color: #000000;\">Bu\u1ed3ng va ch\u1ea1m\/ph\u1ea3n \u1ee9ng \u0111a n\u0103ng ki\u1ec3u t\u1ee9 c\u1ef1c (Q1) l\u1ef1a ch\u1ecdn ti\u00eau chu\u1ea9n c\u00f3 m\u1ed9t k\u00eanh kh\u00ed v\u00e0o bu\u1ed3ng, c\u00f3 th\u1ec3 t\u00f9y ch\u1ecdn n\u00e2ng c\u1ea5p l\u00ean ba k\u00eanh kh\u00ed v\u1edbi kh\u1ea3 n\u0103ng tr\u1ed9n kh\u00ed t\u1ee9c th\u1eddi cho ch\u1ebf \u0111\u1ed9 va ch\u1ea1m v\u00e0 ph\u1ea3n \u1ee9ng.<\/span><\/li>\n<li><span style=\"color: #000000;\">B\u1ed9 t\u1ee9 c\u1ef1c ph\u00e2n t\u00edch truy\u1ec1n d\u1eabn (Q2, k\u00edch th\u01b0\u1edbc \u0111\u1ea7y \u0111\u1ee7 cho \u0111\u1ed9 ph\u00e2n gi\u1ea3i kh\u1ed1i l\u01b0\u1ee3ng &lt; 0,7 amu) ho\u1ea1t \u0111\u1ed9ng nh\u01b0 m\u1ed9t b\u1ed9 l\u1ecdc kh\u1ed1i l\u01b0\u1ee3ng ho\u1eb7c nh\u01b0 m\u1ed9t b\u1ed9 d\u1eabn ion \u0111\u1ec3 h\u01b0\u1edbng c\u00e1c ion \u0111\u1ebfn m\u00e1y d\u00f2.<\/span><\/li>\n<\/ul>\n<\/li>\n<li><span style=\"color: #000000;\">K\u00eanh kh\u00ed \u0111\u01a1n cung c\u1ea5p gi\u1ea3i ph\u00e1p chung cho h\u1ea7u h\u1ebft c\u00e1c \u1ee9ng d\u1ee5ng, ch\u1ec9 s\u1eed d\u1ee5ng kh\u00ed Heli cho ch\u1ebf \u0111\u1ed9 va ch\u1ea1m ho\u1eb7c h\u1ed7n h\u1ee3p Heli-Hydro cho ch\u1ebf \u0111\u1ed9 va ch\u1ea1m v\u00e0 ph\u1ea3n \u1ee9ng, do \u0111\u00f3 b\u1ea1n c\u00f3 th\u1ec3 d\u1ec5 d\u00e0ng chuy\u1ec3n \u0111\u1ed5i gi\u1eefa c\u00e1c ch\u1ebf \u0111\u1ed9 m\u00e0 kh\u00f4ng c\u1ea7n thay \u0111\u1ed5i kh\u00ed. K\u00eanh kh\u00ed \u0111\u01a1n c\u0169ng c\u00f3 th\u1ec3 ch\u1ee9a kh\u00ed ph\u1ea3n \u1ee9ng tinh khi\u1ebft v\u00e0 c\u00f3 th\u1ec3 n\u00e2ng c\u1ea5p l\u00ean hai ho\u1eb7c ba k\u00eanh, \u0111\u1ec3 c\u00f3 kh\u1ea3 n\u0103ng lo\u1ea1i b\u1ecf nhi\u1ec5u t\u1ed1t h\u01a1n n\u1eefa.<\/span><\/li>\n<li><span style=\"color: #000000;\">T\u00ednh n\u0103ng m\u1edf r\u1ed9ng d\u1ea3i \u0111\u1ed9ng h\u1ecdc \u0111\u1ed9c quy\u1ec1n (EDR) t\u0103ng d\u1ea3i \u0111\u1ed9ng h\u1ecdc tuy\u1ebfn t\u00ednh l\u00ean 10<sup>14<\/sup>, cho ph\u00e9p ch\u1ea1y c\u1ea3 ch\u1ea5t ph\u00e2n t\u00edch n\u1ed3ng \u0111\u1ed9 cao v\u00e0 n\u1ed3ng \u0111\u1ed9 th\u1ea5p trong m\u1ed9t l\u1ea7n ch\u1ea1y, gi\u00fap gi\u1ea3m s\u1ed1 l\u1ea7n ph\u1ea3i ch\u1ea1y l\u1ea1i m\u1eabu.<\/span><\/li>\n<li><span style=\"color: #000000;\">Gi\u1ea3i ph\u00e1p m\u1ea1nh m\u1ebd pha lo\u00e3ng t\u1ea5t c\u1ea3 c\u00e1c n\u1ec1n m\u1eabu (AMS) cho ph\u00e9p pha lo\u00e3ng m\u1eabu tr\u1ef1c tuy\u1ebfn b\u1eb1ng kh\u00ed, c\u1ea3i thi\u1ec7n hi\u1ec7u qu\u1ea3 v\u00e0 ng\u0103n nhi\u1ec5m t\u1ea1p, cung c\u1ea5p kh\u1ea3 n\u0103ng pha lo\u00e3ng l\u00ean \u0111\u1ebfn 200 l\u1ea7n v\u00e0 h\u1ed7 tr\u1ee3 ph\u00e2n t\u00edch c\u00e1c m\u1eabu c\u00f3 t\u1ed5ng ch\u1ea5t r\u1eafn h\u00f2a tan l\u00ean \u0111\u1ebfn 35%.<\/span><\/li>\n<li><span style=\"color: #000000;\">B\u1ed9 t\u1ea1\u1ecd dao \u0111\u1ed9ng RF ch\u1ea1y t\u1ef1 do v\u1edbi cu\u1ed9n t\u1ea3i RF LumiCoil\u2122 \u0111\u1ed9c quy\u1ec1n, \u0111\u01b0\u1ee3c thi\u1ebft k\u1ebf \u0111\u1eb7c bi\u1ec7t cho c\u00e1c \u1ee9ng d\u1ee5ng ICP-MS, cung c\u1ea5p kh\u1ea3 n\u0103ng gh\u00e9p tr\u1edf kh\u00e1ng ch\u00ednh x\u00e1c \u0111\u1ec3 d\u1ec5 d\u00e0ng x\u1eed l\u00fd c\u00e1c dung m\u00f4i v\u00e0 n\u1ec1n m\u1eabu ph\u1ee9c t\u1ea1p nh\u1ea5t. S\u1ef1 k\u1ebft h\u1ee3p c\u00f3 t\u00ednh c\u00e1ch m\u1ea1ng n\u00e0y mang l\u1ea1i c\u00f4ng su\u1ea5t v\u00e0 \u0111\u1ed9 \u1ed5n \u0111\u1ecbnh plasma v\u01b0\u1ee3t tr\u1ed9i cho hi\u1ec7u n\u0103ng, \u0111\u1ed9 b\u1ec1n v\u00e0 \u0111\u1ed9 tin c\u1eady kh\u00f4ng b\u1ecb \u1ea3nh h\u01b0\u1edfng.<\/span><\/li>\n<li><span style=\"color: #000000;\">\u00cdt ph\u1ea3i b\u1ea3o tr\u00ec \u0111\u1ec3 c\u00f3 th\u1eddi gian ho\u1ea1t \u0111\u1ed9ng l\u00e2u h\u01a1n:<\/span>\n<ul>\n<li><span style=\"color: #000000;\">K\u1ebft h\u1ee3p b\u1ed9 giao di\u1ec7n Triple cone v\u00e0 b\u1ed9 t\u1ee9 c\u1ef1c l\u00e0m l\u1ec7ch h\u01b0\u1edbng ion gi\u00fap kh\u00f4ng c\u1ea7n b\u1ea3o tr\u00ec h\u1ec7 th\u1ed1ng ph\u00eda sau cone, \u0111\u1ec3 ho\u1ea1t \u0111\u1ed9ng li\u00ean t\u1ee5c v\u00e0 c\u1ea3i thi\u1ec7n \u0111\u1ed9 \u1ed5n \u0111\u1ecbnh.<\/span><\/li>\n<li><span style=\"color: #000000;\">B\u1ed9 t\u1ea1o dao \u0111\u1ed9ng RF ch\u1ea1y t\u1ef1 do \u1edf t\u1ea7n s\u1ed1 34 MHz mang l\u1ea1i cho ng\u01b0\u1eddi d\u00f9ng tr\u1ea3i nghi\u1ec7m kh\u00f4ng g\u1eb7p s\u1ef1 c\u1ed1 \u2013 \u200b\u200bplasma \u0111\u01b0\u1ee3c t\u1ea1o ra b\u1edfi cu\u1ed9n t\u1ea3i RF LumiCoil \u0111\u1ed9c \u0111\u00e1o, kh\u00f4ng c\u1ea7n n\u01b0\u1edbc ho\u1eb7c kh\u00ed l\u00e0m m\u00e1t, do \u0111\u00f3 kh\u00f4ng c\u1ea7n b\u1ea3o tr\u00ec v\u00e0 thay th\u1ebf cu\u1ed9n t\u1ea3i plasma.<\/span><\/li>\n<\/ul>\n<\/li>\n<li><span style=\"color: #000000;\">M\u00e0n h\u00ecnh c\u1ea3m \u1ee9ng LCD c\u1ea3i ti\u1ebfn cho ph\u00e9p th\u1ef1c hi\u1ec7n c\u00e1c t\u00e1c v\u1ee5 quan tr\u1ecdng h\u00e0ng ng\u00e0y, bao g\u1ed3m ki\u1ec3m so\u00e1t ph\u1ea7n c\u1ee9ng, xem l\u1ea1i k\u1ebft qu\u1ea3, ch\u1ea9n \u0111o\u00e1n c\u00e1c th\u00f4ng s\u1ed1 c\u1ee7a thi\u1ebft b\u1ecb, ph\u00e2n t\u00edch, truy c\u1eadp c\u00e1c video \u0111\u00e0o t\u1ea1o t\u00edch h\u1ee3p v\u00e0 nhi\u1ec1u ch\u1ee9c n\u0103ng kh\u00e1c.<\/span><\/li>\n<li><span style=\"color: #000000;\">\u0110\u00e8n LED tr\u1ea1ng th\u00e1i g\u1eafn b\u00ean ngo\u00e0i thi\u1ebft b\u1ecb gi\u00fap d\u1ec5 d\u00e0ng quan s\u00e1t tr\u1ea1ng th\u00e1i ph\u00e2n t\u00edch, t\u1ed1i \u01b0u h\u00f3a hi\u1ec7u qu\u1ea3 trong ph\u00f2ng th\u00ed nghi\u1ec7m.<\/span><\/li>\n<li><span style=\"color: #000000;\">Ph\u1ea7n m\u1ec1m Syngistix\u2122 cho ICP-MS phi\u00ean b\u1ea3n 4.0 ho\u1eb7c cao h\u01a1n n\u00e2ng cao tr\u1ea3i nghi\u1ec7m ng\u01b0\u1eddi d\u00f9ng v\u1edbi c\u01a1 s\u1edf d\u1eef li\u1ec7u hi\u1ec7n \u0111\u1ea1i gi\u00fap d\u1ec5 d\u00e0ng t\u00edch h\u1ee3p v\u1edbi h\u1ec7 th\u1ed1ng LIMS v\u00e0 c\u00f4ng c\u1ee5 FastQuant\u2122 Data Viewer m\u1edbi \u0111\u1ec3 d\u1ec5 d\u00e0ng xem x\u00e9t, t\u00e1i x\u1eed l\u00fd v\u00e0 xu\u1ea5t d\u1eef li\u1ec7u<\/span><\/li>\n<\/ul>\n<p style=\"text-align: justify;\"><span style=\"color: #000000;\">H\u1ec7 th\u1ed1ng kh\u1ed1i ph\u1ed5 plasma c\u1ea3m \u1ee9ng NexION 1100 l\u00fd t\u01b0\u1edfng cho ho\u1ea1t \u0111\u1ed9ng ph\u00e2n t\u00edch vi l\u01b0\u1ee3ng h\u00e0ng ng\u00e0y<\/span><\/p>\n<\/div>\n<div class=\"acf-field\">\n<h4 style=\"text-align: justify;\"><span style=\"color: #000000;\"><strong>Specifications<\/strong><\/span><\/h4>\n<div class=\"pe_pdp_detatabl\">\n<table id=\"pe_pdp_tab_det\" style=\"width: 300px;\">\n<tbody>\n<tr style=\"text-align: justify;\">\n<th><span style=\"color: #000000;\">Chi\u1ec1u s\u00e2u<\/span><\/th>\n<td><span style=\"color: #000000;\">72.0 cm<\/span><\/td>\n<\/tr>\n<tr style=\"text-align: justify;\">\n<th><span style=\"color: #000000;\">Height<\/span><\/th>\n<td><span style=\"color: #000000;\">84.0 cm<\/span><\/td>\n<\/tr>\n<tr style=\"text-align: justify;\">\n<th><span style=\"color: #000000;\">Weight<\/span><\/th>\n<td><span style=\"color: #000000;\">150.0 kg<\/span><\/td>\n<\/tr>\n<tr>\n<th style=\"text-align: justify;\"><span style=\"color: #000000;\">Chi\u00eau r\u1ed9ng<\/span><\/th>\n<td style=\"text-align: justify;\"><span style=\"color: #000000;\">81.0 cm<\/span><\/td>\n<\/tr>\n<\/tbody>\n<\/table>\n<\/div>\n<\/div>","protected":false},"excerpt":{"rendered":"<p style=\"text-align: justify;\"><span style=\"color: #000000;\">\u0110\u1ed1i v\u1edbi c\u00e1c ph\u00f2ng th\u00ed nghi\u1ec7m ti\u1ebfn h\u00e0nh ph\u00e2n t\u00edch nguy\u00ean t\u1ed1 \u1edf m\u1ee9c l\u01b0\u1ee3ng v\u1ebft \u0111ang t\u00ecm ki\u1ebfm m\u1ed9t h\u1ec7 th\u1ed1ng \u0111\u00e1ng tin c\u1eady nh\u01b0ng d\u1ec5 v\u1eadn h\u00e0nh c\u00f3 kh\u1ea3 n\u0103ng ph\u00e2n t\u00edch s\u1ed1 l\u01b0\u1ee3ng m\u1eabu l\u1edbn, H\u1ec7 th\u1ed1ng kh\u1ed1i kh\u1ed5 plasma c\u1ea3m \u1ee9ng NexION 1100 ICP-MS \u0111\u01b0\u1ee3c x\u00e2y d\u1ef1ng d\u1ef1a tr\u00ean truy\u1ec1n th\u1ed1ng v\u1eefng ch\u1eafc v\u1ec1 thi\u1ebft b\u1ecb \u0111\u00e1ng tin c\u1eady, d\u1ec5 s\u1eed d\u1ee5ng, \u00edt b\u1ea3o tr\u00ec, nay c\u00f2n n\u00e2ng cao tr\u1ea3i nghi\u1ec7m ng\u01b0\u1eddi d\u00f9ng cho c\u00e1c \u1ee9ng d\u1ee5ng ICP-MS th\u00f4ng th\u01b0\u1eddng.<\/span><\/p>\n<p style=\"text-align: justify;\"><span style=\"color: #000000;\">Thi\u1ebft k\u1ebf m\u1ed9t b\u1ed9 ph\u00e2n t\u00edch kh\u1ed1i, ba t\u1ee9 c\u1ef1c \u0111\u1ed9c \u0111\u00e1o, k\u1ebft h\u1ee3p v\u1edbi m\u1ed9t k\u00eanh kh\u00ed (c\u00f3 t\u00f9y ch\u1ecdn n\u00e2ng c\u1ea5p l\u00ean nhi\u1ec1u k\u00eanh) v\u00e0 quy tr\u00ecnh l\u00e0m vi\u1ec7c hi\u1ec7n \u0111\u1ea1i cung c\u1ea5p kh\u1ea3 n\u0103ng lo\u1ea1i b\u1ecf nhi\u1ec5u \u0111\u01a1n gi\u1ea3n nh\u01b0ng hi\u1ec7u qu\u1ea3, \u00edt b\u1ea3o tr\u00ec, \u0111\u1ed9 \u1ed5n \u0111\u1ecbnh tuy\u1ec7t v\u1eddi c\u0169ng nh\u01b0 t\u00ednh b\u1ec1n v\u1eefng, t\u1ea5t c\u1ea3 trong m\u1ed9t tr\u1ea3i nghi\u1ec7m tinh g\u1ecdn \u2013 H\u1ec7 ICP-MS l\u00fd t\u01b0\u1edfng \u0111\u1ec3 ph\u00e2n t\u00edch nguy\u00ean t\u1ed1 vi l\u01b0\u1ee3ng h\u00e0ng ng\u00e0y.<\/span><\/p>","protected":false},"featured_media":885,"template":"","meta":{"inline_featured_image":false},"product_brand":[29],"product_cat":[61,59,108],"product_tag":[],"class_list":{"0":"post-884","1":"product","2":"type-product","3":"status-publish","4":"has-post-thumbnail","6":"product_brand-perkinelmer","7":"product_cat-khoi-pho-plasma-cam-ung-icp-ms","8":"product_cat-quang-pho-nguyen-tu","9":"product_cat-san-pham-noi-bat-trang-chu","11":"first","12":"instock","13":"featured","14":"shipping-taxable","15":"product-type-simple"},"yoast_head":"<!-- This site is optimized with the Yoast SEO plugin v24.7 - https:\/\/yoast.com\/wordpress\/plugins\/seo\/ -->\n<title>H\u1ec7 th\u1ed1ng kh\u1ed1i ph\u1ed5 plasma c\u1ea3m \u1ee9ng NexION 1100 - HTI Scientific<\/title>\n<meta name=\"robots\" content=\"index, follow, max-snippet:-1, max-image-preview:large, max-video-preview:-1\" \/>\n<link rel=\"canonical\" href=\"https:\/\/htiscientific.vn\/en\/product\/he-thong-khoi-pho-plasma-cam-ung-nexion-1100\/\" \/>\n<meta property=\"og:locale\" content=\"en_US\" \/>\n<meta property=\"og:type\" content=\"article\" \/>\n<meta property=\"og:title\" content=\"H\u1ec7 th\u1ed1ng kh\u1ed1i ph\u1ed5 plasma c\u1ea3m \u1ee9ng NexION 1100 - HTI Scientific\" \/>\n<meta property=\"og:description\" content=\"\u0110\u1ed1i v\u1edbi c\u00e1c ph\u00f2ng th\u00ed nghi\u1ec7m ti\u1ebfn h\u00e0nh ph\u00e2n t\u00edch nguy\u00ean t\u1ed1 \u1edf m\u1ee9c l\u01b0\u1ee3ng v\u1ebft \u0111ang t\u00ecm ki\u1ebfm m\u1ed9t h\u1ec7 th\u1ed1ng \u0111\u00e1ng tin c\u1eady nh\u01b0ng d\u1ec5 v\u1eadn h\u00e0nh c\u00f3 kh\u1ea3 n\u0103ng ph\u00e2n t\u00edch s\u1ed1 l\u01b0\u1ee3ng m\u1eabu l\u1edbn, H\u1ec7 th\u1ed1ng kh\u1ed1i kh\u1ed5 plasma c\u1ea3m \u1ee9ng NexION 1100 ICP-MS \u0111\u01b0\u1ee3c x\u00e2y d\u1ef1ng d\u1ef1a tr\u00ean truy\u1ec1n th\u1ed1ng v\u1eefng ch\u1eafc v\u1ec1 thi\u1ebft b\u1ecb \u0111\u00e1ng tin c\u1eady, d\u1ec5 s\u1eed d\u1ee5ng, \u00edt b\u1ea3o tr\u00ec, nay c\u00f2n n\u00e2ng cao tr\u1ea3i nghi\u1ec7m ng\u01b0\u1eddi d\u00f9ng cho c\u00e1c \u1ee9ng d\u1ee5ng ICP-MS th\u00f4ng th\u01b0\u1eddng. Thi\u1ebft k\u1ebf m\u1ed9t b\u1ed9 ph\u00e2n t\u00edch kh\u1ed1i, ba t\u1ee9 c\u1ef1c \u0111\u1ed9c \u0111\u00e1o, k\u1ebft h\u1ee3p v\u1edbi m\u1ed9t k\u00eanh kh\u00ed (c\u00f3 t\u00f9y ch\u1ecdn n\u00e2ng c\u1ea5p l\u00ean nhi\u1ec1u k\u00eanh) v\u00e0 quy tr\u00ecnh l\u00e0m vi\u1ec7c hi\u1ec7n \u0111\u1ea1i cung c\u1ea5p kh\u1ea3 n\u0103ng lo\u1ea1i b\u1ecf nhi\u1ec5u \u0111\u01a1n gi\u1ea3n nh\u01b0ng hi\u1ec7u qu\u1ea3, \u00edt b\u1ea3o tr\u00ec, \u0111\u1ed9 \u1ed5n \u0111\u1ecbnh tuy\u1ec7t v\u1eddi c\u0169ng nh\u01b0 t\u00ednh b\u1ec1n v\u1eefng, t\u1ea5t c\u1ea3 trong m\u1ed9t tr\u1ea3i nghi\u1ec7m tinh g\u1ecdn \u2013 H\u1ec7 ICP-MS l\u00fd t\u01b0\u1edfng \u0111\u1ec3 ph\u00e2n t\u00edch nguy\u00ean t\u1ed1 vi l\u01b0\u1ee3ng h\u00e0ng ng\u00e0y.\" \/>\n<meta property=\"og:url\" content=\"https:\/\/htiscientific.vn\/en\/product\/he-thong-khoi-pho-plasma-cam-ung-nexion-1100\/\" \/>\n<meta property=\"og:site_name\" content=\"HTI Scientific\" \/>\n<meta property=\"article:publisher\" content=\"https:\/\/www.facebook.com\/htiscientific.vn\" \/>\n<meta property=\"article:modified_time\" content=\"2025-05-07T09:59:44+00:00\" \/>\n<meta property=\"og:image\" content=\"https:\/\/htiscientific.vn\/wp-content\/uploads\/2025\/03\/nexion-1000-icp-ms-front-elevated-700x700-1.png\" \/>\n\t<meta property=\"og:image:width\" content=\"700\" \/>\n\t<meta property=\"og:image:height\" content=\"700\" \/>\n\t<meta property=\"og:image:type\" content=\"image\/png\" \/>\n<meta name=\"twitter:card\" content=\"summary_large_image\" \/>\n<meta name=\"twitter:label1\" content=\"Est. reading time\" \/>\n\t<meta name=\"twitter:data1\" content=\"5 minutes\" \/>\n<script type=\"application\/ld+json\" class=\"yoast-schema-graph\">{\"@context\":\"https:\/\/schema.org\",\"@graph\":[{\"@type\":\"WebPage\",\"@id\":\"https:\/\/htiscientific.vn\/san-pham\/he-thong-khoi-pho-plasma-cam-ung-nexion-1100\/\",\"url\":\"https:\/\/htiscientific.vn\/san-pham\/he-thong-khoi-pho-plasma-cam-ung-nexion-1100\/\",\"name\":\"H\u1ec7 th\u1ed1ng kh\u1ed1i ph\u1ed5 plasma c\u1ea3m \u1ee9ng NexION 1100 - HTI Scientific\",\"isPartOf\":{\"@id\":\"https:\/\/htiscientific.vn\/#website\"},\"primaryImageOfPage\":{\"@id\":\"https:\/\/htiscientific.vn\/san-pham\/he-thong-khoi-pho-plasma-cam-ung-nexion-1100\/#primaryimage\"},\"image\":{\"@id\":\"https:\/\/htiscientific.vn\/san-pham\/he-thong-khoi-pho-plasma-cam-ung-nexion-1100\/#primaryimage\"},\"thumbnailUrl\":\"https:\/\/htiscientific.vn\/wp-content\/uploads\/2025\/03\/nexion-1000-icp-ms-front-elevated-700x700-1.png\",\"datePublished\":\"2025-03-27T08:43:27+00:00\",\"dateModified\":\"2025-05-07T09:59:44+00:00\",\"breadcrumb\":{\"@id\":\"https:\/\/htiscientific.vn\/san-pham\/he-thong-khoi-pho-plasma-cam-ung-nexion-1100\/#breadcrumb\"},\"inLanguage\":\"en-US\",\"potentialAction\":[{\"@type\":\"ReadAction\",\"target\":[\"https:\/\/htiscientific.vn\/san-pham\/he-thong-khoi-pho-plasma-cam-ung-nexion-1100\/\"]}]},{\"@type\":\"ImageObject\",\"inLanguage\":\"en-US\",\"@id\":\"https:\/\/htiscientific.vn\/san-pham\/he-thong-khoi-pho-plasma-cam-ung-nexion-1100\/#primaryimage\",\"url\":\"https:\/\/htiscientific.vn\/wp-content\/uploads\/2025\/03\/nexion-1000-icp-ms-front-elevated-700x700-1.png\",\"contentUrl\":\"https:\/\/htiscientific.vn\/wp-content\/uploads\/2025\/03\/nexion-1000-icp-ms-front-elevated-700x700-1.png\",\"width\":700,\"height\":700},{\"@type\":\"BreadcrumbList\",\"@id\":\"https:\/\/htiscientific.vn\/san-pham\/he-thong-khoi-pho-plasma-cam-ung-nexion-1100\/#breadcrumb\",\"itemListElement\":[{\"@type\":\"ListItem\",\"position\":1,\"name\":\"Trang ch\u1ee7\",\"item\":\"https:\/\/htiscientific.vn\/\"},{\"@type\":\"ListItem\",\"position\":2,\"name\":\"C\u1eeda h\u00e0ng\",\"item\":\"https:\/\/htiscientific.vn\/cua-hang\/\"},{\"@type\":\"ListItem\",\"position\":3,\"name\":\"Quang ph\u1ed5 nguy\u00ean t\u1eed\",\"item\":\"https:\/\/htiscientific.vn\/danh-muc-san-pham\/quang-pho-nguyen-tu\/\"},{\"@type\":\"ListItem\",\"position\":4,\"name\":\"Kh\u1ed1i ph\u1ed5 plasma c\u1ea3m \u1ee9ng ICP-MS\",\"item\":\"https:\/\/htiscientific.vn\/danh-muc-san-pham\/quang-pho-nguyen-tu\/khoi-pho-plasma-cam-ung-icp-ms\/\"},{\"@type\":\"ListItem\",\"position\":5,\"name\":\"H\u1ec7 th\u1ed1ng kh\u1ed1i ph\u1ed5 plasma c\u1ea3m \u1ee9ng NexION 1100\"}]},{\"@type\":\"WebSite\",\"@id\":\"https:\/\/htiscientific.vn\/#website\",\"url\":\"https:\/\/htiscientific.vn\/\",\"name\":\"HTI Scientific\",\"description\":\"HTI Scientific\",\"publisher\":{\"@id\":\"https:\/\/htiscientific.vn\/#organization\"},\"potentialAction\":[{\"@type\":\"SearchAction\",\"target\":{\"@type\":\"EntryPoint\",\"urlTemplate\":\"https:\/\/htiscientific.vn\/?s={search_term_string}\"},\"query-input\":{\"@type\":\"PropertyValueSpecification\",\"valueRequired\":true,\"valueName\":\"search_term_string\"}}],\"inLanguage\":\"en-US\"},{\"@type\":\"Organization\",\"@id\":\"https:\/\/htiscientific.vn\/#organization\",\"name\":\"HTI Scientific\",\"alternateName\":\"HTI Scientific\",\"url\":\"https:\/\/htiscientific.vn\/\",\"logo\":{\"@type\":\"ImageObject\",\"inLanguage\":\"en-US\",\"@id\":\"https:\/\/htiscientific.vn\/#\/schema\/logo\/image\/\",\"url\":\"https:\/\/htiscientific.vn\/wp-content\/uploads\/2025\/03\/ava-hti-copy.jpg\",\"contentUrl\":\"https:\/\/htiscientific.vn\/wp-content\/uploads\/2025\/03\/ava-hti-copy.jpg\",\"width\":700,\"height\":450,\"caption\":\"HTI Scientific\"},\"image\":{\"@id\":\"https:\/\/htiscientific.vn\/#\/schema\/logo\/image\/\"},\"sameAs\":[\"https:\/\/www.facebook.com\/htiscientific.vn\"]}]}<\/script>\n<!-- \/ Yoast SEO plugin. -->","yoast_head_json":{"title":"H\u1ec7 th\u1ed1ng kh\u1ed1i ph\u1ed5 plasma c\u1ea3m \u1ee9ng NexION 1100 - HTI Scientific","robots":{"index":"index","follow":"follow","max-snippet":"max-snippet:-1","max-image-preview":"max-image-preview:large","max-video-preview":"max-video-preview:-1"},"canonical":"https:\/\/htiscientific.vn\/en\/product\/he-thong-khoi-pho-plasma-cam-ung-nexion-1100\/","og_locale":"en_US","og_type":"article","og_title":"H\u1ec7 th\u1ed1ng kh\u1ed1i ph\u1ed5 plasma c\u1ea3m \u1ee9ng NexION 1100 - HTI Scientific","og_description":"\u0110\u1ed1i v\u1edbi c\u00e1c ph\u00f2ng th\u00ed nghi\u1ec7m ti\u1ebfn h\u00e0nh ph\u00e2n t\u00edch nguy\u00ean t\u1ed1 \u1edf m\u1ee9c l\u01b0\u1ee3ng v\u1ebft \u0111ang t\u00ecm ki\u1ebfm m\u1ed9t h\u1ec7 th\u1ed1ng \u0111\u00e1ng tin c\u1eady nh\u01b0ng d\u1ec5 v\u1eadn h\u00e0nh c\u00f3 kh\u1ea3 n\u0103ng ph\u00e2n t\u00edch s\u1ed1 l\u01b0\u1ee3ng m\u1eabu l\u1edbn, H\u1ec7 th\u1ed1ng kh\u1ed1i kh\u1ed5 plasma c\u1ea3m \u1ee9ng NexION 1100 ICP-MS \u0111\u01b0\u1ee3c x\u00e2y d\u1ef1ng d\u1ef1a tr\u00ean truy\u1ec1n th\u1ed1ng v\u1eefng ch\u1eafc v\u1ec1 thi\u1ebft b\u1ecb \u0111\u00e1ng tin c\u1eady, d\u1ec5 s\u1eed d\u1ee5ng, \u00edt b\u1ea3o tr\u00ec, nay c\u00f2n n\u00e2ng cao tr\u1ea3i nghi\u1ec7m ng\u01b0\u1eddi d\u00f9ng cho c\u00e1c \u1ee9ng d\u1ee5ng ICP-MS th\u00f4ng th\u01b0\u1eddng. Thi\u1ebft k\u1ebf m\u1ed9t b\u1ed9 ph\u00e2n t\u00edch kh\u1ed1i, ba t\u1ee9 c\u1ef1c \u0111\u1ed9c \u0111\u00e1o, k\u1ebft h\u1ee3p v\u1edbi m\u1ed9t k\u00eanh kh\u00ed (c\u00f3 t\u00f9y ch\u1ecdn n\u00e2ng c\u1ea5p l\u00ean nhi\u1ec1u k\u00eanh) v\u00e0 quy tr\u00ecnh l\u00e0m vi\u1ec7c hi\u1ec7n \u0111\u1ea1i cung c\u1ea5p kh\u1ea3 n\u0103ng lo\u1ea1i b\u1ecf nhi\u1ec5u \u0111\u01a1n gi\u1ea3n nh\u01b0ng hi\u1ec7u qu\u1ea3, \u00edt b\u1ea3o tr\u00ec, \u0111\u1ed9 \u1ed5n \u0111\u1ecbnh tuy\u1ec7t v\u1eddi c\u0169ng nh\u01b0 t\u00ednh b\u1ec1n v\u1eefng, t\u1ea5t c\u1ea3 trong m\u1ed9t tr\u1ea3i nghi\u1ec7m tinh g\u1ecdn \u2013 H\u1ec7 ICP-MS l\u00fd t\u01b0\u1edfng \u0111\u1ec3 ph\u00e2n t\u00edch nguy\u00ean t\u1ed1 vi l\u01b0\u1ee3ng h\u00e0ng ng\u00e0y.","og_url":"https:\/\/htiscientific.vn\/en\/product\/he-thong-khoi-pho-plasma-cam-ung-nexion-1100\/","og_site_name":"HTI Scientific","article_publisher":"https:\/\/www.facebook.com\/htiscientific.vn","article_modified_time":"2025-05-07T09:59:44+00:00","og_image":[{"width":700,"height":700,"url":"https:\/\/htiscientific.vn\/wp-content\/uploads\/2025\/03\/nexion-1000-icp-ms-front-elevated-700x700-1.png","type":"image\/png"}],"twitter_card":"summary_large_image","twitter_misc":{"Est. reading time":"5 minutes"},"schema":{"@context":"https:\/\/schema.org","@graph":[{"@type":"WebPage","@id":"https:\/\/htiscientific.vn\/san-pham\/he-thong-khoi-pho-plasma-cam-ung-nexion-1100\/","url":"https:\/\/htiscientific.vn\/san-pham\/he-thong-khoi-pho-plasma-cam-ung-nexion-1100\/","name":"H\u1ec7 th\u1ed1ng kh\u1ed1i ph\u1ed5 plasma c\u1ea3m \u1ee9ng NexION 1100 - HTI Scientific","isPartOf":{"@id":"https:\/\/htiscientific.vn\/#website"},"primaryImageOfPage":{"@id":"https:\/\/htiscientific.vn\/san-pham\/he-thong-khoi-pho-plasma-cam-ung-nexion-1100\/#primaryimage"},"image":{"@id":"https:\/\/htiscientific.vn\/san-pham\/he-thong-khoi-pho-plasma-cam-ung-nexion-1100\/#primaryimage"},"thumbnailUrl":"https:\/\/htiscientific.vn\/wp-content\/uploads\/2025\/03\/nexion-1000-icp-ms-front-elevated-700x700-1.png","datePublished":"2025-03-27T08:43:27+00:00","dateModified":"2025-05-07T09:59:44+00:00","breadcrumb":{"@id":"https:\/\/htiscientific.vn\/san-pham\/he-thong-khoi-pho-plasma-cam-ung-nexion-1100\/#breadcrumb"},"inLanguage":"en-US","potentialAction":[{"@type":"ReadAction","target":["https:\/\/htiscientific.vn\/san-pham\/he-thong-khoi-pho-plasma-cam-ung-nexion-1100\/"]}]},{"@type":"ImageObject","inLanguage":"en-US","@id":"https:\/\/htiscientific.vn\/san-pham\/he-thong-khoi-pho-plasma-cam-ung-nexion-1100\/#primaryimage","url":"https:\/\/htiscientific.vn\/wp-content\/uploads\/2025\/03\/nexion-1000-icp-ms-front-elevated-700x700-1.png","contentUrl":"https:\/\/htiscientific.vn\/wp-content\/uploads\/2025\/03\/nexion-1000-icp-ms-front-elevated-700x700-1.png","width":700,"height":700},{"@type":"BreadcrumbList","@id":"https:\/\/htiscientific.vn\/san-pham\/he-thong-khoi-pho-plasma-cam-ung-nexion-1100\/#breadcrumb","itemListElement":[{"@type":"ListItem","position":1,"name":"Trang ch\u1ee7","item":"https:\/\/htiscientific.vn\/"},{"@type":"ListItem","position":2,"name":"C\u1eeda h\u00e0ng","item":"https:\/\/htiscientific.vn\/cua-hang\/"},{"@type":"ListItem","position":3,"name":"Quang ph\u1ed5 nguy\u00ean t\u1eed","item":"https:\/\/htiscientific.vn\/danh-muc-san-pham\/quang-pho-nguyen-tu\/"},{"@type":"ListItem","position":4,"name":"Kh\u1ed1i ph\u1ed5 plasma c\u1ea3m \u1ee9ng ICP-MS","item":"https:\/\/htiscientific.vn\/danh-muc-san-pham\/quang-pho-nguyen-tu\/khoi-pho-plasma-cam-ung-icp-ms\/"},{"@type":"ListItem","position":5,"name":"H\u1ec7 th\u1ed1ng kh\u1ed1i ph\u1ed5 plasma c\u1ea3m \u1ee9ng NexION 1100"}]},{"@type":"WebSite","@id":"https:\/\/htiscientific.vn\/#website","url":"https:\/\/htiscientific.vn\/","name":"HTI Scientific","description":"HTI Scientific","publisher":{"@id":"https:\/\/htiscientific.vn\/#organization"},"potentialAction":[{"@type":"SearchAction","target":{"@type":"EntryPoint","urlTemplate":"https:\/\/htiscientific.vn\/?s={search_term_string}"},"query-input":{"@type":"PropertyValueSpecification","valueRequired":true,"valueName":"search_term_string"}}],"inLanguage":"en-US"},{"@type":"Organization","@id":"https:\/\/htiscientific.vn\/#organization","name":"HTI Scientific","alternateName":"HTI Scientific","url":"https:\/\/htiscientific.vn\/","logo":{"@type":"ImageObject","inLanguage":"en-US","@id":"https:\/\/htiscientific.vn\/#\/schema\/logo\/image\/","url":"https:\/\/htiscientific.vn\/wp-content\/uploads\/2025\/03\/ava-hti-copy.jpg","contentUrl":"https:\/\/htiscientific.vn\/wp-content\/uploads\/2025\/03\/ava-hti-copy.jpg","width":700,"height":450,"caption":"HTI Scientific"},"image":{"@id":"https:\/\/htiscientific.vn\/#\/schema\/logo\/image\/"},"sameAs":["https:\/\/www.facebook.com\/htiscientific.vn"]}]}},"_links":{"self":[{"href":"https:\/\/htiscientific.vn\/en\/wp-json\/wp\/v2\/product\/884","targetHints":{"allow":["GET"]}}],"collection":[{"href":"https:\/\/htiscientific.vn\/en\/wp-json\/wp\/v2\/product"}],"about":[{"href":"https:\/\/htiscientific.vn\/en\/wp-json\/wp\/v2\/types\/product"}],"wp:featuredmedia":[{"embeddable":true,"href":"https:\/\/htiscientific.vn\/en\/wp-json\/wp\/v2\/media\/885"}],"wp:attachment":[{"href":"https:\/\/htiscientific.vn\/en\/wp-json\/wp\/v2\/media?parent=884"}],"wp:term":[{"taxonomy":"product_brand","embeddable":true,"href":"https:\/\/htiscientific.vn\/en\/wp-json\/wp\/v2\/product_brand?post=884"},{"taxonomy":"product_cat","embeddable":true,"href":"https:\/\/htiscientific.vn\/en\/wp-json\/wp\/v2\/product_cat?post=884"},{"taxonomy":"product_tag","embeddable":true,"href":"https:\/\/htiscientific.vn\/en\/wp-json\/wp\/v2\/product_tag?post=884"}],"curies":[{"name":"wp","href":"https:\/\/api.w.org\/{rel}","templated":true}]}}