{"id":882,"date":"2025-03-27T15:39:22","date_gmt":"2025-03-27T08:39:22","guid":{"rendered":"https:\/\/htiscientific.vn\/?post_type=product&#038;p=882"},"modified":"2025-03-27T15:40:24","modified_gmt":"2025-03-27T08:40:24","slug":"may-quang-pho-hap-thu-nguyen-tu-pinaacle-900t","status":"publish","type":"product","link":"https:\/\/htiscientific.vn\/en\/product\/may-quang-pho-hap-thu-nguyen-tu-pinaacle-900t\/","title":{"rendered":"PinAAcle 900T Atomic Absorption Spectrometer"},"content":{"rendered":"<div class=\"acf-field\">\n<p style=\"text-align: justify;\"><span style=\"color: #000000;\">The PinAAcle\u2122 900T Atomic Absorption Spectrometer is the highest-quality integrated flame and longitudinal Zeeman furnace system available for laboratories that require both flame and THGA furnace modes. The PinAAcle 900T allows you to switch between flame and furnace in just seconds. Its high light-throughput optical system, combined with a solid-state detector, provides superior performance and the best signal-to-noise ratio of any\u00a0<a style=\"color: #000000;\" href=\"https:\/\/perkinelmervietnam.vn\/product-category\/phan-tich-nguyen-to\/quang-pho-hap-thu-nguyen-tu-aas\/\">AA system<\/a>\u00a0on the market.\n\nIn addition, advanced fiber optic technology enhances detection limits, while the TubeView\u2122 color furnace camera enables automatic alignment of the sample probe and simplifies sample introduction. It also allows for real-time observation of the drying and pyrolysis stages during analysis, facilitating easier method development.\n\nAll of these features are housed in the most compact integrated flame\/graphite furnace AA system available, saving valuable bench space in your laboratory.<\/span><\/p>\n<p style=\"text-align: justify;\"><span style=\"color: #000000;\"><a style=\"color: #000000;\" href=\"https:\/\/www.perkinelmer.com\/product\/pinaacle-900t-atomic-absorption-spectrometer-pinaacle900t\">M\u00e1y quang ph\u1ed5 h\u1ea5p th\u1ee5 nguy\u00ean t\u1eed PinAAcle 900T<\/a>\u00a0Controlled by Syngistix\u2122 for AA, a workflow-based software designed to accelerate and simplify the process from sample to results across multiple atomic absorption techniques. For regulated laboratories, the optional Syngistix Enhanced Security\u2122 package is available to meet specific requirements, such as compliance with 21 CFR Part 11 \/ EU regulations.<\/span><\/p>\n<p style=\"text-align: justify;\">\n<\/div>\n<div class=\"acf-field\">\n<p style=\"text-align: justify;\"><span style=\"color: #000000;\"><strong>Specifications<\/strong><\/span><\/p>\n<table id=\"pe_pdp_tab_det\" style=\"width: 500px;\">\n<tbody>\n<tr style=\"text-align: justify;\">\n<td><span style=\"color: #000000;\">FDA CFR Part 11 Compliance<\/span><\/td>\n<td><span style=\"color: #000000;\">Yes<\/span><\/td>\n<\/tr>\n<tr style=\"text-align: justify;\">\n<td><span style=\"color: #000000;\">Model Name<\/span><\/td>\n<td><span style=\"color: #000000;\">PinAAcle 900T AA Spectrometer<\/span><\/td>\n<\/tr>\n<tr style=\"text-align: justify;\">\n<td><span style=\"color: #000000;\">Brand Name<\/span><\/td>\n<td><span style=\"color: #000000;\">PinAAcle<\/span><\/td>\n<\/tr>\n<tr style=\"text-align: justify;\">\n<td><span style=\"color: #000000;\">Warranty<\/span><\/td>\n<td><span style=\"color: #000000;\">1 year<\/span><\/td>\n<\/tr>\n<tr style=\"text-align: justify;\">\n<td><span style=\"color: #000000;\">Height<\/span><\/td>\n<td><span style=\"color: #000000;\">64.0 cm<\/span><\/td>\n<\/tr>\n<tr style=\"text-align: justify;\">\n<td><span style=\"color: #000000;\">Weight<\/span><\/td>\n<td><span style=\"color: #000000;\">141.0 kg<\/span><\/td>\n<\/tr>\n<tr>\n<td style=\"text-align: justify;\"><span style=\"color: #000000;\">Width<\/span><\/td>\n<td style=\"text-align: justify;\"><span style=\"color: #000000;\">95.0 cm<\/span><\/td>\n<\/tr>\n<\/tbody>\n<\/table>\n<\/div>","protected":false},"excerpt":{"rendered":"<p><span style=\"color: #000000;\">For laboratories requiring both flame and furnace capabilities, the PinAAcle\u2122 900T is the ideal system, featuring an integrated high-performance flame and longitudinal Zeeman graphite furnace. The PinAAcle 900T allows seamless switching between flame and furnace in just seconds. Its high light-throughput optical system, combined with a solid-state detector, delivers superior performance and the best signal-to-noise ratio of any AA system on the market.<\/span><\/p>","protected":false},"featured_media":883,"template":"","meta":{"inline_featured_image":false},"product_brand":[29],"product_cat":[60,59],"product_tag":[],"class_list":{"0":"post-882","1":"product","2":"type-product","3":"status-publish","4":"has-post-thumbnail","6":"product_brand-perkinelmer","7":"product_cat-quang-pho-hap-thu-nguyen-tu-aas","8":"product_cat-quang-pho-nguyen-tu","10":"first","11":"instock","12":"shipping-taxable","13":"product-type-simple"},"yoast_head":"<!-- This site is optimized with the Yoast SEO plugin v24.7 - https:\/\/yoast.com\/wordpress\/plugins\/seo\/ -->\n<title>M\u00e1y quang ph\u1ed5 h\u1ea5p th\u1ee5 nguy\u00ean t\u1eed PinAACle 900T - HTI Scientific<\/title>\n<meta name=\"robots\" content=\"index, follow, max-snippet:-1, max-image-preview:large, max-video-preview:-1\" \/>\n<link rel=\"canonical\" href=\"https:\/\/htiscientific.vn\/en\/product\/may-quang-pho-hap-thu-nguyen-tu-pinaacle-900t\/\" \/>\n<meta property=\"og:locale\" content=\"en_US\" \/>\n<meta property=\"og:type\" content=\"article\" \/>\n<meta property=\"og:title\" content=\"M\u00e1y quang ph\u1ed5 h\u1ea5p th\u1ee5 nguy\u00ean t\u1eed PinAACle 900T - HTI Scientific\" \/>\n<meta property=\"og:description\" content=\"\u0110\u1ed1i v\u1edbi c\u00e1c ph\u00f2ng th\u00ed nghi\u1ec7m c\u1ea7n thi\u1ebft b\u1ecb PinAAcle 900T l\u00e0 h\u1ec7 th\u1ed1ng k\u1ebft h\u1ee3p ng\u1ecdn l\u1eeda v\u00e0 l\u00f2 Zeeman d\u1ecdc. PinAAcle 900T cho ph\u00e9p b\u1ea1n chuy\u1ec3n \u0111\u1ed5i gi\u1eefa ng\u1ecdn l\u1eeda v\u00e0 l\u00f2 trong v\u00e0i gi\u00e2y v\u00e0 h\u1ec7 th\u1ed1ng quang h\u1ecdc th\u00f4ng l\u01b0\u1ee3ng \u00e1nh s\u00e1ng cao, k\u1ebft h\u1ee3p \u0111\u1ea7u d\u00f2 tr\u1ea1ng th\u00e1i r\u1eafn, mang l\u1ea1i hi\u1ec7u su\u1ea5t v\u00e0 t\u1ef7 s\u1ed1 S\/N t\u1ed1t nh\u1ea5t so v\u1edbi b\u1ea5t k\u1ef3 h\u1ec7 th\u1ed1ng AA n\u00e0o tr\u00ean th\u1ecb tr\u01b0\u1eddng.\" \/>\n<meta property=\"og:url\" content=\"https:\/\/htiscientific.vn\/en\/product\/may-quang-pho-hap-thu-nguyen-tu-pinaacle-900t\/\" \/>\n<meta property=\"og:site_name\" content=\"HTI Scientific\" \/>\n<meta property=\"article:publisher\" content=\"https:\/\/www.facebook.com\/htiscientific.vn\" \/>\n<meta property=\"article:modified_time\" content=\"2025-03-27T08:40:24+00:00\" \/>\n<meta property=\"og:image\" content=\"https:\/\/htiscientific.vn\/wp-content\/uploads\/2025\/03\/pinaacle-900t.jpg\" \/>\n\t<meta property=\"og:image:width\" content=\"700\" \/>\n\t<meta property=\"og:image:height\" content=\"700\" \/>\n\t<meta property=\"og:image:type\" content=\"image\/jpeg\" \/>\n<meta name=\"twitter:card\" content=\"summary_large_image\" \/>\n<meta name=\"twitter:label1\" content=\"Est. reading time\" \/>\n\t<meta name=\"twitter:data1\" content=\"2 minutes\" \/>\n<script type=\"application\/ld+json\" class=\"yoast-schema-graph\">{\"@context\":\"https:\/\/schema.org\",\"@graph\":[{\"@type\":\"WebPage\",\"@id\":\"https:\/\/htiscientific.vn\/san-pham\/may-quang-pho-hap-thu-nguyen-tu-pinaacle-900t\/\",\"url\":\"https:\/\/htiscientific.vn\/san-pham\/may-quang-pho-hap-thu-nguyen-tu-pinaacle-900t\/\",\"name\":\"M\u00e1y quang ph\u1ed5 h\u1ea5p th\u1ee5 nguy\u00ean t\u1eed PinAACle 900T - HTI Scientific\",\"isPartOf\":{\"@id\":\"https:\/\/htiscientific.vn\/#website\"},\"primaryImageOfPage\":{\"@id\":\"https:\/\/htiscientific.vn\/san-pham\/may-quang-pho-hap-thu-nguyen-tu-pinaacle-900t\/#primaryimage\"},\"image\":{\"@id\":\"https:\/\/htiscientific.vn\/san-pham\/may-quang-pho-hap-thu-nguyen-tu-pinaacle-900t\/#primaryimage\"},\"thumbnailUrl\":\"https:\/\/htiscientific.vn\/wp-content\/uploads\/2025\/03\/pinaacle-900t.jpg\",\"datePublished\":\"2025-03-27T08:39:22+00:00\",\"dateModified\":\"2025-03-27T08:40:24+00:00\",\"breadcrumb\":{\"@id\":\"https:\/\/htiscientific.vn\/san-pham\/may-quang-pho-hap-thu-nguyen-tu-pinaacle-900t\/#breadcrumb\"},\"inLanguage\":\"en-US\",\"potentialAction\":[{\"@type\":\"ReadAction\",\"target\":[\"https:\/\/htiscientific.vn\/san-pham\/may-quang-pho-hap-thu-nguyen-tu-pinaacle-900t\/\"]}]},{\"@type\":\"ImageObject\",\"inLanguage\":\"en-US\",\"@id\":\"https:\/\/htiscientific.vn\/san-pham\/may-quang-pho-hap-thu-nguyen-tu-pinaacle-900t\/#primaryimage\",\"url\":\"https:\/\/htiscientific.vn\/wp-content\/uploads\/2025\/03\/pinaacle-900t.jpg\",\"contentUrl\":\"https:\/\/htiscientific.vn\/wp-content\/uploads\/2025\/03\/pinaacle-900t.jpg\",\"width\":700,\"height\":700},{\"@type\":\"BreadcrumbList\",\"@id\":\"https:\/\/htiscientific.vn\/san-pham\/may-quang-pho-hap-thu-nguyen-tu-pinaacle-900t\/#breadcrumb\",\"itemListElement\":[{\"@type\":\"ListItem\",\"position\":1,\"name\":\"Trang ch\u1ee7\",\"item\":\"https:\/\/htiscientific.vn\/\"},{\"@type\":\"ListItem\",\"position\":2,\"name\":\"C\u1eeda h\u00e0ng\",\"item\":\"https:\/\/htiscientific.vn\/cua-hang\/\"},{\"@type\":\"ListItem\",\"position\":3,\"name\":\"Quang ph\u1ed5 nguy\u00ean t\u1eed\",\"item\":\"https:\/\/htiscientific.vn\/danh-muc-san-pham\/quang-pho-nguyen-tu\/\"},{\"@type\":\"ListItem\",\"position\":4,\"name\":\"Quang ph\u1ed5 h\u1ea5p th\u1ee5 nguy\u00ean t\u1eed AAS\",\"item\":\"https:\/\/htiscientific.vn\/danh-muc-san-pham\/quang-pho-nguyen-tu\/quang-pho-hap-thu-nguyen-tu-aas\/\"},{\"@type\":\"ListItem\",\"position\":5,\"name\":\"M\u00e1y quang ph\u1ed5 h\u1ea5p th\u1ee5 nguy\u00ean t\u1eed PinAACle 900T\"}]},{\"@type\":\"WebSite\",\"@id\":\"https:\/\/htiscientific.vn\/#website\",\"url\":\"https:\/\/htiscientific.vn\/\",\"name\":\"HTI Scientific\",\"description\":\"HTI Scientific\",\"publisher\":{\"@id\":\"https:\/\/htiscientific.vn\/#organization\"},\"potentialAction\":[{\"@type\":\"SearchAction\",\"target\":{\"@type\":\"EntryPoint\",\"urlTemplate\":\"https:\/\/htiscientific.vn\/?s={search_term_string}\"},\"query-input\":{\"@type\":\"PropertyValueSpecification\",\"valueRequired\":true,\"valueName\":\"search_term_string\"}}],\"inLanguage\":\"en-US\"},{\"@type\":\"Organization\",\"@id\":\"https:\/\/htiscientific.vn\/#organization\",\"name\":\"HTI Scientific\",\"alternateName\":\"HTI Scientific\",\"url\":\"https:\/\/htiscientific.vn\/\",\"logo\":{\"@type\":\"ImageObject\",\"inLanguage\":\"en-US\",\"@id\":\"https:\/\/htiscientific.vn\/#\/schema\/logo\/image\/\",\"url\":\"https:\/\/htiscientific.vn\/wp-content\/uploads\/2025\/03\/ava-hti-copy.jpg\",\"contentUrl\":\"https:\/\/htiscientific.vn\/wp-content\/uploads\/2025\/03\/ava-hti-copy.jpg\",\"width\":700,\"height\":450,\"caption\":\"HTI Scientific\"},\"image\":{\"@id\":\"https:\/\/htiscientific.vn\/#\/schema\/logo\/image\/\"},\"sameAs\":[\"https:\/\/www.facebook.com\/htiscientific.vn\"]}]}<\/script>\n<!-- \/ Yoast SEO plugin. -->","yoast_head_json":{"title":"M\u00e1y quang ph\u1ed5 h\u1ea5p th\u1ee5 nguy\u00ean t\u1eed PinAACle 900T - HTI Scientific","robots":{"index":"index","follow":"follow","max-snippet":"max-snippet:-1","max-image-preview":"max-image-preview:large","max-video-preview":"max-video-preview:-1"},"canonical":"https:\/\/htiscientific.vn\/en\/product\/may-quang-pho-hap-thu-nguyen-tu-pinaacle-900t\/","og_locale":"en_US","og_type":"article","og_title":"M\u00e1y quang ph\u1ed5 h\u1ea5p th\u1ee5 nguy\u00ean t\u1eed PinAACle 900T - HTI Scientific","og_description":"\u0110\u1ed1i v\u1edbi c\u00e1c ph\u00f2ng th\u00ed nghi\u1ec7m c\u1ea7n thi\u1ebft b\u1ecb PinAAcle 900T l\u00e0 h\u1ec7 th\u1ed1ng k\u1ebft h\u1ee3p ng\u1ecdn l\u1eeda v\u00e0 l\u00f2 Zeeman d\u1ecdc. PinAAcle 900T cho ph\u00e9p b\u1ea1n chuy\u1ec3n \u0111\u1ed5i gi\u1eefa ng\u1ecdn l\u1eeda v\u00e0 l\u00f2 trong v\u00e0i gi\u00e2y v\u00e0 h\u1ec7 th\u1ed1ng quang h\u1ecdc th\u00f4ng l\u01b0\u1ee3ng \u00e1nh s\u00e1ng cao, k\u1ebft h\u1ee3p \u0111\u1ea7u d\u00f2 tr\u1ea1ng th\u00e1i r\u1eafn, mang l\u1ea1i hi\u1ec7u su\u1ea5t v\u00e0 t\u1ef7 s\u1ed1 S\/N t\u1ed1t nh\u1ea5t so v\u1edbi b\u1ea5t k\u1ef3 h\u1ec7 th\u1ed1ng AA n\u00e0o tr\u00ean th\u1ecb tr\u01b0\u1eddng.","og_url":"https:\/\/htiscientific.vn\/en\/product\/may-quang-pho-hap-thu-nguyen-tu-pinaacle-900t\/","og_site_name":"HTI Scientific","article_publisher":"https:\/\/www.facebook.com\/htiscientific.vn","article_modified_time":"2025-03-27T08:40:24+00:00","og_image":[{"width":700,"height":700,"url":"https:\/\/htiscientific.vn\/wp-content\/uploads\/2025\/03\/pinaacle-900t.jpg","type":"image\/jpeg"}],"twitter_card":"summary_large_image","twitter_misc":{"Est. reading time":"2 minutes"},"schema":{"@context":"https:\/\/schema.org","@graph":[{"@type":"WebPage","@id":"https:\/\/htiscientific.vn\/san-pham\/may-quang-pho-hap-thu-nguyen-tu-pinaacle-900t\/","url":"https:\/\/htiscientific.vn\/san-pham\/may-quang-pho-hap-thu-nguyen-tu-pinaacle-900t\/","name":"M\u00e1y quang ph\u1ed5 h\u1ea5p th\u1ee5 nguy\u00ean t\u1eed PinAACle 900T - HTI Scientific","isPartOf":{"@id":"https:\/\/htiscientific.vn\/#website"},"primaryImageOfPage":{"@id":"https:\/\/htiscientific.vn\/san-pham\/may-quang-pho-hap-thu-nguyen-tu-pinaacle-900t\/#primaryimage"},"image":{"@id":"https:\/\/htiscientific.vn\/san-pham\/may-quang-pho-hap-thu-nguyen-tu-pinaacle-900t\/#primaryimage"},"thumbnailUrl":"https:\/\/htiscientific.vn\/wp-content\/uploads\/2025\/03\/pinaacle-900t.jpg","datePublished":"2025-03-27T08:39:22+00:00","dateModified":"2025-03-27T08:40:24+00:00","breadcrumb":{"@id":"https:\/\/htiscientific.vn\/san-pham\/may-quang-pho-hap-thu-nguyen-tu-pinaacle-900t\/#breadcrumb"},"inLanguage":"en-US","potentialAction":[{"@type":"ReadAction","target":["https:\/\/htiscientific.vn\/san-pham\/may-quang-pho-hap-thu-nguyen-tu-pinaacle-900t\/"]}]},{"@type":"ImageObject","inLanguage":"en-US","@id":"https:\/\/htiscientific.vn\/san-pham\/may-quang-pho-hap-thu-nguyen-tu-pinaacle-900t\/#primaryimage","url":"https:\/\/htiscientific.vn\/wp-content\/uploads\/2025\/03\/pinaacle-900t.jpg","contentUrl":"https:\/\/htiscientific.vn\/wp-content\/uploads\/2025\/03\/pinaacle-900t.jpg","width":700,"height":700},{"@type":"BreadcrumbList","@id":"https:\/\/htiscientific.vn\/san-pham\/may-quang-pho-hap-thu-nguyen-tu-pinaacle-900t\/#breadcrumb","itemListElement":[{"@type":"ListItem","position":1,"name":"Trang ch\u1ee7","item":"https:\/\/htiscientific.vn\/"},{"@type":"ListItem","position":2,"name":"C\u1eeda h\u00e0ng","item":"https:\/\/htiscientific.vn\/cua-hang\/"},{"@type":"ListItem","position":3,"name":"Quang ph\u1ed5 nguy\u00ean t\u1eed","item":"https:\/\/htiscientific.vn\/danh-muc-san-pham\/quang-pho-nguyen-tu\/"},{"@type":"ListItem","position":4,"name":"Quang ph\u1ed5 h\u1ea5p th\u1ee5 nguy\u00ean t\u1eed AAS","item":"https:\/\/htiscientific.vn\/danh-muc-san-pham\/quang-pho-nguyen-tu\/quang-pho-hap-thu-nguyen-tu-aas\/"},{"@type":"ListItem","position":5,"name":"M\u00e1y quang ph\u1ed5 h\u1ea5p th\u1ee5 nguy\u00ean t\u1eed PinAACle 900T"}]},{"@type":"WebSite","@id":"https:\/\/htiscientific.vn\/#website","url":"https:\/\/htiscientific.vn\/","name":"HTI Scientific","description":"HTI Scientific","publisher":{"@id":"https:\/\/htiscientific.vn\/#organization"},"potentialAction":[{"@type":"SearchAction","target":{"@type":"EntryPoint","urlTemplate":"https:\/\/htiscientific.vn\/?s={search_term_string}"},"query-input":{"@type":"PropertyValueSpecification","valueRequired":true,"valueName":"search_term_string"}}],"inLanguage":"en-US"},{"@type":"Organization","@id":"https:\/\/htiscientific.vn\/#organization","name":"HTI Scientific","alternateName":"HTI Scientific","url":"https:\/\/htiscientific.vn\/","logo":{"@type":"ImageObject","inLanguage":"en-US","@id":"https:\/\/htiscientific.vn\/#\/schema\/logo\/image\/","url":"https:\/\/htiscientific.vn\/wp-content\/uploads\/2025\/03\/ava-hti-copy.jpg","contentUrl":"https:\/\/htiscientific.vn\/wp-content\/uploads\/2025\/03\/ava-hti-copy.jpg","width":700,"height":450,"caption":"HTI Scientific"},"image":{"@id":"https:\/\/htiscientific.vn\/#\/schema\/logo\/image\/"},"sameAs":["https:\/\/www.facebook.com\/htiscientific.vn"]}]}},"_links":{"self":[{"href":"https:\/\/htiscientific.vn\/en\/wp-json\/wp\/v2\/product\/882","targetHints":{"allow":["GET"]}}],"collection":[{"href":"https:\/\/htiscientific.vn\/en\/wp-json\/wp\/v2\/product"}],"about":[{"href":"https:\/\/htiscientific.vn\/en\/wp-json\/wp\/v2\/types\/product"}],"wp:featuredmedia":[{"embeddable":true,"href":"https:\/\/htiscientific.vn\/en\/wp-json\/wp\/v2\/media\/883"}],"wp:attachment":[{"href":"https:\/\/htiscientific.vn\/en\/wp-json\/wp\/v2\/media?parent=882"}],"wp:term":[{"taxonomy":"product_brand","embeddable":true,"href":"https:\/\/htiscientific.vn\/en\/wp-json\/wp\/v2\/product_brand?post=882"},{"taxonomy":"product_cat","embeddable":true,"href":"https:\/\/htiscientific.vn\/en\/wp-json\/wp\/v2\/product_cat?post=882"},{"taxonomy":"product_tag","embeddable":true,"href":"https:\/\/htiscientific.vn\/en\/wp-json\/wp\/v2\/product_tag?post=882"}],"curies":[{"name":"wp","href":"https:\/\/api.w.org\/{rel}","templated":true}]}}