{"id":831,"date":"2025-03-27T14:05:53","date_gmt":"2025-03-27T07:05:53","guid":{"rendered":"https:\/\/htiscientific.vn\/?post_type=product&#038;p=831"},"modified":"2025-03-27T14:12:09","modified_gmt":"2025-03-27T07:12:09","slug":"he-thong-sac-ky-long-hieu-nang-cao-lc-300-hplc","status":"publish","type":"product","link":"https:\/\/htiscientific.vn\/en\/product\/he-thong-sac-ky-long-hieu-nang-cao-lc-300-hplc\/","title":{"rendered":"H\u1ec7 th\u1ed1ng s\u1eafc k\u00fd l\u1ecfng hi\u1ec7u n\u0103ng cao LC 300 HPLC"},"content":{"rendered":"<p><span style=\"color: #000000;\"><a style=\"color: #000000;\" href=\"https:\/\/www.perkinelmer.com\/Product\/lc300-pump-hplc-10k-n2550110\">H\u1ec7 th\u1ed1ng s\u1eafc k\u00fd l\u1ecfng hi\u1ec7u n\u0103ng cao LC 300 HPLC<\/a>\u00a0v\u00e0 UHPLC \u0111\u01b0\u1ee3c thi\u1ebft k\u1ebf \u0111\u1ec3 t\u0103ng n\u0103ng su\u1ea5t v\u00e0 th\u00f4ng l\u01b0\u1ee3ng trong ph\u00f2ng th\u00ed nghi\u1ec7m, ngay c\u1ea3 khi b\u1ea1n \u0111ang g\u1eb7p kh\u00f3 kh\u0103n v\u1ec1 ng\u00e2n s\u00e1ch v\u00e0 nh\u00e2n s\u1ef1. \u0110\u01b0\u1ee3c k\u1ebft h\u1ee3p v\u1edbi ph\u1ea7n m\u1ec1m h\u1ec7 th\u1ed1ng d\u1eef li\u1ec7u s\u1eafc k\u00fd (CDS) SimplicityChrom\u2122 tr\u1ef1c quan, h\u1ec7 th\u1ed1ng LC 300 HPLC v\u00e0 UHPLC l\u00e0 gi\u1ea3i ph\u00e1p l\u00fd t\u01b0\u1edfng cho c\u00e1c ph\u00f2ng th\u00ed nghi\u1ec7m \u0111ang t\u00ecm c\u00e1ch t\u1ed1i \u0111a h\u00f3a tr\u1ea3i nghi\u1ec7m s\u1eafc k\u00fd l\u1ecfng c\u1ee7a h\u1ecd. H\u1ec7 th\u1ed1ng LC 300 HPLC v\u00e0 UHPLC mang l\u1ea1i hi\u1ec7u su\u1ea5t v\u01b0\u1ee3t tr\u1ed9i v\u00e0 t\u00ednh linh ho\u1ea1t nh\u1edd thi\u1ebft k\u1ebf th\u00f4ng minh:<\/span><\/p>\n<ul>\n<li style=\"list-style-type: none;\">\n<ul>\n<li><span style=\"color: #000000;\">B\u1ed9 l\u1ea5y m\u1eabu t\u1ef1 \u0111\u1ed9ng m\u1ea1nh m\u1ebd v\u00e0 ch\u00ednh x\u00e1c v\u1edbi l\u00f2 s\u1ea5y c\u1ed9t v\u00e0 b\u1ed9 gia nhi\u1ec7t s\u01a1 b\u1ed9 t\u00edch h\u1ee3p, m\u00e0n h\u00ecnh LCD m\u00e0u c\u00f3 kh\u1ea3 n\u0103ng hi\u1ec3n th\u1ecb cao hi\u1ec3n th\u1ecb tr\u1ea1ng th\u00e1i h\u1ec7 th\u1ed1ng thi\u1ebft b\u1ecb \u0111\u1ea7y \u0111\u1ee7, danh s\u00e1ch \u0111\u1ee3i hi\u1ec7n t\u1ea1i v\u00e0 ti\u1ebfn tr\u00ecnh l\u1ea5y m\u1eabu.<\/span><\/li>\n<li><span style=\"color: #000000;\">L\u00f2 c\u1ed9t Peltier b\u00ean ngo\u00e0i t\u00f9y ch\u1ecdn \u0111\u1ec3 gia nhi\u1ec7t v\u00e0 l\u00e0m m\u00e1t c\u1ef1c k\u1ef3 ch\u00ednh x\u00e1c, \u0111\u1ea3m b\u1ea3o t\u00ednh to\u00e0n v\u1eb9n c\u1ee7a m\u1eabu v\u00e0 k\u1ebft qu\u1ea3 \u0111\u1eb7c bi\u1ec7t ch\u00ednh x\u00e1c.<\/span><\/li>\n<li><span style=\"color: #000000;\">Van gi\u1ea3i n\u00e9n v\u00f2ng trung gian (ILD\u2122) \u0111\u00e3 \u0111\u01b0\u1ee3c c\u1ea5p b\u1eb1ng s\u00e1ng ch\u1ebf \u0111\u1ea3m b\u1ea3o b\u01a1m m\u1ed9t l\u01b0\u1ee3ng m\u1eabu ch\u00ednh x\u00e1c v\u00e0 c\u00f3 th\u1ec3 l\u1eb7p l\u1ea1i, \u0111\u1ed3ng th\u1eddi t\u0103ng tu\u1ed5i th\u1ecd c\u1ee7a c\u1ed9t \u0111\u01b0\u1ee3c s\u1eed d\u1ee5ng trong ph\u00e2n t\u00edch.<\/span><\/li>\n<li><span style=\"color: #000000;\">Kh\u1ea3 n\u0103ng pha lo\u00e3ng v\u00e0 t\u1ea1o d\u1eabn xu\u1ea5t m\u1eabu t\u1ef1 \u0111\u1ed9ng, t\u00edch h\u1ee3p gi\u00fap \u0111\u01a1n gi\u1ea3n h\u00f3a c\u00e1c quy tr\u00ecnh ph\u00e2n t\u00edch \u0111\u1ea7u cu\u1ed1i, \u0111\u1ed3ng th\u1eddi \u0111\u1ea3m b\u1ea3o \u0111\u1ed9 t\u00e1i l\u1eadp v\u00e0 \u0111\u1ed9 ch\u00ednh x\u00e1c.<\/span><\/li>\n<li><span style=\"color: #000000;\">B\u01a1m ph\u00e2n t\u00edch 6k psi cho hi\u1ec7u su\u1ea5t m\u1ea1nh m\u1ebd v\u00e0 \u0111\u00e1ng tin c\u1eady. B\u01a1m ph\u00e2n ph\u1ed1i dung m\u00f4i 10k psi d\u00e0nh cho ch\u1ee9c n\u0103ng HPLC cao c\u1ea5p, cung c\u1ea5p kh\u1ea3 n\u0103ng ph\u00e2n ph\u1ed1i dung m\u00f4i l\u1eb7p l\u1ea1i \u1edf nhi\u1ec1u t\u1ed1c \u0111\u1ed9 d\u00f2ng ch\u1ea3y v\u00e0 \u00e1p su\u1ea5t. B\u01a1m 18k psi m\u1ea1nh m\u1ebd \u0111\u1ec3 ph\u00e2n t\u00edch UHPLC c\u1ef1c k\u1ef3 ch\u00ednh x\u00e1c, cung c\u1ea5p kh\u1ea3 n\u0103ng ph\u00e2n ph\u1ed1i dung m\u00f4i l\u1eb7p l\u1ea1i \u1edf nhi\u1ec1u t\u1ed1c \u0111\u1ed9 d\u00f2ng ch\u1ea3y v\u00e0 \u00e1p su\u1ea5t kh\u00e1c nhau.<\/span><\/li>\n<li><span style=\"color: #000000;\">Thi\u1ebft k\u1ebf m\u1ed3i t\u1ef1 \u0111\u1ed9ng cho ph\u00e9p h\u1ec7 th\u1ed1ng \u0111\u1ea1t \u0111\u01b0\u1ee3c kh\u1ea3 n\u0103ng t\u1ef1 m\u1ed3i \u0111\u1ea7y \u0111\u1ee7, t\u1ef1 \u0111\u1ed9ng h\u00f3a quy tr\u00ecnh m\u1ed3i v\u1ed1n r\u01b0\u1eddm r\u00e0 \u0111\u01b0\u1ee3c s\u1eed d\u1ee5ng trong nhi\u1ec1u h\u1ec7 th\u1ed1ng kh\u00e1c.<\/span><\/li>\n<li><span style=\"color: #000000;\">C\u00f4ng ngh\u1ec7 kh\u1eed kh\u00ed dung m\u00f4i t\u00edch h\u1ee3p gi\u00fap \u0111\u01a1n gi\u1ea3n h\u00f3a qu\u00e1 tr\u00ecnh ph\u00e2n t\u00edch v\u00e0 lo\u1ea1i b\u1ecf nhu c\u1ea7u v\u1ec1 m\u00f4-\u0111un kh\u1eed kh\u00ed b\u00ean ngo\u00e0i ri\u00eang bi\u1ec7t<\/span><\/li>\n<\/ul>\n<\/li>\n<\/ul>\n<p><span style=\"color: #000000;\">Danh m\u1ee5c n\u0103m m\u00e1y d\u00f2 c\u00f3 s\u1eb5n, c\u00f3 th\u1ec3 \u0111\u01b0\u1ee3c s\u1eed d\u1ee5ng ri\u00eang l\u1ebb ho\u1eb7c theo tr\u00ecnh t\u1ef1:<\/span><\/p>\n<ul>\n<li style=\"list-style-type: none;\">\n<ul>\n<li><span style=\"color: #000000;\">M\u1ea3ng photodiode (PDA)<\/span><\/li>\n<li><span style=\"color: #000000;\">UV\/Vis \u0111a b\u01b0\u1edbc s\u00f3ng (MWD)<\/span><\/li>\n<li><span style=\"color: #000000;\">B\u01b0\u1edbc s\u00f3ng \u0111\u01a1n UV\/Vis<\/span><\/li>\n<li><span style=\"color: #000000;\">Ch\u1ec9 s\u1ed1 kh\u00fac x\u1ea1 (RI)<\/span><\/li>\n<li><span style=\"color: #000000;\">Hu\u1ef3nh quang (FL)<\/span><\/li>\n<li><span style=\"color: #000000;\">\u0110i\u1ec1u khi\u1ec3n thi\u1ebft b\u1ecb hi\u1ec7u qu\u1ea3 v\u00e0 m\u1ea1nh m\u1ebd v\u1edbi Ph\u1ea7n m\u1ec1m SimplicityChrom CDS, cho ph\u00e9p tr\u1ea3i nghi\u1ec7m v\u00e0 quy tr\u00ecnh c\u00f4ng vi\u1ec7c c\u00f3 th\u1ec3 t\u00f9y ch\u1ec9nh.<\/span><\/li>\n<\/ul>\n<\/li>\n<\/ul>\n<p><span style=\"color: #000000;\"><a style=\"color: #000000;\" href=\"https:\/\/perkinelmervietnam.vn\/gioi-thieu-hti-scientific\/\">HTI Scientific<\/a>\u00a0hi\u1ec7n l\u00e0 nh\u00e0 ph\u00e2n ph\u1ed1i ch\u00ednh th\u1ee9c c\u00e1c s\u1ea3n ph\u1ea9m c\u1ee7a PerkinElmer t\u1ea1i Vi\u1ec7t Nam\u00a0<\/span><\/p>\n<p><span style=\"color: #000000;\"><strong>Li\u00ean h\u1ec7:\u00a0<\/strong><\/span><\/p>\n<ul>\n<li style=\"list-style-type: none;\">\n<ul>\n<li><span style=\"color: #000000;\">H\u00e0 N\u1ed9i: T\u1ea7ng 10 \u2013 VP2, T\u00f2a nh\u00e0 Sun Square, 21 L\u00ea \u0110\u1ee9c Th\u1ecd, Qu\u1eadn Nam T\u1eeb Li\u00eam, H\u00e0 N\u1ed9i<\/span><\/li>\n<li><span style=\"color: #000000;\">\u0110\u00e0 N\u1eb5ng: T\u1ea7ng 5, T\u00f2a nh\u00e0 Vietnam Innovation Hub, 179 Tr\u1ea7n H\u01b0ng \u0110\u1ea1o, Ph\u01b0\u1eddng An H\u1ea3i B\u1eafc, Qu\u1eadn S\u01a1n Tr\u00e0, \u0110\u00e0 N\u1eb5ng<\/span><\/li>\n<li><span style=\"color: #000000;\">H\u1ed3 Ch\u00ed Minh: 203A V\u00f5 Th\u1ecb S\u00e1u, Ph\u01b0\u1eddng V\u00f5 Th\u1ecb S\u00e1u, Qu\u1eadn 3, H\u1ed3 Ch\u00ed Minh<\/span><\/li>\n<li><span style=\"color: #000000;\">Hotline HN: 090.224.5757 \/\u00a0Hotline HCM: 090.324.5757<\/span><\/li>\n<li><span style=\"color: #000000;\">Email: sales@htigroup.vn<\/span><\/li>\n<\/ul>\n<\/li>\n<\/ul>","protected":false},"excerpt":{"rendered":"<p><span style=\"color: #000000;\">\u0110\u1ed1i v\u1edbi c\u00e1c ph\u00f2ng th\u00ed nghi\u1ec7m mong mu\u1ed1n \u0111\u1ea1t \u0111\u01b0\u1ee3c m\u1ee9c \u0111\u1ed9 linh ho\u1ea1t cao nh\u1ea5t m\u00e0 kh\u00f4ng \u1ea3nh h\u01b0\u1edfng \u0111\u1ebfn n\u0103ng su\u1ea5t, h\u1ec7 th\u1ed1ng PerkinElmer LC 300\u2122 HPLC v\u00e0 UHPLC mang \u0111\u1ebfn s\u1ef1 linh ho\u1ea1t, hi\u1ec7u su\u1ea5t v\u00e0 hi\u1ec7u qu\u1ea3 m\u00e0 b\u1ea1n c\u1ea7n cho ngay c\u1ea3 nh\u1eefng nhu c\u1ea7u ph\u00e2n t\u00edch kh\u00f3 kh\u0103n nh\u1ea5t. V\u1edbi c\u00e1c c\u1ea5u h\u00ecnh v\u00e0 ph\u1ee5 ki\u1ec7n c\u00f3 th\u1ec3 t\u00f9y ch\u1ec9nh ho\u00e0n to\u00e0n, m\u1ed7i H\u1ec7 th\u1ed1ng s\u1eafc k\u00fd l\u1ecfng hi\u1ec7u n\u0103ng cao LC 300 HPLC v\u00e0 UHPLC \u0111\u1ec1u tr\u1ef1c quan v\u00e0 \u0111\u01b0\u1ee3c thi\u1ebft k\u1ebf \u0111\u1ec3 \u0111\u00e1p \u1ee9ng c\u00e1c y\u00eau c\u1ea7u c\u1ee7a ph\u00f2ng th\u00ed nghi\u1ec7m hi\u1ec7u su\u1ea5t cao m\u00e0 kh\u00f4ng t\u1ea1o th\u00eam g\u00e1nh n\u1eb7ng cho nh\u00e2n vi\u00ean ph\u00f2ng th\u00ed nghi\u1ec7m.<\/span><\/p>\n<p><span style=\"color: #000000;\">Ph\u1ea7n m\u1ec1m PerkinElmer SimplicityChrom\u2122 CDS qu\u1ea3n l\u00fd quy tr\u00ecnh l\u00e0m vi\u1ec7c ho\u00e0n ch\u1ec9nh v\u00e0 v\u1edbi h\u1ec7 th\u1ed1ng HPLC v\u00e0 UHPLC LC 300 mang l\u1ea1i tr\u1ea3i nghi\u1ec7m s\u00e1ng t\u1ea1o cho ng\u01b0\u1eddi d\u00f9ng v\u1edbi c\u00e1c ch\u1ee9c n\u0103ng tr\u1ef1c quan v\u00e0 quy tr\u00ecnh t\u1ef1 \u0111\u1ed9ng.<\/span><\/p>","protected":false},"featured_media":832,"template":"","meta":{"inline_featured_image":false},"product_brand":[29],"product_cat":[16,69],"product_tag":[],"class_list":{"0":"post-831","1":"product","2":"type-product","3":"status-publish","4":"has-post-thumbnail","6":"product_brand-perkinelmer","7":"product_cat-sac-ky","8":"product_cat-sac-ky-long-lc","10":"first","11":"instock","12":"shipping-taxable","13":"product-type-simple"},"yoast_head":"<!-- This site is optimized with the Yoast SEO plugin v24.7 - https:\/\/yoast.com\/wordpress\/plugins\/seo\/ -->\n<title>H\u1ec7 th\u1ed1ng s\u1eafc k\u00fd l\u1ecfng hi\u1ec7u n\u0103ng cao LC 300 HPLC - HTI Scientific<\/title>\n<meta name=\"robots\" content=\"index, follow, max-snippet:-1, max-image-preview:large, max-video-preview:-1\" \/>\n<link rel=\"canonical\" href=\"https:\/\/htiscientific.vn\/en\/product\/he-thong-sac-ky-long-hieu-nang-cao-lc-300-hplc\/\" \/>\n<meta property=\"og:locale\" content=\"en_US\" \/>\n<meta property=\"og:type\" content=\"article\" \/>\n<meta property=\"og:title\" content=\"H\u1ec7 th\u1ed1ng s\u1eafc k\u00fd l\u1ecfng hi\u1ec7u n\u0103ng cao LC 300 HPLC - HTI Scientific\" \/>\n<meta property=\"og:description\" content=\"\u0110\u1ed1i v\u1edbi c\u00e1c ph\u00f2ng th\u00ed nghi\u1ec7m mong mu\u1ed1n \u0111\u1ea1t \u0111\u01b0\u1ee3c m\u1ee9c \u0111\u1ed9 linh ho\u1ea1t cao nh\u1ea5t m\u00e0 kh\u00f4ng \u1ea3nh h\u01b0\u1edfng \u0111\u1ebfn n\u0103ng su\u1ea5t, h\u1ec7 th\u1ed1ng PerkinElmer LC 300\u2122 HPLC v\u00e0 UHPLC mang \u0111\u1ebfn s\u1ef1 linh ho\u1ea1t, hi\u1ec7u su\u1ea5t v\u00e0 hi\u1ec7u qu\u1ea3 m\u00e0 b\u1ea1n c\u1ea7n cho ngay c\u1ea3 nh\u1eefng nhu c\u1ea7u ph\u00e2n t\u00edch kh\u00f3 kh\u0103n nh\u1ea5t. V\u1edbi c\u00e1c c\u1ea5u h\u00ecnh v\u00e0 ph\u1ee5 ki\u1ec7n c\u00f3 th\u1ec3 t\u00f9y ch\u1ec9nh ho\u00e0n to\u00e0n, m\u1ed7i H\u1ec7 th\u1ed1ng s\u1eafc k\u00fd l\u1ecfng hi\u1ec7u n\u0103ng cao LC 300 HPLC v\u00e0 UHPLC \u0111\u1ec1u tr\u1ef1c quan v\u00e0 \u0111\u01b0\u1ee3c thi\u1ebft k\u1ebf \u0111\u1ec3 \u0111\u00e1p \u1ee9ng c\u00e1c y\u00eau c\u1ea7u c\u1ee7a ph\u00f2ng th\u00ed nghi\u1ec7m hi\u1ec7u su\u1ea5t cao m\u00e0 kh\u00f4ng t\u1ea1o th\u00eam g\u00e1nh n\u1eb7ng cho nh\u00e2n vi\u00ean ph\u00f2ng th\u00ed nghi\u1ec7m.  Ph\u1ea7n m\u1ec1m PerkinElmer SimplicityChrom\u2122 CDS qu\u1ea3n l\u00fd quy tr\u00ecnh l\u00e0m vi\u1ec7c ho\u00e0n ch\u1ec9nh v\u00e0 v\u1edbi h\u1ec7 th\u1ed1ng HPLC v\u00e0 UHPLC LC 300 mang l\u1ea1i tr\u1ea3i nghi\u1ec7m s\u00e1ng t\u1ea1o cho ng\u01b0\u1eddi d\u00f9ng v\u1edbi c\u00e1c ch\u1ee9c n\u0103ng tr\u1ef1c quan v\u00e0 quy tr\u00ecnh t\u1ef1 \u0111\u1ed9ng.\" \/>\n<meta property=\"og:url\" content=\"https:\/\/htiscientific.vn\/en\/product\/he-thong-sac-ky-long-hieu-nang-cao-lc-300-hplc\/\" \/>\n<meta property=\"og:site_name\" content=\"HTI Scientific\" \/>\n<meta property=\"article:publisher\" content=\"https:\/\/www.facebook.com\/htiscientific.vn\" \/>\n<meta property=\"article:modified_time\" content=\"2025-03-27T07:12:09+00:00\" \/>\n<meta property=\"og:image\" content=\"https:\/\/htiscientific.vn\/wp-content\/uploads\/2025\/03\/143075-lc300-frontalview1-1000x1000-1.png\" \/>\n\t<meta property=\"og:image:width\" content=\"1000\" \/>\n\t<meta property=\"og:image:height\" content=\"1000\" \/>\n\t<meta property=\"og:image:type\" content=\"image\/png\" \/>\n<meta name=\"twitter:card\" content=\"summary_large_image\" \/>\n<meta name=\"twitter:label1\" content=\"Est. reading time\" \/>\n\t<meta name=\"twitter:data1\" content=\"4 minutes\" \/>\n<script type=\"application\/ld+json\" class=\"yoast-schema-graph\">{\"@context\":\"https:\/\/schema.org\",\"@graph\":[{\"@type\":\"WebPage\",\"@id\":\"https:\/\/htiscientific.vn\/san-pham\/he-thong-sac-ky-long-hieu-nang-cao-lc-300-hplc\/\",\"url\":\"https:\/\/htiscientific.vn\/san-pham\/he-thong-sac-ky-long-hieu-nang-cao-lc-300-hplc\/\",\"name\":\"H\u1ec7 th\u1ed1ng s\u1eafc k\u00fd l\u1ecfng hi\u1ec7u n\u0103ng cao LC 300 HPLC - HTI Scientific\",\"isPartOf\":{\"@id\":\"https:\/\/htiscientific.vn\/#website\"},\"primaryImageOfPage\":{\"@id\":\"https:\/\/htiscientific.vn\/san-pham\/he-thong-sac-ky-long-hieu-nang-cao-lc-300-hplc\/#primaryimage\"},\"image\":{\"@id\":\"https:\/\/htiscientific.vn\/san-pham\/he-thong-sac-ky-long-hieu-nang-cao-lc-300-hplc\/#primaryimage\"},\"thumbnailUrl\":\"https:\/\/htiscientific.vn\/wp-content\/uploads\/2025\/03\/143075-lc300-frontalview1-1000x1000-1.png\",\"datePublished\":\"2025-03-27T07:05:53+00:00\",\"dateModified\":\"2025-03-27T07:12:09+00:00\",\"breadcrumb\":{\"@id\":\"https:\/\/htiscientific.vn\/san-pham\/he-thong-sac-ky-long-hieu-nang-cao-lc-300-hplc\/#breadcrumb\"},\"inLanguage\":\"en-US\",\"potentialAction\":[{\"@type\":\"ReadAction\",\"target\":[\"https:\/\/htiscientific.vn\/san-pham\/he-thong-sac-ky-long-hieu-nang-cao-lc-300-hplc\/\"]}]},{\"@type\":\"ImageObject\",\"inLanguage\":\"en-US\",\"@id\":\"https:\/\/htiscientific.vn\/san-pham\/he-thong-sac-ky-long-hieu-nang-cao-lc-300-hplc\/#primaryimage\",\"url\":\"https:\/\/htiscientific.vn\/wp-content\/uploads\/2025\/03\/143075-lc300-frontalview1-1000x1000-1.png\",\"contentUrl\":\"https:\/\/htiscientific.vn\/wp-content\/uploads\/2025\/03\/143075-lc300-frontalview1-1000x1000-1.png\",\"width\":1000,\"height\":1000},{\"@type\":\"BreadcrumbList\",\"@id\":\"https:\/\/htiscientific.vn\/san-pham\/he-thong-sac-ky-long-hieu-nang-cao-lc-300-hplc\/#breadcrumb\",\"itemListElement\":[{\"@type\":\"ListItem\",\"position\":1,\"name\":\"Trang ch\u1ee7\",\"item\":\"https:\/\/htiscientific.vn\/\"},{\"@type\":\"ListItem\",\"position\":2,\"name\":\"C\u1eeda h\u00e0ng\",\"item\":\"https:\/\/htiscientific.vn\/cua-hang\/\"},{\"@type\":\"ListItem\",\"position\":3,\"name\":\"S\u1eafc ky\u0301\",\"item\":\"https:\/\/htiscientific.vn\/danh-muc-san-pham\/sac-ky\/\"},{\"@type\":\"ListItem\",\"position\":4,\"name\":\"S\u1eafc k\u00fd l\u1ecfng LC\",\"item\":\"https:\/\/htiscientific.vn\/danh-muc-san-pham\/sac-ky\/sac-ky-long-lc\/\"},{\"@type\":\"ListItem\",\"position\":5,\"name\":\"H\u1ec7 th\u1ed1ng s\u1eafc k\u00fd l\u1ecfng hi\u1ec7u n\u0103ng cao LC 300 HPLC\"}]},{\"@type\":\"WebSite\",\"@id\":\"https:\/\/htiscientific.vn\/#website\",\"url\":\"https:\/\/htiscientific.vn\/\",\"name\":\"HTI Scientific\",\"description\":\"HTI Scientific\",\"publisher\":{\"@id\":\"https:\/\/htiscientific.vn\/#organization\"},\"potentialAction\":[{\"@type\":\"SearchAction\",\"target\":{\"@type\":\"EntryPoint\",\"urlTemplate\":\"https:\/\/htiscientific.vn\/?s={search_term_string}\"},\"query-input\":{\"@type\":\"PropertyValueSpecification\",\"valueRequired\":true,\"valueName\":\"search_term_string\"}}],\"inLanguage\":\"en-US\"},{\"@type\":\"Organization\",\"@id\":\"https:\/\/htiscientific.vn\/#organization\",\"name\":\"HTI Scientific\",\"alternateName\":\"HTI Scientific\",\"url\":\"https:\/\/htiscientific.vn\/\",\"logo\":{\"@type\":\"ImageObject\",\"inLanguage\":\"en-US\",\"@id\":\"https:\/\/htiscientific.vn\/#\/schema\/logo\/image\/\",\"url\":\"https:\/\/htiscientific.vn\/wp-content\/uploads\/2025\/03\/ava-hti-copy.jpg\",\"contentUrl\":\"https:\/\/htiscientific.vn\/wp-content\/uploads\/2025\/03\/ava-hti-copy.jpg\",\"width\":700,\"height\":450,\"caption\":\"HTI Scientific\"},\"image\":{\"@id\":\"https:\/\/htiscientific.vn\/#\/schema\/logo\/image\/\"},\"sameAs\":[\"https:\/\/www.facebook.com\/htiscientific.vn\"]}]}<\/script>\n<!-- \/ Yoast SEO plugin. -->","yoast_head_json":{"title":"H\u1ec7 th\u1ed1ng s\u1eafc k\u00fd l\u1ecfng hi\u1ec7u n\u0103ng cao LC 300 HPLC - HTI Scientific","robots":{"index":"index","follow":"follow","max-snippet":"max-snippet:-1","max-image-preview":"max-image-preview:large","max-video-preview":"max-video-preview:-1"},"canonical":"https:\/\/htiscientific.vn\/en\/product\/he-thong-sac-ky-long-hieu-nang-cao-lc-300-hplc\/","og_locale":"en_US","og_type":"article","og_title":"H\u1ec7 th\u1ed1ng s\u1eafc k\u00fd l\u1ecfng hi\u1ec7u n\u0103ng cao LC 300 HPLC - HTI Scientific","og_description":"\u0110\u1ed1i v\u1edbi c\u00e1c ph\u00f2ng th\u00ed nghi\u1ec7m mong mu\u1ed1n \u0111\u1ea1t \u0111\u01b0\u1ee3c m\u1ee9c \u0111\u1ed9 linh ho\u1ea1t cao nh\u1ea5t m\u00e0 kh\u00f4ng \u1ea3nh h\u01b0\u1edfng \u0111\u1ebfn n\u0103ng su\u1ea5t, h\u1ec7 th\u1ed1ng PerkinElmer LC 300\u2122 HPLC v\u00e0 UHPLC mang \u0111\u1ebfn s\u1ef1 linh ho\u1ea1t, hi\u1ec7u su\u1ea5t v\u00e0 hi\u1ec7u qu\u1ea3 m\u00e0 b\u1ea1n c\u1ea7n cho ngay c\u1ea3 nh\u1eefng nhu c\u1ea7u ph\u00e2n t\u00edch kh\u00f3 kh\u0103n nh\u1ea5t. V\u1edbi c\u00e1c c\u1ea5u h\u00ecnh v\u00e0 ph\u1ee5 ki\u1ec7n c\u00f3 th\u1ec3 t\u00f9y ch\u1ec9nh ho\u00e0n to\u00e0n, m\u1ed7i H\u1ec7 th\u1ed1ng s\u1eafc k\u00fd l\u1ecfng hi\u1ec7u n\u0103ng cao LC 300 HPLC v\u00e0 UHPLC \u0111\u1ec1u tr\u1ef1c quan v\u00e0 \u0111\u01b0\u1ee3c thi\u1ebft k\u1ebf \u0111\u1ec3 \u0111\u00e1p \u1ee9ng c\u00e1c y\u00eau c\u1ea7u c\u1ee7a ph\u00f2ng th\u00ed nghi\u1ec7m hi\u1ec7u su\u1ea5t cao m\u00e0 kh\u00f4ng t\u1ea1o th\u00eam g\u00e1nh n\u1eb7ng cho nh\u00e2n vi\u00ean ph\u00f2ng th\u00ed nghi\u1ec7m.  Ph\u1ea7n m\u1ec1m PerkinElmer SimplicityChrom\u2122 CDS qu\u1ea3n l\u00fd quy tr\u00ecnh l\u00e0m vi\u1ec7c ho\u00e0n ch\u1ec9nh v\u00e0 v\u1edbi h\u1ec7 th\u1ed1ng HPLC v\u00e0 UHPLC LC 300 mang l\u1ea1i tr\u1ea3i nghi\u1ec7m s\u00e1ng t\u1ea1o cho ng\u01b0\u1eddi d\u00f9ng v\u1edbi c\u00e1c ch\u1ee9c n\u0103ng tr\u1ef1c quan v\u00e0 quy tr\u00ecnh t\u1ef1 \u0111\u1ed9ng.","og_url":"https:\/\/htiscientific.vn\/en\/product\/he-thong-sac-ky-long-hieu-nang-cao-lc-300-hplc\/","og_site_name":"HTI Scientific","article_publisher":"https:\/\/www.facebook.com\/htiscientific.vn","article_modified_time":"2025-03-27T07:12:09+00:00","og_image":[{"width":1000,"height":1000,"url":"https:\/\/htiscientific.vn\/wp-content\/uploads\/2025\/03\/143075-lc300-frontalview1-1000x1000-1.png","type":"image\/png"}],"twitter_card":"summary_large_image","twitter_misc":{"Est. reading time":"4 minutes"},"schema":{"@context":"https:\/\/schema.org","@graph":[{"@type":"WebPage","@id":"https:\/\/htiscientific.vn\/san-pham\/he-thong-sac-ky-long-hieu-nang-cao-lc-300-hplc\/","url":"https:\/\/htiscientific.vn\/san-pham\/he-thong-sac-ky-long-hieu-nang-cao-lc-300-hplc\/","name":"H\u1ec7 th\u1ed1ng s\u1eafc k\u00fd l\u1ecfng hi\u1ec7u n\u0103ng cao LC 300 HPLC - HTI Scientific","isPartOf":{"@id":"https:\/\/htiscientific.vn\/#website"},"primaryImageOfPage":{"@id":"https:\/\/htiscientific.vn\/san-pham\/he-thong-sac-ky-long-hieu-nang-cao-lc-300-hplc\/#primaryimage"},"image":{"@id":"https:\/\/htiscientific.vn\/san-pham\/he-thong-sac-ky-long-hieu-nang-cao-lc-300-hplc\/#primaryimage"},"thumbnailUrl":"https:\/\/htiscientific.vn\/wp-content\/uploads\/2025\/03\/143075-lc300-frontalview1-1000x1000-1.png","datePublished":"2025-03-27T07:05:53+00:00","dateModified":"2025-03-27T07:12:09+00:00","breadcrumb":{"@id":"https:\/\/htiscientific.vn\/san-pham\/he-thong-sac-ky-long-hieu-nang-cao-lc-300-hplc\/#breadcrumb"},"inLanguage":"en-US","potentialAction":[{"@type":"ReadAction","target":["https:\/\/htiscientific.vn\/san-pham\/he-thong-sac-ky-long-hieu-nang-cao-lc-300-hplc\/"]}]},{"@type":"ImageObject","inLanguage":"en-US","@id":"https:\/\/htiscientific.vn\/san-pham\/he-thong-sac-ky-long-hieu-nang-cao-lc-300-hplc\/#primaryimage","url":"https:\/\/htiscientific.vn\/wp-content\/uploads\/2025\/03\/143075-lc300-frontalview1-1000x1000-1.png","contentUrl":"https:\/\/htiscientific.vn\/wp-content\/uploads\/2025\/03\/143075-lc300-frontalview1-1000x1000-1.png","width":1000,"height":1000},{"@type":"BreadcrumbList","@id":"https:\/\/htiscientific.vn\/san-pham\/he-thong-sac-ky-long-hieu-nang-cao-lc-300-hplc\/#breadcrumb","itemListElement":[{"@type":"ListItem","position":1,"name":"Trang ch\u1ee7","item":"https:\/\/htiscientific.vn\/"},{"@type":"ListItem","position":2,"name":"C\u1eeda h\u00e0ng","item":"https:\/\/htiscientific.vn\/cua-hang\/"},{"@type":"ListItem","position":3,"name":"S\u1eafc ky\u0301","item":"https:\/\/htiscientific.vn\/danh-muc-san-pham\/sac-ky\/"},{"@type":"ListItem","position":4,"name":"S\u1eafc k\u00fd l\u1ecfng LC","item":"https:\/\/htiscientific.vn\/danh-muc-san-pham\/sac-ky\/sac-ky-long-lc\/"},{"@type":"ListItem","position":5,"name":"H\u1ec7 th\u1ed1ng s\u1eafc k\u00fd l\u1ecfng hi\u1ec7u n\u0103ng cao LC 300 HPLC"}]},{"@type":"WebSite","@id":"https:\/\/htiscientific.vn\/#website","url":"https:\/\/htiscientific.vn\/","name":"HTI Scientific","description":"HTI Scientific","publisher":{"@id":"https:\/\/htiscientific.vn\/#organization"},"potentialAction":[{"@type":"SearchAction","target":{"@type":"EntryPoint","urlTemplate":"https:\/\/htiscientific.vn\/?s={search_term_string}"},"query-input":{"@type":"PropertyValueSpecification","valueRequired":true,"valueName":"search_term_string"}}],"inLanguage":"en-US"},{"@type":"Organization","@id":"https:\/\/htiscientific.vn\/#organization","name":"HTI Scientific","alternateName":"HTI Scientific","url":"https:\/\/htiscientific.vn\/","logo":{"@type":"ImageObject","inLanguage":"en-US","@id":"https:\/\/htiscientific.vn\/#\/schema\/logo\/image\/","url":"https:\/\/htiscientific.vn\/wp-content\/uploads\/2025\/03\/ava-hti-copy.jpg","contentUrl":"https:\/\/htiscientific.vn\/wp-content\/uploads\/2025\/03\/ava-hti-copy.jpg","width":700,"height":450,"caption":"HTI Scientific"},"image":{"@id":"https:\/\/htiscientific.vn\/#\/schema\/logo\/image\/"},"sameAs":["https:\/\/www.facebook.com\/htiscientific.vn"]}]}},"_links":{"self":[{"href":"https:\/\/htiscientific.vn\/en\/wp-json\/wp\/v2\/product\/831","targetHints":{"allow":["GET"]}}],"collection":[{"href":"https:\/\/htiscientific.vn\/en\/wp-json\/wp\/v2\/product"}],"about":[{"href":"https:\/\/htiscientific.vn\/en\/wp-json\/wp\/v2\/types\/product"}],"wp:featuredmedia":[{"embeddable":true,"href":"https:\/\/htiscientific.vn\/en\/wp-json\/wp\/v2\/media\/832"}],"wp:attachment":[{"href":"https:\/\/htiscientific.vn\/en\/wp-json\/wp\/v2\/media?parent=831"}],"wp:term":[{"taxonomy":"product_brand","embeddable":true,"href":"https:\/\/htiscientific.vn\/en\/wp-json\/wp\/v2\/product_brand?post=831"},{"taxonomy":"product_cat","embeddable":true,"href":"https:\/\/htiscientific.vn\/en\/wp-json\/wp\/v2\/product_cat?post=831"},{"taxonomy":"product_tag","embeddable":true,"href":"https:\/\/htiscientific.vn\/en\/wp-json\/wp\/v2\/product_tag?post=831"}],"curies":[{"name":"wp","href":"https:\/\/api.w.org\/{rel}","templated":true}]}}