{"id":824,"date":"2025-03-27T13:59:57","date_gmt":"2025-03-27T06:59:57","guid":{"rendered":"https:\/\/htiscientific.vn\/?post_type=product&#038;p=824"},"modified":"2025-05-07T16:59:55","modified_gmt":"2025-05-07T09:59:55","slug":"may-quang-pho-tu-ngoai-kha-kien-lambda-365-uv-vis-2","status":"publish","type":"product","link":"https:\/\/htiscientific.vn\/en\/product\/may-quang-pho-tu-ngoai-kha-kien-lambda-365-uv-vis-2\/","title":{"rendered":"M\u00e1y quang ph\u1ed5 t\u1eed ngo\u1ea1i kh\u1ea3 ki\u1ebfn LAMBDA 365 UV-VIS"},"content":{"rendered":"<div class=\"acf-field\">\n<p><span style=\"color: #000000;\">Nh\u1ecf g\u1ecdn, \u0111a n\u0103ng, d\u1ec5 s\u1eed d\u1ee5ng\u00a0<a style=\"color: #000000;\" href=\"https:\/\/perkinelmervietnam.vn\/product-category\/quang-pho-phan-tu\/quang-pho-tia-cuc-tim-uv\/\">thi\u1ebft b\u1ecb UV-Vis<\/a>\u00a02 ch\u00f9m tia<\/span><\/p>\n<p><span style=\"color: #000000;\">V\u1edbi ph\u1ea7n m\u1ec1m tu\u00e2n th\u1ee7 21 CFR ph\u1ea7n 11, h\u1ec7 th\u1ed1ng LAMBDA s\u1eb5n s\u00e0ng h\u1ed7 tr\u1ee3 m\u1ecdi th\u1ee9 t\u1eeb c\u00e1c ph\u01b0\u01a1ng ph\u00e1p v\u00e0 \u1ee9ng d\u1ee5ng ti\u00eau chu\u1ea9n \u0111\u1ebfn nh\u1eefng y\u00eau c\u1ea7u tu\u00e2n th\u1ee7 quy \u0111\u1ecbnh.<\/span><\/p>\n<p><span style=\"color: #000000;\">H\u1ec7 th\u1ed1ng cung c\u1ea5p c\u00f3 th\u1ec3 thay \u0111\u1ed5i b\u0103ng th\u00f4ng ph\u1ed5 t\u1eeb 0,5 nm \u0111\u1ebfn 20 nm \u0111\u1ec3 \u0111\u00e1p \u1ee9ng nhu c\u1ea7u \u1ee9ng d\u1ee5ng c\u1ee7a b\u1ea1n. N\u00f3 c\u00f3 th\u1ec3 t\u00edch h\u1ee3p m\u1ed9t lo\u1ea1t c\u00e1c ph\u1ee5 ki\u1ec7n, bao g\u1ed3m b\u1ed9 gi\u00e1 \u0111\u1ee1 nhi\u1ec1u cuvet (\u0111i\u1ec1u khi\u1ec3n nhi\u1ec7t \u0111\u1ed9 b\u1eb1ng n\u01b0\u1edbc v\u00e0 Peltier), ph\u1ee5 ki\u1ec7n \u0111\u1ec3 \u0111o ph\u1ea3n x\u1ea1 v\u00e0 truy\u1ec1n qua \u0111\u1ed1i v\u1edbi m\u1eabu r\u1eafn, \u0111\u1ea7u d\u00f2 s\u1ee3i quang gi\u00fap \u0111i\u1ec1u khi\u1ec3n ph\u00e9p \u0111o, qu\u1ea3 c\u1ea7u t\u00edch ph\u00e2n \u0111\u1ec3 \u0111o m\u00e0u v\u00e0 khu\u1ebfch t\u00e1n, v\u00e0 m\u1ed9t lo\u1ea1t c\u00e1c gi\u00e1 \u0111\u1ee1 cuvet \u0111\u1ec3 \u0111\u00e1p \u1ee9ng y\u00eau c\u1ea7u l\u1ea5y m\u1eabu c\u1ee7a ph\u00e9p ph\u00e2n t\u00edch.<\/span><\/p>\n<p><span style=\"color: #000000;\">Khi \u0111\u1ed9 \u1ed5n \u0111\u1ecbnh cao v\u00e0 \u00e1nh s\u00e1ng l\u1ea1c th\u1ea5p l\u00e0 \u0111i\u1ec1u quan tr\u1ecdng, c\u00f4ng ngh\u1ec7 2 ch\u00f9m tia tr\u00ean\u00a0<a style=\"color: #000000;\" href=\"https:\/\/www.perkinelmer.com\/Product\/lambda-365-spectrophotometer-uv-express-n4100020\">M\u00e1y quang ph\u1ed5 t\u1eed ngo\u1ea1i kh\u1ea3 ki\u1ebfn LAMBDA 365<\/a>\u00a0l\u00e0 gi\u1ea3i ph\u00e1p l\u00fd t\u01b0\u1edfng. Bu\u1ed3ng ch\u1ee9a m\u1eabu l\u1edbn c\u00f3 th\u1ec3 d\u1ec5 d\u00e0ng ch\u1ee9a h\u01a1n 10 t\u1ed5 h\u1ee3p ph\u1ee5 ki\u1ec7n l\u1ea5y m\u1eabu. C\u00e1c ph\u1ee5 ki\u1ec7n d\u1ec5 d\u00e0ng l\u1eafp \u0111\u1eb7t gi\u00fap gi\u1ea3m thi\u1ec3u th\u1eddi gian v\u00e0 c\u00f4ng s\u1ee9c thi\u1ebft l\u1eadp, b\u1ed9 gi\u00e1 \u0111\u1ee1 nhi\u1ec1u cuvet \u0111\u01b0\u1ee3c c\u0103n ch\u1ec9nh t\u1ef1 \u0111\u1ed9ng b\u1edfi ph\u1ea7n m\u1ec1m c\u1ee7a thi\u1ebft b\u1ecb \u0111\u1ec3 t\u1ed1i \u01b0u h\u00f3a v\u1ecb tr\u00ed m\u1eabu cho k\u1ebft qu\u1ea3 t\u1ed1t nh\u1ea5t trong nhi\u1ec1u \u1ee9ng d\u1ee5ng th\u01b0\u1eddng xuy\u00ean.<\/span><\/p>\n<\/div>\n<div class=\"acf-field\">\n<h4><span style=\"color: #000000;\"><strong>Specifications<\/strong><\/span><\/h4>\n<div class=\"pe_pdp_detatabl\">\n<table id=\"pe_pdp_tab_det\" style=\"width: 500px;\">\n<tbody>\n<tr>\n<th><span style=\"color: #000000;\">Ti\u00eau chu\u1ea9n 21 CFR Ph\u1ea7n 11<\/span><\/th>\n<td><span style=\"color: #000000;\">Yes<\/span><\/td>\n<\/tr>\n<tr>\n<th><span style=\"color: #000000;\">Height<\/span><\/th>\n<td><span style=\"color: #000000;\">27.0 cm<\/span><\/td>\n<\/tr>\n<tr>\n<th><span style=\"color: #000000;\">Giao di\u1ec7n<\/span><\/th>\n<td><span style=\"color: #000000;\">Tungsten-halogen v\u00e0 Deuterium<\/span><\/td>\n<\/tr>\n<tr>\n<th><span style=\"color: #000000;\">Nhi\u1ec7t \u0111\u1ed9 t\u1ed1i \u0111a<\/span><\/th>\n<td><span style=\"color: #000000;\">35 \u00b0C<\/span><\/td>\n<\/tr>\n<tr>\n<th><span style=\"color: #000000;\">Nhi\u1ec7t \u0111\u1ed9 t\u1ed1i thi\u1ec3u<\/span><\/th>\n<td><span style=\"color: #000000;\">15 \u00b0C<\/span><\/td>\n<\/tr>\n<tr>\n<th><span style=\"color: #000000;\">T\u00ean model<\/span><\/th>\n<td><span style=\"color: #000000;\">LAMBDA 365<\/span><\/td>\n<\/tr>\n<tr>\n<th><span style=\"color: #000000;\">Kho\u1ea3ng ho\u1ea1t \u0111\u1ed9ng<\/span><\/th>\n<td><span style=\"color: #000000;\">190 \u2013 1100 nm<\/span><\/td>\n<\/tr>\n<tr>\n<th><span style=\"color: #000000;\">Kh\u1ea3 n\u0103ng di \u0111\u1ed9ng<\/span><\/th>\n<td><span style=\"color: #000000;\">No<\/span><\/td>\n<\/tr>\n<tr>\n<th><span style=\"color: #000000;\">T\u00ean nh\u00e3n s\u1ea3n ph\u1ea9m<\/span><\/th>\n<td><span style=\"color: #000000;\">LAMBDA<\/span><\/td>\n<\/tr>\n<tr>\n<th><span style=\"color: #000000;\">L\u0129nh v\u1ef1c nghi\u00ean c\u1ee9u<\/span><\/th>\n<td><span style=\"color: #000000;\">Th\u1ef1c ph\u1ea9m &amp; n\u00f4ng nghi\u1ec7p<\/span><\/td>\n<\/tr>\n<tr>\n<th><span style=\"color: #000000;\">Warranty<\/span><\/th>\n<td><span style=\"color: #000000;\">1 year<\/span><\/td>\n<\/tr>\n<tr>\n<th><span style=\"color: #000000;\">Weight<\/span><\/th>\n<td><span style=\"color: #000000;\">20.0 kg<\/span><\/td>\n<\/tr>\n<tr>\n<th><span style=\"color: #000000;\">Width<\/span><\/th>\n<td><span style=\"color: #000000;\">49.0 cm<\/span><\/td>\n<\/tr>\n<\/tbody>\n<\/table>\n<\/div>\n<\/div>","protected":false},"excerpt":{"rendered":"<p><span style=\"color: #000000;\">M\u00e1y quang ph\u1ed5 t\u1eed ngo\u1ea1i kh\u1ea3 ki\u1ebfn LAMBDA 365 mang l\u1ea1i hi\u1ec7u su\u1ea5t UV- Vis ti\u00ean ti\u1ebfn, \u0111\u00e1p \u1ee9ng nhu c\u1ea7u c\u1ee7a nh\u00e0 nghi\u00ean c\u1ee9u d\u01b0\u1ee3c ph\u1ea9m, nh\u00e0 h\u00f3a h\u1ecdc ph\u00e2n t\u00edch, nh\u00e0 di truy\u1ec1n h\u1ecdc v\u00e0 nh\u00e0 ph\u00e2n t\u00edch QA\/QC trong s\u1ea3n xu\u1ea5t. V\u1edbi ph\u1ea7n m\u1ec1m tu\u00e2n th\u1ee7 21 CFR ph\u1ea7n 11 c\u00f3 s\u1eb5n, h\u1ec7 th\u1ed1ng LAMBDA s\u1eb5n s\u00e0ng h\u1ed7 tr\u1ee3 m\u1ecdi th\u1ee9 t\u1eeb c\u00e1c ph\u01b0\u01a1ng ph\u00e1p v\u00e0 \u1ee9ng d\u1ee5ng ti\u00eau chu\u1ea9n cho \u0111\u1ebfn nh\u1eefng ph\u01b0\u01a1ng ph\u00e1p v\u00e0 \u1ee9ng d\u1ee5ng y\u00eau c\u1ea7u tu\u00e2n th\u1ee7 quy \u0111\u1ecbnh.a<\/span><\/p>","protected":false},"featured_media":829,"template":"","meta":{"inline_featured_image":false},"product_brand":[29],"product_cat":[63,65],"product_tag":[],"class_list":{"0":"post-824","1":"product","2":"type-product","3":"status-publish","4":"has-post-thumbnail","6":"product_brand-perkinelmer","7":"product_cat-quang-pho-phan-tu","8":"product_cat-quang-pho-tu-ngoai-kha-kien-uv-vis","10":"first","11":"instock","12":"featured","13":"shipping-taxable","14":"product-type-simple"},"yoast_head":"<!-- This site is optimized with the Yoast SEO plugin v24.7 - https:\/\/yoast.com\/wordpress\/plugins\/seo\/ -->\n<title>M\u00e1y quang ph\u1ed5 t\u1eed ngo\u1ea1i kh\u1ea3 ki\u1ebfn LAMBDA 365 UV-VIS - HTI Scientific<\/title>\n<meta name=\"robots\" content=\"index, follow, max-snippet:-1, max-image-preview:large, max-video-preview:-1\" \/>\n<link rel=\"canonical\" href=\"https:\/\/htiscientific.vn\/en\/product\/may-quang-pho-tu-ngoai-kha-kien-lambda-365-uv-vis-2\/\" \/>\n<meta property=\"og:locale\" content=\"en_US\" \/>\n<meta property=\"og:type\" content=\"article\" \/>\n<meta property=\"og:title\" content=\"M\u00e1y quang ph\u1ed5 t\u1eed ngo\u1ea1i kh\u1ea3 ki\u1ebfn LAMBDA 365 UV-VIS - HTI Scientific\" \/>\n<meta property=\"og:description\" content=\"M\u00e1y quang ph\u1ed5 t\u1eed ngo\u1ea1i kh\u1ea3 ki\u1ebfn LAMBDA 365 mang l\u1ea1i hi\u1ec7u su\u1ea5t UV- Vis ti\u00ean ti\u1ebfn, \u0111\u00e1p \u1ee9ng nhu c\u1ea7u c\u1ee7a nh\u00e0 nghi\u00ean c\u1ee9u d\u01b0\u1ee3c ph\u1ea9m, nh\u00e0 h\u00f3a h\u1ecdc ph\u00e2n t\u00edch, nh\u00e0 di truy\u1ec1n h\u1ecdc v\u00e0 nh\u00e0 ph\u00e2n t\u00edch QA\/QC trong s\u1ea3n xu\u1ea5t. V\u1edbi ph\u1ea7n m\u1ec1m tu\u00e2n th\u1ee7 21 CFR ph\u1ea7n 11 c\u00f3 s\u1eb5n, h\u1ec7 th\u1ed1ng LAMBDA s\u1eb5n s\u00e0ng h\u1ed7 tr\u1ee3 m\u1ecdi th\u1ee9 t\u1eeb c\u00e1c ph\u01b0\u01a1ng ph\u00e1p v\u00e0 \u1ee9ng d\u1ee5ng ti\u00eau chu\u1ea9n cho \u0111\u1ebfn nh\u1eefng ph\u01b0\u01a1ng ph\u00e1p v\u00e0 \u1ee9ng d\u1ee5ng y\u00eau c\u1ea7u tu\u00e2n th\u1ee7 quy \u0111\u1ecbnh.a\" \/>\n<meta property=\"og:url\" content=\"https:\/\/htiscientific.vn\/en\/product\/may-quang-pho-tu-ngoai-kha-kien-lambda-365-uv-vis-2\/\" \/>\n<meta property=\"og:site_name\" content=\"HTI Scientific\" \/>\n<meta property=\"article:publisher\" content=\"https:\/\/www.facebook.com\/htiscientific.vn\" \/>\n<meta property=\"article:modified_time\" content=\"2025-05-07T09:59:55+00:00\" \/>\n<meta property=\"og:image\" content=\"https:\/\/htiscientific.vn\/wp-content\/uploads\/2025\/03\/uv-vis-lamda-365.png\" \/>\n\t<meta property=\"og:image:width\" content=\"320\" \/>\n\t<meta property=\"og:image:height\" content=\"320\" \/>\n\t<meta property=\"og:image:type\" content=\"image\/png\" \/>\n<meta name=\"twitter:card\" content=\"summary_large_image\" \/>\n<meta name=\"twitter:label1\" content=\"Est. reading time\" \/>\n\t<meta name=\"twitter:data1\" content=\"2 minutes\" \/>\n<script type=\"application\/ld+json\" class=\"yoast-schema-graph\">{\"@context\":\"https:\/\/schema.org\",\"@graph\":[{\"@type\":\"WebPage\",\"@id\":\"https:\/\/htiscientific.vn\/san-pham\/may-quang-pho-tu-ngoai-kha-kien-lambda-365-uv-vis-2\/\",\"url\":\"https:\/\/htiscientific.vn\/san-pham\/may-quang-pho-tu-ngoai-kha-kien-lambda-365-uv-vis-2\/\",\"name\":\"M\u00e1y quang ph\u1ed5 t\u1eed ngo\u1ea1i kh\u1ea3 ki\u1ebfn LAMBDA 365 UV-VIS - HTI Scientific\",\"isPartOf\":{\"@id\":\"https:\/\/htiscientific.vn\/#website\"},\"primaryImageOfPage\":{\"@id\":\"https:\/\/htiscientific.vn\/san-pham\/may-quang-pho-tu-ngoai-kha-kien-lambda-365-uv-vis-2\/#primaryimage\"},\"image\":{\"@id\":\"https:\/\/htiscientific.vn\/san-pham\/may-quang-pho-tu-ngoai-kha-kien-lambda-365-uv-vis-2\/#primaryimage\"},\"thumbnailUrl\":\"https:\/\/htiscientific.vn\/wp-content\/uploads\/2025\/03\/uv-vis-lamda-365.png\",\"datePublished\":\"2025-03-27T06:59:57+00:00\",\"dateModified\":\"2025-05-07T09:59:55+00:00\",\"breadcrumb\":{\"@id\":\"https:\/\/htiscientific.vn\/san-pham\/may-quang-pho-tu-ngoai-kha-kien-lambda-365-uv-vis-2\/#breadcrumb\"},\"inLanguage\":\"en-US\",\"potentialAction\":[{\"@type\":\"ReadAction\",\"target\":[\"https:\/\/htiscientific.vn\/san-pham\/may-quang-pho-tu-ngoai-kha-kien-lambda-365-uv-vis-2\/\"]}]},{\"@type\":\"ImageObject\",\"inLanguage\":\"en-US\",\"@id\":\"https:\/\/htiscientific.vn\/san-pham\/may-quang-pho-tu-ngoai-kha-kien-lambda-365-uv-vis-2\/#primaryimage\",\"url\":\"https:\/\/htiscientific.vn\/wp-content\/uploads\/2025\/03\/uv-vis-lamda-365.png\",\"contentUrl\":\"https:\/\/htiscientific.vn\/wp-content\/uploads\/2025\/03\/uv-vis-lamda-365.png\",\"width\":320,\"height\":320},{\"@type\":\"BreadcrumbList\",\"@id\":\"https:\/\/htiscientific.vn\/san-pham\/may-quang-pho-tu-ngoai-kha-kien-lambda-365-uv-vis-2\/#breadcrumb\",\"itemListElement\":[{\"@type\":\"ListItem\",\"position\":1,\"name\":\"Trang ch\u1ee7\",\"item\":\"https:\/\/htiscientific.vn\/\"},{\"@type\":\"ListItem\",\"position\":2,\"name\":\"C\u1eeda h\u00e0ng\",\"item\":\"https:\/\/htiscientific.vn\/cua-hang\/\"},{\"@type\":\"ListItem\",\"position\":3,\"name\":\"Quang ph\u1ed5 ph\u00e2n t\u1eed\",\"item\":\"https:\/\/htiscientific.vn\/danh-muc-san-pham\/quang-pho-phan-tu\/\"},{\"@type\":\"ListItem\",\"position\":4,\"name\":\"Quang ph\u1ed5 t\u1eed ngo\u1ea1i kh\u1ea3 ki\u1ebfn UV-VIS\",\"item\":\"https:\/\/htiscientific.vn\/danh-muc-san-pham\/quang-pho-phan-tu\/quang-pho-tu-ngoai-kha-kien-uv-vis\/\"},{\"@type\":\"ListItem\",\"position\":5,\"name\":\"M\u00e1y quang ph\u1ed5 t\u1eed ngo\u1ea1i kh\u1ea3 ki\u1ebfn LAMBDA 365 UV-VIS\"}]},{\"@type\":\"WebSite\",\"@id\":\"https:\/\/htiscientific.vn\/#website\",\"url\":\"https:\/\/htiscientific.vn\/\",\"name\":\"HTI Scientific\",\"description\":\"HTI Scientific\",\"publisher\":{\"@id\":\"https:\/\/htiscientific.vn\/#organization\"},\"potentialAction\":[{\"@type\":\"SearchAction\",\"target\":{\"@type\":\"EntryPoint\",\"urlTemplate\":\"https:\/\/htiscientific.vn\/?s={search_term_string}\"},\"query-input\":{\"@type\":\"PropertyValueSpecification\",\"valueRequired\":true,\"valueName\":\"search_term_string\"}}],\"inLanguage\":\"en-US\"},{\"@type\":\"Organization\",\"@id\":\"https:\/\/htiscientific.vn\/#organization\",\"name\":\"HTI Scientific\",\"alternateName\":\"HTI Scientific\",\"url\":\"https:\/\/htiscientific.vn\/\",\"logo\":{\"@type\":\"ImageObject\",\"inLanguage\":\"en-US\",\"@id\":\"https:\/\/htiscientific.vn\/#\/schema\/logo\/image\/\",\"url\":\"https:\/\/htiscientific.vn\/wp-content\/uploads\/2025\/03\/ava-hti-copy.jpg\",\"contentUrl\":\"https:\/\/htiscientific.vn\/wp-content\/uploads\/2025\/03\/ava-hti-copy.jpg\",\"width\":700,\"height\":450,\"caption\":\"HTI Scientific\"},\"image\":{\"@id\":\"https:\/\/htiscientific.vn\/#\/schema\/logo\/image\/\"},\"sameAs\":[\"https:\/\/www.facebook.com\/htiscientific.vn\"]}]}<\/script>\n<!-- \/ Yoast SEO plugin. -->","yoast_head_json":{"title":"M\u00e1y quang ph\u1ed5 t\u1eed ngo\u1ea1i kh\u1ea3 ki\u1ebfn LAMBDA 365 UV-VIS - HTI Scientific","robots":{"index":"index","follow":"follow","max-snippet":"max-snippet:-1","max-image-preview":"max-image-preview:large","max-video-preview":"max-video-preview:-1"},"canonical":"https:\/\/htiscientific.vn\/en\/product\/may-quang-pho-tu-ngoai-kha-kien-lambda-365-uv-vis-2\/","og_locale":"en_US","og_type":"article","og_title":"M\u00e1y quang ph\u1ed5 t\u1eed ngo\u1ea1i kh\u1ea3 ki\u1ebfn LAMBDA 365 UV-VIS - HTI Scientific","og_description":"M\u00e1y quang ph\u1ed5 t\u1eed ngo\u1ea1i kh\u1ea3 ki\u1ebfn LAMBDA 365 mang l\u1ea1i hi\u1ec7u su\u1ea5t UV- Vis ti\u00ean ti\u1ebfn, \u0111\u00e1p \u1ee9ng nhu c\u1ea7u c\u1ee7a nh\u00e0 nghi\u00ean c\u1ee9u d\u01b0\u1ee3c ph\u1ea9m, nh\u00e0 h\u00f3a h\u1ecdc ph\u00e2n t\u00edch, nh\u00e0 di truy\u1ec1n h\u1ecdc v\u00e0 nh\u00e0 ph\u00e2n t\u00edch QA\/QC trong s\u1ea3n xu\u1ea5t. V\u1edbi ph\u1ea7n m\u1ec1m tu\u00e2n th\u1ee7 21 CFR ph\u1ea7n 11 c\u00f3 s\u1eb5n, h\u1ec7 th\u1ed1ng LAMBDA s\u1eb5n s\u00e0ng h\u1ed7 tr\u1ee3 m\u1ecdi th\u1ee9 t\u1eeb c\u00e1c ph\u01b0\u01a1ng ph\u00e1p v\u00e0 \u1ee9ng d\u1ee5ng ti\u00eau chu\u1ea9n cho \u0111\u1ebfn nh\u1eefng ph\u01b0\u01a1ng ph\u00e1p v\u00e0 \u1ee9ng d\u1ee5ng y\u00eau c\u1ea7u tu\u00e2n th\u1ee7 quy \u0111\u1ecbnh.a","og_url":"https:\/\/htiscientific.vn\/en\/product\/may-quang-pho-tu-ngoai-kha-kien-lambda-365-uv-vis-2\/","og_site_name":"HTI Scientific","article_publisher":"https:\/\/www.facebook.com\/htiscientific.vn","article_modified_time":"2025-05-07T09:59:55+00:00","og_image":[{"width":320,"height":320,"url":"https:\/\/htiscientific.vn\/wp-content\/uploads\/2025\/03\/uv-vis-lamda-365.png","type":"image\/png"}],"twitter_card":"summary_large_image","twitter_misc":{"Est. reading time":"2 minutes"},"schema":{"@context":"https:\/\/schema.org","@graph":[{"@type":"WebPage","@id":"https:\/\/htiscientific.vn\/san-pham\/may-quang-pho-tu-ngoai-kha-kien-lambda-365-uv-vis-2\/","url":"https:\/\/htiscientific.vn\/san-pham\/may-quang-pho-tu-ngoai-kha-kien-lambda-365-uv-vis-2\/","name":"M\u00e1y quang ph\u1ed5 t\u1eed ngo\u1ea1i kh\u1ea3 ki\u1ebfn LAMBDA 365 UV-VIS - HTI Scientific","isPartOf":{"@id":"https:\/\/htiscientific.vn\/#website"},"primaryImageOfPage":{"@id":"https:\/\/htiscientific.vn\/san-pham\/may-quang-pho-tu-ngoai-kha-kien-lambda-365-uv-vis-2\/#primaryimage"},"image":{"@id":"https:\/\/htiscientific.vn\/san-pham\/may-quang-pho-tu-ngoai-kha-kien-lambda-365-uv-vis-2\/#primaryimage"},"thumbnailUrl":"https:\/\/htiscientific.vn\/wp-content\/uploads\/2025\/03\/uv-vis-lamda-365.png","datePublished":"2025-03-27T06:59:57+00:00","dateModified":"2025-05-07T09:59:55+00:00","breadcrumb":{"@id":"https:\/\/htiscientific.vn\/san-pham\/may-quang-pho-tu-ngoai-kha-kien-lambda-365-uv-vis-2\/#breadcrumb"},"inLanguage":"en-US","potentialAction":[{"@type":"ReadAction","target":["https:\/\/htiscientific.vn\/san-pham\/may-quang-pho-tu-ngoai-kha-kien-lambda-365-uv-vis-2\/"]}]},{"@type":"ImageObject","inLanguage":"en-US","@id":"https:\/\/htiscientific.vn\/san-pham\/may-quang-pho-tu-ngoai-kha-kien-lambda-365-uv-vis-2\/#primaryimage","url":"https:\/\/htiscientific.vn\/wp-content\/uploads\/2025\/03\/uv-vis-lamda-365.png","contentUrl":"https:\/\/htiscientific.vn\/wp-content\/uploads\/2025\/03\/uv-vis-lamda-365.png","width":320,"height":320},{"@type":"BreadcrumbList","@id":"https:\/\/htiscientific.vn\/san-pham\/may-quang-pho-tu-ngoai-kha-kien-lambda-365-uv-vis-2\/#breadcrumb","itemListElement":[{"@type":"ListItem","position":1,"name":"Trang ch\u1ee7","item":"https:\/\/htiscientific.vn\/"},{"@type":"ListItem","position":2,"name":"C\u1eeda h\u00e0ng","item":"https:\/\/htiscientific.vn\/cua-hang\/"},{"@type":"ListItem","position":3,"name":"Quang ph\u1ed5 ph\u00e2n t\u1eed","item":"https:\/\/htiscientific.vn\/danh-muc-san-pham\/quang-pho-phan-tu\/"},{"@type":"ListItem","position":4,"name":"Quang ph\u1ed5 t\u1eed ngo\u1ea1i kh\u1ea3 ki\u1ebfn UV-VIS","item":"https:\/\/htiscientific.vn\/danh-muc-san-pham\/quang-pho-phan-tu\/quang-pho-tu-ngoai-kha-kien-uv-vis\/"},{"@type":"ListItem","position":5,"name":"M\u00e1y quang ph\u1ed5 t\u1eed ngo\u1ea1i kh\u1ea3 ki\u1ebfn LAMBDA 365 UV-VIS"}]},{"@type":"WebSite","@id":"https:\/\/htiscientific.vn\/#website","url":"https:\/\/htiscientific.vn\/","name":"HTI Scientific","description":"HTI Scientific","publisher":{"@id":"https:\/\/htiscientific.vn\/#organization"},"potentialAction":[{"@type":"SearchAction","target":{"@type":"EntryPoint","urlTemplate":"https:\/\/htiscientific.vn\/?s={search_term_string}"},"query-input":{"@type":"PropertyValueSpecification","valueRequired":true,"valueName":"search_term_string"}}],"inLanguage":"en-US"},{"@type":"Organization","@id":"https:\/\/htiscientific.vn\/#organization","name":"HTI Scientific","alternateName":"HTI Scientific","url":"https:\/\/htiscientific.vn\/","logo":{"@type":"ImageObject","inLanguage":"en-US","@id":"https:\/\/htiscientific.vn\/#\/schema\/logo\/image\/","url":"https:\/\/htiscientific.vn\/wp-content\/uploads\/2025\/03\/ava-hti-copy.jpg","contentUrl":"https:\/\/htiscientific.vn\/wp-content\/uploads\/2025\/03\/ava-hti-copy.jpg","width":700,"height":450,"caption":"HTI Scientific"},"image":{"@id":"https:\/\/htiscientific.vn\/#\/schema\/logo\/image\/"},"sameAs":["https:\/\/www.facebook.com\/htiscientific.vn"]}]}},"_links":{"self":[{"href":"https:\/\/htiscientific.vn\/en\/wp-json\/wp\/v2\/product\/824","targetHints":{"allow":["GET"]}}],"collection":[{"href":"https:\/\/htiscientific.vn\/en\/wp-json\/wp\/v2\/product"}],"about":[{"href":"https:\/\/htiscientific.vn\/en\/wp-json\/wp\/v2\/types\/product"}],"wp:featuredmedia":[{"embeddable":true,"href":"https:\/\/htiscientific.vn\/en\/wp-json\/wp\/v2\/media\/829"}],"wp:attachment":[{"href":"https:\/\/htiscientific.vn\/en\/wp-json\/wp\/v2\/media?parent=824"}],"wp:term":[{"taxonomy":"product_brand","embeddable":true,"href":"https:\/\/htiscientific.vn\/en\/wp-json\/wp\/v2\/product_brand?post=824"},{"taxonomy":"product_cat","embeddable":true,"href":"https:\/\/htiscientific.vn\/en\/wp-json\/wp\/v2\/product_cat?post=824"},{"taxonomy":"product_tag","embeddable":true,"href":"https:\/\/htiscientific.vn\/en\/wp-json\/wp\/v2\/product_tag?post=824"}],"curies":[{"name":"wp","href":"https:\/\/api.w.org\/{rel}","templated":true}]}}