{"id":820,"date":"2025-03-27T13:53:54","date_gmt":"2025-03-27T06:53:54","guid":{"rendered":"https:\/\/htiscientific.vn\/?post_type=product&#038;p=820"},"modified":"2026-04-03T13:51:55","modified_gmt":"2026-04-03T06:51:55","slug":"may-cat-tieu-ban-ban-tu-dong","status":"publish","type":"product","link":"https:\/\/htiscientific.vn\/en\/product\/may-cat-tieu-ban-ban-tu-dong\/","title":{"rendered":"M\u00e1y c\u1eaft ti\u00eau b\u1ea3n b\u00e1n t\u1ef1 \u0111\u1ed9ng AEM450"},"content":{"rendered":"<p><span style=\"color: #000000;\">M\u00e1y vi ph\u1eabu quay b\u00e1n t\u1ef1 \u0111\u1ed9ng v\u1edbi b\u1ea3ng \u0111i\u1ec1u khi\u1ec3n ri\u00eang bi\u1ec7t mang \u0111\u1ebfn thi\u1ebft k\u1ebf c\u00f4ng th\u00e1i h\u1ecdc v\u00e0 giao di\u1ec7n tr\u1ef1c quan, gi\u00fap thao t\u00e1c c\u1eaft m\u00f4 d\u1ec5 d\u00e0ng. Thi\u1ebft b\u1ecb \u0111\u1ea3m b\u1ea3o \u0111\u1ed9 ch\u00ednh x\u00e1c cao v\u00e0 ch\u1ea5t l\u01b0\u1ee3ng m\u1eabu \u0111\u1ed3ng nh\u1ea5t, h\u1ed7 tr\u1ee3 ch\u1ea9n \u0111o\u00e1n ch\u00ednh x\u00e1c v\u00e0 \u0111\u00e1ng tin c\u1eady.<\/span><\/p>\n<p><strong><span style=\"color: #000000;\">Th\u00f4ng tin s\u1ea3n ph\u1ea9m<\/span><\/strong><\/p>\n<ul>\n<li style=\"list-style-type: none;\">\n<ul>\n<li><span style=\"color: #000000;\">Model: AEM450<\/span><\/li>\n<li><span style=\"color: #000000;\">H\u00e3ng s\u1ea3n xu\u1ea5t: Amos Scientific PTY.LTD<\/span><\/li>\n<li><span style=\"color: #000000;\">Xu\u1ea5t x\u1ee9: \u00dac<\/span><\/li>\n<\/ul>\n<\/li>\n<\/ul>\n<p><strong><span style=\"color: #000000;\">Specifications<\/span><\/strong><\/p>\n<ul>\n<li style=\"list-style-type: none;\">\n<ul>\n<li>M\u00e1y c\u1eaft ti\u00eau b\u1ea3n b\u00e1n t\u1ef1 \u0111\u1ed9ng, l\u00fd t\u01b0\u1edfng cho c\u00e1c \u1ee9ng d\u1ee5ng nghi\u00ean c\u1ee9u v\u00e0 ph\u00e2n c\u1eaft th\u00f4ng th\u01b0\u1eddng trong m\u00f4 b\u1ec7nh h\u1ecdc v\u00e0 ph\u00f2ng th\u00ed nghi\u1ec7m.<\/li>\n<li>Ho\u1ea1t \u0111\u1ed9ng d\u1ec5 d\u00e0ng, ngu\u1ed3n c\u1ea5p m\u1eabu an to\u00e0n v\u00e0 \u0111\u1ed9 ch\u00ednh x\u00e1c cao.<\/li>\n<li>Hi\u1ec7u su\u1ea5t \u1ed5n \u0111\u1ecbnh \u0111\u1ec3 cung c\u1ea5p k\u1ebft qu\u1ea3 ch\u1ea5t l\u01b0\u1ee3ng cao.<\/li>\n<li>Khay \u0111\u1ef1ng s\u00e1p th\u1eeba l\u1edbn, t\u1eeb t\u00ednh.<\/li>\n<li>C\u00f3 tay quay c\u00f4ng th\u00e1i h\u1ecdc.<\/li>\n<li>Gi\u00e1 g\u1eafn l\u01b0\u1ee1i dao c\u00f3 b\u1ed9 ph\u1eadn b\u1ea3o v\u1ec7 ng\u00f3n tay.<\/li>\n<li>Cho ph\u00e9p kh\u00f3a tay quay \u1edf b\u1ea5t k\u1ef3 v\u1ecb tr\u00ed n\u00e0o nh\u1edd h\u1ec7 th\u1ed1ng phanh.<\/li>\n<li>\u0110\u1ed9 d\u00e0y l\u00e1t c\u1eaft c\u00f3 th\u1ec3 \u0111i\u1ec1u ch\u1ec9nh t\u1eeb 0\u00b5m &#8211; 600\u00b5m v\u1edbi nhi\u1ec1u b\u01b0\u1edbc vi ch\u1ec9nh.<\/li>\n<\/ul>\n<\/li>\n<\/ul>","protected":false},"excerpt":{"rendered":"<p><span style=\"color: #000000;\">M\u00e1y vi ph\u1eabu quay b\u00e1n t\u1ef1 \u0111\u1ed9ng v\u1edbi b\u1ea3ng \u0111i\u1ec1u khi\u1ec3n ri\u00eang bi\u1ec7t mang \u0111\u1ebfn thi\u1ebft k\u1ebf c\u00f4ng th\u00e1i h\u1ecdc v\u00e0 giao di\u1ec7n tr\u1ef1c quan, gi\u00fap thao t\u00e1c c\u1eaft m\u00f4 d\u1ec5 d\u00e0ng. Thi\u1ebft b\u1ecb \u0111\u1ea3m b\u1ea3o \u0111\u1ed9 ch\u00ednh x\u00e1c cao v\u00e0 ch\u1ea5t l\u01b0\u1ee3ng m\u1eabu \u0111\u1ed3ng nh\u1ea5t, h\u1ed7 tr\u1ee3 ch\u1ea9n \u0111o\u00e1n ch\u00ednh x\u00e1c v\u00e0 \u0111\u00e1ng tin c\u1eady.<\/span><\/p>","protected":false},"featured_media":2304,"template":"","meta":{"inline_featured_image":false},"product_brand":[46],"product_cat":[72,73],"product_tag":[],"class_list":{"0":"post-820","1":"product","2":"type-product","3":"status-publish","4":"has-post-thumbnail","6":"product_brand-amos-scientific","7":"product_cat-giai-phau-benh-phap-y","8":"product_cat-may-cat-tieu-ban","10":"first","11":"instock","12":"shipping-taxable","13":"product-type-simple"},"yoast_head":"<!-- This site is optimized with the Yoast SEO plugin v24.7 - https:\/\/yoast.com\/wordpress\/plugins\/seo\/ -->\n<title>M\u00e1y c\u1eaft ti\u00eau b\u1ea3n b\u00e1n t\u1ef1 \u0111\u1ed9ng AEM450 - HTI Scientific<\/title>\n<meta name=\"description\" content=\"M\u00e1y c\u1eaft ti\u00eau b\u1ea3n b\u00e1n t\u1ef1 \u0111\u1ed9ng AEM460 v\u1edbi b\u1ea3ng \u0111i\u1ec1u khi\u1ec3n ri\u00eang bi\u1ec7t mang \u0111\u1ebfn thi\u1ebft k\u1ebf c\u00f4ng th\u00e1i h\u1ecdc v\u00e0 giao di\u1ec7n tr\u1ef1c quan, gi\u00fap thao t\u00e1c c\u1eaft m\u00f4 d\u1ec5 d\u00e0ng.\" \/>\n<meta name=\"robots\" content=\"index, follow, max-snippet:-1, max-image-preview:large, max-video-preview:-1\" \/>\n<link rel=\"canonical\" href=\"https:\/\/htiscientific.vn\/en\/product\/may-cat-tieu-ban-ban-tu-dong\/\" \/>\n<meta property=\"og:locale\" content=\"en_US\" \/>\n<meta property=\"og:type\" content=\"article\" \/>\n<meta property=\"og:title\" content=\"M\u00e1y c\u1eaft ti\u00eau b\u1ea3n b\u00e1n t\u1ef1 \u0111\u1ed9ng AEM450 - HTI Scientific\" \/>\n<meta property=\"og:description\" content=\"M\u00e1y c\u1eaft ti\u00eau b\u1ea3n b\u00e1n t\u1ef1 \u0111\u1ed9ng AEM460 v\u1edbi b\u1ea3ng \u0111i\u1ec1u khi\u1ec3n ri\u00eang bi\u1ec7t mang \u0111\u1ebfn thi\u1ebft k\u1ebf c\u00f4ng th\u00e1i h\u1ecdc v\u00e0 giao di\u1ec7n tr\u1ef1c quan, gi\u00fap thao t\u00e1c c\u1eaft m\u00f4 d\u1ec5 d\u00e0ng.\" \/>\n<meta property=\"og:url\" content=\"https:\/\/htiscientific.vn\/en\/product\/may-cat-tieu-ban-ban-tu-dong\/\" \/>\n<meta property=\"og:site_name\" content=\"HTI Scientific\" \/>\n<meta property=\"article:publisher\" content=\"https:\/\/www.facebook.com\/htiscientific.vn\" \/>\n<meta property=\"article:modified_time\" content=\"2026-04-03T06:51:55+00:00\" \/>\n<meta property=\"og:image\" content=\"https:\/\/htiscientific.vn\/wp-content\/uploads\/2025\/03\/z7687081386986-bb90a24ada292286a02ca0094212dd4b.jpg\" \/>\n\t<meta property=\"og:image:width\" content=\"598\" \/>\n\t<meta property=\"og:image:height\" content=\"449\" \/>\n\t<meta property=\"og:image:type\" content=\"image\/jpeg\" \/>\n<meta name=\"twitter:card\" content=\"summary_large_image\" \/>\n<meta name=\"twitter:label1\" content=\"Est. reading time\" \/>\n\t<meta name=\"twitter:data1\" content=\"2 minutes\" \/>\n<script type=\"application\/ld+json\" class=\"yoast-schema-graph\">{\"@context\":\"https:\/\/schema.org\",\"@graph\":[{\"@type\":\"WebPage\",\"@id\":\"https:\/\/htiscientific.vn\/san-pham\/may-cat-tieu-ban-ban-tu-dong\/\",\"url\":\"https:\/\/htiscientific.vn\/san-pham\/may-cat-tieu-ban-ban-tu-dong\/\",\"name\":\"M\u00e1y c\u1eaft ti\u00eau b\u1ea3n b\u00e1n t\u1ef1 \u0111\u1ed9ng AEM450 - HTI Scientific\",\"isPartOf\":{\"@id\":\"https:\/\/htiscientific.vn\/#website\"},\"primaryImageOfPage\":{\"@id\":\"https:\/\/htiscientific.vn\/san-pham\/may-cat-tieu-ban-ban-tu-dong\/#primaryimage\"},\"image\":{\"@id\":\"https:\/\/htiscientific.vn\/san-pham\/may-cat-tieu-ban-ban-tu-dong\/#primaryimage\"},\"thumbnailUrl\":\"https:\/\/htiscientific.vn\/wp-content\/uploads\/2025\/03\/z7687081386986-bb90a24ada292286a02ca0094212dd4b.jpg\",\"datePublished\":\"2025-03-27T06:53:54+00:00\",\"dateModified\":\"2026-04-03T06:51:55+00:00\",\"description\":\"M\u00e1y c\u1eaft ti\u00eau b\u1ea3n b\u00e1n t\u1ef1 \u0111\u1ed9ng AEM460 v\u1edbi b\u1ea3ng \u0111i\u1ec1u khi\u1ec3n ri\u00eang bi\u1ec7t mang \u0111\u1ebfn thi\u1ebft k\u1ebf c\u00f4ng th\u00e1i h\u1ecdc v\u00e0 giao di\u1ec7n tr\u1ef1c quan, gi\u00fap thao t\u00e1c c\u1eaft m\u00f4 d\u1ec5 d\u00e0ng.\",\"breadcrumb\":{\"@id\":\"https:\/\/htiscientific.vn\/san-pham\/may-cat-tieu-ban-ban-tu-dong\/#breadcrumb\"},\"inLanguage\":\"en-US\",\"potentialAction\":[{\"@type\":\"ReadAction\",\"target\":[\"https:\/\/htiscientific.vn\/san-pham\/may-cat-tieu-ban-ban-tu-dong\/\"]}]},{\"@type\":\"ImageObject\",\"inLanguage\":\"en-US\",\"@id\":\"https:\/\/htiscientific.vn\/san-pham\/may-cat-tieu-ban-ban-tu-dong\/#primaryimage\",\"url\":\"https:\/\/htiscientific.vn\/wp-content\/uploads\/2025\/03\/z7687081386986-bb90a24ada292286a02ca0094212dd4b.jpg\",\"contentUrl\":\"https:\/\/htiscientific.vn\/wp-content\/uploads\/2025\/03\/z7687081386986-bb90a24ada292286a02ca0094212dd4b.jpg\",\"width\":598,\"height\":449},{\"@type\":\"BreadcrumbList\",\"@id\":\"https:\/\/htiscientific.vn\/san-pham\/may-cat-tieu-ban-ban-tu-dong\/#breadcrumb\",\"itemListElement\":[{\"@type\":\"ListItem\",\"position\":1,\"name\":\"Trang ch\u1ee7\",\"item\":\"https:\/\/htiscientific.vn\/\"},{\"@type\":\"ListItem\",\"position\":2,\"name\":\"C\u1eeda h\u00e0ng\",\"item\":\"https:\/\/htiscientific.vn\/cua-hang\/\"},{\"@type\":\"ListItem\",\"position\":3,\"name\":\"Gi\u1ea3i ph\u1eabu b\u1ec7nh \/ Ph\u00e1p y\",\"item\":\"https:\/\/htiscientific.vn\/danh-muc-san-pham\/giai-phau-benh-phap-y\/\"},{\"@type\":\"ListItem\",\"position\":4,\"name\":\"M\u00e1y c\u1eaft ti\u00eau b\u1ea3n b\u00e1n t\u1ef1 \u0111\u1ed9ng AEM450\"}]},{\"@type\":\"WebSite\",\"@id\":\"https:\/\/htiscientific.vn\/#website\",\"url\":\"https:\/\/htiscientific.vn\/\",\"name\":\"HTI Scientific\",\"description\":\"HTI Scientific\",\"publisher\":{\"@id\":\"https:\/\/htiscientific.vn\/#organization\"},\"potentialAction\":[{\"@type\":\"SearchAction\",\"target\":{\"@type\":\"EntryPoint\",\"urlTemplate\":\"https:\/\/htiscientific.vn\/?s={search_term_string}\"},\"query-input\":{\"@type\":\"PropertyValueSpecification\",\"valueRequired\":true,\"valueName\":\"search_term_string\"}}],\"inLanguage\":\"en-US\"},{\"@type\":\"Organization\",\"@id\":\"https:\/\/htiscientific.vn\/#organization\",\"name\":\"HTI Scientific\",\"alternateName\":\"HTI Scientific\",\"url\":\"https:\/\/htiscientific.vn\/\",\"logo\":{\"@type\":\"ImageObject\",\"inLanguage\":\"en-US\",\"@id\":\"https:\/\/htiscientific.vn\/#\/schema\/logo\/image\/\",\"url\":\"https:\/\/htiscientific.vn\/wp-content\/uploads\/2025\/03\/ava-hti-copy.jpg\",\"contentUrl\":\"https:\/\/htiscientific.vn\/wp-content\/uploads\/2025\/03\/ava-hti-copy.jpg\",\"width\":700,\"height\":450,\"caption\":\"HTI Scientific\"},\"image\":{\"@id\":\"https:\/\/htiscientific.vn\/#\/schema\/logo\/image\/\"},\"sameAs\":[\"https:\/\/www.facebook.com\/htiscientific.vn\"]}]}<\/script>\n<!-- \/ Yoast SEO plugin. -->","yoast_head_json":{"title":"M\u00e1y c\u1eaft ti\u00eau b\u1ea3n b\u00e1n t\u1ef1 \u0111\u1ed9ng AEM450 - HTI Scientific","description":"M\u00e1y c\u1eaft ti\u00eau b\u1ea3n b\u00e1n t\u1ef1 \u0111\u1ed9ng AEM460 v\u1edbi b\u1ea3ng \u0111i\u1ec1u khi\u1ec3n ri\u00eang bi\u1ec7t mang \u0111\u1ebfn thi\u1ebft k\u1ebf c\u00f4ng th\u00e1i h\u1ecdc v\u00e0 giao di\u1ec7n tr\u1ef1c quan, gi\u00fap thao t\u00e1c c\u1eaft m\u00f4 d\u1ec5 d\u00e0ng.","robots":{"index":"index","follow":"follow","max-snippet":"max-snippet:-1","max-image-preview":"max-image-preview:large","max-video-preview":"max-video-preview:-1"},"canonical":"https:\/\/htiscientific.vn\/en\/product\/may-cat-tieu-ban-ban-tu-dong\/","og_locale":"en_US","og_type":"article","og_title":"M\u00e1y c\u1eaft ti\u00eau b\u1ea3n b\u00e1n t\u1ef1 \u0111\u1ed9ng AEM450 - HTI Scientific","og_description":"M\u00e1y c\u1eaft ti\u00eau b\u1ea3n b\u00e1n t\u1ef1 \u0111\u1ed9ng AEM460 v\u1edbi b\u1ea3ng \u0111i\u1ec1u khi\u1ec3n ri\u00eang bi\u1ec7t mang \u0111\u1ebfn thi\u1ebft k\u1ebf c\u00f4ng th\u00e1i h\u1ecdc v\u00e0 giao di\u1ec7n tr\u1ef1c quan, gi\u00fap thao t\u00e1c c\u1eaft m\u00f4 d\u1ec5 d\u00e0ng.","og_url":"https:\/\/htiscientific.vn\/en\/product\/may-cat-tieu-ban-ban-tu-dong\/","og_site_name":"HTI Scientific","article_publisher":"https:\/\/www.facebook.com\/htiscientific.vn","article_modified_time":"2026-04-03T06:51:55+00:00","og_image":[{"width":598,"height":449,"url":"https:\/\/htiscientific.vn\/wp-content\/uploads\/2025\/03\/z7687081386986-bb90a24ada292286a02ca0094212dd4b.jpg","type":"image\/jpeg"}],"twitter_card":"summary_large_image","twitter_misc":{"Est. reading time":"2 minutes"},"schema":{"@context":"https:\/\/schema.org","@graph":[{"@type":"WebPage","@id":"https:\/\/htiscientific.vn\/san-pham\/may-cat-tieu-ban-ban-tu-dong\/","url":"https:\/\/htiscientific.vn\/san-pham\/may-cat-tieu-ban-ban-tu-dong\/","name":"M\u00e1y c\u1eaft ti\u00eau b\u1ea3n b\u00e1n t\u1ef1 \u0111\u1ed9ng AEM450 - HTI Scientific","isPartOf":{"@id":"https:\/\/htiscientific.vn\/#website"},"primaryImageOfPage":{"@id":"https:\/\/htiscientific.vn\/san-pham\/may-cat-tieu-ban-ban-tu-dong\/#primaryimage"},"image":{"@id":"https:\/\/htiscientific.vn\/san-pham\/may-cat-tieu-ban-ban-tu-dong\/#primaryimage"},"thumbnailUrl":"https:\/\/htiscientific.vn\/wp-content\/uploads\/2025\/03\/z7687081386986-bb90a24ada292286a02ca0094212dd4b.jpg","datePublished":"2025-03-27T06:53:54+00:00","dateModified":"2026-04-03T06:51:55+00:00","description":"M\u00e1y c\u1eaft ti\u00eau b\u1ea3n b\u00e1n t\u1ef1 \u0111\u1ed9ng AEM460 v\u1edbi b\u1ea3ng \u0111i\u1ec1u khi\u1ec3n ri\u00eang bi\u1ec7t mang \u0111\u1ebfn thi\u1ebft k\u1ebf c\u00f4ng th\u00e1i h\u1ecdc v\u00e0 giao di\u1ec7n tr\u1ef1c quan, gi\u00fap thao t\u00e1c c\u1eaft m\u00f4 d\u1ec5 d\u00e0ng.","breadcrumb":{"@id":"https:\/\/htiscientific.vn\/san-pham\/may-cat-tieu-ban-ban-tu-dong\/#breadcrumb"},"inLanguage":"en-US","potentialAction":[{"@type":"ReadAction","target":["https:\/\/htiscientific.vn\/san-pham\/may-cat-tieu-ban-ban-tu-dong\/"]}]},{"@type":"ImageObject","inLanguage":"en-US","@id":"https:\/\/htiscientific.vn\/san-pham\/may-cat-tieu-ban-ban-tu-dong\/#primaryimage","url":"https:\/\/htiscientific.vn\/wp-content\/uploads\/2025\/03\/z7687081386986-bb90a24ada292286a02ca0094212dd4b.jpg","contentUrl":"https:\/\/htiscientific.vn\/wp-content\/uploads\/2025\/03\/z7687081386986-bb90a24ada292286a02ca0094212dd4b.jpg","width":598,"height":449},{"@type":"BreadcrumbList","@id":"https:\/\/htiscientific.vn\/san-pham\/may-cat-tieu-ban-ban-tu-dong\/#breadcrumb","itemListElement":[{"@type":"ListItem","position":1,"name":"Trang ch\u1ee7","item":"https:\/\/htiscientific.vn\/"},{"@type":"ListItem","position":2,"name":"C\u1eeda h\u00e0ng","item":"https:\/\/htiscientific.vn\/cua-hang\/"},{"@type":"ListItem","position":3,"name":"Gi\u1ea3i ph\u1eabu b\u1ec7nh \/ Ph\u00e1p y","item":"https:\/\/htiscientific.vn\/danh-muc-san-pham\/giai-phau-benh-phap-y\/"},{"@type":"ListItem","position":4,"name":"M\u00e1y c\u1eaft ti\u00eau b\u1ea3n b\u00e1n t\u1ef1 \u0111\u1ed9ng AEM450"}]},{"@type":"WebSite","@id":"https:\/\/htiscientific.vn\/#website","url":"https:\/\/htiscientific.vn\/","name":"HTI Scientific","description":"HTI Scientific","publisher":{"@id":"https:\/\/htiscientific.vn\/#organization"},"potentialAction":[{"@type":"SearchAction","target":{"@type":"EntryPoint","urlTemplate":"https:\/\/htiscientific.vn\/?s={search_term_string}"},"query-input":{"@type":"PropertyValueSpecification","valueRequired":true,"valueName":"search_term_string"}}],"inLanguage":"en-US"},{"@type":"Organization","@id":"https:\/\/htiscientific.vn\/#organization","name":"HTI Scientific","alternateName":"HTI Scientific","url":"https:\/\/htiscientific.vn\/","logo":{"@type":"ImageObject","inLanguage":"en-US","@id":"https:\/\/htiscientific.vn\/#\/schema\/logo\/image\/","url":"https:\/\/htiscientific.vn\/wp-content\/uploads\/2025\/03\/ava-hti-copy.jpg","contentUrl":"https:\/\/htiscientific.vn\/wp-content\/uploads\/2025\/03\/ava-hti-copy.jpg","width":700,"height":450,"caption":"HTI Scientific"},"image":{"@id":"https:\/\/htiscientific.vn\/#\/schema\/logo\/image\/"},"sameAs":["https:\/\/www.facebook.com\/htiscientific.vn"]}]}},"_links":{"self":[{"href":"https:\/\/htiscientific.vn\/en\/wp-json\/wp\/v2\/product\/820","targetHints":{"allow":["GET"]}}],"collection":[{"href":"https:\/\/htiscientific.vn\/en\/wp-json\/wp\/v2\/product"}],"about":[{"href":"https:\/\/htiscientific.vn\/en\/wp-json\/wp\/v2\/types\/product"}],"wp:featuredmedia":[{"embeddable":true,"href":"https:\/\/htiscientific.vn\/en\/wp-json\/wp\/v2\/media\/2304"}],"wp:attachment":[{"href":"https:\/\/htiscientific.vn\/en\/wp-json\/wp\/v2\/media?parent=820"}],"wp:term":[{"taxonomy":"product_brand","embeddable":true,"href":"https:\/\/htiscientific.vn\/en\/wp-json\/wp\/v2\/product_brand?post=820"},{"taxonomy":"product_cat","embeddable":true,"href":"https:\/\/htiscientific.vn\/en\/wp-json\/wp\/v2\/product_cat?post=820"},{"taxonomy":"product_tag","embeddable":true,"href":"https:\/\/htiscientific.vn\/en\/wp-json\/wp\/v2\/product_tag?post=820"}],"curies":[{"name":"wp","href":"https:\/\/api.w.org\/{rel}","templated":true}]}}