{"id":807,"date":"2025-03-27T13:29:39","date_gmt":"2025-03-27T06:29:39","guid":{"rendered":"https:\/\/htiscientific.vn\/?post_type=product&#038;p=807"},"modified":"2025-03-27T13:29:39","modified_gmt":"2025-03-27T06:29:39","slug":"may-quang-pho-tu-ngoai-kha-kien-lambda-365-uv-vis","status":"publish","type":"product","link":"https:\/\/htiscientific.vn\/en\/product\/may-quang-pho-tu-ngoai-kha-kien-lambda-365-uv-vis\/","title":{"rendered":"LAMBDA 365+ UV-VIS Spectrophotometer"},"content":{"rendered":"<div class=\"acf-field\">\n<p><span style=\"color: #000000;\">Mang l\u1ea1i \u0111\u1ed9 \u1ed5n \u0111\u1ecbnh cao v\u00e0 \u00edt \u00e1nh s\u00e1ng l\u1ea1c,\u00a0<a style=\"color: #000000;\" href=\"https:\/\/www.perkinelmer.com\/Product\/lambda-365-pc-version-n4100022\">m\u00e1y quang ph\u1ed5 t\u1eed ngo\u1ea1i kh\u1ea3 ki\u1ebfn LAMBDA 365+<\/a>\u00a0UV-VIS hai ch\u00f9m tia c\u00f3 th\u1ec3 thay \u0111\u1ed5i b\u0103ng th\u00f4ng ph\u1ed5 t\u1eeb 0,5 nm \u0111\u1ebfn 20 nm v\u1edbi bu\u1ed3ng ch\u1ee9a m\u1eabu l\u1edbn, d\u1ec5 d\u00e0ng ch\u1ee9a h\u01a1n 10 t\u1ed5 h\u1ee3p ph\u1ee5 ki\u1ec7n l\u1ea5y m\u1eabu. C\u00e1c ph\u1ee5 ki\u1ec7n d\u1ec5 d\u00e0ng l\u1eafp \u0111\u1eb7t v\u00e0 t\u01b0\u01a1ng th\u00edch v\u1edbi ph\u1ea7n m\u1ec1m gi\u00fap gi\u1ea3m thi\u1ec3u th\u1eddi gian v\u00e0 c\u00f4ng s\u1ee9c thi\u1ebft l\u1eadp, b\u1ed9 gi\u00e1 \u0111\u1ee1 nhi\u1ec1u cuvet (t\u00f9y ch\u1ecdn) \u0111\u01b0\u1ee3c ph\u1ea7n m\u1ec1m t\u1ef1 \u0111\u1ed9ng c\u0103n ch\u1ec9nh \u0111\u1ec3 t\u1ed1i \u01b0u v\u1ecb tr\u00ed m\u1eabu nh\u1eb1m thu \u0111\u01b0\u1ee3c k\u1ebft qu\u1ea3 t\u1ed1t nh\u1ea5t trong nhi\u1ec1u \u1ee9ng d\u1ee5ng th\u00f4ng th\u01b0\u1eddng, bao g\u1ed3m:<\/span><\/p>\n<ul>\n<li style=\"list-style-type: none;\">\n<ul>\n<li><span style=\"color: #000000;\">QA\/QC trong ng\u00e0nh d\u01b0\u1ee3c ph\u1ea9m v\u00e0 ki\u1ec3m nghi\u1ec7m \u0111\u1ed9 h\u00f2a tan<\/span><\/li>\n<li><span style=\"color: #000000;\">D\u01b0\u1ee3c ph\u1ea9m sinh h\u1ecdc<\/span><\/li>\n<li><span style=\"color: #000000;\">Quan tr\u1eafc m\u00f4i tr\u01b0\u1eddng<\/span><\/li>\n<li><span style=\"color: #000000;\">Nghi\u00ean c\u1ee9u h\u00e0n l\u00e2m<\/span><\/li>\n<li><span style=\"color: #000000;\">C\u00f4ng nghi\u1ec7p h\u00f3a ch\u1ea5t<\/span><\/li>\n<li><span style=\"color: #000000;\">Ch\u1ea5t b\u00f4i tr\u01a1n v\u00e0 l\u00e0m m\u00e1t<\/span><\/li>\n<li><span style=\"color: #000000;\">Quang h\u1ecdc<\/span><\/li>\n<li><span style=\"color: #000000;\">Th\u1ef1c ph\u1ea9m<\/span><\/li>\n<li><span style=\"color: #000000;\">Ph\u00e2n t\u00edch ki\u1ec3m nghi\u1ec7m<\/span><\/li>\n<\/ul>\n<\/li>\n<\/ul>\n<p>&nbsp;<\/p>\n<p><span style=\"color: #000000;\"><em><strong>M\u00e1y quang ph\u1ed5 t\u1eed ngo\u1ea1i kh\u1ea3 ki\u1ebfn LAMBDA 365+ c\u1ea3i ti\u1ebfn \u0111\u01b0\u1ee3c thi\u1ebft k\u1ebf ph\u00f9 h\u1ee3p v\u1edbi nhu c\u1ea7u c\u1ee7a b\u1ea1n \u0111\u1ec3 mang \u0111\u1ebfn cho b\u1ea1n:<\/strong><\/em><\/span><\/p>\n<p><span style=\"color: #000000;\"><strong>Hi\u1ec7u su\u1ea5t cao<\/strong><\/span><\/p>\n<ul>\n<li style=\"list-style-type: none;\">\n<ul>\n<li><span style=\"color: #000000;\">\u0110o ch\u1ea5t l\u1ecfng h\u1ea5p th\u1ee5 cao h\u01a1n (l\u00ean \u0111\u1ebfn 4A)<\/span><\/li>\n<li><span style=\"color: #000000;\">L\u00e0m s\u00e1ng t\u1ecf \u0111\u1ed9ng h\u1ecdc h\u00f3a h\u1ecdc v\u1edbi t\u1ed1c \u0111\u1ed9 qu\u00e9t nhanh h\u01a1n<\/span><\/li>\n<li><span style=\"color: #000000;\">Kh\u1ea3 n\u0103ng t\u00e1i t\u1ea1o b\u01b0\u1edbc s\u00f3ng cao h\u01a1n, \u0111\u1ed9 l\u1eb7p l\u1ea1i tr\u1eafc quang v\u00e0 \u0111\u1ed9 \u00e1nh s\u00e1ng l\u1ea1c th\u1ea5p h\u01a1n<\/span><\/li>\n<\/ul>\n<\/li>\n<\/ul>\n<p><span style=\"color: #000000;\"><strong>\u0110\u01a1n gi\u1ea3n h\u00f3a quy tr\u00ecnh l\u00e0m vi\u1ec7c<\/strong><\/span><\/p>\n<ul>\n<li style=\"list-style-type: none;\">\n<ul>\n<li><span style=\"color: #000000;\">Ph\u00e2n t\u00edch nhanh ch\u00f3ng v\u00e0 d\u1ec5 d\u00e0ng v\u1edbi c\u00e1c ph\u01b0\u01a1ng ph\u00e1p t\u00edch h\u1ee3p<\/span><\/li>\n<li><span style=\"color: #000000;\">\u00cdt ph\u1ea3i b\u1ea3o tr\u00ec v\u1edbi quy tr\u00ecnh thay \u0111\u00e8n h\u1ee3p l\u00fd<\/span><\/li>\n<li><span style=\"color: #000000;\">C\u1ea3i thi\u1ec7n n\u0103ng su\u1ea5t v\u00e0 v\u1eadn h\u00e0nh d\u1ec5 d\u00e0ng h\u01a1n v\u1edbi m\u00e0n h\u00ecnh c\u1ea3m \u1ee9ng t\u00f9y ch\u1ecdn<\/span><\/li>\n<\/ul>\n<\/li>\n<\/ul>\n<p><span style=\"color: #000000;\"><strong>T\u00ednh linh ho\u1ea1t t\u1ed1i \u0111a<\/strong><\/span><\/p>\n<ul>\n<li style=\"list-style-type: none;\">\n<ul>\n<li><span style=\"color: #000000;\">Ng\u0103n ch\u1ee9a m\u1eabu l\u1edbn \u0111\u1ec3 ch\u1ee9a nhi\u1ec1u lo\u1ea1i m\u1eabu v\u00e0 ph\u1ee5 ki\u1ec7n<\/span><\/li>\n<li><span style=\"color: #000000;\">L\u1ea5y m\u1eabu t\u1ef1 \u0111\u1ed9ng v\u00e0 ti\u1ebft ki\u1ec7m d\u1ef1a tr\u00ean n\u0103ng su\u1ea5t cao<\/span><\/li>\n<\/ul>\n<\/li>\n<\/ul>\n<p><span style=\"color: #000000;\"><strong>B\u1ed9 l\u1ea5y m\u1eabu t\u1ef1 \u0111\u1ed9ng \u0111\u01b0\u1ee3c t\u00edch h\u1ee3p ho\u00e0n to\u00e0n v\u1edbi ph\u1ea7n m\u1ec1m<\/strong><\/span><\/p>\n<ul>\n<li style=\"list-style-type: none;\">\n<ul>\n<li><span style=\"color: #000000;\">T\u1ed1i \u01b0u h\u00f3a vi\u1ec7c l\u1ea5y m\u1eabu t\u1ef1 \u0111\u1ed9ng v\u1edbi ph\u1ee5 ki\u1ec7n sipper t\u1ef1 \u0111\u1ed9ng v\u00e0 b\u1ed9 l\u1ea5y m\u1eabu t\u1ef1 \u0111\u1ed9ng d\u00f2ng S20<\/span><\/li>\n<li><span style=\"color: #000000;\">L\u01b0u tham s\u1ed1 v\u00e0o ph\u01b0\u01a1ng ph\u00e1p c\u1ee7a b\u1ea1n \u0111\u1ec3 c\u00f3 quy tr\u00ecnh ph\u00e2n t\u00edch h\u1ee3p l\u00fd<\/span><\/li>\n<\/ul>\n<\/li>\n<\/ul>\n<p><span style=\"color: #000000;\"><strong>\u0110\u01a1n gi\u1ea3n h\u00f3a vi\u1ec7c xu\u1ea5t d\u1eef li\u1ec7u<\/strong><\/span><\/p>\n<ul>\n<li style=\"list-style-type: none;\">\n<ul>\n<li><span style=\"color: #000000;\">C\u00e1c t\u00f9y ch\u1ecdn xu\u1ea5t d\u1eef li\u1ec7u \u0111\u01b0\u1ee3c t\u00edch h\u1ee3p trong ph\u01b0\u01a1ng ph\u00e1p ph\u00e2n t\u00edch \u0111\u1ec3 d\u1ec5 d\u00e0ng xu\u1ea5t d\u1eef li\u1ec7u m\u1eabu \u1edf m\u1ed9t s\u1ed1 \u0111\u1ecbnh d\u1ea1ng ph\u1ed5 bi\u1ebfn bao g\u1ed3m .csv v\u00e0 ASCII<\/span><\/li>\n<li><span style=\"color: #000000;\">Xu\u1ea5t d\u1eef li\u1ec7u sang excel, m\u00e1y ch\u1ee7 b\u00ean ngo\u00e0i ho\u1eb7c h\u1ec7 th\u1ed1ng LIMS<\/span><\/li>\n<\/ul>\n<\/li>\n<\/ul>\n<p><span style=\"color: #000000;\"><strong>C\u00e1c ph\u01b0\u01a1ng ph\u00e1p x\u00e1c th\u1ef1c hi\u1ec7u su\u1ea5t \u0111\u01b0\u1ee3c x\u00e2y d\u1ef1ng s\u1eb5n<\/strong><\/span><\/p>\n<ul>\n<li style=\"list-style-type: none;\">\n<ul>\n<li><span style=\"color: #000000;\">D\u1ec5 d\u00e0ng kh\u1eafc ph\u1ee5c s\u1ef1 c\u1ed1 v\u00e0 gi\u1ea3i quy\u1ebft s\u1ef1 c\u1ed1 b\u1eb1ng c\u00e1ch s\u1eed d\u1ee5ng h\u01a1n 20 b\u00e0i ki\u1ec3m tra x\u00e1c th\u1ef1c hi\u1ec7u su\u1ea5t thi\u1ebft b\u1ecb (IPV)<\/span><\/li>\n<li><span style=\"color: #000000;\">Gi\u00e1m s\u00e1t hi\u1ec7u su\u1ea5t c\u1ee7a thi\u1ebft b\u1ecb m\u1ed9t c\u00e1ch nhanh ch\u00f3ng v\u00e0 d\u1ec5 d\u00e0ng b\u1eb1ng c\u00e1c th\u1eed nghi\u1ec7m n\u00e0y<\/span><\/li>\n<\/ul>\n<\/li>\n<\/ul>\n<p><span style=\"color: #000000;\"><strong>D\u1ec5 d\u00e0ng sao l\u01b0u v\u00e0 truy xu\u1ea5t d\u1eef li\u1ec7u<\/strong><\/span><\/p>\n<ul>\n<li style=\"list-style-type: none;\">\n<ul>\n<li><span style=\"color: #000000;\">Qu\u1ea3n l\u00fd d\u1eef li\u1ec7u c\u1ee7a b\u1ea1n m\u1ed9t c\u00e1ch d\u1ec5 d\u00e0ng v\u1edbi c\u00f4ng c\u1ee5 c\u01a1 s\u1edf d\u1eef li\u1ec7u UVWinlab \u0111\u1ec3 \u0111\u1ea3m b\u1ea3o d\u1eef li\u1ec7u an to\u00e0n v\u00e0 b\u1ea3o m\u1eadt<\/span><\/li>\n<\/ul>\n<\/li>\n<\/ul>\n<p><span style=\"color: #000000;\"><strong>Tu\u00e2n th\u1ee7 21 CFR Ph\u1ea7n 11<\/strong><\/span><\/p>\n<ul>\n<li style=\"list-style-type: none;\">\n<ul>\n<li><span style=\"color: #000000;\">Quy\u1ec1n c\u1ee7a ng\u01b0\u1eddi d\u00f9ng \u0111a c\u1ea5p, ki\u1ec3m so\u00e1t truy c\u1eadp \u0111\u01b0\u1ee3c b\u1ea3o v\u1ec7 b\u1eb1ng m\u1eadt kh\u1ea9u, c\u01a1 s\u1edf kh\u00f3a ph\u01b0\u01a1ng th\u1ee9c v\u00e0 c\u00e1c \u0111i\u1ec3m ch\u1eef k\u00fd \u0111i\u1ec7n t\u1eed c\u00f3 th\u1ec3 \u0111\u1ecbnh c\u1ea5u h\u00ecnh \u0111\u1ea7y \u0111\u1ee7<\/span><\/li>\n<\/ul>\n<\/li>\n<\/ul>\n<p><span style=\"color: #000000;\"><strong>Gi\u1ea3m di\u1ec7n t\u00edch ph\u00f2ng th\u00ed nghi\u1ec7m v\u1edbi LAMBDA 365+<\/strong><\/span><\/p>\n<ul>\n<li style=\"list-style-type: none;\">\n<ul>\n<li><span style=\"color: #000000;\">Lo\u1ea1i b\u1ecf PC v\u00e0 m\u00e0n h\u00ecnh b\u1eb1ng \u0111i\u1ec1u khi\u1ec3n thi\u1ebft b\u1ecb h\u1ed7 tr\u1ee3 c\u1ea3m \u1ee9ng<\/span><\/li>\n<li><span style=\"color: #000000;\">Gi\u1ea3m di\u1ec7n t\u00edch ph\u00f2ng th\u00ed nghi\u1ec7m v\u00e0 gi\u1ea3i ph\u00f3ng kh\u00f4ng gian<\/span><\/li>\n<\/ul>\n<\/li>\n<\/ul>\n<\/div>\n<div class=\"acf-field\">\n<h4><span style=\"color: #000000;\"><strong>Specifications<\/strong><\/span><\/h4>\n<div class=\"pe_pdp_detatabl\">\n<table id=\"pe_pdp_tab_det\" style=\"width: 500px;\">\n<tbody>\n<tr>\n<th><span style=\"color: #000000;\">Ti\u00eau chu\u1ea9n 21 CFR Ph\u1ea7n 11\u00a0<\/span><\/th>\n<td><span style=\"color: #000000;\">Yes<\/span><\/td>\n<\/tr>\n<tr>\n<th><span style=\"color: #000000;\">Chi\u1ec1u s\u00e2u<\/span><\/th>\n<td><span style=\"color: #000000;\">59.5 cm<\/span><\/td>\n<\/tr>\n<tr>\n<th><span style=\"color: #000000;\">Height<\/span><\/th>\n<td><span style=\"color: #000000;\">27.2 cm<\/span><\/td>\n<\/tr>\n<tr>\n<th><span style=\"color: #000000;\">T\u00ean model<\/span><\/th>\n<td><span style=\"color: #000000;\">LAMBDA 365+<\/span><\/td>\n<\/tr>\n<tr>\n<th><span style=\"color: #000000;\">T\u00ean nh\u00e3n s\u1ea3n ph\u1ea9m<\/span><\/th>\n<td><span style=\"color: #000000;\">LAMBDA 365+<\/span><\/td>\n<\/tr>\n<tr>\n<th><span style=\"color: #000000;\">C\u00f4ng ngh\u1ec7<\/span><\/th>\n<td><span style=\"color: #000000;\">UV\/Vis Spectroscopy<\/span><\/td>\n<\/tr>\n<tr>\n<th><span style=\"color: #000000;\">Weight<\/span><\/th>\n<td><span style=\"color: #000000;\">23.8 kg<\/span><\/td>\n<\/tr>\n<tr>\n<th><span style=\"color: #000000;\">Width<\/span><\/th>\n<td><span style=\"color: #000000;\">53.5 cm<\/span><\/td>\n<\/tr>\n<\/tbody>\n<\/table>\n<\/div>\n<\/div>","protected":false},"excerpt":{"rendered":"<p><span style=\"color: #000000;\">M\u00e1y quang ph\u1ed5 t\u1eed ngo\u1ea1i kh\u1ea3 ki\u1ebfn LAMBDA 365+ hai ch\u00f9m tia m\u1edbi mang l\u1ea1i hi\u1ec7u su\u1ea5t m\u00e0 c\u00e1c nh\u00e0 nghi\u00ean c\u1ee9u v\u00e0 ph\u00e2n t\u00edch c\u1ea7n \u0111\u1ec3 \u0111o c\u00e1c dung d\u1ecbch c\u00f3 \u0111\u1ed9 h\u1ea5p th\u1ee5 cao v\u00e0 c\u00e1c qu\u00e1 tr\u00ecnh \u0111\u1ed9ng h\u00f3a h\u1ecdc. Khoang ch\u1ee9a m\u1eabu l\u1edbn v\u00e0 nhi\u1ec1u ph\u1ee5 ki\u1ec7n \u0111\u01b0\u1ee3c t\u00edch h\u1ee3p \u0111\u1ea7y \u0111\u1ee7 v\u1edbi ph\u1ea7n m\u1ec1m mang l\u1ea1i s\u1ef1 linh ho\u1ea1t cho vi\u1ec7c l\u1ea5y m\u1eabu v\u00e0 quy tr\u00ecnh l\u00e0m vi\u1ec7c \u0111\u01a1n gi\u1ea3n h\u00f3a \u0111\u1ec3 \u0111\u00e1p \u1ee9ng m\u1ecdi nhu c\u1ea7u v\u1ec1 n\u0103ng su\u1ea5t m\u00e0 kh\u00f4ng c\u1ea7n \u0111\u00e0o t\u1ea1o chuy\u00ean s\u00e2u.<\/span><\/p>","protected":false},"featured_media":808,"template":"","meta":{"inline_featured_image":false},"product_brand":[29],"product_cat":[63,65],"product_tag":[],"class_list":{"0":"post-807","1":"product","2":"type-product","3":"status-publish","4":"has-post-thumbnail","6":"product_brand-perkinelmer","7":"product_cat-quang-pho-phan-tu","8":"product_cat-quang-pho-tu-ngoai-kha-kien-uv-vis","10":"first","11":"instock","12":"shipping-taxable","13":"product-type-simple"},"yoast_head":"<!-- This site is optimized with the Yoast SEO plugin v24.7 - https:\/\/yoast.com\/wordpress\/plugins\/seo\/ -->\n<title>M\u00e1y quang ph\u1ed5 t\u1eed ngo\u1ea1i kh\u1ea3 ki\u1ebfn LAMBDA 365+ UV-VIS - HTI Scientific<\/title>\n<meta name=\"description\" content=\"M\u00e1y quang ph\u1ed5 t\u1eed ngo\u1ea1i kh\u1ea3 ki\u1ebfn LAMBDA 365+ hai ch\u00f9m tia m\u1edbi mang l\u1ea1i hi\u1ec7u su\u1ea5t m\u00e0 c\u00e1c nh\u00e0 nghi\u00ean c\u1ee9u v\u00e0 ph\u00e2n t\u00edch c\u1ea7n \u0111\u1ec3 \u0111o c\u00e1c dung d\u1ecbch c\u00f3 \u0111\u1ed9 h\u1ea5p th\u1ee5 cao\" \/>\n<meta name=\"robots\" content=\"index, follow, max-snippet:-1, max-image-preview:large, max-video-preview:-1\" \/>\n<link rel=\"canonical\" href=\"https:\/\/htiscientific.vn\/en\/product\/may-quang-pho-tu-ngoai-kha-kien-lambda-365-uv-vis\/\" \/>\n<meta property=\"og:locale\" content=\"en_US\" \/>\n<meta property=\"og:type\" content=\"article\" \/>\n<meta property=\"og:title\" content=\"M\u00e1y quang ph\u1ed5 t\u1eed ngo\u1ea1i kh\u1ea3 ki\u1ebfn LAMBDA 365+ UV-VIS - HTI Scientific\" \/>\n<meta property=\"og:description\" content=\"M\u00e1y quang ph\u1ed5 t\u1eed ngo\u1ea1i kh\u1ea3 ki\u1ebfn LAMBDA 365+ hai ch\u00f9m tia m\u1edbi mang l\u1ea1i hi\u1ec7u su\u1ea5t m\u00e0 c\u00e1c nh\u00e0 nghi\u00ean c\u1ee9u v\u00e0 ph\u00e2n t\u00edch c\u1ea7n \u0111\u1ec3 \u0111o c\u00e1c dung d\u1ecbch c\u00f3 \u0111\u1ed9 h\u1ea5p th\u1ee5 cao\" \/>\n<meta property=\"og:url\" content=\"https:\/\/htiscientific.vn\/en\/product\/may-quang-pho-tu-ngoai-kha-kien-lambda-365-uv-vis\/\" \/>\n<meta property=\"og:site_name\" content=\"HTI Scientific\" \/>\n<meta property=\"article:publisher\" content=\"https:\/\/www.facebook.com\/htiscientific.vn\" \/>\n<meta property=\"og:image\" content=\"https:\/\/htiscientific.vn\/wp-content\/uploads\/2025\/03\/lambda-365plus-700x700-1.jpg\" \/>\n\t<meta property=\"og:image:width\" content=\"700\" \/>\n\t<meta property=\"og:image:height\" content=\"700\" \/>\n\t<meta property=\"og:image:type\" content=\"image\/jpeg\" \/>\n<meta name=\"twitter:card\" content=\"summary_large_image\" \/>\n<meta name=\"twitter:label1\" content=\"Est. reading time\" \/>\n\t<meta name=\"twitter:data1\" content=\"4 minutes\" \/>\n<script type=\"application\/ld+json\" class=\"yoast-schema-graph\">{\"@context\":\"https:\/\/schema.org\",\"@graph\":[{\"@type\":\"WebPage\",\"@id\":\"https:\/\/htiscientific.vn\/san-pham\/may-quang-pho-tu-ngoai-kha-kien-lambda-365-uv-vis\/\",\"url\":\"https:\/\/htiscientific.vn\/san-pham\/may-quang-pho-tu-ngoai-kha-kien-lambda-365-uv-vis\/\",\"name\":\"M\u00e1y quang ph\u1ed5 t\u1eed ngo\u1ea1i kh\u1ea3 ki\u1ebfn LAMBDA 365+ UV-VIS - HTI Scientific\",\"isPartOf\":{\"@id\":\"https:\/\/htiscientific.vn\/#website\"},\"primaryImageOfPage\":{\"@id\":\"https:\/\/htiscientific.vn\/san-pham\/may-quang-pho-tu-ngoai-kha-kien-lambda-365-uv-vis\/#primaryimage\"},\"image\":{\"@id\":\"https:\/\/htiscientific.vn\/san-pham\/may-quang-pho-tu-ngoai-kha-kien-lambda-365-uv-vis\/#primaryimage\"},\"thumbnailUrl\":\"https:\/\/htiscientific.vn\/wp-content\/uploads\/2025\/03\/lambda-365plus-700x700-1.jpg\",\"datePublished\":\"2025-03-27T06:29:39+00:00\",\"description\":\"M\u00e1y quang ph\u1ed5 t\u1eed ngo\u1ea1i kh\u1ea3 ki\u1ebfn LAMBDA 365+ hai ch\u00f9m tia m\u1edbi mang l\u1ea1i hi\u1ec7u su\u1ea5t m\u00e0 c\u00e1c nh\u00e0 nghi\u00ean c\u1ee9u v\u00e0 ph\u00e2n t\u00edch c\u1ea7n \u0111\u1ec3 \u0111o c\u00e1c dung d\u1ecbch c\u00f3 \u0111\u1ed9 h\u1ea5p th\u1ee5 cao\",\"breadcrumb\":{\"@id\":\"https:\/\/htiscientific.vn\/san-pham\/may-quang-pho-tu-ngoai-kha-kien-lambda-365-uv-vis\/#breadcrumb\"},\"inLanguage\":\"en-US\",\"potentialAction\":[{\"@type\":\"ReadAction\",\"target\":[\"https:\/\/htiscientific.vn\/san-pham\/may-quang-pho-tu-ngoai-kha-kien-lambda-365-uv-vis\/\"]}]},{\"@type\":\"ImageObject\",\"inLanguage\":\"en-US\",\"@id\":\"https:\/\/htiscientific.vn\/san-pham\/may-quang-pho-tu-ngoai-kha-kien-lambda-365-uv-vis\/#primaryimage\",\"url\":\"https:\/\/htiscientific.vn\/wp-content\/uploads\/2025\/03\/lambda-365plus-700x700-1.jpg\",\"contentUrl\":\"https:\/\/htiscientific.vn\/wp-content\/uploads\/2025\/03\/lambda-365plus-700x700-1.jpg\",\"width\":700,\"height\":700},{\"@type\":\"BreadcrumbList\",\"@id\":\"https:\/\/htiscientific.vn\/san-pham\/may-quang-pho-tu-ngoai-kha-kien-lambda-365-uv-vis\/#breadcrumb\",\"itemListElement\":[{\"@type\":\"ListItem\",\"position\":1,\"name\":\"Trang ch\u1ee7\",\"item\":\"https:\/\/htiscientific.vn\/\"},{\"@type\":\"ListItem\",\"position\":2,\"name\":\"C\u1eeda h\u00e0ng\",\"item\":\"https:\/\/htiscientific.vn\/cua-hang\/\"},{\"@type\":\"ListItem\",\"position\":3,\"name\":\"Quang ph\u1ed5 ph\u00e2n t\u1eed\",\"item\":\"https:\/\/htiscientific.vn\/danh-muc-san-pham\/quang-pho-phan-tu\/\"},{\"@type\":\"ListItem\",\"position\":4,\"name\":\"Quang ph\u1ed5 t\u1eed ngo\u1ea1i kh\u1ea3 ki\u1ebfn UV-VIS\",\"item\":\"https:\/\/htiscientific.vn\/danh-muc-san-pham\/quang-pho-phan-tu\/quang-pho-tu-ngoai-kha-kien-uv-vis\/\"},{\"@type\":\"ListItem\",\"position\":5,\"name\":\"M\u00e1y quang ph\u1ed5 t\u1eed ngo\u1ea1i kh\u1ea3 ki\u1ebfn LAMBDA 365+ UV-VIS\"}]},{\"@type\":\"WebSite\",\"@id\":\"https:\/\/htiscientific.vn\/#website\",\"url\":\"https:\/\/htiscientific.vn\/\",\"name\":\"HTI Scientific\",\"description\":\"HTI Scientific\",\"publisher\":{\"@id\":\"https:\/\/htiscientific.vn\/#organization\"},\"potentialAction\":[{\"@type\":\"SearchAction\",\"target\":{\"@type\":\"EntryPoint\",\"urlTemplate\":\"https:\/\/htiscientific.vn\/?s={search_term_string}\"},\"query-input\":{\"@type\":\"PropertyValueSpecification\",\"valueRequired\":true,\"valueName\":\"search_term_string\"}}],\"inLanguage\":\"en-US\"},{\"@type\":\"Organization\",\"@id\":\"https:\/\/htiscientific.vn\/#organization\",\"name\":\"HTI Scientific\",\"alternateName\":\"HTI Scientific\",\"url\":\"https:\/\/htiscientific.vn\/\",\"logo\":{\"@type\":\"ImageObject\",\"inLanguage\":\"en-US\",\"@id\":\"https:\/\/htiscientific.vn\/#\/schema\/logo\/image\/\",\"url\":\"https:\/\/htiscientific.vn\/wp-content\/uploads\/2025\/03\/ava-hti-copy.jpg\",\"contentUrl\":\"https:\/\/htiscientific.vn\/wp-content\/uploads\/2025\/03\/ava-hti-copy.jpg\",\"width\":700,\"height\":450,\"caption\":\"HTI Scientific\"},\"image\":{\"@id\":\"https:\/\/htiscientific.vn\/#\/schema\/logo\/image\/\"},\"sameAs\":[\"https:\/\/www.facebook.com\/htiscientific.vn\"]}]}<\/script>\n<!-- \/ Yoast SEO plugin. -->","yoast_head_json":{"title":"M\u00e1y quang ph\u1ed5 t\u1eed ngo\u1ea1i kh\u1ea3 ki\u1ebfn LAMBDA 365+ UV-VIS - HTI Scientific","description":"M\u00e1y quang ph\u1ed5 t\u1eed ngo\u1ea1i kh\u1ea3 ki\u1ebfn LAMBDA 365+ hai ch\u00f9m tia m\u1edbi mang l\u1ea1i hi\u1ec7u su\u1ea5t m\u00e0 c\u00e1c nh\u00e0 nghi\u00ean c\u1ee9u v\u00e0 ph\u00e2n t\u00edch c\u1ea7n \u0111\u1ec3 \u0111o c\u00e1c dung d\u1ecbch c\u00f3 \u0111\u1ed9 h\u1ea5p th\u1ee5 cao","robots":{"index":"index","follow":"follow","max-snippet":"max-snippet:-1","max-image-preview":"max-image-preview:large","max-video-preview":"max-video-preview:-1"},"canonical":"https:\/\/htiscientific.vn\/en\/product\/may-quang-pho-tu-ngoai-kha-kien-lambda-365-uv-vis\/","og_locale":"en_US","og_type":"article","og_title":"M\u00e1y quang ph\u1ed5 t\u1eed ngo\u1ea1i kh\u1ea3 ki\u1ebfn LAMBDA 365+ UV-VIS - HTI Scientific","og_description":"M\u00e1y quang ph\u1ed5 t\u1eed ngo\u1ea1i kh\u1ea3 ki\u1ebfn LAMBDA 365+ hai ch\u00f9m tia m\u1edbi mang l\u1ea1i hi\u1ec7u su\u1ea5t m\u00e0 c\u00e1c nh\u00e0 nghi\u00ean c\u1ee9u v\u00e0 ph\u00e2n t\u00edch c\u1ea7n \u0111\u1ec3 \u0111o c\u00e1c dung d\u1ecbch c\u00f3 \u0111\u1ed9 h\u1ea5p th\u1ee5 cao","og_url":"https:\/\/htiscientific.vn\/en\/product\/may-quang-pho-tu-ngoai-kha-kien-lambda-365-uv-vis\/","og_site_name":"HTI Scientific","article_publisher":"https:\/\/www.facebook.com\/htiscientific.vn","og_image":[{"width":700,"height":700,"url":"https:\/\/htiscientific.vn\/wp-content\/uploads\/2025\/03\/lambda-365plus-700x700-1.jpg","type":"image\/jpeg"}],"twitter_card":"summary_large_image","twitter_misc":{"Est. reading time":"4 minutes"},"schema":{"@context":"https:\/\/schema.org","@graph":[{"@type":"WebPage","@id":"https:\/\/htiscientific.vn\/san-pham\/may-quang-pho-tu-ngoai-kha-kien-lambda-365-uv-vis\/","url":"https:\/\/htiscientific.vn\/san-pham\/may-quang-pho-tu-ngoai-kha-kien-lambda-365-uv-vis\/","name":"M\u00e1y quang ph\u1ed5 t\u1eed ngo\u1ea1i kh\u1ea3 ki\u1ebfn LAMBDA 365+ UV-VIS - HTI Scientific","isPartOf":{"@id":"https:\/\/htiscientific.vn\/#website"},"primaryImageOfPage":{"@id":"https:\/\/htiscientific.vn\/san-pham\/may-quang-pho-tu-ngoai-kha-kien-lambda-365-uv-vis\/#primaryimage"},"image":{"@id":"https:\/\/htiscientific.vn\/san-pham\/may-quang-pho-tu-ngoai-kha-kien-lambda-365-uv-vis\/#primaryimage"},"thumbnailUrl":"https:\/\/htiscientific.vn\/wp-content\/uploads\/2025\/03\/lambda-365plus-700x700-1.jpg","datePublished":"2025-03-27T06:29:39+00:00","description":"M\u00e1y quang ph\u1ed5 t\u1eed ngo\u1ea1i kh\u1ea3 ki\u1ebfn LAMBDA 365+ hai ch\u00f9m tia m\u1edbi mang l\u1ea1i hi\u1ec7u su\u1ea5t m\u00e0 c\u00e1c nh\u00e0 nghi\u00ean c\u1ee9u v\u00e0 ph\u00e2n t\u00edch c\u1ea7n \u0111\u1ec3 \u0111o c\u00e1c dung d\u1ecbch c\u00f3 \u0111\u1ed9 h\u1ea5p th\u1ee5 cao","breadcrumb":{"@id":"https:\/\/htiscientific.vn\/san-pham\/may-quang-pho-tu-ngoai-kha-kien-lambda-365-uv-vis\/#breadcrumb"},"inLanguage":"en-US","potentialAction":[{"@type":"ReadAction","target":["https:\/\/htiscientific.vn\/san-pham\/may-quang-pho-tu-ngoai-kha-kien-lambda-365-uv-vis\/"]}]},{"@type":"ImageObject","inLanguage":"en-US","@id":"https:\/\/htiscientific.vn\/san-pham\/may-quang-pho-tu-ngoai-kha-kien-lambda-365-uv-vis\/#primaryimage","url":"https:\/\/htiscientific.vn\/wp-content\/uploads\/2025\/03\/lambda-365plus-700x700-1.jpg","contentUrl":"https:\/\/htiscientific.vn\/wp-content\/uploads\/2025\/03\/lambda-365plus-700x700-1.jpg","width":700,"height":700},{"@type":"BreadcrumbList","@id":"https:\/\/htiscientific.vn\/san-pham\/may-quang-pho-tu-ngoai-kha-kien-lambda-365-uv-vis\/#breadcrumb","itemListElement":[{"@type":"ListItem","position":1,"name":"Trang ch\u1ee7","item":"https:\/\/htiscientific.vn\/"},{"@type":"ListItem","position":2,"name":"C\u1eeda h\u00e0ng","item":"https:\/\/htiscientific.vn\/cua-hang\/"},{"@type":"ListItem","position":3,"name":"Quang ph\u1ed5 ph\u00e2n t\u1eed","item":"https:\/\/htiscientific.vn\/danh-muc-san-pham\/quang-pho-phan-tu\/"},{"@type":"ListItem","position":4,"name":"Quang ph\u1ed5 t\u1eed ngo\u1ea1i kh\u1ea3 ki\u1ebfn UV-VIS","item":"https:\/\/htiscientific.vn\/danh-muc-san-pham\/quang-pho-phan-tu\/quang-pho-tu-ngoai-kha-kien-uv-vis\/"},{"@type":"ListItem","position":5,"name":"M\u00e1y quang ph\u1ed5 t\u1eed ngo\u1ea1i kh\u1ea3 ki\u1ebfn LAMBDA 365+ UV-VIS"}]},{"@type":"WebSite","@id":"https:\/\/htiscientific.vn\/#website","url":"https:\/\/htiscientific.vn\/","name":"HTI Scientific","description":"HTI Scientific","publisher":{"@id":"https:\/\/htiscientific.vn\/#organization"},"potentialAction":[{"@type":"SearchAction","target":{"@type":"EntryPoint","urlTemplate":"https:\/\/htiscientific.vn\/?s={search_term_string}"},"query-input":{"@type":"PropertyValueSpecification","valueRequired":true,"valueName":"search_term_string"}}],"inLanguage":"en-US"},{"@type":"Organization","@id":"https:\/\/htiscientific.vn\/#organization","name":"HTI Scientific","alternateName":"HTI Scientific","url":"https:\/\/htiscientific.vn\/","logo":{"@type":"ImageObject","inLanguage":"en-US","@id":"https:\/\/htiscientific.vn\/#\/schema\/logo\/image\/","url":"https:\/\/htiscientific.vn\/wp-content\/uploads\/2025\/03\/ava-hti-copy.jpg","contentUrl":"https:\/\/htiscientific.vn\/wp-content\/uploads\/2025\/03\/ava-hti-copy.jpg","width":700,"height":450,"caption":"HTI Scientific"},"image":{"@id":"https:\/\/htiscientific.vn\/#\/schema\/logo\/image\/"},"sameAs":["https:\/\/www.facebook.com\/htiscientific.vn"]}]}},"_links":{"self":[{"href":"https:\/\/htiscientific.vn\/en\/wp-json\/wp\/v2\/product\/807","targetHints":{"allow":["GET"]}}],"collection":[{"href":"https:\/\/htiscientific.vn\/en\/wp-json\/wp\/v2\/product"}],"about":[{"href":"https:\/\/htiscientific.vn\/en\/wp-json\/wp\/v2\/types\/product"}],"wp:featuredmedia":[{"embeddable":true,"href":"https:\/\/htiscientific.vn\/en\/wp-json\/wp\/v2\/media\/808"}],"wp:attachment":[{"href":"https:\/\/htiscientific.vn\/en\/wp-json\/wp\/v2\/media?parent=807"}],"wp:term":[{"taxonomy":"product_brand","embeddable":true,"href":"https:\/\/htiscientific.vn\/en\/wp-json\/wp\/v2\/product_brand?post=807"},{"taxonomy":"product_cat","embeddable":true,"href":"https:\/\/htiscientific.vn\/en\/wp-json\/wp\/v2\/product_cat?post=807"},{"taxonomy":"product_tag","embeddable":true,"href":"https:\/\/htiscientific.vn\/en\/wp-json\/wp\/v2\/product_tag?post=807"}],"curies":[{"name":"wp","href":"https:\/\/api.w.org\/{rel}","templated":true}]}}