{"id":781,"date":"2025-03-26T11:36:35","date_gmt":"2025-03-26T04:36:35","guid":{"rendered":"https:\/\/htiscientific.vn\/?post_type=product&#038;p=781"},"modified":"2025-03-26T11:36:35","modified_gmt":"2025-03-26T04:36:35","slug":"quang-pho-hap-thu-nguyen-tu-pinaacle-900f","status":"publish","type":"product","link":"https:\/\/htiscientific.vn\/en\/product\/quang-pho-hap-thu-nguyen-tu-pinaacle-900f\/","title":{"rendered":"PinAAcle 900F Atomic Absorption Spectrometer"},"content":{"rendered":"<div class=\"acf-field\">\n<p><span style=\"color: #000000;\"><a style=\"color: #000000;\" href=\"https:\/\/www.perkinelmer.com\/product\/pinaacle-900f-atomic-absorption-spectrometer-pinaacle900f\" target=\"_blank\" rel=\"noopener\">PinAAcle 900F<\/a>\u00a0is\u00a0<a style=\"color: #000000;\" href=\"https:\/\/htigroup.vn\/may-quang-pho-hap-thu-nguyen-tu-aas\/\" target=\"_blank\" rel=\"noopener\">m\u00e1y quang ph\u1ed5 h\u1ea5p th\u1ee5 nguy\u00ean t\u1eed<\/a>\u00a0featuring a true double-beam design for fast start-up and long-term stability. With advanced fiber optic technology that enhances light throughput and improves detection limits, along with an eight-lamp turret and fully automated flame, the system is designed to boost laboratory productivity.<\/span><\/p>\n<p><span style=\"color: #000000;\">The PinAAcle 900F is controlled by Syngistix\u2122 for AA, a workflow-based software platform developed to accelerate and simplify the process from sample introduction to final results across multiple atomic absorption techniques.\n\nFor regulated and monitored laboratories, the optional Syngistix Enhanced Security\u2122 module is available to meet specific compliance and data integrity requirements.<\/span><\/p>\n<p>&nbsp;<\/p>\n<\/div>\n<div class=\"acf-field\">\n<p><span style=\"color: #000000;\"><strong>Specifications<\/strong><\/span><\/p>\n<table id=\"pe_pdp_tab_det\" style=\"width: 500px;\">\n<tbody>\n<tr>\n<td><span style=\"color: #000000;\">FDA CFR Part 11 Compliance<\/span><\/td>\n<td><span style=\"color: #000000;\">Yes<\/span><\/td>\n<\/tr>\n<tr>\n<td><span style=\"color: #000000;\">Model Name<\/span><\/td>\n<td><span style=\"color: #000000;\">PinAAcle 900F AA Spectrometer<\/span><\/td>\n<\/tr>\n<tr>\n<td><span style=\"color: #000000;\">Brand Name<\/span><\/td>\n<td><span style=\"color: #000000;\">PinAAcle<\/span><\/td>\n<\/tr>\n<tr>\n<td><span style=\"color: #000000;\">Warranty<\/span><\/td>\n<td><span style=\"color: #000000;\">1 year<\/span><\/td>\n<\/tr>\n<tr>\n<td><span style=\"color: #000000;\">Height<\/span><\/td>\n<td><span style=\"color: #000000;\">64.0 cm<\/span><\/td>\n<\/tr>\n<tr>\n<td><span style=\"color: #000000;\">Weight<\/span><\/td>\n<td><span style=\"color: #000000;\">94.0 kg<\/span><\/td>\n<\/tr>\n<tr>\n<td><span style=\"color: #000000;\">Width<\/span><\/td>\n<td><span style=\"color: #000000;\">95.0 cm<\/span><\/td>\n<\/tr>\n<\/tbody>\n<\/table>\n<\/div>","protected":false},"excerpt":{"rendered":"<p>Atomic Absorption Spectrometer\u00a0<a href=\"https:\/\/www.perkinelmer.com\/product\/pinaacle-900f-atomic-absorption-spectrometer-pinaacle900f\" target=\"_blank\" rel=\"noopener\">PinAAcle 900F<\/a>\u00a0is part of\u00a0<a href=\"https:\/\/perkinelmervietnam.vn\/product-category\/phan-tich-nguyen-to\/quang-pho-hap-thu-nguyen-tu-aas\/\" target=\"_blank\" rel=\"noopener\">PerkinElmer\u2019s PinAAcle 900 series,<\/a>\u00a0designed to elevate AA performance to a whole new level.<\/p>\n<p>Offering multiple configurations\u2014flame, furnace, or combination\u2014the PinAAcle series delivers precisely the level of performance you need, all within the smallest footprint of any graphite furnace or hybrid AA system on the market.<\/p>\n<p>No matter which model you choose from the PinAAcle 900 series, you benefit from an intuitive, high-efficiency system that simplifies the entire analytical process\u2014from sample to results\u2014even with the most challenging matrices.<\/p>","protected":false},"featured_media":783,"template":"","meta":{"inline_featured_image":false},"product_brand":[29],"product_cat":[60,59],"product_tag":[],"class_list":{"0":"post-781","1":"product","2":"type-product","3":"status-publish","4":"has-post-thumbnail","6":"product_brand-perkinelmer","7":"product_cat-quang-pho-hap-thu-nguyen-tu-aas","8":"product_cat-quang-pho-nguyen-tu","10":"first","11":"instock","12":"shipping-taxable","13":"product-type-simple"},"yoast_head":"<!-- This site is optimized with the Yoast SEO plugin v24.7 - https:\/\/yoast.com\/wordpress\/plugins\/seo\/ -->\n<title>Quang ph\u1ed5 h\u1ea5p th\u1ee5 nguy\u00ean t\u1eed PinAAcle 900F - HTI Scientific<\/title>\n<meta name=\"robots\" content=\"index, follow, max-snippet:-1, max-image-preview:large, max-video-preview:-1\" \/>\n<link rel=\"canonical\" href=\"https:\/\/htiscientific.vn\/en\/product\/quang-pho-hap-thu-nguyen-tu-pinaacle-900f\/\" \/>\n<meta property=\"og:locale\" content=\"en_US\" \/>\n<meta property=\"og:type\" content=\"article\" \/>\n<meta property=\"og:title\" content=\"Quang ph\u1ed5 h\u1ea5p th\u1ee5 nguy\u00ean t\u1eed PinAAcle 900F - HTI Scientific\" \/>\n<meta property=\"og:description\" content=\"M\u00e1y quang ph\u1ed5 h\u1ea5p th\u1ee5 nguy\u00ean t\u1eed\u00a0PinAAcle 900F\u00a0n\u1eb1m trong d\u00f2ng m\u00e1y quang ph\u1ed5 h\u1ea5p th\u1ee5 nguy\u00ean t\u1eed (AA)\u00a0PinAAcle 900\u00a0c\u1ee7a PerkinElmer, c\u00f3 kh\u1ea3 n\u0103ng \u0111\u01b0a hi\u1ec7u su\u1ea5t AA l\u00ean m\u1ed9t t\u1ea7m cao m\u1edbi.  D\u00f2ng s\u1ea3n ph\u1ea9m v\u1edbi nhi\u1ec1u l\u1ef1a ch\u1ecdn s\u1eb5n c\u00f3: ng\u1ecdn l\u1eeda, l\u00f2 \u0111\u1ed1t ho\u1eb7c k\u1ebft h\u1ee3p, thi\u1ebft b\u1ecb PinAAcle cung c\u1ea5p ch\u00ednh x\u00e1c m\u1ee9c hi\u1ec7u su\u1ea5t m\u00e0 b\u1ea1n c\u1ea7n v\u1edbi di\u1ec7n t\u00edch nh\u1ecf nh\u1ea5t so v\u1edbi b\u1ea5t k\u1ef3 h\u1ec7 th\u1ed1ng AA l\u00f2 graphite\/l\u00f2 k\u1ebft h\u1ee3p n\u00e0o tr\u00ean th\u1ecb tr\u01b0\u1eddng.  V\u00e0 cho d\u00f9 ch\u1ecdn m\u1eabu n\u00e0o trong d\u00f2ng s\u1ea3n ph\u1ea9m PinAAcle 900 \u0111\u1ec1u c\u00f3 h\u1ec7 th\u1ed1ng tr\u1ef1c quan, hi\u1ec7u qu\u1ea3 cao c\u00f3 l\u00e0m \u0111\u01a1n gi\u1ea3n h\u00f3a qu\u00e1 tr\u00ecnh ph\u00e2n t\u00edch t\u1eeb m\u1eabu \u0111\u1ebfn k\u1ebft qu\u1ea3, ngay c\u1ea3 v\u1edbi nh\u1eefng ma tr\u1eadn kh\u00f3 nh\u1ea5t.\" \/>\n<meta property=\"og:url\" content=\"https:\/\/htiscientific.vn\/en\/product\/quang-pho-hap-thu-nguyen-tu-pinaacle-900f\/\" \/>\n<meta property=\"og:site_name\" content=\"HTI Scientific\" \/>\n<meta property=\"article:publisher\" content=\"https:\/\/www.facebook.com\/htiscientific.vn\" \/>\n<meta property=\"og:image\" content=\"https:\/\/htiscientific.vn\/wp-content\/uploads\/2025\/03\/aas-900f-1000x1000-02-02.jpg\" \/>\n\t<meta property=\"og:image:width\" content=\"2084\" \/>\n\t<meta property=\"og:image:height\" content=\"2084\" \/>\n\t<meta property=\"og:image:type\" content=\"image\/jpeg\" \/>\n<meta name=\"twitter:card\" content=\"summary_large_image\" \/>\n<meta name=\"twitter:label1\" content=\"Est. reading time\" \/>\n\t<meta name=\"twitter:data1\" content=\"2 minutes\" \/>\n<script type=\"application\/ld+json\" class=\"yoast-schema-graph\">{\"@context\":\"https:\/\/schema.org\",\"@graph\":[{\"@type\":\"WebPage\",\"@id\":\"https:\/\/htiscientific.vn\/san-pham\/quang-pho-hap-thu-nguyen-tu-pinaacle-900f\/\",\"url\":\"https:\/\/htiscientific.vn\/san-pham\/quang-pho-hap-thu-nguyen-tu-pinaacle-900f\/\",\"name\":\"Quang ph\u1ed5 h\u1ea5p th\u1ee5 nguy\u00ean t\u1eed PinAAcle 900F - HTI Scientific\",\"isPartOf\":{\"@id\":\"https:\/\/htiscientific.vn\/#website\"},\"primaryImageOfPage\":{\"@id\":\"https:\/\/htiscientific.vn\/san-pham\/quang-pho-hap-thu-nguyen-tu-pinaacle-900f\/#primaryimage\"},\"image\":{\"@id\":\"https:\/\/htiscientific.vn\/san-pham\/quang-pho-hap-thu-nguyen-tu-pinaacle-900f\/#primaryimage\"},\"thumbnailUrl\":\"https:\/\/htiscientific.vn\/wp-content\/uploads\/2025\/03\/aas-900f-1000x1000-02-02.jpg\",\"datePublished\":\"2025-03-26T04:36:35+00:00\",\"breadcrumb\":{\"@id\":\"https:\/\/htiscientific.vn\/san-pham\/quang-pho-hap-thu-nguyen-tu-pinaacle-900f\/#breadcrumb\"},\"inLanguage\":\"en-US\",\"potentialAction\":[{\"@type\":\"ReadAction\",\"target\":[\"https:\/\/htiscientific.vn\/san-pham\/quang-pho-hap-thu-nguyen-tu-pinaacle-900f\/\"]}]},{\"@type\":\"ImageObject\",\"inLanguage\":\"en-US\",\"@id\":\"https:\/\/htiscientific.vn\/san-pham\/quang-pho-hap-thu-nguyen-tu-pinaacle-900f\/#primaryimage\",\"url\":\"https:\/\/htiscientific.vn\/wp-content\/uploads\/2025\/03\/aas-900f-1000x1000-02-02.jpg\",\"contentUrl\":\"https:\/\/htiscientific.vn\/wp-content\/uploads\/2025\/03\/aas-900f-1000x1000-02-02.jpg\",\"width\":2084,\"height\":2084},{\"@type\":\"BreadcrumbList\",\"@id\":\"https:\/\/htiscientific.vn\/san-pham\/quang-pho-hap-thu-nguyen-tu-pinaacle-900f\/#breadcrumb\",\"itemListElement\":[{\"@type\":\"ListItem\",\"position\":1,\"name\":\"Trang ch\u1ee7\",\"item\":\"https:\/\/htiscientific.vn\/\"},{\"@type\":\"ListItem\",\"position\":2,\"name\":\"C\u1eeda h\u00e0ng\",\"item\":\"https:\/\/htiscientific.vn\/cua-hang\/\"},{\"@type\":\"ListItem\",\"position\":3,\"name\":\"Quang ph\u1ed5 nguy\u00ean t\u1eed\",\"item\":\"https:\/\/htiscientific.vn\/danh-muc-san-pham\/quang-pho-nguyen-tu\/\"},{\"@type\":\"ListItem\",\"position\":4,\"name\":\"Quang ph\u1ed5 h\u1ea5p th\u1ee5 nguy\u00ean t\u1eed AAS\",\"item\":\"https:\/\/htiscientific.vn\/danh-muc-san-pham\/quang-pho-nguyen-tu\/quang-pho-hap-thu-nguyen-tu-aas\/\"},{\"@type\":\"ListItem\",\"position\":5,\"name\":\"Quang ph\u1ed5 h\u1ea5p th\u1ee5 nguy\u00ean t\u1eed PinAAcle 900F\"}]},{\"@type\":\"WebSite\",\"@id\":\"https:\/\/htiscientific.vn\/#website\",\"url\":\"https:\/\/htiscientific.vn\/\",\"name\":\"HTI Scientific\",\"description\":\"HTI Scientific\",\"publisher\":{\"@id\":\"https:\/\/htiscientific.vn\/#organization\"},\"potentialAction\":[{\"@type\":\"SearchAction\",\"target\":{\"@type\":\"EntryPoint\",\"urlTemplate\":\"https:\/\/htiscientific.vn\/?s={search_term_string}\"},\"query-input\":{\"@type\":\"PropertyValueSpecification\",\"valueRequired\":true,\"valueName\":\"search_term_string\"}}],\"inLanguage\":\"en-US\"},{\"@type\":\"Organization\",\"@id\":\"https:\/\/htiscientific.vn\/#organization\",\"name\":\"HTI Scientific\",\"alternateName\":\"HTI Scientific\",\"url\":\"https:\/\/htiscientific.vn\/\",\"logo\":{\"@type\":\"ImageObject\",\"inLanguage\":\"en-US\",\"@id\":\"https:\/\/htiscientific.vn\/#\/schema\/logo\/image\/\",\"url\":\"https:\/\/htiscientific.vn\/wp-content\/uploads\/2025\/03\/ava-hti-copy.jpg\",\"contentUrl\":\"https:\/\/htiscientific.vn\/wp-content\/uploads\/2025\/03\/ava-hti-copy.jpg\",\"width\":700,\"height\":450,\"caption\":\"HTI Scientific\"},\"image\":{\"@id\":\"https:\/\/htiscientific.vn\/#\/schema\/logo\/image\/\"},\"sameAs\":[\"https:\/\/www.facebook.com\/htiscientific.vn\"]}]}<\/script>\n<!-- \/ Yoast SEO plugin. -->","yoast_head_json":{"title":"Quang ph\u1ed5 h\u1ea5p th\u1ee5 nguy\u00ean t\u1eed PinAAcle 900F - HTI Scientific","robots":{"index":"index","follow":"follow","max-snippet":"max-snippet:-1","max-image-preview":"max-image-preview:large","max-video-preview":"max-video-preview:-1"},"canonical":"https:\/\/htiscientific.vn\/en\/product\/quang-pho-hap-thu-nguyen-tu-pinaacle-900f\/","og_locale":"en_US","og_type":"article","og_title":"Quang ph\u1ed5 h\u1ea5p th\u1ee5 nguy\u00ean t\u1eed PinAAcle 900F - HTI Scientific","og_description":"M\u00e1y quang ph\u1ed5 h\u1ea5p th\u1ee5 nguy\u00ean t\u1eed\u00a0PinAAcle 900F\u00a0n\u1eb1m trong d\u00f2ng m\u00e1y quang ph\u1ed5 h\u1ea5p th\u1ee5 nguy\u00ean t\u1eed (AA)\u00a0PinAAcle 900\u00a0c\u1ee7a PerkinElmer, c\u00f3 kh\u1ea3 n\u0103ng \u0111\u01b0a hi\u1ec7u su\u1ea5t AA l\u00ean m\u1ed9t t\u1ea7m cao m\u1edbi.  D\u00f2ng s\u1ea3n ph\u1ea9m v\u1edbi nhi\u1ec1u l\u1ef1a ch\u1ecdn s\u1eb5n c\u00f3: ng\u1ecdn l\u1eeda, l\u00f2 \u0111\u1ed1t ho\u1eb7c k\u1ebft h\u1ee3p, thi\u1ebft b\u1ecb PinAAcle cung c\u1ea5p ch\u00ednh x\u00e1c m\u1ee9c hi\u1ec7u su\u1ea5t m\u00e0 b\u1ea1n c\u1ea7n v\u1edbi di\u1ec7n t\u00edch nh\u1ecf nh\u1ea5t so v\u1edbi b\u1ea5t k\u1ef3 h\u1ec7 th\u1ed1ng AA l\u00f2 graphite\/l\u00f2 k\u1ebft h\u1ee3p n\u00e0o tr\u00ean th\u1ecb tr\u01b0\u1eddng.  V\u00e0 cho d\u00f9 ch\u1ecdn m\u1eabu n\u00e0o trong d\u00f2ng s\u1ea3n ph\u1ea9m PinAAcle 900 \u0111\u1ec1u c\u00f3 h\u1ec7 th\u1ed1ng tr\u1ef1c quan, hi\u1ec7u qu\u1ea3 cao c\u00f3 l\u00e0m \u0111\u01a1n gi\u1ea3n h\u00f3a qu\u00e1 tr\u00ecnh ph\u00e2n t\u00edch t\u1eeb m\u1eabu \u0111\u1ebfn k\u1ebft qu\u1ea3, ngay c\u1ea3 v\u1edbi nh\u1eefng ma tr\u1eadn kh\u00f3 nh\u1ea5t.","og_url":"https:\/\/htiscientific.vn\/en\/product\/quang-pho-hap-thu-nguyen-tu-pinaacle-900f\/","og_site_name":"HTI Scientific","article_publisher":"https:\/\/www.facebook.com\/htiscientific.vn","og_image":[{"width":2084,"height":2084,"url":"https:\/\/htiscientific.vn\/wp-content\/uploads\/2025\/03\/aas-900f-1000x1000-02-02.jpg","type":"image\/jpeg"}],"twitter_card":"summary_large_image","twitter_misc":{"Est. reading time":"2 minutes"},"schema":{"@context":"https:\/\/schema.org","@graph":[{"@type":"WebPage","@id":"https:\/\/htiscientific.vn\/san-pham\/quang-pho-hap-thu-nguyen-tu-pinaacle-900f\/","url":"https:\/\/htiscientific.vn\/san-pham\/quang-pho-hap-thu-nguyen-tu-pinaacle-900f\/","name":"Quang ph\u1ed5 h\u1ea5p th\u1ee5 nguy\u00ean t\u1eed PinAAcle 900F - HTI Scientific","isPartOf":{"@id":"https:\/\/htiscientific.vn\/#website"},"primaryImageOfPage":{"@id":"https:\/\/htiscientific.vn\/san-pham\/quang-pho-hap-thu-nguyen-tu-pinaacle-900f\/#primaryimage"},"image":{"@id":"https:\/\/htiscientific.vn\/san-pham\/quang-pho-hap-thu-nguyen-tu-pinaacle-900f\/#primaryimage"},"thumbnailUrl":"https:\/\/htiscientific.vn\/wp-content\/uploads\/2025\/03\/aas-900f-1000x1000-02-02.jpg","datePublished":"2025-03-26T04:36:35+00:00","breadcrumb":{"@id":"https:\/\/htiscientific.vn\/san-pham\/quang-pho-hap-thu-nguyen-tu-pinaacle-900f\/#breadcrumb"},"inLanguage":"en-US","potentialAction":[{"@type":"ReadAction","target":["https:\/\/htiscientific.vn\/san-pham\/quang-pho-hap-thu-nguyen-tu-pinaacle-900f\/"]}]},{"@type":"ImageObject","inLanguage":"en-US","@id":"https:\/\/htiscientific.vn\/san-pham\/quang-pho-hap-thu-nguyen-tu-pinaacle-900f\/#primaryimage","url":"https:\/\/htiscientific.vn\/wp-content\/uploads\/2025\/03\/aas-900f-1000x1000-02-02.jpg","contentUrl":"https:\/\/htiscientific.vn\/wp-content\/uploads\/2025\/03\/aas-900f-1000x1000-02-02.jpg","width":2084,"height":2084},{"@type":"BreadcrumbList","@id":"https:\/\/htiscientific.vn\/san-pham\/quang-pho-hap-thu-nguyen-tu-pinaacle-900f\/#breadcrumb","itemListElement":[{"@type":"ListItem","position":1,"name":"Trang ch\u1ee7","item":"https:\/\/htiscientific.vn\/"},{"@type":"ListItem","position":2,"name":"C\u1eeda h\u00e0ng","item":"https:\/\/htiscientific.vn\/cua-hang\/"},{"@type":"ListItem","position":3,"name":"Quang ph\u1ed5 nguy\u00ean t\u1eed","item":"https:\/\/htiscientific.vn\/danh-muc-san-pham\/quang-pho-nguyen-tu\/"},{"@type":"ListItem","position":4,"name":"Quang ph\u1ed5 h\u1ea5p th\u1ee5 nguy\u00ean t\u1eed AAS","item":"https:\/\/htiscientific.vn\/danh-muc-san-pham\/quang-pho-nguyen-tu\/quang-pho-hap-thu-nguyen-tu-aas\/"},{"@type":"ListItem","position":5,"name":"Quang ph\u1ed5 h\u1ea5p th\u1ee5 nguy\u00ean t\u1eed PinAAcle 900F"}]},{"@type":"WebSite","@id":"https:\/\/htiscientific.vn\/#website","url":"https:\/\/htiscientific.vn\/","name":"HTI Scientific","description":"HTI Scientific","publisher":{"@id":"https:\/\/htiscientific.vn\/#organization"},"potentialAction":[{"@type":"SearchAction","target":{"@type":"EntryPoint","urlTemplate":"https:\/\/htiscientific.vn\/?s={search_term_string}"},"query-input":{"@type":"PropertyValueSpecification","valueRequired":true,"valueName":"search_term_string"}}],"inLanguage":"en-US"},{"@type":"Organization","@id":"https:\/\/htiscientific.vn\/#organization","name":"HTI Scientific","alternateName":"HTI Scientific","url":"https:\/\/htiscientific.vn\/","logo":{"@type":"ImageObject","inLanguage":"en-US","@id":"https:\/\/htiscientific.vn\/#\/schema\/logo\/image\/","url":"https:\/\/htiscientific.vn\/wp-content\/uploads\/2025\/03\/ava-hti-copy.jpg","contentUrl":"https:\/\/htiscientific.vn\/wp-content\/uploads\/2025\/03\/ava-hti-copy.jpg","width":700,"height":450,"caption":"HTI Scientific"},"image":{"@id":"https:\/\/htiscientific.vn\/#\/schema\/logo\/image\/"},"sameAs":["https:\/\/www.facebook.com\/htiscientific.vn"]}]}},"_links":{"self":[{"href":"https:\/\/htiscientific.vn\/en\/wp-json\/wp\/v2\/product\/781","targetHints":{"allow":["GET"]}}],"collection":[{"href":"https:\/\/htiscientific.vn\/en\/wp-json\/wp\/v2\/product"}],"about":[{"href":"https:\/\/htiscientific.vn\/en\/wp-json\/wp\/v2\/types\/product"}],"wp:featuredmedia":[{"embeddable":true,"href":"https:\/\/htiscientific.vn\/en\/wp-json\/wp\/v2\/media\/783"}],"wp:attachment":[{"href":"https:\/\/htiscientific.vn\/en\/wp-json\/wp\/v2\/media?parent=781"}],"wp:term":[{"taxonomy":"product_brand","embeddable":true,"href":"https:\/\/htiscientific.vn\/en\/wp-json\/wp\/v2\/product_brand?post=781"},{"taxonomy":"product_cat","embeddable":true,"href":"https:\/\/htiscientific.vn\/en\/wp-json\/wp\/v2\/product_cat?post=781"},{"taxonomy":"product_tag","embeddable":true,"href":"https:\/\/htiscientific.vn\/en\/wp-json\/wp\/v2\/product_tag?post=781"}],"curies":[{"name":"wp","href":"https:\/\/api.w.org\/{rel}","templated":true}]}}