{"id":666,"date":"2025-03-25T15:29:19","date_gmt":"2025-03-25T08:29:19","guid":{"rendered":"https:\/\/htiscientific.vn\/?post_type=product&#038;p=666"},"modified":"2025-03-26T13:37:09","modified_gmt":"2025-03-26T06:37:09","slug":"quang-pho-hap-thu-nguyen-tu-pinaacle-500","status":"publish","type":"product","link":"https:\/\/htiscientific.vn\/en\/product\/quang-pho-hap-thu-nguyen-tu-pinaacle-500\/","title":{"rendered":"PinAAcle 500 Atomic Absorption Spectrometer"},"content":{"rendered":"<p><a style=\"color: #000000;\" href=\"https:\/\/www.perkinelmer.com\/Product\/pinaacle-500-flame-atomic-absorption-spectrometer-pinaacle500\" target=\"_blank\" rel=\"noopener\">PinAAcle 500<\/a><span style=\"color: #000000;\">\u00a0l\u00e0 h\u1ec7 th\u1ed1ng quang ph\u1ed5 h\u1ea5p th\u1ee5 nguy\u00ean t\u1eed \u0111\u1ec3 b\u00e0n m\u1ea1nh m\u1ebd, \u0111\u01b0\u1ee3c t\u00edch h\u1ee3p \u0111\u1ea7y \u0111\u1ee7, ch\u1ec9 d\u00f9ng ng\u1ecdn l\u1eeda, l\u00fd t\u01b0\u1edfng cho c\u00e1c ph\u00f2ng th\u00ed nghi\u1ec7m c\u1ea7n ng\u1ecdn l\u1eeda AA \u0111\u00e1ng tin c\u1eady, d\u1ec5 s\u1eed d\u1ee5ng nh\u01b0ng hi\u1ec7u su\u1ea5t cao. N\u00f3 \u0111\u01b0\u1ee3c trang b\u1ecb giao di\u1ec7n m\u00e0n h\u00ecnh c\u1ea3m \u1ee9ng c\u1ea3i ti\u1ebfn v\u1edbi kh\u1ea3 n\u0103ng v\u1eadn h\u00e0nh linh ho\u1ea1t th\u00f4ng qua ph\u1ea7n m\u1ec1m Syngistix Touch\u2122 d\u1ec5 s\u1eed d\u1ee5ng ho\u1eb7c Syngistix\u2122 t\u00f9y ch\u1ecdn, to\u00e0n di\u1ec7n h\u01a1n d\u00e0nh cho ph\u1ea7n m\u1ec1m AA.<\/span><\/p>\n<div class=\"acf-field\">\n<h3><strong><span style=\"color: #000000;\">M\u00e1y quang ph\u1ed5 h\u1ea5p th\u1ee5 nguy\u00ean t\u1eed\u00a0PinAAcle 500\u00a0\u0111\u01b0\u1ee3c thi\u1ebft k\u1ebf d\u00e0nh cho:<\/span><\/strong><\/h3>\n<ul>\n<li style=\"list-style-type: none;\">\n<ul>\n<li><span style=\"color: #000000;\">\u0110\u1ed9 nh\u1ea1y v\u00e0 \u0111\u1ed9 ch\u00ednh x\u00e1c v\u01b0\u1ee3t tr\u1ed9i, cho ph\u00e9p ph\u00e2n t\u00edch n\u1ed3ng \u0111\u1ed9 th\u1ea5p h\u01a1n v\u1edbi \u0111\u1ed9 ch\u00ednh x\u00e1c c\u1ee7a h\u1ec7 th\u1ed1ng AA cao c\u1ea5p<\/span><\/li>\n<li><span style=\"color: #000000;\">Ho\u1ea1t \u0111\u1ed9ng nhanh ch\u00f3ng, \u0111\u01a1n gi\u1ea3n, c\u00f3 th\u1ec3 t\u00e1i l\u1eb7p th\u00f4ng qua giao di\u1ec7n tr\u1ef1c quan, d\u1ef1a tr\u00ean giao di\u1ec7n Syngistix Touch ho\u1eb7c Syngistix for AA<\/span><\/li>\n<li><span style=\"color: #000000;\">M\u00f4i tr\u01b0\u1eddng v\u00e0 m\u1eabu kh\u1eafc nghi\u1ec7t nh\u1edd c\u00e1c b\u1ed9 ph\u1eadn ch\u1ee9a m\u1eabu ch\u1ed1ng \u0103n m\u00f2n<\/span><\/li>\n<li><span style=\"color: #000000;\">B\u1ea3o tr\u00ec \u1edf m\u1ee9c t\u1ed1i thi\u1ec3u v\u00e0 t\u1ed1c \u0111\u1ed9 t\u1ed1i \u0111a v\u1edbi thi\u1ebft k\u1ebf ch\u1eafc ch\u1eafn gi\u00fap lo\u1ea1i b\u1ecf h\u1ea7u nh\u01b0 vi\u1ec7c b\u1ea3o tr\u00ec, gi\u1ea3m chi ph\u00ed v\u1eadn h\u00e0nh.<\/span><\/li>\n<\/ul>\n<\/li>\n<\/ul>\n<p><span style=\"color: #000000;\">Thi\u1ebft b\u1ecb PinAAcle 500 \u0111\u01b0\u1ee3c thi\u1ebft k\u1ebf \u0111\u1ec3 mang l\u1ea1i hi\u1ec7u su\u1ea5t v\u01b0\u1ee3t tr\u1ed9i v\u1edbi m\u1ee9c gi\u00e1 c\u1ea1nh tranh nh\u1ea5t, s\u1eed d\u1ee5ng c\u00f4ng ngh\u1ec7 ng\u1ecdn l\u1eeda m\u1ea1nh m\u1ebd, \u0111\u00e1ng tin c\u1eady gi\u00fap ph\u00f2ng th\u00ed nghi\u1ec7m t\u0103ng n\u0103ng su\u1ea5t trong vi\u1ec7c ph\u00e2n t\u00edch m\u1eabu.<\/span><\/p>\n<\/div>\n<div class=\"acf-field\">\n<p>&nbsp;<\/p>\n<h3><span style=\"color: #000000;\"><strong>Specifications<\/strong><\/span><\/h3>\n<table id=\"pe_pdp_tab_det\" style=\"width: 500px;\">\n<tbody>\n<tr style=\"height: 21px;\">\n<td style=\"width: 68.8431%; height: 21px;\"><span style=\"color: #000000;\">FDA CFR Part 11 Compliance<\/span><\/td>\n<td style=\"width: 67.9757%; height: 21px;\"><span style=\"color: #000000;\">Yes<\/span><\/td>\n<\/tr>\n<tr style=\"height: 21px;\">\n<td style=\"width: 68.8431%; height: 21px;\"><span style=\"color: #000000;\">Model Name<\/span><\/td>\n<td style=\"width: 67.9757%; height: 21px;\"><span style=\"color: #000000;\">PinAAcle 500<\/span><\/td>\n<\/tr>\n<tr style=\"height: 21px;\">\n<td style=\"width: 68.8431%; height: 21px;\"><span style=\"color: #000000;\">Brand Name<\/span><\/td>\n<td style=\"width: 67.9757%; height: 21px;\"><span style=\"color: #000000;\">PinAAcle<\/span><\/td>\n<\/tr>\n<tr style=\"height: 21px;\">\n<td style=\"width: 68.8431%; height: 21px;\"><span style=\"color: #000000;\">Warranty<\/span><\/td>\n<td style=\"width: 67.9757%; height: 21px;\"><span style=\"color: #000000;\">1 year<\/span><\/td>\n<\/tr>\n<tr style=\"height: 21px;\">\n<td style=\"width: 68.8431%; height: 21px;\"><span style=\"color: #000000;\">Height<\/span><\/td>\n<td style=\"width: 67.9757%; height: 21px;\"><span style=\"color: #000000;\">64.0 cm<\/span><\/td>\n<\/tr>\n<tr style=\"height: 21px;\">\n<td style=\"width: 68.8431%; height: 21px;\"><span style=\"color: #000000;\">Weight<\/span><\/td>\n<td style=\"width: 67.9757%; height: 21px;\"><span style=\"color: #000000;\">57.0 kg<\/span><\/td>\n<\/tr>\n<tr style=\"height: 21px;\">\n<td style=\"width: 68.8431%; height: 21px;\"><span style=\"color: #000000;\">Width<\/span><\/td>\n<td style=\"width: 67.9757%; height: 21px;\"><span style=\"color: #000000;\">67.0 cm<\/span><\/td>\n<\/tr>\n<\/tbody>\n<\/table>\n<\/div>","protected":false},"excerpt":{"rendered":"<p><span style=\"color: #000000;\"><a style=\"color: #000000;\" href=\"https:\/\/htigroup.vn\/may-quang-pho-hap-thu-nguyen-tu-aas\/\" target=\"_blank\" rel=\"noopener\">Atomic Absorption Spectrometer<\/a>\u00a0PinAAcle\u2122 500 l\u00e0 thi\u1ebft b\u1ecb ho\u00e0n to\u00e0n ch\u1ed1ng \u0103n m\u00f2n \u0111\u1ea7u ti\u00ean tr\u00ean th\u1ebf gi\u1edbi, \u0111\u01b0\u1ee3c thi\u1ebft k\u1ebf \u0111\u1ec3 ch\u1ecbu \u0111\u01b0\u1ee3c c\u00e1c m\u00f4i tr\u01b0\u1eddng kh\u1eafc nghi\u1ec7t nh\u1ea5t v\u00e0 h\u1ea7u h\u1ebft c\u00e1c m\u1eabu \u0103n m\u00f2n. Mang l\u1ea1i \u0111\u1ed9 b\u1ec1n v\u01b0\u1ee3t tr\u1ed9i, tu\u1ed5i th\u1ecd d\u00e0i h\u01a1n, chi ph\u00ed b\u1ea3o tr\u00ec th\u1ea5p h\u01a1n v\u00e0 l\u1ee3i t\u1ee9c \u0111\u1ea7u t\u01b0 nhanh nh\u1ea5t so v\u1edbi b\u1ea5t k\u1ef3 thi\u1ebft b\u1ecb h\u1ea5p th\u1ee5 nguy\u00ean t\u1eed ng\u1ecdn l\u1eeda n\u00e0o.<\/span><\/p>\n<p><span style=\"color: #000000;\">PinAAcle\u2122 500 mang l\u1ea1i \u0111\u1ed9 nh\u1ea1y v\u00e0 \u0111\u1ed9 ch\u00ednh x\u00e1c cao, c\u00f3 kh\u1ea3 n\u0103ng ph\u00e2n t\u00edch c\u00e1c m\u1eabu n\u1ed3ng \u0111\u1ed9 th\u1ea5p h\u01a1n nh\u01b0ng hi\u1ec7u qu\u1ea3 mang l\u1ea1i t\u01b0\u01a1ng t\u1ef1 v\u1edbi c\u00e1c\u00a0<a style=\"color: #000000;\" href=\"https:\/\/perkinelmervietnam.vn\/product-category\/phan-tich-nguyen-to\/quang-pho-hap-thu-nguyen-tu-aas\/\" target=\"_blank\" rel=\"noopener\">h\u1ec7 th\u1ed1ng AAS<\/a>\u00a0cao c\u1ea5p, cho \u0111\u1ed9 ch\u00ednh x\u00e1c cao h\u01a1n so v\u1edbi c\u00e1c thi\u1ebft b\u1ecb kh\u00e1c tr\u00ean th\u1ecb tr\u01b0\u1eddng.<\/span><\/p>","protected":false},"featured_media":668,"template":"","meta":{"inline_featured_image":false},"product_brand":[29],"product_cat":[16],"product_tag":[],"class_list":{"0":"post-666","1":"product","2":"type-product","3":"status-publish","4":"has-post-thumbnail","6":"product_brand-perkinelmer","7":"product_cat-sac-ky","9":"first","10":"instock","11":"shipping-taxable","12":"product-type-simple"},"yoast_head":"<!-- This site is optimized with the Yoast SEO plugin v24.7 - https:\/\/yoast.com\/wordpress\/plugins\/seo\/ -->\n<title>Quang ph\u1ed5 h\u1ea5p th\u1ee5 nguy\u00ean t\u1eed PinAACle 500 - HTI Scientific<\/title>\n<meta name=\"robots\" content=\"index, follow, max-snippet:-1, max-image-preview:large, max-video-preview:-1\" \/>\n<link rel=\"canonical\" href=\"https:\/\/htiscientific.vn\/en\/product\/quang-pho-hap-thu-nguyen-tu-pinaacle-500\/\" \/>\n<meta property=\"og:locale\" content=\"en_US\" \/>\n<meta property=\"og:type\" content=\"article\" \/>\n<meta property=\"og:title\" content=\"Quang ph\u1ed5 h\u1ea5p th\u1ee5 nguy\u00ean t\u1eed PinAACle 500 - HTI Scientific\" \/>\n<meta property=\"og:description\" content=\"M\u00e1y quang ph\u1ed5 h\u1ea5p th\u1ee5 nguy\u00ean t\u1eed\u00a0PinAAcle\u2122 500 l\u00e0 thi\u1ebft b\u1ecb ho\u00e0n to\u00e0n ch\u1ed1ng \u0103n m\u00f2n \u0111\u1ea7u ti\u00ean tr\u00ean th\u1ebf gi\u1edbi, \u0111\u01b0\u1ee3c thi\u1ebft k\u1ebf \u0111\u1ec3 ch\u1ecbu \u0111\u01b0\u1ee3c c\u00e1c m\u00f4i tr\u01b0\u1eddng kh\u1eafc nghi\u1ec7t nh\u1ea5t v\u00e0 h\u1ea7u h\u1ebft c\u00e1c m\u1eabu \u0103n m\u00f2n. Mang l\u1ea1i \u0111\u1ed9 b\u1ec1n v\u01b0\u1ee3t tr\u1ed9i, tu\u1ed5i th\u1ecd d\u00e0i h\u01a1n, chi ph\u00ed b\u1ea3o tr\u00ec th\u1ea5p h\u01a1n v\u00e0 l\u1ee3i t\u1ee9c \u0111\u1ea7u t\u01b0 nhanh nh\u1ea5t so v\u1edbi b\u1ea5t k\u1ef3 thi\u1ebft b\u1ecb h\u1ea5p th\u1ee5 nguy\u00ean t\u1eed ng\u1ecdn l\u1eeda n\u00e0o.  PinAAcle\u2122 500 mang l\u1ea1i \u0111\u1ed9 nh\u1ea1y v\u00e0 \u0111\u1ed9 ch\u00ednh x\u00e1c cao, c\u00f3 kh\u1ea3 n\u0103ng ph\u00e2n t\u00edch c\u00e1c m\u1eabu n\u1ed3ng \u0111\u1ed9 th\u1ea5p h\u01a1n nh\u01b0ng hi\u1ec7u qu\u1ea3 mang l\u1ea1i t\u01b0\u01a1ng t\u1ef1 v\u1edbi c\u00e1c\u00a0h\u1ec7 th\u1ed1ng AAS\u00a0cao c\u1ea5p, cho \u0111\u1ed9 ch\u00ednh x\u00e1c cao h\u01a1n so v\u1edbi c\u00e1c thi\u1ebft b\u1ecb kh\u00e1c tr\u00ean th\u1ecb tr\u01b0\u1eddng.\" \/>\n<meta property=\"og:url\" content=\"https:\/\/htiscientific.vn\/en\/product\/quang-pho-hap-thu-nguyen-tu-pinaacle-500\/\" \/>\n<meta property=\"og:site_name\" content=\"HTI Scientific\" \/>\n<meta property=\"article:publisher\" content=\"https:\/\/www.facebook.com\/htiscientific.vn\" \/>\n<meta property=\"article:modified_time\" content=\"2025-03-26T06:37:09+00:00\" \/>\n<meta property=\"og:image\" content=\"https:\/\/htiscientific.vn\/wp-content\/uploads\/2025\/03\/aas-500.png\" \/>\n\t<meta property=\"og:image:width\" content=\"1000\" \/>\n\t<meta property=\"og:image:height\" content=\"1000\" \/>\n\t<meta property=\"og:image:type\" content=\"image\/png\" \/>\n<meta name=\"twitter:card\" content=\"summary_large_image\" \/>\n<meta name=\"twitter:label1\" content=\"Est. reading time\" \/>\n\t<meta name=\"twitter:data1\" content=\"2 minutes\" \/>\n<script type=\"application\/ld+json\" class=\"yoast-schema-graph\">{\"@context\":\"https:\/\/schema.org\",\"@graph\":[{\"@type\":\"WebPage\",\"@id\":\"https:\/\/htiscientific.vn\/san-pham\/quang-pho-hap-thu-nguyen-tu-pinaacle-500\/\",\"url\":\"https:\/\/htiscientific.vn\/san-pham\/quang-pho-hap-thu-nguyen-tu-pinaacle-500\/\",\"name\":\"Quang ph\u1ed5 h\u1ea5p th\u1ee5 nguy\u00ean t\u1eed PinAACle 500 - HTI Scientific\",\"isPartOf\":{\"@id\":\"https:\/\/htiscientific.vn\/#website\"},\"primaryImageOfPage\":{\"@id\":\"https:\/\/htiscientific.vn\/san-pham\/quang-pho-hap-thu-nguyen-tu-pinaacle-500\/#primaryimage\"},\"image\":{\"@id\":\"https:\/\/htiscientific.vn\/san-pham\/quang-pho-hap-thu-nguyen-tu-pinaacle-500\/#primaryimage\"},\"thumbnailUrl\":\"https:\/\/htiscientific.vn\/wp-content\/uploads\/2025\/03\/aas-500.png\",\"datePublished\":\"2025-03-25T08:29:19+00:00\",\"dateModified\":\"2025-03-26T06:37:09+00:00\",\"breadcrumb\":{\"@id\":\"https:\/\/htiscientific.vn\/san-pham\/quang-pho-hap-thu-nguyen-tu-pinaacle-500\/#breadcrumb\"},\"inLanguage\":\"en-US\",\"potentialAction\":[{\"@type\":\"ReadAction\",\"target\":[\"https:\/\/htiscientific.vn\/san-pham\/quang-pho-hap-thu-nguyen-tu-pinaacle-500\/\"]}]},{\"@type\":\"ImageObject\",\"inLanguage\":\"en-US\",\"@id\":\"https:\/\/htiscientific.vn\/san-pham\/quang-pho-hap-thu-nguyen-tu-pinaacle-500\/#primaryimage\",\"url\":\"https:\/\/htiscientific.vn\/wp-content\/uploads\/2025\/03\/aas-500.png\",\"contentUrl\":\"https:\/\/htiscientific.vn\/wp-content\/uploads\/2025\/03\/aas-500.png\",\"width\":1000,\"height\":1000},{\"@type\":\"BreadcrumbList\",\"@id\":\"https:\/\/htiscientific.vn\/san-pham\/quang-pho-hap-thu-nguyen-tu-pinaacle-500\/#breadcrumb\",\"itemListElement\":[{\"@type\":\"ListItem\",\"position\":1,\"name\":\"Trang ch\u1ee7\",\"item\":\"https:\/\/htiscientific.vn\/\"},{\"@type\":\"ListItem\",\"position\":2,\"name\":\"C\u1eeda h\u00e0ng\",\"item\":\"https:\/\/htiscientific.vn\/cua-hang\/\"},{\"@type\":\"ListItem\",\"position\":3,\"name\":\"S\u1eafc ky\u0301\",\"item\":\"https:\/\/htiscientific.vn\/danh-muc-san-pham\/sac-ky\/\"},{\"@type\":\"ListItem\",\"position\":4,\"name\":\"Quang ph\u1ed5 h\u1ea5p th\u1ee5 nguy\u00ean t\u1eed PinAACle 500\"}]},{\"@type\":\"WebSite\",\"@id\":\"https:\/\/htiscientific.vn\/#website\",\"url\":\"https:\/\/htiscientific.vn\/\",\"name\":\"HTI Scientific\",\"description\":\"HTI Scientific\",\"publisher\":{\"@id\":\"https:\/\/htiscientific.vn\/#organization\"},\"potentialAction\":[{\"@type\":\"SearchAction\",\"target\":{\"@type\":\"EntryPoint\",\"urlTemplate\":\"https:\/\/htiscientific.vn\/?s={search_term_string}\"},\"query-input\":{\"@type\":\"PropertyValueSpecification\",\"valueRequired\":true,\"valueName\":\"search_term_string\"}}],\"inLanguage\":\"en-US\"},{\"@type\":\"Organization\",\"@id\":\"https:\/\/htiscientific.vn\/#organization\",\"name\":\"HTI Scientific\",\"alternateName\":\"HTI Scientific\",\"url\":\"https:\/\/htiscientific.vn\/\",\"logo\":{\"@type\":\"ImageObject\",\"inLanguage\":\"en-US\",\"@id\":\"https:\/\/htiscientific.vn\/#\/schema\/logo\/image\/\",\"url\":\"https:\/\/htiscientific.vn\/wp-content\/uploads\/2025\/03\/ava-hti-copy.jpg\",\"contentUrl\":\"https:\/\/htiscientific.vn\/wp-content\/uploads\/2025\/03\/ava-hti-copy.jpg\",\"width\":700,\"height\":450,\"caption\":\"HTI Scientific\"},\"image\":{\"@id\":\"https:\/\/htiscientific.vn\/#\/schema\/logo\/image\/\"},\"sameAs\":[\"https:\/\/www.facebook.com\/htiscientific.vn\"]}]}<\/script>\n<!-- \/ Yoast SEO plugin. -->","yoast_head_json":{"title":"Quang ph\u1ed5 h\u1ea5p th\u1ee5 nguy\u00ean t\u1eed PinAACle 500 - HTI Scientific","robots":{"index":"index","follow":"follow","max-snippet":"max-snippet:-1","max-image-preview":"max-image-preview:large","max-video-preview":"max-video-preview:-1"},"canonical":"https:\/\/htiscientific.vn\/en\/product\/quang-pho-hap-thu-nguyen-tu-pinaacle-500\/","og_locale":"en_US","og_type":"article","og_title":"Quang ph\u1ed5 h\u1ea5p th\u1ee5 nguy\u00ean t\u1eed PinAACle 500 - HTI Scientific","og_description":"M\u00e1y quang ph\u1ed5 h\u1ea5p th\u1ee5 nguy\u00ean t\u1eed\u00a0PinAAcle\u2122 500 l\u00e0 thi\u1ebft b\u1ecb ho\u00e0n to\u00e0n ch\u1ed1ng \u0103n m\u00f2n \u0111\u1ea7u ti\u00ean tr\u00ean th\u1ebf gi\u1edbi, \u0111\u01b0\u1ee3c thi\u1ebft k\u1ebf \u0111\u1ec3 ch\u1ecbu \u0111\u01b0\u1ee3c c\u00e1c m\u00f4i tr\u01b0\u1eddng kh\u1eafc nghi\u1ec7t nh\u1ea5t v\u00e0 h\u1ea7u h\u1ebft c\u00e1c m\u1eabu \u0103n m\u00f2n. Mang l\u1ea1i \u0111\u1ed9 b\u1ec1n v\u01b0\u1ee3t tr\u1ed9i, tu\u1ed5i th\u1ecd d\u00e0i h\u01a1n, chi ph\u00ed b\u1ea3o tr\u00ec th\u1ea5p h\u01a1n v\u00e0 l\u1ee3i t\u1ee9c \u0111\u1ea7u t\u01b0 nhanh nh\u1ea5t so v\u1edbi b\u1ea5t k\u1ef3 thi\u1ebft b\u1ecb h\u1ea5p th\u1ee5 nguy\u00ean t\u1eed ng\u1ecdn l\u1eeda n\u00e0o.  PinAAcle\u2122 500 mang l\u1ea1i \u0111\u1ed9 nh\u1ea1y v\u00e0 \u0111\u1ed9 ch\u00ednh x\u00e1c cao, c\u00f3 kh\u1ea3 n\u0103ng ph\u00e2n t\u00edch c\u00e1c m\u1eabu n\u1ed3ng \u0111\u1ed9 th\u1ea5p h\u01a1n nh\u01b0ng hi\u1ec7u qu\u1ea3 mang l\u1ea1i t\u01b0\u01a1ng t\u1ef1 v\u1edbi c\u00e1c\u00a0h\u1ec7 th\u1ed1ng AAS\u00a0cao c\u1ea5p, cho \u0111\u1ed9 ch\u00ednh x\u00e1c cao h\u01a1n so v\u1edbi c\u00e1c thi\u1ebft b\u1ecb kh\u00e1c tr\u00ean th\u1ecb tr\u01b0\u1eddng.","og_url":"https:\/\/htiscientific.vn\/en\/product\/quang-pho-hap-thu-nguyen-tu-pinaacle-500\/","og_site_name":"HTI Scientific","article_publisher":"https:\/\/www.facebook.com\/htiscientific.vn","article_modified_time":"2025-03-26T06:37:09+00:00","og_image":[{"width":1000,"height":1000,"url":"https:\/\/htiscientific.vn\/wp-content\/uploads\/2025\/03\/aas-500.png","type":"image\/png"}],"twitter_card":"summary_large_image","twitter_misc":{"Est. reading time":"2 minutes"},"schema":{"@context":"https:\/\/schema.org","@graph":[{"@type":"WebPage","@id":"https:\/\/htiscientific.vn\/san-pham\/quang-pho-hap-thu-nguyen-tu-pinaacle-500\/","url":"https:\/\/htiscientific.vn\/san-pham\/quang-pho-hap-thu-nguyen-tu-pinaacle-500\/","name":"Quang ph\u1ed5 h\u1ea5p th\u1ee5 nguy\u00ean t\u1eed PinAACle 500 - HTI Scientific","isPartOf":{"@id":"https:\/\/htiscientific.vn\/#website"},"primaryImageOfPage":{"@id":"https:\/\/htiscientific.vn\/san-pham\/quang-pho-hap-thu-nguyen-tu-pinaacle-500\/#primaryimage"},"image":{"@id":"https:\/\/htiscientific.vn\/san-pham\/quang-pho-hap-thu-nguyen-tu-pinaacle-500\/#primaryimage"},"thumbnailUrl":"https:\/\/htiscientific.vn\/wp-content\/uploads\/2025\/03\/aas-500.png","datePublished":"2025-03-25T08:29:19+00:00","dateModified":"2025-03-26T06:37:09+00:00","breadcrumb":{"@id":"https:\/\/htiscientific.vn\/san-pham\/quang-pho-hap-thu-nguyen-tu-pinaacle-500\/#breadcrumb"},"inLanguage":"en-US","potentialAction":[{"@type":"ReadAction","target":["https:\/\/htiscientific.vn\/san-pham\/quang-pho-hap-thu-nguyen-tu-pinaacle-500\/"]}]},{"@type":"ImageObject","inLanguage":"en-US","@id":"https:\/\/htiscientific.vn\/san-pham\/quang-pho-hap-thu-nguyen-tu-pinaacle-500\/#primaryimage","url":"https:\/\/htiscientific.vn\/wp-content\/uploads\/2025\/03\/aas-500.png","contentUrl":"https:\/\/htiscientific.vn\/wp-content\/uploads\/2025\/03\/aas-500.png","width":1000,"height":1000},{"@type":"BreadcrumbList","@id":"https:\/\/htiscientific.vn\/san-pham\/quang-pho-hap-thu-nguyen-tu-pinaacle-500\/#breadcrumb","itemListElement":[{"@type":"ListItem","position":1,"name":"Trang ch\u1ee7","item":"https:\/\/htiscientific.vn\/"},{"@type":"ListItem","position":2,"name":"C\u1eeda h\u00e0ng","item":"https:\/\/htiscientific.vn\/cua-hang\/"},{"@type":"ListItem","position":3,"name":"S\u1eafc ky\u0301","item":"https:\/\/htiscientific.vn\/danh-muc-san-pham\/sac-ky\/"},{"@type":"ListItem","position":4,"name":"Quang ph\u1ed5 h\u1ea5p th\u1ee5 nguy\u00ean t\u1eed PinAACle 500"}]},{"@type":"WebSite","@id":"https:\/\/htiscientific.vn\/#website","url":"https:\/\/htiscientific.vn\/","name":"HTI Scientific","description":"HTI Scientific","publisher":{"@id":"https:\/\/htiscientific.vn\/#organization"},"potentialAction":[{"@type":"SearchAction","target":{"@type":"EntryPoint","urlTemplate":"https:\/\/htiscientific.vn\/?s={search_term_string}"},"query-input":{"@type":"PropertyValueSpecification","valueRequired":true,"valueName":"search_term_string"}}],"inLanguage":"en-US"},{"@type":"Organization","@id":"https:\/\/htiscientific.vn\/#organization","name":"HTI Scientific","alternateName":"HTI Scientific","url":"https:\/\/htiscientific.vn\/","logo":{"@type":"ImageObject","inLanguage":"en-US","@id":"https:\/\/htiscientific.vn\/#\/schema\/logo\/image\/","url":"https:\/\/htiscientific.vn\/wp-content\/uploads\/2025\/03\/ava-hti-copy.jpg","contentUrl":"https:\/\/htiscientific.vn\/wp-content\/uploads\/2025\/03\/ava-hti-copy.jpg","width":700,"height":450,"caption":"HTI Scientific"},"image":{"@id":"https:\/\/htiscientific.vn\/#\/schema\/logo\/image\/"},"sameAs":["https:\/\/www.facebook.com\/htiscientific.vn"]}]}},"_links":{"self":[{"href":"https:\/\/htiscientific.vn\/en\/wp-json\/wp\/v2\/product\/666","targetHints":{"allow":["GET"]}}],"collection":[{"href":"https:\/\/htiscientific.vn\/en\/wp-json\/wp\/v2\/product"}],"about":[{"href":"https:\/\/htiscientific.vn\/en\/wp-json\/wp\/v2\/types\/product"}],"wp:featuredmedia":[{"embeddable":true,"href":"https:\/\/htiscientific.vn\/en\/wp-json\/wp\/v2\/media\/668"}],"wp:attachment":[{"href":"https:\/\/htiscientific.vn\/en\/wp-json\/wp\/v2\/media?parent=666"}],"wp:term":[{"taxonomy":"product_brand","embeddable":true,"href":"https:\/\/htiscientific.vn\/en\/wp-json\/wp\/v2\/product_brand?post=666"},{"taxonomy":"product_cat","embeddable":true,"href":"https:\/\/htiscientific.vn\/en\/wp-json\/wp\/v2\/product_cat?post=666"},{"taxonomy":"product_tag","embeddable":true,"href":"https:\/\/htiscientific.vn\/en\/wp-json\/wp\/v2\/product_tag?post=666"}],"curies":[{"name":"wp","href":"https:\/\/api.w.org\/{rel}","templated":true}]}}