{"id":243,"date":"2025-03-22T17:16:32","date_gmt":"2025-03-22T10:16:32","guid":{"rendered":"https:\/\/htiscientific.vn\/?post_type=product&#038;p=243"},"modified":"2025-03-26T13:30:55","modified_gmt":"2025-03-26T06:30:55","slug":"he-thong-sac-ky-khi-gc-2400","status":"publish","type":"product","link":"https:\/\/htiscientific.vn\/en\/product\/he-thong-sac-ky-khi-gc-2400\/","title":{"rendered":"GC 2400 Gas Chromatography System"},"content":{"rendered":"<p><strong>Th\u00f4ng tin s\u1ea3n ph\u1ea9m:<\/strong><br \/>\n&#8211; T\u00ean s\u1ea3n ph\u1ea9m: H\u1ec7 th\u1ed1ng GC-MS 2400<br \/>\n&#8211; Th\u01b0\u01a1ng hi\u1ec7u: PerkinElmer<br \/>\n&#8211; S\u1ea3n xu\u1ea5t t\u1ea1i: M\u1ef9<\/p>\n<p><strong>Gi\u1edbi thi\u1ec7u s\u1ea3n ph\u1ea9m:<\/strong><br \/>\n\u0110\u01b0\u1ee3c thi\u1ebft k\u1ebf \u0111\u1ec3 gi\u1ea3i quy\u1ebft v\u1ea5n \u0111\u1ec1 n\u0103ng su\u1ea5t ph\u00f2ng th\u00ed nghi\u1ec7m ph\u00e2n t\u00edch hi\u1ec7n \u0111\u1ea1i, ph\u1ea7n giao di\u1ec7n v\u1edbi ng\u01b0\u1eddi d\u00f9ng s\u1ebd t\u1ed5ng h\u1ee3p v\u00e0 cung c\u1ea5p th\u00f4ng tin tr\u1ea1ng th\u00e1i tr\u1ef1c ti\u1ebfp tr\u00ean c\u00e1c \u0111\u1ea7u d\u00f2 GC tr\u00ean c\u1ea5u h\u00ecnh kh\u00e1c nhau v\u00e0 c\u00e1c ph\u1ee5 ki\u1ec7n l\u1ea5y m\u1eabu, \u0111\u01b0\u1ee3c s\u1eed d\u1ee5ng m\u1ed9t m\u00e0n h\u00ecnh duy nh\u1ea5t. \u0110\u01b0\u1ee3c qu\u1ea3n l\u00fd b\u1edfi Ph\u1ea7n m\u1ec1m H\u1ec7 th\u1ed1ng d\u1eef li\u1ec7u s\u1eafc k\u00fd (CDS) SimplicityChrom\u2122 c\u1ee7a PerkinElmer, H\u1ec7 th\u1ed1ng kh\u1ed1i ph\u1ed5 MS 2400 SQ l\u00e0 m\u1ed9t ph\u1ea7n kh\u00f4ng th\u1ec3 thi\u1ebfu c\u1ee7a quy tr\u00ecnh l\u00e0m vi\u1ec7c GC to\u00e0n di\u1ec7n.<\/p>\n<p><strong><a href=\"https:\/\/perkinelmervietnam.vn\/product\/he-thong-gcms-2400\/\">https:\/\/perkinelmervietnam.vn\/product\/he-thong-gcms-2400\/<\/a><\/strong><\/p>","protected":false},"excerpt":{"rendered":"<p>H\u1ec7 th\u1ed1ng GCMS 2400 gi\u00fap c\u00e1c ph\u00f2ng th\u00ed nghi\u1ec7m c\u00f3 m\u1ed9t gi\u1ea3i ph\u00e1p m\u1ea1nh m\u1ebd mang l\u1ea1i c\u1ea3 s\u1ef1 \u1ed5n \u0111\u1ecbnh v\u00e0 gi\u1edbi h\u1ea1n ph\u00e1t hi\u1ec7n c\u1ef1c th\u1ea5p. \u0110\u01b0\u1ee3c thi\u1ebft k\u1ebf l\u00e0 thi\u1ebft b\u1ecb kh\u1ed1i ph\u1ed5 t\u1ee9 c\u1ef1c ti\u00ean ti\u1ebfn, ph\u00e2n t\u00edch nhanh.<\/p>\n<p>Model: <strong>AAAAAAA<\/strong><\/p>","protected":false},"featured_media":250,"template":"","meta":{"inline_featured_image":false},"product_brand":[29],"product_cat":[16],"product_tag":[],"class_list":{"0":"post-243","1":"product","2":"type-product","3":"status-publish","4":"has-post-thumbnail","6":"product_brand-perkinelmer","7":"product_cat-sac-ky","9":"first","10":"instock","11":"shipping-taxable","12":"product-type-simple"},"yoast_head":"<!-- This site is optimized with the Yoast SEO plugin v24.7 - https:\/\/yoast.com\/wordpress\/plugins\/seo\/ -->\n<title>H\u00ea\u0323 th\u00f4\u0301ng s\u0103\u0301c ky\u0301 khi\u0301 GC 2400 - HTI Scientific<\/title>\n<meta name=\"robots\" content=\"index, follow, max-snippet:-1, max-image-preview:large, max-video-preview:-1\" \/>\n<link rel=\"canonical\" href=\"https:\/\/htiscientific.vn\/en\/product\/he-thong-sac-ky-khi-gc-2400\/\" \/>\n<meta property=\"og:locale\" content=\"en_US\" \/>\n<meta property=\"og:type\" content=\"article\" \/>\n<meta property=\"og:title\" content=\"H\u00ea\u0323 th\u00f4\u0301ng s\u0103\u0301c ky\u0301 khi\u0301 GC 2400 - HTI Scientific\" \/>\n<meta property=\"og:description\" content=\"H\u1ec7 th\u1ed1ng GCMS 2400 gi\u00fap c\u00e1c ph\u00f2ng th\u00ed nghi\u1ec7m c\u00f3 m\u1ed9t gi\u1ea3i ph\u00e1p m\u1ea1nh m\u1ebd mang l\u1ea1i c\u1ea3 s\u1ef1 \u1ed5n \u0111\u1ecbnh v\u00e0 gi\u1edbi h\u1ea1n ph\u00e1t hi\u1ec7n c\u1ef1c th\u1ea5p. \u0110\u01b0\u1ee3c thi\u1ebft k\u1ebf l\u00e0 thi\u1ebft b\u1ecb kh\u1ed1i ph\u1ed5 t\u1ee9 c\u1ef1c ti\u00ean ti\u1ebfn, ph\u00e2n t\u00edch nhanh.  Model: AAAAAAA\" \/>\n<meta property=\"og:url\" content=\"https:\/\/htiscientific.vn\/en\/product\/he-thong-sac-ky-khi-gc-2400\/\" \/>\n<meta property=\"og:site_name\" content=\"HTI Scientific\" \/>\n<meta property=\"article:publisher\" content=\"https:\/\/www.facebook.com\/htiscientific.vn\" \/>\n<meta property=\"article:modified_time\" content=\"2025-03-26T06:30:55+00:00\" \/>\n<meta property=\"og:image\" content=\"https:\/\/htiscientific.vn\/wp-content\/uploads\/2025\/03\/gc-2400-1000x1000-1.jpg\" \/>\n\t<meta property=\"og:image:width\" content=\"1000\" \/>\n\t<meta property=\"og:image:height\" content=\"1000\" \/>\n\t<meta property=\"og:image:type\" content=\"image\/jpeg\" \/>\n<meta name=\"twitter:card\" content=\"summary_large_image\" \/>\n<meta name=\"twitter:label1\" content=\"Est. reading time\" \/>\n\t<meta name=\"twitter:data1\" content=\"1 minute\" \/>\n<script type=\"application\/ld+json\" class=\"yoast-schema-graph\">{\"@context\":\"https:\/\/schema.org\",\"@graph\":[{\"@type\":\"WebPage\",\"@id\":\"https:\/\/htiscientific.vn\/san-pham\/he-thong-sac-ky-khi-gc-2400\/\",\"url\":\"https:\/\/htiscientific.vn\/san-pham\/he-thong-sac-ky-khi-gc-2400\/\",\"name\":\"H\u00ea\u0323 th\u00f4\u0301ng s\u0103\u0301c ky\u0301 khi\u0301 GC 2400 - HTI Scientific\",\"isPartOf\":{\"@id\":\"https:\/\/htiscientific.vn\/#website\"},\"primaryImageOfPage\":{\"@id\":\"https:\/\/htiscientific.vn\/san-pham\/he-thong-sac-ky-khi-gc-2400\/#primaryimage\"},\"image\":{\"@id\":\"https:\/\/htiscientific.vn\/san-pham\/he-thong-sac-ky-khi-gc-2400\/#primaryimage\"},\"thumbnailUrl\":\"https:\/\/htiscientific.vn\/wp-content\/uploads\/2025\/03\/gc-2400-1000x1000-1.jpg\",\"datePublished\":\"2025-03-22T10:16:32+00:00\",\"dateModified\":\"2025-03-26T06:30:55+00:00\",\"breadcrumb\":{\"@id\":\"https:\/\/htiscientific.vn\/san-pham\/he-thong-sac-ky-khi-gc-2400\/#breadcrumb\"},\"inLanguage\":\"en-US\",\"potentialAction\":[{\"@type\":\"ReadAction\",\"target\":[\"https:\/\/htiscientific.vn\/san-pham\/he-thong-sac-ky-khi-gc-2400\/\"]}]},{\"@type\":\"ImageObject\",\"inLanguage\":\"en-US\",\"@id\":\"https:\/\/htiscientific.vn\/san-pham\/he-thong-sac-ky-khi-gc-2400\/#primaryimage\",\"url\":\"https:\/\/htiscientific.vn\/wp-content\/uploads\/2025\/03\/gc-2400-1000x1000-1.jpg\",\"contentUrl\":\"https:\/\/htiscientific.vn\/wp-content\/uploads\/2025\/03\/gc-2400-1000x1000-1.jpg\",\"width\":1000,\"height\":1000},{\"@type\":\"BreadcrumbList\",\"@id\":\"https:\/\/htiscientific.vn\/san-pham\/he-thong-sac-ky-khi-gc-2400\/#breadcrumb\",\"itemListElement\":[{\"@type\":\"ListItem\",\"position\":1,\"name\":\"Trang ch\u1ee7\",\"item\":\"https:\/\/htiscientific.vn\/\"},{\"@type\":\"ListItem\",\"position\":2,\"name\":\"C\u1eeda h\u00e0ng\",\"item\":\"https:\/\/htiscientific.vn\/cua-hang\/\"},{\"@type\":\"ListItem\",\"position\":3,\"name\":\"S\u1eafc ky\u0301\",\"item\":\"https:\/\/htiscientific.vn\/danh-muc-san-pham\/sac-ky\/\"},{\"@type\":\"ListItem\",\"position\":4,\"name\":\"H\u00ea\u0323 th\u00f4\u0301ng s\u0103\u0301c ky\u0301 khi\u0301 GC 2400\"}]},{\"@type\":\"WebSite\",\"@id\":\"https:\/\/htiscientific.vn\/#website\",\"url\":\"https:\/\/htiscientific.vn\/\",\"name\":\"HTI Scientific\",\"description\":\"HTI Scientific\",\"publisher\":{\"@id\":\"https:\/\/htiscientific.vn\/#organization\"},\"potentialAction\":[{\"@type\":\"SearchAction\",\"target\":{\"@type\":\"EntryPoint\",\"urlTemplate\":\"https:\/\/htiscientific.vn\/?s={search_term_string}\"},\"query-input\":{\"@type\":\"PropertyValueSpecification\",\"valueRequired\":true,\"valueName\":\"search_term_string\"}}],\"inLanguage\":\"en-US\"},{\"@type\":\"Organization\",\"@id\":\"https:\/\/htiscientific.vn\/#organization\",\"name\":\"HTI Scientific\",\"alternateName\":\"HTI Scientific\",\"url\":\"https:\/\/htiscientific.vn\/\",\"logo\":{\"@type\":\"ImageObject\",\"inLanguage\":\"en-US\",\"@id\":\"https:\/\/htiscientific.vn\/#\/schema\/logo\/image\/\",\"url\":\"https:\/\/htiscientific.vn\/wp-content\/uploads\/2025\/03\/ava-hti-copy.jpg\",\"contentUrl\":\"https:\/\/htiscientific.vn\/wp-content\/uploads\/2025\/03\/ava-hti-copy.jpg\",\"width\":700,\"height\":450,\"caption\":\"HTI Scientific\"},\"image\":{\"@id\":\"https:\/\/htiscientific.vn\/#\/schema\/logo\/image\/\"},\"sameAs\":[\"https:\/\/www.facebook.com\/htiscientific.vn\"]}]}<\/script>\n<!-- \/ Yoast SEO plugin. -->","yoast_head_json":{"title":"H\u00ea\u0323 th\u00f4\u0301ng s\u0103\u0301c ky\u0301 khi\u0301 GC 2400 - HTI Scientific","robots":{"index":"index","follow":"follow","max-snippet":"max-snippet:-1","max-image-preview":"max-image-preview:large","max-video-preview":"max-video-preview:-1"},"canonical":"https:\/\/htiscientific.vn\/en\/product\/he-thong-sac-ky-khi-gc-2400\/","og_locale":"en_US","og_type":"article","og_title":"H\u00ea\u0323 th\u00f4\u0301ng s\u0103\u0301c ky\u0301 khi\u0301 GC 2400 - HTI Scientific","og_description":"H\u1ec7 th\u1ed1ng GCMS 2400 gi\u00fap c\u00e1c ph\u00f2ng th\u00ed nghi\u1ec7m c\u00f3 m\u1ed9t gi\u1ea3i ph\u00e1p m\u1ea1nh m\u1ebd mang l\u1ea1i c\u1ea3 s\u1ef1 \u1ed5n \u0111\u1ecbnh v\u00e0 gi\u1edbi h\u1ea1n ph\u00e1t hi\u1ec7n c\u1ef1c th\u1ea5p. \u0110\u01b0\u1ee3c thi\u1ebft k\u1ebf l\u00e0 thi\u1ebft b\u1ecb kh\u1ed1i ph\u1ed5 t\u1ee9 c\u1ef1c ti\u00ean ti\u1ebfn, ph\u00e2n t\u00edch nhanh.  Model: AAAAAAA","og_url":"https:\/\/htiscientific.vn\/en\/product\/he-thong-sac-ky-khi-gc-2400\/","og_site_name":"HTI Scientific","article_publisher":"https:\/\/www.facebook.com\/htiscientific.vn","article_modified_time":"2025-03-26T06:30:55+00:00","og_image":[{"width":1000,"height":1000,"url":"https:\/\/htiscientific.vn\/wp-content\/uploads\/2025\/03\/gc-2400-1000x1000-1.jpg","type":"image\/jpeg"}],"twitter_card":"summary_large_image","twitter_misc":{"Est. reading time":"1 minute"},"schema":{"@context":"https:\/\/schema.org","@graph":[{"@type":"WebPage","@id":"https:\/\/htiscientific.vn\/san-pham\/he-thong-sac-ky-khi-gc-2400\/","url":"https:\/\/htiscientific.vn\/san-pham\/he-thong-sac-ky-khi-gc-2400\/","name":"H\u00ea\u0323 th\u00f4\u0301ng s\u0103\u0301c ky\u0301 khi\u0301 GC 2400 - HTI Scientific","isPartOf":{"@id":"https:\/\/htiscientific.vn\/#website"},"primaryImageOfPage":{"@id":"https:\/\/htiscientific.vn\/san-pham\/he-thong-sac-ky-khi-gc-2400\/#primaryimage"},"image":{"@id":"https:\/\/htiscientific.vn\/san-pham\/he-thong-sac-ky-khi-gc-2400\/#primaryimage"},"thumbnailUrl":"https:\/\/htiscientific.vn\/wp-content\/uploads\/2025\/03\/gc-2400-1000x1000-1.jpg","datePublished":"2025-03-22T10:16:32+00:00","dateModified":"2025-03-26T06:30:55+00:00","breadcrumb":{"@id":"https:\/\/htiscientific.vn\/san-pham\/he-thong-sac-ky-khi-gc-2400\/#breadcrumb"},"inLanguage":"en-US","potentialAction":[{"@type":"ReadAction","target":["https:\/\/htiscientific.vn\/san-pham\/he-thong-sac-ky-khi-gc-2400\/"]}]},{"@type":"ImageObject","inLanguage":"en-US","@id":"https:\/\/htiscientific.vn\/san-pham\/he-thong-sac-ky-khi-gc-2400\/#primaryimage","url":"https:\/\/htiscientific.vn\/wp-content\/uploads\/2025\/03\/gc-2400-1000x1000-1.jpg","contentUrl":"https:\/\/htiscientific.vn\/wp-content\/uploads\/2025\/03\/gc-2400-1000x1000-1.jpg","width":1000,"height":1000},{"@type":"BreadcrumbList","@id":"https:\/\/htiscientific.vn\/san-pham\/he-thong-sac-ky-khi-gc-2400\/#breadcrumb","itemListElement":[{"@type":"ListItem","position":1,"name":"Trang ch\u1ee7","item":"https:\/\/htiscientific.vn\/"},{"@type":"ListItem","position":2,"name":"C\u1eeda h\u00e0ng","item":"https:\/\/htiscientific.vn\/cua-hang\/"},{"@type":"ListItem","position":3,"name":"S\u1eafc ky\u0301","item":"https:\/\/htiscientific.vn\/danh-muc-san-pham\/sac-ky\/"},{"@type":"ListItem","position":4,"name":"H\u00ea\u0323 th\u00f4\u0301ng s\u0103\u0301c ky\u0301 khi\u0301 GC 2400"}]},{"@type":"WebSite","@id":"https:\/\/htiscientific.vn\/#website","url":"https:\/\/htiscientific.vn\/","name":"HTI Scientific","description":"HTI Scientific","publisher":{"@id":"https:\/\/htiscientific.vn\/#organization"},"potentialAction":[{"@type":"SearchAction","target":{"@type":"EntryPoint","urlTemplate":"https:\/\/htiscientific.vn\/?s={search_term_string}"},"query-input":{"@type":"PropertyValueSpecification","valueRequired":true,"valueName":"search_term_string"}}],"inLanguage":"en-US"},{"@type":"Organization","@id":"https:\/\/htiscientific.vn\/#organization","name":"HTI Scientific","alternateName":"HTI Scientific","url":"https:\/\/htiscientific.vn\/","logo":{"@type":"ImageObject","inLanguage":"en-US","@id":"https:\/\/htiscientific.vn\/#\/schema\/logo\/image\/","url":"https:\/\/htiscientific.vn\/wp-content\/uploads\/2025\/03\/ava-hti-copy.jpg","contentUrl":"https:\/\/htiscientific.vn\/wp-content\/uploads\/2025\/03\/ava-hti-copy.jpg","width":700,"height":450,"caption":"HTI Scientific"},"image":{"@id":"https:\/\/htiscientific.vn\/#\/schema\/logo\/image\/"},"sameAs":["https:\/\/www.facebook.com\/htiscientific.vn"]}]}},"_links":{"self":[{"href":"https:\/\/htiscientific.vn\/en\/wp-json\/wp\/v2\/product\/243","targetHints":{"allow":["GET"]}}],"collection":[{"href":"https:\/\/htiscientific.vn\/en\/wp-json\/wp\/v2\/product"}],"about":[{"href":"https:\/\/htiscientific.vn\/en\/wp-json\/wp\/v2\/types\/product"}],"wp:featuredmedia":[{"embeddable":true,"href":"https:\/\/htiscientific.vn\/en\/wp-json\/wp\/v2\/media\/250"}],"wp:attachment":[{"href":"https:\/\/htiscientific.vn\/en\/wp-json\/wp\/v2\/media?parent=243"}],"wp:term":[{"taxonomy":"product_brand","embeddable":true,"href":"https:\/\/htiscientific.vn\/en\/wp-json\/wp\/v2\/product_brand?post=243"},{"taxonomy":"product_cat","embeddable":true,"href":"https:\/\/htiscientific.vn\/en\/wp-json\/wp\/v2\/product_cat?post=243"},{"taxonomy":"product_tag","embeddable":true,"href":"https:\/\/htiscientific.vn\/en\/wp-json\/wp\/v2\/product_tag?post=243"}],"curies":[{"name":"wp","href":"https:\/\/api.w.org\/{rel}","templated":true}]}}