{"id":2317,"date":"2026-04-20T10:56:16","date_gmt":"2026-04-20T03:56:16","guid":{"rendered":"https:\/\/htiscientific.vn\/?post_type=product&#038;p=2317"},"modified":"2026-04-20T13:34:11","modified_gmt":"2026-04-20T06:34:11","slug":"he-thong-kinh-hien-vi-hong-ngoai-spotlight-aurora","status":"publish","type":"product","link":"https:\/\/htiscientific.vn\/en\/product\/he-thong-kinh-hien-vi-hong-ngoai-spotlight-aurora\/","title":{"rendered":"Spotlight Aurora FTIR Microscope"},"content":{"rendered":"<p><span style=\"font-weight: 400;\">Spotlight Aurora <a href=\"https:\/\/htiscientific.vn\/en\/product-category\/quang-pho-phan-tu\/quang-pho-hong-ngoai-ftir\/\">FTIR<\/a> The award-winning Spotlight\u2122 Aurora FTIR Microscope is built to solve your toughest analytical challenges \u2013 reducing sample exploration from hours to minutes by delivering rapid, reproducible insights for material characterization, contaminant identification, and QA\/QC workflows.<\/span><\/p>\n<p><span style=\"font-weight: 400;\">Whether you're dealing with variability in sample size, shape, or composition, or racing against time to deliver reliable results, Spotlight Aurora simplifies FTIR microscopy with advanced automation, real-time spectral matching, and high-sensitivity ATR performance \u2013 all while minimizing compliance risk.<\/span><\/p>\n<h3>Key specifications:<\/h3>\n<ul>\n<li style=\"font-weight: 400;\" aria-level=\"1\"><b>Unknown Sample Handling Made Easy<\/b><b><br \/>\n<\/b><span style=\"font-weight: 400;\">With next-generation widefield and high-definition imaging, adaptive image correction and depth tuning, the Spotlight Aurora allows fast visual exploration of irregular or complex samples, reducing guesswork in sample targeting.<\/span><\/li>\n<li style=\"font-weight: 400;\" aria-level=\"1\"><b>Faster Insights Without Compromising Accuracy<\/b><b><br \/>\n<\/b><span style=\"font-weight: 400;\">Reduce time-to-result by up to 90% with faster survey modes, automated contaminant recognition and assisted workflows to speed results \u2013 without sacrificing data quality and precision.<\/span><\/li>\n<li style=\"font-weight: 400;\" aria-level=\"1\"><b>Save Time and Money with Intuitive Automation<\/b><b><br \/>\n<\/b><span style=\"font-weight: 400;\">Save up to 1,139 hours or $57,000 annually through editable, guided workflows, auto-sample loading, and consistent, operator-independent analysis.\u00a0<\/span><\/li>\n<li style=\"font-weight: 400;\" aria-level=\"1\"><b>Built-In Compliance Confidence<\/b><b><br \/>\n<\/b><span style=\"font-weight: 400;\">Distortion-free ATR measurements, automated operation, and validation tools reduce the risk of releasing non-conforming products, protecting your brand, compliance status, and bottom line.<\/span><\/li>\n<\/ul>\n<p><span style=\"font-weight: 400;\">Spotlight Aurora k\u1ebft h\u1ee3p <\/span><b>t\u1ed1c \u0111\u1ed9, \u0111\u1ed9 ch\u00ednh x\u00e1c v\u00e0 t\u00ednh d\u1ec5 s\u1eed d\u1ee5ng<\/b><span style=\"font-weight: 400;\"> Spotlight Aurora combines speed, precision, and usability in one advanced FTIR microscopy platform. From automated sampling and spectral matching to workflow consistency and regulatory confidence, it empowers your lab to deliver faster decisions, cleaner data, and lower operational costs. <\/span><b>quy\u1ebft \u0111\u1ecbnh nhanh h\u01a1n, d\u1eef li\u1ec7u s\u1ea1ch h\u01a1n v\u00e0 chi ph\u00ed v\u1eadn h\u00e0nh th\u1ea5p h\u01a1n<\/b><span style=\"font-weight: 400;\">.<\/span><\/p>\n<h3>Technical specifications<\/h3>\n<ul>\n<li style=\"font-weight: 400;\" aria-level=\"1\"><b>Brand name<\/b><span style=\"font-weight: 400;\"> Spotlight<\/span><\/li>\n<li style=\"font-weight: 400;\" aria-level=\"1\"><b>Depth<\/b><span style=\"font-weight: 400;\"> 67 cm (26&#8243;)<\/span><\/li>\n<li style=\"font-weight: 400;\" aria-level=\"1\"><b>Height<\/b>\n<ul>\n<li style=\"font-weight: 400;\" aria-level=\"2\"><span style=\"font-weight: 400;\">Detector Lid Closed: 53 cm (21\u2033)<\/span><\/li>\n<li style=\"font-weight: 400;\" aria-level=\"2\"><span style=\"font-weight: 400;\">Detector Lid Open: 73 cm (29\u2033)<\/span><\/li>\n<\/ul>\n<\/li>\n<li style=\"font-weight: 400;\" aria-level=\"1\"><b>Width<\/b><span style=\"font-weight: 400;\"> 43 cm (17&#8243;)<\/span><\/li>\n<li style=\"font-weight: 400;\" aria-level=\"1\"><b>Weight<\/b><span style=\"font-weight: 400;\"> 48,5 kg (107 lbs)<\/span><\/li>\n<\/ul>","protected":false},"excerpt":{"rendered":"<p><span style=\"font-weight: 400;\">The Avio\u00ae 3000, the latest extension of PerkinElmer\u2019s ICP-OES portfolio, redefines true simultaneous ICP-OES, delivering high speed of analysis and accurate, defensible data\u2014every run, every day\u2014while keeping operational costs under control. This is thanks to the combination of next-generation patented technologies (new HeliPlate\u2122 plasma technology, new cutting-edge optical system with UV Boost capability, new 3rd generation detector, no chiller required) seamlessly integrated with field-proven ones to deliver unrivaled ICP-OES performance with the lowest operating costs.<\/span><\/p>","protected":false},"featured_media":2321,"template":"","meta":{"inline_featured_image":false},"product_brand":[29],"product_cat":[64],"product_tag":[],"class_list":{"0":"post-2317","1":"product","2":"type-product","3":"status-publish","4":"has-post-thumbnail","6":"product_brand-perkinelmer","7":"product_cat-quang-pho-hong-ngoai-ftir","9":"first","10":"instock","11":"shipping-taxable","12":"product-type-simple"},"yoast_head":"<!-- This site is optimized with the Yoast SEO plugin v24.7 - https:\/\/yoast.com\/wordpress\/plugins\/seo\/ -->\n<title>H\u1ec7 th\u1ed1ng k\u00ednh hi\u1ec3n vi h\u1ed3ng ngo\u1ea1i \u2013 Spotlight Aurora - HTI Scientific<\/title>\n<meta name=\"description\" content=\"Spotlight Aurora FTIR Microscope t\u1eebng \u0111\u1ea1t nh\u1eefng gi\u1ea3i th\u01b0\u1edfng trong l\u0129nh v\u1ef1c h\u1ec7 k\u00ednh hi\u1ec3n vi h\u1ed3ng ngo\u1ea1i, \u0111\u01b0\u1ee3c thi\u1ebft k\u1ebf \u0111\u1ec3 gi\u1ea3i quy\u1ebft c\u00e1c th\u00e1ch th\u1ee9c ph\u1ee9c t\u1ea1p..\" \/>\n<meta name=\"robots\" content=\"index, follow, max-snippet:-1, max-image-preview:large, max-video-preview:-1\" \/>\n<link rel=\"canonical\" href=\"https:\/\/htiscientific.vn\/en\/product\/he-thong-kinh-hien-vi-hong-ngoai-spotlight-aurora\/\" \/>\n<meta property=\"og:locale\" content=\"en_US\" \/>\n<meta property=\"og:type\" content=\"article\" \/>\n<meta property=\"og:title\" content=\"H\u1ec7 th\u1ed1ng k\u00ednh hi\u1ec3n vi h\u1ed3ng ngo\u1ea1i \u2013 Spotlight Aurora - HTI Scientific\" \/>\n<meta property=\"og:description\" content=\"Spotlight Aurora FTIR Microscope t\u1eebng \u0111\u1ea1t nh\u1eefng gi\u1ea3i th\u01b0\u1edfng trong l\u0129nh v\u1ef1c h\u1ec7 k\u00ednh hi\u1ec3n vi h\u1ed3ng ngo\u1ea1i, \u0111\u01b0\u1ee3c thi\u1ebft k\u1ebf \u0111\u1ec3 gi\u1ea3i quy\u1ebft c\u00e1c th\u00e1ch th\u1ee9c ph\u1ee9c t\u1ea1p..\" \/>\n<meta property=\"og:url\" content=\"https:\/\/htiscientific.vn\/en\/product\/he-thong-kinh-hien-vi-hong-ngoai-spotlight-aurora\/\" \/>\n<meta property=\"og:site_name\" content=\"HTI Scientific\" \/>\n<meta property=\"article:publisher\" content=\"https:\/\/www.facebook.com\/htiscientific.vn\" \/>\n<meta property=\"article:modified_time\" content=\"2026-04-20T06:34:11+00:00\" \/>\n<meta name=\"twitter:card\" content=\"summary_large_image\" \/>\n<meta name=\"twitter:label1\" content=\"Est. reading time\" \/>\n\t<meta name=\"twitter:data1\" content=\"3 minutes\" \/>\n<script type=\"application\/ld+json\" class=\"yoast-schema-graph\">{\"@context\":\"https:\/\/schema.org\",\"@graph\":[{\"@type\":\"WebPage\",\"@id\":\"https:\/\/htiscientific.vn\/san-pham\/he-thong-kinh-hien-vi-hong-ngoai-spotlight-aurora\/\",\"url\":\"https:\/\/htiscientific.vn\/san-pham\/he-thong-kinh-hien-vi-hong-ngoai-spotlight-aurora\/\",\"name\":\"H\u1ec7 th\u1ed1ng k\u00ednh hi\u1ec3n vi h\u1ed3ng ngo\u1ea1i \u2013 Spotlight Aurora - HTI Scientific\",\"isPartOf\":{\"@id\":\"https:\/\/htiscientific.vn\/#website\"},\"primaryImageOfPage\":{\"@id\":\"https:\/\/htiscientific.vn\/san-pham\/he-thong-kinh-hien-vi-hong-ngoai-spotlight-aurora\/#primaryimage\"},\"image\":{\"@id\":\"https:\/\/htiscientific.vn\/san-pham\/he-thong-kinh-hien-vi-hong-ngoai-spotlight-aurora\/#primaryimage\"},\"thumbnailUrl\":\"https:\/\/htiscientific.vn\/wp-content\/uploads\/2026\/04\/aurora-1-640x640-1.avif\",\"datePublished\":\"2026-04-20T03:56:16+00:00\",\"dateModified\":\"2026-04-20T06:34:11+00:00\",\"description\":\"Spotlight Aurora FTIR Microscope t\u1eebng \u0111\u1ea1t nh\u1eefng gi\u1ea3i th\u01b0\u1edfng trong l\u0129nh v\u1ef1c h\u1ec7 k\u00ednh hi\u1ec3n vi h\u1ed3ng ngo\u1ea1i, \u0111\u01b0\u1ee3c thi\u1ebft k\u1ebf \u0111\u1ec3 gi\u1ea3i quy\u1ebft c\u00e1c th\u00e1ch th\u1ee9c ph\u1ee9c t\u1ea1p..\",\"breadcrumb\":{\"@id\":\"https:\/\/htiscientific.vn\/san-pham\/he-thong-kinh-hien-vi-hong-ngoai-spotlight-aurora\/#breadcrumb\"},\"inLanguage\":\"en-US\",\"potentialAction\":[{\"@type\":\"ReadAction\",\"target\":[\"https:\/\/htiscientific.vn\/san-pham\/he-thong-kinh-hien-vi-hong-ngoai-spotlight-aurora\/\"]}]},{\"@type\":\"ImageObject\",\"inLanguage\":\"en-US\",\"@id\":\"https:\/\/htiscientific.vn\/san-pham\/he-thong-kinh-hien-vi-hong-ngoai-spotlight-aurora\/#primaryimage\",\"url\":\"https:\/\/htiscientific.vn\/wp-content\/uploads\/2026\/04\/aurora-1-640x640-1.avif\",\"contentUrl\":\"https:\/\/htiscientific.vn\/wp-content\/uploads\/2026\/04\/aurora-1-640x640-1.avif\",\"width\":640,\"height\":640},{\"@type\":\"BreadcrumbList\",\"@id\":\"https:\/\/htiscientific.vn\/san-pham\/he-thong-kinh-hien-vi-hong-ngoai-spotlight-aurora\/#breadcrumb\",\"itemListElement\":[{\"@type\":\"ListItem\",\"position\":1,\"name\":\"Trang ch\u1ee7\",\"item\":\"https:\/\/htiscientific.vn\/\"},{\"@type\":\"ListItem\",\"position\":2,\"name\":\"C\u1eeda h\u00e0ng\",\"item\":\"https:\/\/htiscientific.vn\/cua-hang\/\"},{\"@type\":\"ListItem\",\"position\":3,\"name\":\"Quang ph\u1ed5 ph\u00e2n t\u1eed\",\"item\":\"https:\/\/htiscientific.vn\/danh-muc-san-pham\/quang-pho-phan-tu\/\"},{\"@type\":\"ListItem\",\"position\":4,\"name\":\"Quang ph\u1ed5 h\u1ed3ng ngo\u1ea1i FTIR\",\"item\":\"https:\/\/htiscientific.vn\/danh-muc-san-pham\/quang-pho-phan-tu\/quang-pho-hong-ngoai-ftir\/\"},{\"@type\":\"ListItem\",\"position\":5,\"name\":\"H\u1ec7 th\u1ed1ng k\u00ednh hi\u1ec3n vi h\u1ed3ng ngo\u1ea1i \u2013 Spotlight Aurora\"}]},{\"@type\":\"WebSite\",\"@id\":\"https:\/\/htiscientific.vn\/#website\",\"url\":\"https:\/\/htiscientific.vn\/\",\"name\":\"HTI Scientific\",\"description\":\"HTI Scientific\",\"publisher\":{\"@id\":\"https:\/\/htiscientific.vn\/#organization\"},\"potentialAction\":[{\"@type\":\"SearchAction\",\"target\":{\"@type\":\"EntryPoint\",\"urlTemplate\":\"https:\/\/htiscientific.vn\/?s={search_term_string}\"},\"query-input\":{\"@type\":\"PropertyValueSpecification\",\"valueRequired\":true,\"valueName\":\"search_term_string\"}}],\"inLanguage\":\"en-US\"},{\"@type\":\"Organization\",\"@id\":\"https:\/\/htiscientific.vn\/#organization\",\"name\":\"HTI Scientific\",\"alternateName\":\"HTI Scientific\",\"url\":\"https:\/\/htiscientific.vn\/\",\"logo\":{\"@type\":\"ImageObject\",\"inLanguage\":\"en-US\",\"@id\":\"https:\/\/htiscientific.vn\/#\/schema\/logo\/image\/\",\"url\":\"https:\/\/htiscientific.vn\/wp-content\/uploads\/2025\/03\/ava-hti-copy.jpg\",\"contentUrl\":\"https:\/\/htiscientific.vn\/wp-content\/uploads\/2025\/03\/ava-hti-copy.jpg\",\"width\":700,\"height\":450,\"caption\":\"HTI Scientific\"},\"image\":{\"@id\":\"https:\/\/htiscientific.vn\/#\/schema\/logo\/image\/\"},\"sameAs\":[\"https:\/\/www.facebook.com\/htiscientific.vn\"]}]}<\/script>\n<!-- \/ Yoast SEO plugin. -->","yoast_head_json":{"title":"H\u1ec7 th\u1ed1ng k\u00ednh hi\u1ec3n vi h\u1ed3ng ngo\u1ea1i \u2013 Spotlight Aurora - HTI Scientific","description":"Spotlight Aurora FTIR Microscope t\u1eebng \u0111\u1ea1t nh\u1eefng gi\u1ea3i th\u01b0\u1edfng trong l\u0129nh v\u1ef1c h\u1ec7 k\u00ednh hi\u1ec3n vi h\u1ed3ng ngo\u1ea1i, \u0111\u01b0\u1ee3c thi\u1ebft k\u1ebf \u0111\u1ec3 gi\u1ea3i quy\u1ebft c\u00e1c th\u00e1ch th\u1ee9c ph\u1ee9c t\u1ea1p..","robots":{"index":"index","follow":"follow","max-snippet":"max-snippet:-1","max-image-preview":"max-image-preview:large","max-video-preview":"max-video-preview:-1"},"canonical":"https:\/\/htiscientific.vn\/en\/product\/he-thong-kinh-hien-vi-hong-ngoai-spotlight-aurora\/","og_locale":"en_US","og_type":"article","og_title":"H\u1ec7 th\u1ed1ng k\u00ednh hi\u1ec3n vi h\u1ed3ng ngo\u1ea1i \u2013 Spotlight Aurora - HTI Scientific","og_description":"Spotlight Aurora FTIR Microscope t\u1eebng \u0111\u1ea1t nh\u1eefng gi\u1ea3i th\u01b0\u1edfng trong l\u0129nh v\u1ef1c h\u1ec7 k\u00ednh hi\u1ec3n vi h\u1ed3ng ngo\u1ea1i, \u0111\u01b0\u1ee3c thi\u1ebft k\u1ebf \u0111\u1ec3 gi\u1ea3i quy\u1ebft c\u00e1c th\u00e1ch th\u1ee9c ph\u1ee9c t\u1ea1p..","og_url":"https:\/\/htiscientific.vn\/en\/product\/he-thong-kinh-hien-vi-hong-ngoai-spotlight-aurora\/","og_site_name":"HTI Scientific","article_publisher":"https:\/\/www.facebook.com\/htiscientific.vn","article_modified_time":"2026-04-20T06:34:11+00:00","twitter_card":"summary_large_image","twitter_misc":{"Est. reading time":"3 minutes"},"schema":{"@context":"https:\/\/schema.org","@graph":[{"@type":"WebPage","@id":"https:\/\/htiscientific.vn\/san-pham\/he-thong-kinh-hien-vi-hong-ngoai-spotlight-aurora\/","url":"https:\/\/htiscientific.vn\/san-pham\/he-thong-kinh-hien-vi-hong-ngoai-spotlight-aurora\/","name":"H\u1ec7 th\u1ed1ng k\u00ednh hi\u1ec3n vi h\u1ed3ng ngo\u1ea1i \u2013 Spotlight Aurora - HTI Scientific","isPartOf":{"@id":"https:\/\/htiscientific.vn\/#website"},"primaryImageOfPage":{"@id":"https:\/\/htiscientific.vn\/san-pham\/he-thong-kinh-hien-vi-hong-ngoai-spotlight-aurora\/#primaryimage"},"image":{"@id":"https:\/\/htiscientific.vn\/san-pham\/he-thong-kinh-hien-vi-hong-ngoai-spotlight-aurora\/#primaryimage"},"thumbnailUrl":"https:\/\/htiscientific.vn\/wp-content\/uploads\/2026\/04\/aurora-1-640x640-1.avif","datePublished":"2026-04-20T03:56:16+00:00","dateModified":"2026-04-20T06:34:11+00:00","description":"Spotlight Aurora FTIR Microscope t\u1eebng \u0111\u1ea1t nh\u1eefng gi\u1ea3i th\u01b0\u1edfng trong l\u0129nh v\u1ef1c h\u1ec7 k\u00ednh hi\u1ec3n vi h\u1ed3ng ngo\u1ea1i, \u0111\u01b0\u1ee3c thi\u1ebft k\u1ebf \u0111\u1ec3 gi\u1ea3i quy\u1ebft c\u00e1c th\u00e1ch th\u1ee9c ph\u1ee9c t\u1ea1p..","breadcrumb":{"@id":"https:\/\/htiscientific.vn\/san-pham\/he-thong-kinh-hien-vi-hong-ngoai-spotlight-aurora\/#breadcrumb"},"inLanguage":"en-US","potentialAction":[{"@type":"ReadAction","target":["https:\/\/htiscientific.vn\/san-pham\/he-thong-kinh-hien-vi-hong-ngoai-spotlight-aurora\/"]}]},{"@type":"ImageObject","inLanguage":"en-US","@id":"https:\/\/htiscientific.vn\/san-pham\/he-thong-kinh-hien-vi-hong-ngoai-spotlight-aurora\/#primaryimage","url":"https:\/\/htiscientific.vn\/wp-content\/uploads\/2026\/04\/aurora-1-640x640-1.avif","contentUrl":"https:\/\/htiscientific.vn\/wp-content\/uploads\/2026\/04\/aurora-1-640x640-1.avif","width":640,"height":640},{"@type":"BreadcrumbList","@id":"https:\/\/htiscientific.vn\/san-pham\/he-thong-kinh-hien-vi-hong-ngoai-spotlight-aurora\/#breadcrumb","itemListElement":[{"@type":"ListItem","position":1,"name":"Trang ch\u1ee7","item":"https:\/\/htiscientific.vn\/"},{"@type":"ListItem","position":2,"name":"C\u1eeda h\u00e0ng","item":"https:\/\/htiscientific.vn\/cua-hang\/"},{"@type":"ListItem","position":3,"name":"Quang ph\u1ed5 ph\u00e2n t\u1eed","item":"https:\/\/htiscientific.vn\/danh-muc-san-pham\/quang-pho-phan-tu\/"},{"@type":"ListItem","position":4,"name":"Quang ph\u1ed5 h\u1ed3ng ngo\u1ea1i FTIR","item":"https:\/\/htiscientific.vn\/danh-muc-san-pham\/quang-pho-phan-tu\/quang-pho-hong-ngoai-ftir\/"},{"@type":"ListItem","position":5,"name":"H\u1ec7 th\u1ed1ng k\u00ednh hi\u1ec3n vi h\u1ed3ng ngo\u1ea1i \u2013 Spotlight Aurora"}]},{"@type":"WebSite","@id":"https:\/\/htiscientific.vn\/#website","url":"https:\/\/htiscientific.vn\/","name":"HTI Scientific","description":"HTI Scientific","publisher":{"@id":"https:\/\/htiscientific.vn\/#organization"},"potentialAction":[{"@type":"SearchAction","target":{"@type":"EntryPoint","urlTemplate":"https:\/\/htiscientific.vn\/?s={search_term_string}"},"query-input":{"@type":"PropertyValueSpecification","valueRequired":true,"valueName":"search_term_string"}}],"inLanguage":"en-US"},{"@type":"Organization","@id":"https:\/\/htiscientific.vn\/#organization","name":"HTI Scientific","alternateName":"HTI Scientific","url":"https:\/\/htiscientific.vn\/","logo":{"@type":"ImageObject","inLanguage":"en-US","@id":"https:\/\/htiscientific.vn\/#\/schema\/logo\/image\/","url":"https:\/\/htiscientific.vn\/wp-content\/uploads\/2025\/03\/ava-hti-copy.jpg","contentUrl":"https:\/\/htiscientific.vn\/wp-content\/uploads\/2025\/03\/ava-hti-copy.jpg","width":700,"height":450,"caption":"HTI Scientific"},"image":{"@id":"https:\/\/htiscientific.vn\/#\/schema\/logo\/image\/"},"sameAs":["https:\/\/www.facebook.com\/htiscientific.vn"]}]}},"_links":{"self":[{"href":"https:\/\/htiscientific.vn\/en\/wp-json\/wp\/v2\/product\/2317","targetHints":{"allow":["GET"]}}],"collection":[{"href":"https:\/\/htiscientific.vn\/en\/wp-json\/wp\/v2\/product"}],"about":[{"href":"https:\/\/htiscientific.vn\/en\/wp-json\/wp\/v2\/types\/product"}],"wp:featuredmedia":[{"embeddable":true,"href":"https:\/\/htiscientific.vn\/en\/wp-json\/wp\/v2\/media\/2321"}],"wp:attachment":[{"href":"https:\/\/htiscientific.vn\/en\/wp-json\/wp\/v2\/media?parent=2317"}],"wp:term":[{"taxonomy":"product_brand","embeddable":true,"href":"https:\/\/htiscientific.vn\/en\/wp-json\/wp\/v2\/product_brand?post=2317"},{"taxonomy":"product_cat","embeddable":true,"href":"https:\/\/htiscientific.vn\/en\/wp-json\/wp\/v2\/product_cat?post=2317"},{"taxonomy":"product_tag","embeddable":true,"href":"https:\/\/htiscientific.vn\/en\/wp-json\/wp\/v2\/product_tag?post=2317"}],"curies":[{"name":"wp","href":"https:\/\/api.w.org\/{rel}","templated":true}]}}