{"id":2268,"date":"2026-03-12T10:22:00","date_gmt":"2026-03-12T03:22:00","guid":{"rendered":"https:\/\/htiscientific.vn\/?post_type=product&#038;p=2268"},"modified":"2026-03-12T10:28:07","modified_gmt":"2026-03-12T03:28:07","slug":"dau-do-eds-oxford-bruker","status":"publish","type":"product","link":"https:\/\/htiscientific.vn\/en\/product\/dau-do-eds-oxford-bruker\/","title":{"rendered":"\u0110\u1ea7u d\u00f2 EDS \u2013 Oxford \/ Bruker"},"content":{"rendered":"<p><strong>AZtecOne v\u1edbi XploreCompact 30 &amp; 65<\/strong><\/p>\n<p>H\u1ec7 th\u1ed1ng AZtecOne k\u1ebft h\u1ee3p ph\u1ea7n m\u1ec1m AZtecOne m\u1ea1nh m\u1ebd nh\u01b0ng d\u1ec5 s\u1eed d\u1ee5ng v\u1edbi \u0111\u1ed9 \u1ed5n \u0111\u1ecbnh v\u00e0 \u0111\u1ed9 ch\u00ednh x\u00e1c \u0111\u00e3 \u0111\u01b0\u1ee3c ch\u1ee9ng minh c\u1ee7a c\u00e1c \u0111\u1ea7u d\u00f2 <a href=\"https:\/\/coxem.com\/products\/sem-accessories\/eds-detector-bruker\/\">EDS<\/a> XploreCompact 30 mm\u00b2 v\u00e0 65 mm\u00b2.<\/p>\n<p>H\u1ec7 th\u1ed1ng cung c\u1ea5p \u0111\u1ea7y \u0111\u1ee7 c\u00f4ng c\u1ee5 c\u1ea7n thi\u1ebft \u0111\u1ec3 gi\u00fap ng\u01b0\u1eddi d\u00f9ng ph\u00e2n t\u00edch v\u00e0 \u0111\u1eb7c tr\u01b0ng m\u1eabu nhanh ch\u00f3ng, ch\u00ednh x\u00e1c v\u00e0 d\u1ec5 d\u00e0ng.<\/p>\n<p>C\u00f4ng ngh\u1ec7 Tru-Q \u0111\u1ed9c quy\u1ec1n \u0111\u1ea3m b\u1ea3o c\u00e1c nguy\u00ean t\u1ed1 \u0111\u01b0\u1ee3c t\u1ef1 \u0111\u1ed9ng nh\u1eadn di\u1ec7n v\u00e0 \u0111\u1ecbnh l\u01b0\u1ee3ng v\u1edbi \u0111\u1ed9 ch\u00ednh x\u00e1c cao h\u01a1n.<\/p>\n<p>Vi\u1ec7c ra m\u1eaft \u0111\u1ea7u d\u00f2 Xplore 65 v\u1edbi k\u00edch th\u01b0\u1edbc c\u1ea3m bi\u1ebfn 65 mm\u00b2 cho ph\u00e9p thu th\u1eadp d\u1eef li\u1ec7u nhanh h\u01a1n g\u1ea5p h\u01a1n hai l\u1ea7n m\u00e0 kh\u00f4ng l\u00e0m gi\u1ea3m hi\u1ec7u su\u1ea5t, t\u1eeb \u0111\u00f3 m\u1edf r\u1ed9ng \u0111\u00e1ng k\u1ec3 kh\u1ea3 n\u0103ng ph\u00e2n t\u00edch EDS.<\/p>\n<p><strong>QUANTAX Compact<\/strong><\/p>\n<p>QUANTAX Compact l\u00e0 <a href=\"https:\/\/htiscientific.vn\/en\/hang-san-xuat\/coxem\/\">h\u1ec7 th\u1ed1ng EDS<\/a> d\u1ea1ng m\u00f4-\u0111un d\u00e0nh cho ph\u00e2n t\u00edch vi m\u00f4 \u0111\u1ecbnh t\u00ednh v\u00e0 \u0111\u1ecbnh l\u01b0\u1ee3ng trong c\u00f4ng nghi\u1ec7p, nghi\u00ean c\u1ee9u v\u00e0 gi\u00e1o d\u1ee5c.<\/p>\n<p>Ph\u1ea7n m\u1ec1m \u0111\u1ecbnh l\u01b0\u1ee3ng kh\u00f4ng c\u1ea7n m\u1eabu chu\u1ea9n c\u1ee7a h\u1ec7 th\u1ed1ng cho ph\u00e9p:<\/p>\n<ul>\n<li>\u0110\u00e1nh gi\u00e1 ph\u1ed5 th\u1ee7 c\u00f4ng, t\u1ef1 \u0111\u1ed9ng ho\u1eb7c t\u01b0\u01a1ng t\u00e1c<\/li>\n<li>Cung c\u1ea5p k\u1ebft qu\u1ea3 \u0111\u00e1ng tin c\u1eady cho nhi\u1ec1u lo\u1ea1i m\u1eabu kh\u00e1c nhau, bao g\u1ed3m:\n<ul>\n<li>B\u1ec1 m\u1eb7t \u0111\u00e1nh b\u00f3ng ho\u1eb7c b\u1ec1 m\u1eb7t th\u00f4<\/li>\n<li>L\u1edbp m\u1ecfng<\/li>\n<li>C\u00e1c h\u1ea1t v\u1eadt li\u1ec7u<\/li>\n<\/ul>\n<\/li>\n<\/ul>","protected":false},"excerpt":{"rendered":"<p>H\u1ec7 th\u1ed1ng AZtecOne k\u1ebft h\u1ee3p ph\u1ea7n m\u1ec1m AZtecOne m\u1ea1nh m\u1ebd nh\u01b0ng d\u1ec5 s\u1eed d\u1ee5ng v\u1edbi \u0111\u1ed9 \u1ed5n \u0111\u1ecbnh v\u00e0 \u0111\u1ed9 ch\u00ednh x\u00e1c \u0111\u00e3 \u0111\u01b0\u1ee3c ch\u1ee9ng minh c\u1ee7a c\u00e1c \u0111\u1ea7u d\u00f2 <a href=\"https:\/\/coxem.com\/products\/sem-accessories\/eds-detector-bruker\/\">EDS<\/a> XploreCompact 30 mm\u00b2 v\u00e0 65 mm\u00b2.<\/p>","protected":false},"featured_media":2269,"template":"","meta":{"inline_featured_image":false},"product_brand":[129],"product_cat":[130,135],"product_tag":[],"class_list":{"0":"post-2268","1":"product","2":"type-product","3":"status-publish","4":"has-post-thumbnail","6":"product_brand-coxem","7":"product_cat-kinh-hien-vi-dien-tu-quet","8":"product_cat-phu-kien-sem","10":"first","11":"instock","12":"shipping-taxable","13":"product-type-simple"},"yoast_head":"<!-- This site is optimized with the Yoast SEO plugin v24.7 - https:\/\/yoast.com\/wordpress\/plugins\/seo\/ -->\n<title>\u0110\u1ea7u d\u00f2 EDS \u2013 Oxford \/ Bruker - HTI Scientific<\/title>\n<meta name=\"description\" content=\"H\u1ec7 th\u1ed1ng AZtecOne k\u1ebft h\u1ee3p ph\u1ea7n m\u1ec1m AZtecOne m\u1ea1nh m\u1ebd nh\u01b0ng d\u1ec5 s\u1eed d\u1ee5ng v\u1edbi \u0111\u1ed9 \u1ed5n \u0111\u1ecbnh v\u00e0 \u0111\u1ed9 ch\u00ednh x\u00e1c \u0111\u00e3 \u0111\u01b0\u1ee3c ch\u1ee9ng minh c\u1ee7a c\u00e1c \u0111\u1ea7u d\u00f2 EDS\" \/>\n<meta name=\"robots\" content=\"index, follow, max-snippet:-1, max-image-preview:large, max-video-preview:-1\" \/>\n<link rel=\"canonical\" href=\"https:\/\/htiscientific.vn\/en\/product\/dau-do-eds-oxford-bruker\/\" \/>\n<meta property=\"og:locale\" content=\"en_US\" \/>\n<meta property=\"og:type\" content=\"article\" \/>\n<meta property=\"og:title\" content=\"\u0110\u1ea7u d\u00f2 EDS \u2013 Oxford \/ Bruker - HTI Scientific\" \/>\n<meta property=\"og:description\" content=\"H\u1ec7 th\u1ed1ng AZtecOne k\u1ebft h\u1ee3p ph\u1ea7n m\u1ec1m AZtecOne m\u1ea1nh m\u1ebd nh\u01b0ng d\u1ec5 s\u1eed d\u1ee5ng v\u1edbi \u0111\u1ed9 \u1ed5n \u0111\u1ecbnh v\u00e0 \u0111\u1ed9 ch\u00ednh x\u00e1c \u0111\u00e3 \u0111\u01b0\u1ee3c ch\u1ee9ng minh c\u1ee7a c\u00e1c \u0111\u1ea7u d\u00f2 EDS\" \/>\n<meta property=\"og:url\" content=\"https:\/\/htiscientific.vn\/en\/product\/dau-do-eds-oxford-bruker\/\" \/>\n<meta property=\"og:site_name\" content=\"HTI Scientific\" \/>\n<meta property=\"article:publisher\" content=\"https:\/\/www.facebook.com\/htiscientific.vn\" \/>\n<meta property=\"article:modified_time\" content=\"2026-03-12T03:28:07+00:00\" \/>\n<meta property=\"og:image\" content=\"https:\/\/htiscientific.vn\/wp-content\/uploads\/2026\/03\/691e5f4618dfe6842683.jpg\" \/>\n\t<meta property=\"og:image:width\" content=\"1000\" \/>\n\t<meta property=\"og:image:height\" content=\"1000\" \/>\n\t<meta property=\"og:image:type\" content=\"image\/jpeg\" \/>\n<meta name=\"twitter:card\" content=\"summary_large_image\" \/>\n<meta name=\"twitter:label1\" content=\"Est. reading time\" \/>\n\t<meta name=\"twitter:data1\" content=\"2 minutes\" \/>\n<script type=\"application\/ld+json\" class=\"yoast-schema-graph\">{\"@context\":\"https:\/\/schema.org\",\"@graph\":[{\"@type\":\"WebPage\",\"@id\":\"https:\/\/htiscientific.vn\/san-pham\/dau-do-eds-oxford-bruker\/\",\"url\":\"https:\/\/htiscientific.vn\/san-pham\/dau-do-eds-oxford-bruker\/\",\"name\":\"\u0110\u1ea7u d\u00f2 EDS \u2013 Oxford \/ Bruker - HTI Scientific\",\"isPartOf\":{\"@id\":\"https:\/\/htiscientific.vn\/#website\"},\"primaryImageOfPage\":{\"@id\":\"https:\/\/htiscientific.vn\/san-pham\/dau-do-eds-oxford-bruker\/#primaryimage\"},\"image\":{\"@id\":\"https:\/\/htiscientific.vn\/san-pham\/dau-do-eds-oxford-bruker\/#primaryimage\"},\"thumbnailUrl\":\"https:\/\/htiscientific.vn\/wp-content\/uploads\/2026\/03\/691e5f4618dfe6842683.jpg\",\"datePublished\":\"2026-03-12T03:22:00+00:00\",\"dateModified\":\"2026-03-12T03:28:07+00:00\",\"description\":\"H\u1ec7 th\u1ed1ng AZtecOne k\u1ebft h\u1ee3p ph\u1ea7n m\u1ec1m AZtecOne m\u1ea1nh m\u1ebd nh\u01b0ng d\u1ec5 s\u1eed d\u1ee5ng v\u1edbi \u0111\u1ed9 \u1ed5n \u0111\u1ecbnh v\u00e0 \u0111\u1ed9 ch\u00ednh x\u00e1c \u0111\u00e3 \u0111\u01b0\u1ee3c ch\u1ee9ng minh c\u1ee7a c\u00e1c \u0111\u1ea7u d\u00f2 EDS\",\"breadcrumb\":{\"@id\":\"https:\/\/htiscientific.vn\/san-pham\/dau-do-eds-oxford-bruker\/#breadcrumb\"},\"inLanguage\":\"en-US\",\"potentialAction\":[{\"@type\":\"ReadAction\",\"target\":[\"https:\/\/htiscientific.vn\/san-pham\/dau-do-eds-oxford-bruker\/\"]}]},{\"@type\":\"ImageObject\",\"inLanguage\":\"en-US\",\"@id\":\"https:\/\/htiscientific.vn\/san-pham\/dau-do-eds-oxford-bruker\/#primaryimage\",\"url\":\"https:\/\/htiscientific.vn\/wp-content\/uploads\/2026\/03\/691e5f4618dfe6842683.jpg\",\"contentUrl\":\"https:\/\/htiscientific.vn\/wp-content\/uploads\/2026\/03\/691e5f4618dfe6842683.jpg\",\"width\":1000,\"height\":1000},{\"@type\":\"BreadcrumbList\",\"@id\":\"https:\/\/htiscientific.vn\/san-pham\/dau-do-eds-oxford-bruker\/#breadcrumb\",\"itemListElement\":[{\"@type\":\"ListItem\",\"position\":1,\"name\":\"Trang ch\u1ee7\",\"item\":\"https:\/\/htiscientific.vn\/\"},{\"@type\":\"ListItem\",\"position\":2,\"name\":\"C\u1eeda h\u00e0ng\",\"item\":\"https:\/\/htiscientific.vn\/cua-hang\/\"},{\"@type\":\"ListItem\",\"position\":3,\"name\":\"K\u00ednh hi\u1ec3n vi \u0111i\u1ec7n t\u1eed qu\u00e9t\",\"item\":\"https:\/\/htiscientific.vn\/danh-muc-san-pham\/kinh-hien-vi-dien-tu-quet\/\"},{\"@type\":\"ListItem\",\"position\":4,\"name\":\"Ph\u1ee5 ki\u1ec7n SEM\",\"item\":\"https:\/\/htiscientific.vn\/danh-muc-san-pham\/kinh-hien-vi-dien-tu-quet\/phu-kien-sem\/\"},{\"@type\":\"ListItem\",\"position\":5,\"name\":\"\u0110\u1ea7u d\u00f2 EDS \u2013 Oxford \/ Bruker\"}]},{\"@type\":\"WebSite\",\"@id\":\"https:\/\/htiscientific.vn\/#website\",\"url\":\"https:\/\/htiscientific.vn\/\",\"name\":\"HTI Scientific\",\"description\":\"HTI Scientific\",\"publisher\":{\"@id\":\"https:\/\/htiscientific.vn\/#organization\"},\"potentialAction\":[{\"@type\":\"SearchAction\",\"target\":{\"@type\":\"EntryPoint\",\"urlTemplate\":\"https:\/\/htiscientific.vn\/?s={search_term_string}\"},\"query-input\":{\"@type\":\"PropertyValueSpecification\",\"valueRequired\":true,\"valueName\":\"search_term_string\"}}],\"inLanguage\":\"en-US\"},{\"@type\":\"Organization\",\"@id\":\"https:\/\/htiscientific.vn\/#organization\",\"name\":\"HTI Scientific\",\"alternateName\":\"HTI Scientific\",\"url\":\"https:\/\/htiscientific.vn\/\",\"logo\":{\"@type\":\"ImageObject\",\"inLanguage\":\"en-US\",\"@id\":\"https:\/\/htiscientific.vn\/#\/schema\/logo\/image\/\",\"url\":\"https:\/\/htiscientific.vn\/wp-content\/uploads\/2025\/03\/ava-hti-copy.jpg\",\"contentUrl\":\"https:\/\/htiscientific.vn\/wp-content\/uploads\/2025\/03\/ava-hti-copy.jpg\",\"width\":700,\"height\":450,\"caption\":\"HTI Scientific\"},\"image\":{\"@id\":\"https:\/\/htiscientific.vn\/#\/schema\/logo\/image\/\"},\"sameAs\":[\"https:\/\/www.facebook.com\/htiscientific.vn\"]}]}<\/script>\n<!-- \/ Yoast SEO plugin. -->","yoast_head_json":{"title":"\u0110\u1ea7u d\u00f2 EDS \u2013 Oxford \/ Bruker - HTI Scientific","description":"H\u1ec7 th\u1ed1ng AZtecOne k\u1ebft h\u1ee3p ph\u1ea7n m\u1ec1m AZtecOne m\u1ea1nh m\u1ebd nh\u01b0ng d\u1ec5 s\u1eed d\u1ee5ng v\u1edbi \u0111\u1ed9 \u1ed5n \u0111\u1ecbnh v\u00e0 \u0111\u1ed9 ch\u00ednh x\u00e1c \u0111\u00e3 \u0111\u01b0\u1ee3c ch\u1ee9ng minh c\u1ee7a c\u00e1c \u0111\u1ea7u d\u00f2 EDS","robots":{"index":"index","follow":"follow","max-snippet":"max-snippet:-1","max-image-preview":"max-image-preview:large","max-video-preview":"max-video-preview:-1"},"canonical":"https:\/\/htiscientific.vn\/en\/product\/dau-do-eds-oxford-bruker\/","og_locale":"en_US","og_type":"article","og_title":"\u0110\u1ea7u d\u00f2 EDS \u2013 Oxford \/ Bruker - HTI Scientific","og_description":"H\u1ec7 th\u1ed1ng AZtecOne k\u1ebft h\u1ee3p ph\u1ea7n m\u1ec1m AZtecOne m\u1ea1nh m\u1ebd nh\u01b0ng d\u1ec5 s\u1eed d\u1ee5ng v\u1edbi \u0111\u1ed9 \u1ed5n \u0111\u1ecbnh v\u00e0 \u0111\u1ed9 ch\u00ednh x\u00e1c \u0111\u00e3 \u0111\u01b0\u1ee3c ch\u1ee9ng minh c\u1ee7a c\u00e1c \u0111\u1ea7u d\u00f2 EDS","og_url":"https:\/\/htiscientific.vn\/en\/product\/dau-do-eds-oxford-bruker\/","og_site_name":"HTI Scientific","article_publisher":"https:\/\/www.facebook.com\/htiscientific.vn","article_modified_time":"2026-03-12T03:28:07+00:00","og_image":[{"width":1000,"height":1000,"url":"https:\/\/htiscientific.vn\/wp-content\/uploads\/2026\/03\/691e5f4618dfe6842683.jpg","type":"image\/jpeg"}],"twitter_card":"summary_large_image","twitter_misc":{"Est. reading time":"2 minutes"},"schema":{"@context":"https:\/\/schema.org","@graph":[{"@type":"WebPage","@id":"https:\/\/htiscientific.vn\/san-pham\/dau-do-eds-oxford-bruker\/","url":"https:\/\/htiscientific.vn\/san-pham\/dau-do-eds-oxford-bruker\/","name":"\u0110\u1ea7u d\u00f2 EDS \u2013 Oxford \/ Bruker - HTI Scientific","isPartOf":{"@id":"https:\/\/htiscientific.vn\/#website"},"primaryImageOfPage":{"@id":"https:\/\/htiscientific.vn\/san-pham\/dau-do-eds-oxford-bruker\/#primaryimage"},"image":{"@id":"https:\/\/htiscientific.vn\/san-pham\/dau-do-eds-oxford-bruker\/#primaryimage"},"thumbnailUrl":"https:\/\/htiscientific.vn\/wp-content\/uploads\/2026\/03\/691e5f4618dfe6842683.jpg","datePublished":"2026-03-12T03:22:00+00:00","dateModified":"2026-03-12T03:28:07+00:00","description":"H\u1ec7 th\u1ed1ng AZtecOne k\u1ebft h\u1ee3p ph\u1ea7n m\u1ec1m AZtecOne m\u1ea1nh m\u1ebd nh\u01b0ng d\u1ec5 s\u1eed d\u1ee5ng v\u1edbi \u0111\u1ed9 \u1ed5n \u0111\u1ecbnh v\u00e0 \u0111\u1ed9 ch\u00ednh x\u00e1c \u0111\u00e3 \u0111\u01b0\u1ee3c ch\u1ee9ng minh c\u1ee7a c\u00e1c \u0111\u1ea7u d\u00f2 EDS","breadcrumb":{"@id":"https:\/\/htiscientific.vn\/san-pham\/dau-do-eds-oxford-bruker\/#breadcrumb"},"inLanguage":"en-US","potentialAction":[{"@type":"ReadAction","target":["https:\/\/htiscientific.vn\/san-pham\/dau-do-eds-oxford-bruker\/"]}]},{"@type":"ImageObject","inLanguage":"en-US","@id":"https:\/\/htiscientific.vn\/san-pham\/dau-do-eds-oxford-bruker\/#primaryimage","url":"https:\/\/htiscientific.vn\/wp-content\/uploads\/2026\/03\/691e5f4618dfe6842683.jpg","contentUrl":"https:\/\/htiscientific.vn\/wp-content\/uploads\/2026\/03\/691e5f4618dfe6842683.jpg","width":1000,"height":1000},{"@type":"BreadcrumbList","@id":"https:\/\/htiscientific.vn\/san-pham\/dau-do-eds-oxford-bruker\/#breadcrumb","itemListElement":[{"@type":"ListItem","position":1,"name":"Trang ch\u1ee7","item":"https:\/\/htiscientific.vn\/"},{"@type":"ListItem","position":2,"name":"C\u1eeda h\u00e0ng","item":"https:\/\/htiscientific.vn\/cua-hang\/"},{"@type":"ListItem","position":3,"name":"K\u00ednh hi\u1ec3n vi \u0111i\u1ec7n t\u1eed qu\u00e9t","item":"https:\/\/htiscientific.vn\/danh-muc-san-pham\/kinh-hien-vi-dien-tu-quet\/"},{"@type":"ListItem","position":4,"name":"Ph\u1ee5 ki\u1ec7n SEM","item":"https:\/\/htiscientific.vn\/danh-muc-san-pham\/kinh-hien-vi-dien-tu-quet\/phu-kien-sem\/"},{"@type":"ListItem","position":5,"name":"\u0110\u1ea7u d\u00f2 EDS \u2013 Oxford \/ Bruker"}]},{"@type":"WebSite","@id":"https:\/\/htiscientific.vn\/#website","url":"https:\/\/htiscientific.vn\/","name":"HTI Scientific","description":"HTI Scientific","publisher":{"@id":"https:\/\/htiscientific.vn\/#organization"},"potentialAction":[{"@type":"SearchAction","target":{"@type":"EntryPoint","urlTemplate":"https:\/\/htiscientific.vn\/?s={search_term_string}"},"query-input":{"@type":"PropertyValueSpecification","valueRequired":true,"valueName":"search_term_string"}}],"inLanguage":"en-US"},{"@type":"Organization","@id":"https:\/\/htiscientific.vn\/#organization","name":"HTI Scientific","alternateName":"HTI Scientific","url":"https:\/\/htiscientific.vn\/","logo":{"@type":"ImageObject","inLanguage":"en-US","@id":"https:\/\/htiscientific.vn\/#\/schema\/logo\/image\/","url":"https:\/\/htiscientific.vn\/wp-content\/uploads\/2025\/03\/ava-hti-copy.jpg","contentUrl":"https:\/\/htiscientific.vn\/wp-content\/uploads\/2025\/03\/ava-hti-copy.jpg","width":700,"height":450,"caption":"HTI Scientific"},"image":{"@id":"https:\/\/htiscientific.vn\/#\/schema\/logo\/image\/"},"sameAs":["https:\/\/www.facebook.com\/htiscientific.vn"]}]}},"_links":{"self":[{"href":"https:\/\/htiscientific.vn\/en\/wp-json\/wp\/v2\/product\/2268","targetHints":{"allow":["GET"]}}],"collection":[{"href":"https:\/\/htiscientific.vn\/en\/wp-json\/wp\/v2\/product"}],"about":[{"href":"https:\/\/htiscientific.vn\/en\/wp-json\/wp\/v2\/types\/product"}],"wp:featuredmedia":[{"embeddable":true,"href":"https:\/\/htiscientific.vn\/en\/wp-json\/wp\/v2\/media\/2269"}],"wp:attachment":[{"href":"https:\/\/htiscientific.vn\/en\/wp-json\/wp\/v2\/media?parent=2268"}],"wp:term":[{"taxonomy":"product_brand","embeddable":true,"href":"https:\/\/htiscientific.vn\/en\/wp-json\/wp\/v2\/product_brand?post=2268"},{"taxonomy":"product_cat","embeddable":true,"href":"https:\/\/htiscientific.vn\/en\/wp-json\/wp\/v2\/product_cat?post=2268"},{"taxonomy":"product_tag","embeddable":true,"href":"https:\/\/htiscientific.vn\/en\/wp-json\/wp\/v2\/product_tag?post=2268"}],"curies":[{"name":"wp","href":"https:\/\/api.w.org\/{rel}","templated":true}]}}