{"id":2264,"date":"2026-03-12T09:59:50","date_gmt":"2026-03-12T02:59:50","guid":{"rendered":"https:\/\/htiscientific.vn\/?post_type=product&#038;p=2264"},"modified":"2026-03-12T10:01:31","modified_gmt":"2026-03-12T03:01:31","slug":"dau-do-ebsd-bruker","status":"publish","type":"product","link":"https:\/\/htiscientific.vn\/en\/product\/dau-do-ebsd-bruker\/","title":{"rendered":"\u0110\u1ea7u d\u00f2 EBSD \u2013 Bruker"},"content":{"rendered":"<p>H\u1ec7 th\u1ed1ng <a href=\"https:\/\/coxem.com\/products\/sem-accessories\/ebsd-detector-quantax\/\">QUANTAX ED-XS<\/a> cung c\u1ea5p kh\u1ea3 n\u0103ng EBSD v\u00e0 EDS ti\u00ean ti\u1ebfn trong m\u1ed9t gi\u1ea3i ph\u00e1p nh\u1ecf g\u1ecdn, gi\u00fap n\u00e2ng cao hi\u1ec7u su\u1ea5t ph\u00e2n t\u00edch c\u1ee7a c\u00e1c k\u00ednh hi\u1ec3n vi \u0111i\u1ec7n t\u1eed qu\u00e9t \u0111\u1ec3 b\u00e0n (tabletop SEM).<\/p>\n<p>S\u1ef1 t\u00edch h\u1ee3p n\u00e0y cho ph\u00e9p th\u1ef1c hi\u1ec7n ph\u00e2n t\u00edch v\u1eadt li\u1ec7u to\u00e0n di\u1ec7n v\u1edbi \u0111\u1ed9 ch\u00ednh x\u00e1c v\u00e0 hi\u1ec7u qu\u1ea3 cao, mang \u0111\u1ebfn c\u00e1c c\u00f4ng c\u1ee5 ph\u00e2n t\u00edch m\u1ea1nh m\u1ebd trong m\u1ed9t thi\u1ebft k\u1ebf nh\u1ecf g\u1ecdn.<\/p>\n<p><strong>L\u1ee3i \u00edch n\u1ed5i b\u1eadt<\/strong><\/p>\n<ul>\n<li>Ph\u00e2n t\u00edch k\u00edch th\u01b0\u1edbc v\u00e0 h\u00ecnh d\u1ea1ng h\u1ea1t b\u00e1n t\u1ef1 \u0111\u1ed9ng<\/li>\n<li>Ph\u00e2n t\u00edch \u0111\u1ecbnh l\u01b0\u1ee3ng vi c\u1ea5u tr\u00fac b\u1eb1ng ph\u01b0\u01a1ng ph\u00e1p subsetting<\/li>\n<li>X\u00e1c \u0111\u1ecbnh t\u1ef7 l\u1ec7 di\u1ec7n t\u00edch\/th\u1ec3 t\u00edch c\u1ee7a h\u1ea1t bi\u1ebfn d\u1ea1ng so v\u1edbi h\u1ea1t t\u00e1i k\u1ebft tinh<\/li>\n<li>Ph\u00e2n t\u00edch ranh gi\u1edbi h\u1ea1t<\/li>\n<li>Nh\u1eadn d\u1ea1ng pha v\u00e0 ph\u00e2n t\u00edch ph\u00e2n b\u1ed1 pha<\/li>\n<li>T\u01b0\u01a1ng quan gi\u1eefa th\u00e0nh ph\u1ea7n h\u00f3a h\u1ecdc v\u00e0 c\u1ea5u tr\u00fac tinh th\u1ec3<\/li>\n<li>Ph\u00e2n t\u00edch ph\u00e2n b\u1ed1 \u0111\u1ecbnh h\u01b0\u1edbng \u2013 k\u1ebft c\u1ea5u tinh th\u1ec3<\/li>\n<\/ul>\n<p><strong>Detector EBSD: Ph\u1ea7n c\u1ee9ng e-Flash XS<\/strong><\/p>\n<ul>\n<li>\u0110\u1ed9 ph\u00e2n gi\u1ea3i \u1ea3nh g\u1ed1c: 720 \u00d7 540 pixels<\/li>\n<li>C\u00e1c ch\u1ebf \u0111\u1ed9 binning h\u1ed7 tr\u1ee3: 2\u00d72, 3\u00d73, 4\u00d74, 5\u00d75, 6\u00d76<\/li>\n<li>T\u1ed1c \u0111\u1ed9 thu nh\u1eadn: 525 khung h\u00ecnh\/gi\u00e2y (fps) \u1edf t\u1ea5t c\u1ea3 c\u00e1c ch\u1ebf \u0111\u1ed9 binning<\/li>\n<li>\u0110\u1ea7u detector c\u00f3 th\u1ec3 th\u00e1o r\u1eddi b\u1edfi ng\u01b0\u1eddi d\u00f9ng \u2013 c\u01a1 ch\u1ebf tr\u01b0\u1ee3t v\u00e0o\/ra<\/li>\n<li>M\u00e0n phosphor c\u00f3 th\u1ec3 thay th\u1ebf b\u1edfi ng\u01b0\u1eddi d\u00f9ng<\/li>\n<\/ul>","protected":false},"excerpt":{"rendered":"<p>H\u1ec7 th\u1ed1ng QUANTAX ED-XS cung c\u1ea5p kh\u1ea3 n\u0103ng EBSD v\u00e0 EDS ti\u00ean ti\u1ebfn trong m\u1ed9t gi\u1ea3i ph\u00e1p nh\u1ecf g\u1ecdn, gi\u00fap n\u00e2ng cao hi\u1ec7u su\u1ea5t ph\u00e2n t\u00edch c\u1ee7a c\u00e1c k\u00ednh hi\u1ec3n vi \u0111i\u1ec7n t\u1eed qu\u00e9t \u0111\u1ec3 b\u00e0n (tabletop SEM).<\/p>","protected":false},"featured_media":2267,"template":"","meta":{"inline_featured_image":false},"product_brand":[129],"product_cat":[130,135],"product_tag":[],"class_list":{"0":"post-2264","1":"product","2":"type-product","3":"status-publish","4":"has-post-thumbnail","6":"product_brand-coxem","7":"product_cat-kinh-hien-vi-dien-tu-quet","8":"product_cat-phu-kien-sem","10":"first","11":"instock","12":"shipping-taxable","13":"product-type-simple"},"yoast_head":"<!-- This site is optimized with the Yoast SEO plugin v24.7 - https:\/\/yoast.com\/wordpress\/plugins\/seo\/ -->\n<title>\u0110\u1ea7u d\u00f2 EBSD \u2013 Bruker - HTI Scientific<\/title>\n<meta name=\"description\" content=\"H\u1ec7 th\u1ed1ng QUANTAX ED-XS cung c\u1ea5p kh\u1ea3 n\u0103ng EBSD v\u00e0 EDS ti\u00ean ti\u1ebfn trong m\u1ed9t gi\u1ea3i ph\u00e1p nh\u1ecf g\u1ecdn, gi\u00fap n\u00e2ng cao hi\u1ec7u su\u1ea5t ph\u00e2n t\u00edch c\u1ee7a k\u00ednh hi\u1ec3n vi \u0111i\u1ec7n t\u1eed qu\u00e9t.\" \/>\n<meta name=\"robots\" content=\"index, follow, max-snippet:-1, max-image-preview:large, max-video-preview:-1\" \/>\n<link rel=\"canonical\" href=\"https:\/\/htiscientific.vn\/en\/product\/dau-do-ebsd-bruker\/\" \/>\n<meta property=\"og:locale\" content=\"en_US\" \/>\n<meta property=\"og:type\" content=\"article\" \/>\n<meta property=\"og:title\" content=\"\u0110\u1ea7u d\u00f2 EBSD \u2013 Bruker - HTI Scientific\" \/>\n<meta property=\"og:description\" content=\"H\u1ec7 th\u1ed1ng QUANTAX ED-XS cung c\u1ea5p kh\u1ea3 n\u0103ng EBSD v\u00e0 EDS ti\u00ean ti\u1ebfn trong m\u1ed9t gi\u1ea3i ph\u00e1p nh\u1ecf g\u1ecdn, gi\u00fap n\u00e2ng cao hi\u1ec7u su\u1ea5t ph\u00e2n t\u00edch c\u1ee7a k\u00ednh hi\u1ec3n vi \u0111i\u1ec7n t\u1eed qu\u00e9t.\" \/>\n<meta property=\"og:url\" content=\"https:\/\/htiscientific.vn\/en\/product\/dau-do-ebsd-bruker\/\" \/>\n<meta property=\"og:site_name\" content=\"HTI Scientific\" \/>\n<meta property=\"article:publisher\" content=\"https:\/\/www.facebook.com\/htiscientific.vn\" \/>\n<meta property=\"article:modified_time\" content=\"2026-03-12T03:01:31+00:00\" \/>\n<meta property=\"og:image\" content=\"https:\/\/htiscientific.vn\/wp-content\/uploads\/2026\/03\/691e613902a6f5177533.png\" \/>\n\t<meta property=\"og:image:width\" content=\"549\" \/>\n\t<meta property=\"og:image:height\" content=\"549\" \/>\n\t<meta property=\"og:image:type\" content=\"image\/png\" \/>\n<meta name=\"twitter:card\" content=\"summary_large_image\" \/>\n<meta name=\"twitter:label1\" content=\"Est. reading time\" \/>\n\t<meta name=\"twitter:data1\" content=\"2 minutes\" \/>\n<script type=\"application\/ld+json\" class=\"yoast-schema-graph\">{\"@context\":\"https:\/\/schema.org\",\"@graph\":[{\"@type\":\"WebPage\",\"@id\":\"https:\/\/htiscientific.vn\/san-pham\/dau-do-ebsd-bruker\/\",\"url\":\"https:\/\/htiscientific.vn\/san-pham\/dau-do-ebsd-bruker\/\",\"name\":\"\u0110\u1ea7u d\u00f2 EBSD \u2013 Bruker - HTI Scientific\",\"isPartOf\":{\"@id\":\"https:\/\/htiscientific.vn\/#website\"},\"primaryImageOfPage\":{\"@id\":\"https:\/\/htiscientific.vn\/san-pham\/dau-do-ebsd-bruker\/#primaryimage\"},\"image\":{\"@id\":\"https:\/\/htiscientific.vn\/san-pham\/dau-do-ebsd-bruker\/#primaryimage\"},\"thumbnailUrl\":\"https:\/\/htiscientific.vn\/wp-content\/uploads\/2026\/03\/691e613902a6f5177533.png\",\"datePublished\":\"2026-03-12T02:59:50+00:00\",\"dateModified\":\"2026-03-12T03:01:31+00:00\",\"description\":\"H\u1ec7 th\u1ed1ng QUANTAX ED-XS cung c\u1ea5p kh\u1ea3 n\u0103ng EBSD v\u00e0 EDS ti\u00ean ti\u1ebfn trong m\u1ed9t gi\u1ea3i ph\u00e1p nh\u1ecf g\u1ecdn, gi\u00fap n\u00e2ng cao hi\u1ec7u su\u1ea5t ph\u00e2n t\u00edch c\u1ee7a k\u00ednh hi\u1ec3n vi \u0111i\u1ec7n t\u1eed qu\u00e9t.\",\"breadcrumb\":{\"@id\":\"https:\/\/htiscientific.vn\/san-pham\/dau-do-ebsd-bruker\/#breadcrumb\"},\"inLanguage\":\"en-US\",\"potentialAction\":[{\"@type\":\"ReadAction\",\"target\":[\"https:\/\/htiscientific.vn\/san-pham\/dau-do-ebsd-bruker\/\"]}]},{\"@type\":\"ImageObject\",\"inLanguage\":\"en-US\",\"@id\":\"https:\/\/htiscientific.vn\/san-pham\/dau-do-ebsd-bruker\/#primaryimage\",\"url\":\"https:\/\/htiscientific.vn\/wp-content\/uploads\/2026\/03\/691e613902a6f5177533.png\",\"contentUrl\":\"https:\/\/htiscientific.vn\/wp-content\/uploads\/2026\/03\/691e613902a6f5177533.png\",\"width\":549,\"height\":549},{\"@type\":\"BreadcrumbList\",\"@id\":\"https:\/\/htiscientific.vn\/san-pham\/dau-do-ebsd-bruker\/#breadcrumb\",\"itemListElement\":[{\"@type\":\"ListItem\",\"position\":1,\"name\":\"Trang ch\u1ee7\",\"item\":\"https:\/\/htiscientific.vn\/\"},{\"@type\":\"ListItem\",\"position\":2,\"name\":\"C\u1eeda h\u00e0ng\",\"item\":\"https:\/\/htiscientific.vn\/cua-hang\/\"},{\"@type\":\"ListItem\",\"position\":3,\"name\":\"K\u00ednh hi\u1ec3n vi \u0111i\u1ec7n t\u1eed qu\u00e9t\",\"item\":\"https:\/\/htiscientific.vn\/danh-muc-san-pham\/kinh-hien-vi-dien-tu-quet\/\"},{\"@type\":\"ListItem\",\"position\":4,\"name\":\"Ph\u1ee5 ki\u1ec7n SEM\",\"item\":\"https:\/\/htiscientific.vn\/danh-muc-san-pham\/kinh-hien-vi-dien-tu-quet\/phu-kien-sem\/\"},{\"@type\":\"ListItem\",\"position\":5,\"name\":\"\u0110\u1ea7u d\u00f2 EBSD \u2013 Bruker\"}]},{\"@type\":\"WebSite\",\"@id\":\"https:\/\/htiscientific.vn\/#website\",\"url\":\"https:\/\/htiscientific.vn\/\",\"name\":\"HTI Scientific\",\"description\":\"HTI Scientific\",\"publisher\":{\"@id\":\"https:\/\/htiscientific.vn\/#organization\"},\"potentialAction\":[{\"@type\":\"SearchAction\",\"target\":{\"@type\":\"EntryPoint\",\"urlTemplate\":\"https:\/\/htiscientific.vn\/?s={search_term_string}\"},\"query-input\":{\"@type\":\"PropertyValueSpecification\",\"valueRequired\":true,\"valueName\":\"search_term_string\"}}],\"inLanguage\":\"en-US\"},{\"@type\":\"Organization\",\"@id\":\"https:\/\/htiscientific.vn\/#organization\",\"name\":\"HTI Scientific\",\"alternateName\":\"HTI Scientific\",\"url\":\"https:\/\/htiscientific.vn\/\",\"logo\":{\"@type\":\"ImageObject\",\"inLanguage\":\"en-US\",\"@id\":\"https:\/\/htiscientific.vn\/#\/schema\/logo\/image\/\",\"url\":\"https:\/\/htiscientific.vn\/wp-content\/uploads\/2025\/03\/ava-hti-copy.jpg\",\"contentUrl\":\"https:\/\/htiscientific.vn\/wp-content\/uploads\/2025\/03\/ava-hti-copy.jpg\",\"width\":700,\"height\":450,\"caption\":\"HTI Scientific\"},\"image\":{\"@id\":\"https:\/\/htiscientific.vn\/#\/schema\/logo\/image\/\"},\"sameAs\":[\"https:\/\/www.facebook.com\/htiscientific.vn\"]}]}<\/script>\n<!-- \/ Yoast SEO plugin. -->","yoast_head_json":{"title":"\u0110\u1ea7u d\u00f2 EBSD \u2013 Bruker - HTI Scientific","description":"H\u1ec7 th\u1ed1ng QUANTAX ED-XS cung c\u1ea5p kh\u1ea3 n\u0103ng EBSD v\u00e0 EDS ti\u00ean ti\u1ebfn trong m\u1ed9t gi\u1ea3i ph\u00e1p nh\u1ecf g\u1ecdn, gi\u00fap n\u00e2ng cao hi\u1ec7u su\u1ea5t ph\u00e2n t\u00edch c\u1ee7a k\u00ednh hi\u1ec3n vi \u0111i\u1ec7n t\u1eed qu\u00e9t.","robots":{"index":"index","follow":"follow","max-snippet":"max-snippet:-1","max-image-preview":"max-image-preview:large","max-video-preview":"max-video-preview:-1"},"canonical":"https:\/\/htiscientific.vn\/en\/product\/dau-do-ebsd-bruker\/","og_locale":"en_US","og_type":"article","og_title":"\u0110\u1ea7u d\u00f2 EBSD \u2013 Bruker - HTI Scientific","og_description":"H\u1ec7 th\u1ed1ng QUANTAX ED-XS cung c\u1ea5p kh\u1ea3 n\u0103ng EBSD v\u00e0 EDS ti\u00ean ti\u1ebfn trong m\u1ed9t gi\u1ea3i ph\u00e1p nh\u1ecf g\u1ecdn, gi\u00fap n\u00e2ng cao hi\u1ec7u su\u1ea5t ph\u00e2n t\u00edch c\u1ee7a k\u00ednh hi\u1ec3n vi \u0111i\u1ec7n t\u1eed qu\u00e9t.","og_url":"https:\/\/htiscientific.vn\/en\/product\/dau-do-ebsd-bruker\/","og_site_name":"HTI Scientific","article_publisher":"https:\/\/www.facebook.com\/htiscientific.vn","article_modified_time":"2026-03-12T03:01:31+00:00","og_image":[{"width":549,"height":549,"url":"https:\/\/htiscientific.vn\/wp-content\/uploads\/2026\/03\/691e613902a6f5177533.png","type":"image\/png"}],"twitter_card":"summary_large_image","twitter_misc":{"Est. reading time":"2 minutes"},"schema":{"@context":"https:\/\/schema.org","@graph":[{"@type":"WebPage","@id":"https:\/\/htiscientific.vn\/san-pham\/dau-do-ebsd-bruker\/","url":"https:\/\/htiscientific.vn\/san-pham\/dau-do-ebsd-bruker\/","name":"\u0110\u1ea7u d\u00f2 EBSD \u2013 Bruker - HTI Scientific","isPartOf":{"@id":"https:\/\/htiscientific.vn\/#website"},"primaryImageOfPage":{"@id":"https:\/\/htiscientific.vn\/san-pham\/dau-do-ebsd-bruker\/#primaryimage"},"image":{"@id":"https:\/\/htiscientific.vn\/san-pham\/dau-do-ebsd-bruker\/#primaryimage"},"thumbnailUrl":"https:\/\/htiscientific.vn\/wp-content\/uploads\/2026\/03\/691e613902a6f5177533.png","datePublished":"2026-03-12T02:59:50+00:00","dateModified":"2026-03-12T03:01:31+00:00","description":"H\u1ec7 th\u1ed1ng QUANTAX ED-XS cung c\u1ea5p kh\u1ea3 n\u0103ng EBSD v\u00e0 EDS ti\u00ean ti\u1ebfn trong m\u1ed9t gi\u1ea3i ph\u00e1p nh\u1ecf g\u1ecdn, gi\u00fap n\u00e2ng cao hi\u1ec7u su\u1ea5t ph\u00e2n t\u00edch c\u1ee7a k\u00ednh hi\u1ec3n vi \u0111i\u1ec7n t\u1eed qu\u00e9t.","breadcrumb":{"@id":"https:\/\/htiscientific.vn\/san-pham\/dau-do-ebsd-bruker\/#breadcrumb"},"inLanguage":"en-US","potentialAction":[{"@type":"ReadAction","target":["https:\/\/htiscientific.vn\/san-pham\/dau-do-ebsd-bruker\/"]}]},{"@type":"ImageObject","inLanguage":"en-US","@id":"https:\/\/htiscientific.vn\/san-pham\/dau-do-ebsd-bruker\/#primaryimage","url":"https:\/\/htiscientific.vn\/wp-content\/uploads\/2026\/03\/691e613902a6f5177533.png","contentUrl":"https:\/\/htiscientific.vn\/wp-content\/uploads\/2026\/03\/691e613902a6f5177533.png","width":549,"height":549},{"@type":"BreadcrumbList","@id":"https:\/\/htiscientific.vn\/san-pham\/dau-do-ebsd-bruker\/#breadcrumb","itemListElement":[{"@type":"ListItem","position":1,"name":"Trang ch\u1ee7","item":"https:\/\/htiscientific.vn\/"},{"@type":"ListItem","position":2,"name":"C\u1eeda h\u00e0ng","item":"https:\/\/htiscientific.vn\/cua-hang\/"},{"@type":"ListItem","position":3,"name":"K\u00ednh hi\u1ec3n vi \u0111i\u1ec7n t\u1eed qu\u00e9t","item":"https:\/\/htiscientific.vn\/danh-muc-san-pham\/kinh-hien-vi-dien-tu-quet\/"},{"@type":"ListItem","position":4,"name":"Ph\u1ee5 ki\u1ec7n SEM","item":"https:\/\/htiscientific.vn\/danh-muc-san-pham\/kinh-hien-vi-dien-tu-quet\/phu-kien-sem\/"},{"@type":"ListItem","position":5,"name":"\u0110\u1ea7u d\u00f2 EBSD \u2013 Bruker"}]},{"@type":"WebSite","@id":"https:\/\/htiscientific.vn\/#website","url":"https:\/\/htiscientific.vn\/","name":"HTI Scientific","description":"HTI Scientific","publisher":{"@id":"https:\/\/htiscientific.vn\/#organization"},"potentialAction":[{"@type":"SearchAction","target":{"@type":"EntryPoint","urlTemplate":"https:\/\/htiscientific.vn\/?s={search_term_string}"},"query-input":{"@type":"PropertyValueSpecification","valueRequired":true,"valueName":"search_term_string"}}],"inLanguage":"en-US"},{"@type":"Organization","@id":"https:\/\/htiscientific.vn\/#organization","name":"HTI Scientific","alternateName":"HTI Scientific","url":"https:\/\/htiscientific.vn\/","logo":{"@type":"ImageObject","inLanguage":"en-US","@id":"https:\/\/htiscientific.vn\/#\/schema\/logo\/image\/","url":"https:\/\/htiscientific.vn\/wp-content\/uploads\/2025\/03\/ava-hti-copy.jpg","contentUrl":"https:\/\/htiscientific.vn\/wp-content\/uploads\/2025\/03\/ava-hti-copy.jpg","width":700,"height":450,"caption":"HTI Scientific"},"image":{"@id":"https:\/\/htiscientific.vn\/#\/schema\/logo\/image\/"},"sameAs":["https:\/\/www.facebook.com\/htiscientific.vn"]}]}},"_links":{"self":[{"href":"https:\/\/htiscientific.vn\/en\/wp-json\/wp\/v2\/product\/2264","targetHints":{"allow":["GET"]}}],"collection":[{"href":"https:\/\/htiscientific.vn\/en\/wp-json\/wp\/v2\/product"}],"about":[{"href":"https:\/\/htiscientific.vn\/en\/wp-json\/wp\/v2\/types\/product"}],"wp:featuredmedia":[{"embeddable":true,"href":"https:\/\/htiscientific.vn\/en\/wp-json\/wp\/v2\/media\/2267"}],"wp:attachment":[{"href":"https:\/\/htiscientific.vn\/en\/wp-json\/wp\/v2\/media?parent=2264"}],"wp:term":[{"taxonomy":"product_brand","embeddable":true,"href":"https:\/\/htiscientific.vn\/en\/wp-json\/wp\/v2\/product_brand?post=2264"},{"taxonomy":"product_cat","embeddable":true,"href":"https:\/\/htiscientific.vn\/en\/wp-json\/wp\/v2\/product_cat?post=2264"},{"taxonomy":"product_tag","embeddable":true,"href":"https:\/\/htiscientific.vn\/en\/wp-json\/wp\/v2\/product_tag?post=2264"}],"curies":[{"name":"wp","href":"https:\/\/api.w.org\/{rel}","templated":true}]}}