{"id":2195,"date":"2026-02-27T11:27:09","date_gmt":"2026-02-27T04:27:09","guid":{"rendered":"https:\/\/htiscientific.vn\/?post_type=product&#038;p=2195"},"modified":"2026-02-27T16:42:09","modified_gmt":"2026-02-27T09:42:09","slug":"dau-do-electron-tan-xa-nguoc-bse","status":"publish","type":"product","link":"https:\/\/htiscientific.vn\/en\/product\/dau-do-electron-tan-xa-nguoc-bse\/","title":{"rendered":"\u0110\u1ea7u d\u00f2 Electron T\u00e1n X\u1ea1 Ng\u01b0\u1ee3c (BSE)"},"content":{"rendered":"<p style=\"text-align: justify;\"><span style=\"color: #000000; font-size: 14px;\"><a href=\"https:\/\/coxem.com\/products\/sem-accessories\/bse-detector\/\">\u0110\u1ea7u d\u00f2 Electron t\u00e1n x\u1ea1 ng\u01b0\u1ee3c<\/a> (BSE Detector) c\u1ee7a <a href=\"https:\/\/htiscientific.vn\/en\/hang-san-xuat\/coxem\/\">COXEM<\/a> x\u00e1c \u0111\u1ecbnh c\u00e1c Electron t\u00e1n x\u1ea1 ng\u01b0\u1ee3c l\u00e0 c\u00e1c electron n\u0103ng l\u01b0\u1ee3ng cao \u0111\u01b0\u1ee3c t\u1ea1o ra do t\u01b0\u01a1ng t\u00e1c \u0111\u00e0n h\u1ed3i gi\u1eefa ch\u00f9m electron s\u01a1 c\u1ea5p v\u00e0 b\u1ec1 m\u1eb7t m\u1eabu.<\/span><\/p>\n<p style=\"text-align: justify;\"><span style=\"font-size: 14px;\"><strong><span style=\"color: #000000;\">\u0110\u1eb7c \u0111i\u1ec3m n\u1ed5i b\u1eadt:<\/span><\/strong><\/span><\/p>\n<ol style=\"text-align: justify;\">\n<li><span style=\"color: #000000; font-size: 14px;\">\u0110\u1ea7u d\u00f2 BSE b\u00e1n d\u1eabn 4 k\u00eanh<\/span><\/li>\n<li><span style=\"color: #000000; font-size: 14px;\">H\u00ecnh \u1ea3nh ranh gi\u1edbi kim lo\u1ea1i r\u00f5 n\u00e9t<\/span><\/li>\n<li><span style=\"color: #000000; font-size: 14px;\">H\u00ecnh \u1ea3nh n\u1ed5i kh\u1ed1i (3D) t\u1ed1t h\u01a1n so v\u1edbi \u0111\u1ea7u d\u00f2 SE<\/span><\/li>\n<li><span style=\"color: #000000; font-size: 14px;\">T\u00f9y ch\u1ecdn l\u1eafp th\u00eam cho c\u1ea3 d\u00f2ng EM Series v\u00e0 CX Series<\/span><\/li>\n<li><span style=\"color: #000000; font-size: 14px;\">\u0110i\u1ec1u khi\u1ec3n ph\u1ea7n m\u1ec1m d\u1ec5 d\u00e0ng th\u00f4ng qua b\u1ea3ng m\u1ea1ch s\u1ed1<\/span><\/li>\n<li><span style=\"color: #000000; font-size: 14px;\">Cho h\u00ecnh \u1ea3nh r\u00f5 v\u1edbi m\u1eabu kh\u00f4ng ph\u1ee7 kim lo\u1ea1i khi s\u1eed d\u1ee5ng ch\u1ebf \u0111\u1ed9 \u0111i\u1ec7n \u00e1p th\u1ea5p (LV Mode)<\/span><\/li>\n<\/ol>\n<p style=\"text-align: justify;\"><span style=\"font-size: 14px;\"><strong><span style=\"color: #000000;\">Th\u00f4ng s\u1ed1 k\u1ef9 thu\u1eadt \u0111\u1ea7u d\u00f2 electron t\u00e1n x\u1ea1 ng\u01b0\u1ee3c BSE:<\/span><\/strong><\/span><\/p>\n<ul>\n<li style=\"text-align: justify;\"><span style=\"color: #000000; font-size: 14px;\">\u0110\u1ed9 ph\u00e2n gi\u1ea3i: 10 nm<\/span><\/li>\n<li style=\"text-align: justify;\"><span style=\"color: #000000; font-size: 14px;\">S\u1ed1 k\u00eanh: 4 k\u00eanh, lo\u1ea1i b\u00e1n d\u1eabn (solid type)<\/span><\/li>\n<li><span style=\"color: #000000; font-size: 14px;\">Ch\u1ebf \u0111\u1ed9 h\u00ecnh \u1ea3nh:<\/span>\n<ul>\n<li style=\"text-align: justify;\"><span style=\"color: #000000; font-size: 14px;\">Topography (\u0111\u1ecba h\u00ecnh b\u1ec1 m\u1eb7t)<\/span><\/li>\n<li style=\"text-align: justify;\"><span style=\"color: #000000; font-size: 14px;\">Composition (th\u00e0nh ph\u1ea7n v\u1eadt li\u1ec7u)<\/span><\/li>\n<li style=\"text-align: justify;\"><span style=\"color: #000000; font-size: 14px;\">H\u1ed7 tr\u1ee3 hi\u1ec3n th\u1ecb k\u00e9p (Dual Display)<\/span><\/li>\n<\/ul>\n<\/li>\n<\/ul>","protected":false},"excerpt":{"rendered":"<p style=\"text-align: justify;\"><span style=\"color: #000000; font-size: 14px;\">\u0110\u1ea7u d\u00f2 Electron t\u00e1n x\u1ea1 ng\u01b0\u1ee3c c\u1ee7a <a href=\"https:\/\/htiscientific.vn\/en\/hang-san-xuat\/coxem\/\">COXEM<\/a> x\u00e1c \u0111\u1ecbnh c\u00e1c Electron t\u00e1n x\u1ea1 ng\u01b0\u1ee3c l\u00e0 c\u00e1c electron n\u0103ng l\u01b0\u1ee3ng cao \u0111\u01b0\u1ee3c t\u1ea1o ra do t\u01b0\u01a1ng t\u00e1c \u0111\u00e0n h\u1ed3i gi\u1eefa ch\u00f9m electron s\u01a1 c\u1ea5p v\u00e0 b\u1ec1 m\u1eb7t m\u1eabu.<\/span><\/p>","protected":false},"featured_media":2197,"template":"","meta":{"inline_featured_image":false},"product_brand":[129],"product_cat":[130,135],"product_tag":[],"class_list":{"0":"post-2195","1":"product","2":"type-product","3":"status-publish","4":"has-post-thumbnail","6":"product_brand-coxem","7":"product_cat-kinh-hien-vi-dien-tu-quet","8":"product_cat-phu-kien-sem","10":"first","11":"instock","12":"shipping-taxable","13":"product-type-simple"},"yoast_head":"<!-- This site is optimized with the Yoast SEO plugin v24.7 - https:\/\/yoast.com\/wordpress\/plugins\/seo\/ -->\n<title>\u0110\u1ea7u d\u00f2 Electron T\u00e1n X\u1ea1 Ng\u01b0\u1ee3c (BSE) - HTI Scientific<\/title>\n<meta name=\"description\" content=\"\u0110\u1ea7u d\u00f2 Electron t\u00e1n x\u1ea1 ng\u01b0\u1ee3c (BSE) x\u00e1c \u0111\u1ecbnh electron n\u0103ng l\u01b0\u1ee3ng cao \u0111\u01b0\u1ee3c t\u1ea1o ra do t\u01b0\u01a1ng t\u00e1c \u0111\u00e0n h\u1ed3i gi\u1eefa ch\u00f9m electron s\u01a1 c\u1ea5p v\u00e0 b\u1ec1 m\u1eb7t m\u1eabu.\" \/>\n<meta name=\"robots\" content=\"index, follow, max-snippet:-1, max-image-preview:large, max-video-preview:-1\" \/>\n<link rel=\"canonical\" href=\"https:\/\/htiscientific.vn\/en\/product\/dau-do-electron-tan-xa-nguoc-bse\/\" \/>\n<meta property=\"og:locale\" content=\"en_US\" \/>\n<meta property=\"og:type\" content=\"article\" \/>\n<meta property=\"og:title\" content=\"\u0110\u1ea7u d\u00f2 Electron T\u00e1n X\u1ea1 Ng\u01b0\u1ee3c (BSE) - HTI Scientific\" \/>\n<meta property=\"og:description\" content=\"\u0110\u1ea7u d\u00f2 Electron t\u00e1n x\u1ea1 ng\u01b0\u1ee3c (BSE) x\u00e1c \u0111\u1ecbnh electron n\u0103ng l\u01b0\u1ee3ng cao \u0111\u01b0\u1ee3c t\u1ea1o ra do t\u01b0\u01a1ng t\u00e1c \u0111\u00e0n h\u1ed3i gi\u1eefa ch\u00f9m electron s\u01a1 c\u1ea5p v\u00e0 b\u1ec1 m\u1eb7t m\u1eabu.\" \/>\n<meta property=\"og:url\" content=\"https:\/\/htiscientific.vn\/en\/product\/dau-do-electron-tan-xa-nguoc-bse\/\" \/>\n<meta property=\"og:site_name\" content=\"HTI Scientific\" \/>\n<meta property=\"article:publisher\" content=\"https:\/\/www.facebook.com\/htiscientific.vn\" \/>\n<meta property=\"article:modified_time\" content=\"2026-02-27T09:42:09+00:00\" \/>\n<meta property=\"og:image\" content=\"https:\/\/htiscientific.vn\/wp-content\/uploads\/2026\/02\/bse.png\" \/>\n\t<meta property=\"og:image:width\" content=\"1000\" \/>\n\t<meta property=\"og:image:height\" content=\"1000\" \/>\n\t<meta property=\"og:image:type\" content=\"image\/png\" \/>\n<meta name=\"twitter:card\" content=\"summary_large_image\" \/>\n<meta name=\"twitter:label1\" content=\"Est. reading time\" \/>\n\t<meta name=\"twitter:data1\" content=\"2 minutes\" \/>\n<script type=\"application\/ld+json\" class=\"yoast-schema-graph\">{\"@context\":\"https:\/\/schema.org\",\"@graph\":[{\"@type\":\"WebPage\",\"@id\":\"https:\/\/htiscientific.vn\/san-pham\/dau-do-electron-tan-xa-nguoc-bse\/\",\"url\":\"https:\/\/htiscientific.vn\/san-pham\/dau-do-electron-tan-xa-nguoc-bse\/\",\"name\":\"\u0110\u1ea7u d\u00f2 Electron T\u00e1n X\u1ea1 Ng\u01b0\u1ee3c (BSE) - HTI Scientific\",\"isPartOf\":{\"@id\":\"https:\/\/htiscientific.vn\/#website\"},\"primaryImageOfPage\":{\"@id\":\"https:\/\/htiscientific.vn\/san-pham\/dau-do-electron-tan-xa-nguoc-bse\/#primaryimage\"},\"image\":{\"@id\":\"https:\/\/htiscientific.vn\/san-pham\/dau-do-electron-tan-xa-nguoc-bse\/#primaryimage\"},\"thumbnailUrl\":\"https:\/\/htiscientific.vn\/wp-content\/uploads\/2026\/02\/bse.png\",\"datePublished\":\"2026-02-27T04:27:09+00:00\",\"dateModified\":\"2026-02-27T09:42:09+00:00\",\"description\":\"\u0110\u1ea7u d\u00f2 Electron t\u00e1n x\u1ea1 ng\u01b0\u1ee3c (BSE) x\u00e1c \u0111\u1ecbnh electron n\u0103ng l\u01b0\u1ee3ng cao \u0111\u01b0\u1ee3c t\u1ea1o ra do t\u01b0\u01a1ng t\u00e1c \u0111\u00e0n h\u1ed3i gi\u1eefa ch\u00f9m electron s\u01a1 c\u1ea5p v\u00e0 b\u1ec1 m\u1eb7t m\u1eabu.\",\"breadcrumb\":{\"@id\":\"https:\/\/htiscientific.vn\/san-pham\/dau-do-electron-tan-xa-nguoc-bse\/#breadcrumb\"},\"inLanguage\":\"en-US\",\"potentialAction\":[{\"@type\":\"ReadAction\",\"target\":[\"https:\/\/htiscientific.vn\/san-pham\/dau-do-electron-tan-xa-nguoc-bse\/\"]}]},{\"@type\":\"ImageObject\",\"inLanguage\":\"en-US\",\"@id\":\"https:\/\/htiscientific.vn\/san-pham\/dau-do-electron-tan-xa-nguoc-bse\/#primaryimage\",\"url\":\"https:\/\/htiscientific.vn\/wp-content\/uploads\/2026\/02\/bse.png\",\"contentUrl\":\"https:\/\/htiscientific.vn\/wp-content\/uploads\/2026\/02\/bse.png\",\"width\":1000,\"height\":1000},{\"@type\":\"BreadcrumbList\",\"@id\":\"https:\/\/htiscientific.vn\/san-pham\/dau-do-electron-tan-xa-nguoc-bse\/#breadcrumb\",\"itemListElement\":[{\"@type\":\"ListItem\",\"position\":1,\"name\":\"Trang ch\u1ee7\",\"item\":\"https:\/\/htiscientific.vn\/\"},{\"@type\":\"ListItem\",\"position\":2,\"name\":\"C\u1eeda h\u00e0ng\",\"item\":\"https:\/\/htiscientific.vn\/cua-hang\/\"},{\"@type\":\"ListItem\",\"position\":3,\"name\":\"K\u00ednh hi\u1ec3n vi \u0111i\u1ec7n t\u1eed qu\u00e9t\",\"item\":\"https:\/\/htiscientific.vn\/danh-muc-san-pham\/kinh-hien-vi-dien-tu-quet\/\"},{\"@type\":\"ListItem\",\"position\":4,\"name\":\"Ph\u1ee5 ki\u1ec7n SEM\",\"item\":\"https:\/\/htiscientific.vn\/danh-muc-san-pham\/kinh-hien-vi-dien-tu-quet\/phu-kien-sem\/\"},{\"@type\":\"ListItem\",\"position\":5,\"name\":\"\u0110\u1ea7u d\u00f2 Electron T\u00e1n X\u1ea1 Ng\u01b0\u1ee3c (BSE)\"}]},{\"@type\":\"WebSite\",\"@id\":\"https:\/\/htiscientific.vn\/#website\",\"url\":\"https:\/\/htiscientific.vn\/\",\"name\":\"HTI Scientific\",\"description\":\"HTI Scientific\",\"publisher\":{\"@id\":\"https:\/\/htiscientific.vn\/#organization\"},\"potentialAction\":[{\"@type\":\"SearchAction\",\"target\":{\"@type\":\"EntryPoint\",\"urlTemplate\":\"https:\/\/htiscientific.vn\/?s={search_term_string}\"},\"query-input\":{\"@type\":\"PropertyValueSpecification\",\"valueRequired\":true,\"valueName\":\"search_term_string\"}}],\"inLanguage\":\"en-US\"},{\"@type\":\"Organization\",\"@id\":\"https:\/\/htiscientific.vn\/#organization\",\"name\":\"HTI Scientific\",\"alternateName\":\"HTI Scientific\",\"url\":\"https:\/\/htiscientific.vn\/\",\"logo\":{\"@type\":\"ImageObject\",\"inLanguage\":\"en-US\",\"@id\":\"https:\/\/htiscientific.vn\/#\/schema\/logo\/image\/\",\"url\":\"https:\/\/htiscientific.vn\/wp-content\/uploads\/2025\/03\/ava-hti-copy.jpg\",\"contentUrl\":\"https:\/\/htiscientific.vn\/wp-content\/uploads\/2025\/03\/ava-hti-copy.jpg\",\"width\":700,\"height\":450,\"caption\":\"HTI Scientific\"},\"image\":{\"@id\":\"https:\/\/htiscientific.vn\/#\/schema\/logo\/image\/\"},\"sameAs\":[\"https:\/\/www.facebook.com\/htiscientific.vn\"]}]}<\/script>\n<!-- \/ Yoast SEO plugin. -->","yoast_head_json":{"title":"\u0110\u1ea7u d\u00f2 Electron T\u00e1n X\u1ea1 Ng\u01b0\u1ee3c (BSE) - HTI Scientific","description":"\u0110\u1ea7u d\u00f2 Electron t\u00e1n x\u1ea1 ng\u01b0\u1ee3c (BSE) x\u00e1c \u0111\u1ecbnh electron n\u0103ng l\u01b0\u1ee3ng cao \u0111\u01b0\u1ee3c t\u1ea1o ra do t\u01b0\u01a1ng t\u00e1c \u0111\u00e0n h\u1ed3i gi\u1eefa ch\u00f9m electron s\u01a1 c\u1ea5p v\u00e0 b\u1ec1 m\u1eb7t m\u1eabu.","robots":{"index":"index","follow":"follow","max-snippet":"max-snippet:-1","max-image-preview":"max-image-preview:large","max-video-preview":"max-video-preview:-1"},"canonical":"https:\/\/htiscientific.vn\/en\/product\/dau-do-electron-tan-xa-nguoc-bse\/","og_locale":"en_US","og_type":"article","og_title":"\u0110\u1ea7u d\u00f2 Electron T\u00e1n X\u1ea1 Ng\u01b0\u1ee3c (BSE) - HTI Scientific","og_description":"\u0110\u1ea7u d\u00f2 Electron t\u00e1n x\u1ea1 ng\u01b0\u1ee3c (BSE) x\u00e1c \u0111\u1ecbnh electron n\u0103ng l\u01b0\u1ee3ng cao \u0111\u01b0\u1ee3c t\u1ea1o ra do t\u01b0\u01a1ng t\u00e1c \u0111\u00e0n h\u1ed3i gi\u1eefa ch\u00f9m electron s\u01a1 c\u1ea5p v\u00e0 b\u1ec1 m\u1eb7t m\u1eabu.","og_url":"https:\/\/htiscientific.vn\/en\/product\/dau-do-electron-tan-xa-nguoc-bse\/","og_site_name":"HTI Scientific","article_publisher":"https:\/\/www.facebook.com\/htiscientific.vn","article_modified_time":"2026-02-27T09:42:09+00:00","og_image":[{"width":1000,"height":1000,"url":"https:\/\/htiscientific.vn\/wp-content\/uploads\/2026\/02\/bse.png","type":"image\/png"}],"twitter_card":"summary_large_image","twitter_misc":{"Est. reading time":"2 minutes"},"schema":{"@context":"https:\/\/schema.org","@graph":[{"@type":"WebPage","@id":"https:\/\/htiscientific.vn\/san-pham\/dau-do-electron-tan-xa-nguoc-bse\/","url":"https:\/\/htiscientific.vn\/san-pham\/dau-do-electron-tan-xa-nguoc-bse\/","name":"\u0110\u1ea7u d\u00f2 Electron T\u00e1n X\u1ea1 Ng\u01b0\u1ee3c (BSE) - HTI Scientific","isPartOf":{"@id":"https:\/\/htiscientific.vn\/#website"},"primaryImageOfPage":{"@id":"https:\/\/htiscientific.vn\/san-pham\/dau-do-electron-tan-xa-nguoc-bse\/#primaryimage"},"image":{"@id":"https:\/\/htiscientific.vn\/san-pham\/dau-do-electron-tan-xa-nguoc-bse\/#primaryimage"},"thumbnailUrl":"https:\/\/htiscientific.vn\/wp-content\/uploads\/2026\/02\/bse.png","datePublished":"2026-02-27T04:27:09+00:00","dateModified":"2026-02-27T09:42:09+00:00","description":"\u0110\u1ea7u d\u00f2 Electron t\u00e1n x\u1ea1 ng\u01b0\u1ee3c (BSE) x\u00e1c \u0111\u1ecbnh electron n\u0103ng l\u01b0\u1ee3ng cao \u0111\u01b0\u1ee3c t\u1ea1o ra do t\u01b0\u01a1ng t\u00e1c \u0111\u00e0n h\u1ed3i gi\u1eefa ch\u00f9m electron s\u01a1 c\u1ea5p v\u00e0 b\u1ec1 m\u1eb7t m\u1eabu.","breadcrumb":{"@id":"https:\/\/htiscientific.vn\/san-pham\/dau-do-electron-tan-xa-nguoc-bse\/#breadcrumb"},"inLanguage":"en-US","potentialAction":[{"@type":"ReadAction","target":["https:\/\/htiscientific.vn\/san-pham\/dau-do-electron-tan-xa-nguoc-bse\/"]}]},{"@type":"ImageObject","inLanguage":"en-US","@id":"https:\/\/htiscientific.vn\/san-pham\/dau-do-electron-tan-xa-nguoc-bse\/#primaryimage","url":"https:\/\/htiscientific.vn\/wp-content\/uploads\/2026\/02\/bse.png","contentUrl":"https:\/\/htiscientific.vn\/wp-content\/uploads\/2026\/02\/bse.png","width":1000,"height":1000},{"@type":"BreadcrumbList","@id":"https:\/\/htiscientific.vn\/san-pham\/dau-do-electron-tan-xa-nguoc-bse\/#breadcrumb","itemListElement":[{"@type":"ListItem","position":1,"name":"Trang ch\u1ee7","item":"https:\/\/htiscientific.vn\/"},{"@type":"ListItem","position":2,"name":"C\u1eeda h\u00e0ng","item":"https:\/\/htiscientific.vn\/cua-hang\/"},{"@type":"ListItem","position":3,"name":"K\u00ednh hi\u1ec3n vi \u0111i\u1ec7n t\u1eed qu\u00e9t","item":"https:\/\/htiscientific.vn\/danh-muc-san-pham\/kinh-hien-vi-dien-tu-quet\/"},{"@type":"ListItem","position":4,"name":"Ph\u1ee5 ki\u1ec7n SEM","item":"https:\/\/htiscientific.vn\/danh-muc-san-pham\/kinh-hien-vi-dien-tu-quet\/phu-kien-sem\/"},{"@type":"ListItem","position":5,"name":"\u0110\u1ea7u d\u00f2 Electron T\u00e1n X\u1ea1 Ng\u01b0\u1ee3c (BSE)"}]},{"@type":"WebSite","@id":"https:\/\/htiscientific.vn\/#website","url":"https:\/\/htiscientific.vn\/","name":"HTI Scientific","description":"HTI Scientific","publisher":{"@id":"https:\/\/htiscientific.vn\/#organization"},"potentialAction":[{"@type":"SearchAction","target":{"@type":"EntryPoint","urlTemplate":"https:\/\/htiscientific.vn\/?s={search_term_string}"},"query-input":{"@type":"PropertyValueSpecification","valueRequired":true,"valueName":"search_term_string"}}],"inLanguage":"en-US"},{"@type":"Organization","@id":"https:\/\/htiscientific.vn\/#organization","name":"HTI Scientific","alternateName":"HTI Scientific","url":"https:\/\/htiscientific.vn\/","logo":{"@type":"ImageObject","inLanguage":"en-US","@id":"https:\/\/htiscientific.vn\/#\/schema\/logo\/image\/","url":"https:\/\/htiscientific.vn\/wp-content\/uploads\/2025\/03\/ava-hti-copy.jpg","contentUrl":"https:\/\/htiscientific.vn\/wp-content\/uploads\/2025\/03\/ava-hti-copy.jpg","width":700,"height":450,"caption":"HTI Scientific"},"image":{"@id":"https:\/\/htiscientific.vn\/#\/schema\/logo\/image\/"},"sameAs":["https:\/\/www.facebook.com\/htiscientific.vn"]}]}},"_links":{"self":[{"href":"https:\/\/htiscientific.vn\/en\/wp-json\/wp\/v2\/product\/2195","targetHints":{"allow":["GET"]}}],"collection":[{"href":"https:\/\/htiscientific.vn\/en\/wp-json\/wp\/v2\/product"}],"about":[{"href":"https:\/\/htiscientific.vn\/en\/wp-json\/wp\/v2\/types\/product"}],"wp:featuredmedia":[{"embeddable":true,"href":"https:\/\/htiscientific.vn\/en\/wp-json\/wp\/v2\/media\/2197"}],"wp:attachment":[{"href":"https:\/\/htiscientific.vn\/en\/wp-json\/wp\/v2\/media?parent=2195"}],"wp:term":[{"taxonomy":"product_brand","embeddable":true,"href":"https:\/\/htiscientific.vn\/en\/wp-json\/wp\/v2\/product_brand?post=2195"},{"taxonomy":"product_cat","embeddable":true,"href":"https:\/\/htiscientific.vn\/en\/wp-json\/wp\/v2\/product_cat?post=2195"},{"taxonomy":"product_tag","embeddable":true,"href":"https:\/\/htiscientific.vn\/en\/wp-json\/wp\/v2\/product_tag?post=2195"}],"curies":[{"name":"wp","href":"https:\/\/api.w.org\/{rel}","templated":true}]}}