{"id":2193,"date":"2026-02-27T11:20:03","date_gmt":"2026-02-27T04:20:03","guid":{"rendered":"https:\/\/htiscientific.vn\/?post_type=product&#038;p=2193"},"modified":"2026-02-27T13:13:23","modified_gmt":"2026-02-27T06:13:23","slug":"mo-dun-chup-anh-stem","status":"publish","type":"product","link":"https:\/\/htiscientific.vn\/en\/product\/mo-dun-chup-anh-stem\/","title":{"rendered":"M\u00f4-\u0111un Ch\u1ee5p \u1ea2nh STEM"},"content":{"rendered":"<p style=\"text-align: justify;\"><span style=\"color: #000000; font-size: 14px;\"><a style=\"color: #000000;\" href=\"http:\/\/google.com\/url?q=https:\/\/coxem.com\/products\/sem-accessories\/stem-imaging-module\/&amp;sa=D&amp;source=editors&amp;ust=1772166058857116&amp;usg=AOvVaw1B_Gzrr5AA10Nj9A4VRg6I\">M\u00f4 &#8211; \u0111un ch\u1ee5p \u1ea3nh STEM<\/a> (Scanning Transmission Electron Microscopy) c\u1ee7a <a style=\"color: #000000;\" href=\"https:\/\/htiscientific.vn\/en\/hang-san-xuat\/coxem\/\">COXEM<\/a> l\u00e0 c\u00f4ng c\u1ee5 ph\u00e2n t\u00edch t\u1ea1o \u1ea3nh truy\u1ec1n qua, ho\u1ea1t \u0111\u1ed9ng d\u1ef1a tr\u00ean n\u1ec1n t\u1ea3ng k\u00ednh hi\u1ec3n vi \u0111i\u1ec7n t\u1eed qu\u00e9t \u0111\u1ec3 b\u00e0n (SEM). H\u1ec7 th\u1ed1ng t\u1ea1o \u1ea3nh b\u1eb1ng c\u00e1ch ph\u00e1t hi\u1ec7n c\u00e1c electron \u0111\u00e3 truy\u1ec1n xuy\u00ean qua m\u1eabu theo d\u1ea1ng hai chi\u1ec1u, th\u00f4ng qua ch\u00f9m electron \u0111\u01b0\u1ee3c ph\u00e1t ra t\u1eeb s\u00fang \u0111i\u1ec7n t\u1eed.<\/span><\/p>\n<p style=\"text-align: justify;\"><span style=\"color: #000000; font-size: 14px;\">M\u00f4-\u0111un n\u00e0y cho ph\u00e9p:<\/span><\/p>\n<ul style=\"text-align: justify;\">\n<li><span style=\"color: #000000; font-size: 14px;\">Trong l\u0129nh v\u1ef1c khoa h\u1ecdc s\u1ef1 s\u1ed1ng (Life Sciences): quan s\u00e1t th\u00f4ng tin c\u1ea5u tr\u00fac t\u1ebf b\u00e0o b\u00ean d\u01b0\u1edbi b\u1ec1 m\u1eb7t v\u00e0 chi ti\u1ebft c\u1ea5u tr\u00fac vi m\u00f4.<\/span><\/li>\n<li><span style=\"color: #000000; font-size: 14px;\">Trong khoa h\u1ecdc v\u1eadt li\u1ec7u: quan s\u00e1t c\u1ea5u tr\u00fac nano nh\u1edd ch\u00f9m tia \u0111i\u1ec7n t\u1eed k\u00edch th\u01b0\u1edbc nh\u1ecf v\u00e0 \u0111\u1ed9 t\u01b0\u01a1ng ph\u1ea3n\/\u0111\u1ed9 s\u00e1ng h\u00ecnh \u1ea3nh cao.<\/span><\/li>\n<\/ul>\n<p style=\"text-align: justify;\"><span style=\"color: #000000; font-size: 14px;\">STEM Imaging Module gi\u00fap m\u1edf r\u1ed9ng kh\u1ea3 n\u0103ng ph\u00e2n t\u00edch c\u1ee7a SEM, \u0111\u1eb7c bi\u1ec7t h\u1eefu \u00edch cho c\u00e1c nghi\u00ean c\u1ee9u y\u00eau c\u1ea7u h\u00ecnh \u1ea3nh truy\u1ec1n qua v\u1edbi \u0111\u1ed9 chi ti\u1ebft cao.<\/span><\/p>","protected":false},"excerpt":{"rendered":"<p style=\"text-align: justify;\"><span style=\"font-size: 14px; color: #000000;\">M\u00f4 &#8211; \u0111un ch\u1ee5p \u1ea3nh STEM (Scanning Transmission Electron Microscopy) l\u00e0 c\u00f4ng c\u1ee5 ph\u00e2n t\u00edch t\u1ea1o \u1ea3nh truy\u1ec1n qua, ho\u1ea1t \u0111\u1ed9ng d\u1ef1a tr\u00ean n\u1ec1n t\u1ea3ng k\u00ednh hi\u1ec3n vi \u0111i\u1ec7n t\u1eed qu\u00e9t \u0111\u1ec3 b\u00e0n (SEM). H\u1ec7 th\u1ed1ng t\u1ea1o \u1ea3nh b\u1eb1ng c\u00e1ch ph\u00e1t hi\u1ec7n c\u00e1c electron \u0111\u00e3 truy\u1ec1n xuy\u00ean qua m\u1eabu theo d\u1ea1ng hai chi\u1ec1u, th\u00f4ng qua ch\u00f9m electron \u0111\u01b0\u1ee3c ph\u00e1t ra t\u1eeb s\u00fang \u0111i\u1ec7n t\u1eed.<\/span><\/p>","protected":false},"featured_media":2194,"template":"","meta":{"inline_featured_image":false},"product_brand":[129],"product_cat":[130,135],"product_tag":[],"class_list":{"0":"post-2193","1":"product","2":"type-product","3":"status-publish","4":"has-post-thumbnail","6":"product_brand-coxem","7":"product_cat-kinh-hien-vi-dien-tu-quet","8":"product_cat-phu-kien-sem","10":"first","11":"instock","12":"shipping-taxable","13":"product-type-simple"},"yoast_head":"<!-- This site is optimized with the Yoast SEO plugin v24.7 - https:\/\/yoast.com\/wordpress\/plugins\/seo\/ -->\n<title>M\u00f4-\u0111un Ch\u1ee5p \u1ea2nh STEM - HTI Scientific<\/title>\n<meta name=\"description\" content=\"M\u00f4 - \u0111un ch\u1ee5p \u1ea3nh STEM l\u00e0 c\u00f4ng c\u1ee5 ph\u00e2n t\u00edch t\u1ea1o \u1ea3nh truy\u1ec1n qua, ho\u1ea1t \u0111\u1ed9ng d\u1ef1a tr\u00ean n\u1ec1n t\u1ea3ng k\u00ednh hi\u1ec3n vi \u0111i\u1ec7n t\u1eed qu\u00e9t \u0111\u1ec3 b\u00e0n (SEM).\" \/>\n<meta name=\"robots\" content=\"index, follow, max-snippet:-1, max-image-preview:large, max-video-preview:-1\" \/>\n<link rel=\"canonical\" href=\"https:\/\/htiscientific.vn\/en\/product\/mo-dun-chup-anh-stem\/\" \/>\n<meta property=\"og:locale\" content=\"en_US\" \/>\n<meta property=\"og:type\" content=\"article\" \/>\n<meta property=\"og:title\" content=\"M\u00f4-\u0111un Ch\u1ee5p \u1ea2nh STEM - HTI Scientific\" \/>\n<meta property=\"og:description\" content=\"M\u00f4 - \u0111un ch\u1ee5p \u1ea3nh STEM l\u00e0 c\u00f4ng c\u1ee5 ph\u00e2n t\u00edch t\u1ea1o \u1ea3nh truy\u1ec1n qua, ho\u1ea1t \u0111\u1ed9ng d\u1ef1a tr\u00ean n\u1ec1n t\u1ea3ng k\u00ednh hi\u1ec3n vi \u0111i\u1ec7n t\u1eed qu\u00e9t \u0111\u1ec3 b\u00e0n (SEM).\" \/>\n<meta property=\"og:url\" content=\"https:\/\/htiscientific.vn\/en\/product\/mo-dun-chup-anh-stem\/\" \/>\n<meta property=\"og:site_name\" content=\"HTI Scientific\" \/>\n<meta property=\"article:publisher\" content=\"https:\/\/www.facebook.com\/htiscientific.vn\" \/>\n<meta property=\"article:modified_time\" content=\"2026-02-27T06:13:23+00:00\" \/>\n<meta property=\"og:image\" content=\"https:\/\/htiscientific.vn\/wp-content\/uploads\/2026\/02\/stem.jpg\" \/>\n\t<meta property=\"og:image:width\" content=\"1000\" \/>\n\t<meta property=\"og:image:height\" content=\"1000\" \/>\n\t<meta property=\"og:image:type\" content=\"image\/jpeg\" \/>\n<meta name=\"twitter:card\" content=\"summary_large_image\" \/>\n<meta name=\"twitter:label1\" content=\"Est. reading time\" \/>\n\t<meta name=\"twitter:data1\" content=\"2 minutes\" \/>\n<script type=\"application\/ld+json\" class=\"yoast-schema-graph\">{\"@context\":\"https:\/\/schema.org\",\"@graph\":[{\"@type\":\"WebPage\",\"@id\":\"https:\/\/htiscientific.vn\/san-pham\/mo-dun-chup-anh-stem\/\",\"url\":\"https:\/\/htiscientific.vn\/san-pham\/mo-dun-chup-anh-stem\/\",\"name\":\"M\u00f4-\u0111un Ch\u1ee5p \u1ea2nh STEM - HTI Scientific\",\"isPartOf\":{\"@id\":\"https:\/\/htiscientific.vn\/#website\"},\"primaryImageOfPage\":{\"@id\":\"https:\/\/htiscientific.vn\/san-pham\/mo-dun-chup-anh-stem\/#primaryimage\"},\"image\":{\"@id\":\"https:\/\/htiscientific.vn\/san-pham\/mo-dun-chup-anh-stem\/#primaryimage\"},\"thumbnailUrl\":\"https:\/\/htiscientific.vn\/wp-content\/uploads\/2026\/02\/stem.jpg\",\"datePublished\":\"2026-02-27T04:20:03+00:00\",\"dateModified\":\"2026-02-27T06:13:23+00:00\",\"description\":\"M\u00f4 - \u0111un ch\u1ee5p \u1ea3nh STEM l\u00e0 c\u00f4ng c\u1ee5 ph\u00e2n t\u00edch t\u1ea1o \u1ea3nh truy\u1ec1n qua, ho\u1ea1t \u0111\u1ed9ng d\u1ef1a tr\u00ean n\u1ec1n t\u1ea3ng k\u00ednh hi\u1ec3n vi \u0111i\u1ec7n t\u1eed qu\u00e9t \u0111\u1ec3 b\u00e0n (SEM).\",\"breadcrumb\":{\"@id\":\"https:\/\/htiscientific.vn\/san-pham\/mo-dun-chup-anh-stem\/#breadcrumb\"},\"inLanguage\":\"en-US\",\"potentialAction\":[{\"@type\":\"ReadAction\",\"target\":[\"https:\/\/htiscientific.vn\/san-pham\/mo-dun-chup-anh-stem\/\"]}]},{\"@type\":\"ImageObject\",\"inLanguage\":\"en-US\",\"@id\":\"https:\/\/htiscientific.vn\/san-pham\/mo-dun-chup-anh-stem\/#primaryimage\",\"url\":\"https:\/\/htiscientific.vn\/wp-content\/uploads\/2026\/02\/stem.jpg\",\"contentUrl\":\"https:\/\/htiscientific.vn\/wp-content\/uploads\/2026\/02\/stem.jpg\",\"width\":1000,\"height\":1000},{\"@type\":\"BreadcrumbList\",\"@id\":\"https:\/\/htiscientific.vn\/san-pham\/mo-dun-chup-anh-stem\/#breadcrumb\",\"itemListElement\":[{\"@type\":\"ListItem\",\"position\":1,\"name\":\"Trang ch\u1ee7\",\"item\":\"https:\/\/htiscientific.vn\/\"},{\"@type\":\"ListItem\",\"position\":2,\"name\":\"C\u1eeda h\u00e0ng\",\"item\":\"https:\/\/htiscientific.vn\/cua-hang\/\"},{\"@type\":\"ListItem\",\"position\":3,\"name\":\"K\u00ednh hi\u1ec3n vi \u0111i\u1ec7n t\u1eed qu\u00e9t\",\"item\":\"https:\/\/htiscientific.vn\/danh-muc-san-pham\/kinh-hien-vi-dien-tu-quet\/\"},{\"@type\":\"ListItem\",\"position\":4,\"name\":\"Ph\u1ee5 ki\u1ec7n SEM\",\"item\":\"https:\/\/htiscientific.vn\/danh-muc-san-pham\/kinh-hien-vi-dien-tu-quet\/phu-kien-sem\/\"},{\"@type\":\"ListItem\",\"position\":5,\"name\":\"M\u00f4-\u0111un Ch\u1ee5p \u1ea2nh STEM\"}]},{\"@type\":\"WebSite\",\"@id\":\"https:\/\/htiscientific.vn\/#website\",\"url\":\"https:\/\/htiscientific.vn\/\",\"name\":\"HTI Scientific\",\"description\":\"HTI Scientific\",\"publisher\":{\"@id\":\"https:\/\/htiscientific.vn\/#organization\"},\"potentialAction\":[{\"@type\":\"SearchAction\",\"target\":{\"@type\":\"EntryPoint\",\"urlTemplate\":\"https:\/\/htiscientific.vn\/?s={search_term_string}\"},\"query-input\":{\"@type\":\"PropertyValueSpecification\",\"valueRequired\":true,\"valueName\":\"search_term_string\"}}],\"inLanguage\":\"en-US\"},{\"@type\":\"Organization\",\"@id\":\"https:\/\/htiscientific.vn\/#organization\",\"name\":\"HTI Scientific\",\"alternateName\":\"HTI Scientific\",\"url\":\"https:\/\/htiscientific.vn\/\",\"logo\":{\"@type\":\"ImageObject\",\"inLanguage\":\"en-US\",\"@id\":\"https:\/\/htiscientific.vn\/#\/schema\/logo\/image\/\",\"url\":\"https:\/\/htiscientific.vn\/wp-content\/uploads\/2025\/03\/ava-hti-copy.jpg\",\"contentUrl\":\"https:\/\/htiscientific.vn\/wp-content\/uploads\/2025\/03\/ava-hti-copy.jpg\",\"width\":700,\"height\":450,\"caption\":\"HTI Scientific\"},\"image\":{\"@id\":\"https:\/\/htiscientific.vn\/#\/schema\/logo\/image\/\"},\"sameAs\":[\"https:\/\/www.facebook.com\/htiscientific.vn\"]}]}<\/script>\n<!-- \/ Yoast SEO plugin. -->","yoast_head_json":{"title":"M\u00f4-\u0111un Ch\u1ee5p \u1ea2nh STEM - HTI Scientific","description":"M\u00f4 - \u0111un ch\u1ee5p \u1ea3nh STEM l\u00e0 c\u00f4ng c\u1ee5 ph\u00e2n t\u00edch t\u1ea1o \u1ea3nh truy\u1ec1n qua, ho\u1ea1t \u0111\u1ed9ng d\u1ef1a tr\u00ean n\u1ec1n t\u1ea3ng k\u00ednh hi\u1ec3n vi \u0111i\u1ec7n t\u1eed qu\u00e9t \u0111\u1ec3 b\u00e0n (SEM).","robots":{"index":"index","follow":"follow","max-snippet":"max-snippet:-1","max-image-preview":"max-image-preview:large","max-video-preview":"max-video-preview:-1"},"canonical":"https:\/\/htiscientific.vn\/en\/product\/mo-dun-chup-anh-stem\/","og_locale":"en_US","og_type":"article","og_title":"M\u00f4-\u0111un Ch\u1ee5p \u1ea2nh STEM - HTI Scientific","og_description":"M\u00f4 - \u0111un ch\u1ee5p \u1ea3nh STEM l\u00e0 c\u00f4ng c\u1ee5 ph\u00e2n t\u00edch t\u1ea1o \u1ea3nh truy\u1ec1n qua, ho\u1ea1t \u0111\u1ed9ng d\u1ef1a tr\u00ean n\u1ec1n t\u1ea3ng k\u00ednh hi\u1ec3n vi \u0111i\u1ec7n t\u1eed qu\u00e9t \u0111\u1ec3 b\u00e0n (SEM).","og_url":"https:\/\/htiscientific.vn\/en\/product\/mo-dun-chup-anh-stem\/","og_site_name":"HTI Scientific","article_publisher":"https:\/\/www.facebook.com\/htiscientific.vn","article_modified_time":"2026-02-27T06:13:23+00:00","og_image":[{"width":1000,"height":1000,"url":"https:\/\/htiscientific.vn\/wp-content\/uploads\/2026\/02\/stem.jpg","type":"image\/jpeg"}],"twitter_card":"summary_large_image","twitter_misc":{"Est. reading time":"2 minutes"},"schema":{"@context":"https:\/\/schema.org","@graph":[{"@type":"WebPage","@id":"https:\/\/htiscientific.vn\/san-pham\/mo-dun-chup-anh-stem\/","url":"https:\/\/htiscientific.vn\/san-pham\/mo-dun-chup-anh-stem\/","name":"M\u00f4-\u0111un Ch\u1ee5p \u1ea2nh STEM - HTI Scientific","isPartOf":{"@id":"https:\/\/htiscientific.vn\/#website"},"primaryImageOfPage":{"@id":"https:\/\/htiscientific.vn\/san-pham\/mo-dun-chup-anh-stem\/#primaryimage"},"image":{"@id":"https:\/\/htiscientific.vn\/san-pham\/mo-dun-chup-anh-stem\/#primaryimage"},"thumbnailUrl":"https:\/\/htiscientific.vn\/wp-content\/uploads\/2026\/02\/stem.jpg","datePublished":"2026-02-27T04:20:03+00:00","dateModified":"2026-02-27T06:13:23+00:00","description":"M\u00f4 - \u0111un ch\u1ee5p \u1ea3nh STEM l\u00e0 c\u00f4ng c\u1ee5 ph\u00e2n t\u00edch t\u1ea1o \u1ea3nh truy\u1ec1n qua, ho\u1ea1t \u0111\u1ed9ng d\u1ef1a tr\u00ean n\u1ec1n t\u1ea3ng k\u00ednh hi\u1ec3n vi \u0111i\u1ec7n t\u1eed qu\u00e9t \u0111\u1ec3 b\u00e0n (SEM).","breadcrumb":{"@id":"https:\/\/htiscientific.vn\/san-pham\/mo-dun-chup-anh-stem\/#breadcrumb"},"inLanguage":"en-US","potentialAction":[{"@type":"ReadAction","target":["https:\/\/htiscientific.vn\/san-pham\/mo-dun-chup-anh-stem\/"]}]},{"@type":"ImageObject","inLanguage":"en-US","@id":"https:\/\/htiscientific.vn\/san-pham\/mo-dun-chup-anh-stem\/#primaryimage","url":"https:\/\/htiscientific.vn\/wp-content\/uploads\/2026\/02\/stem.jpg","contentUrl":"https:\/\/htiscientific.vn\/wp-content\/uploads\/2026\/02\/stem.jpg","width":1000,"height":1000},{"@type":"BreadcrumbList","@id":"https:\/\/htiscientific.vn\/san-pham\/mo-dun-chup-anh-stem\/#breadcrumb","itemListElement":[{"@type":"ListItem","position":1,"name":"Trang ch\u1ee7","item":"https:\/\/htiscientific.vn\/"},{"@type":"ListItem","position":2,"name":"C\u1eeda h\u00e0ng","item":"https:\/\/htiscientific.vn\/cua-hang\/"},{"@type":"ListItem","position":3,"name":"K\u00ednh hi\u1ec3n vi \u0111i\u1ec7n t\u1eed qu\u00e9t","item":"https:\/\/htiscientific.vn\/danh-muc-san-pham\/kinh-hien-vi-dien-tu-quet\/"},{"@type":"ListItem","position":4,"name":"Ph\u1ee5 ki\u1ec7n SEM","item":"https:\/\/htiscientific.vn\/danh-muc-san-pham\/kinh-hien-vi-dien-tu-quet\/phu-kien-sem\/"},{"@type":"ListItem","position":5,"name":"M\u00f4-\u0111un Ch\u1ee5p \u1ea2nh STEM"}]},{"@type":"WebSite","@id":"https:\/\/htiscientific.vn\/#website","url":"https:\/\/htiscientific.vn\/","name":"HTI Scientific","description":"HTI Scientific","publisher":{"@id":"https:\/\/htiscientific.vn\/#organization"},"potentialAction":[{"@type":"SearchAction","target":{"@type":"EntryPoint","urlTemplate":"https:\/\/htiscientific.vn\/?s={search_term_string}"},"query-input":{"@type":"PropertyValueSpecification","valueRequired":true,"valueName":"search_term_string"}}],"inLanguage":"en-US"},{"@type":"Organization","@id":"https:\/\/htiscientific.vn\/#organization","name":"HTI Scientific","alternateName":"HTI Scientific","url":"https:\/\/htiscientific.vn\/","logo":{"@type":"ImageObject","inLanguage":"en-US","@id":"https:\/\/htiscientific.vn\/#\/schema\/logo\/image\/","url":"https:\/\/htiscientific.vn\/wp-content\/uploads\/2025\/03\/ava-hti-copy.jpg","contentUrl":"https:\/\/htiscientific.vn\/wp-content\/uploads\/2025\/03\/ava-hti-copy.jpg","width":700,"height":450,"caption":"HTI Scientific"},"image":{"@id":"https:\/\/htiscientific.vn\/#\/schema\/logo\/image\/"},"sameAs":["https:\/\/www.facebook.com\/htiscientific.vn"]}]}},"_links":{"self":[{"href":"https:\/\/htiscientific.vn\/en\/wp-json\/wp\/v2\/product\/2193","targetHints":{"allow":["GET"]}}],"collection":[{"href":"https:\/\/htiscientific.vn\/en\/wp-json\/wp\/v2\/product"}],"about":[{"href":"https:\/\/htiscientific.vn\/en\/wp-json\/wp\/v2\/types\/product"}],"wp:featuredmedia":[{"embeddable":true,"href":"https:\/\/htiscientific.vn\/en\/wp-json\/wp\/v2\/media\/2194"}],"wp:attachment":[{"href":"https:\/\/htiscientific.vn\/en\/wp-json\/wp\/v2\/media?parent=2193"}],"wp:term":[{"taxonomy":"product_brand","embeddable":true,"href":"https:\/\/htiscientific.vn\/en\/wp-json\/wp\/v2\/product_brand?post=2193"},{"taxonomy":"product_cat","embeddable":true,"href":"https:\/\/htiscientific.vn\/en\/wp-json\/wp\/v2\/product_cat?post=2193"},{"taxonomy":"product_tag","embeddable":true,"href":"https:\/\/htiscientific.vn\/en\/wp-json\/wp\/v2\/product_tag?post=2193"}],"curies":[{"name":"wp","href":"https:\/\/api.w.org\/{rel}","templated":true}]}}