{"id":2190,"date":"2026-02-27T11:16:02","date_gmt":"2026-02-27T04:16:02","guid":{"rendered":"https:\/\/htiscientific.vn\/?post_type=product&#038;p=2190"},"modified":"2026-02-27T13:13:41","modified_gmt":"2026-02-27T06:13:41","slug":"module-bao-ve-khi","status":"publish","type":"product","link":"https:\/\/htiscientific.vn\/en\/product\/module-bao-ve-khi\/","title":{"rendered":"Module b\u1ea3o v\u1ec7 kh\u00ed"},"content":{"rendered":"<p><span style=\"color: #000000; font-size: 14px;\">Module b\u1ea3o v\u1ec7 kh\u00ed l\u00e0 m\u1ed9t ph\u1ea7n ph\u1ee5 ki\u1ec7n c\u1ee7a SEM.<\/span><\/p>\n<p><span style=\"font-size: 14px;\"><span style=\"color: #000000;\"><a href=\"https:\/\/htiscientific.vn\/en\/hang-san-xuat\/coxem\/\">COXEM<\/a> cung c\u1ea5p gi\u00e1 gi\u1eef m\u1eabu chuy\u1ec3n trong m\u00f4i tr\u01b0\u1eddng kh\u00ed tr\u01a1 d\u00e0nh cho c\u00e1c m\u1eabu d\u1ec5 b\u1ecb oxy h\u00f3a ho\u1eb7c nh\u1ea1y c\u1ea3m v\u1edbi \u0111\u1ed9 \u1ea9m. <a href=\"https:\/\/coxem.com\/products\/sem-accessories\/air-protection-module\/\">Gi\u00e1 gi\u1eef m\u1eabu<\/a> \u0111\u1eb7c bi\u1ec7t n\u00e0y cho ph\u00e9p ph\u00e2n t\u00edch m\u1eabu tr\u1ef1c ti\u1ebfp tr\u00ean k\u00ednh hi\u1ec3n vi \u0111i\u1ec7n t\u1eed qu\u00e9t (SEM) c\u1ee7a COXEM m\u00e0 kh\u00f4ng c\u1ea7n ti\u1ebfp x\u00fac v\u1edbi kh\u00f4ng kh\u00ed, gi\u00fap b\u1ea3o to\u00e0n tr\u1ea1ng th\u00e1i ban \u0111\u1ea7u c\u1ee7a m\u1eabu v\u00e0 n\u00e2ng cao \u0111\u1ed9 ch\u00ednh x\u00e1c k\u1ebft qu\u1ea3 quan s\u00e1t.<\/span><\/span><\/p>","protected":false},"excerpt":{"rendered":"<p style=\"text-align: justify;\"><span style=\"font-size: 14px;\"><span style=\"color: #000000;\"><a href=\"https:\/\/coxem.com\/products\/sem-accessories\/air-protection-module\/\">Gi\u00e1 gi\u1eef m\u1eabu<\/a> chuy\u1ec3n trong m\u00f4i tr\u01b0\u1eddng kh\u00ed tr\u01a1 d\u00e0nh cho c\u00e1c m\u1eabu d\u1ec5 b\u1ecb oxy h\u00f3a ho\u1eb7c nh\u1ea1y c\u1ea3m v\u1edbi \u0111\u1ed9 \u1ea9m. Gi\u00e1 gi\u1eef m\u1eabu \u0111\u1eb7c bi\u1ec7t n\u00e0y cho ph\u00e9p ph\u00e2n t\u00edch m\u1eabu tr\u1ef1c ti\u1ebfp tr\u00ean k\u00ednh hi\u1ec3n vi \u0111i\u1ec7n t\u1eed qu\u00e9t (SEM) c\u1ee7a COXEM m\u00e0 kh\u00f4ng c\u1ea7n ti\u1ebfp x\u00fac v\u1edbi kh\u00f4ng kh\u00ed, gi\u00fap b\u1ea3o to\u00e0n tr\u1ea1ng th\u00e1i ban \u0111\u1ea7u c\u1ee7a m\u1eabu v\u00e0 n\u00e2ng cao \u0111\u1ed9 ch\u00ednh x\u00e1c k\u1ebft qu\u1ea3 quan s\u00e1t.<\/span><\/span><\/p>","protected":false},"featured_media":2192,"template":"","meta":{"inline_featured_image":false},"product_brand":[129],"product_cat":[130,135],"product_tag":[],"class_list":{"0":"post-2190","1":"product","2":"type-product","3":"status-publish","4":"has-post-thumbnail","6":"product_brand-coxem","7":"product_cat-kinh-hien-vi-dien-tu-quet","8":"product_cat-phu-kien-sem","10":"first","11":"instock","12":"shipping-taxable","13":"product-type-simple"},"yoast_head":"<!-- This site is optimized with the Yoast SEO plugin v24.7 - https:\/\/yoast.com\/wordpress\/plugins\/seo\/ -->\n<title>Module b\u1ea3o v\u1ec7 kh\u00ed - HTI Scientific<\/title>\n<meta name=\"description\" content=\"Module b\u1ea3o v\u1ec7 kh\u00ed, gi\u00e1 gi\u1eef m\u1eabu chuy\u1ec3n trong m\u00f4i tr\u01b0\u1eddng kh\u00ed tr\u01a1 d\u00e0nh cho c\u00e1c m\u1eabu d\u1ec5 b\u1ecb oxy h\u00f3a ho\u1eb7c nh\u1ea1y c\u1ea3m v\u1edbi \u0111\u1ed9 \u1ea9m, ph\u00e2n t\u00edch m\u1eabu tr\u1ef1c ti\u1ebfp...\" \/>\n<meta name=\"robots\" content=\"index, follow, max-snippet:-1, max-image-preview:large, max-video-preview:-1\" \/>\n<link rel=\"canonical\" href=\"https:\/\/htiscientific.vn\/en\/product\/module-bao-ve-khi\/\" \/>\n<meta property=\"og:locale\" content=\"en_US\" \/>\n<meta property=\"og:type\" content=\"article\" \/>\n<meta property=\"og:title\" content=\"Module b\u1ea3o v\u1ec7 kh\u00ed - HTI Scientific\" \/>\n<meta property=\"og:description\" content=\"Module b\u1ea3o v\u1ec7 kh\u00ed, gi\u00e1 gi\u1eef m\u1eabu chuy\u1ec3n trong m\u00f4i tr\u01b0\u1eddng kh\u00ed tr\u01a1 d\u00e0nh cho c\u00e1c m\u1eabu d\u1ec5 b\u1ecb oxy h\u00f3a ho\u1eb7c nh\u1ea1y c\u1ea3m v\u1edbi \u0111\u1ed9 \u1ea9m, ph\u00e2n t\u00edch m\u1eabu tr\u1ef1c ti\u1ebfp...\" \/>\n<meta property=\"og:url\" content=\"https:\/\/htiscientific.vn\/en\/product\/module-bao-ve-khi\/\" \/>\n<meta property=\"og:site_name\" content=\"HTI Scientific\" \/>\n<meta property=\"article:publisher\" content=\"https:\/\/www.facebook.com\/htiscientific.vn\" \/>\n<meta property=\"article:modified_time\" content=\"2026-02-27T06:13:41+00:00\" \/>\n<meta property=\"og:image\" content=\"https:\/\/htiscientific.vn\/wp-content\/uploads\/2026\/02\/apm.jpg\" \/>\n\t<meta property=\"og:image:width\" content=\"1000\" \/>\n\t<meta property=\"og:image:height\" content=\"1000\" \/>\n\t<meta property=\"og:image:type\" content=\"image\/jpeg\" \/>\n<meta name=\"twitter:card\" content=\"summary_large_image\" \/>\n<meta name=\"twitter:label1\" content=\"Est. reading time\" \/>\n\t<meta name=\"twitter:data1\" content=\"1 minute\" \/>\n<script type=\"application\/ld+json\" class=\"yoast-schema-graph\">{\"@context\":\"https:\/\/schema.org\",\"@graph\":[{\"@type\":\"WebPage\",\"@id\":\"https:\/\/htiscientific.vn\/san-pham\/module-bao-ve-khi\/\",\"url\":\"https:\/\/htiscientific.vn\/san-pham\/module-bao-ve-khi\/\",\"name\":\"Module b\u1ea3o v\u1ec7 kh\u00ed - HTI Scientific\",\"isPartOf\":{\"@id\":\"https:\/\/htiscientific.vn\/#website\"},\"primaryImageOfPage\":{\"@id\":\"https:\/\/htiscientific.vn\/san-pham\/module-bao-ve-khi\/#primaryimage\"},\"image\":{\"@id\":\"https:\/\/htiscientific.vn\/san-pham\/module-bao-ve-khi\/#primaryimage\"},\"thumbnailUrl\":\"https:\/\/htiscientific.vn\/wp-content\/uploads\/2026\/02\/apm.jpg\",\"datePublished\":\"2026-02-27T04:16:02+00:00\",\"dateModified\":\"2026-02-27T06:13:41+00:00\",\"description\":\"Module b\u1ea3o v\u1ec7 kh\u00ed, gi\u00e1 gi\u1eef m\u1eabu chuy\u1ec3n trong m\u00f4i tr\u01b0\u1eddng kh\u00ed tr\u01a1 d\u00e0nh cho c\u00e1c m\u1eabu d\u1ec5 b\u1ecb oxy h\u00f3a ho\u1eb7c nh\u1ea1y c\u1ea3m v\u1edbi \u0111\u1ed9 \u1ea9m, ph\u00e2n t\u00edch m\u1eabu tr\u1ef1c ti\u1ebfp...\",\"breadcrumb\":{\"@id\":\"https:\/\/htiscientific.vn\/san-pham\/module-bao-ve-khi\/#breadcrumb\"},\"inLanguage\":\"en-US\",\"potentialAction\":[{\"@type\":\"ReadAction\",\"target\":[\"https:\/\/htiscientific.vn\/san-pham\/module-bao-ve-khi\/\"]}]},{\"@type\":\"ImageObject\",\"inLanguage\":\"en-US\",\"@id\":\"https:\/\/htiscientific.vn\/san-pham\/module-bao-ve-khi\/#primaryimage\",\"url\":\"https:\/\/htiscientific.vn\/wp-content\/uploads\/2026\/02\/apm.jpg\",\"contentUrl\":\"https:\/\/htiscientific.vn\/wp-content\/uploads\/2026\/02\/apm.jpg\",\"width\":1000,\"height\":1000,\"caption\":\"Module bao ve khi\"},{\"@type\":\"BreadcrumbList\",\"@id\":\"https:\/\/htiscientific.vn\/san-pham\/module-bao-ve-khi\/#breadcrumb\",\"itemListElement\":[{\"@type\":\"ListItem\",\"position\":1,\"name\":\"Trang ch\u1ee7\",\"item\":\"https:\/\/htiscientific.vn\/\"},{\"@type\":\"ListItem\",\"position\":2,\"name\":\"C\u1eeda h\u00e0ng\",\"item\":\"https:\/\/htiscientific.vn\/cua-hang\/\"},{\"@type\":\"ListItem\",\"position\":3,\"name\":\"K\u00ednh hi\u1ec3n vi \u0111i\u1ec7n t\u1eed qu\u00e9t\",\"item\":\"https:\/\/htiscientific.vn\/danh-muc-san-pham\/kinh-hien-vi-dien-tu-quet\/\"},{\"@type\":\"ListItem\",\"position\":4,\"name\":\"Ph\u1ee5 ki\u1ec7n SEM\",\"item\":\"https:\/\/htiscientific.vn\/danh-muc-san-pham\/kinh-hien-vi-dien-tu-quet\/phu-kien-sem\/\"},{\"@type\":\"ListItem\",\"position\":5,\"name\":\"Module b\u1ea3o v\u1ec7 kh\u00ed\"}]},{\"@type\":\"WebSite\",\"@id\":\"https:\/\/htiscientific.vn\/#website\",\"url\":\"https:\/\/htiscientific.vn\/\",\"name\":\"HTI Scientific\",\"description\":\"HTI Scientific\",\"publisher\":{\"@id\":\"https:\/\/htiscientific.vn\/#organization\"},\"potentialAction\":[{\"@type\":\"SearchAction\",\"target\":{\"@type\":\"EntryPoint\",\"urlTemplate\":\"https:\/\/htiscientific.vn\/?s={search_term_string}\"},\"query-input\":{\"@type\":\"PropertyValueSpecification\",\"valueRequired\":true,\"valueName\":\"search_term_string\"}}],\"inLanguage\":\"en-US\"},{\"@type\":\"Organization\",\"@id\":\"https:\/\/htiscientific.vn\/#organization\",\"name\":\"HTI Scientific\",\"alternateName\":\"HTI Scientific\",\"url\":\"https:\/\/htiscientific.vn\/\",\"logo\":{\"@type\":\"ImageObject\",\"inLanguage\":\"en-US\",\"@id\":\"https:\/\/htiscientific.vn\/#\/schema\/logo\/image\/\",\"url\":\"https:\/\/htiscientific.vn\/wp-content\/uploads\/2025\/03\/ava-hti-copy.jpg\",\"contentUrl\":\"https:\/\/htiscientific.vn\/wp-content\/uploads\/2025\/03\/ava-hti-copy.jpg\",\"width\":700,\"height\":450,\"caption\":\"HTI Scientific\"},\"image\":{\"@id\":\"https:\/\/htiscientific.vn\/#\/schema\/logo\/image\/\"},\"sameAs\":[\"https:\/\/www.facebook.com\/htiscientific.vn\"]}]}<\/script>\n<!-- \/ Yoast SEO plugin. -->","yoast_head_json":{"title":"Module b\u1ea3o v\u1ec7 kh\u00ed - HTI Scientific","description":"Module b\u1ea3o v\u1ec7 kh\u00ed, gi\u00e1 gi\u1eef m\u1eabu chuy\u1ec3n trong m\u00f4i tr\u01b0\u1eddng kh\u00ed tr\u01a1 d\u00e0nh cho c\u00e1c m\u1eabu d\u1ec5 b\u1ecb oxy h\u00f3a ho\u1eb7c nh\u1ea1y c\u1ea3m v\u1edbi \u0111\u1ed9 \u1ea9m, ph\u00e2n t\u00edch m\u1eabu tr\u1ef1c ti\u1ebfp...","robots":{"index":"index","follow":"follow","max-snippet":"max-snippet:-1","max-image-preview":"max-image-preview:large","max-video-preview":"max-video-preview:-1"},"canonical":"https:\/\/htiscientific.vn\/en\/product\/module-bao-ve-khi\/","og_locale":"en_US","og_type":"article","og_title":"Module b\u1ea3o v\u1ec7 kh\u00ed - HTI Scientific","og_description":"Module b\u1ea3o v\u1ec7 kh\u00ed, gi\u00e1 gi\u1eef m\u1eabu chuy\u1ec3n trong m\u00f4i tr\u01b0\u1eddng kh\u00ed tr\u01a1 d\u00e0nh cho c\u00e1c m\u1eabu d\u1ec5 b\u1ecb oxy h\u00f3a ho\u1eb7c nh\u1ea1y c\u1ea3m v\u1edbi \u0111\u1ed9 \u1ea9m, ph\u00e2n t\u00edch m\u1eabu tr\u1ef1c ti\u1ebfp...","og_url":"https:\/\/htiscientific.vn\/en\/product\/module-bao-ve-khi\/","og_site_name":"HTI Scientific","article_publisher":"https:\/\/www.facebook.com\/htiscientific.vn","article_modified_time":"2026-02-27T06:13:41+00:00","og_image":[{"width":1000,"height":1000,"url":"https:\/\/htiscientific.vn\/wp-content\/uploads\/2026\/02\/apm.jpg","type":"image\/jpeg"}],"twitter_card":"summary_large_image","twitter_misc":{"Est. reading time":"1 minute"},"schema":{"@context":"https:\/\/schema.org","@graph":[{"@type":"WebPage","@id":"https:\/\/htiscientific.vn\/san-pham\/module-bao-ve-khi\/","url":"https:\/\/htiscientific.vn\/san-pham\/module-bao-ve-khi\/","name":"Module b\u1ea3o v\u1ec7 kh\u00ed - HTI Scientific","isPartOf":{"@id":"https:\/\/htiscientific.vn\/#website"},"primaryImageOfPage":{"@id":"https:\/\/htiscientific.vn\/san-pham\/module-bao-ve-khi\/#primaryimage"},"image":{"@id":"https:\/\/htiscientific.vn\/san-pham\/module-bao-ve-khi\/#primaryimage"},"thumbnailUrl":"https:\/\/htiscientific.vn\/wp-content\/uploads\/2026\/02\/apm.jpg","datePublished":"2026-02-27T04:16:02+00:00","dateModified":"2026-02-27T06:13:41+00:00","description":"Module b\u1ea3o v\u1ec7 kh\u00ed, gi\u00e1 gi\u1eef m\u1eabu chuy\u1ec3n trong m\u00f4i tr\u01b0\u1eddng kh\u00ed tr\u01a1 d\u00e0nh cho c\u00e1c m\u1eabu d\u1ec5 b\u1ecb oxy h\u00f3a ho\u1eb7c nh\u1ea1y c\u1ea3m v\u1edbi \u0111\u1ed9 \u1ea9m, ph\u00e2n t\u00edch m\u1eabu tr\u1ef1c ti\u1ebfp...","breadcrumb":{"@id":"https:\/\/htiscientific.vn\/san-pham\/module-bao-ve-khi\/#breadcrumb"},"inLanguage":"en-US","potentialAction":[{"@type":"ReadAction","target":["https:\/\/htiscientific.vn\/san-pham\/module-bao-ve-khi\/"]}]},{"@type":"ImageObject","inLanguage":"en-US","@id":"https:\/\/htiscientific.vn\/san-pham\/module-bao-ve-khi\/#primaryimage","url":"https:\/\/htiscientific.vn\/wp-content\/uploads\/2026\/02\/apm.jpg","contentUrl":"https:\/\/htiscientific.vn\/wp-content\/uploads\/2026\/02\/apm.jpg","width":1000,"height":1000,"caption":"Module bao ve khi"},{"@type":"BreadcrumbList","@id":"https:\/\/htiscientific.vn\/san-pham\/module-bao-ve-khi\/#breadcrumb","itemListElement":[{"@type":"ListItem","position":1,"name":"Trang ch\u1ee7","item":"https:\/\/htiscientific.vn\/"},{"@type":"ListItem","position":2,"name":"C\u1eeda h\u00e0ng","item":"https:\/\/htiscientific.vn\/cua-hang\/"},{"@type":"ListItem","position":3,"name":"K\u00ednh hi\u1ec3n vi \u0111i\u1ec7n t\u1eed qu\u00e9t","item":"https:\/\/htiscientific.vn\/danh-muc-san-pham\/kinh-hien-vi-dien-tu-quet\/"},{"@type":"ListItem","position":4,"name":"Ph\u1ee5 ki\u1ec7n SEM","item":"https:\/\/htiscientific.vn\/danh-muc-san-pham\/kinh-hien-vi-dien-tu-quet\/phu-kien-sem\/"},{"@type":"ListItem","position":5,"name":"Module b\u1ea3o v\u1ec7 kh\u00ed"}]},{"@type":"WebSite","@id":"https:\/\/htiscientific.vn\/#website","url":"https:\/\/htiscientific.vn\/","name":"HTI Scientific","description":"HTI Scientific","publisher":{"@id":"https:\/\/htiscientific.vn\/#organization"},"potentialAction":[{"@type":"SearchAction","target":{"@type":"EntryPoint","urlTemplate":"https:\/\/htiscientific.vn\/?s={search_term_string}"},"query-input":{"@type":"PropertyValueSpecification","valueRequired":true,"valueName":"search_term_string"}}],"inLanguage":"en-US"},{"@type":"Organization","@id":"https:\/\/htiscientific.vn\/#organization","name":"HTI Scientific","alternateName":"HTI Scientific","url":"https:\/\/htiscientific.vn\/","logo":{"@type":"ImageObject","inLanguage":"en-US","@id":"https:\/\/htiscientific.vn\/#\/schema\/logo\/image\/","url":"https:\/\/htiscientific.vn\/wp-content\/uploads\/2025\/03\/ava-hti-copy.jpg","contentUrl":"https:\/\/htiscientific.vn\/wp-content\/uploads\/2025\/03\/ava-hti-copy.jpg","width":700,"height":450,"caption":"HTI Scientific"},"image":{"@id":"https:\/\/htiscientific.vn\/#\/schema\/logo\/image\/"},"sameAs":["https:\/\/www.facebook.com\/htiscientific.vn"]}]}},"_links":{"self":[{"href":"https:\/\/htiscientific.vn\/en\/wp-json\/wp\/v2\/product\/2190","targetHints":{"allow":["GET"]}}],"collection":[{"href":"https:\/\/htiscientific.vn\/en\/wp-json\/wp\/v2\/product"}],"about":[{"href":"https:\/\/htiscientific.vn\/en\/wp-json\/wp\/v2\/types\/product"}],"wp:featuredmedia":[{"embeddable":true,"href":"https:\/\/htiscientific.vn\/en\/wp-json\/wp\/v2\/media\/2192"}],"wp:attachment":[{"href":"https:\/\/htiscientific.vn\/en\/wp-json\/wp\/v2\/media?parent=2190"}],"wp:term":[{"taxonomy":"product_brand","embeddable":true,"href":"https:\/\/htiscientific.vn\/en\/wp-json\/wp\/v2\/product_brand?post=2190"},{"taxonomy":"product_cat","embeddable":true,"href":"https:\/\/htiscientific.vn\/en\/wp-json\/wp\/v2\/product_cat?post=2190"},{"taxonomy":"product_tag","embeddable":true,"href":"https:\/\/htiscientific.vn\/en\/wp-json\/wp\/v2\/product_tag?post=2190"}],"curies":[{"name":"wp","href":"https:\/\/api.w.org\/{rel}","templated":true}]}}