{"id":2187,"date":"2026-02-27T11:05:24","date_gmt":"2026-02-27T04:05:24","guid":{"rendered":"https:\/\/htiscientific.vn\/?post_type=product&#038;p=2187"},"modified":"2026-02-27T13:14:01","modified_gmt":"2026-02-27T06:14:01","slug":"ban-lam-lanh-cool-stage-csu-2","status":"publish","type":"product","link":"https:\/\/htiscientific.vn\/en\/product\/ban-lam-lanh-cool-stage-csu-2\/","title":{"rendered":"B\u00e0n L\u00e0m L\u1ea1nh (Cool Stage) CSU-2"},"content":{"rendered":"<p><span style=\"color: #000000; font-size: 14px;\"><a href=\"http:\/\/google.com\/url?q=https:\/\/coxem.com\/products\/sem-accessories\/csu2-temperature-stage\/&amp;sa=D&amp;source=editors&amp;ust=1772166013216878&amp;usg=AOvVaw1tjSilgkjmYgWzwX1A14-Y\">B\u00e0n l\u00e0m l\u1ea1nh (Cool Stage) CSU-2<\/a> l\u00e0 thi\u1ebft b\u1ecb h\u1ed7 tr\u1ee3 \u0111\u00f4ng l\u1ea1nh nhanh c\u00e1c m\u1eabu l\u1ecfng ho\u1eb7c m\u1eabu c\u00f3 \u0111\u1ed9 \u1ea9m nh\u1eb1m gi\u1eef nguy\u00ean tr\u1ea1ng th\u00e1i ban \u0111\u1ea7u \u0111\u1ec3 quan s\u00e1t\/ghi h\u00ecnh hi\u1ec7u qu\u1ea3. Ngo\u00e0i ra thi\u1ebft b\u1ecb c\u0169ng c\u00f3 th\u1ec3 gia nhi\u1ec7t, cho ph\u00e9p theo d\u00f5i s\u1ef1 thay \u0111\u1ed5i c\u1ee7a m\u1eabu theo nhi\u1ec7t \u0111\u1ed9 trong th\u1eddi gian th\u1ef1c.<\/span><\/p>\n<p><span style=\"color: #000000; font-size: 14px;\">\u0110\u1eb7c \u0111i\u1ec3m n\u1ed5i b\u1eadt CSU-2<\/span><\/p>\n<ol>\n<li><span style=\"color: #000000; font-size: 14px;\">Thi\u1ebft b\u1ecb cho ph\u00e9p \u0111\u00f4ng l\u1ea1nh nhanh v\u00e0 ghi h\u00ecnh m\u1eabu.<\/span><\/li>\n<li><span style=\"color: #000000; font-size: 14px;\">Do k\u00ednh hi\u1ec3n vi \u0111i\u1ec7n t\u1eed kh\u00f4ng th\u1ec3 quan s\u00e1t m\u1eabu \u1edf tr\u1ea1ng th\u00e1i l\u1ecfng, Cool Stage gi\u00fap \u0111\u00f4ng \u0111\u1eb7c m\u1eabu l\u1ecfng \u0111\u1ec3 \u0111o\/quan s\u00e1t \u1edf tr\u1ea1ng th\u00e1i r\u1eafn m\u1ed9t c\u00e1ch hi\u1ec7u qu\u1ea3.<\/span><\/li>\n<li><span style=\"color: #000000; font-size: 14px;\">C\u00f3 th\u1ec3 gia nhi\u1ec7t \u0111\u1ec3 \u0111o v\u00e0 quan s\u00e1t s\u1ef1 thay \u0111\u1ed5i c\u1ee7a m\u1eabu theo bi\u1ebfn thi\u00ean nhi\u1ec7t \u0111\u1ed9.<\/span><\/li>\n<li><span style=\"color: #000000; font-size: 14px;\">Khi s\u1eed d\u1ee5ng c\u00f9ng \u0111\u1ea7u d\u00f2 BSE, ng\u01b0\u1eddi d\u00f9ng c\u00f3 th\u1ec3 thu \u0111\u01b0\u1ee3c h\u00ecnh \u1ea3nh hi\u1ec7u qu\u1ea3 v\u00e0 r\u00f5 n\u00e9t h\u01a1n.<\/span><\/li>\n<\/ol>\n<p><span style=\"color: #000000; font-size: 14px;\">Technical specifications<\/span><\/p>\n<ul>\n<li><span style=\"color: #000000; font-size: 14px;\">D\u1ea3i nhi\u1ec7t \u0111\u1ed9 b\u00e0n l\u00e0m l\u1ea1nh: -25 \u02daC \u0111\u1ebfn 50 \u02daC<\/span><\/li>\n<li><span style=\"color: #000000; font-size: 14px;\">\u0110\u1ed9 ph\u00e2n gi\u1ea3i nhi\u1ec7t \u0111\u1ed9: \u00b1 0.1 \u02daC<\/span><\/li>\n<li><span style=\"color: #000000; font-size: 14px;\">\u0110\u1ed9 ch\u00ednh x\u00e1c nhi\u1ec7t \u0111\u1ed9: \u00b1 1 \u02daC<\/span><\/li>\n<li><span style=\"color: #000000; font-size: 14px;\">Nhi\u1ec7t \u0111\u1ed9 n\u01b0\u1edbc l\u00e0m m\u00e1t cho ph\u00e9p (Chiller): +5 \u02daC ~ +8 \u02daC<\/span><\/li>\n<li><span style=\"color: #000000; font-size: 14px;\">K\u00edch th\u01b0\u1edbc gi\u00e1 gi\u1eef m\u1eabu: \u00d818 mm<\/span><\/li>\n<\/ul>","protected":false},"excerpt":{"rendered":"<p style=\"text-align: justify;\"><span style=\"color: #000000; font-size: 14px;\"><a href=\"http:\/\/google.com\/url?q=https:\/\/coxem.com\/products\/sem-accessories\/csu2-temperature-stage\/&amp;sa=D&amp;source=editors&amp;ust=1772166013216878&amp;usg=AOvVaw1tjSilgkjmYgWzwX1A14-Y\">B\u00e0n l\u00e0m l\u1ea1nh CSU-2<\/a> l\u00e0 thi\u1ebft b\u1ecb h\u1ed7 tr\u1ee3 \u0111\u00f4ng l\u1ea1nh nhanh c\u00e1c m\u1eabu l\u1ecfng ho\u1eb7c m\u1eabu c\u00f3 \u0111\u1ed9 \u1ea9m nh\u1eb1m gi\u1eef nguy\u00ean tr\u1ea1ng th\u00e1i ban \u0111\u1ea7u \u0111\u1ec3 quan s\u00e1t\/ghi h\u00ecnh hi\u1ec7u qu\u1ea3. Ngo\u00e0i ra thi\u1ebft b\u1ecb c\u0169ng c\u00f3 th\u1ec3 gia nhi\u1ec7t, cho ph\u00e9p theo d\u00f5i s\u1ef1 thay \u0111\u1ed5i c\u1ee7a m\u1eabu theo nhi\u1ec7t \u0111\u1ed9 trong th\u1eddi gian th\u1ef1c.<\/span><\/p>","protected":false},"featured_media":2189,"template":"","meta":{"inline_featured_image":false},"product_brand":[129],"product_cat":[130,135],"product_tag":[],"class_list":{"0":"post-2187","1":"product","2":"type-product","3":"status-publish","4":"has-post-thumbnail","6":"product_brand-coxem","7":"product_cat-kinh-hien-vi-dien-tu-quet","8":"product_cat-phu-kien-sem","10":"first","11":"instock","12":"shipping-taxable","13":"product-type-simple"},"yoast_head":"<!-- This site is optimized with the Yoast SEO plugin v24.7 - https:\/\/yoast.com\/wordpress\/plugins\/seo\/ -->\n<title>B\u00e0n L\u00e0m L\u1ea1nh (Cool Stage) CSU-2 - HTI Scientific<\/title>\n<meta name=\"description\" content=\"B\u00e0n l\u00e0m l\u1ea1nh CSU-2 l\u00e0 thi\u1ebft b\u1ecb h\u1ed7 tr\u1ee3 \u0111\u00f4ng l\u1ea1nh nhanh c\u00e1c m\u1eabu l\u1ecfng ho\u1eb7c m\u1eabu c\u00f3 \u0111\u1ed9 \u1ea9m nh\u1eb1m gi\u1eef nguy\u00ean tr\u1ea1ng th\u00e1i ban \u0111\u1ea7u \u0111\u1ec3 quan s\u00e1t\/ghi h\u00ecnh hi\u1ec7u qu\u1ea3\" \/>\n<meta name=\"robots\" content=\"index, follow, max-snippet:-1, max-image-preview:large, max-video-preview:-1\" \/>\n<link rel=\"canonical\" href=\"https:\/\/htiscientific.vn\/en\/product\/ban-lam-lanh-cool-stage-csu-2\/\" \/>\n<meta property=\"og:locale\" content=\"en_US\" \/>\n<meta property=\"og:type\" content=\"article\" \/>\n<meta property=\"og:title\" content=\"B\u00e0n L\u00e0m L\u1ea1nh (Cool Stage) CSU-2 - HTI Scientific\" \/>\n<meta property=\"og:description\" content=\"B\u00e0n l\u00e0m l\u1ea1nh CSU-2 l\u00e0 thi\u1ebft b\u1ecb h\u1ed7 tr\u1ee3 \u0111\u00f4ng l\u1ea1nh nhanh c\u00e1c m\u1eabu l\u1ecfng ho\u1eb7c m\u1eabu c\u00f3 \u0111\u1ed9 \u1ea9m nh\u1eb1m gi\u1eef nguy\u00ean tr\u1ea1ng th\u00e1i ban \u0111\u1ea7u \u0111\u1ec3 quan s\u00e1t\/ghi h\u00ecnh hi\u1ec7u qu\u1ea3\" \/>\n<meta property=\"og:url\" content=\"https:\/\/htiscientific.vn\/en\/product\/ban-lam-lanh-cool-stage-csu-2\/\" \/>\n<meta property=\"og:site_name\" content=\"HTI Scientific\" \/>\n<meta property=\"article:publisher\" content=\"https:\/\/www.facebook.com\/htiscientific.vn\" \/>\n<meta property=\"article:modified_time\" content=\"2026-02-27T06:14:01+00:00\" \/>\n<meta property=\"og:image\" content=\"https:\/\/htiscientific.vn\/wp-content\/uploads\/2026\/02\/csu-2.jpg\" \/>\n\t<meta property=\"og:image:width\" content=\"1000\" \/>\n\t<meta property=\"og:image:height\" content=\"1000\" \/>\n\t<meta property=\"og:image:type\" content=\"image\/jpeg\" \/>\n<meta name=\"twitter:card\" content=\"summary_large_image\" \/>\n<meta name=\"twitter:label1\" content=\"Est. reading time\" \/>\n\t<meta name=\"twitter:data1\" content=\"2 minutes\" \/>\n<script type=\"application\/ld+json\" class=\"yoast-schema-graph\">{\"@context\":\"https:\/\/schema.org\",\"@graph\":[{\"@type\":\"WebPage\",\"@id\":\"https:\/\/htiscientific.vn\/san-pham\/ban-lam-lanh-cool-stage-csu-2\/\",\"url\":\"https:\/\/htiscientific.vn\/san-pham\/ban-lam-lanh-cool-stage-csu-2\/\",\"name\":\"B\u00e0n L\u00e0m L\u1ea1nh (Cool Stage) CSU-2 - HTI Scientific\",\"isPartOf\":{\"@id\":\"https:\/\/htiscientific.vn\/#website\"},\"primaryImageOfPage\":{\"@id\":\"https:\/\/htiscientific.vn\/san-pham\/ban-lam-lanh-cool-stage-csu-2\/#primaryimage\"},\"image\":{\"@id\":\"https:\/\/htiscientific.vn\/san-pham\/ban-lam-lanh-cool-stage-csu-2\/#primaryimage\"},\"thumbnailUrl\":\"https:\/\/htiscientific.vn\/wp-content\/uploads\/2026\/02\/csu-2.jpg\",\"datePublished\":\"2026-02-27T04:05:24+00:00\",\"dateModified\":\"2026-02-27T06:14:01+00:00\",\"description\":\"B\u00e0n l\u00e0m l\u1ea1nh CSU-2 l\u00e0 thi\u1ebft b\u1ecb h\u1ed7 tr\u1ee3 \u0111\u00f4ng l\u1ea1nh nhanh c\u00e1c m\u1eabu l\u1ecfng ho\u1eb7c m\u1eabu c\u00f3 \u0111\u1ed9 \u1ea9m nh\u1eb1m gi\u1eef nguy\u00ean tr\u1ea1ng th\u00e1i ban \u0111\u1ea7u \u0111\u1ec3 quan s\u00e1t\/ghi h\u00ecnh hi\u1ec7u qu\u1ea3\",\"breadcrumb\":{\"@id\":\"https:\/\/htiscientific.vn\/san-pham\/ban-lam-lanh-cool-stage-csu-2\/#breadcrumb\"},\"inLanguage\":\"en-US\",\"potentialAction\":[{\"@type\":\"ReadAction\",\"target\":[\"https:\/\/htiscientific.vn\/san-pham\/ban-lam-lanh-cool-stage-csu-2\/\"]}]},{\"@type\":\"ImageObject\",\"inLanguage\":\"en-US\",\"@id\":\"https:\/\/htiscientific.vn\/san-pham\/ban-lam-lanh-cool-stage-csu-2\/#primaryimage\",\"url\":\"https:\/\/htiscientific.vn\/wp-content\/uploads\/2026\/02\/csu-2.jpg\",\"contentUrl\":\"https:\/\/htiscientific.vn\/wp-content\/uploads\/2026\/02\/csu-2.jpg\",\"width\":1000,\"height\":1000},{\"@type\":\"BreadcrumbList\",\"@id\":\"https:\/\/htiscientific.vn\/san-pham\/ban-lam-lanh-cool-stage-csu-2\/#breadcrumb\",\"itemListElement\":[{\"@type\":\"ListItem\",\"position\":1,\"name\":\"Trang ch\u1ee7\",\"item\":\"https:\/\/htiscientific.vn\/\"},{\"@type\":\"ListItem\",\"position\":2,\"name\":\"C\u1eeda h\u00e0ng\",\"item\":\"https:\/\/htiscientific.vn\/cua-hang\/\"},{\"@type\":\"ListItem\",\"position\":3,\"name\":\"K\u00ednh hi\u1ec3n vi \u0111i\u1ec7n t\u1eed qu\u00e9t\",\"item\":\"https:\/\/htiscientific.vn\/danh-muc-san-pham\/kinh-hien-vi-dien-tu-quet\/\"},{\"@type\":\"ListItem\",\"position\":4,\"name\":\"Ph\u1ee5 ki\u1ec7n SEM\",\"item\":\"https:\/\/htiscientific.vn\/danh-muc-san-pham\/kinh-hien-vi-dien-tu-quet\/phu-kien-sem\/\"},{\"@type\":\"ListItem\",\"position\":5,\"name\":\"B\u00e0n L\u00e0m L\u1ea1nh (Cool Stage) CSU-2\"}]},{\"@type\":\"WebSite\",\"@id\":\"https:\/\/htiscientific.vn\/#website\",\"url\":\"https:\/\/htiscientific.vn\/\",\"name\":\"HTI Scientific\",\"description\":\"HTI Scientific\",\"publisher\":{\"@id\":\"https:\/\/htiscientific.vn\/#organization\"},\"potentialAction\":[{\"@type\":\"SearchAction\",\"target\":{\"@type\":\"EntryPoint\",\"urlTemplate\":\"https:\/\/htiscientific.vn\/?s={search_term_string}\"},\"query-input\":{\"@type\":\"PropertyValueSpecification\",\"valueRequired\":true,\"valueName\":\"search_term_string\"}}],\"inLanguage\":\"en-US\"},{\"@type\":\"Organization\",\"@id\":\"https:\/\/htiscientific.vn\/#organization\",\"name\":\"HTI Scientific\",\"alternateName\":\"HTI Scientific\",\"url\":\"https:\/\/htiscientific.vn\/\",\"logo\":{\"@type\":\"ImageObject\",\"inLanguage\":\"en-US\",\"@id\":\"https:\/\/htiscientific.vn\/#\/schema\/logo\/image\/\",\"url\":\"https:\/\/htiscientific.vn\/wp-content\/uploads\/2025\/03\/ava-hti-copy.jpg\",\"contentUrl\":\"https:\/\/htiscientific.vn\/wp-content\/uploads\/2025\/03\/ava-hti-copy.jpg\",\"width\":700,\"height\":450,\"caption\":\"HTI Scientific\"},\"image\":{\"@id\":\"https:\/\/htiscientific.vn\/#\/schema\/logo\/image\/\"},\"sameAs\":[\"https:\/\/www.facebook.com\/htiscientific.vn\"]}]}<\/script>\n<!-- \/ Yoast SEO plugin. -->","yoast_head_json":{"title":"B\u00e0n L\u00e0m L\u1ea1nh (Cool Stage) CSU-2 - HTI Scientific","description":"B\u00e0n l\u00e0m l\u1ea1nh CSU-2 l\u00e0 thi\u1ebft b\u1ecb h\u1ed7 tr\u1ee3 \u0111\u00f4ng l\u1ea1nh nhanh c\u00e1c m\u1eabu l\u1ecfng ho\u1eb7c m\u1eabu c\u00f3 \u0111\u1ed9 \u1ea9m nh\u1eb1m gi\u1eef nguy\u00ean tr\u1ea1ng th\u00e1i ban \u0111\u1ea7u \u0111\u1ec3 quan s\u00e1t\/ghi h\u00ecnh hi\u1ec7u qu\u1ea3","robots":{"index":"index","follow":"follow","max-snippet":"max-snippet:-1","max-image-preview":"max-image-preview:large","max-video-preview":"max-video-preview:-1"},"canonical":"https:\/\/htiscientific.vn\/en\/product\/ban-lam-lanh-cool-stage-csu-2\/","og_locale":"en_US","og_type":"article","og_title":"B\u00e0n L\u00e0m L\u1ea1nh (Cool Stage) CSU-2 - HTI Scientific","og_description":"B\u00e0n l\u00e0m l\u1ea1nh CSU-2 l\u00e0 thi\u1ebft b\u1ecb h\u1ed7 tr\u1ee3 \u0111\u00f4ng l\u1ea1nh nhanh c\u00e1c m\u1eabu l\u1ecfng ho\u1eb7c m\u1eabu c\u00f3 \u0111\u1ed9 \u1ea9m nh\u1eb1m gi\u1eef nguy\u00ean tr\u1ea1ng th\u00e1i ban \u0111\u1ea7u \u0111\u1ec3 quan s\u00e1t\/ghi h\u00ecnh hi\u1ec7u qu\u1ea3","og_url":"https:\/\/htiscientific.vn\/en\/product\/ban-lam-lanh-cool-stage-csu-2\/","og_site_name":"HTI Scientific","article_publisher":"https:\/\/www.facebook.com\/htiscientific.vn","article_modified_time":"2026-02-27T06:14:01+00:00","og_image":[{"width":1000,"height":1000,"url":"https:\/\/htiscientific.vn\/wp-content\/uploads\/2026\/02\/csu-2.jpg","type":"image\/jpeg"}],"twitter_card":"summary_large_image","twitter_misc":{"Est. reading time":"2 minutes"},"schema":{"@context":"https:\/\/schema.org","@graph":[{"@type":"WebPage","@id":"https:\/\/htiscientific.vn\/san-pham\/ban-lam-lanh-cool-stage-csu-2\/","url":"https:\/\/htiscientific.vn\/san-pham\/ban-lam-lanh-cool-stage-csu-2\/","name":"B\u00e0n L\u00e0m L\u1ea1nh (Cool Stage) CSU-2 - HTI Scientific","isPartOf":{"@id":"https:\/\/htiscientific.vn\/#website"},"primaryImageOfPage":{"@id":"https:\/\/htiscientific.vn\/san-pham\/ban-lam-lanh-cool-stage-csu-2\/#primaryimage"},"image":{"@id":"https:\/\/htiscientific.vn\/san-pham\/ban-lam-lanh-cool-stage-csu-2\/#primaryimage"},"thumbnailUrl":"https:\/\/htiscientific.vn\/wp-content\/uploads\/2026\/02\/csu-2.jpg","datePublished":"2026-02-27T04:05:24+00:00","dateModified":"2026-02-27T06:14:01+00:00","description":"B\u00e0n l\u00e0m l\u1ea1nh CSU-2 l\u00e0 thi\u1ebft b\u1ecb h\u1ed7 tr\u1ee3 \u0111\u00f4ng l\u1ea1nh nhanh c\u00e1c m\u1eabu l\u1ecfng ho\u1eb7c m\u1eabu c\u00f3 \u0111\u1ed9 \u1ea9m nh\u1eb1m gi\u1eef nguy\u00ean tr\u1ea1ng th\u00e1i ban \u0111\u1ea7u \u0111\u1ec3 quan s\u00e1t\/ghi h\u00ecnh hi\u1ec7u qu\u1ea3","breadcrumb":{"@id":"https:\/\/htiscientific.vn\/san-pham\/ban-lam-lanh-cool-stage-csu-2\/#breadcrumb"},"inLanguage":"en-US","potentialAction":[{"@type":"ReadAction","target":["https:\/\/htiscientific.vn\/san-pham\/ban-lam-lanh-cool-stage-csu-2\/"]}]},{"@type":"ImageObject","inLanguage":"en-US","@id":"https:\/\/htiscientific.vn\/san-pham\/ban-lam-lanh-cool-stage-csu-2\/#primaryimage","url":"https:\/\/htiscientific.vn\/wp-content\/uploads\/2026\/02\/csu-2.jpg","contentUrl":"https:\/\/htiscientific.vn\/wp-content\/uploads\/2026\/02\/csu-2.jpg","width":1000,"height":1000},{"@type":"BreadcrumbList","@id":"https:\/\/htiscientific.vn\/san-pham\/ban-lam-lanh-cool-stage-csu-2\/#breadcrumb","itemListElement":[{"@type":"ListItem","position":1,"name":"Trang ch\u1ee7","item":"https:\/\/htiscientific.vn\/"},{"@type":"ListItem","position":2,"name":"C\u1eeda h\u00e0ng","item":"https:\/\/htiscientific.vn\/cua-hang\/"},{"@type":"ListItem","position":3,"name":"K\u00ednh hi\u1ec3n vi \u0111i\u1ec7n t\u1eed qu\u00e9t","item":"https:\/\/htiscientific.vn\/danh-muc-san-pham\/kinh-hien-vi-dien-tu-quet\/"},{"@type":"ListItem","position":4,"name":"Ph\u1ee5 ki\u1ec7n SEM","item":"https:\/\/htiscientific.vn\/danh-muc-san-pham\/kinh-hien-vi-dien-tu-quet\/phu-kien-sem\/"},{"@type":"ListItem","position":5,"name":"B\u00e0n L\u00e0m L\u1ea1nh (Cool Stage) CSU-2"}]},{"@type":"WebSite","@id":"https:\/\/htiscientific.vn\/#website","url":"https:\/\/htiscientific.vn\/","name":"HTI Scientific","description":"HTI Scientific","publisher":{"@id":"https:\/\/htiscientific.vn\/#organization"},"potentialAction":[{"@type":"SearchAction","target":{"@type":"EntryPoint","urlTemplate":"https:\/\/htiscientific.vn\/?s={search_term_string}"},"query-input":{"@type":"PropertyValueSpecification","valueRequired":true,"valueName":"search_term_string"}}],"inLanguage":"en-US"},{"@type":"Organization","@id":"https:\/\/htiscientific.vn\/#organization","name":"HTI Scientific","alternateName":"HTI Scientific","url":"https:\/\/htiscientific.vn\/","logo":{"@type":"ImageObject","inLanguage":"en-US","@id":"https:\/\/htiscientific.vn\/#\/schema\/logo\/image\/","url":"https:\/\/htiscientific.vn\/wp-content\/uploads\/2025\/03\/ava-hti-copy.jpg","contentUrl":"https:\/\/htiscientific.vn\/wp-content\/uploads\/2025\/03\/ava-hti-copy.jpg","width":700,"height":450,"caption":"HTI Scientific"},"image":{"@id":"https:\/\/htiscientific.vn\/#\/schema\/logo\/image\/"},"sameAs":["https:\/\/www.facebook.com\/htiscientific.vn"]}]}},"_links":{"self":[{"href":"https:\/\/htiscientific.vn\/en\/wp-json\/wp\/v2\/product\/2187","targetHints":{"allow":["GET"]}}],"collection":[{"href":"https:\/\/htiscientific.vn\/en\/wp-json\/wp\/v2\/product"}],"about":[{"href":"https:\/\/htiscientific.vn\/en\/wp-json\/wp\/v2\/types\/product"}],"wp:featuredmedia":[{"embeddable":true,"href":"https:\/\/htiscientific.vn\/en\/wp-json\/wp\/v2\/media\/2189"}],"wp:attachment":[{"href":"https:\/\/htiscientific.vn\/en\/wp-json\/wp\/v2\/media?parent=2187"}],"wp:term":[{"taxonomy":"product_brand","embeddable":true,"href":"https:\/\/htiscientific.vn\/en\/wp-json\/wp\/v2\/product_brand?post=2187"},{"taxonomy":"product_cat","embeddable":true,"href":"https:\/\/htiscientific.vn\/en\/wp-json\/wp\/v2\/product_cat?post=2187"},{"taxonomy":"product_tag","embeddable":true,"href":"https:\/\/htiscientific.vn\/en\/wp-json\/wp\/v2\/product_tag?post=2187"}],"curies":[{"name":"wp","href":"https:\/\/api.w.org\/{rel}","templated":true}]}}