{"id":2179,"date":"2026-02-27T10:55:09","date_gmt":"2026-02-27T03:55:09","guid":{"rendered":"https:\/\/htiscientific.vn\/?post_type=product&#038;p=2179"},"modified":"2026-02-27T16:47:11","modified_gmt":"2026-02-27T09:47:11","slug":"may-danh-bong-mat-cat-ion-ip-10k","status":"publish","type":"product","link":"https:\/\/htiscientific.vn\/en\/product\/may-danh-bong-mat-cat-ion-ip-10k\/","title":{"rendered":"M\u00e1y \u0111\u00e1nh b\u00f3ng m\u1eb7t c\u1eaft ion IP-10K"},"content":{"rendered":"<p style=\"text-align: justify;\"><span style=\"font-size: 14px; color: #000000;\">IP-10K l\u00e0 phi\u00ean b\u1ea3n n\u00e2ng c\u1ea5p c\u1ee7a thi\u1ebft b\u1ecb \u0111\u00e1nh b\u00f3ng b\u1eb1ng ch\u00f9m ion (Ion Beam Polisher) c\u1ee7a COXEM, \u0111\u01b0\u1ee3c trang b\u1ecb nhi\u1ec1u t\u00f9y ch\u1ecdn nh\u01b0 gia c\u00f4ng ph\u1eb3ng (flat-milling), b\u00e0n l\u00e0m m\u00e1t v\u00e0 m\u00f4-\u0111un b\u1ea3o v\u1ec7 b\u1eb1ng kh\u00f4ng kh\u00ed, gi\u00fap n\u00e2ng cao hi\u1ec7u su\u1ea5t v\u00e0 t\u00ednh linh ho\u1ea1t cho nhi\u1ec1u \u1ee9ng d\u1ee5ng kh\u00e1c nhau. Thi\u1ebft b\u1ecb mang l\u1ea1i kh\u1ea3 n\u0103ng gia c\u00f4ng ch\u00ednh x\u00e1c v\u01b0\u1ee3t tr\u1ed9i \u1edf c\u1ea5p \u0111\u1ed9 vi m\u00f4, \u0111\u1ea3m b\u1ea3o \u0111\u1ed9 s\u1ea1ch v\u00e0 \u0111\u1ed9 ch\u00ednh x\u00e1c cao.<\/span><\/p>\n<p style=\"text-align: justify;\"><span style=\"font-size: 14px; color: #000000;\">H\u00e3ng s\u1ea3n xu\u1ea5t: COXEM Korea Co., Ltd.<\/span><br \/>\n<span style=\"font-size: 14px; color: #000000;\">Model: IP-10K<\/span><br \/>\n<span style=\"font-size: 14px; color: #000000;\">Xu\u1ea5t x\u1ee9: H\u00e0n Qu\u1ed1c<\/span><\/p>\n<ol style=\"text-align: justify;\">\n<li><span style=\"font-size: 14px; color: #000000;\"> S\u00fang Ion<\/span><\/li>\n<\/ol>\n<ul style=\"text-align: justify;\">\n<li><span style=\"font-size: 14px; color: #000000;\">H\u1ec7 th\u1ed1ng: S\u00fang ion ki\u1ec3u Penning<\/span><\/li>\n<li><span style=\"font-size: 14px; color: #000000;\">\u0110i\u1ec7n \u00e1p gia t\u1ed1c: 2 \u2013 8 kV<\/span><\/li>\n<li><span style=\"font-size: 14px; color: #000000;\">\u0110i\u1ec1u khi\u1ec3n l\u01b0u l\u01b0\u1ee3ng kh\u00ed Ar: B\u1ed9 \u0111i\u1ec1u khi\u1ec3n l\u01b0u l\u01b0\u1ee3ng kh\u1ed1i \u0111\u1ed9 ch\u00ednh x\u00e1c cao<\/span><\/li>\n<li><span style=\"font-size: 14px; color: #000000;\">T\u1ed1c \u0111\u1ed9 m\u00e0i:<\/span>\n<ul>\n<li><span style=\"font-size: 14px; color: #000000;\">M\u00e0i m\u1eb7t c\u1eaft ngang: ~1.000 \u00b5m\/gi\u1edd (t\u1ea1i 8 kV tr\u00ean wafer Si)<\/span><\/li>\n<\/ul>\n<\/li>\n<\/ul>\n<ol style=\"text-align: justify;\" start=\"2\">\n<li><span style=\"font-size: 14px; color: #000000;\"> B\u00e0n g\u00e1 m\u00e0i m\u1eb7t c\u1eaft<\/span><\/li>\n<\/ol>\n<ul style=\"text-align: justify;\">\n<li><span style=\"font-size: 14px; color: #000000;\">Di chuy\u1ec3n tr\u1ee5c X: \u00b13.5 mm<\/span><\/li>\n<li><span style=\"font-size: 14px; color: #000000;\">Di chuy\u1ec3n tr\u1ee5c Y: \u00b12 mm<\/span><\/li>\n<li><span style=\"font-size: 14px; color: #000000;\">G\u00f3c l\u1eafc m\u1eabu: \u00b135\u00b0<\/span><\/li>\n<li><span style=\"font-size: 14px; color: #000000;\">K\u00edch th\u01b0\u1edbc m\u1eabu t\u1ed1i \u0111a: 20mm(W) x 10mm(L) x 5.5mm(T) \/ 16mm(W) x 10(L) x 9.5(T)mm<\/span><\/li>\n<li><span style=\"font-size: 14px; color: #000000;\">Jig c\u0103n ch\u1ec9nh chi\u1ec1u cao m\u1eabu: 30 \u00b5m \/ 50 \u00b5m \/ 80 \u00b5m<\/span><\/li>\n<li><span style=\"font-size: 14px; color: #000000;\">Ch\u1ebf \u0111\u1ed9 l\u1eafc: 4 b\u01b0\u1edbc (Mode 1, 2, 3, 4)<\/span><\/li>\n<\/ul>\n<ol style=\"text-align: justify;\" start=\"3\">\n<li><span style=\"font-size: 14px; color: #000000;\"> Camera trong bu\u1ed3ng<\/span><\/li>\n<\/ol>\n<ul style=\"text-align: justify;\">\n<li><span style=\"font-size: 14px; color: #000000;\">\u0110\u1ed9 ph\u00f3ng \u0111\u1ea1i: 5x \/ 10x \/ 20x \/ 40x<\/span><\/li>\n<li><span style=\"font-size: 14px; color: #000000;\">\u0110i\u1ec1u ch\u1ec9nh \u0111\u1ed9 s\u00e1ng: 4 m\u1ee9c<\/span><\/li>\n<li><span style=\"font-size: 14px; color: #000000;\">C\u1ea3m bi\u1ebfn: CMOS 5 Megapixel<\/span><\/li>\n<li><span style=\"font-size: 14px; color: #000000;\">Ch\u1ebf \u0111\u1ed9 quan s\u00e1t: Quan s\u00e1t ch\u00f9m tia ion<\/span><\/li>\n<\/ul>\n<ol style=\"text-align: justify;\" start=\"4\">\n<li><span style=\"font-size: 14px; color: #000000;\"> K\u00ednh hi\u1ec3n vi s\u1ed1 c\u0103n ch\u1ec9nh m\u1eabu<\/span><\/li>\n<\/ol>\n<ul style=\"text-align: justify;\">\n<li><span style=\"font-size: 14px; color: #000000;\">\u0110\u1ed9 ph\u00f3ng \u0111\u1ea1i: 5x \/ 10x \/ 20x \/ 40x<\/span><\/li>\n<li><span style=\"font-size: 14px; color: #000000;\">K\u1ebft n\u1ed1i: USB<\/span><\/li>\n<\/ul>\n<ol style=\"text-align: justify;\" start=\"5\">\n<li><span style=\"font-size: 14px; color: #000000;\"> M\u00e0n h\u00ecnh hi\u1ec3n th\u1ecb<\/span><\/li>\n<\/ol>\n<ul style=\"text-align: justify;\">\n<li><span style=\"font-size: 14px; color: #000000;\">\u0110\u1ed9 ph\u00e2n gi\u1ea3i: 1024 \u00d7 600<\/span><\/li>\n<li><span style=\"font-size: 14px; color: #000000;\">K\u00edch th\u01b0\u1edbc: 7 inch c\u1ea3m \u1ee9ng<\/span><\/li>\n<li><span style=\"font-size: 14px; color: #000000;\">G\u00f3c nh\u00ecn camera bu\u1ed3ng: 65\u00b0<\/span><\/li>\n<li><span style=\"font-size: 14px; color: #000000;\">T\u1ea5m n\u1ec1n: IPS<\/span><\/li>\n<\/ul>\n<ol style=\"text-align: justify;\" start=\"6\">\n<li><span style=\"font-size: 14px; color: #000000;\"> H\u1ec7 th\u1ed1ng b\u01a1m ch\u00e2n kh\u00f4ng<\/span><\/li>\n<\/ol>\n<ul style=\"text-align: justify;\">\n<li><span style=\"font-size: 14px; color: #000000;\">B\u01a1m Turbo: 66 L\/s cho N\u2082<\/span><\/li>\n<li><span style=\"font-size: 14px; color: #000000;\">B\u01a1m m\u00e0ng: 1.4 m\u00b3\/h<\/span><\/li>\n<li><span style=\"font-size: 14px; color: #000000;\">\u0110\u1eb7c \u0111i\u1ec3m: Kh\u00f4ng d\u1ea7u ho\u00e0n to\u00e0n (Oil-Free)<\/span><\/li>\n<li><span style=\"font-size: 14px; color: #000000;\">Kh\u00ed s\u1eed d\u1ee5ng: Kh\u00ed kh\u00f4, kh\u00f4ng \u0103n m\u00f2n<\/span><\/li>\n<\/ul>\n<ol style=\"text-align: justify;\" start=\"8\">\n<li><span style=\"font-size: 14px; color: #000000;\"> K\u00edch th\u01b0\u1edbc &amp; Tr\u1ecdng l\u01b0\u1ee3ng h\u1ec7 th\u1ed1ng<\/span><\/li>\n<\/ol>\n<ul style=\"text-align: justify;\">\n<li><span style=\"font-size: 14px; color: #000000;\">Tr\u1ecdng l\u01b0\u1ee3ng: 45 kg<\/span><\/li>\n<li><span style=\"font-size: 14px; color: #000000;\">K\u00edch th\u01b0\u1edbc m\u00e1y: 640(W) \u00d7 492(D) \u00d7 282(465)(H) mm<\/span><\/li>\n<\/ul>\n<ol style=\"text-align: justify;\" start=\"11\">\n<li><span style=\"font-size: 14px; color: #000000;\"> T\u00f9y ch\u1ecdn (Options)<\/span><\/li>\n<\/ol>\n<p style=\"text-align: justify;\"><span style=\"font-size: 14px; color: #000000;\">H\u1ec7 th\u1ed1ng b\u1ea3o v\u1ec7 kh\u00ed cho CP-10K<\/span><\/p>\n<ul style=\"text-align: justify;\">\n<li><span style=\"font-size: 14px; color: #000000;\">Module b\u1ea3o v\u1ec7 kh\u00ed \u2013 1 b\u1ed9<\/span><\/li>\n<\/ul>\n<p style=\"text-align: justify;\"><span style=\"font-size: 14px; color: #000000;\">H\u1ec7 th\u1ed1ng l\u00e0m m\u00e1t<\/span><\/p>\n<ul>\n<li style=\"text-align: justify;\"><span style=\"font-size: 14px; color: #000000;\">B\u00e0n l\u00e0m m\u00e1t Peltier (-20\u00b0C ~) \u2013 1 b\u1ed9<\/span><\/li>\n<li style=\"text-align: justify;\"><span style=\"font-size: 14px; color: #000000;\">B\u1ed9 l\u00e0m l\u1ea1nh n\u01b0\u1edbc (Water Chiller) \u2013 1 b\u1ed9<\/span><\/li>\n<\/ul>","protected":false},"excerpt":{"rendered":"<p style=\"text-align: justify;\"><span style=\"font-size: 14px; color: #000000;\">IP-10K l\u00e0 phi\u00ean b\u1ea3n n\u00e2ng c\u1ea5p c\u1ee7a thi\u1ebft b\u1ecb \u0111\u00e1nh b\u00f3ng b\u1eb1ng ch\u00f9m ion (Ion Beam Polisher) c\u1ee7a COXEM, \u0111\u01b0\u1ee3c trang b\u1ecb nhi\u1ec1u t\u00f9y ch\u1ecdn nh\u01b0 gia c\u00f4ng ph\u1eb3ng (flat-milling), b\u00e0n l\u00e0m m\u00e1t v\u00e0 m\u00f4-\u0111un b\u1ea3o v\u1ec7 b\u1eb1ng kh\u00f4ng kh\u00ed, gi\u00fap n\u00e2ng cao hi\u1ec7u su\u1ea5t v\u00e0 t\u00ednh linh ho\u1ea1t cho nhi\u1ec1u \u1ee9ng d\u1ee5ng kh\u00e1c nhau. Thi\u1ebft b\u1ecb mang l\u1ea1i kh\u1ea3 n\u0103ng gia c\u00f4ng ch\u00ednh x\u00e1c v\u01b0\u1ee3t tr\u1ed9i \u1edf c\u1ea5p \u0111\u1ed9 vi m\u00f4, \u0111\u1ea3m b\u1ea3o \u0111\u1ed9 s\u1ea1ch v\u00e0 \u0111\u1ed9 ch\u00ednh x\u00e1c cao.<\/span><\/p>","protected":false},"featured_media":2180,"template":"","meta":{"inline_featured_image":false},"product_brand":[129],"product_cat":[130,133],"product_tag":[],"class_list":{"0":"post-2179","1":"product","2":"type-product","3":"status-publish","4":"has-post-thumbnail","6":"product_brand-coxem","7":"product_cat-kinh-hien-vi-dien-tu-quet","8":"product_cat-may-danh-bong-mat-cat-ion","10":"first","11":"instock","12":"shipping-taxable","13":"product-type-simple"},"yoast_head":"<!-- This site is optimized with the Yoast SEO plugin v24.7 - https:\/\/yoast.com\/wordpress\/plugins\/seo\/ -->\n<title>M\u00e1y \u0111\u00e1nh b\u00f3ng m\u1eb7t c\u1eaft ion IP-10K - HTI Scientific<\/title>\n<meta name=\"description\" content=\"IP 10K l\u00e0 phi\u00ean b\u1ea3n n\u00e2ng c\u1ea5p c\u1ee7a thi\u1ebft b\u1ecb \u0111\u00e1nh b\u00f3ng b\u1eb1ng ch\u00f9m ion mang l\u1ea1i kh\u1ea3 n\u0103ng gia c\u00f4ng ch\u00ednh x\u00e1c \u1edf c\u1ea5p \u0111\u1ed9 vi m\u00f4, \u0111\u1ea3m b\u1ea3o \u0111\u1ed9 s\u1ea1ch v\u00e0 \u0111\u1ed9 ch\u00ednh x\u00e1c cao.\" \/>\n<meta name=\"robots\" content=\"index, follow, max-snippet:-1, max-image-preview:large, max-video-preview:-1\" \/>\n<link rel=\"canonical\" href=\"https:\/\/htiscientific.vn\/en\/product\/may-danh-bong-mat-cat-ion-ip-10k\/\" \/>\n<meta property=\"og:locale\" content=\"en_US\" \/>\n<meta property=\"og:type\" content=\"article\" \/>\n<meta property=\"og:title\" content=\"M\u00e1y \u0111\u00e1nh b\u00f3ng m\u1eb7t c\u1eaft ion IP-10K - HTI Scientific\" \/>\n<meta property=\"og:description\" content=\"IP 10K l\u00e0 phi\u00ean b\u1ea3n n\u00e2ng c\u1ea5p c\u1ee7a thi\u1ebft b\u1ecb \u0111\u00e1nh b\u00f3ng b\u1eb1ng ch\u00f9m ion mang l\u1ea1i kh\u1ea3 n\u0103ng gia c\u00f4ng ch\u00ednh x\u00e1c \u1edf c\u1ea5p \u0111\u1ed9 vi m\u00f4, \u0111\u1ea3m b\u1ea3o \u0111\u1ed9 s\u1ea1ch v\u00e0 \u0111\u1ed9 ch\u00ednh x\u00e1c cao.\" \/>\n<meta property=\"og:url\" content=\"https:\/\/htiscientific.vn\/en\/product\/may-danh-bong-mat-cat-ion-ip-10k\/\" \/>\n<meta property=\"og:site_name\" content=\"HTI Scientific\" \/>\n<meta property=\"article:publisher\" content=\"https:\/\/www.facebook.com\/htiscientific.vn\" \/>\n<meta property=\"article:modified_time\" content=\"2026-02-27T09:47:11+00:00\" \/>\n<meta property=\"og:image\" content=\"https:\/\/htiscientific.vn\/wp-content\/uploads\/2026\/02\/ip-10k.jpg\" \/>\n\t<meta property=\"og:image:width\" content=\"1000\" \/>\n\t<meta property=\"og:image:height\" content=\"1000\" \/>\n\t<meta property=\"og:image:type\" content=\"image\/jpeg\" \/>\n<meta name=\"twitter:card\" content=\"summary_large_image\" \/>\n<meta name=\"twitter:label1\" content=\"Est. reading time\" \/>\n\t<meta name=\"twitter:data1\" content=\"3 minutes\" \/>\n<script type=\"application\/ld+json\" class=\"yoast-schema-graph\">{\"@context\":\"https:\/\/schema.org\",\"@graph\":[{\"@type\":\"WebPage\",\"@id\":\"https:\/\/htiscientific.vn\/san-pham\/may-danh-bong-mat-cat-ion-ip-10k\/\",\"url\":\"https:\/\/htiscientific.vn\/san-pham\/may-danh-bong-mat-cat-ion-ip-10k\/\",\"name\":\"M\u00e1y \u0111\u00e1nh b\u00f3ng m\u1eb7t c\u1eaft ion IP-10K - HTI Scientific\",\"isPartOf\":{\"@id\":\"https:\/\/htiscientific.vn\/#website\"},\"primaryImageOfPage\":{\"@id\":\"https:\/\/htiscientific.vn\/san-pham\/may-danh-bong-mat-cat-ion-ip-10k\/#primaryimage\"},\"image\":{\"@id\":\"https:\/\/htiscientific.vn\/san-pham\/may-danh-bong-mat-cat-ion-ip-10k\/#primaryimage\"},\"thumbnailUrl\":\"https:\/\/htiscientific.vn\/wp-content\/uploads\/2026\/02\/ip-10k.jpg\",\"datePublished\":\"2026-02-27T03:55:09+00:00\",\"dateModified\":\"2026-02-27T09:47:11+00:00\",\"description\":\"IP 10K l\u00e0 phi\u00ean b\u1ea3n n\u00e2ng c\u1ea5p c\u1ee7a thi\u1ebft b\u1ecb \u0111\u00e1nh b\u00f3ng b\u1eb1ng ch\u00f9m ion mang l\u1ea1i kh\u1ea3 n\u0103ng gia c\u00f4ng ch\u00ednh x\u00e1c \u1edf c\u1ea5p \u0111\u1ed9 vi m\u00f4, \u0111\u1ea3m b\u1ea3o \u0111\u1ed9 s\u1ea1ch v\u00e0 \u0111\u1ed9 ch\u00ednh x\u00e1c cao.\",\"breadcrumb\":{\"@id\":\"https:\/\/htiscientific.vn\/san-pham\/may-danh-bong-mat-cat-ion-ip-10k\/#breadcrumb\"},\"inLanguage\":\"en-US\",\"potentialAction\":[{\"@type\":\"ReadAction\",\"target\":[\"https:\/\/htiscientific.vn\/san-pham\/may-danh-bong-mat-cat-ion-ip-10k\/\"]}]},{\"@type\":\"ImageObject\",\"inLanguage\":\"en-US\",\"@id\":\"https:\/\/htiscientific.vn\/san-pham\/may-danh-bong-mat-cat-ion-ip-10k\/#primaryimage\",\"url\":\"https:\/\/htiscientific.vn\/wp-content\/uploads\/2026\/02\/ip-10k.jpg\",\"contentUrl\":\"https:\/\/htiscientific.vn\/wp-content\/uploads\/2026\/02\/ip-10k.jpg\",\"width\":1000,\"height\":1000},{\"@type\":\"BreadcrumbList\",\"@id\":\"https:\/\/htiscientific.vn\/san-pham\/may-danh-bong-mat-cat-ion-ip-10k\/#breadcrumb\",\"itemListElement\":[{\"@type\":\"ListItem\",\"position\":1,\"name\":\"Trang ch\u1ee7\",\"item\":\"https:\/\/htiscientific.vn\/\"},{\"@type\":\"ListItem\",\"position\":2,\"name\":\"C\u1eeda h\u00e0ng\",\"item\":\"https:\/\/htiscientific.vn\/cua-hang\/\"},{\"@type\":\"ListItem\",\"position\":3,\"name\":\"K\u00ednh hi\u1ec3n vi \u0111i\u1ec7n t\u1eed qu\u00e9t\",\"item\":\"https:\/\/htiscientific.vn\/danh-muc-san-pham\/kinh-hien-vi-dien-tu-quet\/\"},{\"@type\":\"ListItem\",\"position\":4,\"name\":\"M\u00e1y \u0111\u00e1nh b\u00f3ng m\u1eb7t c\u1eaft ion\",\"item\":\"https:\/\/htiscientific.vn\/danh-muc-san-pham\/kinh-hien-vi-dien-tu-quet\/may-danh-bong-mat-cat-ion\/\"},{\"@type\":\"ListItem\",\"position\":5,\"name\":\"M\u00e1y \u0111\u00e1nh b\u00f3ng m\u1eb7t c\u1eaft ion IP-10K\"}]},{\"@type\":\"WebSite\",\"@id\":\"https:\/\/htiscientific.vn\/#website\",\"url\":\"https:\/\/htiscientific.vn\/\",\"name\":\"HTI Scientific\",\"description\":\"HTI Scientific\",\"publisher\":{\"@id\":\"https:\/\/htiscientific.vn\/#organization\"},\"potentialAction\":[{\"@type\":\"SearchAction\",\"target\":{\"@type\":\"EntryPoint\",\"urlTemplate\":\"https:\/\/htiscientific.vn\/?s={search_term_string}\"},\"query-input\":{\"@type\":\"PropertyValueSpecification\",\"valueRequired\":true,\"valueName\":\"search_term_string\"}}],\"inLanguage\":\"en-US\"},{\"@type\":\"Organization\",\"@id\":\"https:\/\/htiscientific.vn\/#organization\",\"name\":\"HTI Scientific\",\"alternateName\":\"HTI Scientific\",\"url\":\"https:\/\/htiscientific.vn\/\",\"logo\":{\"@type\":\"ImageObject\",\"inLanguage\":\"en-US\",\"@id\":\"https:\/\/htiscientific.vn\/#\/schema\/logo\/image\/\",\"url\":\"https:\/\/htiscientific.vn\/wp-content\/uploads\/2025\/03\/ava-hti-copy.jpg\",\"contentUrl\":\"https:\/\/htiscientific.vn\/wp-content\/uploads\/2025\/03\/ava-hti-copy.jpg\",\"width\":700,\"height\":450,\"caption\":\"HTI Scientific\"},\"image\":{\"@id\":\"https:\/\/htiscientific.vn\/#\/schema\/logo\/image\/\"},\"sameAs\":[\"https:\/\/www.facebook.com\/htiscientific.vn\"]}]}<\/script>\n<!-- \/ Yoast SEO plugin. -->","yoast_head_json":{"title":"M\u00e1y \u0111\u00e1nh b\u00f3ng m\u1eb7t c\u1eaft ion IP-10K - HTI Scientific","description":"IP 10K l\u00e0 phi\u00ean b\u1ea3n n\u00e2ng c\u1ea5p c\u1ee7a thi\u1ebft b\u1ecb \u0111\u00e1nh b\u00f3ng b\u1eb1ng ch\u00f9m ion mang l\u1ea1i kh\u1ea3 n\u0103ng gia c\u00f4ng ch\u00ednh x\u00e1c \u1edf c\u1ea5p \u0111\u1ed9 vi m\u00f4, \u0111\u1ea3m b\u1ea3o \u0111\u1ed9 s\u1ea1ch v\u00e0 \u0111\u1ed9 ch\u00ednh x\u00e1c cao.","robots":{"index":"index","follow":"follow","max-snippet":"max-snippet:-1","max-image-preview":"max-image-preview:large","max-video-preview":"max-video-preview:-1"},"canonical":"https:\/\/htiscientific.vn\/en\/product\/may-danh-bong-mat-cat-ion-ip-10k\/","og_locale":"en_US","og_type":"article","og_title":"M\u00e1y \u0111\u00e1nh b\u00f3ng m\u1eb7t c\u1eaft ion IP-10K - HTI Scientific","og_description":"IP 10K l\u00e0 phi\u00ean b\u1ea3n n\u00e2ng c\u1ea5p c\u1ee7a thi\u1ebft b\u1ecb \u0111\u00e1nh b\u00f3ng b\u1eb1ng ch\u00f9m ion mang l\u1ea1i kh\u1ea3 n\u0103ng gia c\u00f4ng ch\u00ednh x\u00e1c \u1edf c\u1ea5p \u0111\u1ed9 vi m\u00f4, \u0111\u1ea3m b\u1ea3o \u0111\u1ed9 s\u1ea1ch v\u00e0 \u0111\u1ed9 ch\u00ednh x\u00e1c cao.","og_url":"https:\/\/htiscientific.vn\/en\/product\/may-danh-bong-mat-cat-ion-ip-10k\/","og_site_name":"HTI Scientific","article_publisher":"https:\/\/www.facebook.com\/htiscientific.vn","article_modified_time":"2026-02-27T09:47:11+00:00","og_image":[{"width":1000,"height":1000,"url":"https:\/\/htiscientific.vn\/wp-content\/uploads\/2026\/02\/ip-10k.jpg","type":"image\/jpeg"}],"twitter_card":"summary_large_image","twitter_misc":{"Est. reading time":"3 minutes"},"schema":{"@context":"https:\/\/schema.org","@graph":[{"@type":"WebPage","@id":"https:\/\/htiscientific.vn\/san-pham\/may-danh-bong-mat-cat-ion-ip-10k\/","url":"https:\/\/htiscientific.vn\/san-pham\/may-danh-bong-mat-cat-ion-ip-10k\/","name":"M\u00e1y \u0111\u00e1nh b\u00f3ng m\u1eb7t c\u1eaft ion IP-10K - HTI Scientific","isPartOf":{"@id":"https:\/\/htiscientific.vn\/#website"},"primaryImageOfPage":{"@id":"https:\/\/htiscientific.vn\/san-pham\/may-danh-bong-mat-cat-ion-ip-10k\/#primaryimage"},"image":{"@id":"https:\/\/htiscientific.vn\/san-pham\/may-danh-bong-mat-cat-ion-ip-10k\/#primaryimage"},"thumbnailUrl":"https:\/\/htiscientific.vn\/wp-content\/uploads\/2026\/02\/ip-10k.jpg","datePublished":"2026-02-27T03:55:09+00:00","dateModified":"2026-02-27T09:47:11+00:00","description":"IP 10K l\u00e0 phi\u00ean b\u1ea3n n\u00e2ng c\u1ea5p c\u1ee7a thi\u1ebft b\u1ecb \u0111\u00e1nh b\u00f3ng b\u1eb1ng ch\u00f9m ion mang l\u1ea1i kh\u1ea3 n\u0103ng gia c\u00f4ng ch\u00ednh x\u00e1c \u1edf c\u1ea5p \u0111\u1ed9 vi m\u00f4, \u0111\u1ea3m b\u1ea3o \u0111\u1ed9 s\u1ea1ch v\u00e0 \u0111\u1ed9 ch\u00ednh x\u00e1c cao.","breadcrumb":{"@id":"https:\/\/htiscientific.vn\/san-pham\/may-danh-bong-mat-cat-ion-ip-10k\/#breadcrumb"},"inLanguage":"en-US","potentialAction":[{"@type":"ReadAction","target":["https:\/\/htiscientific.vn\/san-pham\/may-danh-bong-mat-cat-ion-ip-10k\/"]}]},{"@type":"ImageObject","inLanguage":"en-US","@id":"https:\/\/htiscientific.vn\/san-pham\/may-danh-bong-mat-cat-ion-ip-10k\/#primaryimage","url":"https:\/\/htiscientific.vn\/wp-content\/uploads\/2026\/02\/ip-10k.jpg","contentUrl":"https:\/\/htiscientific.vn\/wp-content\/uploads\/2026\/02\/ip-10k.jpg","width":1000,"height":1000},{"@type":"BreadcrumbList","@id":"https:\/\/htiscientific.vn\/san-pham\/may-danh-bong-mat-cat-ion-ip-10k\/#breadcrumb","itemListElement":[{"@type":"ListItem","position":1,"name":"Trang ch\u1ee7","item":"https:\/\/htiscientific.vn\/"},{"@type":"ListItem","position":2,"name":"C\u1eeda h\u00e0ng","item":"https:\/\/htiscientific.vn\/cua-hang\/"},{"@type":"ListItem","position":3,"name":"K\u00ednh hi\u1ec3n vi \u0111i\u1ec7n t\u1eed qu\u00e9t","item":"https:\/\/htiscientific.vn\/danh-muc-san-pham\/kinh-hien-vi-dien-tu-quet\/"},{"@type":"ListItem","position":4,"name":"M\u00e1y \u0111\u00e1nh b\u00f3ng m\u1eb7t c\u1eaft ion","item":"https:\/\/htiscientific.vn\/danh-muc-san-pham\/kinh-hien-vi-dien-tu-quet\/may-danh-bong-mat-cat-ion\/"},{"@type":"ListItem","position":5,"name":"M\u00e1y \u0111\u00e1nh b\u00f3ng m\u1eb7t c\u1eaft ion IP-10K"}]},{"@type":"WebSite","@id":"https:\/\/htiscientific.vn\/#website","url":"https:\/\/htiscientific.vn\/","name":"HTI Scientific","description":"HTI Scientific","publisher":{"@id":"https:\/\/htiscientific.vn\/#organization"},"potentialAction":[{"@type":"SearchAction","target":{"@type":"EntryPoint","urlTemplate":"https:\/\/htiscientific.vn\/?s={search_term_string}"},"query-input":{"@type":"PropertyValueSpecification","valueRequired":true,"valueName":"search_term_string"}}],"inLanguage":"en-US"},{"@type":"Organization","@id":"https:\/\/htiscientific.vn\/#organization","name":"HTI Scientific","alternateName":"HTI Scientific","url":"https:\/\/htiscientific.vn\/","logo":{"@type":"ImageObject","inLanguage":"en-US","@id":"https:\/\/htiscientific.vn\/#\/schema\/logo\/image\/","url":"https:\/\/htiscientific.vn\/wp-content\/uploads\/2025\/03\/ava-hti-copy.jpg","contentUrl":"https:\/\/htiscientific.vn\/wp-content\/uploads\/2025\/03\/ava-hti-copy.jpg","width":700,"height":450,"caption":"HTI Scientific"},"image":{"@id":"https:\/\/htiscientific.vn\/#\/schema\/logo\/image\/"},"sameAs":["https:\/\/www.facebook.com\/htiscientific.vn"]}]}},"_links":{"self":[{"href":"https:\/\/htiscientific.vn\/en\/wp-json\/wp\/v2\/product\/2179","targetHints":{"allow":["GET"]}}],"collection":[{"href":"https:\/\/htiscientific.vn\/en\/wp-json\/wp\/v2\/product"}],"about":[{"href":"https:\/\/htiscientific.vn\/en\/wp-json\/wp\/v2\/types\/product"}],"wp:featuredmedia":[{"embeddable":true,"href":"https:\/\/htiscientific.vn\/en\/wp-json\/wp\/v2\/media\/2180"}],"wp:attachment":[{"href":"https:\/\/htiscientific.vn\/en\/wp-json\/wp\/v2\/media?parent=2179"}],"wp:term":[{"taxonomy":"product_brand","embeddable":true,"href":"https:\/\/htiscientific.vn\/en\/wp-json\/wp\/v2\/product_brand?post=2179"},{"taxonomy":"product_cat","embeddable":true,"href":"https:\/\/htiscientific.vn\/en\/wp-json\/wp\/v2\/product_cat?post=2179"},{"taxonomy":"product_tag","embeddable":true,"href":"https:\/\/htiscientific.vn\/en\/wp-json\/wp\/v2\/product_tag?post=2179"}],"curies":[{"name":"wp","href":"https:\/\/api.w.org\/{rel}","templated":true}]}}