{"id":2174,"date":"2026-02-27T10:49:49","date_gmt":"2026-02-27T03:49:49","guid":{"rendered":"https:\/\/htiscientific.vn\/?post_type=product&#038;p=2174"},"modified":"2026-02-27T16:44:30","modified_gmt":"2026-02-27T09:44:30","slug":"may-danh-bong-mat-cat-ion-ip-8k","status":"publish","type":"product","link":"https:\/\/htiscientific.vn\/en\/product\/may-danh-bong-mat-cat-ion-ip-8k\/","title":{"rendered":"M\u00e1y \u0111\u00e1nh b\u00f3ng m\u1eb7t c\u1eaft ion IP-8K"},"content":{"rendered":"<p style=\"text-align: justify;\"><span style=\"font-size: 14px; color: #000000;\">IP-8K l\u00e0 thi\u1ebft b\u1ecb chu\u1ea9n b\u1ecb m\u1eabu ti\u00ean ti\u1ebfn, s\u1eed d\u1ee5ng ch\u00f9m ion argon \u0111\u1ec3 t\u1ea1o l\u00e1t c\u1eaft ngang tr\u00ean b\u1ec1 m\u1eb7t m\u1eabu. Ph\u01b0\u01a1ng ph\u00e1p n\u00e0y gi\u00fap tr\u00e1nh bi\u1ebfn d\u1ea1ng c\u01a1 h\u1ecdc v\u00e0 h\u01b0 h\u1ea1i c\u1ea5u tr\u00fac, \u0111\u1ed3ng th\u1eddi kh\u00f4ng c\u1ea7n \u0111\u1ebfn c\u00e1c quy tr\u00ecnh h\u00f3a h\u1ecdc ph\u1ee9c t\u1ea1p. Ngo\u00e0i ra, h\u1ec7 th\u1ed1ng c\u00f2n h\u1ed7 tr\u1ee3 ph\u00e2n t\u00edch m\u1eb7t c\u1eaft ngang tr\u00ean di\u1ec7n t\u00edch l\u1edbn, t\u1eeb v\u00e0i ch\u1ee5c micromet (\u00b5m) \u0111\u1ebfn v\u00e0i milim\u00e9t (mm), gi\u00fap qu\u00e1 tr\u00ecnh ph\u00e2n t\u00edch m\u1eabu tr\u1edf n\u00ean \u0111\u01a1n gi\u1ea3n v\u00e0 hi\u1ec7u qu\u1ea3 h\u01a1n.<\/span><\/p>\n<p style=\"text-align: justify;\"><span style=\"font-size: 14px; color: #000000;\">H\u00e3ng s\u1ea3n xu\u1ea5t: COXEM Korea Co., Ltd.<\/span><br \/>\n<span style=\"font-size: 14px; color: #000000;\">Model: IP-8K<\/span><br \/>\n<span style=\"font-size: 14px; color: #000000;\">Xu\u1ea5t x\u1ee9: H\u00e0n Qu\u1ed1c<\/span><\/p>\n<ul>\n<li style=\"text-align: justify;\"><span style=\"font-size: 14px; color: #000000;\">Kh\u00ed s\u1eed d\u1ee5ng: Kh\u00ed Ar (Argon)<\/span><\/li>\n<li style=\"text-align: justify;\"><span style=\"font-size: 14px; color: #000000;\">T\u1ed1c \u0111\u1ed9 m\u00e0i: 700 \u03bcm\/gi\u1edd (Si t\u1ea1i 8 kV)<\/span><\/li>\n<li style=\"text-align: justify;\"><span style=\"font-size: 14px; color: #000000;\">\u0110i\u1ec7n \u00e1p gia t\u1ed1c: 2 ~ 8 kV<\/span><\/li>\n<li style=\"text-align: justify;\"><span style=\"font-size: 14px; color: #000000;\">K\u00edch th\u01b0\u1edbc m\u1eabu t\u1ed1i \u0111a:<\/span><\/li>\n<li style=\"text-align: justify;\"><span style=\"font-size: 14px; color: #000000;\">20 (R\u1ed9ng) \u00d7 10 (S\u00e2u) \u00d7 5.5 (Cao) mm<\/span><\/li>\n<li style=\"text-align: justify;\"><span style=\"font-size: 14px; color: #000000;\">16 (R\u1ed9ng) \u00d7 10 (S\u00e2u) \u00d7 9.5 (Cao) mm<\/span><\/li>\n<li style=\"text-align: justify;\"><span style=\"font-size: 14px; color: #000000;\">G\u00f3c quay: \u00b135\u00b0<\/span><\/li>\n<li style=\"text-align: justify;\"><span style=\"font-size: 14px; color: #000000;\">Ph\u1ea1m vi di chuy\u1ec3n m\u1eabu:<\/span><\/li>\n<li style=\"text-align: justify;\"><span style=\"font-size: 14px; color: #000000;\">Tr\u1ee5c X: \u00b13.5 mm<\/span><\/li>\n<li style=\"text-align: justify;\"><span style=\"font-size: 14px; color: #000000;\">Tr\u1ee5c Y: \u00b12 mm<\/span><\/li>\n<li style=\"text-align: justify;\"><span style=\"font-size: 14px; color: #000000;\">M\u00e0n h\u00ecnh hi\u1ec3n th\u1ecb: M\u00e0n h\u00ecnh c\u1ea3m \u1ee9ng 7 inch (\u0111\u1ed9 ph\u00e2n gi\u1ea3i 1024 \u00d7 600)<\/span><\/li>\n<li style=\"text-align: justify;\"><span style=\"font-size: 14px; color: #000000;\">Camera s\u1ed1 c\u0103n ch\u1ec9nh m\u1eabu:<\/span><\/li>\n<li style=\"text-align: justify;\"><span style=\"font-size: 14px; color: #000000;\">\u0110\u1ed9 ph\u00f3ng \u0111\u1ea1i: 5\u00d7, 10\u00d7, 20\u00d7, 40\u00d7<\/span><\/li>\n<li style=\"text-align: justify;\"><span style=\"font-size: 14px; color: #000000;\">Camera bu\u1ed3ng:<\/span><\/li>\n<li style=\"text-align: justify;\"><span style=\"font-size: 14px; color: #000000;\">\u0110\u1ed9 ph\u00f3ng \u0111\u1ea1i: 5\u00d7, 10\u00d7, 20\u00d7, 40\u00d7<\/span><\/li>\n<li style=\"text-align: justify;\"><span style=\"font-size: 14px; color: #000000;\">\u0110i\u1ec1u ch\u1ec9nh \u0111\u1ed9 s\u00e1ng 4 m\u1ee9c<\/span><\/li>\n<li style=\"text-align: justify;\"><span style=\"font-size: 14px; color: #000000;\">Ch\u1ebf \u0111\u1ed9 quan s\u00e1t ch\u00f9m ion (t\u1eaft \u0111\u00e8n LED)<\/span><\/li>\n<li style=\"text-align: justify;\"><span style=\"font-size: 14px; color: #000000;\">\u00c1p su\u1ea5t kh\u00ed: 0.03 \u2013 0.05 MPa<\/span><\/li>\n<li style=\"text-align: justify;\"><span style=\"font-size: 14px; color: #000000;\">\u0110i\u1ec1u khi\u1ec3n l\u01b0u l\u01b0\u1ee3ng kh\u00ed: B\u1ed9 \u0111i\u1ec1u khi\u1ec3n l\u01b0u l\u01b0\u1ee3ng kh\u1ed1i<\/span><\/li>\n<li style=\"text-align: justify;\"><span style=\"font-size: 14px; color: #000000;\">H\u1ec7 th\u1ed1ng h\u00fat ch\u00e2n kh\u00f4ng:<\/span><\/li>\n<li style=\"text-align: justify;\"><span style=\"font-size: 14px; color: #000000;\">B\u01a1m Turbo-molecular<\/span><\/li>\n<li style=\"text-align: justify;\"><span style=\"font-size: 14px; color: #000000;\">B\u01a1m m\u00e0ng<\/span><\/li>\n<li style=\"text-align: justify;\"><span style=\"font-size: 14px; color: #000000;\">K\u00edch th\u01b0\u1edbc thi\u1ebft b\u1ecb: 640 (R\u1ed9ng) \u00d7 492 (S\u00e2u) \u00d7 282 (465) (Cao) mm<\/span><\/li>\n<li style=\"text-align: justify;\"><span style=\"font-size: 14px; color: #000000;\">Kh\u1ed1i l\u01b0\u1ee3ng:<\/span><\/li>\n<li style=\"text-align: justify;\"><span style=\"font-size: 14px; color: #000000;\">Th\u00e2n m\u00e1y ch\u00ednh: 45 kg<\/span><\/li>\n<li style=\"text-align: justify;\"><span style=\"font-size: 14px; color: #000000;\">B\u01a1m m\u00e0ng: 6.5 kg<\/span><\/li>\n<\/ul>","protected":false},"excerpt":{"rendered":"<p style=\"text-align: justify;\"><span style=\"font-size: 14px; color: #000000;\">IP-8K l\u00e0 thi\u1ebft b\u1ecb chu\u1ea9n b\u1ecb m\u1eabu ti\u00ean ti\u1ebfn, s\u1eed d\u1ee5ng ch\u00f9m ion argon \u0111\u1ec3 t\u1ea1o l\u00e1t c\u1eaft ngang tr\u00ean b\u1ec1 m\u1eb7t m\u1eabu. Ph\u01b0\u01a1ng ph\u00e1p n\u00e0y gi\u00fap tr\u00e1nh bi\u1ebfn d\u1ea1ng c\u01a1 h\u1ecdc v\u00e0 h\u01b0 h\u1ea1i c\u1ea5u tr\u00fac, \u0111\u1ed3ng th\u1eddi kh\u00f4ng c\u1ea7n \u0111\u1ebfn c\u00e1c quy tr\u00ecnh h\u00f3a h\u1ecdc ph\u1ee9c t\u1ea1p. Ngo\u00e0i ra, h\u1ec7 th\u1ed1ng c\u00f2n h\u1ed7 tr\u1ee3 ph\u00e2n t\u00edch m\u1eb7t c\u1eaft ngang tr\u00ean di\u1ec7n t\u00edch l\u1edbn, t\u1eeb v\u00e0i ch\u1ee5c micromet (\u00b5m) \u0111\u1ebfn v\u00e0i milim\u00e9t (mm), gi\u00fap qu\u00e1 tr\u00ecnh ph\u00e2n t\u00edch m\u1eabu tr\u1edf n\u00ean \u0111\u01a1n gi\u1ea3n v\u00e0 hi\u1ec7u qu\u1ea3 h\u01a1n.<\/span><\/p>","protected":false},"featured_media":2175,"template":"","meta":{"inline_featured_image":false},"product_brand":[129],"product_cat":[130,133],"product_tag":[],"class_list":{"0":"post-2174","1":"product","2":"type-product","3":"status-publish","4":"has-post-thumbnail","6":"product_brand-coxem","7":"product_cat-kinh-hien-vi-dien-tu-quet","8":"product_cat-may-danh-bong-mat-cat-ion","10":"first","11":"instock","12":"shipping-taxable","13":"product-type-simple"},"yoast_head":"<!-- This site is optimized with the Yoast SEO plugin v24.7 - https:\/\/yoast.com\/wordpress\/plugins\/seo\/ -->\n<title>M\u00e1y \u0111\u00e1nh b\u00f3ng m\u1eb7t c\u1eaft ion IP-8K - HTI Scientific<\/title>\n<meta name=\"description\" content=\"IP-8K l\u00e0 thi\u1ebft b\u1ecb chu\u1ea9n b\u1ecb m\u1eabu ti\u00ean ti\u1ebfn h\u1ed7 tr\u1ee3 ph\u00e2n t\u00edch m\u1eb7t c\u1eaft ngang tr\u00ean di\u1ec7n t\u00edch l\u1edbn, t\u1eeb v\u00e0i ch\u1ee5c micromet (\u00b5m) \u0111\u1ebfn v\u00e0i milim\u00e9t (mm)...\" \/>\n<meta name=\"robots\" content=\"index, follow, max-snippet:-1, max-image-preview:large, max-video-preview:-1\" \/>\n<link rel=\"canonical\" href=\"https:\/\/htiscientific.vn\/en\/product\/may-danh-bong-mat-cat-ion-ip-8k\/\" \/>\n<meta property=\"og:locale\" content=\"en_US\" \/>\n<meta property=\"og:type\" content=\"article\" \/>\n<meta property=\"og:title\" content=\"M\u00e1y \u0111\u00e1nh b\u00f3ng m\u1eb7t c\u1eaft ion IP-8K - HTI Scientific\" \/>\n<meta property=\"og:description\" content=\"IP-8K l\u00e0 thi\u1ebft b\u1ecb chu\u1ea9n b\u1ecb m\u1eabu ti\u00ean ti\u1ebfn h\u1ed7 tr\u1ee3 ph\u00e2n t\u00edch m\u1eb7t c\u1eaft ngang tr\u00ean di\u1ec7n t\u00edch l\u1edbn, t\u1eeb v\u00e0i ch\u1ee5c micromet (\u00b5m) \u0111\u1ebfn v\u00e0i milim\u00e9t (mm)...\" \/>\n<meta property=\"og:url\" content=\"https:\/\/htiscientific.vn\/en\/product\/may-danh-bong-mat-cat-ion-ip-8k\/\" \/>\n<meta property=\"og:site_name\" content=\"HTI Scientific\" \/>\n<meta property=\"article:publisher\" content=\"https:\/\/www.facebook.com\/htiscientific.vn\" \/>\n<meta property=\"article:modified_time\" content=\"2026-02-27T09:44:30+00:00\" \/>\n<meta property=\"og:image\" content=\"https:\/\/htiscientific.vn\/wp-content\/uploads\/2026\/02\/ip-8k1.jpg\" \/>\n\t<meta property=\"og:image:width\" content=\"2048\" \/>\n\t<meta property=\"og:image:height\" content=\"2048\" \/>\n\t<meta property=\"og:image:type\" content=\"image\/jpeg\" \/>\n<meta name=\"twitter:card\" content=\"summary_large_image\" \/>\n<meta name=\"twitter:label1\" content=\"Est. reading time\" \/>\n\t<meta name=\"twitter:data1\" content=\"2 minutes\" \/>\n<script type=\"application\/ld+json\" class=\"yoast-schema-graph\">{\"@context\":\"https:\/\/schema.org\",\"@graph\":[{\"@type\":\"WebPage\",\"@id\":\"https:\/\/htiscientific.vn\/san-pham\/may-danh-bong-mat-cat-ion-ip-8k\/\",\"url\":\"https:\/\/htiscientific.vn\/san-pham\/may-danh-bong-mat-cat-ion-ip-8k\/\",\"name\":\"M\u00e1y \u0111\u00e1nh b\u00f3ng m\u1eb7t c\u1eaft ion IP-8K - HTI Scientific\",\"isPartOf\":{\"@id\":\"https:\/\/htiscientific.vn\/#website\"},\"primaryImageOfPage\":{\"@id\":\"https:\/\/htiscientific.vn\/san-pham\/may-danh-bong-mat-cat-ion-ip-8k\/#primaryimage\"},\"image\":{\"@id\":\"https:\/\/htiscientific.vn\/san-pham\/may-danh-bong-mat-cat-ion-ip-8k\/#primaryimage\"},\"thumbnailUrl\":\"https:\/\/htiscientific.vn\/wp-content\/uploads\/2026\/02\/ip-8k1.jpg\",\"datePublished\":\"2026-02-27T03:49:49+00:00\",\"dateModified\":\"2026-02-27T09:44:30+00:00\",\"description\":\"IP-8K l\u00e0 thi\u1ebft b\u1ecb chu\u1ea9n b\u1ecb m\u1eabu ti\u00ean ti\u1ebfn h\u1ed7 tr\u1ee3 ph\u00e2n t\u00edch m\u1eb7t c\u1eaft ngang tr\u00ean di\u1ec7n t\u00edch l\u1edbn, t\u1eeb v\u00e0i ch\u1ee5c micromet (\u00b5m) \u0111\u1ebfn v\u00e0i milim\u00e9t (mm)...\",\"breadcrumb\":{\"@id\":\"https:\/\/htiscientific.vn\/san-pham\/may-danh-bong-mat-cat-ion-ip-8k\/#breadcrumb\"},\"inLanguage\":\"en-US\",\"potentialAction\":[{\"@type\":\"ReadAction\",\"target\":[\"https:\/\/htiscientific.vn\/san-pham\/may-danh-bong-mat-cat-ion-ip-8k\/\"]}]},{\"@type\":\"ImageObject\",\"inLanguage\":\"en-US\",\"@id\":\"https:\/\/htiscientific.vn\/san-pham\/may-danh-bong-mat-cat-ion-ip-8k\/#primaryimage\",\"url\":\"https:\/\/htiscientific.vn\/wp-content\/uploads\/2026\/02\/ip-8k1.jpg\",\"contentUrl\":\"https:\/\/htiscientific.vn\/wp-content\/uploads\/2026\/02\/ip-8k1.jpg\",\"width\":2048,\"height\":2048},{\"@type\":\"BreadcrumbList\",\"@id\":\"https:\/\/htiscientific.vn\/san-pham\/may-danh-bong-mat-cat-ion-ip-8k\/#breadcrumb\",\"itemListElement\":[{\"@type\":\"ListItem\",\"position\":1,\"name\":\"Trang ch\u1ee7\",\"item\":\"https:\/\/htiscientific.vn\/\"},{\"@type\":\"ListItem\",\"position\":2,\"name\":\"C\u1eeda h\u00e0ng\",\"item\":\"https:\/\/htiscientific.vn\/cua-hang\/\"},{\"@type\":\"ListItem\",\"position\":3,\"name\":\"K\u00ednh hi\u1ec3n vi \u0111i\u1ec7n t\u1eed qu\u00e9t\",\"item\":\"https:\/\/htiscientific.vn\/danh-muc-san-pham\/kinh-hien-vi-dien-tu-quet\/\"},{\"@type\":\"ListItem\",\"position\":4,\"name\":\"M\u00e1y \u0111\u00e1nh b\u00f3ng m\u1eb7t c\u1eaft ion\",\"item\":\"https:\/\/htiscientific.vn\/danh-muc-san-pham\/kinh-hien-vi-dien-tu-quet\/may-danh-bong-mat-cat-ion\/\"},{\"@type\":\"ListItem\",\"position\":5,\"name\":\"M\u00e1y \u0111\u00e1nh b\u00f3ng m\u1eb7t c\u1eaft ion IP-8K\"}]},{\"@type\":\"WebSite\",\"@id\":\"https:\/\/htiscientific.vn\/#website\",\"url\":\"https:\/\/htiscientific.vn\/\",\"name\":\"HTI Scientific\",\"description\":\"HTI Scientific\",\"publisher\":{\"@id\":\"https:\/\/htiscientific.vn\/#organization\"},\"potentialAction\":[{\"@type\":\"SearchAction\",\"target\":{\"@type\":\"EntryPoint\",\"urlTemplate\":\"https:\/\/htiscientific.vn\/?s={search_term_string}\"},\"query-input\":{\"@type\":\"PropertyValueSpecification\",\"valueRequired\":true,\"valueName\":\"search_term_string\"}}],\"inLanguage\":\"en-US\"},{\"@type\":\"Organization\",\"@id\":\"https:\/\/htiscientific.vn\/#organization\",\"name\":\"HTI Scientific\",\"alternateName\":\"HTI Scientific\",\"url\":\"https:\/\/htiscientific.vn\/\",\"logo\":{\"@type\":\"ImageObject\",\"inLanguage\":\"en-US\",\"@id\":\"https:\/\/htiscientific.vn\/#\/schema\/logo\/image\/\",\"url\":\"https:\/\/htiscientific.vn\/wp-content\/uploads\/2025\/03\/ava-hti-copy.jpg\",\"contentUrl\":\"https:\/\/htiscientific.vn\/wp-content\/uploads\/2025\/03\/ava-hti-copy.jpg\",\"width\":700,\"height\":450,\"caption\":\"HTI Scientific\"},\"image\":{\"@id\":\"https:\/\/htiscientific.vn\/#\/schema\/logo\/image\/\"},\"sameAs\":[\"https:\/\/www.facebook.com\/htiscientific.vn\"]}]}<\/script>\n<!-- \/ Yoast SEO plugin. -->","yoast_head_json":{"title":"M\u00e1y \u0111\u00e1nh b\u00f3ng m\u1eb7t c\u1eaft ion IP-8K - HTI Scientific","description":"IP-8K l\u00e0 thi\u1ebft b\u1ecb chu\u1ea9n b\u1ecb m\u1eabu ti\u00ean ti\u1ebfn h\u1ed7 tr\u1ee3 ph\u00e2n t\u00edch m\u1eb7t c\u1eaft ngang tr\u00ean di\u1ec7n t\u00edch l\u1edbn, t\u1eeb v\u00e0i ch\u1ee5c micromet (\u00b5m) \u0111\u1ebfn v\u00e0i milim\u00e9t (mm)...","robots":{"index":"index","follow":"follow","max-snippet":"max-snippet:-1","max-image-preview":"max-image-preview:large","max-video-preview":"max-video-preview:-1"},"canonical":"https:\/\/htiscientific.vn\/en\/product\/may-danh-bong-mat-cat-ion-ip-8k\/","og_locale":"en_US","og_type":"article","og_title":"M\u00e1y \u0111\u00e1nh b\u00f3ng m\u1eb7t c\u1eaft ion IP-8K - HTI Scientific","og_description":"IP-8K l\u00e0 thi\u1ebft b\u1ecb chu\u1ea9n b\u1ecb m\u1eabu ti\u00ean ti\u1ebfn h\u1ed7 tr\u1ee3 ph\u00e2n t\u00edch m\u1eb7t c\u1eaft ngang tr\u00ean di\u1ec7n t\u00edch l\u1edbn, t\u1eeb v\u00e0i ch\u1ee5c micromet (\u00b5m) \u0111\u1ebfn v\u00e0i milim\u00e9t (mm)...","og_url":"https:\/\/htiscientific.vn\/en\/product\/may-danh-bong-mat-cat-ion-ip-8k\/","og_site_name":"HTI Scientific","article_publisher":"https:\/\/www.facebook.com\/htiscientific.vn","article_modified_time":"2026-02-27T09:44:30+00:00","og_image":[{"width":2048,"height":2048,"url":"https:\/\/htiscientific.vn\/wp-content\/uploads\/2026\/02\/ip-8k1.jpg","type":"image\/jpeg"}],"twitter_card":"summary_large_image","twitter_misc":{"Est. reading time":"2 minutes"},"schema":{"@context":"https:\/\/schema.org","@graph":[{"@type":"WebPage","@id":"https:\/\/htiscientific.vn\/san-pham\/may-danh-bong-mat-cat-ion-ip-8k\/","url":"https:\/\/htiscientific.vn\/san-pham\/may-danh-bong-mat-cat-ion-ip-8k\/","name":"M\u00e1y \u0111\u00e1nh b\u00f3ng m\u1eb7t c\u1eaft ion IP-8K - HTI Scientific","isPartOf":{"@id":"https:\/\/htiscientific.vn\/#website"},"primaryImageOfPage":{"@id":"https:\/\/htiscientific.vn\/san-pham\/may-danh-bong-mat-cat-ion-ip-8k\/#primaryimage"},"image":{"@id":"https:\/\/htiscientific.vn\/san-pham\/may-danh-bong-mat-cat-ion-ip-8k\/#primaryimage"},"thumbnailUrl":"https:\/\/htiscientific.vn\/wp-content\/uploads\/2026\/02\/ip-8k1.jpg","datePublished":"2026-02-27T03:49:49+00:00","dateModified":"2026-02-27T09:44:30+00:00","description":"IP-8K l\u00e0 thi\u1ebft b\u1ecb chu\u1ea9n b\u1ecb m\u1eabu ti\u00ean ti\u1ebfn h\u1ed7 tr\u1ee3 ph\u00e2n t\u00edch m\u1eb7t c\u1eaft ngang tr\u00ean di\u1ec7n t\u00edch l\u1edbn, t\u1eeb v\u00e0i ch\u1ee5c micromet (\u00b5m) \u0111\u1ebfn v\u00e0i milim\u00e9t (mm)...","breadcrumb":{"@id":"https:\/\/htiscientific.vn\/san-pham\/may-danh-bong-mat-cat-ion-ip-8k\/#breadcrumb"},"inLanguage":"en-US","potentialAction":[{"@type":"ReadAction","target":["https:\/\/htiscientific.vn\/san-pham\/may-danh-bong-mat-cat-ion-ip-8k\/"]}]},{"@type":"ImageObject","inLanguage":"en-US","@id":"https:\/\/htiscientific.vn\/san-pham\/may-danh-bong-mat-cat-ion-ip-8k\/#primaryimage","url":"https:\/\/htiscientific.vn\/wp-content\/uploads\/2026\/02\/ip-8k1.jpg","contentUrl":"https:\/\/htiscientific.vn\/wp-content\/uploads\/2026\/02\/ip-8k1.jpg","width":2048,"height":2048},{"@type":"BreadcrumbList","@id":"https:\/\/htiscientific.vn\/san-pham\/may-danh-bong-mat-cat-ion-ip-8k\/#breadcrumb","itemListElement":[{"@type":"ListItem","position":1,"name":"Trang ch\u1ee7","item":"https:\/\/htiscientific.vn\/"},{"@type":"ListItem","position":2,"name":"C\u1eeda h\u00e0ng","item":"https:\/\/htiscientific.vn\/cua-hang\/"},{"@type":"ListItem","position":3,"name":"K\u00ednh hi\u1ec3n vi \u0111i\u1ec7n t\u1eed qu\u00e9t","item":"https:\/\/htiscientific.vn\/danh-muc-san-pham\/kinh-hien-vi-dien-tu-quet\/"},{"@type":"ListItem","position":4,"name":"M\u00e1y \u0111\u00e1nh b\u00f3ng m\u1eb7t c\u1eaft ion","item":"https:\/\/htiscientific.vn\/danh-muc-san-pham\/kinh-hien-vi-dien-tu-quet\/may-danh-bong-mat-cat-ion\/"},{"@type":"ListItem","position":5,"name":"M\u00e1y \u0111\u00e1nh b\u00f3ng m\u1eb7t c\u1eaft ion IP-8K"}]},{"@type":"WebSite","@id":"https:\/\/htiscientific.vn\/#website","url":"https:\/\/htiscientific.vn\/","name":"HTI Scientific","description":"HTI Scientific","publisher":{"@id":"https:\/\/htiscientific.vn\/#organization"},"potentialAction":[{"@type":"SearchAction","target":{"@type":"EntryPoint","urlTemplate":"https:\/\/htiscientific.vn\/?s={search_term_string}"},"query-input":{"@type":"PropertyValueSpecification","valueRequired":true,"valueName":"search_term_string"}}],"inLanguage":"en-US"},{"@type":"Organization","@id":"https:\/\/htiscientific.vn\/#organization","name":"HTI Scientific","alternateName":"HTI Scientific","url":"https:\/\/htiscientific.vn\/","logo":{"@type":"ImageObject","inLanguage":"en-US","@id":"https:\/\/htiscientific.vn\/#\/schema\/logo\/image\/","url":"https:\/\/htiscientific.vn\/wp-content\/uploads\/2025\/03\/ava-hti-copy.jpg","contentUrl":"https:\/\/htiscientific.vn\/wp-content\/uploads\/2025\/03\/ava-hti-copy.jpg","width":700,"height":450,"caption":"HTI Scientific"},"image":{"@id":"https:\/\/htiscientific.vn\/#\/schema\/logo\/image\/"},"sameAs":["https:\/\/www.facebook.com\/htiscientific.vn"]}]}},"_links":{"self":[{"href":"https:\/\/htiscientific.vn\/en\/wp-json\/wp\/v2\/product\/2174","targetHints":{"allow":["GET"]}}],"collection":[{"href":"https:\/\/htiscientific.vn\/en\/wp-json\/wp\/v2\/product"}],"about":[{"href":"https:\/\/htiscientific.vn\/en\/wp-json\/wp\/v2\/types\/product"}],"wp:featuredmedia":[{"embeddable":true,"href":"https:\/\/htiscientific.vn\/en\/wp-json\/wp\/v2\/media\/2175"}],"wp:attachment":[{"href":"https:\/\/htiscientific.vn\/en\/wp-json\/wp\/v2\/media?parent=2174"}],"wp:term":[{"taxonomy":"product_brand","embeddable":true,"href":"https:\/\/htiscientific.vn\/en\/wp-json\/wp\/v2\/product_brand?post=2174"},{"taxonomy":"product_cat","embeddable":true,"href":"https:\/\/htiscientific.vn\/en\/wp-json\/wp\/v2\/product_cat?post=2174"},{"taxonomy":"product_tag","embeddable":true,"href":"https:\/\/htiscientific.vn\/en\/wp-json\/wp\/v2\/product_tag?post=2174"}],"curies":[{"name":"wp","href":"https:\/\/api.w.org\/{rel}","templated":true}]}}