{"id":2170,"date":"2026-02-27T10:45:14","date_gmt":"2026-02-27T03:45:14","guid":{"rendered":"https:\/\/htiscientific.vn\/?post_type=product&#038;p=2170"},"modified":"2026-02-27T16:44:00","modified_gmt":"2026-02-27T09:44:00","slug":"kinh-hien-vi-dien-tu-quet-full-size-cx-300","status":"publish","type":"product","link":"https:\/\/htiscientific.vn\/en\/product\/kinh-hien-vi-dien-tu-quet-full-size-cx-300\/","title":{"rendered":"K\u00ednh hi\u1ec3n vi \u0111i\u1ec7n t\u1eed qu\u00e9t Full-size CX-300"},"content":{"rendered":"<p style=\"text-align: justify;\"><span style=\"font-size: 14px; color: #000000;\">COXEM CX-300 l\u00e0 h\u1ec7 k\u00ednh hi\u1ec3n vi \u0111i\u1ec7n t\u1eed qu\u00e9t (SEM) cao c\u1ea5p d\u00e0nh cho trung t\u00e2m nghi\u00ean c\u1ee9u v\u1eadt li\u1ec7u, ph\u00f2ng th\u00ed nghi\u1ec7m ph\u00e2n t\u00edch chuy\u00ean s\u00e2u v\u00e0 doanh nghi\u1ec7p R&amp;D y\u00eau c\u1ea7u \u0111\u1ed9 ph\u00e2n gi\u1ea3i cao, bu\u1ed3ng m\u1eabu l\u1edbn v\u00e0 kh\u1ea3 n\u0103ng m\u1edf r\u1ed9ng \u0111a k\u1ef9 thu\u1eadt ph\u00e2n t\u00edch. Thi\u1ebft b\u1ecb t\u00edch h\u1ee3p ph\u1ea7n m\u1ec1m NanoStation 5, b\u00e0n m\u1eabu motorized \u0111a tr\u1ee5c k\u00edch th\u01b0\u1edbc l\u1edbn c\u00f9ng t\u00f9y ch\u1ecdn EDS, EBSD, STEM, Cool Stage, \u0111\u00e1p \u1ee9ng \u0111a d\u1ea1ng \u1ee9ng d\u1ee5ng t\u1eeb v\u1eadt li\u1ec7u kim lo\u1ea1i \u0111\u1ebfn sinh h\u1ecdc.<\/span><\/p>\n<p style=\"text-align: justify;\"><span style=\"font-size: 14px; color: #000000;\">\u0110i\u1ec3m n\u1ed5i b\u1eadt c\u1ee7a COXEM CX-300<\/span><\/p>\n<ul style=\"text-align: justify;\">\n<li><span style=\"font-size: 14px; color: #000000;\">\u0110\u1ed9 ph\u00e2n gi\u1ea3i 3.0 nm (30kV, SE)<\/span><\/li>\n<li><span style=\"font-size: 14px; color: #000000;\">\u0110\u1ed9 ph\u00f3ng \u0111\u1ea1i hi\u1ec3n th\u1ecb l\u00ean \u0111\u1ebfn x500,000<\/span><\/li>\n<li><span style=\"font-size: 14px; color: #000000;\">B\u00e0n m\u1eabu motorized 5 tr\u1ee5c k\u00edch th\u01b0\u1edbc l\u1edbn: X \/ Y \/ Z \/ Tilt \/ Rotation<\/span><\/li>\n<li><span style=\"font-size: 14px; color: #000000;\">Bu\u1ed3ng m\u1eabu r\u1ed9ng \u2013 ph\u00f9 h\u1ee3p m\u1eabu k\u00edch th\u01b0\u1edbc l\u1edbn &amp; holder chuy\u00ean d\u1ee5ng<\/span><\/li>\n<li><span style=\"font-size: 14px; color: #000000;\">Auto Focus \u2013 Auto Contrast\/Brightness<\/span><\/li>\n<li><span style=\"font-size: 14px; color: #000000;\">Quad Display \u2013 hi\u1ec3n th\u1ecb 4 khung h\u00ecnh \u0111\u1ed3ng th\u1eddi<\/span><\/li>\n<li><span style=\"font-size: 14px; color: #000000;\">Panorama 2.0 \u2013 gh\u00e9p \u1ea3nh di\u1ec7n r\u1ed9ng<\/span><\/li>\n<li><span style=\"font-size: 14px; color: #000000;\">Chamber Camera quan s\u00e1t m\u1eabu trong bu\u1ed3ng<\/span><\/li>\n<\/ul>\n<p style=\"text-align: justify;\"><span style=\"font-size: 14px; color: #000000;\">Th\u00f4ng s\u1ed1 k\u1ef9 thu\u1eadt ch\u00ednh<\/span><\/p>\n<table>\n<thead>\n<tr>\n<td><span style=\"font-size: 14px; color: #000000;\">H\u1ea1ng m\u1ee5c<\/span><\/td>\n<td><span style=\"font-size: 14px; color: #000000;\">Th\u00f4ng s\u1ed1<\/span><\/td>\n<\/tr>\n<\/thead>\n<tbody>\n<tr>\n<td><span style=\"font-size: 14px; color: #000000;\">\u0110\u1ed9 ph\u00e2n gi\u1ea3i<\/span><\/td>\n<td><span style=\"font-size: 14px; color: #000000;\">3.0 nm (30kV, SE)<\/span><\/td>\n<\/tr>\n<tr>\n<td><span style=\"font-size: 14px; color: #000000;\">S\u00fang \u0111i\u1ec7n t\u1eed<\/span><\/td>\n<td><span style=\"font-size: 14px; color: #000000;\">Tungsten Filament<\/span><\/td>\n<\/tr>\n<tr>\n<td><span style=\"font-size: 14px; color: #000000;\">\u0110\u1ed9 ph\u00f3ng \u0111\u1ea1i \u1ea3nh<\/span><\/td>\n<td><span style=\"font-size: 14px; color: #000000;\">x6 \u2013 x300,000<\/span><\/td>\n<\/tr>\n<tr>\n<td><span style=\"font-size: 14px; color: #000000;\">\u0110\u1ed9 ph\u00f3ng \u0111\u1ea1i hi\u1ec3n th\u1ecb<\/span><\/td>\n<td><span style=\"font-size: 14px; color: #000000;\">x9 \u2013 x500,000<\/span><\/td>\n<\/tr>\n<tr>\n<td><span style=\"font-size: 14px; color: #000000;\">Digital Zoom<\/span><\/td>\n<td><span style=\"font-size: 14px; color: #000000;\">x1 \u2013 x12<\/span><\/td>\n<\/tr>\n<tr>\n<td><span style=\"font-size: 14px; color: #000000;\">\u0110i\u1ec7n \u00e1p gia t\u1ed1c<\/span><\/td>\n<td><span style=\"font-size: 14px; color: #000000;\">1 \u2013 30 kV<\/span><\/td>\n<\/tr>\n<tr>\n<td><span style=\"font-size: 14px; color: #000000;\">Detector<\/span><\/td>\n<td><span style=\"font-size: 14px; color: #000000;\">SE, BSE (EDS, EBSD, STEM \u2013 Option)<\/span><\/td>\n<\/tr>\n<tr>\n<td><span style=\"font-size: 14px; color: #000000;\">Image Shift<\/span><\/td>\n<td><span style=\"font-size: 14px; color: #000000;\">\u00b125 \u00b5m<\/span><\/td>\n<\/tr>\n<tr>\n<td><span style=\"font-size: 14px; color: #000000;\">B\u00e0n m\u1eabu<\/span><\/td>\n<td><span style=\"font-size: 14px; color: #000000;\">X 100mm \/ Y 100mm \/ Z 5\u201360mm \/ Tilt \u221220\u00b0~90\u00b0 \/ Rotation 0\u2013360\u00b0<\/span><\/td>\n<\/tr>\n<tr>\n<td><span style=\"font-size: 14px; color: #000000;\">\u0110\u1ecbnh d\u1ea1ng \u1ea3nh<\/span><\/td>\n<td><span style=\"font-size: 14px; color: #000000;\">JPG, TIFF, BMP, PNG<\/span><\/td>\n<\/tr>\n<tr>\n<td><span style=\"font-size: 14px; color: #000000;\">H\u1ec7 ch\u00e2n kh\u00f4ng<\/span><\/td>\n<td><span style=\"font-size: 14px; color: #000000;\">B\u01a1m quay (100 l\u00edt\/ph\u00fat) v\u00e0 b\u01a1m turbo ph\u00e2n t\u1eed \u2013 TMP (80 l\u00edt\/gi\u00e2y)<\/span><\/td>\n<\/tr>\n<tr>\n<td><span style=\"font-size: 14px; color: #000000;\">Ngu\u1ed3n \u0111i\u1ec7n<\/span><\/td>\n<td><span style=\"font-size: 14px; color: #000000;\">110 \/ 220V \u2013 1.5 kVA (3 kVA khi g\u1eafn EDS)<\/span><\/td>\n<\/tr>\n<\/tbody>\n<\/table>\n<p style=\"text-align: justify;\">\n<table width=\"479\">\n<tbody>\n<tr>\n<td width=\"479\"><span style=\"font-size: 14px; color: #000000;\">Ph\u1ea7n m\u1ec1m<\/span><\/td>\n<\/tr>\n<tr>\n<td width=\"479\"><span style=\"font-size: 14px; color: #000000;\">T\u1ef1 \u0111\u1ed9ng b\u00e3o h\u00f2a filament<\/span><\/td>\n<\/tr>\n<tr>\n<td width=\"479\"><span style=\"font-size: 14px; color: #000000;\">T\u1ef1 \u0111\u1ed9ng l\u1ea5y n\u00e9t<\/span><\/td>\n<\/tr>\n<tr>\n<td width=\"479\"><span style=\"font-size: 14px; color: #000000;\">T\u1ef1 \u0111\u1ed9ng t\u01b0\u01a1ng ph\u1ea3n\/\u0111\u1ed9 s\u00e1ng<\/span><\/td>\n<\/tr>\n<tr>\n<td width=\"479\"><span style=\"font-size: 14px; color: #000000;\">Hi\u1ec3n th\u1ecb 4 khung h\u00ecnh (Quad Display)<\/span><\/td>\n<\/tr>\n<tr>\n<td width=\"479\"><span style=\"font-size: 14px; color: #000000;\">Panorama 2.0<\/span><\/td>\n<\/tr>\n<tr>\n<td width=\"479\"><span style=\"font-size: 14px; color: #000000;\">\u0110o bi\u00ean d\u1ea1ng \u0111\u01b0\u1eddng (Line Profile)<\/span><\/td>\n<\/tr>\n<tr>\n<td width=\"479\"><span style=\"font-size: 14px; color: #000000;\">Gh\u00e9p \u1ea3nh SE + BSE<\/span><\/td>\n<\/tr>\n<tr>\n<td width=\"479\"><span style=\"font-size: 14px; color: #000000;\">Chia \u0111\u00f4i \u1ea3nh SE\/BSE<\/span><\/td>\n<\/tr>\n<\/tbody>\n<\/table>\n<h2 style=\"text-align: justify;\"><\/h2>\n<h2 style=\"text-align: justify;\"><span style=\"font-size: 14px; color: #000000;\">\u1ee8ng d\u1ee5ng ti\u00eau bi\u1ec3u<\/span><\/h2>\n<ul style=\"text-align: justify;\">\n<li><span style=\"font-size: 14px; color: #000000;\">Ph\u00e2n t\u00edch v\u1eadt li\u1ec7u kim lo\u1ea1i &amp; h\u1ee3p kim cao c\u1ea5p<\/span><\/li>\n<li><span style=\"font-size: 14px; color: #000000;\">B\u00e1n d\u1eabn \u2013 vi \u0111i\u1ec7n t\u1eed \u2013 wafer<\/span><\/li>\n<li><span style=\"font-size: 14px; color: #000000;\">Polymer \u2013 composite \u2013 nh\u1ef1a k\u1ef9 thu\u1eadt<\/span><\/li>\n<li><span style=\"font-size: 14px; color: #000000;\">Pin \u2013 n\u0103ng l\u01b0\u1ee3ng \u2013 v\u1eadt li\u1ec7u m\u1edbi<\/span><\/li>\n<li><span style=\"font-size: 14px; color: #000000;\">Sinh h\u1ecdc \u2013 m\u1eabu \u01b0\u1edbt \u2013 th\u1ef1c ph\u1ea9m (Cool Stage)<\/span><\/li>\n<li><span style=\"font-size: 14px; color: #000000;\">Trung t\u00e2m ki\u1ec3m \u0111\u1ecbnh &amp; R&amp;D chuy\u00ean s\u00e2u<\/span><\/li>\n<li><span style=\"font-size: 14px; color: #000000;\">Ph\u00e2n t\u00edch c\u1ea5u tr\u00fac tinh th\u1ec3 &amp; nguy\u00ean t\u1ed1<\/span><\/li>\n<\/ul>\n<h2 style=\"text-align: justify;\"><span style=\"font-size: 14px; color: #000000;\">\u01afu \u0111i\u1ec3m n\u1ed5i b\u1eadt so v\u1edbi SEM ph\u1ed5 th\u00f4ng<\/span><\/h2>\n<ul>\n<li style=\"text-align: justify;\"><span style=\"font-size: 14px; color: #000000;\">Bu\u1ed3ng &amp; b\u00e0n m\u1eabu l\u1edbn nh\u1ea5t trong d\u00f2ng CX<\/span><\/li>\n<li style=\"text-align: justify;\"><span style=\"font-size: 14px; color: #000000;\">Kh\u1ea3 n\u0103ng m\u1edf r\u1ed9ng \u0111a k\u1ef9 thu\u1eadt ph\u00e2n t\u00edch trong c\u00f9ng 1 h\u1ec7<\/span><\/li>\n<li style=\"text-align: justify;\"><span style=\"font-size: 14px; color: #000000;\">\u0110\u1ed9 \u1ed5n \u0111\u1ecbnh h\u00ecnh \u1ea3nh cao<\/span><\/li>\n<li style=\"text-align: justify;\"><span style=\"font-size: 14px; color: #000000;\">Ph\u00f9 h\u1ee3p ph\u00f2ng lab nghi\u00ean c\u1ee9u chuy\u00ean s\u00e2u &amp; vi\u1ec7n khoa h\u1ecdc<\/span><\/li>\n<li style=\"text-align: justify;\"><span style=\"font-size: 14px; color: #000000;\">Linh ho\u1ea1t nhi\u1ec1u lo\u1ea1i holder &amp; m\u1eabu k\u00edch th\u01b0\u1edbc l\u1edbn<\/span><\/li>\n<li style=\"text-align: justify;\"><span style=\"font-size: 14px; color: #000000;\">T\u1ed1i \u01b0u cho h\u1ec7 SEM + EDS + EBSD + STEM all-in-one<\/span><\/li>\n<\/ul>","protected":false},"excerpt":{"rendered":"<p style=\"text-align: justify;\"><span style=\"font-size: 14px; color: #000000;\">COXEM CX-300 l\u00e0 h\u1ec7 k\u00ednh hi\u1ec3n vi \u0111i\u1ec7n t\u1eed qu\u00e9t (SEM) cao c\u1ea5p d\u00e0nh cho trung t\u00e2m nghi\u00ean c\u1ee9u v\u1eadt li\u1ec7u, ph\u00f2ng th\u00ed nghi\u1ec7m ph\u00e2n t\u00edch chuy\u00ean s\u00e2u v\u00e0 doanh nghi\u1ec7p R&amp;D y\u00eau c\u1ea7u \u0111\u1ed9 ph\u00e2n gi\u1ea3i cao, bu\u1ed3ng m\u1eabu l\u1edbn v\u00e0 kh\u1ea3 n\u0103ng m\u1edf r\u1ed9ng \u0111a k\u1ef9 thu\u1eadt ph\u00e2n t\u00edch. Thi\u1ebft b\u1ecb t\u00edch h\u1ee3p ph\u1ea7n m\u1ec1m NanoStation 5, b\u00e0n m\u1eabu motorized \u0111a tr\u1ee5c k\u00edch th\u01b0\u1edbc l\u1edbn c\u00f9ng t\u00f9y ch\u1ecdn EDS, EBSD, STEM, Cool Stage, \u0111\u00e1p \u1ee9ng \u0111a d\u1ea1ng \u1ee9ng d\u1ee5ng t\u1eeb v\u1eadt li\u1ec7u kim lo\u1ea1i \u0111\u1ebfn sinh h\u1ecdc.<\/span><\/p>","protected":false},"featured_media":2173,"template":"","meta":{"inline_featured_image":false},"product_brand":[129],"product_cat":[130,132],"product_tag":[],"class_list":{"0":"post-2170","1":"product","2":"type-product","3":"status-publish","4":"has-post-thumbnail","6":"product_brand-coxem","7":"product_cat-kinh-hien-vi-dien-tu-quet","8":"product_cat-kinh-hien-vi-dien-tu-quet-full-size","10":"first","11":"instock","12":"shipping-taxable","13":"product-type-simple"},"yoast_head":"<!-- This site is optimized with the Yoast SEO plugin v24.7 - https:\/\/yoast.com\/wordpress\/plugins\/seo\/ -->\n<title>K\u00ednh hi\u1ec3n vi \u0111i\u1ec7n t\u1eed qu\u00e9t Full-size CX-300 - HTI Scientific<\/title>\n<meta name=\"description\" content=\"CX 300 v\u1edbi ph\u1ea7n m\u1ec1m NanoStation 5, b\u00e0n m\u1eabu motorized \u0111a tr\u1ee5c k\u00edch th\u01b0\u1edbc l\u1edbn c\u00f9ng nhi\u1ec1u t\u00f9y ch\u1ecdn \u0111a d\u1ea1ng \u1ee9ng d\u1ee5ng t\u1eeb v\u1eadt li\u1ec7u kim lo\u1ea1i \u0111\u1ebfn sinh h\u1ecdc.\" \/>\n<meta name=\"robots\" content=\"index, follow, max-snippet:-1, max-image-preview:large, max-video-preview:-1\" \/>\n<link rel=\"canonical\" href=\"https:\/\/htiscientific.vn\/en\/product\/kinh-hien-vi-dien-tu-quet-full-size-cx-300\/\" \/>\n<meta property=\"og:locale\" content=\"en_US\" \/>\n<meta property=\"og:type\" content=\"article\" \/>\n<meta property=\"og:title\" content=\"K\u00ednh hi\u1ec3n vi \u0111i\u1ec7n t\u1eed qu\u00e9t Full-size CX-300 - HTI Scientific\" \/>\n<meta property=\"og:description\" content=\"CX 300 v\u1edbi ph\u1ea7n m\u1ec1m NanoStation 5, b\u00e0n m\u1eabu motorized \u0111a tr\u1ee5c k\u00edch th\u01b0\u1edbc l\u1edbn c\u00f9ng nhi\u1ec1u t\u00f9y ch\u1ecdn \u0111a d\u1ea1ng \u1ee9ng d\u1ee5ng t\u1eeb v\u1eadt li\u1ec7u kim lo\u1ea1i \u0111\u1ebfn sinh h\u1ecdc.\" \/>\n<meta property=\"og:url\" content=\"https:\/\/htiscientific.vn\/en\/product\/kinh-hien-vi-dien-tu-quet-full-size-cx-300\/\" \/>\n<meta property=\"og:site_name\" content=\"HTI Scientific\" \/>\n<meta property=\"article:publisher\" content=\"https:\/\/www.facebook.com\/htiscientific.vn\" \/>\n<meta property=\"article:modified_time\" content=\"2026-02-27T09:44:00+00:00\" \/>\n<meta property=\"og:image\" content=\"https:\/\/htiscientific.vn\/wp-content\/uploads\/2026\/02\/cx-300.jpg\" \/>\n\t<meta property=\"og:image:width\" content=\"1000\" \/>\n\t<meta property=\"og:image:height\" content=\"1000\" \/>\n\t<meta property=\"og:image:type\" content=\"image\/jpeg\" \/>\n<meta name=\"twitter:card\" content=\"summary_large_image\" \/>\n<meta name=\"twitter:label1\" content=\"Est. reading time\" \/>\n\t<meta name=\"twitter:data1\" content=\"3 minutes\" \/>\n<script type=\"application\/ld+json\" class=\"yoast-schema-graph\">{\"@context\":\"https:\/\/schema.org\",\"@graph\":[{\"@type\":\"WebPage\",\"@id\":\"https:\/\/htiscientific.vn\/san-pham\/kinh-hien-vi-dien-tu-quet-full-size-cx-300\/\",\"url\":\"https:\/\/htiscientific.vn\/san-pham\/kinh-hien-vi-dien-tu-quet-full-size-cx-300\/\",\"name\":\"K\u00ednh hi\u1ec3n vi \u0111i\u1ec7n t\u1eed qu\u00e9t Full-size CX-300 - HTI Scientific\",\"isPartOf\":{\"@id\":\"https:\/\/htiscientific.vn\/#website\"},\"primaryImageOfPage\":{\"@id\":\"https:\/\/htiscientific.vn\/san-pham\/kinh-hien-vi-dien-tu-quet-full-size-cx-300\/#primaryimage\"},\"image\":{\"@id\":\"https:\/\/htiscientific.vn\/san-pham\/kinh-hien-vi-dien-tu-quet-full-size-cx-300\/#primaryimage\"},\"thumbnailUrl\":\"https:\/\/htiscientific.vn\/wp-content\/uploads\/2026\/02\/cx-300.jpg\",\"datePublished\":\"2026-02-27T03:45:14+00:00\",\"dateModified\":\"2026-02-27T09:44:00+00:00\",\"description\":\"CX 300 v\u1edbi ph\u1ea7n m\u1ec1m NanoStation 5, b\u00e0n m\u1eabu motorized \u0111a tr\u1ee5c k\u00edch th\u01b0\u1edbc l\u1edbn c\u00f9ng nhi\u1ec1u t\u00f9y ch\u1ecdn \u0111a d\u1ea1ng \u1ee9ng d\u1ee5ng t\u1eeb v\u1eadt li\u1ec7u kim lo\u1ea1i \u0111\u1ebfn sinh h\u1ecdc.\",\"breadcrumb\":{\"@id\":\"https:\/\/htiscientific.vn\/san-pham\/kinh-hien-vi-dien-tu-quet-full-size-cx-300\/#breadcrumb\"},\"inLanguage\":\"en-US\",\"potentialAction\":[{\"@type\":\"ReadAction\",\"target\":[\"https:\/\/htiscientific.vn\/san-pham\/kinh-hien-vi-dien-tu-quet-full-size-cx-300\/\"]}]},{\"@type\":\"ImageObject\",\"inLanguage\":\"en-US\",\"@id\":\"https:\/\/htiscientific.vn\/san-pham\/kinh-hien-vi-dien-tu-quet-full-size-cx-300\/#primaryimage\",\"url\":\"https:\/\/htiscientific.vn\/wp-content\/uploads\/2026\/02\/cx-300.jpg\",\"contentUrl\":\"https:\/\/htiscientific.vn\/wp-content\/uploads\/2026\/02\/cx-300.jpg\",\"width\":1000,\"height\":1000},{\"@type\":\"BreadcrumbList\",\"@id\":\"https:\/\/htiscientific.vn\/san-pham\/kinh-hien-vi-dien-tu-quet-full-size-cx-300\/#breadcrumb\",\"itemListElement\":[{\"@type\":\"ListItem\",\"position\":1,\"name\":\"Trang ch\u1ee7\",\"item\":\"https:\/\/htiscientific.vn\/\"},{\"@type\":\"ListItem\",\"position\":2,\"name\":\"C\u1eeda h\u00e0ng\",\"item\":\"https:\/\/htiscientific.vn\/cua-hang\/\"},{\"@type\":\"ListItem\",\"position\":3,\"name\":\"K\u00ednh hi\u1ec3n vi \u0111i\u1ec7n t\u1eed qu\u00e9t\",\"item\":\"https:\/\/htiscientific.vn\/danh-muc-san-pham\/kinh-hien-vi-dien-tu-quet\/\"},{\"@type\":\"ListItem\",\"position\":4,\"name\":\"K\u00ednh hi\u1ec3n vi \u0111i\u1ec7n t\u1eed qu\u00e9t Full-size\",\"item\":\"https:\/\/htiscientific.vn\/danh-muc-san-pham\/kinh-hien-vi-dien-tu-quet\/kinh-hien-vi-dien-tu-quet-full-size\/\"},{\"@type\":\"ListItem\",\"position\":5,\"name\":\"K\u00ednh hi\u1ec3n vi \u0111i\u1ec7n t\u1eed qu\u00e9t Full-size CX-300\"}]},{\"@type\":\"WebSite\",\"@id\":\"https:\/\/htiscientific.vn\/#website\",\"url\":\"https:\/\/htiscientific.vn\/\",\"name\":\"HTI Scientific\",\"description\":\"HTI Scientific\",\"publisher\":{\"@id\":\"https:\/\/htiscientific.vn\/#organization\"},\"potentialAction\":[{\"@type\":\"SearchAction\",\"target\":{\"@type\":\"EntryPoint\",\"urlTemplate\":\"https:\/\/htiscientific.vn\/?s={search_term_string}\"},\"query-input\":{\"@type\":\"PropertyValueSpecification\",\"valueRequired\":true,\"valueName\":\"search_term_string\"}}],\"inLanguage\":\"en-US\"},{\"@type\":\"Organization\",\"@id\":\"https:\/\/htiscientific.vn\/#organization\",\"name\":\"HTI Scientific\",\"alternateName\":\"HTI Scientific\",\"url\":\"https:\/\/htiscientific.vn\/\",\"logo\":{\"@type\":\"ImageObject\",\"inLanguage\":\"en-US\",\"@id\":\"https:\/\/htiscientific.vn\/#\/schema\/logo\/image\/\",\"url\":\"https:\/\/htiscientific.vn\/wp-content\/uploads\/2025\/03\/ava-hti-copy.jpg\",\"contentUrl\":\"https:\/\/htiscientific.vn\/wp-content\/uploads\/2025\/03\/ava-hti-copy.jpg\",\"width\":700,\"height\":450,\"caption\":\"HTI Scientific\"},\"image\":{\"@id\":\"https:\/\/htiscientific.vn\/#\/schema\/logo\/image\/\"},\"sameAs\":[\"https:\/\/www.facebook.com\/htiscientific.vn\"]}]}<\/script>\n<!-- \/ Yoast SEO plugin. -->","yoast_head_json":{"title":"K\u00ednh hi\u1ec3n vi \u0111i\u1ec7n t\u1eed qu\u00e9t Full-size CX-300 - HTI Scientific","description":"CX 300 v\u1edbi ph\u1ea7n m\u1ec1m NanoStation 5, b\u00e0n m\u1eabu motorized \u0111a tr\u1ee5c k\u00edch th\u01b0\u1edbc l\u1edbn c\u00f9ng nhi\u1ec1u t\u00f9y ch\u1ecdn \u0111a d\u1ea1ng \u1ee9ng d\u1ee5ng t\u1eeb v\u1eadt li\u1ec7u kim lo\u1ea1i \u0111\u1ebfn sinh h\u1ecdc.","robots":{"index":"index","follow":"follow","max-snippet":"max-snippet:-1","max-image-preview":"max-image-preview:large","max-video-preview":"max-video-preview:-1"},"canonical":"https:\/\/htiscientific.vn\/en\/product\/kinh-hien-vi-dien-tu-quet-full-size-cx-300\/","og_locale":"en_US","og_type":"article","og_title":"K\u00ednh hi\u1ec3n vi \u0111i\u1ec7n t\u1eed qu\u00e9t Full-size CX-300 - HTI Scientific","og_description":"CX 300 v\u1edbi ph\u1ea7n m\u1ec1m NanoStation 5, b\u00e0n m\u1eabu motorized \u0111a tr\u1ee5c k\u00edch th\u01b0\u1edbc l\u1edbn c\u00f9ng nhi\u1ec1u t\u00f9y ch\u1ecdn \u0111a d\u1ea1ng \u1ee9ng d\u1ee5ng t\u1eeb v\u1eadt li\u1ec7u kim lo\u1ea1i \u0111\u1ebfn sinh h\u1ecdc.","og_url":"https:\/\/htiscientific.vn\/en\/product\/kinh-hien-vi-dien-tu-quet-full-size-cx-300\/","og_site_name":"HTI Scientific","article_publisher":"https:\/\/www.facebook.com\/htiscientific.vn","article_modified_time":"2026-02-27T09:44:00+00:00","og_image":[{"width":1000,"height":1000,"url":"https:\/\/htiscientific.vn\/wp-content\/uploads\/2026\/02\/cx-300.jpg","type":"image\/jpeg"}],"twitter_card":"summary_large_image","twitter_misc":{"Est. reading time":"3 minutes"},"schema":{"@context":"https:\/\/schema.org","@graph":[{"@type":"WebPage","@id":"https:\/\/htiscientific.vn\/san-pham\/kinh-hien-vi-dien-tu-quet-full-size-cx-300\/","url":"https:\/\/htiscientific.vn\/san-pham\/kinh-hien-vi-dien-tu-quet-full-size-cx-300\/","name":"K\u00ednh hi\u1ec3n vi \u0111i\u1ec7n t\u1eed qu\u00e9t Full-size CX-300 - HTI Scientific","isPartOf":{"@id":"https:\/\/htiscientific.vn\/#website"},"primaryImageOfPage":{"@id":"https:\/\/htiscientific.vn\/san-pham\/kinh-hien-vi-dien-tu-quet-full-size-cx-300\/#primaryimage"},"image":{"@id":"https:\/\/htiscientific.vn\/san-pham\/kinh-hien-vi-dien-tu-quet-full-size-cx-300\/#primaryimage"},"thumbnailUrl":"https:\/\/htiscientific.vn\/wp-content\/uploads\/2026\/02\/cx-300.jpg","datePublished":"2026-02-27T03:45:14+00:00","dateModified":"2026-02-27T09:44:00+00:00","description":"CX 300 v\u1edbi ph\u1ea7n m\u1ec1m NanoStation 5, b\u00e0n m\u1eabu motorized \u0111a tr\u1ee5c k\u00edch th\u01b0\u1edbc l\u1edbn c\u00f9ng nhi\u1ec1u t\u00f9y ch\u1ecdn \u0111a d\u1ea1ng \u1ee9ng d\u1ee5ng t\u1eeb v\u1eadt li\u1ec7u kim lo\u1ea1i \u0111\u1ebfn sinh h\u1ecdc.","breadcrumb":{"@id":"https:\/\/htiscientific.vn\/san-pham\/kinh-hien-vi-dien-tu-quet-full-size-cx-300\/#breadcrumb"},"inLanguage":"en-US","potentialAction":[{"@type":"ReadAction","target":["https:\/\/htiscientific.vn\/san-pham\/kinh-hien-vi-dien-tu-quet-full-size-cx-300\/"]}]},{"@type":"ImageObject","inLanguage":"en-US","@id":"https:\/\/htiscientific.vn\/san-pham\/kinh-hien-vi-dien-tu-quet-full-size-cx-300\/#primaryimage","url":"https:\/\/htiscientific.vn\/wp-content\/uploads\/2026\/02\/cx-300.jpg","contentUrl":"https:\/\/htiscientific.vn\/wp-content\/uploads\/2026\/02\/cx-300.jpg","width":1000,"height":1000},{"@type":"BreadcrumbList","@id":"https:\/\/htiscientific.vn\/san-pham\/kinh-hien-vi-dien-tu-quet-full-size-cx-300\/#breadcrumb","itemListElement":[{"@type":"ListItem","position":1,"name":"Trang ch\u1ee7","item":"https:\/\/htiscientific.vn\/"},{"@type":"ListItem","position":2,"name":"C\u1eeda h\u00e0ng","item":"https:\/\/htiscientific.vn\/cua-hang\/"},{"@type":"ListItem","position":3,"name":"K\u00ednh hi\u1ec3n vi \u0111i\u1ec7n t\u1eed qu\u00e9t","item":"https:\/\/htiscientific.vn\/danh-muc-san-pham\/kinh-hien-vi-dien-tu-quet\/"},{"@type":"ListItem","position":4,"name":"K\u00ednh hi\u1ec3n vi \u0111i\u1ec7n t\u1eed qu\u00e9t Full-size","item":"https:\/\/htiscientific.vn\/danh-muc-san-pham\/kinh-hien-vi-dien-tu-quet\/kinh-hien-vi-dien-tu-quet-full-size\/"},{"@type":"ListItem","position":5,"name":"K\u00ednh hi\u1ec3n vi \u0111i\u1ec7n t\u1eed qu\u00e9t Full-size CX-300"}]},{"@type":"WebSite","@id":"https:\/\/htiscientific.vn\/#website","url":"https:\/\/htiscientific.vn\/","name":"HTI Scientific","description":"HTI Scientific","publisher":{"@id":"https:\/\/htiscientific.vn\/#organization"},"potentialAction":[{"@type":"SearchAction","target":{"@type":"EntryPoint","urlTemplate":"https:\/\/htiscientific.vn\/?s={search_term_string}"},"query-input":{"@type":"PropertyValueSpecification","valueRequired":true,"valueName":"search_term_string"}}],"inLanguage":"en-US"},{"@type":"Organization","@id":"https:\/\/htiscientific.vn\/#organization","name":"HTI Scientific","alternateName":"HTI Scientific","url":"https:\/\/htiscientific.vn\/","logo":{"@type":"ImageObject","inLanguage":"en-US","@id":"https:\/\/htiscientific.vn\/#\/schema\/logo\/image\/","url":"https:\/\/htiscientific.vn\/wp-content\/uploads\/2025\/03\/ava-hti-copy.jpg","contentUrl":"https:\/\/htiscientific.vn\/wp-content\/uploads\/2025\/03\/ava-hti-copy.jpg","width":700,"height":450,"caption":"HTI Scientific"},"image":{"@id":"https:\/\/htiscientific.vn\/#\/schema\/logo\/image\/"},"sameAs":["https:\/\/www.facebook.com\/htiscientific.vn"]}]}},"_links":{"self":[{"href":"https:\/\/htiscientific.vn\/en\/wp-json\/wp\/v2\/product\/2170","targetHints":{"allow":["GET"]}}],"collection":[{"href":"https:\/\/htiscientific.vn\/en\/wp-json\/wp\/v2\/product"}],"about":[{"href":"https:\/\/htiscientific.vn\/en\/wp-json\/wp\/v2\/types\/product"}],"wp:featuredmedia":[{"embeddable":true,"href":"https:\/\/htiscientific.vn\/en\/wp-json\/wp\/v2\/media\/2173"}],"wp:attachment":[{"href":"https:\/\/htiscientific.vn\/en\/wp-json\/wp\/v2\/media?parent=2170"}],"wp:term":[{"taxonomy":"product_brand","embeddable":true,"href":"https:\/\/htiscientific.vn\/en\/wp-json\/wp\/v2\/product_brand?post=2170"},{"taxonomy":"product_cat","embeddable":true,"href":"https:\/\/htiscientific.vn\/en\/wp-json\/wp\/v2\/product_cat?post=2170"},{"taxonomy":"product_tag","embeddable":true,"href":"https:\/\/htiscientific.vn\/en\/wp-json\/wp\/v2\/product_tag?post=2170"}],"curies":[{"name":"wp","href":"https:\/\/api.w.org\/{rel}","templated":true}]}}