{"id":2166,"date":"2026-02-27T10:41:00","date_gmt":"2026-02-27T03:41:00","guid":{"rendered":"https:\/\/htiscientific.vn\/?post_type=product&#038;p=2166"},"modified":"2026-02-27T16:43:36","modified_gmt":"2026-02-27T09:43:36","slug":"kinh-hien-vi-dien-tu-quet-full-size-cx-200k","status":"publish","type":"product","link":"https:\/\/htiscientific.vn\/en\/product\/kinh-hien-vi-dien-tu-quet-full-size-cx-200k\/","title":{"rendered":"K\u00ednh hi\u1ec3n vi \u0111i\u1ec7n t\u1eed qu\u00e9t Full-size CX-200K"},"content":{"rendered":"<p style=\"text-align: justify;\"><span style=\"font-size: 13px; color: #000000;\">COXEM CX-200K l\u00e0 h\u1ec7 k\u00ednh hi\u1ec3n vi \u0111i\u1ec7n t\u1eed qu\u00e9t (SEM) hi\u1ec7u su\u1ea5t cao, ph\u00f9 h\u1ee3p cho c\u00e1c ph\u00f2ng th\u00ed nghi\u1ec7m nghi\u00ean c\u1ee9u chuy\u00ean s\u00e2u, trung t\u00e2m ph\u00e2n t\u00edch v\u1eadt li\u1ec7u v\u00e0 doanh nghi\u1ec7p R&amp;D c\u1ea7n \u0111\u1ed9 ph\u00e2n gi\u1ea3i cao c\u00f9ng kh\u1ea3 n\u0103ng quan s\u00e1t linh ho\u1ea1t nhi\u1ec1u lo\u1ea1i m\u1eabu. Thi\u1ebft b\u1ecb k\u1ebft h\u1ee3p \u0111\u1ed9 ph\u00e2n gi\u1ea3i 3.0 nm, b\u00e0n m\u1eabu motorized \u0111a tr\u1ee5c k\u00edch th\u01b0\u1edbc l\u1edbn v\u00e0 ph\u1ea7n m\u1ec1m NanoStation 5 tr\u1ef1c quan, gi\u00fap t\u1ed1i \u01b0u t\u1ed1c \u0111\u1ed9 thao t\u00e1c v\u00e0 ch\u1ea5t l\u01b0\u1ee3ng h\u00ecnh \u1ea3nh.<\/span><\/p>\n<p style=\"text-align: justify;\"><span style=\"font-size: 13px; color: #000000;\">\u0110i\u1ec3m n\u1ed5i b\u1eadt c\u1ee7a COXEM CX-200K<\/span><\/p>\n<ul style=\"text-align: justify;\">\n<li><span style=\"font-size: 13px; color: #000000;\">\u0110\u1ed9 ph\u00e2n gi\u1ea3i cao 3.0 nm (30kV, SE)<\/span><\/li>\n<li><span style=\"font-size: 13px; color: #000000;\">\u0110\u1ed9 ph\u00f3ng \u0111\u1ea1i hi\u1ec3n th\u1ecb l\u00ean \u0111\u1ebfn x500,000<\/span><\/li>\n<li><span style=\"font-size: 13px; color: #000000;\">B\u00e0n m\u1eabu motorized 5 tr\u1ee5c: X \/ Y \/ Z \/ Tilt \/ Rotation<\/span><\/li>\n<li><span style=\"font-size: 13px; color: #000000;\">Auto Focus \u2013 Auto Brightness &amp; Contrast<\/span><\/li>\n<li><span style=\"font-size: 13px; color: #000000;\">T\u00edch h\u1ee3p SE + BSE Imaging<\/span><\/li>\n<li><span style=\"font-size: 13px; color: #000000;\">Quad Display \u2013 hi\u1ec3n th\u1ecb 4 khung h\u00ecnh \u0111\u1ed3ng th\u1eddi<\/span><\/li>\n<li><span style=\"font-size: 13px; color: #000000;\">Panorama 2.0 \u2013 gh\u00e9p \u1ea3nh di\u1ec7n r\u1ed9ng<\/span><\/li>\n<li><span style=\"font-size: 13px; color: #000000;\">Chamber Camera quan s\u00e1t m\u1eabu trong bu\u1ed3ng<\/span><\/li>\n<li><span style=\"font-size: 13px; color: #000000;\">H\u1ec7 ch\u00e2n kh\u00f4ng t\u1ef1 \u0111\u1ed9ng ho\u00e0n to\u00e0n<\/span><\/li>\n<li><span style=\"font-size: 13px; color: #000000;\">T\u00f9y ch\u1ecdn Low Vacuum &amp; Variable Pressure<\/span><\/li>\n<\/ul>\n<p style=\"text-align: justify;\"><strong><span style=\"font-size: 13px; color: #000000;\">Th\u00f4ng s\u1ed1 k\u1ef9 thu\u1eadt ch\u00ednh<\/span><\/strong><\/p>\n<table style=\"width: 38.8613%; height: 694px;\">\n<thead>\n<tr style=\"height: 50px;\">\n<td style=\"height: 50px;\"><span style=\"font-size: 13px; color: #000000;\">H\u1ea1ng m\u1ee5c<\/span><\/td>\n<td style=\"height: 50px;\"><span style=\"font-size: 13px; color: #000000;\">Th\u00f4ng s\u1ed1<\/span><\/td>\n<\/tr>\n<\/thead>\n<tbody>\n<tr style=\"height: 50px;\">\n<td style=\"height: 50px;\"><span style=\"font-size: 13px; color: #000000;\">\u0110\u1ed9 ph\u00e2n gi\u1ea3i<\/span><\/td>\n<td style=\"height: 50px;\"><span style=\"font-size: 13px; color: #000000;\">3.0 nm (30kV, SE)<\/span><\/td>\n<\/tr>\n<tr style=\"height: 50px;\">\n<td style=\"height: 50px;\"><span style=\"font-size: 13px; color: #000000;\">S\u00fang \u0111i\u1ec7n t\u1eed<\/span><\/td>\n<td style=\"height: 50px;\"><span style=\"font-size: 13px; color: #000000;\">Tungsten Filament<\/span><\/td>\n<\/tr>\n<tr style=\"height: 50px;\">\n<td style=\"height: 50px;\"><span style=\"font-size: 13px; color: #000000;\">\u0110\u1ed9 ph\u00f3ng \u0111\u1ea1i \u1ea3nh<\/span><\/td>\n<td style=\"height: 50px;\"><span style=\"font-size: 13px; color: #000000;\">x6 \u2013 x300,000<\/span><\/td>\n<\/tr>\n<tr style=\"height: 72px;\">\n<td style=\"height: 72px;\"><span style=\"font-size: 13px; color: #000000;\">\u0110\u1ed9 ph\u00f3ng \u0111\u1ea1i hi\u1ec3n th\u1ecb<\/span><\/td>\n<td style=\"height: 72px;\"><span style=\"font-size: 13px; color: #000000;\">x9 \u2013 x500,000<\/span><\/td>\n<\/tr>\n<tr style=\"height: 50px;\">\n<td style=\"height: 50px;\"><span style=\"font-size: 13px; color: #000000;\">Digital Zoom<\/span><\/td>\n<td style=\"height: 50px;\"><span style=\"font-size: 13px; color: #000000;\">x1 \u2013 x12<\/span><\/td>\n<\/tr>\n<tr style=\"height: 50px;\">\n<td style=\"height: 50px;\"><span style=\"font-size: 13px; color: #000000;\">\u0110i\u1ec7n \u00e1p gia t\u1ed1c<\/span><\/td>\n<td style=\"height: 50px;\"><span style=\"font-size: 13px; color: #000000;\">1 \u2013 30 kV<\/span><\/td>\n<\/tr>\n<tr style=\"height: 50px;\">\n<td style=\"height: 50px;\"><span style=\"font-size: 13px; color: #000000;\">Detector<\/span><\/td>\n<td style=\"height: 50px;\"><span style=\"font-size: 13px; color: #000000;\">SE, BSE (EDS, EBSD, STEM \u2013 Option)<\/span><\/td>\n<\/tr>\n<tr style=\"height: 50px;\">\n<td style=\"height: 50px;\"><span style=\"font-size: 13px; color: #000000;\">Image Shift<\/span><\/td>\n<td style=\"height: 50px;\"><span style=\"font-size: 13px; color: #000000;\">\u00b125 \u00b5m<\/span><\/td>\n<\/tr>\n<tr style=\"height: 50px;\">\n<td style=\"height: 50px;\"><span style=\"font-size: 13px; color: #000000;\">B\u00e0n m\u1eabu<\/span><\/td>\n<td style=\"height: 50px;\"><span style=\"font-size: 13px; color: #000000;\">X 60mm \/ Y 60mm \/ Z 5\u201360mm \/ Tilt \u221220\u00b0~90\u00b0 \/ Rotation 0\u2013360\u00b0<\/span><\/td>\n<\/tr>\n<tr style=\"height: 50px;\">\n<td style=\"height: 50px;\"><span style=\"font-size: 13px; color: #000000;\">\u0110\u1ecbnh d\u1ea1ng \u1ea3nh<\/span><\/td>\n<td style=\"height: 50px;\"><span style=\"font-size: 13px; color: #000000;\">JPG, TIFF, BMP, PNG<\/span><\/td>\n<\/tr>\n<tr style=\"height: 72px;\">\n<td style=\"height: 72px;\"><span style=\"font-size: 13px; color: #000000;\">H\u1ec7 ch\u00e2n kh\u00f4ng<\/span><\/td>\n<td style=\"height: 72px;\"><span style=\"font-size: 13px; color: #000000;\">B\u01a1m quay (100 l\u00edt\/ph\u00fat) v\u00e0 b\u01a1m turbo ph\u00e2n t\u1eed \u2013 TMP (80 l\u00edt\/gi\u00e2y)<\/span><\/td>\n<\/tr>\n<tr style=\"height: 50px;\">\n<td style=\"height: 50px;\"><span style=\"font-size: 13px; color: #000000;\">Ngu\u1ed3n \u0111i\u1ec7n<\/span><\/td>\n<td style=\"height: 50px;\"><span style=\"font-size: 13px; color: #000000;\">110 \/ 220V \u2013 1.5 kVA (3 kVA khi g\u1eafn EDS)<\/span><\/td>\n<\/tr>\n<\/tbody>\n<\/table>\n<p style=\"text-align: justify;\">\n<table width=\"479\">\n<tbody>\n<tr>\n<td width=\"479\"><span style=\"font-size: 13px; color: #000000;\">Ph\u1ea7n m\u1ec1m<\/span><\/td>\n<\/tr>\n<tr>\n<td width=\"479\"><span style=\"font-size: 13px; color: #000000;\">T\u1ef1 \u0111\u1ed9ng b\u00e3o h\u00f2a filament<\/span><\/td>\n<\/tr>\n<tr>\n<td width=\"479\"><span style=\"font-size: 13px; color: #000000;\">T\u1ef1 \u0111\u1ed9ng l\u1ea5y n\u00e9t<\/span><\/td>\n<\/tr>\n<tr>\n<td width=\"479\"><span style=\"font-size: 13px; color: #000000;\">T\u1ef1 \u0111\u1ed9ng t\u01b0\u01a1ng ph\u1ea3n\/\u0111\u1ed9 s\u00e1ng<\/span><\/td>\n<\/tr>\n<tr>\n<td width=\"479\"><span style=\"font-size: 13px; color: #000000;\">Hi\u1ec3n th\u1ecb 4 khung h\u00ecnh (Quad Display)<\/span><\/td>\n<\/tr>\n<tr>\n<td width=\"479\"><span style=\"font-size: 13px; color: #000000;\">Panorama 2.0<\/span><\/td>\n<\/tr>\n<tr>\n<td width=\"479\"><span style=\"font-size: 13px; color: #000000;\">\u0110o bi\u00ean d\u1ea1ng \u0111\u01b0\u1eddng (Line Profile)<\/span><\/td>\n<\/tr>\n<tr>\n<td width=\"479\"><span style=\"font-size: 13px; color: #000000;\">Gh\u00e9p \u1ea3nh SE + BSE<\/span><\/td>\n<\/tr>\n<tr>\n<td width=\"479\"><span style=\"font-size: 13px; color: #000000;\">Chia \u0111\u00f4i \u1ea3nh SE\/BSE<\/span><\/td>\n<\/tr>\n<\/tbody>\n<\/table>\n<p style=\"text-align: justify;\">\n<h2 style=\"text-align: justify;\"><strong><span style=\"font-size: 13px; color: #000000;\">\u1ee8ng d\u1ee5ng ti\u00eau bi\u1ec3u<\/span><\/strong><\/h2>\n<ul style=\"text-align: justify;\">\n<li><span style=\"font-size: 13px; color: #000000;\">Ph\u00e2n t\u00edch v\u1eadt li\u1ec7u kim lo\u1ea1i &amp; h\u1ee3p kim cao c\u1ea5p<\/span><\/li>\n<li><span style=\"font-size: 13px; color: #000000;\">B\u00e1n d\u1eabn \u2013 vi \u0111i\u1ec7n t\u1eed<\/span><\/li>\n<li><span style=\"font-size: 13px; color: #000000;\">Polymer \u2013 composite \u2013 nh\u1ef1a k\u1ef9 thu\u1eadt<\/span><\/li>\n<li><span style=\"font-size: 13px; color: #000000;\">Pin \u2013 n\u0103ng l\u01b0\u1ee3ng \u2013 v\u1eadt li\u1ec7u m\u1edbi<\/span><\/li>\n<li><span style=\"font-size: 13px; color: #000000;\">Ph\u00e2n t\u00edch b\u1ec1 m\u1eb7t s\u1ea3n ph\u1ea9m c\u00f4ng nghi\u1ec7p<\/span><\/li>\n<li><span style=\"font-size: 13px; color: #000000;\">Trung t\u00e2m ki\u1ec3m \u0111\u1ecbnh &amp; R&amp;D chuy\u00ean s\u00e2u<\/span><\/li>\n<\/ul>\n<h2 style=\"text-align: justify;\"><span style=\"font-size: 13px; color: #000000;\">\u01afu \u0111i\u1ec3m n\u1ed5i b\u1eadt c\u1ee7a CX 200K so v\u1edbi SEM \u0111\u1ec3 b\u00e0n<\/span><\/h2>\n<ul style=\"text-align: justify;\">\n<li><span style=\"font-size: 13px; color: #000000;\">\u0110\u1ed9 ph\u00e2n gi\u1ea3i cao h\u01a1n (3 nm)<\/span><\/li>\n<li><span style=\"font-size: 13px; color: #000000;\">B\u00e0n m\u1eabu l\u1edbn &amp; \u0111a tr\u1ee5c \u2013 linh ho\u1ea1t nhi\u1ec1u lo\u1ea1i m\u1eabu<\/span><\/li>\n<li><span style=\"font-size: 13px; color: #000000;\">H\u1ed7 tr\u1ee3 nghi\u00ean c\u1ee9u chuy\u00ean s\u00e2u<\/span><\/li>\n<li><span style=\"font-size: 13px; color: #000000;\">T\u1ed1i \u01b0u cho nghi\u00ean c\u1ee9u chuy\u00ean nghi\u1ec7p<\/span><\/li>\n<li><span style=\"font-size: 13px; color: #000000;\">H\u00ecnh \u1ea3nh \u1ed5n \u0111\u1ecbnh \u2013 \u0111\u1ed9 t\u01b0\u01a1ng ph\u1ea3n cao<\/span><\/li>\n<\/ul>\n<p style=\"text-align: justify;\">","protected":false},"excerpt":{"rendered":"<p style=\"text-align: justify;\"><span style=\"font-size: 13px; color: #000000;\">COXEM CX-200K l\u00e0 h\u1ec7 k\u00ednh hi\u1ec3n vi \u0111i\u1ec7n t\u1eed qu\u00e9t (SEM) hi\u1ec7u su\u1ea5t cao, ph\u00f9 h\u1ee3p cho c\u00e1c ph\u00f2ng th\u00ed nghi\u1ec7m nghi\u00ean c\u1ee9u chuy\u00ean s\u00e2u, trung t\u00e2m ph\u00e2n t\u00edch v\u1eadt li\u1ec7u v\u00e0 doanh nghi\u1ec7p R&amp;D c\u1ea7n \u0111\u1ed9 ph\u00e2n gi\u1ea3i cao c\u00f9ng kh\u1ea3 n\u0103ng quan s\u00e1t linh ho\u1ea1t nhi\u1ec1u lo\u1ea1i m\u1eabu. Thi\u1ebft b\u1ecb k\u1ebft h\u1ee3p \u0111\u1ed9 ph\u00e2n gi\u1ea3i 3.0 nm, b\u00e0n m\u1eabu motorized \u0111a tr\u1ee5c k\u00edch th\u01b0\u1edbc l\u1edbn v\u00e0 ph\u1ea7n m\u1ec1m NanoStation 5 tr\u1ef1c quan, gi\u00fap t\u1ed1i \u01b0u t\u1ed1c \u0111\u1ed9 thao t\u00e1c v\u00e0 ch\u1ea5t l\u01b0\u1ee3ng h\u00ecnh \u1ea3nh.<\/span><\/p>","protected":false},"featured_media":2169,"template":"","meta":{"inline_featured_image":false},"product_brand":[129],"product_cat":[130,132],"product_tag":[],"class_list":{"0":"post-2166","1":"product","2":"type-product","3":"status-publish","4":"has-post-thumbnail","6":"product_brand-coxem","7":"product_cat-kinh-hien-vi-dien-tu-quet","8":"product_cat-kinh-hien-vi-dien-tu-quet-full-size","10":"first","11":"instock","12":"shipping-taxable","13":"product-type-simple"},"yoast_head":"<!-- This site is optimized with the Yoast SEO plugin v24.7 - https:\/\/yoast.com\/wordpress\/plugins\/seo\/ -->\n<title>K\u00ednh hi\u1ec3n vi \u0111i\u1ec7n t\u1eed qu\u00e9t Full-size CX-200K - HTI Scientific<\/title>\n<meta name=\"description\" content=\"CX-200K k\u1ebft h\u1ee3p \u0111\u1ed9 ph\u00e2n gi\u1ea3i 3.0 nm, b\u00e0n m\u1eabu motorized \u0111a tr\u1ee5c k\u00edch th\u01b0\u1edbc l\u1edbn v\u00e0 ph\u1ea7n m\u1ec1m NanoStation 5 tr\u1ef1c quan, t\u1ed1i \u01b0u t\u1ed1c \u0111\u1ed9 thao t\u00e1c v\u00e0 ch\u1ea5t l\u01b0\u1ee3ng...\" \/>\n<meta name=\"robots\" content=\"index, follow, max-snippet:-1, max-image-preview:large, max-video-preview:-1\" \/>\n<link rel=\"canonical\" href=\"https:\/\/htiscientific.vn\/en\/product\/kinh-hien-vi-dien-tu-quet-full-size-cx-200k\/\" \/>\n<meta property=\"og:locale\" content=\"en_US\" \/>\n<meta property=\"og:type\" content=\"article\" \/>\n<meta property=\"og:title\" content=\"K\u00ednh hi\u1ec3n vi \u0111i\u1ec7n t\u1eed qu\u00e9t Full-size CX-200K - HTI Scientific\" \/>\n<meta property=\"og:description\" content=\"CX-200K k\u1ebft h\u1ee3p \u0111\u1ed9 ph\u00e2n gi\u1ea3i 3.0 nm, b\u00e0n m\u1eabu motorized \u0111a tr\u1ee5c k\u00edch th\u01b0\u1edbc l\u1edbn v\u00e0 ph\u1ea7n m\u1ec1m NanoStation 5 tr\u1ef1c quan, t\u1ed1i \u01b0u t\u1ed1c \u0111\u1ed9 thao t\u00e1c v\u00e0 ch\u1ea5t l\u01b0\u1ee3ng...\" \/>\n<meta property=\"og:url\" content=\"https:\/\/htiscientific.vn\/en\/product\/kinh-hien-vi-dien-tu-quet-full-size-cx-200k\/\" \/>\n<meta property=\"og:site_name\" content=\"HTI Scientific\" \/>\n<meta property=\"article:publisher\" content=\"https:\/\/www.facebook.com\/htiscientific.vn\" \/>\n<meta property=\"article:modified_time\" content=\"2026-02-27T09:43:36+00:00\" \/>\n<meta property=\"og:image\" content=\"https:\/\/htiscientific.vn\/wp-content\/uploads\/2026\/02\/cx-200k.jpg\" \/>\n\t<meta property=\"og:image:width\" content=\"1000\" \/>\n\t<meta property=\"og:image:height\" content=\"1000\" \/>\n\t<meta property=\"og:image:type\" content=\"image\/jpeg\" \/>\n<meta name=\"twitter:card\" content=\"summary_large_image\" \/>\n<meta name=\"twitter:label1\" content=\"Est. reading time\" \/>\n\t<meta name=\"twitter:data1\" content=\"3 minutes\" \/>\n<script type=\"application\/ld+json\" class=\"yoast-schema-graph\">{\"@context\":\"https:\/\/schema.org\",\"@graph\":[{\"@type\":\"WebPage\",\"@id\":\"https:\/\/htiscientific.vn\/san-pham\/kinh-hien-vi-dien-tu-quet-full-size-cx-200k\/\",\"url\":\"https:\/\/htiscientific.vn\/san-pham\/kinh-hien-vi-dien-tu-quet-full-size-cx-200k\/\",\"name\":\"K\u00ednh hi\u1ec3n vi \u0111i\u1ec7n t\u1eed qu\u00e9t Full-size CX-200K - HTI Scientific\",\"isPartOf\":{\"@id\":\"https:\/\/htiscientific.vn\/#website\"},\"primaryImageOfPage\":{\"@id\":\"https:\/\/htiscientific.vn\/san-pham\/kinh-hien-vi-dien-tu-quet-full-size-cx-200k\/#primaryimage\"},\"image\":{\"@id\":\"https:\/\/htiscientific.vn\/san-pham\/kinh-hien-vi-dien-tu-quet-full-size-cx-200k\/#primaryimage\"},\"thumbnailUrl\":\"https:\/\/htiscientific.vn\/wp-content\/uploads\/2026\/02\/cx-200k.jpg\",\"datePublished\":\"2026-02-27T03:41:00+00:00\",\"dateModified\":\"2026-02-27T09:43:36+00:00\",\"description\":\"CX-200K k\u1ebft h\u1ee3p \u0111\u1ed9 ph\u00e2n gi\u1ea3i 3.0 nm, b\u00e0n m\u1eabu motorized \u0111a tr\u1ee5c k\u00edch th\u01b0\u1edbc l\u1edbn v\u00e0 ph\u1ea7n m\u1ec1m NanoStation 5 tr\u1ef1c quan, t\u1ed1i \u01b0u t\u1ed1c \u0111\u1ed9 thao t\u00e1c v\u00e0 ch\u1ea5t l\u01b0\u1ee3ng...\",\"breadcrumb\":{\"@id\":\"https:\/\/htiscientific.vn\/san-pham\/kinh-hien-vi-dien-tu-quet-full-size-cx-200k\/#breadcrumb\"},\"inLanguage\":\"en-US\",\"potentialAction\":[{\"@type\":\"ReadAction\",\"target\":[\"https:\/\/htiscientific.vn\/san-pham\/kinh-hien-vi-dien-tu-quet-full-size-cx-200k\/\"]}]},{\"@type\":\"ImageObject\",\"inLanguage\":\"en-US\",\"@id\":\"https:\/\/htiscientific.vn\/san-pham\/kinh-hien-vi-dien-tu-quet-full-size-cx-200k\/#primaryimage\",\"url\":\"https:\/\/htiscientific.vn\/wp-content\/uploads\/2026\/02\/cx-200k.jpg\",\"contentUrl\":\"https:\/\/htiscientific.vn\/wp-content\/uploads\/2026\/02\/cx-200k.jpg\",\"width\":1000,\"height\":1000},{\"@type\":\"BreadcrumbList\",\"@id\":\"https:\/\/htiscientific.vn\/san-pham\/kinh-hien-vi-dien-tu-quet-full-size-cx-200k\/#breadcrumb\",\"itemListElement\":[{\"@type\":\"ListItem\",\"position\":1,\"name\":\"Trang ch\u1ee7\",\"item\":\"https:\/\/htiscientific.vn\/\"},{\"@type\":\"ListItem\",\"position\":2,\"name\":\"C\u1eeda h\u00e0ng\",\"item\":\"https:\/\/htiscientific.vn\/cua-hang\/\"},{\"@type\":\"ListItem\",\"position\":3,\"name\":\"K\u00ednh hi\u1ec3n vi \u0111i\u1ec7n t\u1eed qu\u00e9t\",\"item\":\"https:\/\/htiscientific.vn\/danh-muc-san-pham\/kinh-hien-vi-dien-tu-quet\/\"},{\"@type\":\"ListItem\",\"position\":4,\"name\":\"K\u00ednh hi\u1ec3n vi \u0111i\u1ec7n t\u1eed qu\u00e9t Full-size\",\"item\":\"https:\/\/htiscientific.vn\/danh-muc-san-pham\/kinh-hien-vi-dien-tu-quet\/kinh-hien-vi-dien-tu-quet-full-size\/\"},{\"@type\":\"ListItem\",\"position\":5,\"name\":\"K\u00ednh hi\u1ec3n vi \u0111i\u1ec7n t\u1eed qu\u00e9t Full-size CX-200K\"}]},{\"@type\":\"WebSite\",\"@id\":\"https:\/\/htiscientific.vn\/#website\",\"url\":\"https:\/\/htiscientific.vn\/\",\"name\":\"HTI Scientific\",\"description\":\"HTI Scientific\",\"publisher\":{\"@id\":\"https:\/\/htiscientific.vn\/#organization\"},\"potentialAction\":[{\"@type\":\"SearchAction\",\"target\":{\"@type\":\"EntryPoint\",\"urlTemplate\":\"https:\/\/htiscientific.vn\/?s={search_term_string}\"},\"query-input\":{\"@type\":\"PropertyValueSpecification\",\"valueRequired\":true,\"valueName\":\"search_term_string\"}}],\"inLanguage\":\"en-US\"},{\"@type\":\"Organization\",\"@id\":\"https:\/\/htiscientific.vn\/#organization\",\"name\":\"HTI Scientific\",\"alternateName\":\"HTI Scientific\",\"url\":\"https:\/\/htiscientific.vn\/\",\"logo\":{\"@type\":\"ImageObject\",\"inLanguage\":\"en-US\",\"@id\":\"https:\/\/htiscientific.vn\/#\/schema\/logo\/image\/\",\"url\":\"https:\/\/htiscientific.vn\/wp-content\/uploads\/2025\/03\/ava-hti-copy.jpg\",\"contentUrl\":\"https:\/\/htiscientific.vn\/wp-content\/uploads\/2025\/03\/ava-hti-copy.jpg\",\"width\":700,\"height\":450,\"caption\":\"HTI Scientific\"},\"image\":{\"@id\":\"https:\/\/htiscientific.vn\/#\/schema\/logo\/image\/\"},\"sameAs\":[\"https:\/\/www.facebook.com\/htiscientific.vn\"]}]}<\/script>\n<!-- \/ Yoast SEO plugin. -->","yoast_head_json":{"title":"K\u00ednh hi\u1ec3n vi \u0111i\u1ec7n t\u1eed qu\u00e9t Full-size CX-200K - HTI Scientific","description":"CX-200K k\u1ebft h\u1ee3p \u0111\u1ed9 ph\u00e2n gi\u1ea3i 3.0 nm, b\u00e0n m\u1eabu motorized \u0111a tr\u1ee5c k\u00edch th\u01b0\u1edbc l\u1edbn v\u00e0 ph\u1ea7n m\u1ec1m NanoStation 5 tr\u1ef1c quan, t\u1ed1i \u01b0u t\u1ed1c \u0111\u1ed9 thao t\u00e1c v\u00e0 ch\u1ea5t l\u01b0\u1ee3ng...","robots":{"index":"index","follow":"follow","max-snippet":"max-snippet:-1","max-image-preview":"max-image-preview:large","max-video-preview":"max-video-preview:-1"},"canonical":"https:\/\/htiscientific.vn\/en\/product\/kinh-hien-vi-dien-tu-quet-full-size-cx-200k\/","og_locale":"en_US","og_type":"article","og_title":"K\u00ednh hi\u1ec3n vi \u0111i\u1ec7n t\u1eed qu\u00e9t Full-size CX-200K - HTI Scientific","og_description":"CX-200K k\u1ebft h\u1ee3p \u0111\u1ed9 ph\u00e2n gi\u1ea3i 3.0 nm, b\u00e0n m\u1eabu motorized \u0111a tr\u1ee5c k\u00edch th\u01b0\u1edbc l\u1edbn v\u00e0 ph\u1ea7n m\u1ec1m NanoStation 5 tr\u1ef1c quan, t\u1ed1i \u01b0u t\u1ed1c \u0111\u1ed9 thao t\u00e1c v\u00e0 ch\u1ea5t l\u01b0\u1ee3ng...","og_url":"https:\/\/htiscientific.vn\/en\/product\/kinh-hien-vi-dien-tu-quet-full-size-cx-200k\/","og_site_name":"HTI Scientific","article_publisher":"https:\/\/www.facebook.com\/htiscientific.vn","article_modified_time":"2026-02-27T09:43:36+00:00","og_image":[{"width":1000,"height":1000,"url":"https:\/\/htiscientific.vn\/wp-content\/uploads\/2026\/02\/cx-200k.jpg","type":"image\/jpeg"}],"twitter_card":"summary_large_image","twitter_misc":{"Est. reading time":"3 minutes"},"schema":{"@context":"https:\/\/schema.org","@graph":[{"@type":"WebPage","@id":"https:\/\/htiscientific.vn\/san-pham\/kinh-hien-vi-dien-tu-quet-full-size-cx-200k\/","url":"https:\/\/htiscientific.vn\/san-pham\/kinh-hien-vi-dien-tu-quet-full-size-cx-200k\/","name":"K\u00ednh hi\u1ec3n vi \u0111i\u1ec7n t\u1eed qu\u00e9t Full-size CX-200K - HTI Scientific","isPartOf":{"@id":"https:\/\/htiscientific.vn\/#website"},"primaryImageOfPage":{"@id":"https:\/\/htiscientific.vn\/san-pham\/kinh-hien-vi-dien-tu-quet-full-size-cx-200k\/#primaryimage"},"image":{"@id":"https:\/\/htiscientific.vn\/san-pham\/kinh-hien-vi-dien-tu-quet-full-size-cx-200k\/#primaryimage"},"thumbnailUrl":"https:\/\/htiscientific.vn\/wp-content\/uploads\/2026\/02\/cx-200k.jpg","datePublished":"2026-02-27T03:41:00+00:00","dateModified":"2026-02-27T09:43:36+00:00","description":"CX-200K k\u1ebft h\u1ee3p \u0111\u1ed9 ph\u00e2n gi\u1ea3i 3.0 nm, b\u00e0n m\u1eabu motorized \u0111a tr\u1ee5c k\u00edch th\u01b0\u1edbc l\u1edbn v\u00e0 ph\u1ea7n m\u1ec1m NanoStation 5 tr\u1ef1c quan, t\u1ed1i \u01b0u t\u1ed1c \u0111\u1ed9 thao t\u00e1c v\u00e0 ch\u1ea5t l\u01b0\u1ee3ng...","breadcrumb":{"@id":"https:\/\/htiscientific.vn\/san-pham\/kinh-hien-vi-dien-tu-quet-full-size-cx-200k\/#breadcrumb"},"inLanguage":"en-US","potentialAction":[{"@type":"ReadAction","target":["https:\/\/htiscientific.vn\/san-pham\/kinh-hien-vi-dien-tu-quet-full-size-cx-200k\/"]}]},{"@type":"ImageObject","inLanguage":"en-US","@id":"https:\/\/htiscientific.vn\/san-pham\/kinh-hien-vi-dien-tu-quet-full-size-cx-200k\/#primaryimage","url":"https:\/\/htiscientific.vn\/wp-content\/uploads\/2026\/02\/cx-200k.jpg","contentUrl":"https:\/\/htiscientific.vn\/wp-content\/uploads\/2026\/02\/cx-200k.jpg","width":1000,"height":1000},{"@type":"BreadcrumbList","@id":"https:\/\/htiscientific.vn\/san-pham\/kinh-hien-vi-dien-tu-quet-full-size-cx-200k\/#breadcrumb","itemListElement":[{"@type":"ListItem","position":1,"name":"Trang ch\u1ee7","item":"https:\/\/htiscientific.vn\/"},{"@type":"ListItem","position":2,"name":"C\u1eeda h\u00e0ng","item":"https:\/\/htiscientific.vn\/cua-hang\/"},{"@type":"ListItem","position":3,"name":"K\u00ednh hi\u1ec3n vi \u0111i\u1ec7n t\u1eed qu\u00e9t","item":"https:\/\/htiscientific.vn\/danh-muc-san-pham\/kinh-hien-vi-dien-tu-quet\/"},{"@type":"ListItem","position":4,"name":"K\u00ednh hi\u1ec3n vi \u0111i\u1ec7n t\u1eed qu\u00e9t Full-size","item":"https:\/\/htiscientific.vn\/danh-muc-san-pham\/kinh-hien-vi-dien-tu-quet\/kinh-hien-vi-dien-tu-quet-full-size\/"},{"@type":"ListItem","position":5,"name":"K\u00ednh hi\u1ec3n vi \u0111i\u1ec7n t\u1eed qu\u00e9t Full-size CX-200K"}]},{"@type":"WebSite","@id":"https:\/\/htiscientific.vn\/#website","url":"https:\/\/htiscientific.vn\/","name":"HTI Scientific","description":"HTI Scientific","publisher":{"@id":"https:\/\/htiscientific.vn\/#organization"},"potentialAction":[{"@type":"SearchAction","target":{"@type":"EntryPoint","urlTemplate":"https:\/\/htiscientific.vn\/?s={search_term_string}"},"query-input":{"@type":"PropertyValueSpecification","valueRequired":true,"valueName":"search_term_string"}}],"inLanguage":"en-US"},{"@type":"Organization","@id":"https:\/\/htiscientific.vn\/#organization","name":"HTI Scientific","alternateName":"HTI Scientific","url":"https:\/\/htiscientific.vn\/","logo":{"@type":"ImageObject","inLanguage":"en-US","@id":"https:\/\/htiscientific.vn\/#\/schema\/logo\/image\/","url":"https:\/\/htiscientific.vn\/wp-content\/uploads\/2025\/03\/ava-hti-copy.jpg","contentUrl":"https:\/\/htiscientific.vn\/wp-content\/uploads\/2025\/03\/ava-hti-copy.jpg","width":700,"height":450,"caption":"HTI Scientific"},"image":{"@id":"https:\/\/htiscientific.vn\/#\/schema\/logo\/image\/"},"sameAs":["https:\/\/www.facebook.com\/htiscientific.vn"]}]}},"_links":{"self":[{"href":"https:\/\/htiscientific.vn\/en\/wp-json\/wp\/v2\/product\/2166","targetHints":{"allow":["GET"]}}],"collection":[{"href":"https:\/\/htiscientific.vn\/en\/wp-json\/wp\/v2\/product"}],"about":[{"href":"https:\/\/htiscientific.vn\/en\/wp-json\/wp\/v2\/types\/product"}],"wp:featuredmedia":[{"embeddable":true,"href":"https:\/\/htiscientific.vn\/en\/wp-json\/wp\/v2\/media\/2169"}],"wp:attachment":[{"href":"https:\/\/htiscientific.vn\/en\/wp-json\/wp\/v2\/media?parent=2166"}],"wp:term":[{"taxonomy":"product_brand","embeddable":true,"href":"https:\/\/htiscientific.vn\/en\/wp-json\/wp\/v2\/product_brand?post=2166"},{"taxonomy":"product_cat","embeddable":true,"href":"https:\/\/htiscientific.vn\/en\/wp-json\/wp\/v2\/product_cat?post=2166"},{"taxonomy":"product_tag","embeddable":true,"href":"https:\/\/htiscientific.vn\/en\/wp-json\/wp\/v2\/product_tag?post=2166"}],"curies":[{"name":"wp","href":"https:\/\/api.w.org\/{rel}","templated":true}]}}