{"id":2162,"date":"2026-02-27T12:36:07","date_gmt":"2026-02-27T05:36:07","guid":{"rendered":"https:\/\/htiscientific.vn\/?post_type=product&#038;p=2162"},"modified":"2026-02-27T16:43:14","modified_gmt":"2026-02-27T09:43:14","slug":"kinh-hien-vi-dien-tu-quet-de-ban-em-40","status":"publish","type":"product","link":"https:\/\/htiscientific.vn\/en\/product\/kinh-hien-vi-dien-tu-quet-de-ban-em-40\/","title":{"rendered":"K\u00ednh hi\u1ec3n vi \u0111i\u1ec7n t\u1eed qu\u00e9t \u0111\u1ec3 b\u00e0n EM 40"},"content":{"rendered":"<p style=\"text-align: justify;\"><span style=\"font-size: 13px; color: #000000;\">COXEM EM-40 l\u00e0 d\u00f2ng k\u00ednh hi\u1ec3n vi \u0111i\u1ec7n t\u1eed qu\u00e9t (SEM) \u0111\u1ec3 b\u00e0n nh\u1ecf g\u1ecdn, hi\u1ec7u su\u1ea5t cao, \u0111\u01b0\u1ee3c thi\u1ebft k\u1ebf t\u1ed1i \u01b0u cho ph\u00f2ng th\u00ed nghi\u1ec7m nghi\u00ean c\u1ee9u, tr\u01b0\u1eddng \u0111\u1ea1i h\u1ecdc v\u00e0 doanh nghi\u1ec7p ki\u1ec3m tra v\u1eadt li\u1ec7u. Thi\u1ebft b\u1ecb n\u1ed5i b\u1eadt v\u1edbi kh\u1ea3 n\u0103ng t\u1ef1 \u0111\u1ed9ng l\u1ea5y n\u00e9t trong 3 gi\u00e2y, ph\u1ea7n m\u1ec1m \u0111i\u1ec1u khi\u1ec3n tr\u1ef1c quan NanoStation5, c\u00f9ng h\u1ec7 th\u1ed1ng ch\u00e2n kh\u00f4ng linh ho\u1ea1t gi\u00fap quan s\u00e1t m\u1eabu nhanh, ch\u00ednh x\u00e1c v\u00e0 d\u1ec5 s\u1eed d\u1ee5ng.<\/span><\/p>\n<h2 style=\"text-align: justify;\"><span style=\"font-size: 13px; color: #000000;\">\u0110i\u1ec3m n\u1ed5i b\u1eadt c\u1ee7a COXEM EM-40<\/span><\/h2>\n<ul style=\"text-align: justify;\">\n<li><span style=\"font-size: 13px; color: #000000;\">Auto Focus &#8211; thao t\u00e1c \u0111\u01a1n gi\u1ea3n, ti\u1ebft ki\u1ec7m th\u1eddi gian<\/span><\/li>\n<li><span style=\"font-size: 13px; color: #000000;\">Giao di\u1ec7n ph\u1ea7n m\u1ec1m NanoStation5 ho\u00e0n to\u00e0n m\u1edbi, tr\u1ef1c quan v\u00e0 th\u00e2n thi\u1ec7n<\/span><\/li>\n<li><span style=\"font-size: 13px; color: #000000;\">T\u1ed1c \u0111\u1ed9 hi\u1ec3n th\u1ecb l\u00ean \u0111\u1ebfn 13 fps<\/span><\/li>\n<li><span style=\"font-size: 13px; color: #000000;\">B\u00e0n m\u1eabu motorized X-Y-Z \u0111i\u1ec1u khi\u1ec3n t\u1ef1 \u0111\u1ed9ng<\/span><\/li>\n<li><span style=\"font-size: 13px; color: #000000;\">Variable Pressure 10 \/ 20 \/ 30 Pa<\/span><\/li>\n<li><span style=\"font-size: 13px; color: #000000;\">H\u1ed7 tr\u1ee3 EBSD compact &amp; EDS<\/span><\/li>\n<li><span style=\"font-size: 13px; color: #000000;\">Ph\u00e2n t\u00edch h\u1ea1t nhanh<\/span><\/li>\n<li><span style=\"font-size: 13px; color: #000000;\">T\u00edch h\u1ee3p SE + BSE imaging<\/span><\/li>\n<li><span style=\"font-size: 13px; color: #000000;\">Thi\u1ebft k\u1ebf nh\u1ecf g\u1ecdn \u2013 \u0111\u1ec3 b\u00e0n \u2013 d\u1ec5 l\u1eafp \u0111\u1eb7t<\/span><\/li>\n<\/ul>\n<h2 style=\"text-align: justify;\"><span style=\"font-size: 13px; color: #000000;\">Th\u00f4ng s\u1ed1 k\u1ef9 thu\u1eadt ch\u00ednh<\/span><\/h2>\n<table>\n<thead>\n<tr>\n<td><span style=\"font-size: 13px; color: #000000;\">Th\u00f4ng s\u1ed1<\/span><\/td>\n<td><span style=\"font-size: 13px; color: #000000;\">Gi\u00e1 tr\u1ecb<\/span><\/td>\n<\/tr>\n<\/thead>\n<tbody>\n<tr>\n<td><span style=\"font-size: 13px; color: #000000;\">S\u00fang \u0111i\u1ec7n t\u1eed<\/span><\/td>\n<td><span style=\"font-size: 13px; color: #000000;\">Tungsten Filament (W)<\/span><\/td>\n<\/tr>\n<tr>\n<td><span style=\"font-size: 13px; color: #000000;\">\u0110\u1ed9 ph\u00e2n gi\u1ea3i<\/span><\/td>\n<td><span style=\"font-size: 13px; color: #000000;\">&lt; 5 nm (30kV, SE)<\/span><\/td>\n<\/tr>\n<tr>\n<td><span style=\"font-size: 13px; color: #000000;\">\u0110\u1ed9 ph\u00f3ng \u0111\u1ea1i<\/span><\/td>\n<td><span style=\"font-size: 13px; color: #000000;\">x20 \u2013 x250,000<\/span><\/td>\n<\/tr>\n<tr>\n<td><span style=\"font-size: 13px; color: #000000;\">\u0110i\u1ec7n \u00e1p gia t\u1ed1c<\/span><\/td>\n<td><span style=\"font-size: 13px; color: #000000;\">1 \u2013 30 kV<\/span><\/td>\n<\/tr>\n<tr>\n<td><span style=\"font-size: 13px; color: #000000;\">Detector<\/span><\/td>\n<td><span style=\"font-size: 13px; color: #000000;\">SE (BSE, EDS, EBSD, STEM \u2013 option)<\/span><\/td>\n<\/tr>\n<tr>\n<td><span style=\"font-size: 13px; color: #000000;\">B\u00e0n m\u1eabu<\/span><\/td>\n<td><span style=\"font-size: 13px; color: #000000;\">X: 40mm \/ Y: 40mm \/ Z: 5\u201340mm<\/span><\/td>\n<\/tr>\n<tr>\n<td><span style=\"font-size: 13px; color: #000000;\">Image Shift<\/span><\/td>\n<td><span style=\"font-size: 13px; color: #000000;\">\u00b125 \u00b5m<\/span><\/td>\n<\/tr>\n<tr>\n<td><span style=\"font-size: 13px; color: #000000;\">H\u1ec7 ch\u00e2n kh\u00f4ng<\/span><\/td>\n<td><span style=\"font-size: 13px; color: #000000;\">Turbo Pump + Rotary Pump<\/span><\/td>\n<\/tr>\n<tr>\n<td><span style=\"font-size: 13px; color: #000000;\">K\u00edch th\u01b0\u1edbc<\/span><\/td>\n<td><span style=\"font-size: 13px; color: #000000;\">315 \u00d7 560 \u00d7 580 mm<\/span><\/td>\n<\/tr>\n<tr>\n<td><span style=\"font-size: 13px; color: #000000;\">Kh\u1ed1i l\u01b0\u1ee3ng<\/span><\/td>\n<td><span style=\"font-size: 13px; color: #000000;\">~81.5 kg<\/span><\/td>\n<\/tr>\n<tr>\n<td><span style=\"font-size: 13px; color: #000000;\">Ngu\u1ed3n \u0111i\u1ec7n<\/span><\/td>\n<td><span style=\"font-size: 13px; color: #000000;\">110\/220V \u2013 1.5 kVA<\/span><\/td>\n<\/tr>\n<tr>\n<td><span style=\"font-size: 13px; color: #000000;\">\u0110\u1ecbnh d\u1ea1ng \u1ea3nh<\/span><\/td>\n<td><span style=\"font-size: 13px; color: #000000;\">JPG, TIFF, BMP, PNG<\/span><\/td>\n<\/tr>\n<\/tbody>\n<\/table>\n<p style=\"text-align: justify;\">\n<table width=\"479\">\n<tbody>\n<tr>\n<td width=\"479\"><span style=\"font-size: 13px; color: #000000;\">Ph\u1ea7n m\u1ec1m<\/span><\/td>\n<\/tr>\n<tr>\n<td width=\"479\"><span style=\"font-size: 13px; color: #000000;\">T\u1ef1 \u0111\u1ed9ng b\u00e3o h\u00f2a s\u1ee3i \u0111\u1ed1t<\/span><\/td>\n<\/tr>\n<tr>\n<td width=\"479\"><span style=\"font-size: 13px; color: #000000;\">T\u1ef1 \u0111\u1ed9ng l\u1ea5y n\u00e9t<\/span><\/td>\n<\/tr>\n<tr>\n<td width=\"479\"><span style=\"font-size: 13px; color: #000000;\">T\u1ef1 \u0111\u1ed9ng \u0111i\u1ec1u ch\u1ec9nh t\u01b0\u01a1ng ph\u1ea3n\/\u0111\u1ed9 s\u00e1ng trong v\u00e0i gi\u00e2y<\/span><\/td>\n<\/tr>\n<tr>\n<td width=\"479\"><span style=\"font-size: 13px; color: #000000;\">\u0110i\u1ec1u h\u01b0\u1edbng k\u00e9p (Camera CCD + B\u1ea3n \u0111\u1ed3 thu nh\u1ecf)<\/span><\/td>\n<\/tr>\n<tr>\n<td width=\"479\"><span style=\"font-size: 13px; color: #000000;\">Gh\u00e9p \u1ea3nh to\u00e0n c\u1ea3nh Panorama phi\u00ean b\u1ea3n 2.0<\/span><\/td>\n<\/tr>\n<tr>\n<td width=\"479\"><span style=\"font-size: 13px; color: #000000;\">\u0110o bi\u00ean d\u1ea1ng \u0111\u01b0\u1eddng (\u0111o m\u1eb7t c\u1eaft \u0111\u01b0\u1eddng)<\/span><\/td>\n<\/tr>\n<tr>\n<td width=\"479\"><span style=\"font-size: 13px; color: #000000;\">Gh\u00e9p \u1ea3nh SE v\u00e0 BSE<\/span><\/td>\n<\/tr>\n<tr>\n<td width=\"479\"><span style=\"font-size: 13px; color: #000000;\">Chia \u0111\u00f4i \u1ea3nh SE v\u00e0 BSE<\/span><\/td>\n<\/tr>\n<tr>\n<td width=\"479\"><span style=\"font-size: 13px; color: #000000;\">Ch\u1ee9c n\u0103ng l\u01b0u tr\u1eef \/ qu\u1ea3n l\u00fd d\u1eef li\u1ec7u h\u00ecnh \u1ea3nh<\/span><\/td>\n<\/tr>\n<\/tbody>\n<\/table>\n<p style=\"text-align: justify;\">\n<h2 style=\"text-align: justify;\"><span style=\"font-size: 13px; color: #000000;\">\u1ee8ng d\u1ee5ng ti\u00eau bi\u1ec3u<\/span><\/h2>\n<ol style=\"text-align: justify;\">\n<li><span style=\"font-size: 13px; color: #000000;\">\u00a0V\u1eadt Li\u1ec7u &amp; C\u00f4ng Nghi\u1ec7p<\/span><\/li>\n<li><span style=\"font-size: 13px; color: #000000;\">\u00a0\u0110i\u1ec7n T\u1eed \u2013 B\u00e1n D\u1eabn<\/span><\/li>\n<li><span style=\"font-size: 13px; color: #000000;\">\u00a0Sinh H\u1ecdc \u2013 Y Sinh \u2013 Th\u1ef1c Ph\u1ea9m<\/span><\/li>\n<li><span style=\"font-size: 13px; color: #000000;\">\u00a0Gi\u00e1o D\u1ee5c &amp; Nghi\u00ean C\u1ee9u Nano<\/span><\/li>\n<\/ol>\n<h2 style=\"text-align: justify;\"><span style=\"font-size: 13px; color: #000000;\">\u01afu \u0111i\u1ec3m c\u1ee7a EM 40 so v\u1edbi SEM truy\u1ec1n th\u1ed1ng<\/span><\/h2>\n<ul>\n<li style=\"text-align: justify;\"><span style=\"font-size: 13px; color: #000000;\">K\u00edch th\u01b0\u1edbc nh\u1ecf g\u1ecdn \u2013 kh\u00f4ng c\u1ea7n ph\u00f2ng SEM ri\u00eang l\u1edbn<\/span><\/li>\n<li style=\"text-align: justify;\"><span style=\"font-size: 13px; color: #000000;\">Chi ph\u00ed \u0111\u1ea7u t\u01b0 &amp; v\u1eadn h\u00e0nh th\u1ea5p<\/span><\/li>\n<li style=\"text-align: justify;\"><span style=\"font-size: 13px; color: #000000;\">D\u1ec5 s\u1eed d\u1ee5ng<\/span><\/li>\n<li style=\"text-align: justify;\"><span style=\"font-size: 13px; color: #000000;\">C\u00e0i \u0111\u1eb7t nhanh<\/span><\/li>\n<li style=\"text-align: justify;\"><span style=\"font-size: 13px; color: #000000;\">Linh ho\u1ea1t nhi\u1ec1u lo\u1ea1i m\u1eabu<\/span><\/li>\n<\/ul>","protected":false},"excerpt":{"rendered":"<p style=\"text-align: justify;\"><span style=\"font-size: 13px; color: #000000;\">COXEM EM-40 l\u00e0 d\u00f2ng k\u00ednh hi\u1ec3n vi \u0111i\u1ec7n t\u1eed qu\u00e9t (SEM) \u0111\u1ec3 b\u00e0n nh\u1ecf g\u1ecdn, hi\u1ec7u su\u1ea5t cao, \u0111\u01b0\u1ee3c thi\u1ebft k\u1ebf t\u1ed1i \u01b0u cho ph\u00f2ng th\u00ed nghi\u1ec7m nghi\u00ean c\u1ee9u, tr\u01b0\u1eddng \u0111\u1ea1i h\u1ecdc v\u00e0 doanh nghi\u1ec7p ki\u1ec3m tra v\u1eadt li\u1ec7u. Thi\u1ebft b\u1ecb n\u1ed5i b\u1eadt v\u1edbi kh\u1ea3 n\u0103ng t\u1ef1 \u0111\u1ed9ng l\u1ea5y n\u00e9t trong 3 gi\u00e2y, ph\u1ea7n m\u1ec1m \u0111i\u1ec1u khi\u1ec3n tr\u1ef1c quan NanoStation5, c\u00f9ng h\u1ec7 th\u1ed1ng ch\u00e2n kh\u00f4ng linh ho\u1ea1t gi\u00fap quan s\u00e1t m\u1eabu nhanh, ch\u00ednh x\u00e1c v\u00e0 d\u1ec5 s\u1eed d\u1ee5ng.<\/span><\/p>","protected":false},"featured_media":2163,"template":"","meta":{"inline_featured_image":false},"product_brand":[129],"product_cat":[130,131],"product_tag":[],"class_list":{"0":"post-2162","1":"product","2":"type-product","3":"status-publish","4":"has-post-thumbnail","6":"product_brand-coxem","7":"product_cat-kinh-hien-vi-dien-tu-quet","8":"product_cat-kinh-hien-vi-dien-tu-quet-de-ban","10":"first","11":"instock","12":"shipping-taxable","13":"product-type-simple"},"yoast_head":"<!-- This site is optimized with the Yoast SEO plugin v24.7 - https:\/\/yoast.com\/wordpress\/plugins\/seo\/ -->\n<title>K\u00ednh hi\u1ec3n vi \u0111i\u1ec7n t\u1eed qu\u00e9t \u0111\u1ec3 b\u00e0n EM 40 - HTI Scientific<\/title>\n<meta name=\"description\" content=\"EM 40 v\u1edbi kh\u1ea3 n\u0103ng t\u1ef1 \u0111\u1ed9ng l\u1ea5y n\u00e9t trong 3 gi\u00e2y, ph\u1ea7n m\u1ec1m \u0111i\u1ec1u khi\u1ec3n tr\u1ef1c quan NanoStation5, h\u1ec7 th\u1ed1ng ch\u00e2n kh\u00f4ng linh ho\u1ea1t quan s\u00e1t m\u1eabu nhanh, ch\u00ednh x\u00e1c\" \/>\n<meta name=\"robots\" content=\"index, follow, max-snippet:-1, max-image-preview:large, max-video-preview:-1\" \/>\n<link rel=\"canonical\" href=\"https:\/\/htiscientific.vn\/en\/product\/kinh-hien-vi-dien-tu-quet-de-ban-em-40\/\" \/>\n<meta property=\"og:locale\" content=\"en_US\" \/>\n<meta property=\"og:type\" content=\"article\" \/>\n<meta property=\"og:title\" content=\"K\u00ednh hi\u1ec3n vi \u0111i\u1ec7n t\u1eed qu\u00e9t \u0111\u1ec3 b\u00e0n EM 40 - HTI Scientific\" \/>\n<meta property=\"og:description\" content=\"EM 40 v\u1edbi kh\u1ea3 n\u0103ng t\u1ef1 \u0111\u1ed9ng l\u1ea5y n\u00e9t trong 3 gi\u00e2y, ph\u1ea7n m\u1ec1m \u0111i\u1ec1u khi\u1ec3n tr\u1ef1c quan NanoStation5, h\u1ec7 th\u1ed1ng ch\u00e2n kh\u00f4ng linh ho\u1ea1t quan s\u00e1t m\u1eabu nhanh, ch\u00ednh x\u00e1c\" \/>\n<meta property=\"og:url\" content=\"https:\/\/htiscientific.vn\/en\/product\/kinh-hien-vi-dien-tu-quet-de-ban-em-40\/\" \/>\n<meta property=\"og:site_name\" content=\"HTI Scientific\" \/>\n<meta property=\"article:publisher\" content=\"https:\/\/www.facebook.com\/htiscientific.vn\" \/>\n<meta property=\"article:modified_time\" content=\"2026-02-27T09:43:14+00:00\" \/>\n<meta property=\"og:image\" content=\"https:\/\/htiscientific.vn\/wp-content\/uploads\/2026\/02\/40m.jpg\" \/>\n\t<meta property=\"og:image:width\" content=\"1000\" \/>\n\t<meta property=\"og:image:height\" content=\"1000\" \/>\n\t<meta property=\"og:image:type\" content=\"image\/jpeg\" \/>\n<meta name=\"twitter:card\" content=\"summary_large_image\" \/>\n<meta name=\"twitter:label1\" content=\"Est. reading time\" \/>\n\t<meta name=\"twitter:data1\" content=\"3 minutes\" \/>\n<script type=\"application\/ld+json\" class=\"yoast-schema-graph\">{\"@context\":\"https:\/\/schema.org\",\"@graph\":[{\"@type\":\"WebPage\",\"@id\":\"https:\/\/htiscientific.vn\/san-pham\/kinh-hien-vi-dien-tu-quet-de-ban-em-40\/\",\"url\":\"https:\/\/htiscientific.vn\/san-pham\/kinh-hien-vi-dien-tu-quet-de-ban-em-40\/\",\"name\":\"K\u00ednh hi\u1ec3n vi \u0111i\u1ec7n t\u1eed qu\u00e9t \u0111\u1ec3 b\u00e0n EM 40 - HTI Scientific\",\"isPartOf\":{\"@id\":\"https:\/\/htiscientific.vn\/#website\"},\"primaryImageOfPage\":{\"@id\":\"https:\/\/htiscientific.vn\/san-pham\/kinh-hien-vi-dien-tu-quet-de-ban-em-40\/#primaryimage\"},\"image\":{\"@id\":\"https:\/\/htiscientific.vn\/san-pham\/kinh-hien-vi-dien-tu-quet-de-ban-em-40\/#primaryimage\"},\"thumbnailUrl\":\"https:\/\/htiscientific.vn\/wp-content\/uploads\/2026\/02\/40m.jpg\",\"datePublished\":\"2026-02-27T05:36:07+00:00\",\"dateModified\":\"2026-02-27T09:43:14+00:00\",\"description\":\"EM 40 v\u1edbi kh\u1ea3 n\u0103ng t\u1ef1 \u0111\u1ed9ng l\u1ea5y n\u00e9t trong 3 gi\u00e2y, ph\u1ea7n m\u1ec1m \u0111i\u1ec1u khi\u1ec3n tr\u1ef1c quan NanoStation5, h\u1ec7 th\u1ed1ng ch\u00e2n kh\u00f4ng linh ho\u1ea1t quan s\u00e1t m\u1eabu nhanh, ch\u00ednh x\u00e1c\",\"breadcrumb\":{\"@id\":\"https:\/\/htiscientific.vn\/san-pham\/kinh-hien-vi-dien-tu-quet-de-ban-em-40\/#breadcrumb\"},\"inLanguage\":\"en-US\",\"potentialAction\":[{\"@type\":\"ReadAction\",\"target\":[\"https:\/\/htiscientific.vn\/san-pham\/kinh-hien-vi-dien-tu-quet-de-ban-em-40\/\"]}]},{\"@type\":\"ImageObject\",\"inLanguage\":\"en-US\",\"@id\":\"https:\/\/htiscientific.vn\/san-pham\/kinh-hien-vi-dien-tu-quet-de-ban-em-40\/#primaryimage\",\"url\":\"https:\/\/htiscientific.vn\/wp-content\/uploads\/2026\/02\/40m.jpg\",\"contentUrl\":\"https:\/\/htiscientific.vn\/wp-content\/uploads\/2026\/02\/40m.jpg\",\"width\":1000,\"height\":1000},{\"@type\":\"BreadcrumbList\",\"@id\":\"https:\/\/htiscientific.vn\/san-pham\/kinh-hien-vi-dien-tu-quet-de-ban-em-40\/#breadcrumb\",\"itemListElement\":[{\"@type\":\"ListItem\",\"position\":1,\"name\":\"Trang ch\u1ee7\",\"item\":\"https:\/\/htiscientific.vn\/\"},{\"@type\":\"ListItem\",\"position\":2,\"name\":\"C\u1eeda h\u00e0ng\",\"item\":\"https:\/\/htiscientific.vn\/cua-hang\/\"},{\"@type\":\"ListItem\",\"position\":3,\"name\":\"K\u00ednh hi\u1ec3n vi \u0111i\u1ec7n t\u1eed qu\u00e9t\",\"item\":\"https:\/\/htiscientific.vn\/danh-muc-san-pham\/kinh-hien-vi-dien-tu-quet\/\"},{\"@type\":\"ListItem\",\"position\":4,\"name\":\"K\u00ednh hi\u1ec3n vi \u0111i\u1ec7n t\u1eed qu\u00e9t \u0111\u1ec3 b\u00e0n\",\"item\":\"https:\/\/htiscientific.vn\/danh-muc-san-pham\/kinh-hien-vi-dien-tu-quet\/kinh-hien-vi-dien-tu-quet-de-ban\/\"},{\"@type\":\"ListItem\",\"position\":5,\"name\":\"K\u00ednh hi\u1ec3n vi \u0111i\u1ec7n t\u1eed qu\u00e9t \u0111\u1ec3 b\u00e0n EM 40\"}]},{\"@type\":\"WebSite\",\"@id\":\"https:\/\/htiscientific.vn\/#website\",\"url\":\"https:\/\/htiscientific.vn\/\",\"name\":\"HTI Scientific\",\"description\":\"HTI Scientific\",\"publisher\":{\"@id\":\"https:\/\/htiscientific.vn\/#organization\"},\"potentialAction\":[{\"@type\":\"SearchAction\",\"target\":{\"@type\":\"EntryPoint\",\"urlTemplate\":\"https:\/\/htiscientific.vn\/?s={search_term_string}\"},\"query-input\":{\"@type\":\"PropertyValueSpecification\",\"valueRequired\":true,\"valueName\":\"search_term_string\"}}],\"inLanguage\":\"en-US\"},{\"@type\":\"Organization\",\"@id\":\"https:\/\/htiscientific.vn\/#organization\",\"name\":\"HTI Scientific\",\"alternateName\":\"HTI Scientific\",\"url\":\"https:\/\/htiscientific.vn\/\",\"logo\":{\"@type\":\"ImageObject\",\"inLanguage\":\"en-US\",\"@id\":\"https:\/\/htiscientific.vn\/#\/schema\/logo\/image\/\",\"url\":\"https:\/\/htiscientific.vn\/wp-content\/uploads\/2025\/03\/ava-hti-copy.jpg\",\"contentUrl\":\"https:\/\/htiscientific.vn\/wp-content\/uploads\/2025\/03\/ava-hti-copy.jpg\",\"width\":700,\"height\":450,\"caption\":\"HTI Scientific\"},\"image\":{\"@id\":\"https:\/\/htiscientific.vn\/#\/schema\/logo\/image\/\"},\"sameAs\":[\"https:\/\/www.facebook.com\/htiscientific.vn\"]}]}<\/script>\n<!-- \/ Yoast SEO plugin. -->","yoast_head_json":{"title":"K\u00ednh hi\u1ec3n vi \u0111i\u1ec7n t\u1eed qu\u00e9t \u0111\u1ec3 b\u00e0n EM 40 - HTI Scientific","description":"EM 40 v\u1edbi kh\u1ea3 n\u0103ng t\u1ef1 \u0111\u1ed9ng l\u1ea5y n\u00e9t trong 3 gi\u00e2y, ph\u1ea7n m\u1ec1m \u0111i\u1ec1u khi\u1ec3n tr\u1ef1c quan NanoStation5, h\u1ec7 th\u1ed1ng ch\u00e2n kh\u00f4ng linh ho\u1ea1t quan s\u00e1t m\u1eabu nhanh, ch\u00ednh x\u00e1c","robots":{"index":"index","follow":"follow","max-snippet":"max-snippet:-1","max-image-preview":"max-image-preview:large","max-video-preview":"max-video-preview:-1"},"canonical":"https:\/\/htiscientific.vn\/en\/product\/kinh-hien-vi-dien-tu-quet-de-ban-em-40\/","og_locale":"en_US","og_type":"article","og_title":"K\u00ednh hi\u1ec3n vi \u0111i\u1ec7n t\u1eed qu\u00e9t \u0111\u1ec3 b\u00e0n EM 40 - HTI Scientific","og_description":"EM 40 v\u1edbi kh\u1ea3 n\u0103ng t\u1ef1 \u0111\u1ed9ng l\u1ea5y n\u00e9t trong 3 gi\u00e2y, ph\u1ea7n m\u1ec1m \u0111i\u1ec1u khi\u1ec3n tr\u1ef1c quan NanoStation5, h\u1ec7 th\u1ed1ng ch\u00e2n kh\u00f4ng linh ho\u1ea1t quan s\u00e1t m\u1eabu nhanh, ch\u00ednh x\u00e1c","og_url":"https:\/\/htiscientific.vn\/en\/product\/kinh-hien-vi-dien-tu-quet-de-ban-em-40\/","og_site_name":"HTI Scientific","article_publisher":"https:\/\/www.facebook.com\/htiscientific.vn","article_modified_time":"2026-02-27T09:43:14+00:00","og_image":[{"width":1000,"height":1000,"url":"https:\/\/htiscientific.vn\/wp-content\/uploads\/2026\/02\/40m.jpg","type":"image\/jpeg"}],"twitter_card":"summary_large_image","twitter_misc":{"Est. reading time":"3 minutes"},"schema":{"@context":"https:\/\/schema.org","@graph":[{"@type":"WebPage","@id":"https:\/\/htiscientific.vn\/san-pham\/kinh-hien-vi-dien-tu-quet-de-ban-em-40\/","url":"https:\/\/htiscientific.vn\/san-pham\/kinh-hien-vi-dien-tu-quet-de-ban-em-40\/","name":"K\u00ednh hi\u1ec3n vi \u0111i\u1ec7n t\u1eed qu\u00e9t \u0111\u1ec3 b\u00e0n EM 40 - HTI Scientific","isPartOf":{"@id":"https:\/\/htiscientific.vn\/#website"},"primaryImageOfPage":{"@id":"https:\/\/htiscientific.vn\/san-pham\/kinh-hien-vi-dien-tu-quet-de-ban-em-40\/#primaryimage"},"image":{"@id":"https:\/\/htiscientific.vn\/san-pham\/kinh-hien-vi-dien-tu-quet-de-ban-em-40\/#primaryimage"},"thumbnailUrl":"https:\/\/htiscientific.vn\/wp-content\/uploads\/2026\/02\/40m.jpg","datePublished":"2026-02-27T05:36:07+00:00","dateModified":"2026-02-27T09:43:14+00:00","description":"EM 40 v\u1edbi kh\u1ea3 n\u0103ng t\u1ef1 \u0111\u1ed9ng l\u1ea5y n\u00e9t trong 3 gi\u00e2y, ph\u1ea7n m\u1ec1m \u0111i\u1ec1u khi\u1ec3n tr\u1ef1c quan NanoStation5, h\u1ec7 th\u1ed1ng ch\u00e2n kh\u00f4ng linh ho\u1ea1t quan s\u00e1t m\u1eabu nhanh, ch\u00ednh x\u00e1c","breadcrumb":{"@id":"https:\/\/htiscientific.vn\/san-pham\/kinh-hien-vi-dien-tu-quet-de-ban-em-40\/#breadcrumb"},"inLanguage":"en-US","potentialAction":[{"@type":"ReadAction","target":["https:\/\/htiscientific.vn\/san-pham\/kinh-hien-vi-dien-tu-quet-de-ban-em-40\/"]}]},{"@type":"ImageObject","inLanguage":"en-US","@id":"https:\/\/htiscientific.vn\/san-pham\/kinh-hien-vi-dien-tu-quet-de-ban-em-40\/#primaryimage","url":"https:\/\/htiscientific.vn\/wp-content\/uploads\/2026\/02\/40m.jpg","contentUrl":"https:\/\/htiscientific.vn\/wp-content\/uploads\/2026\/02\/40m.jpg","width":1000,"height":1000},{"@type":"BreadcrumbList","@id":"https:\/\/htiscientific.vn\/san-pham\/kinh-hien-vi-dien-tu-quet-de-ban-em-40\/#breadcrumb","itemListElement":[{"@type":"ListItem","position":1,"name":"Trang ch\u1ee7","item":"https:\/\/htiscientific.vn\/"},{"@type":"ListItem","position":2,"name":"C\u1eeda h\u00e0ng","item":"https:\/\/htiscientific.vn\/cua-hang\/"},{"@type":"ListItem","position":3,"name":"K\u00ednh hi\u1ec3n vi \u0111i\u1ec7n t\u1eed qu\u00e9t","item":"https:\/\/htiscientific.vn\/danh-muc-san-pham\/kinh-hien-vi-dien-tu-quet\/"},{"@type":"ListItem","position":4,"name":"K\u00ednh hi\u1ec3n vi \u0111i\u1ec7n t\u1eed qu\u00e9t \u0111\u1ec3 b\u00e0n","item":"https:\/\/htiscientific.vn\/danh-muc-san-pham\/kinh-hien-vi-dien-tu-quet\/kinh-hien-vi-dien-tu-quet-de-ban\/"},{"@type":"ListItem","position":5,"name":"K\u00ednh hi\u1ec3n vi \u0111i\u1ec7n t\u1eed qu\u00e9t \u0111\u1ec3 b\u00e0n EM 40"}]},{"@type":"WebSite","@id":"https:\/\/htiscientific.vn\/#website","url":"https:\/\/htiscientific.vn\/","name":"HTI Scientific","description":"HTI Scientific","publisher":{"@id":"https:\/\/htiscientific.vn\/#organization"},"potentialAction":[{"@type":"SearchAction","target":{"@type":"EntryPoint","urlTemplate":"https:\/\/htiscientific.vn\/?s={search_term_string}"},"query-input":{"@type":"PropertyValueSpecification","valueRequired":true,"valueName":"search_term_string"}}],"inLanguage":"en-US"},{"@type":"Organization","@id":"https:\/\/htiscientific.vn\/#organization","name":"HTI Scientific","alternateName":"HTI Scientific","url":"https:\/\/htiscientific.vn\/","logo":{"@type":"ImageObject","inLanguage":"en-US","@id":"https:\/\/htiscientific.vn\/#\/schema\/logo\/image\/","url":"https:\/\/htiscientific.vn\/wp-content\/uploads\/2025\/03\/ava-hti-copy.jpg","contentUrl":"https:\/\/htiscientific.vn\/wp-content\/uploads\/2025\/03\/ava-hti-copy.jpg","width":700,"height":450,"caption":"HTI Scientific"},"image":{"@id":"https:\/\/htiscientific.vn\/#\/schema\/logo\/image\/"},"sameAs":["https:\/\/www.facebook.com\/htiscientific.vn"]}]}},"_links":{"self":[{"href":"https:\/\/htiscientific.vn\/en\/wp-json\/wp\/v2\/product\/2162","targetHints":{"allow":["GET"]}}],"collection":[{"href":"https:\/\/htiscientific.vn\/en\/wp-json\/wp\/v2\/product"}],"about":[{"href":"https:\/\/htiscientific.vn\/en\/wp-json\/wp\/v2\/types\/product"}],"wp:featuredmedia":[{"embeddable":true,"href":"https:\/\/htiscientific.vn\/en\/wp-json\/wp\/v2\/media\/2163"}],"wp:attachment":[{"href":"https:\/\/htiscientific.vn\/en\/wp-json\/wp\/v2\/media?parent=2162"}],"wp:term":[{"taxonomy":"product_brand","embeddable":true,"href":"https:\/\/htiscientific.vn\/en\/wp-json\/wp\/v2\/product_brand?post=2162"},{"taxonomy":"product_cat","embeddable":true,"href":"https:\/\/htiscientific.vn\/en\/wp-json\/wp\/v2\/product_cat?post=2162"},{"taxonomy":"product_tag","embeddable":true,"href":"https:\/\/htiscientific.vn\/en\/wp-json\/wp\/v2\/product_tag?post=2162"}],"curies":[{"name":"wp","href":"https:\/\/api.w.org\/{rel}","templated":true}]}}