{"id":2157,"date":"2026-02-27T11:29:23","date_gmt":"2026-02-27T04:29:23","guid":{"rendered":"https:\/\/htiscientific.vn\/?post_type=product&#038;p=2157"},"modified":"2026-02-27T16:42:51","modified_gmt":"2026-02-27T09:42:51","slug":"kinh-hien-vi-dien-tu-quet-de-ban-em-30n","status":"publish","type":"product","link":"https:\/\/htiscientific.vn\/en\/product\/kinh-hien-vi-dien-tu-quet-de-ban-em-30n\/","title":{"rendered":"K\u00ednh hi\u1ec3n vi \u0111i\u1ec7n t\u1eed qu\u00e9t \u0111\u1ec3 b\u00e0n EM 30N"},"content":{"rendered":"<p><span style=\"font-size: 13px; color: #000000;\">EM-30N l\u00e0 k\u00ednh hi\u1ec3n vi \u0111i\u1ec7n t\u1eed qu\u00e9t \u0111\u1ec3 b\u00e0n (SEM) nh\u1ecf g\u1ecdn nh\u01b0ng m\u1ea1nh m\u1ebd, cho h\u00ecnh \u1ea3nh s\u1eafc n\u00e9t \u1edf \u0111\u1ed9 ph\u00f3ng \u0111\u1ea1i l\u00ean \u0111\u1ebfn 150.000 l\u1ea7n. Thi\u1ebft b\u1ecb ph\u00f9 h\u1ee3p cho ph\u00f2ng th\u00ed nghi\u1ec7m nghi\u00ean c\u1ee9u, QA\/QC c\u00f4ng nghi\u1ec7p, gi\u00e1o d\u1ee5c \u0111\u1ea1i h\u1ecdc v\u00e0 c\u00e1c \u1ee9ng d\u1ee5ng ph\u00e2n t\u00edch v\u1eadt li\u1ec7u \u2013 b\u00e1n d\u1eabn \u2013 sinh h\u1ecdc.<\/span><\/p>\n<p><span style=\"font-size: 13px; color: #000000;\">Hi\u1ec7u n\u0103ng cao \u2013 V\u1eadn h\u00e0nh \u0111\u01a1n gi\u1ea3n \u2013 Chi ph\u00ed t\u1ed1i \u01b0u<\/span><\/p>\n<ul>\n<li><span style=\"font-size: 13px; color: #000000;\">\u0110\u1ed9 ph\u00e2n gi\u1ea3i &lt; 5 nm<\/span><\/li>\n<li><span style=\"font-size: 13px; color: #000000;\">\u0110\u1ed9 ph\u00f3ng \u0111\u1ea1i 15x \u2013 150.000x<\/span><\/li>\n<li><span style=\"font-size: 13px; color: #000000;\">\u0110i\u1ec7n \u00e1p gia t\u1ed1c 1 \u2013 30 kV<\/span><\/li>\n<li><span style=\"font-size: 13px; color: #000000;\">Dual Display &amp; Signal Mixing (<em>kh\u1ea3 d\u1ee5ng khi trang b\u1ecb \u0111\u1ea7u d\u00f2 BSE t\u00f9y ch\u1ecdn<\/em>)<\/span><\/li>\n<li><span style=\"font-size: 13px; color: #000000;\">Low Vacuum Mode: Ph\u00e2n t\u00edch m\u1eabu kh\u00f4ng d\u1eabn \u0111i\u1ec7n m\u00e0 kh\u00f4ng c\u1ea7n x\u1eed l\u00fd ph\u1ee7 v\u00e0ng<\/span><\/li>\n<li><span style=\"font-size: 13px; color: #000000;\">Panorama Shot: Gh\u00e9p \u1ea3nh di\u1ec7n t\u00edch l\u1edbn \u1edf \u0111\u1ed9 ph\u00f3ng \u0111\u1ea1i cao<\/span><\/li>\n<li><span style=\"font-size: 13px; color: #000000;\">Auto Focus \/ Auto Brightness &amp; Contrast: T\u1ed1i \u01b0u h\u00ecnh \u1ea3nh trong v\u00e0i gi\u00e2y<\/span><\/li>\n<li><span style=\"font-size: 13px; color: #000000;\">Thi\u1ebft k\u1ebf \u0111\u1ec3 b\u00e0n, d\u1ec5 l\u1eafp \u0111\u1eb7t<\/span><\/li>\n<li><span style=\"font-size: 13px; color: #000000;\">T\u01b0\u01a1ng th\u00edch EDS \/ STEM \/ Cool Stage: M\u1edf r\u1ed9ng kh\u1ea3 n\u0103ng ph\u00e2n t\u00edch<\/span><\/li>\n<\/ul>\n<h2><span style=\"font-size: 13px;\"><span style=\"color: #000000;\">Th\u00f4ng S\u1ed1 K\u1ef9 Thu\u1eadt Ch\u00ednh<\/span><\/span><\/h2>\n<table>\n<thead>\n<tr>\n<td><span style=\"font-size: 13px; color: #000000;\">Th\u00f4ng s\u1ed1<\/span><\/td>\n<td><span style=\"font-size: 13px; color: #000000;\">Gi\u00e1 tr\u1ecb<\/span><\/td>\n<\/tr>\n<\/thead>\n<tbody>\n<tr>\n<td><span style=\"font-size: 13px; color: #000000;\">Ngu\u1ed3n electron<\/span><\/td>\n<td><span style=\"font-size: 13px; color: #000000;\">Tungsten Filament<\/span><\/td>\n<\/tr>\n<tr>\n<td><span style=\"font-size: 13px; color: #000000;\">\u0110\u1ed9 ph\u00e2n gi\u1ea3i<\/span><\/td>\n<td><span style=\"font-size: 13px; color: #000000;\">&lt; 5 nm<\/span><\/td>\n<\/tr>\n<tr>\n<td><span style=\"font-size: 13px; color: #000000;\">\u0110\u1ed9 ph\u00f3ng \u0111\u1ea1i<\/span><\/td>\n<td><span style=\"font-size: 13px; color: #000000;\">15x \u2013 150.000x<\/span><\/td>\n<\/tr>\n<tr>\n<td><span style=\"font-size: 13px; color: #000000;\">\u0110i\u1ec7n \u00e1p gia t\u1ed1c<\/span><\/td>\n<td><span style=\"font-size: 13px; color: #000000;\">1 \u2013 30 kV<\/span><\/td>\n<\/tr>\n<tr>\n<td><span style=\"font-size: 13px; color: #000000;\">B\u00e0n m\u1eabu<\/span><\/td>\n<td><span style=\"font-size: 13px; color: #000000;\">X : 35mm, Y : 35mm, Tilt : 0 ~ 45\u00b0<\/span><\/td>\n<\/tr>\n<tr>\n<td><span style=\"font-size: 13px; color: #000000;\">Detector<\/span><\/td>\n<td><span style=\"font-size: 13px; color: #000000;\">SE (Option: BSE, EDS)<\/span><\/td>\n<\/tr>\n<tr>\n<td><span style=\"font-size: 13px; color: #000000;\">H\u1ec7 ch\u00e2n kh\u00f4ng<\/span><\/td>\n<td><span style=\"font-size: 13px; color: #000000;\">Turbo Pump + Rotary Pump<\/span><\/td>\n<\/tr>\n<tr>\n<td><span style=\"font-size: 13px; color: #000000;\">K\u00edch th\u01b0\u1edbc m\u00e1y<\/span><\/td>\n<td><span style=\"font-size: 13px; color: #000000;\">400(W) \u00d7 630(L) \u00d7 600(H)mm<\/span><\/td>\n<\/tr>\n<tr>\n<td><span style=\"font-size: 13px; color: #000000;\">Weight<\/span><\/td>\n<td><span style=\"font-size: 13px; color: #000000;\">85 kg<\/span><\/td>\n<\/tr>\n<tr>\n<td><span style=\"font-size: 13px; color: #000000;\">\u0110\u1ecbnh d\u1ea1ng xu\u1ea5t \u1ea3nh<\/span><\/td>\n<td><span style=\"font-size: 13px; color: #000000;\">JPG, TIFF, BMP, PNG<\/span><\/td>\n<\/tr>\n<\/tbody>\n<\/table>\n<p>&nbsp;<\/p>\n<table width=\"593\">\n<tbody>\n<tr>\n<td width=\"593\"><span style=\"font-size: 13px; color: #000000;\">Ph\u1ea7n m\u1ec1m<\/span><\/td>\n<\/tr>\n<tr>\n<td width=\"593\"><span style=\"font-size: 13px; color: #000000;\">T\u1ef1 \u0111\u1ed9ng b\u00e3o h\u00f2a s\u1ee3i \u0111\u1ed1t<\/span><\/td>\n<\/tr>\n<tr>\n<td width=\"593\"><span style=\"font-size: 13px; color: #000000;\">T\u1ef1 \u0111\u1ed9ng l\u1ea5y n\u00e9t<\/span><\/td>\n<\/tr>\n<tr>\n<td width=\"593\"><span style=\"font-size: 13px; color: #000000;\">T\u1ef1 \u0111\u1ed9ng \u0111i\u1ec1u ch\u1ec9nh t\u01b0\u01a1ng ph\u1ea3n\/\u0111\u1ed9 s\u00e1ng trong v\u00e0i gi\u00e2y<\/span><\/td>\n<\/tr>\n<tr>\n<td width=\"593\"><span style=\"font-size: 13px; color: #000000;\">\u0110i\u1ec1u h\u01b0\u1edbng k\u00e9p (Camera CCD + B\u1ea3n \u0111\u1ed3 thu nh\u1ecf)<\/span><\/td>\n<\/tr>\n<tr>\n<td width=\"593\"><span style=\"font-size: 13px; color: #000000;\">Gh\u00e9p \u1ea3nh to\u00e0n c\u1ea3nh Panorama phi\u00ean b\u1ea3n 1.0<\/span><\/td>\n<\/tr>\n<tr>\n<td width=\"593\"><span style=\"font-size: 13px; color: #000000;\">\u0110o bi\u00ean d\u1ea1ng \u0111\u01b0\u1eddng (\u0111o m\u1eb7t c\u1eaft \u0111\u01b0\u1eddng)<\/span><\/td>\n<\/tr>\n<tr>\n<td width=\"593\"><span style=\"font-size: 13px; color: #000000;\">Gh\u00e9p \u1ea3nh SE v\u00e0 BSE<\/span><\/td>\n<\/tr>\n<tr>\n<td width=\"593\"><span style=\"font-size: 13px; color: #000000;\">Chia \u0111\u00f4i \u1ea3nh SE v\u00e0 BSE<\/span><\/td>\n<\/tr>\n<\/tbody>\n<\/table>\n<p>&nbsp;<\/p>\n<p><span style=\"font-size: 13px; color: #000000;\">\u1ee8ng D\u1ee5ng Ti\u00eau Bi\u1ec3u c\u1ee7a thi\u1ebft b\u1ecb EM-30N<\/span><\/p>\n<ol>\n<li><span style=\"font-size: 13px; color: #000000;\">\u00a0V\u1eadt Li\u1ec7u &amp; C\u00f4ng Nghi\u1ec7p<\/span><\/li>\n<li><span style=\"font-size: 13px; color: #000000;\">\u00a0\u0110i\u1ec7n T\u1eed \u2013 B\u00e1n D\u1eabn<\/span><\/li>\n<li><span style=\"font-size: 13px; color: #000000;\">Sinh H\u1ecdc \u2013 Y Sinh \u2013 Th\u1ef1c Ph\u1ea9m<\/span><\/li>\n<li><span style=\"font-size: 13px; color: #000000;\">\u00a0Gi\u00e1o D\u1ee5c &amp; Nghi\u00ean C\u1ee9u Nano<\/span><\/li>\n<\/ol>\n<p><span style=\"font-size: 13px; color: #000000;\">\u01afu \u0111i\u1ec3m so v\u1edbi SEM truy\u1ec1n th\u1ed1ng<\/span><\/p>\n<ul>\n<li><span style=\"font-size: 13px; color: #000000;\">K\u00edch th\u01b0\u1edbc nh\u1ecf g\u1ecdn \u2013 kh\u00f4ng c\u1ea7n ph\u00f2ng SEM ri\u00eang l\u1edbn<\/span><\/li>\n<li><span style=\"font-size: 13px; color: #000000;\">Chi ph\u00ed \u0111\u1ea7u t\u01b0 &amp; v\u1eadn h\u00e0nh th\u1ea5p<\/span><\/li>\n<li><span style=\"font-size: 13px; color: #000000;\">D\u1ec5 s\u1eed d\u1ee5ng<\/span><\/li>\n<li><span style=\"font-size: 13px; color: #000000;\">C\u00e0i \u0111\u1eb7t nhanh<\/span><\/li>\n<li><span style=\"font-size: 13px; color: #000000;\">Linh ho\u1ea1t nhi\u1ec1u lo\u1ea1i m\u1eabu<\/span><\/li>\n<\/ul>","protected":false},"excerpt":{"rendered":"<p style=\"text-align: justify;\"><span style=\"font-size: 13px; color: #000000;\">EM-30N l\u00e0 k\u00ednh hi\u1ec3n vi \u0111i\u1ec7n t\u1eed qu\u00e9t \u0111\u1ec3 b\u00e0n (SEM) nh\u1ecf g\u1ecdn nh\u01b0ng m\u1ea1nh m\u1ebd, cho h\u00ecnh \u1ea3nh s\u1eafc n\u00e9t \u1edf \u0111\u1ed9 ph\u00f3ng \u0111\u1ea1i l\u00ean \u0111\u1ebfn 150.000 l\u1ea7n. Thi\u1ebft b\u1ecb ph\u00f9 h\u1ee3p cho ph\u00f2ng th\u00ed nghi\u1ec7m nghi\u00ean c\u1ee9u, QA\/QC c\u00f4ng nghi\u1ec7p, gi\u00e1o d\u1ee5c \u0111\u1ea1i h\u1ecdc v\u00e0 c\u00e1c \u1ee9ng d\u1ee5ng ph\u00e2n t\u00edch v\u1eadt li\u1ec7u \u2013 b\u00e1n d\u1eabn \u2013 sinh h\u1ecdc.<\/span><\/p>","protected":false},"featured_media":2158,"template":"","meta":{"inline_featured_image":false},"product_brand":[129],"product_cat":[130,131],"product_tag":[],"class_list":{"0":"post-2157","1":"product","2":"type-product","3":"status-publish","4":"has-post-thumbnail","6":"product_brand-coxem","7":"product_cat-kinh-hien-vi-dien-tu-quet","8":"product_cat-kinh-hien-vi-dien-tu-quet-de-ban","10":"first","11":"instock","12":"shipping-taxable","13":"product-type-simple"},"yoast_head":"<!-- This site is optimized with the Yoast SEO plugin v24.7 - https:\/\/yoast.com\/wordpress\/plugins\/seo\/ -->\n<title>K\u00ednh hi\u1ec3n vi \u0111i\u1ec7n t\u1eed qu\u00e9t \u0111\u1ec3 b\u00e0n EM 30N - HTI Scientific<\/title>\n<meta name=\"description\" content=\"EM-30N l\u00e0 k\u00ednh hi\u1ec3n vi \u0111i\u1ec7n t\u1eed qu\u00e9t \u0111\u1ec3 b\u00e0n (SEM) nh\u1ecf g\u1ecdn nh\u01b0ng m\u1ea1nh m\u1ebd, cho h\u00ecnh \u1ea3nh s\u1eafc n\u00e9t \u1edf \u0111\u1ed9 ph\u00f3ng \u0111\u1ea1i l\u00ean \u0111\u1ebfn 150.000 l\u1ea7n\" \/>\n<meta name=\"robots\" content=\"index, follow, max-snippet:-1, max-image-preview:large, max-video-preview:-1\" \/>\n<link rel=\"canonical\" href=\"https:\/\/htiscientific.vn\/en\/product\/kinh-hien-vi-dien-tu-quet-de-ban-em-30n\/\" \/>\n<meta property=\"og:locale\" content=\"en_US\" \/>\n<meta property=\"og:type\" content=\"article\" \/>\n<meta property=\"og:title\" content=\"K\u00ednh hi\u1ec3n vi \u0111i\u1ec7n t\u1eed qu\u00e9t \u0111\u1ec3 b\u00e0n EM 30N - HTI Scientific\" \/>\n<meta property=\"og:description\" content=\"EM-30N l\u00e0 k\u00ednh hi\u1ec3n vi \u0111i\u1ec7n t\u1eed qu\u00e9t \u0111\u1ec3 b\u00e0n (SEM) nh\u1ecf g\u1ecdn nh\u01b0ng m\u1ea1nh m\u1ebd, cho h\u00ecnh \u1ea3nh s\u1eafc n\u00e9t \u1edf \u0111\u1ed9 ph\u00f3ng \u0111\u1ea1i l\u00ean \u0111\u1ebfn 150.000 l\u1ea7n\" \/>\n<meta property=\"og:url\" content=\"https:\/\/htiscientific.vn\/en\/product\/kinh-hien-vi-dien-tu-quet-de-ban-em-30n\/\" \/>\n<meta property=\"og:site_name\" content=\"HTI Scientific\" \/>\n<meta property=\"article:publisher\" content=\"https:\/\/www.facebook.com\/htiscientific.vn\" \/>\n<meta property=\"article:modified_time\" content=\"2026-02-27T09:42:51+00:00\" \/>\n<meta property=\"og:image\" content=\"https:\/\/htiscientific.vn\/wp-content\/uploads\/2026\/02\/691e734cc27d07117721.jpg\" \/>\n\t<meta property=\"og:image:width\" content=\"1000\" \/>\n\t<meta property=\"og:image:height\" content=\"1000\" \/>\n\t<meta property=\"og:image:type\" content=\"image\/jpeg\" \/>\n<meta name=\"twitter:card\" content=\"summary_large_image\" \/>\n<meta name=\"twitter:label1\" content=\"Est. reading time\" \/>\n\t<meta name=\"twitter:data1\" content=\"3 minutes\" \/>\n<script type=\"application\/ld+json\" class=\"yoast-schema-graph\">{\"@context\":\"https:\/\/schema.org\",\"@graph\":[{\"@type\":\"WebPage\",\"@id\":\"https:\/\/htiscientific.vn\/san-pham\/kinh-hien-vi-dien-tu-quet-de-ban-em-30n\/\",\"url\":\"https:\/\/htiscientific.vn\/san-pham\/kinh-hien-vi-dien-tu-quet-de-ban-em-30n\/\",\"name\":\"K\u00ednh hi\u1ec3n vi \u0111i\u1ec7n t\u1eed qu\u00e9t \u0111\u1ec3 b\u00e0n EM 30N - HTI Scientific\",\"isPartOf\":{\"@id\":\"https:\/\/htiscientific.vn\/#website\"},\"primaryImageOfPage\":{\"@id\":\"https:\/\/htiscientific.vn\/san-pham\/kinh-hien-vi-dien-tu-quet-de-ban-em-30n\/#primaryimage\"},\"image\":{\"@id\":\"https:\/\/htiscientific.vn\/san-pham\/kinh-hien-vi-dien-tu-quet-de-ban-em-30n\/#primaryimage\"},\"thumbnailUrl\":\"https:\/\/htiscientific.vn\/wp-content\/uploads\/2026\/02\/691e734cc27d07117721.jpg\",\"datePublished\":\"2026-02-27T04:29:23+00:00\",\"dateModified\":\"2026-02-27T09:42:51+00:00\",\"description\":\"EM-30N l\u00e0 k\u00ednh hi\u1ec3n vi \u0111i\u1ec7n t\u1eed qu\u00e9t \u0111\u1ec3 b\u00e0n (SEM) nh\u1ecf g\u1ecdn nh\u01b0ng m\u1ea1nh m\u1ebd, cho h\u00ecnh \u1ea3nh s\u1eafc n\u00e9t \u1edf \u0111\u1ed9 ph\u00f3ng \u0111\u1ea1i l\u00ean \u0111\u1ebfn 150.000 l\u1ea7n\",\"breadcrumb\":{\"@id\":\"https:\/\/htiscientific.vn\/san-pham\/kinh-hien-vi-dien-tu-quet-de-ban-em-30n\/#breadcrumb\"},\"inLanguage\":\"en-US\",\"potentialAction\":[{\"@type\":\"ReadAction\",\"target\":[\"https:\/\/htiscientific.vn\/san-pham\/kinh-hien-vi-dien-tu-quet-de-ban-em-30n\/\"]}]},{\"@type\":\"ImageObject\",\"inLanguage\":\"en-US\",\"@id\":\"https:\/\/htiscientific.vn\/san-pham\/kinh-hien-vi-dien-tu-quet-de-ban-em-30n\/#primaryimage\",\"url\":\"https:\/\/htiscientific.vn\/wp-content\/uploads\/2026\/02\/691e734cc27d07117721.jpg\",\"contentUrl\":\"https:\/\/htiscientific.vn\/wp-content\/uploads\/2026\/02\/691e734cc27d07117721.jpg\",\"width\":1000,\"height\":1000},{\"@type\":\"BreadcrumbList\",\"@id\":\"https:\/\/htiscientific.vn\/san-pham\/kinh-hien-vi-dien-tu-quet-de-ban-em-30n\/#breadcrumb\",\"itemListElement\":[{\"@type\":\"ListItem\",\"position\":1,\"name\":\"Trang ch\u1ee7\",\"item\":\"https:\/\/htiscientific.vn\/\"},{\"@type\":\"ListItem\",\"position\":2,\"name\":\"C\u1eeda h\u00e0ng\",\"item\":\"https:\/\/htiscientific.vn\/cua-hang\/\"},{\"@type\":\"ListItem\",\"position\":3,\"name\":\"K\u00ednh hi\u1ec3n vi \u0111i\u1ec7n t\u1eed qu\u00e9t\",\"item\":\"https:\/\/htiscientific.vn\/danh-muc-san-pham\/kinh-hien-vi-dien-tu-quet\/\"},{\"@type\":\"ListItem\",\"position\":4,\"name\":\"K\u00ednh hi\u1ec3n vi \u0111i\u1ec7n t\u1eed qu\u00e9t \u0111\u1ec3 b\u00e0n\",\"item\":\"https:\/\/htiscientific.vn\/danh-muc-san-pham\/kinh-hien-vi-dien-tu-quet\/kinh-hien-vi-dien-tu-quet-de-ban\/\"},{\"@type\":\"ListItem\",\"position\":5,\"name\":\"K\u00ednh hi\u1ec3n vi \u0111i\u1ec7n t\u1eed qu\u00e9t \u0111\u1ec3 b\u00e0n EM 30N\"}]},{\"@type\":\"WebSite\",\"@id\":\"https:\/\/htiscientific.vn\/#website\",\"url\":\"https:\/\/htiscientific.vn\/\",\"name\":\"HTI Scientific\",\"description\":\"HTI Scientific\",\"publisher\":{\"@id\":\"https:\/\/htiscientific.vn\/#organization\"},\"potentialAction\":[{\"@type\":\"SearchAction\",\"target\":{\"@type\":\"EntryPoint\",\"urlTemplate\":\"https:\/\/htiscientific.vn\/?s={search_term_string}\"},\"query-input\":{\"@type\":\"PropertyValueSpecification\",\"valueRequired\":true,\"valueName\":\"search_term_string\"}}],\"inLanguage\":\"en-US\"},{\"@type\":\"Organization\",\"@id\":\"https:\/\/htiscientific.vn\/#organization\",\"name\":\"HTI Scientific\",\"alternateName\":\"HTI Scientific\",\"url\":\"https:\/\/htiscientific.vn\/\",\"logo\":{\"@type\":\"ImageObject\",\"inLanguage\":\"en-US\",\"@id\":\"https:\/\/htiscientific.vn\/#\/schema\/logo\/image\/\",\"url\":\"https:\/\/htiscientific.vn\/wp-content\/uploads\/2025\/03\/ava-hti-copy.jpg\",\"contentUrl\":\"https:\/\/htiscientific.vn\/wp-content\/uploads\/2025\/03\/ava-hti-copy.jpg\",\"width\":700,\"height\":450,\"caption\":\"HTI Scientific\"},\"image\":{\"@id\":\"https:\/\/htiscientific.vn\/#\/schema\/logo\/image\/\"},\"sameAs\":[\"https:\/\/www.facebook.com\/htiscientific.vn\"]}]}<\/script>\n<!-- \/ Yoast SEO plugin. -->","yoast_head_json":{"title":"K\u00ednh hi\u1ec3n vi \u0111i\u1ec7n t\u1eed qu\u00e9t \u0111\u1ec3 b\u00e0n EM 30N - HTI Scientific","description":"EM-30N l\u00e0 k\u00ednh hi\u1ec3n vi \u0111i\u1ec7n t\u1eed qu\u00e9t \u0111\u1ec3 b\u00e0n (SEM) nh\u1ecf g\u1ecdn nh\u01b0ng m\u1ea1nh m\u1ebd, cho h\u00ecnh \u1ea3nh s\u1eafc n\u00e9t \u1edf \u0111\u1ed9 ph\u00f3ng \u0111\u1ea1i l\u00ean \u0111\u1ebfn 150.000 l\u1ea7n","robots":{"index":"index","follow":"follow","max-snippet":"max-snippet:-1","max-image-preview":"max-image-preview:large","max-video-preview":"max-video-preview:-1"},"canonical":"https:\/\/htiscientific.vn\/en\/product\/kinh-hien-vi-dien-tu-quet-de-ban-em-30n\/","og_locale":"en_US","og_type":"article","og_title":"K\u00ednh hi\u1ec3n vi \u0111i\u1ec7n t\u1eed qu\u00e9t \u0111\u1ec3 b\u00e0n EM 30N - HTI Scientific","og_description":"EM-30N l\u00e0 k\u00ednh hi\u1ec3n vi \u0111i\u1ec7n t\u1eed qu\u00e9t \u0111\u1ec3 b\u00e0n (SEM) nh\u1ecf g\u1ecdn nh\u01b0ng m\u1ea1nh m\u1ebd, cho h\u00ecnh \u1ea3nh s\u1eafc n\u00e9t \u1edf \u0111\u1ed9 ph\u00f3ng \u0111\u1ea1i l\u00ean \u0111\u1ebfn 150.000 l\u1ea7n","og_url":"https:\/\/htiscientific.vn\/en\/product\/kinh-hien-vi-dien-tu-quet-de-ban-em-30n\/","og_site_name":"HTI Scientific","article_publisher":"https:\/\/www.facebook.com\/htiscientific.vn","article_modified_time":"2026-02-27T09:42:51+00:00","og_image":[{"width":1000,"height":1000,"url":"https:\/\/htiscientific.vn\/wp-content\/uploads\/2026\/02\/691e734cc27d07117721.jpg","type":"image\/jpeg"}],"twitter_card":"summary_large_image","twitter_misc":{"Est. reading time":"3 minutes"},"schema":{"@context":"https:\/\/schema.org","@graph":[{"@type":"WebPage","@id":"https:\/\/htiscientific.vn\/san-pham\/kinh-hien-vi-dien-tu-quet-de-ban-em-30n\/","url":"https:\/\/htiscientific.vn\/san-pham\/kinh-hien-vi-dien-tu-quet-de-ban-em-30n\/","name":"K\u00ednh hi\u1ec3n vi \u0111i\u1ec7n t\u1eed qu\u00e9t \u0111\u1ec3 b\u00e0n EM 30N - HTI Scientific","isPartOf":{"@id":"https:\/\/htiscientific.vn\/#website"},"primaryImageOfPage":{"@id":"https:\/\/htiscientific.vn\/san-pham\/kinh-hien-vi-dien-tu-quet-de-ban-em-30n\/#primaryimage"},"image":{"@id":"https:\/\/htiscientific.vn\/san-pham\/kinh-hien-vi-dien-tu-quet-de-ban-em-30n\/#primaryimage"},"thumbnailUrl":"https:\/\/htiscientific.vn\/wp-content\/uploads\/2026\/02\/691e734cc27d07117721.jpg","datePublished":"2026-02-27T04:29:23+00:00","dateModified":"2026-02-27T09:42:51+00:00","description":"EM-30N l\u00e0 k\u00ednh hi\u1ec3n vi \u0111i\u1ec7n t\u1eed qu\u00e9t \u0111\u1ec3 b\u00e0n (SEM) nh\u1ecf g\u1ecdn nh\u01b0ng m\u1ea1nh m\u1ebd, cho h\u00ecnh \u1ea3nh s\u1eafc n\u00e9t \u1edf \u0111\u1ed9 ph\u00f3ng \u0111\u1ea1i l\u00ean \u0111\u1ebfn 150.000 l\u1ea7n","breadcrumb":{"@id":"https:\/\/htiscientific.vn\/san-pham\/kinh-hien-vi-dien-tu-quet-de-ban-em-30n\/#breadcrumb"},"inLanguage":"en-US","potentialAction":[{"@type":"ReadAction","target":["https:\/\/htiscientific.vn\/san-pham\/kinh-hien-vi-dien-tu-quet-de-ban-em-30n\/"]}]},{"@type":"ImageObject","inLanguage":"en-US","@id":"https:\/\/htiscientific.vn\/san-pham\/kinh-hien-vi-dien-tu-quet-de-ban-em-30n\/#primaryimage","url":"https:\/\/htiscientific.vn\/wp-content\/uploads\/2026\/02\/691e734cc27d07117721.jpg","contentUrl":"https:\/\/htiscientific.vn\/wp-content\/uploads\/2026\/02\/691e734cc27d07117721.jpg","width":1000,"height":1000},{"@type":"BreadcrumbList","@id":"https:\/\/htiscientific.vn\/san-pham\/kinh-hien-vi-dien-tu-quet-de-ban-em-30n\/#breadcrumb","itemListElement":[{"@type":"ListItem","position":1,"name":"Trang ch\u1ee7","item":"https:\/\/htiscientific.vn\/"},{"@type":"ListItem","position":2,"name":"C\u1eeda h\u00e0ng","item":"https:\/\/htiscientific.vn\/cua-hang\/"},{"@type":"ListItem","position":3,"name":"K\u00ednh hi\u1ec3n vi \u0111i\u1ec7n t\u1eed qu\u00e9t","item":"https:\/\/htiscientific.vn\/danh-muc-san-pham\/kinh-hien-vi-dien-tu-quet\/"},{"@type":"ListItem","position":4,"name":"K\u00ednh hi\u1ec3n vi \u0111i\u1ec7n t\u1eed qu\u00e9t \u0111\u1ec3 b\u00e0n","item":"https:\/\/htiscientific.vn\/danh-muc-san-pham\/kinh-hien-vi-dien-tu-quet\/kinh-hien-vi-dien-tu-quet-de-ban\/"},{"@type":"ListItem","position":5,"name":"K\u00ednh hi\u1ec3n vi \u0111i\u1ec7n t\u1eed qu\u00e9t \u0111\u1ec3 b\u00e0n EM 30N"}]},{"@type":"WebSite","@id":"https:\/\/htiscientific.vn\/#website","url":"https:\/\/htiscientific.vn\/","name":"HTI Scientific","description":"HTI Scientific","publisher":{"@id":"https:\/\/htiscientific.vn\/#organization"},"potentialAction":[{"@type":"SearchAction","target":{"@type":"EntryPoint","urlTemplate":"https:\/\/htiscientific.vn\/?s={search_term_string}"},"query-input":{"@type":"PropertyValueSpecification","valueRequired":true,"valueName":"search_term_string"}}],"inLanguage":"en-US"},{"@type":"Organization","@id":"https:\/\/htiscientific.vn\/#organization","name":"HTI Scientific","alternateName":"HTI Scientific","url":"https:\/\/htiscientific.vn\/","logo":{"@type":"ImageObject","inLanguage":"en-US","@id":"https:\/\/htiscientific.vn\/#\/schema\/logo\/image\/","url":"https:\/\/htiscientific.vn\/wp-content\/uploads\/2025\/03\/ava-hti-copy.jpg","contentUrl":"https:\/\/htiscientific.vn\/wp-content\/uploads\/2025\/03\/ava-hti-copy.jpg","width":700,"height":450,"caption":"HTI Scientific"},"image":{"@id":"https:\/\/htiscientific.vn\/#\/schema\/logo\/image\/"},"sameAs":["https:\/\/www.facebook.com\/htiscientific.vn"]}]}},"_links":{"self":[{"href":"https:\/\/htiscientific.vn\/en\/wp-json\/wp\/v2\/product\/2157","targetHints":{"allow":["GET"]}}],"collection":[{"href":"https:\/\/htiscientific.vn\/en\/wp-json\/wp\/v2\/product"}],"about":[{"href":"https:\/\/htiscientific.vn\/en\/wp-json\/wp\/v2\/types\/product"}],"wp:featuredmedia":[{"embeddable":true,"href":"https:\/\/htiscientific.vn\/en\/wp-json\/wp\/v2\/media\/2158"}],"wp:attachment":[{"href":"https:\/\/htiscientific.vn\/en\/wp-json\/wp\/v2\/media?parent=2157"}],"wp:term":[{"taxonomy":"product_brand","embeddable":true,"href":"https:\/\/htiscientific.vn\/en\/wp-json\/wp\/v2\/product_brand?post=2157"},{"taxonomy":"product_cat","embeddable":true,"href":"https:\/\/htiscientific.vn\/en\/wp-json\/wp\/v2\/product_cat?post=2157"},{"taxonomy":"product_tag","embeddable":true,"href":"https:\/\/htiscientific.vn\/en\/wp-json\/wp\/v2\/product_tag?post=2157"}],"curies":[{"name":"wp","href":"https:\/\/api.w.org\/{rel}","templated":true}]}}