{"id":1972,"date":"2025-07-10T11:06:07","date_gmt":"2025-07-10T04:06:07","guid":{"rendered":"https:\/\/htiscientific.vn\/?post_type=product&#038;p=1972"},"modified":"2025-07-10T11:06:07","modified_gmt":"2025-07-10T04:06:07","slug":"may-li-tam-2","status":"publish","type":"product","link":"https:\/\/htiscientific.vn\/en\/product\/may-li-tam-2\/","title":{"rendered":"Centrifuge"},"content":{"rendered":"<p><span style=\"color: #000000;\">D\u00f2ng s\u1ea3n ph\u1ea9m <a href=\"https:\/\/www.google.com\/url?q=https:\/\/labtechsrl.com\/en\/products\/centrifuges&amp;sa=D&amp;source=editors&amp;ust=1752123321799945&amp;usg=AOvVaw05bDObjhBBykEDCD5G6zlE\">Centrifuge<\/a> c\u1ee7a Labtech h\u1ea7u nh\u01b0 \u0111\u00e1p \u1ee9ng \u0111\u01b0\u1ee3c nhu c\u1ea7u c\u1ee7a b\u1ea5t k\u1ef3 ph\u00f2ng th\u00ed nghi\u1ec7m hi\u1ec7n \u0111\u1ea1i n\u00e0o v\u1edbi 16 m\u1eabu \u0111\u01b0\u1ee3c chia th\u00e0nh 4 nh\u00f3m bao g\u1ed3m c\u00e1c m\u1eabu t\u1ed1c \u0111\u1ed9 th\u1ea5p v\u00e0 cao, th\u00f4ng gi\u00f3 v\u00e0 l\u00e0m l\u1ea1nh, c\u00f4ng su\u1ea5t nh\u1ecf v\u00e0 l\u1edbn, m\u1eabu \u0111\u1ec3 b\u00e0n v\u00e0 m\u1eabu \u0111\u1ec3 s\u00e0n \u0111\u01b0\u1ee3c h\u1ed7 tr\u1ee3 b\u1edfi m\u1ed9t lo\u1ea1t c\u00e1c ph\u1ee5 ki\u1ec7n \u0111\u00e1ng kinh ng\u1ea1c mang l\u1ea1i s\u1ef1 linh ho\u1ea1t v\u00e0 \u0111a n\u0103ng.<\/span><\/p>\n<p><span style=\"color: #000000;\"><strong>Product Description<\/strong><\/span><\/p>\n<p><span style=\"color: #000000;\"><strong>TH\u00d4NG TIN S\u1ea2N PH\u1ea8M<\/strong><\/span><\/p>\n<ul>\n<li><span style=\"color: #000000;\">H\u00e3ng s\u1ea3n xu\u1ea5t: <a href=\"https:\/\/htiscientific.vn\/en\/hang-san-xuat\/labtech\/\">Labtech<\/a><\/span><\/li>\n<li><span style=\"color: #000000;\">Xu\u1ea5t x\u1ee9: H\u00e0n Qu\u1ed1c<\/span><\/li>\n<\/ul>\n<p><span style=\"color: #000000;\"><strong>Specifications<\/strong><\/span><\/p>\n<table width=\"100%\">\n<tbody>\n<tr>\n<td style=\"width: 212.156px;\" rowspan=\"7\"><span style=\"color: #000000;\"><strong>Specifications<\/strong><\/span><\/td>\n<td style=\"width: 212.156px;\" rowspan=\"2\"><span style=\"color: #000000;\"><strong>M\u00f4 t\u1ea3<\/strong><\/span><\/td>\n<td style=\"width: 212.156px;\"><span style=\"color: #000000;\"><strong>mini 6<\/strong><\/span><\/td>\n<td style=\"width: 212.156px;\"><span style=\"color: #000000;\"><strong>mini<\/strong><\/span><\/td>\n<td style=\"width: 212.156px;\"><span style=\"color: #000000;\"><strong>1524<\/strong><\/span><\/td>\n<td style=\"width: 212.219px;\"><span style=\"color: #000000;\"><strong>1536<\/strong><\/span><\/td>\n<\/tr>\n<tr>\n<td style=\"width: 212.156px;\"><span style=\"color: #000000;\">M\u00e1y li t\u00e2m mini 6 v\u1ecb tr\u00ed x 2 ml \u0111\u01a1n \u0111\u01b0\u1ee3c thi\u1ebft k\u1ebf \u0111\u1ec3 s\u1eed d\u1ee5ng c\u00e1 nh\u00e2n<\/span><\/td>\n<td style=\"width: 212.156px;\"><span style=\"color: #000000;\">M\u00e1y li t\u00e2m mini 12 v\u1ecb tr\u00ed x 2 ml \u0111\u01a1n \u0111\u01b0\u1ee3c thi\u1ebft k\u1ebf \u0111\u1ec3 li t\u00e2m nhanh, ho\u00e0n h\u1ea3o cho kh\u00f4ng gian l\u00e0m vi\u1ec7c gi\u1edbi h\u1ea1n<\/span><\/td>\n<td style=\"width: 212.156px;\"><span style=\"color: #000000;\">M\u00e1y li t\u00e2m micro chuy\u00ean d\u1ee5ng cho 24 v\u1ecb tr\u00ed x 2ml<\/span><\/td>\n<td style=\"width: 212.219px;\"><span style=\"color: #000000;\">M\u00e1y ly t\u00e2m nh\u1ecf g\u1ecdn 36 x 2 ml \u0111\u01b0\u1ee3c thi\u1ebft k\u1ebf cho c\u00e1c \u1ee9ng d\u1ee5ng sinh h\u1ecdc ph\u00e2n t\u1eed th\u01b0\u1eddng quy c\u00f3 c\u00f4ng su\u1ea5t cao<\/span><\/td>\n<\/tr>\n<tr>\n<td style=\"width: 212.156px;\"><span style=\"color: #000000;\">C\u00f4ng su\u1ea5t t\u1ed1i \u0111a<\/span><\/td>\n<td style=\"width: 212.156px;\"><span style=\"color: #000000;\">6 x 1.5\/2ml<\/span><\/td>\n<td style=\"width: 212.156px;\"><span style=\"color: #000000;\">12 x 1.5\/2ml<\/span><\/td>\n<td style=\"width: 212.156px;\"><span style=\"color: #000000;\">24 x 1.5\/2ml<\/span><\/td>\n<td style=\"width: 212.219px;\"><span style=\"color: #000000;\">36 x 1.5\/2ml<\/span><\/td>\n<\/tr>\n<tr>\n<td style=\"width: 212.156px;\"><span style=\"color: #000000;\">RPM t\u1ed1i \u0111a<\/span><\/td>\n<td style=\"width: 212.156px;\"><span style=\"color: #000000;\">6.500 rpm<\/span><\/td>\n<td style=\"width: 212.156px;\"><span style=\"color: #000000;\">13.500 rpm<\/span><\/td>\n<td style=\"width: 212.156px;\"><span style=\"color: #000000;\">15.000 rpm<\/span><\/td>\n<td style=\"width: 212.219px;\"><span style=\"color: #000000;\">15.000 rpm<\/span><\/td>\n<\/tr>\n<tr>\n<td style=\"width: 212.156px;\"><span style=\"color: #000000;\">RPM nh\u1ecf nh\u1ea5t c\u00f3 th\u1ec3 c\u00e0i \u0111\u1eb7t<\/span><\/td>\n<td style=\"width: 212.156px;\"><span style=\"color: #000000;\">&#8211;<\/span><\/td>\n<td style=\"width: 212.156px;\"><span style=\"color: #000000;\">1.200 rpm<\/span><\/td>\n<td style=\"width: 212.156px;\"><span style=\"color: #000000;\">500 rpm<\/span><\/td>\n<td style=\"width: 212.219px;\"><span style=\"color: #000000;\">500 rpm<\/span><\/td>\n<\/tr>\n<tr>\n<td style=\"width: 212.156px;\"><span style=\"color: #000000;\">Nhi\u1ec7t \u0111\u1ed9<\/span><\/td>\n<td style=\"width: 212.156px;\"><span style=\"color: #000000;\">&#8211;<\/span><\/td>\n<td style=\"width: 212.156px;\"><span style=\"color: #000000;\">&#8211;<\/span><\/td>\n<td style=\"width: 212.156px;\"><span style=\"color: #000000;\">&#8211;<\/span><\/td>\n<td style=\"width: 212.219px;\"><span style=\"color: #000000;\">&#8211;<\/span><\/td>\n<\/tr>\n<tr>\n<td style=\"width: 212.156px;\"><span style=\"color: #000000;\">\u0110\u1ed9 \u1ed3n<\/span><\/td>\n<td style=\"width: 212.156px;\"><span style=\"color: #000000;\">\u226456dB<\/span><\/td>\n<td style=\"width: 212.156px;\"><span style=\"color: #000000;\">\u226456dB<\/span><\/td>\n<td style=\"width: 212.156px;\"><span style=\"color: #000000;\">\u226460dB<\/span><\/td>\n<td style=\"width: 212.219px;\"><span style=\"color: #000000;\">\u226460dB<\/span><\/td>\n<\/tr>\n<tr>\n<td style=\"width: 212.156px;\">&nbsp;<\/td>\n<td style=\"width: 212.156px;\">&nbsp;<\/td>\n<td style=\"width: 212.156px;\">&nbsp;<\/td>\n<td style=\"width: 212.156px;\">&nbsp;<\/td>\n<td style=\"width: 212.156px;\">&nbsp;<\/td>\n<td style=\"width: 212.219px;\">&nbsp;<\/td>\n<\/tr>\n<tr>\n<td style=\"width: 212.156px;\" rowspan=\"7\"><span style=\"color: #000000;\"><strong>Specifications<\/strong><\/span><\/td>\n<td style=\"width: 212.156px;\" rowspan=\"2\"><span style=\"color: #000000;\"><strong>M\u00f4 t\u1ea3<\/strong><\/span><\/td>\n<td style=\"width: 212.156px;\"><span style=\"color: #000000;\"><strong>1730R<\/strong><\/span><\/td>\n<td style=\"width: 212.156px;\"><span style=\"color: #000000;\"><strong>1848R<\/strong><\/span><\/td>\n<td style=\"width: 212.156px;\"><span style=\"color: #000000;\"><strong>406<\/strong><\/span><\/td>\n<td style=\"width: 212.219px;\"><span style=\"color: #000000;\"><strong>416<\/strong><\/span><\/td>\n<\/tr>\n<tr>\n<td style=\"width: 212.156px;\"><span style=\"color: #000000;\">M\u00e1y ly t\u00e2m l\u1ea1nh 36 x 2 ml \u0111\u01b0\u1ee3c thi\u1ebft k\u1ebf cho c\u00e1c ho\u1ea1t \u0111\u1ed9ng li\u00ean ti\u1ebfp<\/span><\/td>\n<td style=\"width: 212.156px;\"><span style=\"color: #000000;\">M\u00e1y ly t\u00e2m l\u1ea1nh 48 x 2 ml v\u1edbi c\u00f4ng su\u1ea5t m\u1edf r\u1ed9ng l\u00ean t\u1edbi \u1ed5ng falcon \u0111\u00e1y nh\u1ecdn 50ml<\/span><\/td>\n<td style=\"width: 212.156px;\"><span style=\"color: #000000;\">M\u00e1y li t\u00e2m y t\u1ebf c\u01a1 b\u1ea3n cho t\u00e1ch 6 ho\u1eb7c 12 \u1ed1ng m\u00e1u<\/span><\/td>\n<td style=\"width: 212.219px;\"><span style=\"color: #000000;\">M\u00e1y li t\u00e2m t\u1ed1c \u0111\u1ed9 th\u1ea5p nh\u1ecf g\u1ecdn th\u00f4ng l\u01b0\u1ee3ng cao trong y t\u1ebf v\u00e0 t\u1ee7a t\u1ebf b\u00e0o<\/span><\/td>\n<\/tr>\n<tr>\n<td style=\"width: 212.156px;\"><span style=\"color: #000000;\">C\u00f4ng su\u1ea5t t\u1ed1i \u0111a<\/span><\/td>\n<td style=\"width: 212.156px;\"><span style=\"color: #000000;\">36 x 1.5\/2ml<\/span><\/td>\n<td style=\"width: 212.156px;\"><span style=\"color: #000000;\">48 x 1.5\/2 ml, 8x 50 ml, 4 x MTP<\/span><\/td>\n<td style=\"width: 212.156px;\"><span style=\"color: #000000;\">12 x \u1ed1ng ch\u00e2n kh\u00f4ng<\/span><\/td>\n<td style=\"width: 212.219px;\"><span style=\"color: #000000;\">32 x \u1ed1ng ch\u00e2n kh\u00f4ng<\/span><\/td>\n<\/tr>\n<tr>\n<td style=\"width: 212.156px;\"><span style=\"color: #000000;\">RPM t\u1ed1i \u0111a<\/span><\/td>\n<td style=\"width: 212.156px;\"><span style=\"color: #000000;\">17.000 rpm<\/span><\/td>\n<td style=\"width: 212.156px;\"><span style=\"color: #000000;\">18.000 rpm<\/span><\/td>\n<td style=\"width: 212.156px;\"><span style=\"color: #000000;\">4.000 rpm<\/span><\/td>\n<td style=\"width: 212.219px;\"><span style=\"color: #000000;\">4.000 rpm<\/span><\/td>\n<\/tr>\n<tr>\n<td style=\"width: 212.156px;\"><span style=\"color: #000000;\">RPM nh\u1ecf nh\u1ea5t c\u00f3 th\u1ec3 c\u00e0i \u0111\u1eb7t<\/span><\/td>\n<td style=\"width: 212.156px;\"><span style=\"color: #000000;\">500 rpm<\/span><\/td>\n<td style=\"width: 212.156px;\"><span style=\"color: #000000;\">300 rpm<\/span><\/td>\n<td style=\"width: 212.156px;\"><span style=\"color: #000000;\">500 rpm<\/span><\/td>\n<td style=\"width: 212.219px;\"><span style=\"color: #000000;\">500 rpm<\/span><\/td>\n<\/tr>\n<tr>\n<td style=\"width: 212.156px;\"><span style=\"color: #000000;\">Nhi\u1ec7t \u0111\u1ed9<\/span><\/td>\n<td style=\"width: 212.156px;\"><span style=\"color: #000000;\">-20\u00b0C &#8211; 40\u00b0C<\/span><\/td>\n<td style=\"width: 212.156px;\"><span style=\"color: #000000;\">-12\u00b0C &#8211; 40\u00b0C<\/span><\/td>\n<td style=\"width: 212.156px;\"><span style=\"color: #000000;\">&#8211;<\/span><\/td>\n<td style=\"width: 212.219px;\"><span style=\"color: #000000;\">&#8211;<\/span><\/td>\n<\/tr>\n<tr>\n<td style=\"width: 212.156px;\"><span style=\"color: #000000;\">\u0110\u1ed9 \u1ed3n<\/span><\/td>\n<td style=\"width: 212.156px;\"><span style=\"color: #000000;\">\u226456dB<\/span><\/td>\n<td style=\"width: 212.156px;\"><span style=\"color: #000000;\">\u226460dB<\/span><\/td>\n<td style=\"width: 212.156px;\"><span style=\"color: #000000;\">\u226452dB<\/span><\/td>\n<td style=\"width: 212.219px;\"><span style=\"color: #000000;\">\u226452dB<\/span><\/td>\n<\/tr>\n<tr>\n<td style=\"width: 212.156px;\">&nbsp;<\/td>\n<td style=\"width: 212.156px;\">&nbsp;<\/td>\n<td style=\"width: 212.156px;\">&nbsp;<\/td>\n<td style=\"width: 212.156px;\">&nbsp;<\/td>\n<td style=\"width: 212.156px;\">&nbsp;<\/td>\n<td style=\"width: 212.219px;\">&nbsp;<\/td>\n<\/tr>\n<tr>\n<td style=\"width: 212.156px;\" rowspan=\"7\"><span style=\"color: #000000;\"><strong>Specifications<\/strong><\/span><\/td>\n<td style=\"width: 212.156px;\" rowspan=\"2\"><span style=\"color: #000000;\"><strong>M\u00f4 t\u1ea3<\/strong><\/span><\/td>\n<td style=\"width: 212.156px;\"><span style=\"color: #000000;\"><strong>1248<\/strong><\/span><\/td>\n<td style=\"width: 212.156px;\"><span style=\"color: #000000;\"><strong>1248R<\/strong><\/span><\/td>\n<td style=\"width: 212.156px;\"><span style=\"color: #000000;\"><strong>1236R<\/strong><\/span><\/td>\n<td style=\"width: 212.219px;\"><span style=\"color: #000000;\"><strong>1580<\/strong><\/span><\/td>\n<\/tr>\n<tr>\n<td style=\"width: 648.469px;\" colspan=\"3\"><span style=\"color: #000000;\">M\u00e1y li t\u00e2m \u0111a ch\u1ee9c n\u0103ng th\u00f4ng l\u01b0\u1ee3ng th\u1ea5p, t\u1ed1c \u0111\u1ed9 cao<\/span><\/td>\n<td style=\"width: 212.219px;\"><span style=\"color: #000000;\">M\u00e1y li t\u00e2m \u0111a ch\u1ee9c n\u0103ng, th\u00f4ng l\u01b0\u1ee3ng trung b\u00ecnh, t\u1ed1c \u0111\u1ed9 cao<\/span><\/td>\n<\/tr>\n<tr>\n<td style=\"width: 212.156px;\"><span style=\"color: #000000;\">C\u00f4ng su\u1ea5t t\u1ed1i \u0111a<\/span><\/td>\n<td style=\"width: 212.156px;\"><span style=\"color: #000000;\">4 x 250ml<\/span><\/td>\n<td style=\"width: 212.156px;\"><span style=\"color: #000000;\">4 x 250ml<\/span><\/td>\n<td style=\"width: 212.156px;\"><span style=\"color: #000000;\">4 x 250ml<\/span><\/td>\n<td style=\"width: 212.219px;\"><span style=\"color: #000000;\">4 x 750ml<\/span><\/td>\n<\/tr>\n<tr>\n<td style=\"width: 212.156px;\"><span style=\"color: #000000;\">RPM t\u1ed1i \u0111a<\/span><\/td>\n<td style=\"width: 212.156px;\"><span style=\"color: #000000;\">12.000 rpm<\/span><\/td>\n<td style=\"width: 212.156px;\"><span style=\"color: #000000;\">12.000 rpm<\/span><\/td>\n<td style=\"width: 212.156px;\"><span style=\"color: #000000;\">12.000 rpm<\/span><\/td>\n<td style=\"width: 212.219px;\"><span style=\"color: #000000;\">15.000 rpm<\/span><\/td>\n<\/tr>\n<tr>\n<td style=\"width: 212.156px;\"><span style=\"color: #000000;\">RPM nh\u1ecf nh\u1ea5t c\u00f3 th\u1ec3 c\u00e0i \u0111\u1eb7t<\/span><\/td>\n<td style=\"width: 212.156px;\"><span style=\"color: #000000;\">500 rpm<\/span><\/td>\n<td style=\"width: 212.156px;\"><span style=\"color: #000000;\">500 rpm<\/span><\/td>\n<td style=\"width: 212.156px;\"><span style=\"color: #000000;\">500 rpm<\/span><\/td>\n<td style=\"width: 212.219px;\"><span style=\"color: #000000;\">500 rpm<\/span><\/td>\n<\/tr>\n<tr>\n<td style=\"width: 212.156px;\"><span style=\"color: #000000;\">Nhi\u1ec7t \u0111\u1ed9<\/span><\/td>\n<td style=\"width: 212.156px;\"><span style=\"color: #000000;\">&#8211;<\/span><\/td>\n<td style=\"width: 212.156px;\"><span style=\"color: #000000;\">-20\u00b0C &#8211; 40\u00b0C<\/span><\/td>\n<td style=\"width: 212.156px;\"><span style=\"color: #000000;\">-20\u00b0C &#8211; 40\u00b0C<\/span><\/td>\n<td style=\"width: 212.219px;\"><span style=\"color: #000000;\">&#8211;<\/span><\/td>\n<\/tr>\n<tr>\n<td style=\"width: 212.156px;\"><span style=\"color: #000000;\">\u0110\u1ed9 \u1ed3n<\/span><\/td>\n<td style=\"width: 212.156px;\"><span style=\"color: #000000;\">\u226460dB<\/span><\/td>\n<td style=\"width: 212.156px;\"><span style=\"color: #000000;\">\u226460dB<\/span><\/td>\n<td style=\"width: 212.156px;\"><span style=\"color: #000000;\">\u226460dB<\/span><\/td>\n<td style=\"width: 212.219px;\"><span style=\"color: #000000;\">\u226460dB<\/span><\/td>\n<\/tr>\n<\/tbody>\n<\/table>","protected":false},"excerpt":{"rendered":"<p><span style=\"color: #000000;\">D\u00f2ng s\u1ea3n ph\u1ea9m M\u00e1y li t\u00e2m c\u1ee7a Labtech h\u1ea7u nh\u01b0 \u0111\u00e1p \u1ee9ng \u0111\u01b0\u1ee3c nhu c\u1ea7u c\u1ee7a b\u1ea5t k\u1ef3 ph\u00f2ng th\u00ed nghi\u1ec7m hi\u1ec7n \u0111\u1ea1i n\u00e0o v\u1edbi 16 m\u1eabu \u0111\u01b0\u1ee3c chia th\u00e0nh 4 nh\u00f3m bao g\u1ed3m c\u00e1c m\u1eabu t\u1ed1c \u0111\u1ed9 th\u1ea5p v\u00e0 cao, th\u00f4ng gi\u00f3 v\u00e0 l\u00e0m l\u1ea1nh, c\u00f4ng su\u1ea5t nh\u1ecf v\u00e0 l\u1edbn, m\u1eabu \u0111\u1ec3 b\u00e0n v\u00e0 m\u1eabu \u0111\u1ec3 s\u00e0n \u0111\u01b0\u1ee3c h\u1ed7 tr\u1ee3 b\u1edfi m\u1ed9t lo\u1ea1t c\u00e1c ph\u1ee5 ki\u1ec7n \u0111\u00e1ng kinh ng\u1ea1c mang l\u1ea1i s\u1ef1 linh ho\u1ea1t v\u00e0 \u0111a n\u0103ng.<\/span><\/p>","protected":false},"featured_media":1973,"template":"","meta":{"inline_featured_image":false},"product_brand":[54],"product_cat":[77,81],"product_tag":[],"class_list":{"0":"post-1972","1":"product","2":"type-product","3":"status-publish","4":"has-post-thumbnail","6":"product_brand-labtech","7":"product_cat-cong-nghe-sinh-hoc-y-duoc","8":"product_cat-may-li-tam","10":"first","11":"instock","12":"shipping-taxable","13":"product-type-simple"},"yoast_head":"<!-- This site is optimized with the Yoast SEO plugin v24.7 - https:\/\/yoast.com\/wordpress\/plugins\/seo\/ -->\n<title>M\u00e1y li t\u00e2m - HTI Scientific<\/title>\n<meta name=\"robots\" content=\"index, follow, max-snippet:-1, max-image-preview:large, max-video-preview:-1\" \/>\n<link rel=\"canonical\" href=\"https:\/\/htiscientific.vn\/en\/product\/may-li-tam-2\/\" \/>\n<meta property=\"og:locale\" content=\"en_US\" \/>\n<meta property=\"og:type\" content=\"article\" \/>\n<meta property=\"og:title\" content=\"M\u00e1y li t\u00e2m - HTI Scientific\" \/>\n<meta property=\"og:description\" content=\"D\u00f2ng s\u1ea3n ph\u1ea9m M\u00e1y li t\u00e2m c\u1ee7a Labtech h\u1ea7u nh\u01b0 \u0111\u00e1p \u1ee9ng \u0111\u01b0\u1ee3c nhu c\u1ea7u c\u1ee7a b\u1ea5t k\u1ef3 ph\u00f2ng th\u00ed nghi\u1ec7m hi\u1ec7n \u0111\u1ea1i n\u00e0o v\u1edbi 16 m\u1eabu \u0111\u01b0\u1ee3c chia th\u00e0nh 4 nh\u00f3m bao g\u1ed3m c\u00e1c m\u1eabu t\u1ed1c \u0111\u1ed9 th\u1ea5p v\u00e0 cao, th\u00f4ng gi\u00f3 v\u00e0 l\u00e0m l\u1ea1nh, c\u00f4ng su\u1ea5t nh\u1ecf v\u00e0 l\u1edbn, m\u1eabu \u0111\u1ec3 b\u00e0n v\u00e0 m\u1eabu \u0111\u1ec3 s\u00e0n \u0111\u01b0\u1ee3c h\u1ed7 tr\u1ee3 b\u1edfi m\u1ed9t lo\u1ea1t c\u00e1c ph\u1ee5 ki\u1ec7n \u0111\u00e1ng kinh ng\u1ea1c mang l\u1ea1i s\u1ef1 linh ho\u1ea1t v\u00e0 \u0111a n\u0103ng.\" \/>\n<meta property=\"og:url\" content=\"https:\/\/htiscientific.vn\/en\/product\/may-li-tam-2\/\" \/>\n<meta property=\"og:site_name\" content=\"HTI Scientific\" \/>\n<meta property=\"article:publisher\" content=\"https:\/\/www.facebook.com\/htiscientific.vn\" \/>\n<meta property=\"og:image\" content=\"https:\/\/htiscientific.vn\/wp-content\/uploads\/2025\/07\/may-li-tam.jpg\" \/>\n\t<meta property=\"og:image:width\" content=\"1000\" \/>\n\t<meta property=\"og:image:height\" content=\"1000\" \/>\n\t<meta property=\"og:image:type\" content=\"image\/jpeg\" \/>\n<meta name=\"twitter:card\" content=\"summary_large_image\" \/>\n<meta name=\"twitter:label1\" content=\"Est. reading time\" \/>\n\t<meta name=\"twitter:data1\" content=\"3 minutes\" \/>\n<script type=\"application\/ld+json\" class=\"yoast-schema-graph\">{\"@context\":\"https:\/\/schema.org\",\"@graph\":[{\"@type\":\"WebPage\",\"@id\":\"https:\/\/htiscientific.vn\/san-pham\/may-li-tam-2\/\",\"url\":\"https:\/\/htiscientific.vn\/san-pham\/may-li-tam-2\/\",\"name\":\"M\u00e1y li t\u00e2m - HTI Scientific\",\"isPartOf\":{\"@id\":\"https:\/\/htiscientific.vn\/#website\"},\"primaryImageOfPage\":{\"@id\":\"https:\/\/htiscientific.vn\/san-pham\/may-li-tam-2\/#primaryimage\"},\"image\":{\"@id\":\"https:\/\/htiscientific.vn\/san-pham\/may-li-tam-2\/#primaryimage\"},\"thumbnailUrl\":\"https:\/\/htiscientific.vn\/wp-content\/uploads\/2025\/07\/may-li-tam.jpg\",\"datePublished\":\"2025-07-10T04:06:07+00:00\",\"breadcrumb\":{\"@id\":\"https:\/\/htiscientific.vn\/san-pham\/may-li-tam-2\/#breadcrumb\"},\"inLanguage\":\"en-US\",\"potentialAction\":[{\"@type\":\"ReadAction\",\"target\":[\"https:\/\/htiscientific.vn\/san-pham\/may-li-tam-2\/\"]}]},{\"@type\":\"ImageObject\",\"inLanguage\":\"en-US\",\"@id\":\"https:\/\/htiscientific.vn\/san-pham\/may-li-tam-2\/#primaryimage\",\"url\":\"https:\/\/htiscientific.vn\/wp-content\/uploads\/2025\/07\/may-li-tam.jpg\",\"contentUrl\":\"https:\/\/htiscientific.vn\/wp-content\/uploads\/2025\/07\/may-li-tam.jpg\",\"width\":1000,\"height\":1000,\"caption\":\"May-li-tam\"},{\"@type\":\"BreadcrumbList\",\"@id\":\"https:\/\/htiscientific.vn\/san-pham\/may-li-tam-2\/#breadcrumb\",\"itemListElement\":[{\"@type\":\"ListItem\",\"position\":1,\"name\":\"Trang ch\u1ee7\",\"item\":\"https:\/\/htiscientific.vn\/\"},{\"@type\":\"ListItem\",\"position\":2,\"name\":\"C\u1eeda h\u00e0ng\",\"item\":\"https:\/\/htiscientific.vn\/cua-hang\/\"},{\"@type\":\"ListItem\",\"position\":3,\"name\":\"C\u00f4ng ngh\u1ec7 sinh h\u1ecdc \/ Y d\u01b0\u1ee3c\",\"item\":\"https:\/\/htiscientific.vn\/danh-muc-san-pham\/cong-nghe-sinh-hoc-y-duoc\/\"},{\"@type\":\"ListItem\",\"position\":4,\"name\":\"M\u00e1y li t\u00e2m\",\"item\":\"https:\/\/htiscientific.vn\/danh-muc-san-pham\/cong-nghe-sinh-hoc-y-duoc\/may-li-tam\/\"},{\"@type\":\"ListItem\",\"position\":5,\"name\":\"M\u00e1y li t\u00e2m\"}]},{\"@type\":\"WebSite\",\"@id\":\"https:\/\/htiscientific.vn\/#website\",\"url\":\"https:\/\/htiscientific.vn\/\",\"name\":\"HTI Scientific\",\"description\":\"HTI Scientific\",\"publisher\":{\"@id\":\"https:\/\/htiscientific.vn\/#organization\"},\"potentialAction\":[{\"@type\":\"SearchAction\",\"target\":{\"@type\":\"EntryPoint\",\"urlTemplate\":\"https:\/\/htiscientific.vn\/?s={search_term_string}\"},\"query-input\":{\"@type\":\"PropertyValueSpecification\",\"valueRequired\":true,\"valueName\":\"search_term_string\"}}],\"inLanguage\":\"en-US\"},{\"@type\":\"Organization\",\"@id\":\"https:\/\/htiscientific.vn\/#organization\",\"name\":\"HTI Scientific\",\"alternateName\":\"HTI Scientific\",\"url\":\"https:\/\/htiscientific.vn\/\",\"logo\":{\"@type\":\"ImageObject\",\"inLanguage\":\"en-US\",\"@id\":\"https:\/\/htiscientific.vn\/#\/schema\/logo\/image\/\",\"url\":\"https:\/\/htiscientific.vn\/wp-content\/uploads\/2025\/03\/ava-hti-copy.jpg\",\"contentUrl\":\"https:\/\/htiscientific.vn\/wp-content\/uploads\/2025\/03\/ava-hti-copy.jpg\",\"width\":700,\"height\":450,\"caption\":\"HTI Scientific\"},\"image\":{\"@id\":\"https:\/\/htiscientific.vn\/#\/schema\/logo\/image\/\"},\"sameAs\":[\"https:\/\/www.facebook.com\/htiscientific.vn\"]}]}<\/script>\n<!-- \/ Yoast SEO plugin. -->","yoast_head_json":{"title":"M\u00e1y li t\u00e2m - HTI Scientific","robots":{"index":"index","follow":"follow","max-snippet":"max-snippet:-1","max-image-preview":"max-image-preview:large","max-video-preview":"max-video-preview:-1"},"canonical":"https:\/\/htiscientific.vn\/en\/product\/may-li-tam-2\/","og_locale":"en_US","og_type":"article","og_title":"M\u00e1y li t\u00e2m - HTI Scientific","og_description":"D\u00f2ng s\u1ea3n ph\u1ea9m M\u00e1y li t\u00e2m c\u1ee7a Labtech h\u1ea7u nh\u01b0 \u0111\u00e1p \u1ee9ng \u0111\u01b0\u1ee3c nhu c\u1ea7u c\u1ee7a b\u1ea5t k\u1ef3 ph\u00f2ng th\u00ed nghi\u1ec7m hi\u1ec7n \u0111\u1ea1i n\u00e0o v\u1edbi 16 m\u1eabu \u0111\u01b0\u1ee3c chia th\u00e0nh 4 nh\u00f3m bao g\u1ed3m c\u00e1c m\u1eabu t\u1ed1c \u0111\u1ed9 th\u1ea5p v\u00e0 cao, th\u00f4ng gi\u00f3 v\u00e0 l\u00e0m l\u1ea1nh, c\u00f4ng su\u1ea5t nh\u1ecf v\u00e0 l\u1edbn, m\u1eabu \u0111\u1ec3 b\u00e0n v\u00e0 m\u1eabu \u0111\u1ec3 s\u00e0n \u0111\u01b0\u1ee3c h\u1ed7 tr\u1ee3 b\u1edfi m\u1ed9t lo\u1ea1t c\u00e1c ph\u1ee5 ki\u1ec7n \u0111\u00e1ng kinh ng\u1ea1c mang l\u1ea1i s\u1ef1 linh ho\u1ea1t v\u00e0 \u0111a n\u0103ng.","og_url":"https:\/\/htiscientific.vn\/en\/product\/may-li-tam-2\/","og_site_name":"HTI Scientific","article_publisher":"https:\/\/www.facebook.com\/htiscientific.vn","og_image":[{"width":1000,"height":1000,"url":"https:\/\/htiscientific.vn\/wp-content\/uploads\/2025\/07\/may-li-tam.jpg","type":"image\/jpeg"}],"twitter_card":"summary_large_image","twitter_misc":{"Est. reading time":"3 minutes"},"schema":{"@context":"https:\/\/schema.org","@graph":[{"@type":"WebPage","@id":"https:\/\/htiscientific.vn\/san-pham\/may-li-tam-2\/","url":"https:\/\/htiscientific.vn\/san-pham\/may-li-tam-2\/","name":"M\u00e1y li t\u00e2m - HTI Scientific","isPartOf":{"@id":"https:\/\/htiscientific.vn\/#website"},"primaryImageOfPage":{"@id":"https:\/\/htiscientific.vn\/san-pham\/may-li-tam-2\/#primaryimage"},"image":{"@id":"https:\/\/htiscientific.vn\/san-pham\/may-li-tam-2\/#primaryimage"},"thumbnailUrl":"https:\/\/htiscientific.vn\/wp-content\/uploads\/2025\/07\/may-li-tam.jpg","datePublished":"2025-07-10T04:06:07+00:00","breadcrumb":{"@id":"https:\/\/htiscientific.vn\/san-pham\/may-li-tam-2\/#breadcrumb"},"inLanguage":"en-US","potentialAction":[{"@type":"ReadAction","target":["https:\/\/htiscientific.vn\/san-pham\/may-li-tam-2\/"]}]},{"@type":"ImageObject","inLanguage":"en-US","@id":"https:\/\/htiscientific.vn\/san-pham\/may-li-tam-2\/#primaryimage","url":"https:\/\/htiscientific.vn\/wp-content\/uploads\/2025\/07\/may-li-tam.jpg","contentUrl":"https:\/\/htiscientific.vn\/wp-content\/uploads\/2025\/07\/may-li-tam.jpg","width":1000,"height":1000,"caption":"May-li-tam"},{"@type":"BreadcrumbList","@id":"https:\/\/htiscientific.vn\/san-pham\/may-li-tam-2\/#breadcrumb","itemListElement":[{"@type":"ListItem","position":1,"name":"Trang ch\u1ee7","item":"https:\/\/htiscientific.vn\/"},{"@type":"ListItem","position":2,"name":"C\u1eeda h\u00e0ng","item":"https:\/\/htiscientific.vn\/cua-hang\/"},{"@type":"ListItem","position":3,"name":"C\u00f4ng ngh\u1ec7 sinh h\u1ecdc \/ Y d\u01b0\u1ee3c","item":"https:\/\/htiscientific.vn\/danh-muc-san-pham\/cong-nghe-sinh-hoc-y-duoc\/"},{"@type":"ListItem","position":4,"name":"M\u00e1y li t\u00e2m","item":"https:\/\/htiscientific.vn\/danh-muc-san-pham\/cong-nghe-sinh-hoc-y-duoc\/may-li-tam\/"},{"@type":"ListItem","position":5,"name":"M\u00e1y li t\u00e2m"}]},{"@type":"WebSite","@id":"https:\/\/htiscientific.vn\/#website","url":"https:\/\/htiscientific.vn\/","name":"HTI Scientific","description":"HTI Scientific","publisher":{"@id":"https:\/\/htiscientific.vn\/#organization"},"potentialAction":[{"@type":"SearchAction","target":{"@type":"EntryPoint","urlTemplate":"https:\/\/htiscientific.vn\/?s={search_term_string}"},"query-input":{"@type":"PropertyValueSpecification","valueRequired":true,"valueName":"search_term_string"}}],"inLanguage":"en-US"},{"@type":"Organization","@id":"https:\/\/htiscientific.vn\/#organization","name":"HTI Scientific","alternateName":"HTI Scientific","url":"https:\/\/htiscientific.vn\/","logo":{"@type":"ImageObject","inLanguage":"en-US","@id":"https:\/\/htiscientific.vn\/#\/schema\/logo\/image\/","url":"https:\/\/htiscientific.vn\/wp-content\/uploads\/2025\/03\/ava-hti-copy.jpg","contentUrl":"https:\/\/htiscientific.vn\/wp-content\/uploads\/2025\/03\/ava-hti-copy.jpg","width":700,"height":450,"caption":"HTI Scientific"},"image":{"@id":"https:\/\/htiscientific.vn\/#\/schema\/logo\/image\/"},"sameAs":["https:\/\/www.facebook.com\/htiscientific.vn"]}]}},"_links":{"self":[{"href":"https:\/\/htiscientific.vn\/en\/wp-json\/wp\/v2\/product\/1972","targetHints":{"allow":["GET"]}}],"collection":[{"href":"https:\/\/htiscientific.vn\/en\/wp-json\/wp\/v2\/product"}],"about":[{"href":"https:\/\/htiscientific.vn\/en\/wp-json\/wp\/v2\/types\/product"}],"wp:featuredmedia":[{"embeddable":true,"href":"https:\/\/htiscientific.vn\/en\/wp-json\/wp\/v2\/media\/1973"}],"wp:attachment":[{"href":"https:\/\/htiscientific.vn\/en\/wp-json\/wp\/v2\/media?parent=1972"}],"wp:term":[{"taxonomy":"product_brand","embeddable":true,"href":"https:\/\/htiscientific.vn\/en\/wp-json\/wp\/v2\/product_brand?post=1972"},{"taxonomy":"product_cat","embeddable":true,"href":"https:\/\/htiscientific.vn\/en\/wp-json\/wp\/v2\/product_cat?post=1972"},{"taxonomy":"product_tag","embeddable":true,"href":"https:\/\/htiscientific.vn\/en\/wp-json\/wp\/v2\/product_tag?post=1972"}],"curies":[{"name":"wp","href":"https:\/\/api.w.org\/{rel}","templated":true}]}}