{"id":1968,"date":"2025-07-10T10:49:21","date_gmt":"2025-07-10T03:49:21","guid":{"rendered":"https:\/\/htiscientific.vn\/?post_type=product&#038;p=1968"},"modified":"2025-07-10T10:49:21","modified_gmt":"2025-07-10T03:49:21","slug":"tu-tru-block-khoi-nen-b103","status":"publish","type":"product","link":"https:\/\/htiscientific.vn\/en\/product\/tu-tru-block-khoi-nen-b103\/","title":{"rendered":"T\u1ee7 tr\u1eeb block kh\u1ed1i n\u1ebfn B103"},"content":{"rendered":"<p><span style=\"color: #000000;\">T\u1ee7 l\u01b0u tr\u1eef kh\u1ed1i paraffin B103 l\u00e0 thi\u1ebft b\u1ecb kh\u00f4ng th\u1ec3 thi\u1ebfu trong c\u00e1c ph\u00f2ng th\u00ed nghi\u1ec7m. \u0110\u01b0\u1ee3c thi\u1ebft k\u1ebf chuy\u00ean d\u1ee5ng \u0111\u1ec3 b\u1ea3o qu\u1ea3n c\u00f3 t\u1ed5 ch\u1ee9c v\u00e0 an to\u00e0n c\u00e1c m\u1eabu m\u00f4 \u0111\u00fac trong paraffin, t\u1ee7 gi\u00fap b\u1ea3o v\u1ec7 m\u1eabu qu\u00fd gi\u00e1, \u0111\u1ed3ng th\u1eddi t\u1ed1i \u01b0u kh\u1ea3 n\u0103ng truy xu\u1ea5t, h\u1ed7 tr\u1ee3 quy tr\u00ecnh l\u00e0m vi\u1ec7c nhanh ch\u00f3ng v\u00e0 hi\u1ec7u qu\u1ea3 trong l\u0129nh v\u1ef1c m\u00f4 b\u1ec7nh h\u1ecdc v\u00e0 nghi\u00ean c\u1ee9u.<\/span><\/p>\n<p><span style=\"color: #000000;\">TH\u00d4NG TIN S\u1ea2N PH\u1ea8M<\/span><\/p>\n<ul>\n<li><span style=\"color: #000000;\">Model: <a href=\"https:\/\/www.amos-scientific.com\/products\/b103-paraffin-block-storage-cabinet.html\">B103<\/a><\/span><\/li>\n<li><span style=\"color: #000000;\">H\u00e3ng s\u1ea3n xu\u1ea5t: <a href=\"https:\/\/htiscientific.vn\/en\/hang-san-xuat\/amos-scientific\/\">Amos Scientific PTY.LTD<\/a><\/span><\/li>\n<li><span style=\"color: #000000;\">Xu\u1ea5t x\u1ee9: \u00dac<\/span><\/li>\n<\/ul>\n<p><span style=\"color: #000000;\">Specifications<\/span><\/p>\n<ul>\n<li><span style=\"color: #000000;\">V\u1eadt li\u1ec7u v\u1ecf ngo\u00e0i, ng\u0103n k\u00e9o, \u0111\u1ebf t\u1ee7 b\u1eb1ng th\u00e9p 0,8mm<\/span><\/li>\n<li><span style=\"color: #000000;\">Gi\u00e1 \u0111\u1ee1 ng\u0103n k\u00e9p b\u1eb1ng ABS 5mm<\/span><\/li>\n<li><span style=\"color: #000000;\">S\u1ee9c ch\u1ee9a ti\u00eau chu\u1ea9n: 15.000<\/span><\/li>\n<\/ul>\n<p><span style=\"color: #000000;\">K\u00edch th\u01b0\u1edbc t\u1ed5ng th\u1ec3 (cao x r\u1ed9ng x d\u00e0i): 1295 x 450 x 478 mm<\/span><\/p>","protected":false},"excerpt":{"rendered":"<p><span style=\"color: #000000;\">T\u1ee7 l\u01b0u tr\u1eef kh\u1ed1i paraffin B103 l\u00e0 thi\u1ebft b\u1ecb kh\u00f4ng th\u1ec3 thi\u1ebfu trong c\u00e1c ph\u00f2ng th\u00ed nghi\u1ec7m. \u0110\u01b0\u1ee3c thi\u1ebft k\u1ebf chuy\u00ean d\u1ee5ng \u0111\u1ec3 b\u1ea3o qu\u1ea3n c\u00f3 t\u1ed5 ch\u1ee9c v\u00e0 an to\u00e0n c\u00e1c m\u1eabu m\u00f4 \u0111\u00fac trong paraffin, t\u1ee7 gi\u00fap b\u1ea3o v\u1ec7 m\u1eabu qu\u00fd gi\u00e1, \u0111\u1ed3ng th\u1eddi t\u1ed1i \u01b0u kh\u1ea3 n\u0103ng truy xu\u1ea5t, h\u1ed7 tr\u1ee3 quy tr\u00ecnh l\u00e0m vi\u1ec7c nhanh ch\u00f3ng v\u00e0 hi\u1ec7u qu\u1ea3 trong l\u0129nh v\u1ef1c m\u00f4 b\u1ec7nh h\u1ecdc v\u00e0 nghi\u00ean c\u1ee9u.<\/span><\/p>","protected":false},"featured_media":1969,"template":"","meta":{"inline_featured_image":false},"product_brand":[46],"product_cat":[72,75],"product_tag":[],"class_list":{"0":"post-1968","1":"product","2":"type-product","3":"status-publish","4":"has-post-thumbnail","6":"product_brand-amos-scientific","7":"product_cat-giai-phau-benh-phap-y","8":"product_cat-may-say-va-luu-tru-lam-kinh","10":"first","11":"instock","12":"shipping-taxable","13":"product-type-simple"},"yoast_head":"<!-- This site is optimized with the Yoast SEO plugin v24.7 - https:\/\/yoast.com\/wordpress\/plugins\/seo\/ -->\n<title>T\u1ee7 tr\u1eeb block kh\u1ed1i n\u1ebfn B103 - HTI Scientific<\/title>\n<meta name=\"description\" content=\"T\u1ee7 l\u01b0u tr\u1eef kh\u1ed1i paraffin B103 b\u1ea3o qu\u1ea3n c\u00f3 t\u1ed5 ch\u1ee9c v\u00e0 an to\u00e0n c\u00e1c m\u1eabu m\u00f4 \u0111\u00fac trong paraffin, t\u1ed1i \u01b0u kh\u1ea3 n\u0103ng truy xu\u1ea5t, h\u1ed7 tr\u1ee3 quy tr\u00ecnh l\u00e0m vi\u1ec7c nhanh ch\u00f3ng\" \/>\n<meta name=\"robots\" content=\"index, follow, max-snippet:-1, max-image-preview:large, max-video-preview:-1\" \/>\n<link rel=\"canonical\" href=\"https:\/\/htiscientific.vn\/en\/product\/tu-tru-block-khoi-nen-b103\/\" \/>\n<meta property=\"og:locale\" content=\"en_US\" \/>\n<meta property=\"og:type\" content=\"article\" \/>\n<meta property=\"og:title\" content=\"T\u1ee7 tr\u1eeb block kh\u1ed1i n\u1ebfn B103 - HTI Scientific\" \/>\n<meta property=\"og:description\" content=\"T\u1ee7 l\u01b0u tr\u1eef kh\u1ed1i paraffin B103 b\u1ea3o qu\u1ea3n c\u00f3 t\u1ed5 ch\u1ee9c v\u00e0 an to\u00e0n c\u00e1c m\u1eabu m\u00f4 \u0111\u00fac trong paraffin, t\u1ed1i \u01b0u kh\u1ea3 n\u0103ng truy xu\u1ea5t, h\u1ed7 tr\u1ee3 quy tr\u00ecnh l\u00e0m vi\u1ec7c nhanh ch\u00f3ng\" \/>\n<meta property=\"og:url\" content=\"https:\/\/htiscientific.vn\/en\/product\/tu-tru-block-khoi-nen-b103\/\" \/>\n<meta property=\"og:site_name\" content=\"HTI Scientific\" \/>\n<meta property=\"article:publisher\" content=\"https:\/\/www.facebook.com\/htiscientific.vn\" \/>\n<meta property=\"og:image\" content=\"https:\/\/htiscientific.vn\/wp-content\/uploads\/2025\/07\/88.jpg\" \/>\n\t<meta property=\"og:image:width\" content=\"1000\" \/>\n\t<meta property=\"og:image:height\" content=\"1000\" \/>\n\t<meta property=\"og:image:type\" content=\"image\/jpeg\" \/>\n<meta name=\"twitter:card\" content=\"summary_large_image\" \/>\n<meta name=\"twitter:label1\" content=\"Est. reading time\" \/>\n\t<meta name=\"twitter:data1\" content=\"1 minute\" \/>\n<script type=\"application\/ld+json\" class=\"yoast-schema-graph\">{\"@context\":\"https:\/\/schema.org\",\"@graph\":[{\"@type\":\"WebPage\",\"@id\":\"https:\/\/htiscientific.vn\/san-pham\/tu-tru-block-khoi-nen-b103\/\",\"url\":\"https:\/\/htiscientific.vn\/san-pham\/tu-tru-block-khoi-nen-b103\/\",\"name\":\"T\u1ee7 tr\u1eeb block kh\u1ed1i n\u1ebfn B103 - HTI Scientific\",\"isPartOf\":{\"@id\":\"https:\/\/htiscientific.vn\/#website\"},\"primaryImageOfPage\":{\"@id\":\"https:\/\/htiscientific.vn\/san-pham\/tu-tru-block-khoi-nen-b103\/#primaryimage\"},\"image\":{\"@id\":\"https:\/\/htiscientific.vn\/san-pham\/tu-tru-block-khoi-nen-b103\/#primaryimage\"},\"thumbnailUrl\":\"https:\/\/htiscientific.vn\/wp-content\/uploads\/2025\/07\/88.jpg\",\"datePublished\":\"2025-07-10T03:49:21+00:00\",\"description\":\"T\u1ee7 l\u01b0u tr\u1eef kh\u1ed1i paraffin B103 b\u1ea3o qu\u1ea3n c\u00f3 t\u1ed5 ch\u1ee9c v\u00e0 an to\u00e0n c\u00e1c m\u1eabu m\u00f4 \u0111\u00fac trong paraffin, t\u1ed1i \u01b0u kh\u1ea3 n\u0103ng truy xu\u1ea5t, h\u1ed7 tr\u1ee3 quy tr\u00ecnh l\u00e0m vi\u1ec7c nhanh ch\u00f3ng\",\"breadcrumb\":{\"@id\":\"https:\/\/htiscientific.vn\/san-pham\/tu-tru-block-khoi-nen-b103\/#breadcrumb\"},\"inLanguage\":\"en-US\",\"potentialAction\":[{\"@type\":\"ReadAction\",\"target\":[\"https:\/\/htiscientific.vn\/san-pham\/tu-tru-block-khoi-nen-b103\/\"]}]},{\"@type\":\"ImageObject\",\"inLanguage\":\"en-US\",\"@id\":\"https:\/\/htiscientific.vn\/san-pham\/tu-tru-block-khoi-nen-b103\/#primaryimage\",\"url\":\"https:\/\/htiscientific.vn\/wp-content\/uploads\/2025\/07\/88.jpg\",\"contentUrl\":\"https:\/\/htiscientific.vn\/wp-content\/uploads\/2025\/07\/88.jpg\",\"width\":1000,\"height\":1000,\"caption\":\"B103\"},{\"@type\":\"BreadcrumbList\",\"@id\":\"https:\/\/htiscientific.vn\/san-pham\/tu-tru-block-khoi-nen-b103\/#breadcrumb\",\"itemListElement\":[{\"@type\":\"ListItem\",\"position\":1,\"name\":\"Trang ch\u1ee7\",\"item\":\"https:\/\/htiscientific.vn\/\"},{\"@type\":\"ListItem\",\"position\":2,\"name\":\"C\u1eeda h\u00e0ng\",\"item\":\"https:\/\/htiscientific.vn\/cua-hang\/\"},{\"@type\":\"ListItem\",\"position\":3,\"name\":\"Gi\u1ea3i ph\u1eabu b\u1ec7nh \/ Ph\u00e1p y\",\"item\":\"https:\/\/htiscientific.vn\/danh-muc-san-pham\/giai-phau-benh-phap-y\/\"},{\"@type\":\"ListItem\",\"position\":4,\"name\":\"M\u00e1y s\u1ea5y v\u00e0 l\u01b0u tr\u1eef lam k\u00ednh\",\"item\":\"https:\/\/htiscientific.vn\/danh-muc-san-pham\/giai-phau-benh-phap-y\/may-say-va-luu-tru-lam-kinh\/\"},{\"@type\":\"ListItem\",\"position\":5,\"name\":\"T\u1ee7 tr\u1eeb block kh\u1ed1i n\u1ebfn B103\"}]},{\"@type\":\"WebSite\",\"@id\":\"https:\/\/htiscientific.vn\/#website\",\"url\":\"https:\/\/htiscientific.vn\/\",\"name\":\"HTI Scientific\",\"description\":\"HTI Scientific\",\"publisher\":{\"@id\":\"https:\/\/htiscientific.vn\/#organization\"},\"potentialAction\":[{\"@type\":\"SearchAction\",\"target\":{\"@type\":\"EntryPoint\",\"urlTemplate\":\"https:\/\/htiscientific.vn\/?s={search_term_string}\"},\"query-input\":{\"@type\":\"PropertyValueSpecification\",\"valueRequired\":true,\"valueName\":\"search_term_string\"}}],\"inLanguage\":\"en-US\"},{\"@type\":\"Organization\",\"@id\":\"https:\/\/htiscientific.vn\/#organization\",\"name\":\"HTI Scientific\",\"alternateName\":\"HTI Scientific\",\"url\":\"https:\/\/htiscientific.vn\/\",\"logo\":{\"@type\":\"ImageObject\",\"inLanguage\":\"en-US\",\"@id\":\"https:\/\/htiscientific.vn\/#\/schema\/logo\/image\/\",\"url\":\"https:\/\/htiscientific.vn\/wp-content\/uploads\/2025\/03\/ava-hti-copy.jpg\",\"contentUrl\":\"https:\/\/htiscientific.vn\/wp-content\/uploads\/2025\/03\/ava-hti-copy.jpg\",\"width\":700,\"height\":450,\"caption\":\"HTI Scientific\"},\"image\":{\"@id\":\"https:\/\/htiscientific.vn\/#\/schema\/logo\/image\/\"},\"sameAs\":[\"https:\/\/www.facebook.com\/htiscientific.vn\"]}]}<\/script>\n<!-- \/ Yoast SEO plugin. -->","yoast_head_json":{"title":"T\u1ee7 tr\u1eeb block kh\u1ed1i n\u1ebfn B103 - HTI Scientific","description":"T\u1ee7 l\u01b0u tr\u1eef kh\u1ed1i paraffin B103 b\u1ea3o qu\u1ea3n c\u00f3 t\u1ed5 ch\u1ee9c v\u00e0 an to\u00e0n c\u00e1c m\u1eabu m\u00f4 \u0111\u00fac trong paraffin, t\u1ed1i \u01b0u kh\u1ea3 n\u0103ng truy xu\u1ea5t, h\u1ed7 tr\u1ee3 quy tr\u00ecnh l\u00e0m vi\u1ec7c nhanh ch\u00f3ng","robots":{"index":"index","follow":"follow","max-snippet":"max-snippet:-1","max-image-preview":"max-image-preview:large","max-video-preview":"max-video-preview:-1"},"canonical":"https:\/\/htiscientific.vn\/en\/product\/tu-tru-block-khoi-nen-b103\/","og_locale":"en_US","og_type":"article","og_title":"T\u1ee7 tr\u1eeb block kh\u1ed1i n\u1ebfn B103 - HTI Scientific","og_description":"T\u1ee7 l\u01b0u tr\u1eef kh\u1ed1i paraffin B103 b\u1ea3o qu\u1ea3n c\u00f3 t\u1ed5 ch\u1ee9c v\u00e0 an to\u00e0n c\u00e1c m\u1eabu m\u00f4 \u0111\u00fac trong paraffin, t\u1ed1i \u01b0u kh\u1ea3 n\u0103ng truy xu\u1ea5t, h\u1ed7 tr\u1ee3 quy tr\u00ecnh l\u00e0m vi\u1ec7c nhanh ch\u00f3ng","og_url":"https:\/\/htiscientific.vn\/en\/product\/tu-tru-block-khoi-nen-b103\/","og_site_name":"HTI Scientific","article_publisher":"https:\/\/www.facebook.com\/htiscientific.vn","og_image":[{"width":1000,"height":1000,"url":"https:\/\/htiscientific.vn\/wp-content\/uploads\/2025\/07\/88.jpg","type":"image\/jpeg"}],"twitter_card":"summary_large_image","twitter_misc":{"Est. reading time":"1 minute"},"schema":{"@context":"https:\/\/schema.org","@graph":[{"@type":"WebPage","@id":"https:\/\/htiscientific.vn\/san-pham\/tu-tru-block-khoi-nen-b103\/","url":"https:\/\/htiscientific.vn\/san-pham\/tu-tru-block-khoi-nen-b103\/","name":"T\u1ee7 tr\u1eeb block kh\u1ed1i n\u1ebfn B103 - HTI Scientific","isPartOf":{"@id":"https:\/\/htiscientific.vn\/#website"},"primaryImageOfPage":{"@id":"https:\/\/htiscientific.vn\/san-pham\/tu-tru-block-khoi-nen-b103\/#primaryimage"},"image":{"@id":"https:\/\/htiscientific.vn\/san-pham\/tu-tru-block-khoi-nen-b103\/#primaryimage"},"thumbnailUrl":"https:\/\/htiscientific.vn\/wp-content\/uploads\/2025\/07\/88.jpg","datePublished":"2025-07-10T03:49:21+00:00","description":"T\u1ee7 l\u01b0u tr\u1eef kh\u1ed1i paraffin B103 b\u1ea3o qu\u1ea3n c\u00f3 t\u1ed5 ch\u1ee9c v\u00e0 an to\u00e0n c\u00e1c m\u1eabu m\u00f4 \u0111\u00fac trong paraffin, t\u1ed1i \u01b0u kh\u1ea3 n\u0103ng truy xu\u1ea5t, h\u1ed7 tr\u1ee3 quy tr\u00ecnh l\u00e0m vi\u1ec7c nhanh ch\u00f3ng","breadcrumb":{"@id":"https:\/\/htiscientific.vn\/san-pham\/tu-tru-block-khoi-nen-b103\/#breadcrumb"},"inLanguage":"en-US","potentialAction":[{"@type":"ReadAction","target":["https:\/\/htiscientific.vn\/san-pham\/tu-tru-block-khoi-nen-b103\/"]}]},{"@type":"ImageObject","inLanguage":"en-US","@id":"https:\/\/htiscientific.vn\/san-pham\/tu-tru-block-khoi-nen-b103\/#primaryimage","url":"https:\/\/htiscientific.vn\/wp-content\/uploads\/2025\/07\/88.jpg","contentUrl":"https:\/\/htiscientific.vn\/wp-content\/uploads\/2025\/07\/88.jpg","width":1000,"height":1000,"caption":"B103"},{"@type":"BreadcrumbList","@id":"https:\/\/htiscientific.vn\/san-pham\/tu-tru-block-khoi-nen-b103\/#breadcrumb","itemListElement":[{"@type":"ListItem","position":1,"name":"Trang ch\u1ee7","item":"https:\/\/htiscientific.vn\/"},{"@type":"ListItem","position":2,"name":"C\u1eeda h\u00e0ng","item":"https:\/\/htiscientific.vn\/cua-hang\/"},{"@type":"ListItem","position":3,"name":"Gi\u1ea3i ph\u1eabu b\u1ec7nh \/ Ph\u00e1p y","item":"https:\/\/htiscientific.vn\/danh-muc-san-pham\/giai-phau-benh-phap-y\/"},{"@type":"ListItem","position":4,"name":"M\u00e1y s\u1ea5y v\u00e0 l\u01b0u tr\u1eef lam k\u00ednh","item":"https:\/\/htiscientific.vn\/danh-muc-san-pham\/giai-phau-benh-phap-y\/may-say-va-luu-tru-lam-kinh\/"},{"@type":"ListItem","position":5,"name":"T\u1ee7 tr\u1eeb block kh\u1ed1i n\u1ebfn B103"}]},{"@type":"WebSite","@id":"https:\/\/htiscientific.vn\/#website","url":"https:\/\/htiscientific.vn\/","name":"HTI Scientific","description":"HTI Scientific","publisher":{"@id":"https:\/\/htiscientific.vn\/#organization"},"potentialAction":[{"@type":"SearchAction","target":{"@type":"EntryPoint","urlTemplate":"https:\/\/htiscientific.vn\/?s={search_term_string}"},"query-input":{"@type":"PropertyValueSpecification","valueRequired":true,"valueName":"search_term_string"}}],"inLanguage":"en-US"},{"@type":"Organization","@id":"https:\/\/htiscientific.vn\/#organization","name":"HTI Scientific","alternateName":"HTI Scientific","url":"https:\/\/htiscientific.vn\/","logo":{"@type":"ImageObject","inLanguage":"en-US","@id":"https:\/\/htiscientific.vn\/#\/schema\/logo\/image\/","url":"https:\/\/htiscientific.vn\/wp-content\/uploads\/2025\/03\/ava-hti-copy.jpg","contentUrl":"https:\/\/htiscientific.vn\/wp-content\/uploads\/2025\/03\/ava-hti-copy.jpg","width":700,"height":450,"caption":"HTI Scientific"},"image":{"@id":"https:\/\/htiscientific.vn\/#\/schema\/logo\/image\/"},"sameAs":["https:\/\/www.facebook.com\/htiscientific.vn"]}]}},"_links":{"self":[{"href":"https:\/\/htiscientific.vn\/en\/wp-json\/wp\/v2\/product\/1968","targetHints":{"allow":["GET"]}}],"collection":[{"href":"https:\/\/htiscientific.vn\/en\/wp-json\/wp\/v2\/product"}],"about":[{"href":"https:\/\/htiscientific.vn\/en\/wp-json\/wp\/v2\/types\/product"}],"wp:featuredmedia":[{"embeddable":true,"href":"https:\/\/htiscientific.vn\/en\/wp-json\/wp\/v2\/media\/1969"}],"wp:attachment":[{"href":"https:\/\/htiscientific.vn\/en\/wp-json\/wp\/v2\/media?parent=1968"}],"wp:term":[{"taxonomy":"product_brand","embeddable":true,"href":"https:\/\/htiscientific.vn\/en\/wp-json\/wp\/v2\/product_brand?post=1968"},{"taxonomy":"product_cat","embeddable":true,"href":"https:\/\/htiscientific.vn\/en\/wp-json\/wp\/v2\/product_cat?post=1968"},{"taxonomy":"product_tag","embeddable":true,"href":"https:\/\/htiscientific.vn\/en\/wp-json\/wp\/v2\/product_tag?post=1968"}],"curies":[{"name":"wp","href":"https:\/\/api.w.org\/{rel}","templated":true}]}}