{"id":1963,"date":"2025-07-10T10:45:47","date_gmt":"2025-07-10T03:45:47","guid":{"rendered":"https:\/\/htiscientific.vn\/?post_type=product&#038;p=1963"},"modified":"2025-07-10T10:49:31","modified_gmt":"2025-07-10T03:49:31","slug":"tu-tru-lam-kinh-b101","status":"publish","type":"product","link":"https:\/\/htiscientific.vn\/en\/product\/tu-tru-lam-kinh-b101\/","title":{"rendered":"T\u1ee7 tr\u1eef lam k\u00ednh B101"},"content":{"rendered":"<p><span style=\"color: #000000;\">T\u1ee7 l\u01b0u tr\u1eef lam b\u1ec7nh l\u00fd B101 c\u1ee7a ch\u00fang t\u00f4i l\u00e0 gi\u1ea3i ph\u00e1p ho\u00e0n h\u1ea3o gi\u00fap s\u1eafp x\u1ebfp khoa h\u1ecdc v\u00e0 b\u1ea3o qu\u1ea3n an to\u00e0n c\u00e1c lam k\u00ednh. V\u1edbi thi\u1ebft k\u1ebf ch\u00ednh x\u00e1c, t\u1ee7 cung c\u1ea5p m\u00f4i tr\u01b0\u1eddng ki\u1ec3m so\u00e1t nh\u1eb1m b\u1ea3o v\u1ec7 m\u1eabu, t\u0103ng c\u01b0\u1eddng kh\u1ea3 n\u0103ng truy xu\u1ea5t, \u0111\u1ed3ng th\u1eddi \u0111\u1ea3m b\u1ea3o l\u01b0u tr\u1eef l\u00e2u d\u00e0i ph\u1ee5c v\u1ee5 ch\u1ea9n \u0111o\u00e1n ch\u00ednh x\u00e1c v\u00e0 nghi\u00ean c\u1ee9u chuy\u00ean s\u00e2u<\/span><\/p>\n<p><span style=\"color: #000000;\">TH\u00d4NG TIN S\u1ea2N PH\u1ea8M<\/span><\/p>\n<ul>\n<li><span style=\"color: #000000;\">Model: <a href=\"https:\/\/www.amos-scientific.com\/products\/b101-pathology-slide-storage-cabinet.html\">B101<\/a><\/span><\/li>\n<li><span style=\"color: #000000;\">H\u00e3ng s\u1ea3n xu\u1ea5t: <a href=\"https:\/\/htiscientific.vn\/en\/hang-san-xuat\/amos-scientific\/\">Amos Scientific PTY.LTD<\/a><\/span><\/li>\n<li><span style=\"color: #000000;\">Xu\u1ea5t x\u1ee9: \u00dac<\/span><\/li>\n<\/ul>\n<p><span style=\"color: #000000;\">Specifications<\/span><\/p>\n<ul>\n<li><span style=\"color: #000000;\">V\u1eadt li\u1ec7u v\u1ecf ngo\u00e0i, ng\u0103n k\u00e9o, \u0111\u1ebf t\u1ee7 b\u1eb1ng th\u00e9p 0,8mm<\/span><\/li>\n<li><span style=\"color: #000000;\">Gi\u00e1 \u0111\u1ee1 ng\u0103n k\u00e9p b\u1eb1ng ABS<\/span><\/li>\n<li><span style=\"color: #000000;\">S\u1ee9c ch\u1ee9a ti\u00eau chu\u1ea9n: kho\u1ea3ng 65.000 l\u00e0m k\u00ednh<\/span><\/li>\n<li><span style=\"color: #000000;\">K\u00edch th\u01b0\u1edbc t\u1ed5ng th\u1ec3 (cao x r\u1ed9ng x d\u00e0i): 1625 x 403 x 478 mm<\/span><\/li>\n<\/ul>","protected":false},"excerpt":{"rendered":"<p><span style=\"color: #000000;\">T\u1ee7 l\u01b0u tr\u1eef lam b\u1ec7nh l\u00fd B101 c\u1ee7a ch\u00fang t\u00f4i l\u00e0 gi\u1ea3i ph\u00e1p ho\u00e0n h\u1ea3o gi\u00fap s\u1eafp x\u1ebfp khoa h\u1ecdc v\u00e0 b\u1ea3o qu\u1ea3n an to\u00e0n c\u00e1c lam k\u00ednh. V\u1edbi thi\u1ebft k\u1ebf ch\u00ednh x\u00e1c, t\u1ee7 cung c\u1ea5p m\u00f4i tr\u01b0\u1eddng ki\u1ec3m so\u00e1t nh\u1eb1m b\u1ea3o v\u1ec7 m\u1eabu, t\u0103ng c\u01b0\u1eddng kh\u1ea3 n\u0103ng truy xu\u1ea5t, \u0111\u1ed3ng th\u1eddi \u0111\u1ea3m b\u1ea3o l\u01b0u tr\u1eef l\u00e2u d\u00e0i ph\u1ee5c v\u1ee5 ch\u1ea9n \u0111o\u00e1n ch\u00ednh x\u00e1c v\u00e0 nghi\u00ean c\u1ee9u chuy\u00ean s\u00e2u.<\/span><\/p>","protected":false},"featured_media":1965,"template":"","meta":{"inline_featured_image":false},"product_brand":[46],"product_cat":[72,75],"product_tag":[],"class_list":{"0":"post-1963","1":"product","2":"type-product","3":"status-publish","4":"has-post-thumbnail","6":"product_brand-amos-scientific","7":"product_cat-giai-phau-benh-phap-y","8":"product_cat-may-say-va-luu-tru-lam-kinh","10":"first","11":"instock","12":"shipping-taxable","13":"product-type-simple"},"yoast_head":"<!-- This site is optimized with the Yoast SEO plugin v24.7 - https:\/\/yoast.com\/wordpress\/plugins\/seo\/ -->\n<title>T\u1ee7 tr\u1eef lam k\u00ednh B101 - HTI Scientific<\/title>\n<meta name=\"description\" content=\"T\u1ee7 l\u01b0u tr\u1eef lam b\u1ec7nh l\u00fd B101 cung c\u1ea5p m\u00f4i tr\u01b0\u1eddng ki\u1ec3m so\u00e1t nh\u1eb1m b\u1ea3o v\u1ec7 m\u1eabu, t\u0103ng c\u01b0\u1eddng kh\u1ea3 n\u0103ng truy xu\u1ea5t, \u0111\u1ea3m b\u1ea3o l\u01b0u tr\u1eef l\u00e2u d\u00e0i ph\u1ee5c v\u1ee5 ch\u1ea9n \u0111o\u00e1n...\" \/>\n<meta name=\"robots\" content=\"index, follow, max-snippet:-1, max-image-preview:large, max-video-preview:-1\" \/>\n<link rel=\"canonical\" href=\"https:\/\/htiscientific.vn\/en\/product\/tu-tru-lam-kinh-b101\/\" \/>\n<meta property=\"og:locale\" content=\"en_US\" \/>\n<meta property=\"og:type\" content=\"article\" \/>\n<meta property=\"og:title\" content=\"T\u1ee7 tr\u1eef lam k\u00ednh B101 - HTI Scientific\" \/>\n<meta property=\"og:description\" content=\"T\u1ee7 l\u01b0u tr\u1eef lam b\u1ec7nh l\u00fd B101 cung c\u1ea5p m\u00f4i tr\u01b0\u1eddng ki\u1ec3m so\u00e1t nh\u1eb1m b\u1ea3o v\u1ec7 m\u1eabu, t\u0103ng c\u01b0\u1eddng kh\u1ea3 n\u0103ng truy xu\u1ea5t, \u0111\u1ea3m b\u1ea3o l\u01b0u tr\u1eef l\u00e2u d\u00e0i ph\u1ee5c v\u1ee5 ch\u1ea9n \u0111o\u00e1n...\" \/>\n<meta property=\"og:url\" content=\"https:\/\/htiscientific.vn\/en\/product\/tu-tru-lam-kinh-b101\/\" \/>\n<meta property=\"og:site_name\" content=\"HTI Scientific\" \/>\n<meta property=\"article:publisher\" content=\"https:\/\/www.facebook.com\/htiscientific.vn\" \/>\n<meta property=\"article:modified_time\" content=\"2025-07-10T03:49:31+00:00\" \/>\n<meta property=\"og:image\" content=\"https:\/\/htiscientific.vn\/wp-content\/uploads\/2025\/07\/86.jpg\" \/>\n\t<meta property=\"og:image:width\" content=\"1000\" \/>\n\t<meta property=\"og:image:height\" content=\"1000\" \/>\n\t<meta property=\"og:image:type\" content=\"image\/jpeg\" \/>\n<meta name=\"twitter:card\" content=\"summary_large_image\" \/>\n<meta name=\"twitter:label1\" content=\"Est. reading time\" \/>\n\t<meta name=\"twitter:data1\" content=\"1 minute\" \/>\n<script type=\"application\/ld+json\" class=\"yoast-schema-graph\">{\"@context\":\"https:\/\/schema.org\",\"@graph\":[{\"@type\":\"WebPage\",\"@id\":\"https:\/\/htiscientific.vn\/san-pham\/tu-tru-lam-kinh-b101\/\",\"url\":\"https:\/\/htiscientific.vn\/san-pham\/tu-tru-lam-kinh-b101\/\",\"name\":\"T\u1ee7 tr\u1eef lam k\u00ednh B101 - HTI Scientific\",\"isPartOf\":{\"@id\":\"https:\/\/htiscientific.vn\/#website\"},\"primaryImageOfPage\":{\"@id\":\"https:\/\/htiscientific.vn\/san-pham\/tu-tru-lam-kinh-b101\/#primaryimage\"},\"image\":{\"@id\":\"https:\/\/htiscientific.vn\/san-pham\/tu-tru-lam-kinh-b101\/#primaryimage\"},\"thumbnailUrl\":\"https:\/\/htiscientific.vn\/wp-content\/uploads\/2025\/07\/86.jpg\",\"datePublished\":\"2025-07-10T03:45:47+00:00\",\"dateModified\":\"2025-07-10T03:49:31+00:00\",\"description\":\"T\u1ee7 l\u01b0u tr\u1eef lam b\u1ec7nh l\u00fd B101 cung c\u1ea5p m\u00f4i tr\u01b0\u1eddng ki\u1ec3m so\u00e1t nh\u1eb1m b\u1ea3o v\u1ec7 m\u1eabu, t\u0103ng c\u01b0\u1eddng kh\u1ea3 n\u0103ng truy xu\u1ea5t, \u0111\u1ea3m b\u1ea3o l\u01b0u tr\u1eef l\u00e2u d\u00e0i ph\u1ee5c v\u1ee5 ch\u1ea9n \u0111o\u00e1n...\",\"breadcrumb\":{\"@id\":\"https:\/\/htiscientific.vn\/san-pham\/tu-tru-lam-kinh-b101\/#breadcrumb\"},\"inLanguage\":\"en-US\",\"potentialAction\":[{\"@type\":\"ReadAction\",\"target\":[\"https:\/\/htiscientific.vn\/san-pham\/tu-tru-lam-kinh-b101\/\"]}]},{\"@type\":\"ImageObject\",\"inLanguage\":\"en-US\",\"@id\":\"https:\/\/htiscientific.vn\/san-pham\/tu-tru-lam-kinh-b101\/#primaryimage\",\"url\":\"https:\/\/htiscientific.vn\/wp-content\/uploads\/2025\/07\/86.jpg\",\"contentUrl\":\"https:\/\/htiscientific.vn\/wp-content\/uploads\/2025\/07\/86.jpg\",\"width\":1000,\"height\":1000,\"caption\":\"B101\"},{\"@type\":\"BreadcrumbList\",\"@id\":\"https:\/\/htiscientific.vn\/san-pham\/tu-tru-lam-kinh-b101\/#breadcrumb\",\"itemListElement\":[{\"@type\":\"ListItem\",\"position\":1,\"name\":\"Trang ch\u1ee7\",\"item\":\"https:\/\/htiscientific.vn\/\"},{\"@type\":\"ListItem\",\"position\":2,\"name\":\"C\u1eeda h\u00e0ng\",\"item\":\"https:\/\/htiscientific.vn\/cua-hang\/\"},{\"@type\":\"ListItem\",\"position\":3,\"name\":\"Gi\u1ea3i ph\u1eabu b\u1ec7nh \/ Ph\u00e1p y\",\"item\":\"https:\/\/htiscientific.vn\/danh-muc-san-pham\/giai-phau-benh-phap-y\/\"},{\"@type\":\"ListItem\",\"position\":4,\"name\":\"T\u1ee7 tr\u1eef lam k\u00ednh B101\"}]},{\"@type\":\"WebSite\",\"@id\":\"https:\/\/htiscientific.vn\/#website\",\"url\":\"https:\/\/htiscientific.vn\/\",\"name\":\"HTI Scientific\",\"description\":\"HTI Scientific\",\"publisher\":{\"@id\":\"https:\/\/htiscientific.vn\/#organization\"},\"potentialAction\":[{\"@type\":\"SearchAction\",\"target\":{\"@type\":\"EntryPoint\",\"urlTemplate\":\"https:\/\/htiscientific.vn\/?s={search_term_string}\"},\"query-input\":{\"@type\":\"PropertyValueSpecification\",\"valueRequired\":true,\"valueName\":\"search_term_string\"}}],\"inLanguage\":\"en-US\"},{\"@type\":\"Organization\",\"@id\":\"https:\/\/htiscientific.vn\/#organization\",\"name\":\"HTI Scientific\",\"alternateName\":\"HTI Scientific\",\"url\":\"https:\/\/htiscientific.vn\/\",\"logo\":{\"@type\":\"ImageObject\",\"inLanguage\":\"en-US\",\"@id\":\"https:\/\/htiscientific.vn\/#\/schema\/logo\/image\/\",\"url\":\"https:\/\/htiscientific.vn\/wp-content\/uploads\/2025\/03\/ava-hti-copy.jpg\",\"contentUrl\":\"https:\/\/htiscientific.vn\/wp-content\/uploads\/2025\/03\/ava-hti-copy.jpg\",\"width\":700,\"height\":450,\"caption\":\"HTI Scientific\"},\"image\":{\"@id\":\"https:\/\/htiscientific.vn\/#\/schema\/logo\/image\/\"},\"sameAs\":[\"https:\/\/www.facebook.com\/htiscientific.vn\"]}]}<\/script>\n<!-- \/ Yoast SEO plugin. -->","yoast_head_json":{"title":"T\u1ee7 tr\u1eef lam k\u00ednh B101 - HTI Scientific","description":"T\u1ee7 l\u01b0u tr\u1eef lam b\u1ec7nh l\u00fd B101 cung c\u1ea5p m\u00f4i tr\u01b0\u1eddng ki\u1ec3m so\u00e1t nh\u1eb1m b\u1ea3o v\u1ec7 m\u1eabu, t\u0103ng c\u01b0\u1eddng kh\u1ea3 n\u0103ng truy xu\u1ea5t, \u0111\u1ea3m b\u1ea3o l\u01b0u tr\u1eef l\u00e2u d\u00e0i ph\u1ee5c v\u1ee5 ch\u1ea9n \u0111o\u00e1n...","robots":{"index":"index","follow":"follow","max-snippet":"max-snippet:-1","max-image-preview":"max-image-preview:large","max-video-preview":"max-video-preview:-1"},"canonical":"https:\/\/htiscientific.vn\/en\/product\/tu-tru-lam-kinh-b101\/","og_locale":"en_US","og_type":"article","og_title":"T\u1ee7 tr\u1eef lam k\u00ednh B101 - HTI Scientific","og_description":"T\u1ee7 l\u01b0u tr\u1eef lam b\u1ec7nh l\u00fd B101 cung c\u1ea5p m\u00f4i tr\u01b0\u1eddng ki\u1ec3m so\u00e1t nh\u1eb1m b\u1ea3o v\u1ec7 m\u1eabu, t\u0103ng c\u01b0\u1eddng kh\u1ea3 n\u0103ng truy xu\u1ea5t, \u0111\u1ea3m b\u1ea3o l\u01b0u tr\u1eef l\u00e2u d\u00e0i ph\u1ee5c v\u1ee5 ch\u1ea9n \u0111o\u00e1n...","og_url":"https:\/\/htiscientific.vn\/en\/product\/tu-tru-lam-kinh-b101\/","og_site_name":"HTI Scientific","article_publisher":"https:\/\/www.facebook.com\/htiscientific.vn","article_modified_time":"2025-07-10T03:49:31+00:00","og_image":[{"width":1000,"height":1000,"url":"https:\/\/htiscientific.vn\/wp-content\/uploads\/2025\/07\/86.jpg","type":"image\/jpeg"}],"twitter_card":"summary_large_image","twitter_misc":{"Est. reading time":"1 minute"},"schema":{"@context":"https:\/\/schema.org","@graph":[{"@type":"WebPage","@id":"https:\/\/htiscientific.vn\/san-pham\/tu-tru-lam-kinh-b101\/","url":"https:\/\/htiscientific.vn\/san-pham\/tu-tru-lam-kinh-b101\/","name":"T\u1ee7 tr\u1eef lam k\u00ednh B101 - HTI Scientific","isPartOf":{"@id":"https:\/\/htiscientific.vn\/#website"},"primaryImageOfPage":{"@id":"https:\/\/htiscientific.vn\/san-pham\/tu-tru-lam-kinh-b101\/#primaryimage"},"image":{"@id":"https:\/\/htiscientific.vn\/san-pham\/tu-tru-lam-kinh-b101\/#primaryimage"},"thumbnailUrl":"https:\/\/htiscientific.vn\/wp-content\/uploads\/2025\/07\/86.jpg","datePublished":"2025-07-10T03:45:47+00:00","dateModified":"2025-07-10T03:49:31+00:00","description":"T\u1ee7 l\u01b0u tr\u1eef lam b\u1ec7nh l\u00fd B101 cung c\u1ea5p m\u00f4i tr\u01b0\u1eddng ki\u1ec3m so\u00e1t nh\u1eb1m b\u1ea3o v\u1ec7 m\u1eabu, t\u0103ng c\u01b0\u1eddng kh\u1ea3 n\u0103ng truy xu\u1ea5t, \u0111\u1ea3m b\u1ea3o l\u01b0u tr\u1eef l\u00e2u d\u00e0i ph\u1ee5c v\u1ee5 ch\u1ea9n \u0111o\u00e1n...","breadcrumb":{"@id":"https:\/\/htiscientific.vn\/san-pham\/tu-tru-lam-kinh-b101\/#breadcrumb"},"inLanguage":"en-US","potentialAction":[{"@type":"ReadAction","target":["https:\/\/htiscientific.vn\/san-pham\/tu-tru-lam-kinh-b101\/"]}]},{"@type":"ImageObject","inLanguage":"en-US","@id":"https:\/\/htiscientific.vn\/san-pham\/tu-tru-lam-kinh-b101\/#primaryimage","url":"https:\/\/htiscientific.vn\/wp-content\/uploads\/2025\/07\/86.jpg","contentUrl":"https:\/\/htiscientific.vn\/wp-content\/uploads\/2025\/07\/86.jpg","width":1000,"height":1000,"caption":"B101"},{"@type":"BreadcrumbList","@id":"https:\/\/htiscientific.vn\/san-pham\/tu-tru-lam-kinh-b101\/#breadcrumb","itemListElement":[{"@type":"ListItem","position":1,"name":"Trang ch\u1ee7","item":"https:\/\/htiscientific.vn\/"},{"@type":"ListItem","position":2,"name":"C\u1eeda h\u00e0ng","item":"https:\/\/htiscientific.vn\/cua-hang\/"},{"@type":"ListItem","position":3,"name":"Gi\u1ea3i ph\u1eabu b\u1ec7nh \/ Ph\u00e1p y","item":"https:\/\/htiscientific.vn\/danh-muc-san-pham\/giai-phau-benh-phap-y\/"},{"@type":"ListItem","position":4,"name":"T\u1ee7 tr\u1eef lam k\u00ednh B101"}]},{"@type":"WebSite","@id":"https:\/\/htiscientific.vn\/#website","url":"https:\/\/htiscientific.vn\/","name":"HTI Scientific","description":"HTI Scientific","publisher":{"@id":"https:\/\/htiscientific.vn\/#organization"},"potentialAction":[{"@type":"SearchAction","target":{"@type":"EntryPoint","urlTemplate":"https:\/\/htiscientific.vn\/?s={search_term_string}"},"query-input":{"@type":"PropertyValueSpecification","valueRequired":true,"valueName":"search_term_string"}}],"inLanguage":"en-US"},{"@type":"Organization","@id":"https:\/\/htiscientific.vn\/#organization","name":"HTI Scientific","alternateName":"HTI Scientific","url":"https:\/\/htiscientific.vn\/","logo":{"@type":"ImageObject","inLanguage":"en-US","@id":"https:\/\/htiscientific.vn\/#\/schema\/logo\/image\/","url":"https:\/\/htiscientific.vn\/wp-content\/uploads\/2025\/03\/ava-hti-copy.jpg","contentUrl":"https:\/\/htiscientific.vn\/wp-content\/uploads\/2025\/03\/ava-hti-copy.jpg","width":700,"height":450,"caption":"HTI Scientific"},"image":{"@id":"https:\/\/htiscientific.vn\/#\/schema\/logo\/image\/"},"sameAs":["https:\/\/www.facebook.com\/htiscientific.vn"]}]}},"_links":{"self":[{"href":"https:\/\/htiscientific.vn\/en\/wp-json\/wp\/v2\/product\/1963","targetHints":{"allow":["GET"]}}],"collection":[{"href":"https:\/\/htiscientific.vn\/en\/wp-json\/wp\/v2\/product"}],"about":[{"href":"https:\/\/htiscientific.vn\/en\/wp-json\/wp\/v2\/types\/product"}],"wp:featuredmedia":[{"embeddable":true,"href":"https:\/\/htiscientific.vn\/en\/wp-json\/wp\/v2\/media\/1965"}],"wp:attachment":[{"href":"https:\/\/htiscientific.vn\/en\/wp-json\/wp\/v2\/media?parent=1963"}],"wp:term":[{"taxonomy":"product_brand","embeddable":true,"href":"https:\/\/htiscientific.vn\/en\/wp-json\/wp\/v2\/product_brand?post=1963"},{"taxonomy":"product_cat","embeddable":true,"href":"https:\/\/htiscientific.vn\/en\/wp-json\/wp\/v2\/product_cat?post=1963"},{"taxonomy":"product_tag","embeddable":true,"href":"https:\/\/htiscientific.vn\/en\/wp-json\/wp\/v2\/product_tag?post=1963"}],"curies":[{"name":"wp","href":"https:\/\/api.w.org\/{rel}","templated":true}]}}