{"id":1961,"date":"2025-07-10T10:41:40","date_gmt":"2025-07-10T03:41:40","guid":{"rendered":"https:\/\/htiscientific.vn\/?post_type=product&#038;p=1961"},"modified":"2025-07-10T10:49:39","modified_gmt":"2025-07-10T03:49:39","slug":"may-say-lam-kinh-tec-2602","status":"publish","type":"product","link":"https:\/\/htiscientific.vn\/en\/product\/may-say-lam-kinh-tec-2602\/","title":{"rendered":"M\u00e1y s\u1ea5y lam k\u00ednh TEC 2602"},"content":{"rendered":"<p><span style=\"color: #000000;\">Tr\u1ea3i nghi\u1ec7m hi\u1ec7u qu\u1ea3 s\u1ea5y lam v\u01b0\u1ee3t tr\u1ed9i v\u1edbi <a href=\"https:\/\/www.amos-scientific.com\/products\/tec2602-slide-dryer.html\">M\u00e1y s\u1ea5y lam b\u1ec7nh l\u00fd TEC 2602<\/a>, \u0111\u01b0\u1ee3c thi\u1ebft k\u1ebf d\u00e0nh ri\u00eang cho c\u00e1c ph\u00f2ng th\u00ed nghi\u1ec7m m\u00f4 h\u1ecdc. Thi\u1ebft b\u1ecb gi\u00fap \u0111\u1ea9y nhanh qu\u00e1 tr\u00ecnh s\u1ea5y kh\u00f4 m\u00e0 v\u1eabn \u0111\u1ea3m b\u1ea3o t\u00ednh to\u00e0n v\u1eb9n c\u1ee7a m\u1eabu, t\u1ed1i \u01b0u h\u00f3a quy tr\u00ecnh chu\u1ea9n b\u1ecb lam k\u00ednh cho ph\u00e2n t\u00edch b\u1ec7nh l\u00fd ch\u00ednh x\u00e1c v\u00e0 nghi\u00ean c\u1ee9u chuy\u00ean s\u00e2u.<\/span><\/p>\n<p><span style=\"color: #000000;\">TH\u00d4NG TIN S\u1ea2N PH\u1ea8M<\/span><\/p>\n<ul>\n<li><span style=\"color: #000000;\">Model: TEC 2602<\/span><\/li>\n<li><span style=\"color: #000000;\">H\u00e3ng s\u1ea3n xu\u1ea5t: <a href=\"https:\/\/htiscientific.vn\/en\/hang-san-xuat\/amos-scientific\/\">Amos Scientific PTY.LTD<\/a><\/span><\/li>\n<li><span style=\"color: #000000;\">Xu\u1ea5t x\u1ee9: \u00dac<\/span><\/li>\n<\/ul>\n<p><span style=\"color: #000000;\">Specifications<\/span><\/p>\n<ul>\n<li><span style=\"color: #000000;\">Nhi\u1ec7t \u0111\u1ed9 c\u00f3 th\u1ec3 \u0111i\u1ec1u ch\u1ec9nh theo nhu c\u1ea7u c\u1ee7a ng\u01b0\u1eddi d\u00f9ng.<\/span><\/li>\n<li><span style=\"color: #000000;\">D\u1ea3i nhi\u1ec7t \u0111\u1ed9: m\u00f4i tr\u01b0\u1eddng t\u1edbi 90<sup>o<\/sup>C, \u0111\u1ed9 ch\u00ednh x\u00e1c nhi\u1ec7t \u0111\u1ed9 \u00b1 1<sup>o<\/sup>C<\/span><\/li>\n<li><span style=\"color: #000000;\">M\u00e0n h\u00ecnh hi\u1ec3n th\u1ecb tr\u1ef1c quan, d\u1ec5 s\u1eed d\u1ee5ng v\u00e0 v\u1eadn h\u00e0nh \u0111\u00e1ng tin c\u1eady.<\/span><\/li>\n<li><span style=\"color: #000000;\">Thi\u1ebft b\u1ecb \u0111\u1ed9c l\u1eadp, c\u00f3 th\u1ec3 \u0111\u1eb7t g\u1ea7n m\u00e1y vi ph\u1eabu \u0111\u1ec3 thu\u1eadn ti\u1ec7n thao t\u00e1c.<\/span><\/li>\n<li><span style=\"color: #000000;\">Ph\u00f9 h\u1ee3p v\u1edbi m\u1ecdi ph\u00f2ng th\u00ed nghi\u1ec7m.<\/span><\/li>\n<\/ul>","protected":false},"excerpt":{"rendered":"<p><span style=\"color: #000000;\">Tr\u1ea3i nghi\u1ec7m hi\u1ec7u qu\u1ea3 s\u1ea5y lam v\u01b0\u1ee3t tr\u1ed9i v\u1edbi M\u00e1y s\u1ea5y lam b\u1ec7nh l\u00fd TEC 2602, \u0111\u01b0\u1ee3c thi\u1ebft k\u1ebf d\u00e0nh ri\u00eang cho c\u00e1c ph\u00f2ng th\u00ed nghi\u1ec7m m\u00f4 h\u1ecdc. Thi\u1ebft b\u1ecb gi\u00fap \u0111\u1ea9y nhanh qu\u00e1 tr\u00ecnh s\u1ea5y kh\u00f4 m\u00e0 v\u1eabn \u0111\u1ea3m b\u1ea3o t\u00ednh to\u00e0n v\u1eb9n c\u1ee7a m\u1eabu, t\u1ed1i \u01b0u h\u00f3a quy tr\u00ecnh chu\u1ea9n b\u1ecb lam k\u00ednh cho ph\u00e2n t\u00edch b\u1ec7nh l\u00fd ch\u00ednh x\u00e1c v\u00e0 nghi\u00ean c\u1ee9u chuy\u00ean s\u00e2u.<\/span><\/p>","protected":false},"featured_media":1962,"template":"","meta":{"inline_featured_image":false},"product_brand":[46],"product_cat":[72,75],"product_tag":[],"class_list":{"0":"post-1961","1":"product","2":"type-product","3":"status-publish","4":"has-post-thumbnail","6":"product_brand-amos-scientific","7":"product_cat-giai-phau-benh-phap-y","8":"product_cat-may-say-va-luu-tru-lam-kinh","10":"first","11":"instock","12":"shipping-taxable","13":"product-type-simple"},"yoast_head":"<!-- This site is optimized with the Yoast SEO plugin v24.7 - https:\/\/yoast.com\/wordpress\/plugins\/seo\/ -->\n<title>M\u00e1y s\u1ea5y lam k\u00ednh TEC 2602 - HTI Scientific<\/title>\n<meta name=\"description\" content=\"M\u00e1y s\u1ea5y lam k\u00ednh TEC 2602 \u0111\u1ea9y nhanh qu\u00e1 tr\u00ecnh s\u1ea5y kh\u00f4 m\u00e0 v\u1eabn \u0111\u1ea3m b\u1ea3o t\u00ednh to\u00e0n v\u1eb9n c\u1ee7a m\u1eabu, t\u1ed1i \u01b0u h\u00f3a quy tr\u00ecnh chu\u1ea9n b\u1ecb lam k\u00ednh cho ph\u00e2n t\u00edch b\u1ec7nh l\u00fd...\" \/>\n<meta name=\"robots\" content=\"index, follow, max-snippet:-1, max-image-preview:large, max-video-preview:-1\" \/>\n<link rel=\"canonical\" href=\"https:\/\/htiscientific.vn\/en\/product\/may-say-lam-kinh-tec-2602\/\" \/>\n<meta property=\"og:locale\" content=\"en_US\" \/>\n<meta property=\"og:type\" content=\"article\" \/>\n<meta property=\"og:title\" content=\"M\u00e1y s\u1ea5y lam k\u00ednh TEC 2602 - HTI Scientific\" \/>\n<meta property=\"og:description\" content=\"M\u00e1y s\u1ea5y lam k\u00ednh TEC 2602 \u0111\u1ea9y nhanh qu\u00e1 tr\u00ecnh s\u1ea5y kh\u00f4 m\u00e0 v\u1eabn \u0111\u1ea3m b\u1ea3o t\u00ednh to\u00e0n v\u1eb9n c\u1ee7a m\u1eabu, t\u1ed1i \u01b0u h\u00f3a quy tr\u00ecnh chu\u1ea9n b\u1ecb lam k\u00ednh cho ph\u00e2n t\u00edch b\u1ec7nh l\u00fd...\" \/>\n<meta property=\"og:url\" content=\"https:\/\/htiscientific.vn\/en\/product\/may-say-lam-kinh-tec-2602\/\" \/>\n<meta property=\"og:site_name\" content=\"HTI Scientific\" \/>\n<meta property=\"article:publisher\" content=\"https:\/\/www.facebook.com\/htiscientific.vn\" \/>\n<meta property=\"article:modified_time\" content=\"2025-07-10T03:49:39+00:00\" \/>\n<meta property=\"og:image\" content=\"https:\/\/htiscientific.vn\/wp-content\/uploads\/2025\/07\/84.jpg\" \/>\n\t<meta property=\"og:image:width\" content=\"1000\" \/>\n\t<meta property=\"og:image:height\" content=\"1000\" \/>\n\t<meta property=\"og:image:type\" content=\"image\/jpeg\" \/>\n<meta name=\"twitter:card\" content=\"summary_large_image\" \/>\n<meta name=\"twitter:label1\" content=\"Est. reading time\" \/>\n\t<meta name=\"twitter:data1\" content=\"2 minutes\" \/>\n<script type=\"application\/ld+json\" class=\"yoast-schema-graph\">{\"@context\":\"https:\/\/schema.org\",\"@graph\":[{\"@type\":\"WebPage\",\"@id\":\"https:\/\/htiscientific.vn\/san-pham\/may-say-lam-kinh-tec-2602\/\",\"url\":\"https:\/\/htiscientific.vn\/san-pham\/may-say-lam-kinh-tec-2602\/\",\"name\":\"M\u00e1y s\u1ea5y lam k\u00ednh TEC 2602 - HTI Scientific\",\"isPartOf\":{\"@id\":\"https:\/\/htiscientific.vn\/#website\"},\"primaryImageOfPage\":{\"@id\":\"https:\/\/htiscientific.vn\/san-pham\/may-say-lam-kinh-tec-2602\/#primaryimage\"},\"image\":{\"@id\":\"https:\/\/htiscientific.vn\/san-pham\/may-say-lam-kinh-tec-2602\/#primaryimage\"},\"thumbnailUrl\":\"https:\/\/htiscientific.vn\/wp-content\/uploads\/2025\/07\/84.jpg\",\"datePublished\":\"2025-07-10T03:41:40+00:00\",\"dateModified\":\"2025-07-10T03:49:39+00:00\",\"description\":\"M\u00e1y s\u1ea5y lam k\u00ednh TEC 2602 \u0111\u1ea9y nhanh qu\u00e1 tr\u00ecnh s\u1ea5y kh\u00f4 m\u00e0 v\u1eabn \u0111\u1ea3m b\u1ea3o t\u00ednh to\u00e0n v\u1eb9n c\u1ee7a m\u1eabu, t\u1ed1i \u01b0u h\u00f3a quy tr\u00ecnh chu\u1ea9n b\u1ecb lam k\u00ednh cho ph\u00e2n t\u00edch b\u1ec7nh l\u00fd...\",\"breadcrumb\":{\"@id\":\"https:\/\/htiscientific.vn\/san-pham\/may-say-lam-kinh-tec-2602\/#breadcrumb\"},\"inLanguage\":\"en-US\",\"potentialAction\":[{\"@type\":\"ReadAction\",\"target\":[\"https:\/\/htiscientific.vn\/san-pham\/may-say-lam-kinh-tec-2602\/\"]}]},{\"@type\":\"ImageObject\",\"inLanguage\":\"en-US\",\"@id\":\"https:\/\/htiscientific.vn\/san-pham\/may-say-lam-kinh-tec-2602\/#primaryimage\",\"url\":\"https:\/\/htiscientific.vn\/wp-content\/uploads\/2025\/07\/84.jpg\",\"contentUrl\":\"https:\/\/htiscientific.vn\/wp-content\/uploads\/2025\/07\/84.jpg\",\"width\":1000,\"height\":1000,\"caption\":\"TEC-2602\"},{\"@type\":\"BreadcrumbList\",\"@id\":\"https:\/\/htiscientific.vn\/san-pham\/may-say-lam-kinh-tec-2602\/#breadcrumb\",\"itemListElement\":[{\"@type\":\"ListItem\",\"position\":1,\"name\":\"Trang ch\u1ee7\",\"item\":\"https:\/\/htiscientific.vn\/\"},{\"@type\":\"ListItem\",\"position\":2,\"name\":\"C\u1eeda h\u00e0ng\",\"item\":\"https:\/\/htiscientific.vn\/cua-hang\/\"},{\"@type\":\"ListItem\",\"position\":3,\"name\":\"Gi\u1ea3i ph\u1eabu b\u1ec7nh \/ Ph\u00e1p y\",\"item\":\"https:\/\/htiscientific.vn\/danh-muc-san-pham\/giai-phau-benh-phap-y\/\"},{\"@type\":\"ListItem\",\"position\":4,\"name\":\"M\u00e1y s\u1ea5y v\u00e0 l\u01b0u tr\u1eef lam k\u00ednh\",\"item\":\"https:\/\/htiscientific.vn\/danh-muc-san-pham\/giai-phau-benh-phap-y\/may-say-va-luu-tru-lam-kinh\/\"},{\"@type\":\"ListItem\",\"position\":5,\"name\":\"M\u00e1y s\u1ea5y lam k\u00ednh TEC 2602\"}]},{\"@type\":\"WebSite\",\"@id\":\"https:\/\/htiscientific.vn\/#website\",\"url\":\"https:\/\/htiscientific.vn\/\",\"name\":\"HTI Scientific\",\"description\":\"HTI Scientific\",\"publisher\":{\"@id\":\"https:\/\/htiscientific.vn\/#organization\"},\"potentialAction\":[{\"@type\":\"SearchAction\",\"target\":{\"@type\":\"EntryPoint\",\"urlTemplate\":\"https:\/\/htiscientific.vn\/?s={search_term_string}\"},\"query-input\":{\"@type\":\"PropertyValueSpecification\",\"valueRequired\":true,\"valueName\":\"search_term_string\"}}],\"inLanguage\":\"en-US\"},{\"@type\":\"Organization\",\"@id\":\"https:\/\/htiscientific.vn\/#organization\",\"name\":\"HTI Scientific\",\"alternateName\":\"HTI Scientific\",\"url\":\"https:\/\/htiscientific.vn\/\",\"logo\":{\"@type\":\"ImageObject\",\"inLanguage\":\"en-US\",\"@id\":\"https:\/\/htiscientific.vn\/#\/schema\/logo\/image\/\",\"url\":\"https:\/\/htiscientific.vn\/wp-content\/uploads\/2025\/03\/ava-hti-copy.jpg\",\"contentUrl\":\"https:\/\/htiscientific.vn\/wp-content\/uploads\/2025\/03\/ava-hti-copy.jpg\",\"width\":700,\"height\":450,\"caption\":\"HTI Scientific\"},\"image\":{\"@id\":\"https:\/\/htiscientific.vn\/#\/schema\/logo\/image\/\"},\"sameAs\":[\"https:\/\/www.facebook.com\/htiscientific.vn\"]}]}<\/script>\n<!-- \/ Yoast SEO plugin. -->","yoast_head_json":{"title":"M\u00e1y s\u1ea5y lam k\u00ednh TEC 2602 - HTI Scientific","description":"M\u00e1y s\u1ea5y lam k\u00ednh TEC 2602 \u0111\u1ea9y nhanh qu\u00e1 tr\u00ecnh s\u1ea5y kh\u00f4 m\u00e0 v\u1eabn \u0111\u1ea3m b\u1ea3o t\u00ednh to\u00e0n v\u1eb9n c\u1ee7a m\u1eabu, t\u1ed1i \u01b0u h\u00f3a quy tr\u00ecnh chu\u1ea9n b\u1ecb lam k\u00ednh cho ph\u00e2n t\u00edch b\u1ec7nh l\u00fd...","robots":{"index":"index","follow":"follow","max-snippet":"max-snippet:-1","max-image-preview":"max-image-preview:large","max-video-preview":"max-video-preview:-1"},"canonical":"https:\/\/htiscientific.vn\/en\/product\/may-say-lam-kinh-tec-2602\/","og_locale":"en_US","og_type":"article","og_title":"M\u00e1y s\u1ea5y lam k\u00ednh TEC 2602 - HTI Scientific","og_description":"M\u00e1y s\u1ea5y lam k\u00ednh TEC 2602 \u0111\u1ea9y nhanh qu\u00e1 tr\u00ecnh s\u1ea5y kh\u00f4 m\u00e0 v\u1eabn \u0111\u1ea3m b\u1ea3o t\u00ednh to\u00e0n v\u1eb9n c\u1ee7a m\u1eabu, t\u1ed1i \u01b0u h\u00f3a quy tr\u00ecnh chu\u1ea9n b\u1ecb lam k\u00ednh cho ph\u00e2n t\u00edch b\u1ec7nh l\u00fd...","og_url":"https:\/\/htiscientific.vn\/en\/product\/may-say-lam-kinh-tec-2602\/","og_site_name":"HTI Scientific","article_publisher":"https:\/\/www.facebook.com\/htiscientific.vn","article_modified_time":"2025-07-10T03:49:39+00:00","og_image":[{"width":1000,"height":1000,"url":"https:\/\/htiscientific.vn\/wp-content\/uploads\/2025\/07\/84.jpg","type":"image\/jpeg"}],"twitter_card":"summary_large_image","twitter_misc":{"Est. reading time":"2 minutes"},"schema":{"@context":"https:\/\/schema.org","@graph":[{"@type":"WebPage","@id":"https:\/\/htiscientific.vn\/san-pham\/may-say-lam-kinh-tec-2602\/","url":"https:\/\/htiscientific.vn\/san-pham\/may-say-lam-kinh-tec-2602\/","name":"M\u00e1y s\u1ea5y lam k\u00ednh TEC 2602 - HTI Scientific","isPartOf":{"@id":"https:\/\/htiscientific.vn\/#website"},"primaryImageOfPage":{"@id":"https:\/\/htiscientific.vn\/san-pham\/may-say-lam-kinh-tec-2602\/#primaryimage"},"image":{"@id":"https:\/\/htiscientific.vn\/san-pham\/may-say-lam-kinh-tec-2602\/#primaryimage"},"thumbnailUrl":"https:\/\/htiscientific.vn\/wp-content\/uploads\/2025\/07\/84.jpg","datePublished":"2025-07-10T03:41:40+00:00","dateModified":"2025-07-10T03:49:39+00:00","description":"M\u00e1y s\u1ea5y lam k\u00ednh TEC 2602 \u0111\u1ea9y nhanh qu\u00e1 tr\u00ecnh s\u1ea5y kh\u00f4 m\u00e0 v\u1eabn \u0111\u1ea3m b\u1ea3o t\u00ednh to\u00e0n v\u1eb9n c\u1ee7a m\u1eabu, t\u1ed1i \u01b0u h\u00f3a quy tr\u00ecnh chu\u1ea9n b\u1ecb lam k\u00ednh cho ph\u00e2n t\u00edch b\u1ec7nh l\u00fd...","breadcrumb":{"@id":"https:\/\/htiscientific.vn\/san-pham\/may-say-lam-kinh-tec-2602\/#breadcrumb"},"inLanguage":"en-US","potentialAction":[{"@type":"ReadAction","target":["https:\/\/htiscientific.vn\/san-pham\/may-say-lam-kinh-tec-2602\/"]}]},{"@type":"ImageObject","inLanguage":"en-US","@id":"https:\/\/htiscientific.vn\/san-pham\/may-say-lam-kinh-tec-2602\/#primaryimage","url":"https:\/\/htiscientific.vn\/wp-content\/uploads\/2025\/07\/84.jpg","contentUrl":"https:\/\/htiscientific.vn\/wp-content\/uploads\/2025\/07\/84.jpg","width":1000,"height":1000,"caption":"TEC-2602"},{"@type":"BreadcrumbList","@id":"https:\/\/htiscientific.vn\/san-pham\/may-say-lam-kinh-tec-2602\/#breadcrumb","itemListElement":[{"@type":"ListItem","position":1,"name":"Trang ch\u1ee7","item":"https:\/\/htiscientific.vn\/"},{"@type":"ListItem","position":2,"name":"C\u1eeda h\u00e0ng","item":"https:\/\/htiscientific.vn\/cua-hang\/"},{"@type":"ListItem","position":3,"name":"Gi\u1ea3i ph\u1eabu b\u1ec7nh \/ Ph\u00e1p y","item":"https:\/\/htiscientific.vn\/danh-muc-san-pham\/giai-phau-benh-phap-y\/"},{"@type":"ListItem","position":4,"name":"M\u00e1y s\u1ea5y v\u00e0 l\u01b0u tr\u1eef lam k\u00ednh","item":"https:\/\/htiscientific.vn\/danh-muc-san-pham\/giai-phau-benh-phap-y\/may-say-va-luu-tru-lam-kinh\/"},{"@type":"ListItem","position":5,"name":"M\u00e1y s\u1ea5y lam k\u00ednh TEC 2602"}]},{"@type":"WebSite","@id":"https:\/\/htiscientific.vn\/#website","url":"https:\/\/htiscientific.vn\/","name":"HTI Scientific","description":"HTI Scientific","publisher":{"@id":"https:\/\/htiscientific.vn\/#organization"},"potentialAction":[{"@type":"SearchAction","target":{"@type":"EntryPoint","urlTemplate":"https:\/\/htiscientific.vn\/?s={search_term_string}"},"query-input":{"@type":"PropertyValueSpecification","valueRequired":true,"valueName":"search_term_string"}}],"inLanguage":"en-US"},{"@type":"Organization","@id":"https:\/\/htiscientific.vn\/#organization","name":"HTI Scientific","alternateName":"HTI Scientific","url":"https:\/\/htiscientific.vn\/","logo":{"@type":"ImageObject","inLanguage":"en-US","@id":"https:\/\/htiscientific.vn\/#\/schema\/logo\/image\/","url":"https:\/\/htiscientific.vn\/wp-content\/uploads\/2025\/03\/ava-hti-copy.jpg","contentUrl":"https:\/\/htiscientific.vn\/wp-content\/uploads\/2025\/03\/ava-hti-copy.jpg","width":700,"height":450,"caption":"HTI Scientific"},"image":{"@id":"https:\/\/htiscientific.vn\/#\/schema\/logo\/image\/"},"sameAs":["https:\/\/www.facebook.com\/htiscientific.vn"]}]}},"_links":{"self":[{"href":"https:\/\/htiscientific.vn\/en\/wp-json\/wp\/v2\/product\/1961","targetHints":{"allow":["GET"]}}],"collection":[{"href":"https:\/\/htiscientific.vn\/en\/wp-json\/wp\/v2\/product"}],"about":[{"href":"https:\/\/htiscientific.vn\/en\/wp-json\/wp\/v2\/types\/product"}],"wp:featuredmedia":[{"embeddable":true,"href":"https:\/\/htiscientific.vn\/en\/wp-json\/wp\/v2\/media\/1962"}],"wp:attachment":[{"href":"https:\/\/htiscientific.vn\/en\/wp-json\/wp\/v2\/media?parent=1961"}],"wp:term":[{"taxonomy":"product_brand","embeddable":true,"href":"https:\/\/htiscientific.vn\/en\/wp-json\/wp\/v2\/product_brand?post=1961"},{"taxonomy":"product_cat","embeddable":true,"href":"https:\/\/htiscientific.vn\/en\/wp-json\/wp\/v2\/product_cat?post=1961"},{"taxonomy":"product_tag","embeddable":true,"href":"https:\/\/htiscientific.vn\/en\/wp-json\/wp\/v2\/product_tag?post=1961"}],"curies":[{"name":"wp","href":"https:\/\/api.w.org\/{rel}","templated":true}]}}